{"id":39678,"date":"2020-03-31T11:30:02","date_gmt":"2020-03-31T11:30:02","guid":{"rendered":"https:\/\/www.urlaubcornwall.de\/blog\/?page_id=39678"},"modified":"2020-03-31T11:30:02","modified_gmt":"2020-03-31T11:30:02","slug":"exmouth-urlaub-in-devon-und-suedwestengland","status":"publish","type":"page","link":"https:\/\/www.urlaubcornwall.de\/blog\/exmouth-urlaub-in-devon-und-suedwestengland\/","title":{"rendered":"Exmouth &#8211; Urlaub in Devon und S\u00fcdwestengland"},"content":{"rendered":"<p><img loading=\"lazy\" class=\"aligncenter size-full wp-image-29455\" src=\"https:\/\/www.urlaubcornwall.de\/blog\/wp-content\/uploads\/2017\/09\/Lympstone-Manor-Exmouth.jpg\" alt=\"exmouth urlaub\" width=\"748\" height=\"399\" srcset=\"https:\/\/www.urlaubcornwall.de\/blog\/wp-content\/uploads\/2017\/09\/Lympstone-Manor-Exmouth.jpg 746w, https:\/\/www.urlaubcornwall.de\/blog\/wp-content\/uploads\/2017\/09\/Lympstone-Manor-Exmouth-300x160.jpg 300w\" sizes=\"(max-width: 748px) 100vw, 748px\" \/><\/p>\n<p>Lediglich zehn Meilen flussabw\u00e4rts von <a href=\"https:\/\/www.urlaubcornwall.de\/blog\/exeter-urlaub-in-devon-und-suedwestengland\/\">Exeter<\/a> entfernt, befindet sich Exmouth an der Stelle, wo der Fluss Exe aufs Meer trifft. Bekannt f\u00fcr seine zwei Meilen an Sand ist Exmouth ein beliebter Familienurlaubsort. In der Gegend gibt es einige fantastische Wanderm\u00f6glichkeiten in jede Himmelsrichtung.<\/p>\n<p style=\"text-align: center;\"><a class=\"tidycta\" href=\"https:\/\/www.urlaubcornwall.de\/ferienhaeuser-fewos\/eng\/sued-devon\/exmouth.html\">Ferienh\u00e4user in Exmouth<\/a><\/p>\n<p>Bei uns finden Sie Ferienh\u00e4user zum Verlieben &#8211; so einfach ist das!  W\u00e4hlen Sie aus \u00fcber 1000 pers\u00f6nlich inspizierten Ferienh\u00e4usern, Cottages &#038; Ferienwohnungen in <a href=\"https:\/\/www.urlaubcornwall.de\/ferienhaeuser\/suedwesten-englands.php\">Devon und S\u00fcdwestengland<\/a>.<\/p>\n","protected":false},"excerpt":{"rendered":"<p>Lediglich zehn Meilen flussabw\u00e4rts von Exeter entfernt, befindet sich Exmouth an der Stelle, wo der Fluss Exe aufs Meer trifft. Bekannt f\u00fcr seine zwei Meilen an Sand ist Exmouth ein beliebter Familienurlaubsort. In der Gegend gibt es einige fantastische Wanderm\u00f6glichkeiten in jede Himmelsrichtung. Ferienh\u00e4user in Exmouth Bei uns finden Sie Ferienh\u00e4user zum Verlieben &#8211; so [&hellip;]<\/p>\n","protected":false},"author":1,"featured_media":0,"parent":0,"menu_order":0,"comment_status":"closed","ping_status":"closed","template":"single-four.php","meta":[],"acf":[],"yoast_head":"<!-- This site is optimized with the Yoast SEO plugin v19.4 - https:\/\/yoast.com\/wordpress\/plugins\/seo\/ -->\n<title>Exmouth - Urlaub in Devon und S\u00fcdwestengland - Urlaub &amp; Reisen<\/title>\n<meta name=\"robots\" content=\"index, follow, max-snippet:-1, max-image-preview:large, max-video-preview:-1\" \/>\n<link rel=\"canonical\" href=\"https:\/\/www.urlaubcornwall.de\/blog\/exmouth-urlaub-in-devon-und-suedwestengland\/\" \/>\n<meta property=\"og:locale\" content=\"en_US\" \/>\n<meta property=\"og:type\" content=\"article\" \/>\n<meta property=\"og:title\" content=\"Exmouth - Urlaub in Devon und S\u00fcdwestengland - Urlaub &amp; Reisen\" \/>\n<meta property=\"og:description\" content=\"Lediglich zehn Meilen flussabw\u00e4rts von Exeter entfernt, befindet sich Exmouth an der Stelle, wo der Fluss Exe aufs Meer trifft. Bekannt f\u00fcr seine zwei Meilen an Sand ist Exmouth ein beliebter Familienurlaubsort. In der Gegend gibt es einige fantastische Wanderm\u00f6glichkeiten in jede Himmelsrichtung. Ferienh\u00e4user in Exmouth Bei uns finden Sie Ferienh\u00e4user zum Verlieben &#8211; so [&hellip;]\" \/>\n<meta property=\"og:url\" content=\"https:\/\/www.urlaubcornwall.de\/blog\/exmouth-urlaub-in-devon-und-suedwestengland\/\" \/>\n<meta property=\"og:site_name\" content=\"Urlaub &amp; Reisen\" \/>\n<meta property=\"og:image\" content=\"https:\/\/www.urlaubcornwall.de\/blog\/wp-content\/uploads\/2017\/09\/Lympstone-Manor-Exmouth.jpg\" \/>\n<meta name=\"twitter:card\" content=\"summary\" \/>\n<script type=\"application\/ld+json\" class=\"yoast-schema-graph\">{\"@context\":\"https:\/\/schema.org\",\"@graph\":[{\"@type\":\"WebSite\",\"@id\":\"https:\/\/www.urlaubcornwall.de\/blog\/#website\",\"url\":\"https:\/\/www.urlaubcornwall.de\/blog\/\",\"name\":\"Urlaub &amp; Reisen\",\"description\":\"Urlaub, Reisen, Cornwall und S\u00fcdengland: eine perfekte Kombination\",\"potentialAction\":[{\"@type\":\"SearchAction\",\"target\":{\"@type\":\"EntryPoint\",\"urlTemplate\":\"https:\/\/www.urlaubcornwall.de\/blog\/?s={search_term_string}\"},\"query-input\":\"required name=search_term_string\"}],\"inLanguage\":\"en-US\"},{\"@type\":\"WebPage\",\"@id\":\"https:\/\/www.urlaubcornwall.de\/blog\/exmouth-urlaub-in-devon-und-suedwestengland\/\",\"url\":\"https:\/\/www.urlaubcornwall.de\/blog\/exmouth-urlaub-in-devon-und-suedwestengland\/\",\"name\":\"Exmouth - Urlaub in Devon und S\u00fcdwestengland - Urlaub &amp; Reisen\",\"isPartOf\":{\"@id\":\"https:\/\/www.urlaubcornwall.de\/blog\/#website\"},\"datePublished\":\"2020-03-31T11:30:02+00:00\",\"dateModified\":\"2020-03-31T11:30:02+00:00\",\"breadcrumb\":{\"@id\":\"https:\/\/www.urlaubcornwall.de\/blog\/exmouth-urlaub-in-devon-und-suedwestengland\/#breadcrumb\"},\"inLanguage\":\"en-US\",\"potentialAction\":[{\"@type\":\"ReadAction\",\"target\":[\"https:\/\/www.urlaubcornwall.de\/blog\/exmouth-urlaub-in-devon-und-suedwestengland\/\"]}]},{\"@type\":\"BreadcrumbList\",\"@id\":\"https:\/\/www.urlaubcornwall.de\/blog\/exmouth-urlaub-in-devon-und-suedwestengland\/#breadcrumb\",\"itemListElement\":[{\"@type\":\"ListItem\",\"position\":1,\"name\":\"Home\",\"item\":\"https:\/\/www.urlaubcornwall.de\/blog\/\"},{\"@type\":\"ListItem\",\"position\":2,\"name\":\"Exmouth &#8211; Urlaub in Devon und S\u00fcdwestengland\"}]}]}<\/script>\n<!-- \/ Yoast SEO plugin. -->","yoast_head_json":{"title":"Exmouth - Urlaub in Devon und S\u00fcdwestengland - Urlaub &amp; Reisen","robots":{"index":"index","follow":"follow","max-snippet":"max-snippet:-1","max-image-preview":"max-image-preview:large","max-video-preview":"max-video-preview:-1"},"canonical":"https:\/\/www.urlaubcornwall.de\/blog\/exmouth-urlaub-in-devon-und-suedwestengland\/","og_locale":"en_US","og_type":"article","og_title":"Exmouth - Urlaub in Devon und S\u00fcdwestengland - Urlaub &amp; Reisen","og_description":"Lediglich zehn Meilen flussabw\u00e4rts von Exeter entfernt, befindet sich Exmouth an der Stelle, wo der Fluss Exe aufs Meer trifft. Bekannt f\u00fcr seine zwei Meilen an Sand ist Exmouth ein beliebter Familienurlaubsort. In der Gegend gibt es einige fantastische Wanderm\u00f6glichkeiten in jede Himmelsrichtung. Ferienh\u00e4user in Exmouth Bei uns finden Sie Ferienh\u00e4user zum Verlieben &#8211; so [&hellip;]","og_url":"https:\/\/www.urlaubcornwall.de\/blog\/exmouth-urlaub-in-devon-und-suedwestengland\/","og_site_name":"Urlaub &amp; Reisen","og_image":[{"url":"https:\/\/www.urlaubcornwall.de\/blog\/wp-content\/uploads\/2017\/09\/Lympstone-Manor-Exmouth.jpg"}],"twitter_card":"summary","schema":{"@context":"https:\/\/schema.org","@graph":[{"@type":"WebSite","@id":"https:\/\/www.urlaubcornwall.de\/blog\/#website","url":"https:\/\/www.urlaubcornwall.de\/blog\/","name":"Urlaub &amp; Reisen","description":"Urlaub, Reisen, Cornwall und S\u00fcdengland: eine perfekte Kombination","potentialAction":[{"@type":"SearchAction","target":{"@type":"EntryPoint","urlTemplate":"https:\/\/www.urlaubcornwall.de\/blog\/?s={search_term_string}"},"query-input":"required name=search_term_string"}],"inLanguage":"en-US"},{"@type":"WebPage","@id":"https:\/\/www.urlaubcornwall.de\/blog\/exmouth-urlaub-in-devon-und-suedwestengland\/","url":"https:\/\/www.urlaubcornwall.de\/blog\/exmouth-urlaub-in-devon-und-suedwestengland\/","name":"Exmouth - Urlaub in Devon und S\u00fcdwestengland - Urlaub &amp; Reisen","isPartOf":{"@id":"https:\/\/www.urlaubcornwall.de\/blog\/#website"},"datePublished":"2020-03-31T11:30:02+00:00","dateModified":"2020-03-31T11:30:02+00:00","breadcrumb":{"@id":"https:\/\/www.urlaubcornwall.de\/blog\/exmouth-urlaub-in-devon-und-suedwestengland\/#breadcrumb"},"inLanguage":"en-US","potentialAction":[{"@type":"ReadAction","target":["https:\/\/www.urlaubcornwall.de\/blog\/exmouth-urlaub-in-devon-und-suedwestengland\/"]}]},{"@type":"BreadcrumbList","@id":"https:\/\/www.urlaubcornwall.de\/blog\/exmouth-urlaub-in-devon-und-suedwestengland\/#breadcrumb","itemListElement":[{"@type":"ListItem","position":1,"name":"Home","item":"https:\/\/www.urlaubcornwall.de\/blog\/"},{"@type":"ListItem","position":2,"name":"Exmouth &#8211; Urlaub in Devon und S\u00fcdwestengland"}]}]}},"_links":{"self":[{"href":"https:\/\/www.urlaubcornwall.de\/blog\/wp-json\/wp\/v2\/pages\/39678"}],"collection":[{"href":"https:\/\/www.urlaubcornwall.de\/blog\/wp-json\/wp\/v2\/pages"}],"about":[{"href":"https:\/\/www.urlaubcornwall.de\/blog\/wp-json\/wp\/v2\/types\/page"}],"author":[{"embeddable":true,"href":"https:\/\/www.urlaubcornwall.de\/blog\/wp-json\/wp\/v2\/users\/1"}],"replies":[{"embeddable":true,"href":"https:\/\/www.urlaubcornwall.de\/blog\/wp-json\/wp\/v2\/comments?post=39678"}],"version-history":[{"count":1,"href":"https:\/\/www.urlaubcornwall.de\/blog\/wp-json\/wp\/v2\/pages\/39678\/revisions"}],"predecessor-version":[{"id":39679,"href":"https:\/\/www.urlaubcornwall.de\/blog\/wp-json\/wp\/v2\/pages\/39678\/revisions\/39679"}],"wp:attachment":[{"href":"https:\/\/www.urlaubcornwall.de\/blog\/wp-json\/wp\/v2\/media?parent=39678"}],"curies":[{"name":"wp","href":"https:\/\/api.w.org\/{rel}","templated":true}]}}