{"id":39674,"date":"2020-03-31T11:12:47","date_gmt":"2020-03-31T11:12:47","guid":{"rendered":"https:\/\/www.urlaubcornwall.de\/blog\/?page_id=39674"},"modified":"2024-05-27T23:20:34","modified_gmt":"2024-05-27T23:20:34","slug":"dunster-urlaub-in-devon","status":"publish","type":"page","link":"https:\/\/www.urlaubcornwall.de\/blog\/dunster-urlaub-in-devon\/","title":{"rendered":"Dunster &#8211; Urlaub in Devon und S\u00fcdwestengland"},"content":{"rendered":"<p><a href=\"https:\/\/www.urlaubcornwall.de\/blog\/wp-content\/uploads\/2024\/05\/dunster.jpg\"><img loading=\"lazy\" src=\"https:\/\/www.urlaubcornwall.de\/blog\/wp-content\/uploads\/2024\/05\/dunster.jpg\" alt=\"dunster\" width=\"750\" height=\"465\" class=\"alignnone size-full wp-image-50301\" srcset=\"https:\/\/www.urlaubcornwall.de\/blog\/wp-content\/uploads\/2024\/05\/dunster.jpg 750w, https:\/\/www.urlaubcornwall.de\/blog\/wp-content\/uploads\/2024\/05\/dunster-300x186.jpg 300w\" sizes=\"(max-width: 750px) 100vw, 750px\" \/><\/a><\/p>\n<p>In spektakul\u00e4rer Lage auf dem <a href=\"https:\/\/www.urlaubcornwall.de\/ferienhaeuser-fewos\/eng\/nord-devon\/exmoor-national-park.html\">Exmoor<\/a>, umgeben von unber\u00fchrter, rauer Sch\u00f6nheit, ist Dunster ein mittelalterliches Dorf, das gr\u00f6\u00dftenteils vom unbarmherzigen Lauf der Zeit verschont geblieben ist. Die Stra\u00dfen sind umrahmt von ungew\u00f6hnlichen Boutique-Gesch\u00e4ften, traditionellen Kneipen und h\u00fcbschen Teeh\u00e4usern, und die Romantik, die die Burg Dunster ausstrahlt, wird jedermann entz\u00fccken.<\/p>\n<p style=\"text-align: center;\"><a class=\"tidycta\" href=\"https:\/\/www.urlaubcornwall.de\/ferienhaeuser-fewos\/eng\/somerset\/dunster.html\">Ferienh\u00e4user in Dunster<\/a><\/p>\n<p>Bei uns finden Sie Ferienh\u00e4user zum Verlieben &#8211; so einfach ist das!  W\u00e4hlen Sie aus \u00fcber 1000 pers\u00f6nlich inspizierten Ferienh\u00e4usern, Cottages &#038; Ferienwohnungen in <a href=\"https:\/\/www.urlaubcornwall.de\/ferienhaeuser\/suedwesten-englands.php\">Devon und S\u00fcdwestengland<\/a>.<\/p>\n","protected":false},"excerpt":{"rendered":"<p>In spektakul\u00e4rer Lage auf dem Exmoor, umgeben von unber\u00fchrter, rauer Sch\u00f6nheit, ist Dunster ein mittelalterliches Dorf, das gr\u00f6\u00dftenteils vom unbarmherzigen Lauf der Zeit verschont geblieben ist. Die Stra\u00dfen sind umrahmt von ungew\u00f6hnlichen Boutique-Gesch\u00e4ften, traditionellen Kneipen und h\u00fcbschen Teeh\u00e4usern, und die Romantik, die die Burg Dunster ausstrahlt, wird jedermann entz\u00fccken. Ferienh\u00e4user in Dunster Bei uns finden [&hellip;]<\/p>\n","protected":false},"author":1,"featured_media":0,"parent":0,"menu_order":0,"comment_status":"closed","ping_status":"closed","template":"single-four.php","meta":[],"acf":[],"yoast_head":"<!-- This site is optimized with the Yoast SEO plugin v19.4 - https:\/\/yoast.com\/wordpress\/plugins\/seo\/ -->\n<title>Dunster - Urlaub in Devon und S\u00fcdwestengland - Urlaub &amp; Reisen<\/title>\n<meta name=\"description\" content=\"In spektakul\u00e4rer Lage auf dem Exmoor, umgeben von unber\u00fchrter, rauer Sch\u00f6nheit, ist Dunster ein mittelalterliches Dorf, das gr\u00f6\u00dftenteils vom unbarmherzigen Lauf der Zeit verschont geblieben ist. Die Stra\u00dfen sind umrahmt von ungew\u00f6hnlichen Boutique-Gesch\u00e4ften, traditionellen Kneipen und h\u00fcbschen Teeh\u00e4usern, und die Romantik, die die Burg Dunster ausstrahlt, wird jedermann entz\u00fccken.\" \/>\n<meta name=\"robots\" content=\"index, follow, max-snippet:-1, max-image-preview:large, max-video-preview:-1\" \/>\n<link rel=\"canonical\" href=\"https:\/\/www.urlaubcornwall.de\/blog\/dunster-urlaub-in-devon\/\" \/>\n<meta property=\"og:locale\" content=\"en_US\" \/>\n<meta property=\"og:type\" content=\"article\" \/>\n<meta property=\"og:title\" content=\"Dunster - Urlaub in Devon und S\u00fcdwestengland - Urlaub &amp; Reisen\" \/>\n<meta property=\"og:description\" content=\"In spektakul\u00e4rer Lage auf dem Exmoor, umgeben von unber\u00fchrter, rauer Sch\u00f6nheit, ist Dunster ein mittelalterliches Dorf, das gr\u00f6\u00dftenteils vom unbarmherzigen Lauf der Zeit verschont geblieben ist. Die Stra\u00dfen sind umrahmt von ungew\u00f6hnlichen Boutique-Gesch\u00e4ften, traditionellen Kneipen und h\u00fcbschen Teeh\u00e4usern, und die Romantik, die die Burg Dunster ausstrahlt, wird jedermann entz\u00fccken.\" \/>\n<meta property=\"og:url\" content=\"https:\/\/www.urlaubcornwall.de\/blog\/dunster-urlaub-in-devon\/\" \/>\n<meta property=\"og:site_name\" content=\"Urlaub &amp; Reisen\" \/>\n<meta property=\"article:modified_time\" content=\"2024-05-27T23:20:34+00:00\" \/>\n<meta property=\"og:image\" content=\"https:\/\/www.urlaubcornwall.de\/blog\/wp-content\/uploads\/2024\/05\/dunster.jpg\" \/>\n<meta name=\"twitter:card\" content=\"summary\" \/>\n<meta name=\"twitter:label1\" content=\"Est. reading time\" \/>\n\t<meta name=\"twitter:data1\" content=\"1 minute\" \/>\n<script type=\"application\/ld+json\" class=\"yoast-schema-graph\">{\"@context\":\"https:\/\/schema.org\",\"@graph\":[{\"@type\":\"WebSite\",\"@id\":\"https:\/\/www.urlaubcornwall.de\/blog\/#website\",\"url\":\"https:\/\/www.urlaubcornwall.de\/blog\/\",\"name\":\"Urlaub &amp; Reisen\",\"description\":\"Urlaub, Reisen, Cornwall und S\u00fcdengland: eine perfekte Kombination\",\"potentialAction\":[{\"@type\":\"SearchAction\",\"target\":{\"@type\":\"EntryPoint\",\"urlTemplate\":\"https:\/\/www.urlaubcornwall.de\/blog\/?s={search_term_string}\"},\"query-input\":\"required name=search_term_string\"}],\"inLanguage\":\"en-US\"},{\"@type\":\"WebPage\",\"@id\":\"https:\/\/www.urlaubcornwall.de\/blog\/dunster-urlaub-in-devon\/\",\"url\":\"https:\/\/www.urlaubcornwall.de\/blog\/dunster-urlaub-in-devon\/\",\"name\":\"Dunster - Urlaub in Devon und S\u00fcdwestengland - Urlaub &amp; Reisen\",\"isPartOf\":{\"@id\":\"https:\/\/www.urlaubcornwall.de\/blog\/#website\"},\"datePublished\":\"2020-03-31T11:12:47+00:00\",\"dateModified\":\"2024-05-27T23:20:34+00:00\",\"description\":\"In spektakul\u00e4rer Lage auf dem Exmoor, umgeben von unber\u00fchrter, rauer Sch\u00f6nheit, ist Dunster ein mittelalterliches Dorf, das gr\u00f6\u00dftenteils vom unbarmherzigen Lauf der Zeit verschont geblieben ist. Die Stra\u00dfen sind umrahmt von ungew\u00f6hnlichen Boutique-Gesch\u00e4ften, traditionellen Kneipen und h\u00fcbschen Teeh\u00e4usern, und die Romantik, die die Burg Dunster ausstrahlt, wird jedermann entz\u00fccken.\",\"breadcrumb\":{\"@id\":\"https:\/\/www.urlaubcornwall.de\/blog\/dunster-urlaub-in-devon\/#breadcrumb\"},\"inLanguage\":\"en-US\",\"potentialAction\":[{\"@type\":\"ReadAction\",\"target\":[\"https:\/\/www.urlaubcornwall.de\/blog\/dunster-urlaub-in-devon\/\"]}]},{\"@type\":\"BreadcrumbList\",\"@id\":\"https:\/\/www.urlaubcornwall.de\/blog\/dunster-urlaub-in-devon\/#breadcrumb\",\"itemListElement\":[{\"@type\":\"ListItem\",\"position\":1,\"name\":\"Home\",\"item\":\"https:\/\/www.urlaubcornwall.de\/blog\/\"},{\"@type\":\"ListItem\",\"position\":2,\"name\":\"Dunster &#8211; Urlaub in Devon und S\u00fcdwestengland\"}]}]}<\/script>\n<!-- \/ Yoast SEO plugin. -->","yoast_head_json":{"title":"Dunster - Urlaub in Devon und S\u00fcdwestengland - Urlaub &amp; Reisen","description":"In spektakul\u00e4rer Lage auf dem Exmoor, umgeben von unber\u00fchrter, rauer Sch\u00f6nheit, ist Dunster ein mittelalterliches Dorf, das gr\u00f6\u00dftenteils vom unbarmherzigen Lauf der Zeit verschont geblieben ist. Die Stra\u00dfen sind umrahmt von ungew\u00f6hnlichen Boutique-Gesch\u00e4ften, traditionellen Kneipen und h\u00fcbschen Teeh\u00e4usern, und die Romantik, die die Burg Dunster ausstrahlt, wird jedermann entz\u00fccken.","robots":{"index":"index","follow":"follow","max-snippet":"max-snippet:-1","max-image-preview":"max-image-preview:large","max-video-preview":"max-video-preview:-1"},"canonical":"https:\/\/www.urlaubcornwall.de\/blog\/dunster-urlaub-in-devon\/","og_locale":"en_US","og_type":"article","og_title":"Dunster - Urlaub in Devon und S\u00fcdwestengland - Urlaub &amp; Reisen","og_description":"In spektakul\u00e4rer Lage auf dem Exmoor, umgeben von unber\u00fchrter, rauer Sch\u00f6nheit, ist Dunster ein mittelalterliches Dorf, das gr\u00f6\u00dftenteils vom unbarmherzigen Lauf der Zeit verschont geblieben ist. Die Stra\u00dfen sind umrahmt von ungew\u00f6hnlichen Boutique-Gesch\u00e4ften, traditionellen Kneipen und h\u00fcbschen Teeh\u00e4usern, und die Romantik, die die Burg Dunster ausstrahlt, wird jedermann entz\u00fccken.","og_url":"https:\/\/www.urlaubcornwall.de\/blog\/dunster-urlaub-in-devon\/","og_site_name":"Urlaub &amp; Reisen","article_modified_time":"2024-05-27T23:20:34+00:00","og_image":[{"url":"https:\/\/www.urlaubcornwall.de\/blog\/wp-content\/uploads\/2024\/05\/dunster.jpg"}],"twitter_card":"summary","twitter_misc":{"Est. reading time":"1 minute"},"schema":{"@context":"https:\/\/schema.org","@graph":[{"@type":"WebSite","@id":"https:\/\/www.urlaubcornwall.de\/blog\/#website","url":"https:\/\/www.urlaubcornwall.de\/blog\/","name":"Urlaub &amp; Reisen","description":"Urlaub, Reisen, Cornwall und S\u00fcdengland: eine perfekte Kombination","potentialAction":[{"@type":"SearchAction","target":{"@type":"EntryPoint","urlTemplate":"https:\/\/www.urlaubcornwall.de\/blog\/?s={search_term_string}"},"query-input":"required name=search_term_string"}],"inLanguage":"en-US"},{"@type":"WebPage","@id":"https:\/\/www.urlaubcornwall.de\/blog\/dunster-urlaub-in-devon\/","url":"https:\/\/www.urlaubcornwall.de\/blog\/dunster-urlaub-in-devon\/","name":"Dunster - Urlaub in Devon und S\u00fcdwestengland - Urlaub &amp; Reisen","isPartOf":{"@id":"https:\/\/www.urlaubcornwall.de\/blog\/#website"},"datePublished":"2020-03-31T11:12:47+00:00","dateModified":"2024-05-27T23:20:34+00:00","description":"In spektakul\u00e4rer Lage auf dem Exmoor, umgeben von unber\u00fchrter, rauer Sch\u00f6nheit, ist Dunster ein mittelalterliches Dorf, das gr\u00f6\u00dftenteils vom unbarmherzigen Lauf der Zeit verschont geblieben ist. Die Stra\u00dfen sind umrahmt von ungew\u00f6hnlichen Boutique-Gesch\u00e4ften, traditionellen Kneipen und h\u00fcbschen Teeh\u00e4usern, und die Romantik, die die Burg Dunster ausstrahlt, wird jedermann entz\u00fccken.","breadcrumb":{"@id":"https:\/\/www.urlaubcornwall.de\/blog\/dunster-urlaub-in-devon\/#breadcrumb"},"inLanguage":"en-US","potentialAction":[{"@type":"ReadAction","target":["https:\/\/www.urlaubcornwall.de\/blog\/dunster-urlaub-in-devon\/"]}]},{"@type":"BreadcrumbList","@id":"https:\/\/www.urlaubcornwall.de\/blog\/dunster-urlaub-in-devon\/#breadcrumb","itemListElement":[{"@type":"ListItem","position":1,"name":"Home","item":"https:\/\/www.urlaubcornwall.de\/blog\/"},{"@type":"ListItem","position":2,"name":"Dunster &#8211; Urlaub in Devon und S\u00fcdwestengland"}]}]}},"_links":{"self":[{"href":"https:\/\/www.urlaubcornwall.de\/blog\/wp-json\/wp\/v2\/pages\/39674"}],"collection":[{"href":"https:\/\/www.urlaubcornwall.de\/blog\/wp-json\/wp\/v2\/pages"}],"about":[{"href":"https:\/\/www.urlaubcornwall.de\/blog\/wp-json\/wp\/v2\/types\/page"}],"author":[{"embeddable":true,"href":"https:\/\/www.urlaubcornwall.de\/blog\/wp-json\/wp\/v2\/users\/1"}],"replies":[{"embeddable":true,"href":"https:\/\/www.urlaubcornwall.de\/blog\/wp-json\/wp\/v2\/comments?post=39674"}],"version-history":[{"count":3,"href":"https:\/\/www.urlaubcornwall.de\/blog\/wp-json\/wp\/v2\/pages\/39674\/revisions"}],"predecessor-version":[{"id":50302,"href":"https:\/\/www.urlaubcornwall.de\/blog\/wp-json\/wp\/v2\/pages\/39674\/revisions\/50302"}],"wp:attachment":[{"href":"https:\/\/www.urlaubcornwall.de\/blog\/wp-json\/wp\/v2\/media?parent=39674"}],"curies":[{"name":"wp","href":"https:\/\/api.w.org\/{rel}","templated":true}]}}