{"id":39672,"date":"2020-03-31T10:52:38","date_gmt":"2020-03-31T10:52:38","guid":{"rendered":"https:\/\/www.urlaubcornwall.de\/blog\/?page_id=39672"},"modified":"2020-03-31T10:52:38","modified_gmt":"2020-03-31T10:52:38","slug":"dawlish-urlaub-in-sued-devon-am-meer","status":"publish","type":"page","link":"https:\/\/www.urlaubcornwall.de\/blog\/dawlish-urlaub-in-sued-devon-am-meer\/","title":{"rendered":"Dawlish &#8211; Urlaub in S\u00fcd Devon am Meer"},"content":{"rendered":"<p><img loading=\"lazy\" class=\"aligncenter size-full wp-image-31653\" src=\"https:\/\/www.urlaubcornwall.de\/blog\/wp-content\/uploads\/2017\/12\/ferienhaus-am-meer-shaldon.jpg\" alt=\"ferienhaus am meer dawlish\" width=\"749\" height=\"398\"\/><\/p>\n<p>Zu georgianischen und victorianischen Zeiten war Dawlish einst ein gesch\u00e4ftiger Urlaubsort und vermittelt heute ein ruhiges, entspannendes Gef\u00fchl. Elemente feiner zeitgen\u00f6ssischer Architektur tragen zu einer klassischen englischen Atmosph\u00e4re am Meer bei. The Lawn ist eine \u00f6ffentliche Parkanlage, die der Stadt ein wundersch\u00f6nes gr\u00fcnes Herz verleiht, durch das ein flacher Fluss verl\u00e4uft, der als Dawlish Water bekannt ist.<\/p>\n<p style=\"text-align: center;\"><a class=\"tidycta\" href=\"https:\/\/www.urlaubcornwall.de\/ferienhaeuser-fewos\/eng\/sued-devon\/dawlish.html\">Ferienh\u00e4user in Dawlish<\/a><\/p>\n<p>Bei uns finden Sie Ferienh\u00e4user zum Verlieben &#8211; so einfach ist das!  W\u00e4hlen Sie aus \u00fcber 1000 pers\u00f6nlich inspizierten Ferienh\u00e4usern, Cottages &#038; Ferienwohnungen in <a href=\"https:\/\/www.urlaubcornwall.de\/ferienhaeuser\/suedwesten-englands.php\">Devon und S\u00fcdwestengland<\/a>. <\/p>\n","protected":false},"excerpt":{"rendered":"<p>Zu georgianischen und victorianischen Zeiten war Dawlish einst ein gesch\u00e4ftiger Urlaubsort und vermittelt heute ein ruhiges, entspannendes Gef\u00fchl. Elemente feiner zeitgen\u00f6ssischer Architektur tragen zu einer klassischen englischen Atmosph\u00e4re am Meer bei. The Lawn ist eine \u00f6ffentliche Parkanlage, die der Stadt ein wundersch\u00f6nes gr\u00fcnes Herz verleiht, durch das ein flacher Fluss verl\u00e4uft, der als Dawlish Water [&hellip;]<\/p>\n","protected":false},"author":1,"featured_media":0,"parent":0,"menu_order":0,"comment_status":"closed","ping_status":"closed","template":"single-four.php","meta":[],"acf":[],"yoast_head":"<!-- This site is optimized with the Yoast SEO plugin v19.4 - https:\/\/yoast.com\/wordpress\/plugins\/seo\/ -->\n<title>Dawlish - Urlaub in S\u00fcd Devon am Meer - Urlaub &amp; Reisen<\/title>\n<meta name=\"description\" content=\"Zu georgianischen und victorianischen Zeiten war Dawlish einst ein gesch\u00e4ftiger Urlaubsort und vermittelt heute ein ruhiges, entspannendes Gef\u00fchl. Elemente feiner zeitgen\u00f6ssischer Architektur tragen zu einer klassischen englischen Atmosph\u00e4re am Meer bei. The Lawn ist eine \u00f6ffentliche Parkanlage, die der Stadt ein wundersch\u00f6nes gr\u00fcnes Herz verleiht, durch das ein flacher Fluss verl\u00e4uft, der als Dawlish Water bekannt ist.\" \/>\n<meta name=\"robots\" content=\"index, follow, max-snippet:-1, max-image-preview:large, max-video-preview:-1\" \/>\n<link rel=\"canonical\" href=\"https:\/\/www.urlaubcornwall.de\/blog\/dawlish-urlaub-in-sued-devon-am-meer\/\" \/>\n<meta property=\"og:locale\" content=\"en_US\" \/>\n<meta property=\"og:type\" content=\"article\" \/>\n<meta property=\"og:title\" content=\"Dawlish - Urlaub in S\u00fcd Devon am Meer - Urlaub &amp; Reisen\" \/>\n<meta property=\"og:description\" content=\"Zu georgianischen und victorianischen Zeiten war Dawlish einst ein gesch\u00e4ftiger Urlaubsort und vermittelt heute ein ruhiges, entspannendes Gef\u00fchl. Elemente feiner zeitgen\u00f6ssischer Architektur tragen zu einer klassischen englischen Atmosph\u00e4re am Meer bei. The Lawn ist eine \u00f6ffentliche Parkanlage, die der Stadt ein wundersch\u00f6nes gr\u00fcnes Herz verleiht, durch das ein flacher Fluss verl\u00e4uft, der als Dawlish Water bekannt ist.\" \/>\n<meta property=\"og:url\" content=\"https:\/\/www.urlaubcornwall.de\/blog\/dawlish-urlaub-in-sued-devon-am-meer\/\" \/>\n<meta property=\"og:site_name\" content=\"Urlaub &amp; Reisen\" \/>\n<meta property=\"og:image\" content=\"https:\/\/www.urlaubcornwall.de\/blog\/wp-content\/uploads\/2017\/12\/ferienhaus-am-meer-shaldon.jpg\" \/>\n<meta name=\"twitter:card\" content=\"summary\" \/>\n<script type=\"application\/ld+json\" class=\"yoast-schema-graph\">{\"@context\":\"https:\/\/schema.org\",\"@graph\":[{\"@type\":\"WebSite\",\"@id\":\"https:\/\/www.urlaubcornwall.de\/blog\/#website\",\"url\":\"https:\/\/www.urlaubcornwall.de\/blog\/\",\"name\":\"Urlaub &amp; Reisen\",\"description\":\"Urlaub, Reisen, Cornwall und S\u00fcdengland: eine perfekte Kombination\",\"potentialAction\":[{\"@type\":\"SearchAction\",\"target\":{\"@type\":\"EntryPoint\",\"urlTemplate\":\"https:\/\/www.urlaubcornwall.de\/blog\/?s={search_term_string}\"},\"query-input\":\"required name=search_term_string\"}],\"inLanguage\":\"en-US\"},{\"@type\":\"WebPage\",\"@id\":\"https:\/\/www.urlaubcornwall.de\/blog\/dawlish-urlaub-in-sued-devon-am-meer\/\",\"url\":\"https:\/\/www.urlaubcornwall.de\/blog\/dawlish-urlaub-in-sued-devon-am-meer\/\",\"name\":\"Dawlish - Urlaub in S\u00fcd Devon am Meer - Urlaub &amp; Reisen\",\"isPartOf\":{\"@id\":\"https:\/\/www.urlaubcornwall.de\/blog\/#website\"},\"datePublished\":\"2020-03-31T10:52:38+00:00\",\"dateModified\":\"2020-03-31T10:52:38+00:00\",\"description\":\"Zu georgianischen und victorianischen Zeiten war Dawlish einst ein gesch\u00e4ftiger Urlaubsort und vermittelt heute ein ruhiges, entspannendes Gef\u00fchl. Elemente feiner zeitgen\u00f6ssischer Architektur tragen zu einer klassischen englischen Atmosph\u00e4re am Meer bei. The Lawn ist eine \u00f6ffentliche Parkanlage, die der Stadt ein wundersch\u00f6nes gr\u00fcnes Herz verleiht, durch das ein flacher Fluss verl\u00e4uft, der als Dawlish Water bekannt ist.\",\"breadcrumb\":{\"@id\":\"https:\/\/www.urlaubcornwall.de\/blog\/dawlish-urlaub-in-sued-devon-am-meer\/#breadcrumb\"},\"inLanguage\":\"en-US\",\"potentialAction\":[{\"@type\":\"ReadAction\",\"target\":[\"https:\/\/www.urlaubcornwall.de\/blog\/dawlish-urlaub-in-sued-devon-am-meer\/\"]}]},{\"@type\":\"BreadcrumbList\",\"@id\":\"https:\/\/www.urlaubcornwall.de\/blog\/dawlish-urlaub-in-sued-devon-am-meer\/#breadcrumb\",\"itemListElement\":[{\"@type\":\"ListItem\",\"position\":1,\"name\":\"Home\",\"item\":\"https:\/\/www.urlaubcornwall.de\/blog\/\"},{\"@type\":\"ListItem\",\"position\":2,\"name\":\"Dawlish &#8211; Urlaub in S\u00fcd Devon am Meer\"}]}]}<\/script>\n<!-- \/ Yoast SEO plugin. -->","yoast_head_json":{"title":"Dawlish - Urlaub in S\u00fcd Devon am Meer - Urlaub &amp; Reisen","description":"Zu georgianischen und victorianischen Zeiten war Dawlish einst ein gesch\u00e4ftiger Urlaubsort und vermittelt heute ein ruhiges, entspannendes Gef\u00fchl. Elemente feiner zeitgen\u00f6ssischer Architektur tragen zu einer klassischen englischen Atmosph\u00e4re am Meer bei. The Lawn ist eine \u00f6ffentliche Parkanlage, die der Stadt ein wundersch\u00f6nes gr\u00fcnes Herz verleiht, durch das ein flacher Fluss verl\u00e4uft, der als Dawlish Water bekannt ist.","robots":{"index":"index","follow":"follow","max-snippet":"max-snippet:-1","max-image-preview":"max-image-preview:large","max-video-preview":"max-video-preview:-1"},"canonical":"https:\/\/www.urlaubcornwall.de\/blog\/dawlish-urlaub-in-sued-devon-am-meer\/","og_locale":"en_US","og_type":"article","og_title":"Dawlish - Urlaub in S\u00fcd Devon am Meer - Urlaub &amp; Reisen","og_description":"Zu georgianischen und victorianischen Zeiten war Dawlish einst ein gesch\u00e4ftiger Urlaubsort und vermittelt heute ein ruhiges, entspannendes Gef\u00fchl. Elemente feiner zeitgen\u00f6ssischer Architektur tragen zu einer klassischen englischen Atmosph\u00e4re am Meer bei. The Lawn ist eine \u00f6ffentliche Parkanlage, die der Stadt ein wundersch\u00f6nes gr\u00fcnes Herz verleiht, durch das ein flacher Fluss verl\u00e4uft, der als Dawlish Water bekannt ist.","og_url":"https:\/\/www.urlaubcornwall.de\/blog\/dawlish-urlaub-in-sued-devon-am-meer\/","og_site_name":"Urlaub &amp; Reisen","og_image":[{"url":"https:\/\/www.urlaubcornwall.de\/blog\/wp-content\/uploads\/2017\/12\/ferienhaus-am-meer-shaldon.jpg"}],"twitter_card":"summary","schema":{"@context":"https:\/\/schema.org","@graph":[{"@type":"WebSite","@id":"https:\/\/www.urlaubcornwall.de\/blog\/#website","url":"https:\/\/www.urlaubcornwall.de\/blog\/","name":"Urlaub &amp; Reisen","description":"Urlaub, Reisen, Cornwall und S\u00fcdengland: eine perfekte Kombination","potentialAction":[{"@type":"SearchAction","target":{"@type":"EntryPoint","urlTemplate":"https:\/\/www.urlaubcornwall.de\/blog\/?s={search_term_string}"},"query-input":"required name=search_term_string"}],"inLanguage":"en-US"},{"@type":"WebPage","@id":"https:\/\/www.urlaubcornwall.de\/blog\/dawlish-urlaub-in-sued-devon-am-meer\/","url":"https:\/\/www.urlaubcornwall.de\/blog\/dawlish-urlaub-in-sued-devon-am-meer\/","name":"Dawlish - Urlaub in S\u00fcd Devon am Meer - Urlaub &amp; Reisen","isPartOf":{"@id":"https:\/\/www.urlaubcornwall.de\/blog\/#website"},"datePublished":"2020-03-31T10:52:38+00:00","dateModified":"2020-03-31T10:52:38+00:00","description":"Zu georgianischen und victorianischen Zeiten war Dawlish einst ein gesch\u00e4ftiger Urlaubsort und vermittelt heute ein ruhiges, entspannendes Gef\u00fchl. Elemente feiner zeitgen\u00f6ssischer Architektur tragen zu einer klassischen englischen Atmosph\u00e4re am Meer bei. The Lawn ist eine \u00f6ffentliche Parkanlage, die der Stadt ein wundersch\u00f6nes gr\u00fcnes Herz verleiht, durch das ein flacher Fluss verl\u00e4uft, der als Dawlish Water bekannt ist.","breadcrumb":{"@id":"https:\/\/www.urlaubcornwall.de\/blog\/dawlish-urlaub-in-sued-devon-am-meer\/#breadcrumb"},"inLanguage":"en-US","potentialAction":[{"@type":"ReadAction","target":["https:\/\/www.urlaubcornwall.de\/blog\/dawlish-urlaub-in-sued-devon-am-meer\/"]}]},{"@type":"BreadcrumbList","@id":"https:\/\/www.urlaubcornwall.de\/blog\/dawlish-urlaub-in-sued-devon-am-meer\/#breadcrumb","itemListElement":[{"@type":"ListItem","position":1,"name":"Home","item":"https:\/\/www.urlaubcornwall.de\/blog\/"},{"@type":"ListItem","position":2,"name":"Dawlish &#8211; Urlaub in S\u00fcd Devon am Meer"}]}]}},"_links":{"self":[{"href":"https:\/\/www.urlaubcornwall.de\/blog\/wp-json\/wp\/v2\/pages\/39672"}],"collection":[{"href":"https:\/\/www.urlaubcornwall.de\/blog\/wp-json\/wp\/v2\/pages"}],"about":[{"href":"https:\/\/www.urlaubcornwall.de\/blog\/wp-json\/wp\/v2\/types\/page"}],"author":[{"embeddable":true,"href":"https:\/\/www.urlaubcornwall.de\/blog\/wp-json\/wp\/v2\/users\/1"}],"replies":[{"embeddable":true,"href":"https:\/\/www.urlaubcornwall.de\/blog\/wp-json\/wp\/v2\/comments?post=39672"}],"version-history":[{"count":1,"href":"https:\/\/www.urlaubcornwall.de\/blog\/wp-json\/wp\/v2\/pages\/39672\/revisions"}],"predecessor-version":[{"id":39673,"href":"https:\/\/www.urlaubcornwall.de\/blog\/wp-json\/wp\/v2\/pages\/39672\/revisions\/39673"}],"wp:attachment":[{"href":"https:\/\/www.urlaubcornwall.de\/blog\/wp-json\/wp\/v2\/media?parent=39672"}],"curies":[{"name":"wp","href":"https:\/\/api.w.org\/{rel}","templated":true}]}}