{"id":39670,"date":"2020-03-31T10:46:09","date_gmt":"2020-03-31T10:46:09","guid":{"rendered":"https:\/\/www.urlaubcornwall.de\/blog\/?page_id=39670"},"modified":"2020-03-31T10:46:09","modified_gmt":"2020-03-31T10:46:09","slug":"dartmouth-urlaub-in-sued-devon-am-meer","status":"publish","type":"page","link":"https:\/\/www.urlaubcornwall.de\/blog\/dartmouth-urlaub-in-sued-devon-am-meer\/","title":{"rendered":"Dartmouth &#8211; Urlaub in S\u00fcd Devon am Meer"},"content":{"rendered":"<p><img loading=\"lazy\" class=\"aligncenter size-full wp-image-24499\" src=\"https:\/\/www.urlaubcornwall.de\/blog\/wp-content\/uploads\/2016\/06\/Dartmouth-hafen.jpg\" alt=\"Urlaub Dartmouth hafen \" width=\"748\" height=\"437\"\/><\/p>\n<p>Historisch betrachtet, war Dartmouth strategisch sehr wichtig, und dominiert vom Britannia Royal Naval College verf\u00fcgt es \u00fcber zwei Festungen, die die M\u00fcndung des Flusses Dart besch\u00fctzen. Es gibt eine Menge historischer Geb\u00e4ude, einen gepflasterten Marktplatz, Gesch\u00e4fte, Galerien, Gourmetrestaurants und Delikatessenl\u00e4den. National Trust G\u00e4rten, der S\u00fcdwestk\u00fcstenpfad und saubere Str\u00e4nde befinden sich alle in der N\u00e4he.<\/p>\n<p style=\"text-align: center;\"><a class=\"tidycta\" href=\"https:\/\/www.urlaubcornwall.de\/ferienhaeuser-fewos\/eng\/sued-devon\/dartmouth.html\">Ferienh\u00e4user in Dartmouth<\/a><\/p>\n<p>Bei uns finden Sie Ferienh\u00e4user zum Verlieben &#8211; so einfach ist das!  W\u00e4hlen Sie aus \u00fcber 1000 pers\u00f6nlich inspizierten Ferienh\u00e4usern, Cottages &#038; Ferienwohnungen in <a href=\"https:\/\/www.urlaubcornwall.de\/ferienhaeuser\/suedwesten-englands.php\">Devon und S\u00fcdwestengland<\/a>. <\/p>\n","protected":false},"excerpt":{"rendered":"<p>Historisch betrachtet, war Dartmouth strategisch sehr wichtig, und dominiert vom Britannia Royal Naval College verf\u00fcgt es \u00fcber zwei Festungen, die die M\u00fcndung des Flusses Dart besch\u00fctzen. Es gibt eine Menge historischer Geb\u00e4ude, einen gepflasterten Marktplatz, Gesch\u00e4fte, Galerien, Gourmetrestaurants und Delikatessenl\u00e4den. National Trust G\u00e4rten, der S\u00fcdwestk\u00fcstenpfad und saubere Str\u00e4nde befinden sich alle in der N\u00e4he. Ferienh\u00e4user [&hellip;]<\/p>\n","protected":false},"author":1,"featured_media":0,"parent":0,"menu_order":0,"comment_status":"closed","ping_status":"closed","template":"single-four.php","meta":[],"acf":[],"yoast_head":"<!-- This site is optimized with the Yoast SEO plugin v19.4 - https:\/\/yoast.com\/wordpress\/plugins\/seo\/ -->\n<title>Dartmouth - Urlaub in S\u00fcd Devon am Meer - Urlaub &amp; Reisen<\/title>\n<meta name=\"description\" content=\"Historisch betrachtet, war Dartmouth strategisch sehr wichtig, und dominiert vom Britannia Royal Naval College verf\u00fcgt es \u00fcber zwei Festungen, die die M\u00fcndung des Flusses Dart besch\u00fctzen. Es gibt eine Menge historischer Geb\u00e4ude, einen gepflasterten Marktplatz, Gesch\u00e4fte, Galerien, Gourmetrestaurants und Delikatessenl\u00e4den. National Trust G\u00e4rten, der S\u00fcdwestk\u00fcstenpfad und saubere Str\u00e4nde befinden sich alle in der N\u00e4he.\" \/>\n<meta name=\"robots\" content=\"index, follow, max-snippet:-1, max-image-preview:large, max-video-preview:-1\" \/>\n<link rel=\"canonical\" href=\"https:\/\/www.urlaubcornwall.de\/blog\/dartmouth-urlaub-in-sued-devon-am-meer\/\" \/>\n<meta property=\"og:locale\" content=\"en_US\" \/>\n<meta property=\"og:type\" content=\"article\" \/>\n<meta property=\"og:title\" content=\"Dartmouth - Urlaub in S\u00fcd Devon am Meer - Urlaub &amp; Reisen\" \/>\n<meta property=\"og:description\" content=\"Historisch betrachtet, war Dartmouth strategisch sehr wichtig, und dominiert vom Britannia Royal Naval College verf\u00fcgt es \u00fcber zwei Festungen, die die M\u00fcndung des Flusses Dart besch\u00fctzen. Es gibt eine Menge historischer Geb\u00e4ude, einen gepflasterten Marktplatz, Gesch\u00e4fte, Galerien, Gourmetrestaurants und Delikatessenl\u00e4den. National Trust G\u00e4rten, der S\u00fcdwestk\u00fcstenpfad und saubere Str\u00e4nde befinden sich alle in der N\u00e4he.\" \/>\n<meta property=\"og:url\" content=\"https:\/\/www.urlaubcornwall.de\/blog\/dartmouth-urlaub-in-sued-devon-am-meer\/\" \/>\n<meta property=\"og:site_name\" content=\"Urlaub &amp; Reisen\" \/>\n<meta property=\"og:image\" content=\"https:\/\/www.urlaubcornwall.de\/blog\/wp-content\/uploads\/2016\/06\/Dartmouth-hafen.jpg\" \/>\n<meta name=\"twitter:card\" content=\"summary\" \/>\n<script type=\"application\/ld+json\" class=\"yoast-schema-graph\">{\"@context\":\"https:\/\/schema.org\",\"@graph\":[{\"@type\":\"WebSite\",\"@id\":\"https:\/\/www.urlaubcornwall.de\/blog\/#website\",\"url\":\"https:\/\/www.urlaubcornwall.de\/blog\/\",\"name\":\"Urlaub &amp; Reisen\",\"description\":\"Urlaub, Reisen, Cornwall und S\u00fcdengland: eine perfekte Kombination\",\"potentialAction\":[{\"@type\":\"SearchAction\",\"target\":{\"@type\":\"EntryPoint\",\"urlTemplate\":\"https:\/\/www.urlaubcornwall.de\/blog\/?s={search_term_string}\"},\"query-input\":\"required name=search_term_string\"}],\"inLanguage\":\"en-US\"},{\"@type\":\"WebPage\",\"@id\":\"https:\/\/www.urlaubcornwall.de\/blog\/dartmouth-urlaub-in-sued-devon-am-meer\/\",\"url\":\"https:\/\/www.urlaubcornwall.de\/blog\/dartmouth-urlaub-in-sued-devon-am-meer\/\",\"name\":\"Dartmouth - Urlaub in S\u00fcd Devon am Meer - Urlaub &amp; Reisen\",\"isPartOf\":{\"@id\":\"https:\/\/www.urlaubcornwall.de\/blog\/#website\"},\"datePublished\":\"2020-03-31T10:46:09+00:00\",\"dateModified\":\"2020-03-31T10:46:09+00:00\",\"description\":\"Historisch betrachtet, war Dartmouth strategisch sehr wichtig, und dominiert vom Britannia Royal Naval College verf\u00fcgt es \u00fcber zwei Festungen, die die M\u00fcndung des Flusses Dart besch\u00fctzen. Es gibt eine Menge historischer Geb\u00e4ude, einen gepflasterten Marktplatz, Gesch\u00e4fte, Galerien, Gourmetrestaurants und Delikatessenl\u00e4den. National Trust G\u00e4rten, der S\u00fcdwestk\u00fcstenpfad und saubere Str\u00e4nde befinden sich alle in der N\u00e4he.\",\"breadcrumb\":{\"@id\":\"https:\/\/www.urlaubcornwall.de\/blog\/dartmouth-urlaub-in-sued-devon-am-meer\/#breadcrumb\"},\"inLanguage\":\"en-US\",\"potentialAction\":[{\"@type\":\"ReadAction\",\"target\":[\"https:\/\/www.urlaubcornwall.de\/blog\/dartmouth-urlaub-in-sued-devon-am-meer\/\"]}]},{\"@type\":\"BreadcrumbList\",\"@id\":\"https:\/\/www.urlaubcornwall.de\/blog\/dartmouth-urlaub-in-sued-devon-am-meer\/#breadcrumb\",\"itemListElement\":[{\"@type\":\"ListItem\",\"position\":1,\"name\":\"Home\",\"item\":\"https:\/\/www.urlaubcornwall.de\/blog\/\"},{\"@type\":\"ListItem\",\"position\":2,\"name\":\"Dartmouth &#8211; Urlaub in S\u00fcd Devon am Meer\"}]}]}<\/script>\n<!-- \/ Yoast SEO plugin. -->","yoast_head_json":{"title":"Dartmouth - Urlaub in S\u00fcd Devon am Meer - Urlaub &amp; Reisen","description":"Historisch betrachtet, war Dartmouth strategisch sehr wichtig, und dominiert vom Britannia Royal Naval College verf\u00fcgt es \u00fcber zwei Festungen, die die M\u00fcndung des Flusses Dart besch\u00fctzen. Es gibt eine Menge historischer Geb\u00e4ude, einen gepflasterten Marktplatz, Gesch\u00e4fte, Galerien, Gourmetrestaurants und Delikatessenl\u00e4den. National Trust G\u00e4rten, der S\u00fcdwestk\u00fcstenpfad und saubere Str\u00e4nde befinden sich alle in der N\u00e4he.","robots":{"index":"index","follow":"follow","max-snippet":"max-snippet:-1","max-image-preview":"max-image-preview:large","max-video-preview":"max-video-preview:-1"},"canonical":"https:\/\/www.urlaubcornwall.de\/blog\/dartmouth-urlaub-in-sued-devon-am-meer\/","og_locale":"en_US","og_type":"article","og_title":"Dartmouth - Urlaub in S\u00fcd Devon am Meer - Urlaub &amp; Reisen","og_description":"Historisch betrachtet, war Dartmouth strategisch sehr wichtig, und dominiert vom Britannia Royal Naval College verf\u00fcgt es \u00fcber zwei Festungen, die die M\u00fcndung des Flusses Dart besch\u00fctzen. Es gibt eine Menge historischer Geb\u00e4ude, einen gepflasterten Marktplatz, Gesch\u00e4fte, Galerien, Gourmetrestaurants und Delikatessenl\u00e4den. National Trust G\u00e4rten, der S\u00fcdwestk\u00fcstenpfad und saubere Str\u00e4nde befinden sich alle in der N\u00e4he.","og_url":"https:\/\/www.urlaubcornwall.de\/blog\/dartmouth-urlaub-in-sued-devon-am-meer\/","og_site_name":"Urlaub &amp; Reisen","og_image":[{"url":"https:\/\/www.urlaubcornwall.de\/blog\/wp-content\/uploads\/2016\/06\/Dartmouth-hafen.jpg"}],"twitter_card":"summary","schema":{"@context":"https:\/\/schema.org","@graph":[{"@type":"WebSite","@id":"https:\/\/www.urlaubcornwall.de\/blog\/#website","url":"https:\/\/www.urlaubcornwall.de\/blog\/","name":"Urlaub &amp; Reisen","description":"Urlaub, Reisen, Cornwall und S\u00fcdengland: eine perfekte Kombination","potentialAction":[{"@type":"SearchAction","target":{"@type":"EntryPoint","urlTemplate":"https:\/\/www.urlaubcornwall.de\/blog\/?s={search_term_string}"},"query-input":"required name=search_term_string"}],"inLanguage":"en-US"},{"@type":"WebPage","@id":"https:\/\/www.urlaubcornwall.de\/blog\/dartmouth-urlaub-in-sued-devon-am-meer\/","url":"https:\/\/www.urlaubcornwall.de\/blog\/dartmouth-urlaub-in-sued-devon-am-meer\/","name":"Dartmouth - Urlaub in S\u00fcd Devon am Meer - Urlaub &amp; Reisen","isPartOf":{"@id":"https:\/\/www.urlaubcornwall.de\/blog\/#website"},"datePublished":"2020-03-31T10:46:09+00:00","dateModified":"2020-03-31T10:46:09+00:00","description":"Historisch betrachtet, war Dartmouth strategisch sehr wichtig, und dominiert vom Britannia Royal Naval College verf\u00fcgt es \u00fcber zwei Festungen, die die M\u00fcndung des Flusses Dart besch\u00fctzen. Es gibt eine Menge historischer Geb\u00e4ude, einen gepflasterten Marktplatz, Gesch\u00e4fte, Galerien, Gourmetrestaurants und Delikatessenl\u00e4den. National Trust G\u00e4rten, der S\u00fcdwestk\u00fcstenpfad und saubere Str\u00e4nde befinden sich alle in der N\u00e4he.","breadcrumb":{"@id":"https:\/\/www.urlaubcornwall.de\/blog\/dartmouth-urlaub-in-sued-devon-am-meer\/#breadcrumb"},"inLanguage":"en-US","potentialAction":[{"@type":"ReadAction","target":["https:\/\/www.urlaubcornwall.de\/blog\/dartmouth-urlaub-in-sued-devon-am-meer\/"]}]},{"@type":"BreadcrumbList","@id":"https:\/\/www.urlaubcornwall.de\/blog\/dartmouth-urlaub-in-sued-devon-am-meer\/#breadcrumb","itemListElement":[{"@type":"ListItem","position":1,"name":"Home","item":"https:\/\/www.urlaubcornwall.de\/blog\/"},{"@type":"ListItem","position":2,"name":"Dartmouth &#8211; Urlaub in S\u00fcd Devon am Meer"}]}]}},"_links":{"self":[{"href":"https:\/\/www.urlaubcornwall.de\/blog\/wp-json\/wp\/v2\/pages\/39670"}],"collection":[{"href":"https:\/\/www.urlaubcornwall.de\/blog\/wp-json\/wp\/v2\/pages"}],"about":[{"href":"https:\/\/www.urlaubcornwall.de\/blog\/wp-json\/wp\/v2\/types\/page"}],"author":[{"embeddable":true,"href":"https:\/\/www.urlaubcornwall.de\/blog\/wp-json\/wp\/v2\/users\/1"}],"replies":[{"embeddable":true,"href":"https:\/\/www.urlaubcornwall.de\/blog\/wp-json\/wp\/v2\/comments?post=39670"}],"version-history":[{"count":1,"href":"https:\/\/www.urlaubcornwall.de\/blog\/wp-json\/wp\/v2\/pages\/39670\/revisions"}],"predecessor-version":[{"id":39671,"href":"https:\/\/www.urlaubcornwall.de\/blog\/wp-json\/wp\/v2\/pages\/39670\/revisions\/39671"}],"wp:attachment":[{"href":"https:\/\/www.urlaubcornwall.de\/blog\/wp-json\/wp\/v2\/media?parent=39670"}],"curies":[{"name":"wp","href":"https:\/\/api.w.org\/{rel}","templated":true}]}}