{"id":39665,"date":"2020-03-30T14:08:15","date_gmt":"2020-03-30T14:08:15","guid":{"rendered":"https:\/\/www.urlaubcornwall.de\/blog\/?page_id=39665"},"modified":"2020-03-30T14:08:15","modified_gmt":"2020-03-30T14:08:15","slug":"croyde-urlaub-in-nord-devon-am-meer","status":"publish","type":"page","link":"https:\/\/www.urlaubcornwall.de\/blog\/croyde-urlaub-in-nord-devon-am-meer\/","title":{"rendered":"Croyde &#8211; Urlaub in Nord Devon am Meer"},"content":{"rendered":"<p><img loading=\"lazy\" class=\"aligncenter size-full wp-image-39668\" src=\"https:\/\/www.urlaubcornwall.de\/blog\/wp-content\/uploads\/2020\/03\/croyde-urlaub-2.jpg\" alt=\"croyde urlaub\" width=\"749\" height=\"400\" srcset=\"https:\/\/www.urlaubcornwall.de\/blog\/wp-content\/uploads\/2020\/03\/croyde-urlaub-2.jpg 749w, https:\/\/www.urlaubcornwall.de\/blog\/wp-content\/uploads\/2020\/03\/croyde-urlaub-2-300x160.jpg 300w\" sizes=\"(max-width: 749px) 100vw, 749px\" \/><\/p>\n<p>Jede Menge Alte-Welt-Charme kann hier gefunden werden. Croyde ist ein Gewirr von engen, verschlungenen Wegen und h\u00fcbschen H\u00e4usern. Die Hauptattraktion freilich ist der Strand \u2013 eine perfekt V-f\u00f6rmige Schlucht in den hoch aufragenden Klippen mit feinem, gelbem Sand. Croyde ist ein Mekka f\u00fcr Surfer.<\/p>\n<p style=\"text-align: center;\"><a class=\"tidycta\" href=\"https:\/\/www.urlaubcornwall.de\/ferienhaeuser-fewos\/eng\/nord-devon\/croyde.html\">Ferienh\u00e4user in Croyde<\/a><\/p>\n<p>Bei uns finden Sie Ferienh\u00e4user zum Verlieben &#8211; so einfach ist das!  W\u00e4hlen Sie aus \u00fcber 1000 pers\u00f6nlich inspizierten Ferienh\u00e4usern, Cottages &#038; Ferienwohnungen in <a href=\"https:\/\/www.urlaubcornwall.de\/ferienhaeuser\/suedwesten-englands.php\">Devon und S\u00fcdwestengland<\/a>. <\/p>\n","protected":false},"excerpt":{"rendered":"<p>Jede Menge Alte-Welt-Charme kann hier gefunden werden. Croyde ist ein Gewirr von engen, verschlungenen Wegen und h\u00fcbschen H\u00e4usern. Die Hauptattraktion freilich ist der Strand \u2013 eine perfekt V-f\u00f6rmige Schlucht in den hoch aufragenden Klippen mit feinem, gelbem Sand. Croyde ist ein Mekka f\u00fcr Surfer. Ferienh\u00e4user in Croyde Bei uns finden Sie Ferienh\u00e4user zum Verlieben &#8211; [&hellip;]<\/p>\n","protected":false},"author":1,"featured_media":0,"parent":0,"menu_order":0,"comment_status":"closed","ping_status":"closed","template":"single-four.php","meta":[],"acf":[],"yoast_head":"<!-- This site is optimized with the Yoast SEO plugin v19.4 - https:\/\/yoast.com\/wordpress\/plugins\/seo\/ -->\n<title>Croyde - Urlaub in Nord Devon am Meer - Urlaub &amp; Reisen<\/title>\n<meta name=\"description\" content=\"Jede Menge Alte-Welt-Charme kann hier gefunden werden. Croyde ist ein Gewirr von engen, verschlungenen Wegen und h\u00fcbschen H\u00e4usern. Die Hauptattraktion freilich ist der Strand \u2013 eine perfekt V-f\u00f6rmige Schlucht in den hoch aufragenden Klippen mit feinem, gelbem Sand. Croyde ist ein Mekka f\u00fcr Surfer.\" \/>\n<meta name=\"robots\" content=\"index, follow, max-snippet:-1, max-image-preview:large, max-video-preview:-1\" \/>\n<link rel=\"canonical\" href=\"https:\/\/www.urlaubcornwall.de\/blog\/croyde-urlaub-in-nord-devon-am-meer\/\" \/>\n<meta property=\"og:locale\" content=\"en_US\" \/>\n<meta property=\"og:type\" content=\"article\" \/>\n<meta property=\"og:title\" content=\"Croyde - Urlaub in Nord Devon am Meer - Urlaub &amp; Reisen\" \/>\n<meta property=\"og:description\" content=\"Jede Menge Alte-Welt-Charme kann hier gefunden werden. Croyde ist ein Gewirr von engen, verschlungenen Wegen und h\u00fcbschen H\u00e4usern. Die Hauptattraktion freilich ist der Strand \u2013 eine perfekt V-f\u00f6rmige Schlucht in den hoch aufragenden Klippen mit feinem, gelbem Sand. Croyde ist ein Mekka f\u00fcr Surfer.\" \/>\n<meta property=\"og:url\" content=\"https:\/\/www.urlaubcornwall.de\/blog\/croyde-urlaub-in-nord-devon-am-meer\/\" \/>\n<meta property=\"og:site_name\" content=\"Urlaub &amp; Reisen\" \/>\n<meta property=\"og:image\" content=\"https:\/\/www.urlaubcornwall.de\/blog\/wp-content\/uploads\/2020\/03\/croyde-urlaub-2.jpg\" \/>\n<meta name=\"twitter:card\" content=\"summary\" \/>\n<script type=\"application\/ld+json\" class=\"yoast-schema-graph\">{\"@context\":\"https:\/\/schema.org\",\"@graph\":[{\"@type\":\"WebSite\",\"@id\":\"https:\/\/www.urlaubcornwall.de\/blog\/#website\",\"url\":\"https:\/\/www.urlaubcornwall.de\/blog\/\",\"name\":\"Urlaub &amp; Reisen\",\"description\":\"Urlaub, Reisen, Cornwall und S\u00fcdengland: eine perfekte Kombination\",\"potentialAction\":[{\"@type\":\"SearchAction\",\"target\":{\"@type\":\"EntryPoint\",\"urlTemplate\":\"https:\/\/www.urlaubcornwall.de\/blog\/?s={search_term_string}\"},\"query-input\":\"required name=search_term_string\"}],\"inLanguage\":\"en-US\"},{\"@type\":\"WebPage\",\"@id\":\"https:\/\/www.urlaubcornwall.de\/blog\/croyde-urlaub-in-nord-devon-am-meer\/\",\"url\":\"https:\/\/www.urlaubcornwall.de\/blog\/croyde-urlaub-in-nord-devon-am-meer\/\",\"name\":\"Croyde - Urlaub in Nord Devon am Meer - Urlaub &amp; Reisen\",\"isPartOf\":{\"@id\":\"https:\/\/www.urlaubcornwall.de\/blog\/#website\"},\"datePublished\":\"2020-03-30T14:08:15+00:00\",\"dateModified\":\"2020-03-30T14:08:15+00:00\",\"description\":\"Jede Menge Alte-Welt-Charme kann hier gefunden werden. Croyde ist ein Gewirr von engen, verschlungenen Wegen und h\u00fcbschen H\u00e4usern. Die Hauptattraktion freilich ist der Strand \u2013 eine perfekt V-f\u00f6rmige Schlucht in den hoch aufragenden Klippen mit feinem, gelbem Sand. Croyde ist ein Mekka f\u00fcr Surfer.\",\"breadcrumb\":{\"@id\":\"https:\/\/www.urlaubcornwall.de\/blog\/croyde-urlaub-in-nord-devon-am-meer\/#breadcrumb\"},\"inLanguage\":\"en-US\",\"potentialAction\":[{\"@type\":\"ReadAction\",\"target\":[\"https:\/\/www.urlaubcornwall.de\/blog\/croyde-urlaub-in-nord-devon-am-meer\/\"]}]},{\"@type\":\"BreadcrumbList\",\"@id\":\"https:\/\/www.urlaubcornwall.de\/blog\/croyde-urlaub-in-nord-devon-am-meer\/#breadcrumb\",\"itemListElement\":[{\"@type\":\"ListItem\",\"position\":1,\"name\":\"Home\",\"item\":\"https:\/\/www.urlaubcornwall.de\/blog\/\"},{\"@type\":\"ListItem\",\"position\":2,\"name\":\"Croyde &#8211; Urlaub in Nord Devon am Meer\"}]}]}<\/script>\n<!-- \/ Yoast SEO plugin. -->","yoast_head_json":{"title":"Croyde - Urlaub in Nord Devon am Meer - Urlaub &amp; Reisen","description":"Jede Menge Alte-Welt-Charme kann hier gefunden werden. Croyde ist ein Gewirr von engen, verschlungenen Wegen und h\u00fcbschen H\u00e4usern. Die Hauptattraktion freilich ist der Strand \u2013 eine perfekt V-f\u00f6rmige Schlucht in den hoch aufragenden Klippen mit feinem, gelbem Sand. Croyde ist ein Mekka f\u00fcr Surfer.","robots":{"index":"index","follow":"follow","max-snippet":"max-snippet:-1","max-image-preview":"max-image-preview:large","max-video-preview":"max-video-preview:-1"},"canonical":"https:\/\/www.urlaubcornwall.de\/blog\/croyde-urlaub-in-nord-devon-am-meer\/","og_locale":"en_US","og_type":"article","og_title":"Croyde - Urlaub in Nord Devon am Meer - Urlaub &amp; Reisen","og_description":"Jede Menge Alte-Welt-Charme kann hier gefunden werden. Croyde ist ein Gewirr von engen, verschlungenen Wegen und h\u00fcbschen H\u00e4usern. Die Hauptattraktion freilich ist der Strand \u2013 eine perfekt V-f\u00f6rmige Schlucht in den hoch aufragenden Klippen mit feinem, gelbem Sand. Croyde ist ein Mekka f\u00fcr Surfer.","og_url":"https:\/\/www.urlaubcornwall.de\/blog\/croyde-urlaub-in-nord-devon-am-meer\/","og_site_name":"Urlaub &amp; Reisen","og_image":[{"url":"https:\/\/www.urlaubcornwall.de\/blog\/wp-content\/uploads\/2020\/03\/croyde-urlaub-2.jpg"}],"twitter_card":"summary","schema":{"@context":"https:\/\/schema.org","@graph":[{"@type":"WebSite","@id":"https:\/\/www.urlaubcornwall.de\/blog\/#website","url":"https:\/\/www.urlaubcornwall.de\/blog\/","name":"Urlaub &amp; Reisen","description":"Urlaub, Reisen, Cornwall und S\u00fcdengland: eine perfekte Kombination","potentialAction":[{"@type":"SearchAction","target":{"@type":"EntryPoint","urlTemplate":"https:\/\/www.urlaubcornwall.de\/blog\/?s={search_term_string}"},"query-input":"required name=search_term_string"}],"inLanguage":"en-US"},{"@type":"WebPage","@id":"https:\/\/www.urlaubcornwall.de\/blog\/croyde-urlaub-in-nord-devon-am-meer\/","url":"https:\/\/www.urlaubcornwall.de\/blog\/croyde-urlaub-in-nord-devon-am-meer\/","name":"Croyde - Urlaub in Nord Devon am Meer - Urlaub &amp; Reisen","isPartOf":{"@id":"https:\/\/www.urlaubcornwall.de\/blog\/#website"},"datePublished":"2020-03-30T14:08:15+00:00","dateModified":"2020-03-30T14:08:15+00:00","description":"Jede Menge Alte-Welt-Charme kann hier gefunden werden. Croyde ist ein Gewirr von engen, verschlungenen Wegen und h\u00fcbschen H\u00e4usern. Die Hauptattraktion freilich ist der Strand \u2013 eine perfekt V-f\u00f6rmige Schlucht in den hoch aufragenden Klippen mit feinem, gelbem Sand. Croyde ist ein Mekka f\u00fcr Surfer.","breadcrumb":{"@id":"https:\/\/www.urlaubcornwall.de\/blog\/croyde-urlaub-in-nord-devon-am-meer\/#breadcrumb"},"inLanguage":"en-US","potentialAction":[{"@type":"ReadAction","target":["https:\/\/www.urlaubcornwall.de\/blog\/croyde-urlaub-in-nord-devon-am-meer\/"]}]},{"@type":"BreadcrumbList","@id":"https:\/\/www.urlaubcornwall.de\/blog\/croyde-urlaub-in-nord-devon-am-meer\/#breadcrumb","itemListElement":[{"@type":"ListItem","position":1,"name":"Home","item":"https:\/\/www.urlaubcornwall.de\/blog\/"},{"@type":"ListItem","position":2,"name":"Croyde &#8211; Urlaub in Nord Devon am Meer"}]}]}},"_links":{"self":[{"href":"https:\/\/www.urlaubcornwall.de\/blog\/wp-json\/wp\/v2\/pages\/39665"}],"collection":[{"href":"https:\/\/www.urlaubcornwall.de\/blog\/wp-json\/wp\/v2\/pages"}],"about":[{"href":"https:\/\/www.urlaubcornwall.de\/blog\/wp-json\/wp\/v2\/types\/page"}],"author":[{"embeddable":true,"href":"https:\/\/www.urlaubcornwall.de\/blog\/wp-json\/wp\/v2\/users\/1"}],"replies":[{"embeddable":true,"href":"https:\/\/www.urlaubcornwall.de\/blog\/wp-json\/wp\/v2\/comments?post=39665"}],"version-history":[{"count":1,"href":"https:\/\/www.urlaubcornwall.de\/blog\/wp-json\/wp\/v2\/pages\/39665\/revisions"}],"predecessor-version":[{"id":39669,"href":"https:\/\/www.urlaubcornwall.de\/blog\/wp-json\/wp\/v2\/pages\/39665\/revisions\/39669"}],"wp:attachment":[{"href":"https:\/\/www.urlaubcornwall.de\/blog\/wp-json\/wp\/v2\/media?parent=39665"}],"curies":[{"name":"wp","href":"https:\/\/api.w.org\/{rel}","templated":true}]}}