{"id":39662,"date":"2020-03-30T14:01:48","date_gmt":"2020-03-30T14:01:48","guid":{"rendered":"https:\/\/www.urlaubcornwall.de\/blog\/?page_id=39662"},"modified":"2020-03-30T14:01:48","modified_gmt":"2020-03-30T14:01:48","slug":"combe-martin-urlaub-in-devon-und-suedwestengland-am-meer","status":"publish","type":"page","link":"https:\/\/www.urlaubcornwall.de\/blog\/combe-martin-urlaub-in-devon-und-suedwestengland-am-meer\/","title":{"rendered":"Combe Martin &#8211; Urlaub in Devon und S\u00fcdwestengland am Meer"},"content":{"rendered":"<p><img loading=\"lazy\" class=\"aligncenter size-full wp-image-39663\" src=\"https:\/\/www.urlaubcornwall.de\/blog\/wp-content\/uploads\/2020\/03\/combe-martin-urlaub.jpg\" alt=\"combe martin urlaub\" width=\"750\" height=\"410\"\/><\/p>\n<p>Combe Martin befindet sich am Rande des Exmoors und soll die l\u00e4ngste Dorfstra\u00dfe Englands haben. Der Strand eignet sich perfekt f\u00fcr die gesamte Familie mit Felsen-Pools, Klippen, H\u00f6hlen und Kieseln, dazu bei Ebbe jede Menge weicher Sand.<\/p>\n<p style=\"text-align: center;\"><a class=\"tidycta\" href=\"https:\/\/www.urlaubcornwall.de\/ferienhaeuser-fewos\/eng\/nord-devon\/combe-martin.html\">Ferienh\u00e4user in Combe Martin<\/a><\/p>\n<p>Bei uns finden Sie Ferienh\u00e4user zum Verlieben &#8211; so einfach ist das!  W\u00e4hlen Sie aus \u00fcber 700 pers\u00f6nlich inspizierten Ferienh\u00e4usern, Cottages &#038; Ferienwohnungen in <a href=\"https:\/\/www.urlaubcornwall.de\/ferienhaeuser\/suedwesten-englands.php\">Devon und S\u00fcdwestengland<\/a>. <\/p>\n","protected":false},"excerpt":{"rendered":"<p>Combe Martin befindet sich am Rande des Exmoors und soll die l\u00e4ngste Dorfstra\u00dfe Englands haben. Der Strand eignet sich perfekt f\u00fcr die gesamte Familie mit Felsen-Pools, Klippen, H\u00f6hlen und Kieseln, dazu bei Ebbe jede Menge weicher Sand. Ferienh\u00e4user in Combe Martin Bei uns finden Sie Ferienh\u00e4user zum Verlieben &#8211; so einfach ist das! W\u00e4hlen Sie [&hellip;]<\/p>\n","protected":false},"author":1,"featured_media":0,"parent":0,"menu_order":0,"comment_status":"closed","ping_status":"closed","template":"single-four.php","meta":[],"acf":[],"yoast_head":"<!-- This site is optimized with the Yoast SEO plugin v19.4 - https:\/\/yoast.com\/wordpress\/plugins\/seo\/ -->\n<title>Combe Martin - Urlaub in Devon und S\u00fcdwestengland am Meer - Urlaub &amp; Reisen<\/title>\n<meta name=\"description\" content=\"Combe Martin befindet sich am Rande des Exmoors und soll die l\u00e4ngste Dorfstra\u00dfe Englands haben. Der Strand eignet sich perfekt f\u00fcr die gesamte Familie mit Felsen-Pools, Klippen, H\u00f6hlen und Kieseln, dazu bei Ebbe jede Menge weicher Sand.\" \/>\n<meta name=\"robots\" content=\"index, follow, max-snippet:-1, max-image-preview:large, max-video-preview:-1\" \/>\n<link rel=\"canonical\" href=\"https:\/\/www.urlaubcornwall.de\/blog\/combe-martin-urlaub-in-devon-und-suedwestengland-am-meer\/\" \/>\n<meta property=\"og:locale\" content=\"en_US\" \/>\n<meta property=\"og:type\" content=\"article\" \/>\n<meta property=\"og:title\" content=\"Combe Martin - Urlaub in Devon und S\u00fcdwestengland am Meer - Urlaub &amp; Reisen\" \/>\n<meta property=\"og:description\" content=\"Combe Martin befindet sich am Rande des Exmoors und soll die l\u00e4ngste Dorfstra\u00dfe Englands haben. Der Strand eignet sich perfekt f\u00fcr die gesamte Familie mit Felsen-Pools, Klippen, H\u00f6hlen und Kieseln, dazu bei Ebbe jede Menge weicher Sand.\" \/>\n<meta property=\"og:url\" content=\"https:\/\/www.urlaubcornwall.de\/blog\/combe-martin-urlaub-in-devon-und-suedwestengland-am-meer\/\" \/>\n<meta property=\"og:site_name\" content=\"Urlaub &amp; Reisen\" \/>\n<meta property=\"og:image\" content=\"https:\/\/www.urlaubcornwall.de\/blog\/wp-content\/uploads\/2020\/03\/combe-martin-urlaub.jpg\" \/>\n<meta name=\"twitter:card\" content=\"summary\" \/>\n<script type=\"application\/ld+json\" class=\"yoast-schema-graph\">{\"@context\":\"https:\/\/schema.org\",\"@graph\":[{\"@type\":\"WebSite\",\"@id\":\"https:\/\/www.urlaubcornwall.de\/blog\/#website\",\"url\":\"https:\/\/www.urlaubcornwall.de\/blog\/\",\"name\":\"Urlaub &amp; Reisen\",\"description\":\"Urlaub, Reisen, Cornwall und S\u00fcdengland: eine perfekte Kombination\",\"potentialAction\":[{\"@type\":\"SearchAction\",\"target\":{\"@type\":\"EntryPoint\",\"urlTemplate\":\"https:\/\/www.urlaubcornwall.de\/blog\/?s={search_term_string}\"},\"query-input\":\"required name=search_term_string\"}],\"inLanguage\":\"en-US\"},{\"@type\":\"WebPage\",\"@id\":\"https:\/\/www.urlaubcornwall.de\/blog\/combe-martin-urlaub-in-devon-und-suedwestengland-am-meer\/\",\"url\":\"https:\/\/www.urlaubcornwall.de\/blog\/combe-martin-urlaub-in-devon-und-suedwestengland-am-meer\/\",\"name\":\"Combe Martin - Urlaub in Devon und S\u00fcdwestengland am Meer - Urlaub &amp; Reisen\",\"isPartOf\":{\"@id\":\"https:\/\/www.urlaubcornwall.de\/blog\/#website\"},\"datePublished\":\"2020-03-30T14:01:48+00:00\",\"dateModified\":\"2020-03-30T14:01:48+00:00\",\"description\":\"Combe Martin befindet sich am Rande des Exmoors und soll die l\u00e4ngste Dorfstra\u00dfe Englands haben. Der Strand eignet sich perfekt f\u00fcr die gesamte Familie mit Felsen-Pools, Klippen, H\u00f6hlen und Kieseln, dazu bei Ebbe jede Menge weicher Sand.\",\"breadcrumb\":{\"@id\":\"https:\/\/www.urlaubcornwall.de\/blog\/combe-martin-urlaub-in-devon-und-suedwestengland-am-meer\/#breadcrumb\"},\"inLanguage\":\"en-US\",\"potentialAction\":[{\"@type\":\"ReadAction\",\"target\":[\"https:\/\/www.urlaubcornwall.de\/blog\/combe-martin-urlaub-in-devon-und-suedwestengland-am-meer\/\"]}]},{\"@type\":\"BreadcrumbList\",\"@id\":\"https:\/\/www.urlaubcornwall.de\/blog\/combe-martin-urlaub-in-devon-und-suedwestengland-am-meer\/#breadcrumb\",\"itemListElement\":[{\"@type\":\"ListItem\",\"position\":1,\"name\":\"Home\",\"item\":\"https:\/\/www.urlaubcornwall.de\/blog\/\"},{\"@type\":\"ListItem\",\"position\":2,\"name\":\"Combe Martin &#8211; Urlaub in Devon und S\u00fcdwestengland am Meer\"}]}]}<\/script>\n<!-- \/ Yoast SEO plugin. -->","yoast_head_json":{"title":"Combe Martin - Urlaub in Devon und S\u00fcdwestengland am Meer - Urlaub &amp; Reisen","description":"Combe Martin befindet sich am Rande des Exmoors und soll die l\u00e4ngste Dorfstra\u00dfe Englands haben. Der Strand eignet sich perfekt f\u00fcr die gesamte Familie mit Felsen-Pools, Klippen, H\u00f6hlen und Kieseln, dazu bei Ebbe jede Menge weicher Sand.","robots":{"index":"index","follow":"follow","max-snippet":"max-snippet:-1","max-image-preview":"max-image-preview:large","max-video-preview":"max-video-preview:-1"},"canonical":"https:\/\/www.urlaubcornwall.de\/blog\/combe-martin-urlaub-in-devon-und-suedwestengland-am-meer\/","og_locale":"en_US","og_type":"article","og_title":"Combe Martin - Urlaub in Devon und S\u00fcdwestengland am Meer - Urlaub &amp; Reisen","og_description":"Combe Martin befindet sich am Rande des Exmoors und soll die l\u00e4ngste Dorfstra\u00dfe Englands haben. Der Strand eignet sich perfekt f\u00fcr die gesamte Familie mit Felsen-Pools, Klippen, H\u00f6hlen und Kieseln, dazu bei Ebbe jede Menge weicher Sand.","og_url":"https:\/\/www.urlaubcornwall.de\/blog\/combe-martin-urlaub-in-devon-und-suedwestengland-am-meer\/","og_site_name":"Urlaub &amp; Reisen","og_image":[{"url":"https:\/\/www.urlaubcornwall.de\/blog\/wp-content\/uploads\/2020\/03\/combe-martin-urlaub.jpg"}],"twitter_card":"summary","schema":{"@context":"https:\/\/schema.org","@graph":[{"@type":"WebSite","@id":"https:\/\/www.urlaubcornwall.de\/blog\/#website","url":"https:\/\/www.urlaubcornwall.de\/blog\/","name":"Urlaub &amp; Reisen","description":"Urlaub, Reisen, Cornwall und S\u00fcdengland: eine perfekte Kombination","potentialAction":[{"@type":"SearchAction","target":{"@type":"EntryPoint","urlTemplate":"https:\/\/www.urlaubcornwall.de\/blog\/?s={search_term_string}"},"query-input":"required name=search_term_string"}],"inLanguage":"en-US"},{"@type":"WebPage","@id":"https:\/\/www.urlaubcornwall.de\/blog\/combe-martin-urlaub-in-devon-und-suedwestengland-am-meer\/","url":"https:\/\/www.urlaubcornwall.de\/blog\/combe-martin-urlaub-in-devon-und-suedwestengland-am-meer\/","name":"Combe Martin - Urlaub in Devon und S\u00fcdwestengland am Meer - Urlaub &amp; Reisen","isPartOf":{"@id":"https:\/\/www.urlaubcornwall.de\/blog\/#website"},"datePublished":"2020-03-30T14:01:48+00:00","dateModified":"2020-03-30T14:01:48+00:00","description":"Combe Martin befindet sich am Rande des Exmoors und soll die l\u00e4ngste Dorfstra\u00dfe Englands haben. Der Strand eignet sich perfekt f\u00fcr die gesamte Familie mit Felsen-Pools, Klippen, H\u00f6hlen und Kieseln, dazu bei Ebbe jede Menge weicher Sand.","breadcrumb":{"@id":"https:\/\/www.urlaubcornwall.de\/blog\/combe-martin-urlaub-in-devon-und-suedwestengland-am-meer\/#breadcrumb"},"inLanguage":"en-US","potentialAction":[{"@type":"ReadAction","target":["https:\/\/www.urlaubcornwall.de\/blog\/combe-martin-urlaub-in-devon-und-suedwestengland-am-meer\/"]}]},{"@type":"BreadcrumbList","@id":"https:\/\/www.urlaubcornwall.de\/blog\/combe-martin-urlaub-in-devon-und-suedwestengland-am-meer\/#breadcrumb","itemListElement":[{"@type":"ListItem","position":1,"name":"Home","item":"https:\/\/www.urlaubcornwall.de\/blog\/"},{"@type":"ListItem","position":2,"name":"Combe Martin &#8211; Urlaub in Devon und S\u00fcdwestengland am Meer"}]}]}},"_links":{"self":[{"href":"https:\/\/www.urlaubcornwall.de\/blog\/wp-json\/wp\/v2\/pages\/39662"}],"collection":[{"href":"https:\/\/www.urlaubcornwall.de\/blog\/wp-json\/wp\/v2\/pages"}],"about":[{"href":"https:\/\/www.urlaubcornwall.de\/blog\/wp-json\/wp\/v2\/types\/page"}],"author":[{"embeddable":true,"href":"https:\/\/www.urlaubcornwall.de\/blog\/wp-json\/wp\/v2\/users\/1"}],"replies":[{"embeddable":true,"href":"https:\/\/www.urlaubcornwall.de\/blog\/wp-json\/wp\/v2\/comments?post=39662"}],"version-history":[{"count":1,"href":"https:\/\/www.urlaubcornwall.de\/blog\/wp-json\/wp\/v2\/pages\/39662\/revisions"}],"predecessor-version":[{"id":39664,"href":"https:\/\/www.urlaubcornwall.de\/blog\/wp-json\/wp\/v2\/pages\/39662\/revisions\/39664"}],"wp:attachment":[{"href":"https:\/\/www.urlaubcornwall.de\/blog\/wp-json\/wp\/v2\/media?parent=39662"}],"curies":[{"name":"wp","href":"https:\/\/api.w.org\/{rel}","templated":true}]}}