{"id":39660,"date":"2020-03-30T13:51:04","date_gmt":"2020-03-30T13:51:04","guid":{"rendered":"https:\/\/www.urlaubcornwall.de\/blog\/?page_id=39660"},"modified":"2024-02-27T16:15:27","modified_gmt":"2024-02-27T16:15:27","slug":"clovelly-urlaub-in-nord-devon-und-suedwestengland","status":"publish","type":"page","link":"https:\/\/www.urlaubcornwall.de\/blog\/clovelly-urlaub-in-nord-devon-und-suedwestengland\/","title":{"rendered":"Clovelly &#8211; Urlaub in Nord-Devon und S\u00fcdwestengland"},"content":{"rendered":"<p>Ein wundersch\u00f6nes, unber\u00fchrtes Fischerdorf, eingebettet in gr\u00fcne Landschaft. Von Clovelly aus l\u00e4sst sich problemlos eine Bootsfahrt zur Lundy Insel machen, einer unber\u00fchrten kleinen Wildnis vor der K\u00fcste. Ungew\u00f6hnlicherweise befindet sich dieses Dorf in Privatbesitz, und es wird ein bescheidenes Eintrittsgeld verlangt, um es weiterhin in Stand halten zu k\u00f6nnen.<\/p>\n<p style=\"text-align: center;\"><a class=\"tidycta\" href=\"https:\/\/www.urlaubcornwall.de\/ferienhaeuser-fewos\/eng\/nord-devon\/clovelly.html\">Ferienh\u00e4user in Clovelly<\/a><\/p>\n<p>Bei uns finden Sie Ferienh\u00e4user zum Verlieben &#8211; so einfach ist das!  W\u00e4hlen Sie aus \u00fcber 700 pers\u00f6nlich inspizierten Ferienh\u00e4usern, Cottages &#038; Ferienwohnungen in <a href=\"https:\/\/www.urlaubcornwall.de\/ferienhaeuser\/suedwesten-englands.php\">Devon und S\u00fcdwestengland<\/a>. <\/p>\n","protected":false},"excerpt":{"rendered":"<p>Ein wundersch\u00f6nes, unber\u00fchrtes Fischerdorf, eingebettet in gr\u00fcne Landschaft. Von Clovelly aus l\u00e4sst sich problemlos eine Bootsfahrt zur Lundy Insel machen, einer unber\u00fchrten kleinen Wildnis vor der K\u00fcste. Ungew\u00f6hnlicherweise befindet sich dieses Dorf in Privatbesitz, und es wird ein bescheidenes Eintrittsgeld verlangt, um es weiterhin in Stand halten zu k\u00f6nnen. Ferienh\u00e4user in Clovelly Bei uns finden [&hellip;]<\/p>\n","protected":false},"author":1,"featured_media":0,"parent":0,"menu_order":0,"comment_status":"closed","ping_status":"closed","template":"single-four.php","meta":[],"acf":[],"yoast_head":"<!-- This site is optimized with the Yoast SEO plugin v19.4 - https:\/\/yoast.com\/wordpress\/plugins\/seo\/ -->\n<title>Clovelly - Urlaub in Nord-Devon und S\u00fcdwestengland - Urlaub &amp; Reisen<\/title>\n<meta name=\"description\" content=\"Ein wundersch\u00f6nes, unber\u00fchrtes Fischerdorf, eingebettet in gr\u00fcne Landschaft. Von Clovelly aus l\u00e4sst sich problemlos eine Bootsfahrt zur Lundy Insel machen, einer unber\u00fchrten kleinen Wildnis vor der K\u00fcste. Ungew\u00f6hnlicherweise befindet sich dieses Dorf in Privatbesitz, und es wird ein bescheidenes Eintrittsgeld verlangt, um es weiterhin in Stand halten zu k\u00f6nnen.\" \/>\n<meta name=\"robots\" content=\"index, follow, max-snippet:-1, max-image-preview:large, max-video-preview:-1\" \/>\n<link rel=\"canonical\" href=\"https:\/\/www.urlaubcornwall.de\/blog\/clovelly-urlaub-in-nord-devon-und-suedwestengland\/\" \/>\n<meta property=\"og:locale\" content=\"en_US\" \/>\n<meta property=\"og:type\" content=\"article\" \/>\n<meta property=\"og:title\" content=\"Clovelly - Urlaub in Nord-Devon und S\u00fcdwestengland - Urlaub &amp; Reisen\" \/>\n<meta property=\"og:description\" content=\"Ein wundersch\u00f6nes, unber\u00fchrtes Fischerdorf, eingebettet in gr\u00fcne Landschaft. Von Clovelly aus l\u00e4sst sich problemlos eine Bootsfahrt zur Lundy Insel machen, einer unber\u00fchrten kleinen Wildnis vor der K\u00fcste. Ungew\u00f6hnlicherweise befindet sich dieses Dorf in Privatbesitz, und es wird ein bescheidenes Eintrittsgeld verlangt, um es weiterhin in Stand halten zu k\u00f6nnen.\" \/>\n<meta property=\"og:url\" content=\"https:\/\/www.urlaubcornwall.de\/blog\/clovelly-urlaub-in-nord-devon-und-suedwestengland\/\" \/>\n<meta property=\"og:site_name\" content=\"Urlaub &amp; Reisen\" \/>\n<meta property=\"article:modified_time\" content=\"2024-02-27T16:15:27+00:00\" \/>\n<meta name=\"twitter:card\" content=\"summary\" \/>\n<meta name=\"twitter:label1\" content=\"Est. reading time\" \/>\n\t<meta name=\"twitter:data1\" content=\"1 minute\" \/>\n<script type=\"application\/ld+json\" class=\"yoast-schema-graph\">{\"@context\":\"https:\/\/schema.org\",\"@graph\":[{\"@type\":\"WebSite\",\"@id\":\"https:\/\/www.urlaubcornwall.de\/blog\/#website\",\"url\":\"https:\/\/www.urlaubcornwall.de\/blog\/\",\"name\":\"Urlaub &amp; Reisen\",\"description\":\"Urlaub, Reisen, Cornwall und S\u00fcdengland: eine perfekte Kombination\",\"potentialAction\":[{\"@type\":\"SearchAction\",\"target\":{\"@type\":\"EntryPoint\",\"urlTemplate\":\"https:\/\/www.urlaubcornwall.de\/blog\/?s={search_term_string}\"},\"query-input\":\"required name=search_term_string\"}],\"inLanguage\":\"en-US\"},{\"@type\":\"WebPage\",\"@id\":\"https:\/\/www.urlaubcornwall.de\/blog\/clovelly-urlaub-in-nord-devon-und-suedwestengland\/\",\"url\":\"https:\/\/www.urlaubcornwall.de\/blog\/clovelly-urlaub-in-nord-devon-und-suedwestengland\/\",\"name\":\"Clovelly - Urlaub in Nord-Devon und S\u00fcdwestengland - Urlaub &amp; Reisen\",\"isPartOf\":{\"@id\":\"https:\/\/www.urlaubcornwall.de\/blog\/#website\"},\"datePublished\":\"2020-03-30T13:51:04+00:00\",\"dateModified\":\"2024-02-27T16:15:27+00:00\",\"description\":\"Ein wundersch\u00f6nes, unber\u00fchrtes Fischerdorf, eingebettet in gr\u00fcne Landschaft. Von Clovelly aus l\u00e4sst sich problemlos eine Bootsfahrt zur Lundy Insel machen, einer unber\u00fchrten kleinen Wildnis vor der K\u00fcste. Ungew\u00f6hnlicherweise befindet sich dieses Dorf in Privatbesitz, und es wird ein bescheidenes Eintrittsgeld verlangt, um es weiterhin in Stand halten zu k\u00f6nnen.\",\"breadcrumb\":{\"@id\":\"https:\/\/www.urlaubcornwall.de\/blog\/clovelly-urlaub-in-nord-devon-und-suedwestengland\/#breadcrumb\"},\"inLanguage\":\"en-US\",\"potentialAction\":[{\"@type\":\"ReadAction\",\"target\":[\"https:\/\/www.urlaubcornwall.de\/blog\/clovelly-urlaub-in-nord-devon-und-suedwestengland\/\"]}]},{\"@type\":\"BreadcrumbList\",\"@id\":\"https:\/\/www.urlaubcornwall.de\/blog\/clovelly-urlaub-in-nord-devon-und-suedwestengland\/#breadcrumb\",\"itemListElement\":[{\"@type\":\"ListItem\",\"position\":1,\"name\":\"Home\",\"item\":\"https:\/\/www.urlaubcornwall.de\/blog\/\"},{\"@type\":\"ListItem\",\"position\":2,\"name\":\"Clovelly &#8211; Urlaub in Nord-Devon und S\u00fcdwestengland\"}]}]}<\/script>\n<!-- \/ Yoast SEO plugin. -->","yoast_head_json":{"title":"Clovelly - Urlaub in Nord-Devon und S\u00fcdwestengland - Urlaub &amp; Reisen","description":"Ein wundersch\u00f6nes, unber\u00fchrtes Fischerdorf, eingebettet in gr\u00fcne Landschaft. Von Clovelly aus l\u00e4sst sich problemlos eine Bootsfahrt zur Lundy Insel machen, einer unber\u00fchrten kleinen Wildnis vor der K\u00fcste. Ungew\u00f6hnlicherweise befindet sich dieses Dorf in Privatbesitz, und es wird ein bescheidenes Eintrittsgeld verlangt, um es weiterhin in Stand halten zu k\u00f6nnen.","robots":{"index":"index","follow":"follow","max-snippet":"max-snippet:-1","max-image-preview":"max-image-preview:large","max-video-preview":"max-video-preview:-1"},"canonical":"https:\/\/www.urlaubcornwall.de\/blog\/clovelly-urlaub-in-nord-devon-und-suedwestengland\/","og_locale":"en_US","og_type":"article","og_title":"Clovelly - Urlaub in Nord-Devon und S\u00fcdwestengland - Urlaub &amp; Reisen","og_description":"Ein wundersch\u00f6nes, unber\u00fchrtes Fischerdorf, eingebettet in gr\u00fcne Landschaft. Von Clovelly aus l\u00e4sst sich problemlos eine Bootsfahrt zur Lundy Insel machen, einer unber\u00fchrten kleinen Wildnis vor der K\u00fcste. Ungew\u00f6hnlicherweise befindet sich dieses Dorf in Privatbesitz, und es wird ein bescheidenes Eintrittsgeld verlangt, um es weiterhin in Stand halten zu k\u00f6nnen.","og_url":"https:\/\/www.urlaubcornwall.de\/blog\/clovelly-urlaub-in-nord-devon-und-suedwestengland\/","og_site_name":"Urlaub &amp; Reisen","article_modified_time":"2024-02-27T16:15:27+00:00","twitter_card":"summary","twitter_misc":{"Est. reading time":"1 minute"},"schema":{"@context":"https:\/\/schema.org","@graph":[{"@type":"WebSite","@id":"https:\/\/www.urlaubcornwall.de\/blog\/#website","url":"https:\/\/www.urlaubcornwall.de\/blog\/","name":"Urlaub &amp; Reisen","description":"Urlaub, Reisen, Cornwall und S\u00fcdengland: eine perfekte Kombination","potentialAction":[{"@type":"SearchAction","target":{"@type":"EntryPoint","urlTemplate":"https:\/\/www.urlaubcornwall.de\/blog\/?s={search_term_string}"},"query-input":"required name=search_term_string"}],"inLanguage":"en-US"},{"@type":"WebPage","@id":"https:\/\/www.urlaubcornwall.de\/blog\/clovelly-urlaub-in-nord-devon-und-suedwestengland\/","url":"https:\/\/www.urlaubcornwall.de\/blog\/clovelly-urlaub-in-nord-devon-und-suedwestengland\/","name":"Clovelly - Urlaub in Nord-Devon und S\u00fcdwestengland - Urlaub &amp; Reisen","isPartOf":{"@id":"https:\/\/www.urlaubcornwall.de\/blog\/#website"},"datePublished":"2020-03-30T13:51:04+00:00","dateModified":"2024-02-27T16:15:27+00:00","description":"Ein wundersch\u00f6nes, unber\u00fchrtes Fischerdorf, eingebettet in gr\u00fcne Landschaft. Von Clovelly aus l\u00e4sst sich problemlos eine Bootsfahrt zur Lundy Insel machen, einer unber\u00fchrten kleinen Wildnis vor der K\u00fcste. Ungew\u00f6hnlicherweise befindet sich dieses Dorf in Privatbesitz, und es wird ein bescheidenes Eintrittsgeld verlangt, um es weiterhin in Stand halten zu k\u00f6nnen.","breadcrumb":{"@id":"https:\/\/www.urlaubcornwall.de\/blog\/clovelly-urlaub-in-nord-devon-und-suedwestengland\/#breadcrumb"},"inLanguage":"en-US","potentialAction":[{"@type":"ReadAction","target":["https:\/\/www.urlaubcornwall.de\/blog\/clovelly-urlaub-in-nord-devon-und-suedwestengland\/"]}]},{"@type":"BreadcrumbList","@id":"https:\/\/www.urlaubcornwall.de\/blog\/clovelly-urlaub-in-nord-devon-und-suedwestengland\/#breadcrumb","itemListElement":[{"@type":"ListItem","position":1,"name":"Home","item":"https:\/\/www.urlaubcornwall.de\/blog\/"},{"@type":"ListItem","position":2,"name":"Clovelly &#8211; Urlaub in Nord-Devon und S\u00fcdwestengland"}]}]}},"_links":{"self":[{"href":"https:\/\/www.urlaubcornwall.de\/blog\/wp-json\/wp\/v2\/pages\/39660"}],"collection":[{"href":"https:\/\/www.urlaubcornwall.de\/blog\/wp-json\/wp\/v2\/pages"}],"about":[{"href":"https:\/\/www.urlaubcornwall.de\/blog\/wp-json\/wp\/v2\/types\/page"}],"author":[{"embeddable":true,"href":"https:\/\/www.urlaubcornwall.de\/blog\/wp-json\/wp\/v2\/users\/1"}],"replies":[{"embeddable":true,"href":"https:\/\/www.urlaubcornwall.de\/blog\/wp-json\/wp\/v2\/comments?post=39660"}],"version-history":[{"count":2,"href":"https:\/\/www.urlaubcornwall.de\/blog\/wp-json\/wp\/v2\/pages\/39660\/revisions"}],"predecessor-version":[{"id":47628,"href":"https:\/\/www.urlaubcornwall.de\/blog\/wp-json\/wp\/v2\/pages\/39660\/revisions\/47628"}],"wp:attachment":[{"href":"https:\/\/www.urlaubcornwall.de\/blog\/wp-json\/wp\/v2\/media?parent=39660"}],"curies":[{"name":"wp","href":"https:\/\/api.w.org\/{rel}","templated":true}]}}