{"id":39655,"date":"2020-03-30T13:12:34","date_gmt":"2020-03-30T13:12:34","guid":{"rendered":"https:\/\/www.urlaubcornwall.de\/blog\/?page_id=39655"},"modified":"2020-03-30T13:12:34","modified_gmt":"2020-03-30T13:12:34","slug":"budleigh-salterton-urlaub-in-devon-und-suedwestengland","status":"publish","type":"page","link":"https:\/\/www.urlaubcornwall.de\/blog\/budleigh-salterton-urlaub-in-devon-und-suedwestengland\/","title":{"rendered":"Budleigh Salterton &#8211; Urlaub in Devon und S\u00fcdwestengland"},"content":{"rendered":"<p><img loading=\"lazy\" class=\"aligncenter size-full wp-image-39656\" src=\"https:\/\/www.urlaubcornwall.de\/blog\/wp-content\/uploads\/2020\/03\/Budleigh-Salterton.jpg\" alt=\"Budleigh Salterton\" width=\"750\" height=\"410\"\/><\/p>\n<p>Budleigh Salterton liegt am westlichsten Zipfel der Jurak\u00fcste und befindet sich in einem Gebiet hervorragender Natursch\u00f6nheit. Budleigh Salterton stellt eine segensreiche Flucht vor dem 21.Jahhundert dar, umgeben von weiter Landschaft,  Wald und \u00fcppigen roten Klippen, die sich zu jeder Seite der Stadt erheben. Am Kieselstrand mit seinen zweieinhalb Meilen finden alle Platz. Sie finden dort auch Strandcaf\u00e9s und sogar ein paar klassische Strandh\u00fctten zu mieten.<\/p>\n<p style=\"text-align: center;\"><a class=\"tidycta\" href=\"https:\/\/www.urlaubcornwall.de\/ferienhaeuser-fewos\/eng\/sued-devon\/budleigh-salterton.html\">Ferienh\u00e4user in Budleigh Salterton<\/a><\/p>\n<p>Bei uns finden Sie Ferienh\u00e4user zum Verlieben &#8211; so einfach ist das!  W\u00e4hlen Sie aus \u00fcber 700 pers\u00f6nlich inspizierten Ferienh\u00e4usern, Cottages &#038; Ferienwohnungen in <a href=\"https:\/\/www.urlaubcornwall.de\/ferienhaeuser\/suedwesten-englands.php\">Devon und S\u00fcdwestengland<\/a>. <\/p>\n","protected":false},"excerpt":{"rendered":"<p>Budleigh Salterton liegt am westlichsten Zipfel der Jurak\u00fcste und befindet sich in einem Gebiet hervorragender Natursch\u00f6nheit. Budleigh Salterton stellt eine segensreiche Flucht vor dem 21.Jahhundert dar, umgeben von weiter Landschaft, Wald und \u00fcppigen roten Klippen, die sich zu jeder Seite der Stadt erheben. Am Kieselstrand mit seinen zweieinhalb Meilen finden alle Platz. Sie finden dort [&hellip;]<\/p>\n","protected":false},"author":1,"featured_media":0,"parent":0,"menu_order":0,"comment_status":"closed","ping_status":"closed","template":"single-four.php","meta":[],"acf":[],"yoast_head":"<!-- This site is optimized with the Yoast SEO plugin v19.4 - https:\/\/yoast.com\/wordpress\/plugins\/seo\/ -->\n<title>Budleigh Salterton - Urlaub in Devon und S\u00fcdwestengland - Urlaub &amp; Reisen<\/title>\n<meta name=\"description\" content=\"Budleigh Salterton liegt am westlichsten Zipfel der Jurak\u00fcste und befindet sich in einem Gebiet hervorragender Natursch\u00f6nheit. Budleigh Salterton stellt eine segensreiche Flucht vor dem 21.Jahhundert dar, umgeben von weiter Landschaft, Wald und \u00fcppigen roten Klippen, die sich zu jeder Seite der Stadt erheben. Am Kieselstrand mit seinen zweieinhalb Meilen finden alle Platz. Sie finden dort auch Strandcaf\u00e9s und sogar ein paar klassische Strandh\u00fctten zu mieten.\" \/>\n<meta name=\"robots\" content=\"index, follow, max-snippet:-1, max-image-preview:large, max-video-preview:-1\" \/>\n<link rel=\"canonical\" href=\"https:\/\/www.urlaubcornwall.de\/blog\/budleigh-salterton-urlaub-in-devon-und-suedwestengland\/\" \/>\n<meta property=\"og:locale\" content=\"en_US\" \/>\n<meta property=\"og:type\" content=\"article\" \/>\n<meta property=\"og:title\" content=\"Budleigh Salterton - Urlaub in Devon und S\u00fcdwestengland - Urlaub &amp; Reisen\" \/>\n<meta property=\"og:description\" content=\"Budleigh Salterton liegt am westlichsten Zipfel der Jurak\u00fcste und befindet sich in einem Gebiet hervorragender Natursch\u00f6nheit. Budleigh Salterton stellt eine segensreiche Flucht vor dem 21.Jahhundert dar, umgeben von weiter Landschaft, Wald und \u00fcppigen roten Klippen, die sich zu jeder Seite der Stadt erheben. Am Kieselstrand mit seinen zweieinhalb Meilen finden alle Platz. Sie finden dort auch Strandcaf\u00e9s und sogar ein paar klassische Strandh\u00fctten zu mieten.\" \/>\n<meta property=\"og:url\" content=\"https:\/\/www.urlaubcornwall.de\/blog\/budleigh-salterton-urlaub-in-devon-und-suedwestengland\/\" \/>\n<meta property=\"og:site_name\" content=\"Urlaub &amp; Reisen\" \/>\n<meta property=\"og:image\" content=\"https:\/\/www.urlaubcornwall.de\/blog\/wp-content\/uploads\/2020\/03\/Budleigh-Salterton.jpg\" \/>\n<meta name=\"twitter:card\" content=\"summary\" \/>\n<meta name=\"twitter:label1\" content=\"Est. reading time\" \/>\n\t<meta name=\"twitter:data1\" content=\"1 minute\" \/>\n<script type=\"application\/ld+json\" class=\"yoast-schema-graph\">{\"@context\":\"https:\/\/schema.org\",\"@graph\":[{\"@type\":\"WebSite\",\"@id\":\"https:\/\/www.urlaubcornwall.de\/blog\/#website\",\"url\":\"https:\/\/www.urlaubcornwall.de\/blog\/\",\"name\":\"Urlaub &amp; Reisen\",\"description\":\"Urlaub, Reisen, Cornwall und S\u00fcdengland: eine perfekte Kombination\",\"potentialAction\":[{\"@type\":\"SearchAction\",\"target\":{\"@type\":\"EntryPoint\",\"urlTemplate\":\"https:\/\/www.urlaubcornwall.de\/blog\/?s={search_term_string}\"},\"query-input\":\"required name=search_term_string\"}],\"inLanguage\":\"en-US\"},{\"@type\":\"WebPage\",\"@id\":\"https:\/\/www.urlaubcornwall.de\/blog\/budleigh-salterton-urlaub-in-devon-und-suedwestengland\/\",\"url\":\"https:\/\/www.urlaubcornwall.de\/blog\/budleigh-salterton-urlaub-in-devon-und-suedwestengland\/\",\"name\":\"Budleigh Salterton - Urlaub in Devon und S\u00fcdwestengland - Urlaub &amp; Reisen\",\"isPartOf\":{\"@id\":\"https:\/\/www.urlaubcornwall.de\/blog\/#website\"},\"datePublished\":\"2020-03-30T13:12:34+00:00\",\"dateModified\":\"2020-03-30T13:12:34+00:00\",\"description\":\"Budleigh Salterton liegt am westlichsten Zipfel der Jurak\u00fcste und befindet sich in einem Gebiet hervorragender Natursch\u00f6nheit. Budleigh Salterton stellt eine segensreiche Flucht vor dem 21.Jahhundert dar, umgeben von weiter Landschaft, Wald und \u00fcppigen roten Klippen, die sich zu jeder Seite der Stadt erheben. Am Kieselstrand mit seinen zweieinhalb Meilen finden alle Platz. Sie finden dort auch Strandcaf\u00e9s und sogar ein paar klassische Strandh\u00fctten zu mieten.\",\"breadcrumb\":{\"@id\":\"https:\/\/www.urlaubcornwall.de\/blog\/budleigh-salterton-urlaub-in-devon-und-suedwestengland\/#breadcrumb\"},\"inLanguage\":\"en-US\",\"potentialAction\":[{\"@type\":\"ReadAction\",\"target\":[\"https:\/\/www.urlaubcornwall.de\/blog\/budleigh-salterton-urlaub-in-devon-und-suedwestengland\/\"]}]},{\"@type\":\"BreadcrumbList\",\"@id\":\"https:\/\/www.urlaubcornwall.de\/blog\/budleigh-salterton-urlaub-in-devon-und-suedwestengland\/#breadcrumb\",\"itemListElement\":[{\"@type\":\"ListItem\",\"position\":1,\"name\":\"Home\",\"item\":\"https:\/\/www.urlaubcornwall.de\/blog\/\"},{\"@type\":\"ListItem\",\"position\":2,\"name\":\"Budleigh Salterton &#8211; Urlaub in Devon und S\u00fcdwestengland\"}]}]}<\/script>\n<!-- \/ Yoast SEO plugin. -->","yoast_head_json":{"title":"Budleigh Salterton - Urlaub in Devon und S\u00fcdwestengland - Urlaub &amp; Reisen","description":"Budleigh Salterton liegt am westlichsten Zipfel der Jurak\u00fcste und befindet sich in einem Gebiet hervorragender Natursch\u00f6nheit. Budleigh Salterton stellt eine segensreiche Flucht vor dem 21.Jahhundert dar, umgeben von weiter Landschaft, Wald und \u00fcppigen roten Klippen, die sich zu jeder Seite der Stadt erheben. Am Kieselstrand mit seinen zweieinhalb Meilen finden alle Platz. Sie finden dort auch Strandcaf\u00e9s und sogar ein paar klassische Strandh\u00fctten zu mieten.","robots":{"index":"index","follow":"follow","max-snippet":"max-snippet:-1","max-image-preview":"max-image-preview:large","max-video-preview":"max-video-preview:-1"},"canonical":"https:\/\/www.urlaubcornwall.de\/blog\/budleigh-salterton-urlaub-in-devon-und-suedwestengland\/","og_locale":"en_US","og_type":"article","og_title":"Budleigh Salterton - Urlaub in Devon und S\u00fcdwestengland - Urlaub &amp; Reisen","og_description":"Budleigh Salterton liegt am westlichsten Zipfel der Jurak\u00fcste und befindet sich in einem Gebiet hervorragender Natursch\u00f6nheit. Budleigh Salterton stellt eine segensreiche Flucht vor dem 21.Jahhundert dar, umgeben von weiter Landschaft, Wald und \u00fcppigen roten Klippen, die sich zu jeder Seite der Stadt erheben. Am Kieselstrand mit seinen zweieinhalb Meilen finden alle Platz. Sie finden dort auch Strandcaf\u00e9s und sogar ein paar klassische Strandh\u00fctten zu mieten.","og_url":"https:\/\/www.urlaubcornwall.de\/blog\/budleigh-salterton-urlaub-in-devon-und-suedwestengland\/","og_site_name":"Urlaub &amp; Reisen","og_image":[{"url":"https:\/\/www.urlaubcornwall.de\/blog\/wp-content\/uploads\/2020\/03\/Budleigh-Salterton.jpg"}],"twitter_card":"summary","twitter_misc":{"Est. reading time":"1 minute"},"schema":{"@context":"https:\/\/schema.org","@graph":[{"@type":"WebSite","@id":"https:\/\/www.urlaubcornwall.de\/blog\/#website","url":"https:\/\/www.urlaubcornwall.de\/blog\/","name":"Urlaub &amp; Reisen","description":"Urlaub, Reisen, Cornwall und S\u00fcdengland: eine perfekte Kombination","potentialAction":[{"@type":"SearchAction","target":{"@type":"EntryPoint","urlTemplate":"https:\/\/www.urlaubcornwall.de\/blog\/?s={search_term_string}"},"query-input":"required name=search_term_string"}],"inLanguage":"en-US"},{"@type":"WebPage","@id":"https:\/\/www.urlaubcornwall.de\/blog\/budleigh-salterton-urlaub-in-devon-und-suedwestengland\/","url":"https:\/\/www.urlaubcornwall.de\/blog\/budleigh-salterton-urlaub-in-devon-und-suedwestengland\/","name":"Budleigh Salterton - Urlaub in Devon und S\u00fcdwestengland - Urlaub &amp; Reisen","isPartOf":{"@id":"https:\/\/www.urlaubcornwall.de\/blog\/#website"},"datePublished":"2020-03-30T13:12:34+00:00","dateModified":"2020-03-30T13:12:34+00:00","description":"Budleigh Salterton liegt am westlichsten Zipfel der Jurak\u00fcste und befindet sich in einem Gebiet hervorragender Natursch\u00f6nheit. Budleigh Salterton stellt eine segensreiche Flucht vor dem 21.Jahhundert dar, umgeben von weiter Landschaft, Wald und \u00fcppigen roten Klippen, die sich zu jeder Seite der Stadt erheben. Am Kieselstrand mit seinen zweieinhalb Meilen finden alle Platz. Sie finden dort auch Strandcaf\u00e9s und sogar ein paar klassische Strandh\u00fctten zu mieten.","breadcrumb":{"@id":"https:\/\/www.urlaubcornwall.de\/blog\/budleigh-salterton-urlaub-in-devon-und-suedwestengland\/#breadcrumb"},"inLanguage":"en-US","potentialAction":[{"@type":"ReadAction","target":["https:\/\/www.urlaubcornwall.de\/blog\/budleigh-salterton-urlaub-in-devon-und-suedwestengland\/"]}]},{"@type":"BreadcrumbList","@id":"https:\/\/www.urlaubcornwall.de\/blog\/budleigh-salterton-urlaub-in-devon-und-suedwestengland\/#breadcrumb","itemListElement":[{"@type":"ListItem","position":1,"name":"Home","item":"https:\/\/www.urlaubcornwall.de\/blog\/"},{"@type":"ListItem","position":2,"name":"Budleigh Salterton &#8211; Urlaub in Devon und S\u00fcdwestengland"}]}]}},"_links":{"self":[{"href":"https:\/\/www.urlaubcornwall.de\/blog\/wp-json\/wp\/v2\/pages\/39655"}],"collection":[{"href":"https:\/\/www.urlaubcornwall.de\/blog\/wp-json\/wp\/v2\/pages"}],"about":[{"href":"https:\/\/www.urlaubcornwall.de\/blog\/wp-json\/wp\/v2\/types\/page"}],"author":[{"embeddable":true,"href":"https:\/\/www.urlaubcornwall.de\/blog\/wp-json\/wp\/v2\/users\/1"}],"replies":[{"embeddable":true,"href":"https:\/\/www.urlaubcornwall.de\/blog\/wp-json\/wp\/v2\/comments?post=39655"}],"version-history":[{"count":1,"href":"https:\/\/www.urlaubcornwall.de\/blog\/wp-json\/wp\/v2\/pages\/39655\/revisions"}],"predecessor-version":[{"id":39657,"href":"https:\/\/www.urlaubcornwall.de\/blog\/wp-json\/wp\/v2\/pages\/39655\/revisions\/39657"}],"wp:attachment":[{"href":"https:\/\/www.urlaubcornwall.de\/blog\/wp-json\/wp\/v2\/media?parent=39655"}],"curies":[{"name":"wp","href":"https:\/\/api.w.org\/{rel}","templated":true}]}}