{"id":39651,"date":"2020-03-30T12:52:56","date_gmt":"2020-03-30T12:52:56","guid":{"rendered":"https:\/\/www.urlaubcornwall.de\/blog\/?page_id=39651"},"modified":"2021-10-04T13:01:15","modified_gmt":"2021-10-04T13:01:15","slug":"brixham-urlaub-in-devon-und-suedwestengland-am-meer","status":"publish","type":"page","link":"https:\/\/www.urlaubcornwall.de\/blog\/brixham-urlaub-in-devon-und-suedwestengland-am-meer\/","title":{"rendered":"Brixham &#8211; Urlaub in Devon &#038; S\u00fcdwestengland am Meer"},"content":{"rendered":"<p><img loading=\"lazy\" class=\"aligncenter size-full wp-image-32084\" src=\"https:\/\/www.urlaubcornwall.de\/blog\/wp-content\/uploads\/2018\/01\/cottage-am-meer-brixham.jpg\" alt=\"cottage am meer brixham\" width=\"744\" height=\"410\"\/><\/p>\n<p>Eine klassische englische Hafenstadt mit pastellfarbenen Fischerh\u00e4usern, die in krummen Zeilen am H\u00fcgel h\u00e4ngen. Es gibt einen mond\u00e4nen Jachthafen mit Restaurants und Bars, eine Auswahl an Str\u00e4nden und ein Salzwasser-Au\u00dfenschwimmbecken. Die wundersch\u00f6ne K\u00fcste hier kann entweder zu Fu\u00df erkundet werden entlang der K\u00fcstenpfade oder indem Sie eine Fahrt mit der \u2018Brixham Belle\u2019 machen, die nach Dartmouth, <a href=\"https:\/\/www.urlaubcornwall.de\/ferienhaeuser-fewos\/eng\/sued-devon\/paignton.html\">Paignton<\/a> und <a href=\"https:\/\/www.urlaubcornwall.de\/ferienhaeuser-fewos\/eng\/sued-devon\/torquay.html\">Torquay<\/a> segelt.<\/p>\n<p style=\"text-align: center;\"><a class=\"tidycta\" href=\"https:\/\/www.urlaubcornwall.de\/ferienhaeuser-fewos\/eng\/sued-devon\/brixham.html\">Ferienh\u00e4user in Brixham<\/a><\/p>\n<p>Bei uns finden Sie Ferienh\u00e4user zum Verlieben &#8211; so einfach ist das!  W\u00e4hlen Sie aus \u00fcber 700 pers\u00f6nlich inspizierten Ferienh\u00e4usern, Cottages &#038; Ferienwohnungen in <a href=\"https:\/\/www.urlaubcornwall.de\/ferienhaeuser\/devon.php\">Devon und S\u00fcdwestengland<\/a>. <\/p>\n","protected":false},"excerpt":{"rendered":"<p>Eine klassische englische Hafenstadt mit pastellfarbenen Fischerh\u00e4usern, die in krummen Zeilen am H\u00fcgel h\u00e4ngen. Es gibt einen mond\u00e4nen Jachthafen mit Restaurants und Bars, eine Auswahl an Str\u00e4nden und ein Salzwasser-Au\u00dfenschwimmbecken. Die wundersch\u00f6ne K\u00fcste hier kann entweder zu Fu\u00df erkundet werden entlang der K\u00fcstenpfade oder indem Sie eine Fahrt mit der \u2018Brixham Belle\u2019 machen, die nach [&hellip;]<\/p>\n","protected":false},"author":1,"featured_media":0,"parent":0,"menu_order":0,"comment_status":"closed","ping_status":"closed","template":"single-four.php","meta":[],"acf":[],"yoast_head":"<!-- This site is optimized with the Yoast SEO plugin v19.4 - https:\/\/yoast.com\/wordpress\/plugins\/seo\/ -->\n<title>Brixham - Urlaub in Devon &amp; S\u00fcdwestengland am Meer - Urlaub &amp; Reisen<\/title>\n<meta name=\"robots\" content=\"index, follow, max-snippet:-1, max-image-preview:large, max-video-preview:-1\" \/>\n<link rel=\"canonical\" href=\"https:\/\/www.urlaubcornwall.de\/blog\/brixham-urlaub-in-devon-und-suedwestengland-am-meer\/\" \/>\n<meta property=\"og:locale\" content=\"en_US\" \/>\n<meta property=\"og:type\" content=\"article\" \/>\n<meta property=\"og:title\" content=\"Brixham - Urlaub in Devon &amp; S\u00fcdwestengland am Meer - Urlaub &amp; Reisen\" \/>\n<meta property=\"og:description\" content=\"Eine klassische englische Hafenstadt mit pastellfarbenen Fischerh\u00e4usern, die in krummen Zeilen am H\u00fcgel h\u00e4ngen. Es gibt einen mond\u00e4nen Jachthafen mit Restaurants und Bars, eine Auswahl an Str\u00e4nden und ein Salzwasser-Au\u00dfenschwimmbecken. Die wundersch\u00f6ne K\u00fcste hier kann entweder zu Fu\u00df erkundet werden entlang der K\u00fcstenpfade oder indem Sie eine Fahrt mit der \u2018Brixham Belle\u2019 machen, die nach [&hellip;]\" \/>\n<meta property=\"og:url\" content=\"https:\/\/www.urlaubcornwall.de\/blog\/brixham-urlaub-in-devon-und-suedwestengland-am-meer\/\" \/>\n<meta property=\"og:site_name\" content=\"Urlaub &amp; Reisen\" \/>\n<meta property=\"article:modified_time\" content=\"2021-10-04T13:01:15+00:00\" \/>\n<meta property=\"og:image\" content=\"https:\/\/www.urlaubcornwall.de\/blog\/wp-content\/uploads\/2018\/01\/cottage-am-meer-brixham.jpg\" \/>\n<meta name=\"twitter:card\" content=\"summary\" \/>\n<meta name=\"twitter:label1\" content=\"Est. reading time\" \/>\n\t<meta name=\"twitter:data1\" content=\"1 minute\" \/>\n<script type=\"application\/ld+json\" class=\"yoast-schema-graph\">{\"@context\":\"https:\/\/schema.org\",\"@graph\":[{\"@type\":\"WebSite\",\"@id\":\"https:\/\/www.urlaubcornwall.de\/blog\/#website\",\"url\":\"https:\/\/www.urlaubcornwall.de\/blog\/\",\"name\":\"Urlaub &amp; Reisen\",\"description\":\"Urlaub, Reisen, Cornwall und S\u00fcdengland: eine perfekte Kombination\",\"potentialAction\":[{\"@type\":\"SearchAction\",\"target\":{\"@type\":\"EntryPoint\",\"urlTemplate\":\"https:\/\/www.urlaubcornwall.de\/blog\/?s={search_term_string}\"},\"query-input\":\"required name=search_term_string\"}],\"inLanguage\":\"en-US\"},{\"@type\":\"WebPage\",\"@id\":\"https:\/\/www.urlaubcornwall.de\/blog\/brixham-urlaub-in-devon-und-suedwestengland-am-meer\/\",\"url\":\"https:\/\/www.urlaubcornwall.de\/blog\/brixham-urlaub-in-devon-und-suedwestengland-am-meer\/\",\"name\":\"Brixham - Urlaub in Devon & S\u00fcdwestengland am Meer - Urlaub &amp; Reisen\",\"isPartOf\":{\"@id\":\"https:\/\/www.urlaubcornwall.de\/blog\/#website\"},\"datePublished\":\"2020-03-30T12:52:56+00:00\",\"dateModified\":\"2021-10-04T13:01:15+00:00\",\"breadcrumb\":{\"@id\":\"https:\/\/www.urlaubcornwall.de\/blog\/brixham-urlaub-in-devon-und-suedwestengland-am-meer\/#breadcrumb\"},\"inLanguage\":\"en-US\",\"potentialAction\":[{\"@type\":\"ReadAction\",\"target\":[\"https:\/\/www.urlaubcornwall.de\/blog\/brixham-urlaub-in-devon-und-suedwestengland-am-meer\/\"]}]},{\"@type\":\"BreadcrumbList\",\"@id\":\"https:\/\/www.urlaubcornwall.de\/blog\/brixham-urlaub-in-devon-und-suedwestengland-am-meer\/#breadcrumb\",\"itemListElement\":[{\"@type\":\"ListItem\",\"position\":1,\"name\":\"Home\",\"item\":\"https:\/\/www.urlaubcornwall.de\/blog\/\"},{\"@type\":\"ListItem\",\"position\":2,\"name\":\"Brixham &#8211; Urlaub in Devon &#038; S\u00fcdwestengland am Meer\"}]}]}<\/script>\n<!-- \/ Yoast SEO plugin. -->","yoast_head_json":{"title":"Brixham - Urlaub in Devon & S\u00fcdwestengland am Meer - Urlaub &amp; Reisen","robots":{"index":"index","follow":"follow","max-snippet":"max-snippet:-1","max-image-preview":"max-image-preview:large","max-video-preview":"max-video-preview:-1"},"canonical":"https:\/\/www.urlaubcornwall.de\/blog\/brixham-urlaub-in-devon-und-suedwestengland-am-meer\/","og_locale":"en_US","og_type":"article","og_title":"Brixham - Urlaub in Devon & S\u00fcdwestengland am Meer - Urlaub &amp; Reisen","og_description":"Eine klassische englische Hafenstadt mit pastellfarbenen Fischerh\u00e4usern, die in krummen Zeilen am H\u00fcgel h\u00e4ngen. Es gibt einen mond\u00e4nen Jachthafen mit Restaurants und Bars, eine Auswahl an Str\u00e4nden und ein Salzwasser-Au\u00dfenschwimmbecken. Die wundersch\u00f6ne K\u00fcste hier kann entweder zu Fu\u00df erkundet werden entlang der K\u00fcstenpfade oder indem Sie eine Fahrt mit der \u2018Brixham Belle\u2019 machen, die nach [&hellip;]","og_url":"https:\/\/www.urlaubcornwall.de\/blog\/brixham-urlaub-in-devon-und-suedwestengland-am-meer\/","og_site_name":"Urlaub &amp; Reisen","article_modified_time":"2021-10-04T13:01:15+00:00","og_image":[{"url":"https:\/\/www.urlaubcornwall.de\/blog\/wp-content\/uploads\/2018\/01\/cottage-am-meer-brixham.jpg"}],"twitter_card":"summary","twitter_misc":{"Est. reading time":"1 minute"},"schema":{"@context":"https:\/\/schema.org","@graph":[{"@type":"WebSite","@id":"https:\/\/www.urlaubcornwall.de\/blog\/#website","url":"https:\/\/www.urlaubcornwall.de\/blog\/","name":"Urlaub &amp; Reisen","description":"Urlaub, Reisen, Cornwall und S\u00fcdengland: eine perfekte Kombination","potentialAction":[{"@type":"SearchAction","target":{"@type":"EntryPoint","urlTemplate":"https:\/\/www.urlaubcornwall.de\/blog\/?s={search_term_string}"},"query-input":"required name=search_term_string"}],"inLanguage":"en-US"},{"@type":"WebPage","@id":"https:\/\/www.urlaubcornwall.de\/blog\/brixham-urlaub-in-devon-und-suedwestengland-am-meer\/","url":"https:\/\/www.urlaubcornwall.de\/blog\/brixham-urlaub-in-devon-und-suedwestengland-am-meer\/","name":"Brixham - Urlaub in Devon & S\u00fcdwestengland am Meer - Urlaub &amp; Reisen","isPartOf":{"@id":"https:\/\/www.urlaubcornwall.de\/blog\/#website"},"datePublished":"2020-03-30T12:52:56+00:00","dateModified":"2021-10-04T13:01:15+00:00","breadcrumb":{"@id":"https:\/\/www.urlaubcornwall.de\/blog\/brixham-urlaub-in-devon-und-suedwestengland-am-meer\/#breadcrumb"},"inLanguage":"en-US","potentialAction":[{"@type":"ReadAction","target":["https:\/\/www.urlaubcornwall.de\/blog\/brixham-urlaub-in-devon-und-suedwestengland-am-meer\/"]}]},{"@type":"BreadcrumbList","@id":"https:\/\/www.urlaubcornwall.de\/blog\/brixham-urlaub-in-devon-und-suedwestengland-am-meer\/#breadcrumb","itemListElement":[{"@type":"ListItem","position":1,"name":"Home","item":"https:\/\/www.urlaubcornwall.de\/blog\/"},{"@type":"ListItem","position":2,"name":"Brixham &#8211; Urlaub in Devon &#038; S\u00fcdwestengland am Meer"}]}]}},"_links":{"self":[{"href":"https:\/\/www.urlaubcornwall.de\/blog\/wp-json\/wp\/v2\/pages\/39651"}],"collection":[{"href":"https:\/\/www.urlaubcornwall.de\/blog\/wp-json\/wp\/v2\/pages"}],"about":[{"href":"https:\/\/www.urlaubcornwall.de\/blog\/wp-json\/wp\/v2\/types\/page"}],"author":[{"embeddable":true,"href":"https:\/\/www.urlaubcornwall.de\/blog\/wp-json\/wp\/v2\/users\/1"}],"replies":[{"embeddable":true,"href":"https:\/\/www.urlaubcornwall.de\/blog\/wp-json\/wp\/v2\/comments?post=39651"}],"version-history":[{"count":2,"href":"https:\/\/www.urlaubcornwall.de\/blog\/wp-json\/wp\/v2\/pages\/39651\/revisions"}],"predecessor-version":[{"id":43248,"href":"https:\/\/www.urlaubcornwall.de\/blog\/wp-json\/wp\/v2\/pages\/39651\/revisions\/43248"}],"wp:attachment":[{"href":"https:\/\/www.urlaubcornwall.de\/blog\/wp-json\/wp\/v2\/media?parent=39651"}],"curies":[{"name":"wp","href":"https:\/\/api.w.org\/{rel}","templated":true}]}}