{"id":39645,"date":"2020-03-30T11:35:04","date_gmt":"2020-03-30T11:35:04","guid":{"rendered":"https:\/\/www.urlaubcornwall.de\/blog\/?page_id=39645"},"modified":"2024-04-03T12:14:20","modified_gmt":"2024-04-03T12:14:20","slug":"branscombe-urlaub-in-devon-und-suedwestengland","status":"publish","type":"page","link":"https:\/\/www.urlaubcornwall.de\/blog\/branscombe-urlaub-in-devon-und-suedwestengland\/","title":{"rendered":"Branscombe &#8211; Urlaub in Devon und S\u00fcdwestengland"},"content":{"rendered":"<p><img loading=\"lazy\" class=\"aligncenter size-full wp-image-48136\" src=\"https:\/\/www.urlaubcornwall.de\/blog\/wp-content\/uploads\/2024\/03\/Branscombe.jpg\" alt=\"Branscombe\" width=\"750\" height=\"563\" srcset=\"https:\/\/www.urlaubcornwall.de\/blog\/wp-content\/uploads\/2024\/03\/Branscombe.jpg 750w, https:\/\/www.urlaubcornwall.de\/blog\/wp-content\/uploads\/2024\/03\/Branscombe-300x225.jpg 300w\" sizes=\"(max-width: 750px) 100vw, 750px\" \/><\/p>\n<p>Einst ber\u00fchmt f\u00fcr seine selbstgemachten Spitzen, zieht sich dieses zuckers\u00fc\u00dfe Dorf Branscombe an engen Stra\u00dfen entlang, ein tiefes Tal hinunter bis hin zu einem Kiesstrand am Branscombe Mouth. Heute ist es ein beliebter Startpunkt f\u00fcr <a href=\"https:\/\/www.urlaubcornwall.de\/wanderurlaub\/cornwall.php\">Wanderungen entlang der Jurak\u00fcste auf dem S\u00fcdwestk\u00fcstenpfad<\/a>.<\/p>\n<p style=\"text-align: center;\"><a class=\"tidycta\" href=\"https:\/\/www.urlaubcornwall.de\/ferienhaeuser-fewos\/eng\/sued-devon\/branscombe.html\">Ferienh\u00e4user in Bovey Branscombe <\/a><\/p>\n<p>Bei uns finden Sie Ferienh\u00e4user zum Verlieben &#8211; so einfach ist das!  W\u00e4hlen Sie aus \u00fcber 700 pers\u00f6nlich inspizierten Ferienh\u00e4usern, Cottages &#038; Ferienwohnungen in <a href=\"https:\/\/www.urlaubcornwall.de\/ferienhaeuser\/devon.php\">Devon und S\u00fcdwestengland<\/a>. <\/p>\n","protected":false},"excerpt":{"rendered":"<p>Einst ber\u00fchmt f\u00fcr seine selbstgemachten Spitzen, zieht sich dieses zuckers\u00fc\u00dfe Dorf Branscombe an engen Stra\u00dfen entlang, ein tiefes Tal hinunter bis hin zu einem Kiesstrand am Branscombe Mouth. Heute ist es ein beliebter Startpunkt f\u00fcr Wanderungen entlang der Jurak\u00fcste auf dem S\u00fcdwestk\u00fcstenpfad. Ferienh\u00e4user in Bovey Branscombe Bei uns finden Sie Ferienh\u00e4user zum Verlieben &#8211; so [&hellip;]<\/p>\n","protected":false},"author":1,"featured_media":0,"parent":0,"menu_order":0,"comment_status":"closed","ping_status":"closed","template":"single-four.php","meta":[],"acf":[],"yoast_head":"<!-- This site is optimized with the Yoast SEO plugin v19.4 - https:\/\/yoast.com\/wordpress\/plugins\/seo\/ -->\n<title>Branscombe - Urlaub in Devon und S\u00fcdwestengland - Urlaub &amp; Reisen<\/title>\n<meta name=\"description\" content=\"Einst ber\u00fchmt f\u00fcr seine selbstgemachten Spitzen, zieht sich dieses zuckers\u00fc\u00dfe Dorf Branscombe an engen Stra\u00dfen entlang, ein tiefes Tal hinunter bis hin zu einem Kiesstrand am Branscombe Mouth. Heute ist es ein beliebter Startpunkt f\u00fcr Wanderungen entlang der Jurak\u00fcste auf dem S\u00fcdwestk\u00fcstenpfad.\" \/>\n<meta name=\"robots\" content=\"index, follow, max-snippet:-1, max-image-preview:large, max-video-preview:-1\" \/>\n<link rel=\"canonical\" href=\"https:\/\/www.urlaubcornwall.de\/blog\/branscombe-urlaub-in-devon-und-suedwestengland\/\" \/>\n<meta property=\"og:locale\" content=\"en_US\" \/>\n<meta property=\"og:type\" content=\"article\" \/>\n<meta property=\"og:title\" content=\"Branscombe - Urlaub in Devon und S\u00fcdwestengland - Urlaub &amp; Reisen\" \/>\n<meta property=\"og:description\" content=\"Einst ber\u00fchmt f\u00fcr seine selbstgemachten Spitzen, zieht sich dieses zuckers\u00fc\u00dfe Dorf Branscombe an engen Stra\u00dfen entlang, ein tiefes Tal hinunter bis hin zu einem Kiesstrand am Branscombe Mouth. Heute ist es ein beliebter Startpunkt f\u00fcr Wanderungen entlang der Jurak\u00fcste auf dem S\u00fcdwestk\u00fcstenpfad.\" \/>\n<meta property=\"og:url\" content=\"https:\/\/www.urlaubcornwall.de\/blog\/branscombe-urlaub-in-devon-und-suedwestengland\/\" \/>\n<meta property=\"og:site_name\" content=\"Urlaub &amp; Reisen\" \/>\n<meta property=\"article:modified_time\" content=\"2024-04-03T12:14:20+00:00\" \/>\n<meta property=\"og:image\" content=\"https:\/\/www.urlaubcornwall.de\/blog\/wp-content\/uploads\/2024\/03\/Branscombe.jpg\" \/>\n<meta name=\"twitter:card\" content=\"summary\" \/>\n<meta name=\"twitter:label1\" content=\"Est. reading time\" \/>\n\t<meta name=\"twitter:data1\" content=\"1 minute\" \/>\n<script type=\"application\/ld+json\" class=\"yoast-schema-graph\">{\"@context\":\"https:\/\/schema.org\",\"@graph\":[{\"@type\":\"WebSite\",\"@id\":\"https:\/\/www.urlaubcornwall.de\/blog\/#website\",\"url\":\"https:\/\/www.urlaubcornwall.de\/blog\/\",\"name\":\"Urlaub &amp; Reisen\",\"description\":\"Urlaub, Reisen, Cornwall und S\u00fcdengland: eine perfekte Kombination\",\"potentialAction\":[{\"@type\":\"SearchAction\",\"target\":{\"@type\":\"EntryPoint\",\"urlTemplate\":\"https:\/\/www.urlaubcornwall.de\/blog\/?s={search_term_string}\"},\"query-input\":\"required name=search_term_string\"}],\"inLanguage\":\"en-US\"},{\"@type\":\"WebPage\",\"@id\":\"https:\/\/www.urlaubcornwall.de\/blog\/branscombe-urlaub-in-devon-und-suedwestengland\/\",\"url\":\"https:\/\/www.urlaubcornwall.de\/blog\/branscombe-urlaub-in-devon-und-suedwestengland\/\",\"name\":\"Branscombe - Urlaub in Devon und S\u00fcdwestengland - Urlaub &amp; Reisen\",\"isPartOf\":{\"@id\":\"https:\/\/www.urlaubcornwall.de\/blog\/#website\"},\"datePublished\":\"2020-03-30T11:35:04+00:00\",\"dateModified\":\"2024-04-03T12:14:20+00:00\",\"description\":\"Einst ber\u00fchmt f\u00fcr seine selbstgemachten Spitzen, zieht sich dieses zuckers\u00fc\u00dfe Dorf Branscombe an engen Stra\u00dfen entlang, ein tiefes Tal hinunter bis hin zu einem Kiesstrand am Branscombe Mouth. Heute ist es ein beliebter Startpunkt f\u00fcr Wanderungen entlang der Jurak\u00fcste auf dem S\u00fcdwestk\u00fcstenpfad.\",\"breadcrumb\":{\"@id\":\"https:\/\/www.urlaubcornwall.de\/blog\/branscombe-urlaub-in-devon-und-suedwestengland\/#breadcrumb\"},\"inLanguage\":\"en-US\",\"potentialAction\":[{\"@type\":\"ReadAction\",\"target\":[\"https:\/\/www.urlaubcornwall.de\/blog\/branscombe-urlaub-in-devon-und-suedwestengland\/\"]}]},{\"@type\":\"BreadcrumbList\",\"@id\":\"https:\/\/www.urlaubcornwall.de\/blog\/branscombe-urlaub-in-devon-und-suedwestengland\/#breadcrumb\",\"itemListElement\":[{\"@type\":\"ListItem\",\"position\":1,\"name\":\"Home\",\"item\":\"https:\/\/www.urlaubcornwall.de\/blog\/\"},{\"@type\":\"ListItem\",\"position\":2,\"name\":\"Branscombe &#8211; Urlaub in Devon und S\u00fcdwestengland\"}]}]}<\/script>\n<!-- \/ Yoast SEO plugin. -->","yoast_head_json":{"title":"Branscombe - Urlaub in Devon und S\u00fcdwestengland - Urlaub &amp; Reisen","description":"Einst ber\u00fchmt f\u00fcr seine selbstgemachten Spitzen, zieht sich dieses zuckers\u00fc\u00dfe Dorf Branscombe an engen Stra\u00dfen entlang, ein tiefes Tal hinunter bis hin zu einem Kiesstrand am Branscombe Mouth. Heute ist es ein beliebter Startpunkt f\u00fcr Wanderungen entlang der Jurak\u00fcste auf dem S\u00fcdwestk\u00fcstenpfad.","robots":{"index":"index","follow":"follow","max-snippet":"max-snippet:-1","max-image-preview":"max-image-preview:large","max-video-preview":"max-video-preview:-1"},"canonical":"https:\/\/www.urlaubcornwall.de\/blog\/branscombe-urlaub-in-devon-und-suedwestengland\/","og_locale":"en_US","og_type":"article","og_title":"Branscombe - Urlaub in Devon und S\u00fcdwestengland - Urlaub &amp; Reisen","og_description":"Einst ber\u00fchmt f\u00fcr seine selbstgemachten Spitzen, zieht sich dieses zuckers\u00fc\u00dfe Dorf Branscombe an engen Stra\u00dfen entlang, ein tiefes Tal hinunter bis hin zu einem Kiesstrand am Branscombe Mouth. Heute ist es ein beliebter Startpunkt f\u00fcr Wanderungen entlang der Jurak\u00fcste auf dem S\u00fcdwestk\u00fcstenpfad.","og_url":"https:\/\/www.urlaubcornwall.de\/blog\/branscombe-urlaub-in-devon-und-suedwestengland\/","og_site_name":"Urlaub &amp; Reisen","article_modified_time":"2024-04-03T12:14:20+00:00","og_image":[{"url":"https:\/\/www.urlaubcornwall.de\/blog\/wp-content\/uploads\/2024\/03\/Branscombe.jpg"}],"twitter_card":"summary","twitter_misc":{"Est. reading time":"1 minute"},"schema":{"@context":"https:\/\/schema.org","@graph":[{"@type":"WebSite","@id":"https:\/\/www.urlaubcornwall.de\/blog\/#website","url":"https:\/\/www.urlaubcornwall.de\/blog\/","name":"Urlaub &amp; Reisen","description":"Urlaub, Reisen, Cornwall und S\u00fcdengland: eine perfekte Kombination","potentialAction":[{"@type":"SearchAction","target":{"@type":"EntryPoint","urlTemplate":"https:\/\/www.urlaubcornwall.de\/blog\/?s={search_term_string}"},"query-input":"required name=search_term_string"}],"inLanguage":"en-US"},{"@type":"WebPage","@id":"https:\/\/www.urlaubcornwall.de\/blog\/branscombe-urlaub-in-devon-und-suedwestengland\/","url":"https:\/\/www.urlaubcornwall.de\/blog\/branscombe-urlaub-in-devon-und-suedwestengland\/","name":"Branscombe - Urlaub in Devon und S\u00fcdwestengland - Urlaub &amp; Reisen","isPartOf":{"@id":"https:\/\/www.urlaubcornwall.de\/blog\/#website"},"datePublished":"2020-03-30T11:35:04+00:00","dateModified":"2024-04-03T12:14:20+00:00","description":"Einst ber\u00fchmt f\u00fcr seine selbstgemachten Spitzen, zieht sich dieses zuckers\u00fc\u00dfe Dorf Branscombe an engen Stra\u00dfen entlang, ein tiefes Tal hinunter bis hin zu einem Kiesstrand am Branscombe Mouth. Heute ist es ein beliebter Startpunkt f\u00fcr Wanderungen entlang der Jurak\u00fcste auf dem S\u00fcdwestk\u00fcstenpfad.","breadcrumb":{"@id":"https:\/\/www.urlaubcornwall.de\/blog\/branscombe-urlaub-in-devon-und-suedwestengland\/#breadcrumb"},"inLanguage":"en-US","potentialAction":[{"@type":"ReadAction","target":["https:\/\/www.urlaubcornwall.de\/blog\/branscombe-urlaub-in-devon-und-suedwestengland\/"]}]},{"@type":"BreadcrumbList","@id":"https:\/\/www.urlaubcornwall.de\/blog\/branscombe-urlaub-in-devon-und-suedwestengland\/#breadcrumb","itemListElement":[{"@type":"ListItem","position":1,"name":"Home","item":"https:\/\/www.urlaubcornwall.de\/blog\/"},{"@type":"ListItem","position":2,"name":"Branscombe &#8211; Urlaub in Devon und S\u00fcdwestengland"}]}]}},"_links":{"self":[{"href":"https:\/\/www.urlaubcornwall.de\/blog\/wp-json\/wp\/v2\/pages\/39645"}],"collection":[{"href":"https:\/\/www.urlaubcornwall.de\/blog\/wp-json\/wp\/v2\/pages"}],"about":[{"href":"https:\/\/www.urlaubcornwall.de\/blog\/wp-json\/wp\/v2\/types\/page"}],"author":[{"embeddable":true,"href":"https:\/\/www.urlaubcornwall.de\/blog\/wp-json\/wp\/v2\/users\/1"}],"replies":[{"embeddable":true,"href":"https:\/\/www.urlaubcornwall.de\/blog\/wp-json\/wp\/v2\/comments?post=39645"}],"version-history":[{"count":2,"href":"https:\/\/www.urlaubcornwall.de\/blog\/wp-json\/wp\/v2\/pages\/39645\/revisions"}],"predecessor-version":[{"id":48806,"href":"https:\/\/www.urlaubcornwall.de\/blog\/wp-json\/wp\/v2\/pages\/39645\/revisions\/48806"}],"wp:attachment":[{"href":"https:\/\/www.urlaubcornwall.de\/blog\/wp-json\/wp\/v2\/media?parent=39645"}],"curies":[{"name":"wp","href":"https:\/\/api.w.org\/{rel}","templated":true}]}}