{"id":39639,"date":"2020-03-30T11:30:26","date_gmt":"2020-03-30T11:30:26","guid":{"rendered":"https:\/\/www.urlaubcornwall.de\/blog\/?page_id=39639"},"modified":"2020-03-30T11:30:26","modified_gmt":"2020-03-30T11:30:26","slug":"bovey-tracey-urlaub-in-devon-und-suedwestengland","status":"publish","type":"page","link":"https:\/\/www.urlaubcornwall.de\/blog\/bovey-tracey-urlaub-in-devon-und-suedwestengland\/","title":{"rendered":"Bovey Tracey &#8211; Urlaub in Devon und S\u00fcdwestengland"},"content":{"rendered":"<p><img loading=\"lazy\" class=\"aligncenter size-full wp-image-39643\" src=\"https:\/\/www.urlaubcornwall.de\/blog\/wp-content\/uploads\/2020\/03\/bovey-tracey-devon.jpg\" alt=\"bovey tracey devon\" width=\"748\" height=\"418\"\/><\/p>\n<p>Als ein gesch\u00e4ftiges Zentrum an Aktivit\u00e4t vermittelt diese Stadt ein kunstgewerbliches Gef\u00fchl. Sie finden all das, was Sie brauchen bez\u00fcglich Speisen und Notwendigkeiten, sowie Leckereien und Geschenke.<\/p>\n<p style=\"text-align: center;\"><a class=\"tidycta\" href=\"https:\/\/www.urlaubcornwall.de\/ferienhaeuser-fewos\/eng\/sued-devon\/bovey-tracey.html\">Ferienh\u00e4user in Bovey Tracey <\/a><\/p>\n<p>Bei uns finden Sie Ferienh\u00e4user zum Verlieben &#8211; so einfach ist das!  W\u00e4hlen Sie aus \u00fcber 700 pers\u00f6nlich inspizierten Ferienh\u00e4usern, Cottages &#038; Ferienwohnungen in <a href=\"https:\/\/www.urlaubcornwall.de\/ferienhaeuser\/devon.php\">Devon und S\u00fcdwestengland<\/a>. <\/p>\n","protected":false},"excerpt":{"rendered":"<p>Als ein gesch\u00e4ftiges Zentrum an Aktivit\u00e4t vermittelt diese Stadt ein kunstgewerbliches Gef\u00fchl. Sie finden all das, was Sie brauchen bez\u00fcglich Speisen und Notwendigkeiten, sowie Leckereien und Geschenke. Ferienh\u00e4user in Bovey Tracey Bei uns finden Sie Ferienh\u00e4user zum Verlieben &#8211; so einfach ist das! W\u00e4hlen Sie aus \u00fcber 700 pers\u00f6nlich inspizierten Ferienh\u00e4usern, Cottages &#038; Ferienwohnungen in [&hellip;]<\/p>\n","protected":false},"author":1,"featured_media":0,"parent":0,"menu_order":0,"comment_status":"closed","ping_status":"closed","template":"single-four.php","meta":[],"acf":[],"yoast_head":"<!-- This site is optimized with the Yoast SEO plugin v19.4 - https:\/\/yoast.com\/wordpress\/plugins\/seo\/ -->\n<title>Bovey Tracey - Urlaub in Devon und S\u00fcdwestengland - Urlaub &amp; Reisen<\/title>\n<meta name=\"description\" content=\"Als ein gesch\u00e4ftiges Zentrum an Aktivit\u00e4t vermittelt diese Stadt ein kunstgewerbliches Gef\u00fchl. Sie finden all das, was Sie brauchen bez\u00fcglich Speisen und Notwendigkeiten, sowie Leckereien und Geschenke.\" \/>\n<meta name=\"robots\" content=\"index, follow, max-snippet:-1, max-image-preview:large, max-video-preview:-1\" \/>\n<link rel=\"canonical\" href=\"https:\/\/www.urlaubcornwall.de\/blog\/bovey-tracey-urlaub-in-devon-und-suedwestengland\/\" \/>\n<meta property=\"og:locale\" content=\"en_US\" \/>\n<meta property=\"og:type\" content=\"article\" \/>\n<meta property=\"og:title\" content=\"Bovey Tracey - Urlaub in Devon und S\u00fcdwestengland - Urlaub &amp; Reisen\" \/>\n<meta property=\"og:description\" content=\"Als ein gesch\u00e4ftiges Zentrum an Aktivit\u00e4t vermittelt diese Stadt ein kunstgewerbliches Gef\u00fchl. Sie finden all das, was Sie brauchen bez\u00fcglich Speisen und Notwendigkeiten, sowie Leckereien und Geschenke.\" \/>\n<meta property=\"og:url\" content=\"https:\/\/www.urlaubcornwall.de\/blog\/bovey-tracey-urlaub-in-devon-und-suedwestengland\/\" \/>\n<meta property=\"og:site_name\" content=\"Urlaub &amp; Reisen\" \/>\n<meta property=\"og:image\" content=\"https:\/\/www.urlaubcornwall.de\/blog\/wp-content\/uploads\/2020\/03\/bovey-tracey-devon.jpg\" \/>\n<meta name=\"twitter:card\" content=\"summary\" \/>\n<script type=\"application\/ld+json\" class=\"yoast-schema-graph\">{\"@context\":\"https:\/\/schema.org\",\"@graph\":[{\"@type\":\"WebSite\",\"@id\":\"https:\/\/www.urlaubcornwall.de\/blog\/#website\",\"url\":\"https:\/\/www.urlaubcornwall.de\/blog\/\",\"name\":\"Urlaub &amp; Reisen\",\"description\":\"Urlaub, Reisen, Cornwall und S\u00fcdengland: eine perfekte Kombination\",\"potentialAction\":[{\"@type\":\"SearchAction\",\"target\":{\"@type\":\"EntryPoint\",\"urlTemplate\":\"https:\/\/www.urlaubcornwall.de\/blog\/?s={search_term_string}\"},\"query-input\":\"required name=search_term_string\"}],\"inLanguage\":\"en-US\"},{\"@type\":\"WebPage\",\"@id\":\"https:\/\/www.urlaubcornwall.de\/blog\/bovey-tracey-urlaub-in-devon-und-suedwestengland\/\",\"url\":\"https:\/\/www.urlaubcornwall.de\/blog\/bovey-tracey-urlaub-in-devon-und-suedwestengland\/\",\"name\":\"Bovey Tracey - Urlaub in Devon und S\u00fcdwestengland - Urlaub &amp; Reisen\",\"isPartOf\":{\"@id\":\"https:\/\/www.urlaubcornwall.de\/blog\/#website\"},\"datePublished\":\"2020-03-30T11:30:26+00:00\",\"dateModified\":\"2020-03-30T11:30:26+00:00\",\"description\":\"Als ein gesch\u00e4ftiges Zentrum an Aktivit\u00e4t vermittelt diese Stadt ein kunstgewerbliches Gef\u00fchl. Sie finden all das, was Sie brauchen bez\u00fcglich Speisen und Notwendigkeiten, sowie Leckereien und Geschenke.\",\"breadcrumb\":{\"@id\":\"https:\/\/www.urlaubcornwall.de\/blog\/bovey-tracey-urlaub-in-devon-und-suedwestengland\/#breadcrumb\"},\"inLanguage\":\"en-US\",\"potentialAction\":[{\"@type\":\"ReadAction\",\"target\":[\"https:\/\/www.urlaubcornwall.de\/blog\/bovey-tracey-urlaub-in-devon-und-suedwestengland\/\"]}]},{\"@type\":\"BreadcrumbList\",\"@id\":\"https:\/\/www.urlaubcornwall.de\/blog\/bovey-tracey-urlaub-in-devon-und-suedwestengland\/#breadcrumb\",\"itemListElement\":[{\"@type\":\"ListItem\",\"position\":1,\"name\":\"Home\",\"item\":\"https:\/\/www.urlaubcornwall.de\/blog\/\"},{\"@type\":\"ListItem\",\"position\":2,\"name\":\"Bovey Tracey &#8211; Urlaub in Devon und S\u00fcdwestengland\"}]}]}<\/script>\n<!-- \/ Yoast SEO plugin. -->","yoast_head_json":{"title":"Bovey Tracey - Urlaub in Devon und S\u00fcdwestengland - Urlaub &amp; Reisen","description":"Als ein gesch\u00e4ftiges Zentrum an Aktivit\u00e4t vermittelt diese Stadt ein kunstgewerbliches Gef\u00fchl. Sie finden all das, was Sie brauchen bez\u00fcglich Speisen und Notwendigkeiten, sowie Leckereien und Geschenke.","robots":{"index":"index","follow":"follow","max-snippet":"max-snippet:-1","max-image-preview":"max-image-preview:large","max-video-preview":"max-video-preview:-1"},"canonical":"https:\/\/www.urlaubcornwall.de\/blog\/bovey-tracey-urlaub-in-devon-und-suedwestengland\/","og_locale":"en_US","og_type":"article","og_title":"Bovey Tracey - Urlaub in Devon und S\u00fcdwestengland - Urlaub &amp; Reisen","og_description":"Als ein gesch\u00e4ftiges Zentrum an Aktivit\u00e4t vermittelt diese Stadt ein kunstgewerbliches Gef\u00fchl. Sie finden all das, was Sie brauchen bez\u00fcglich Speisen und Notwendigkeiten, sowie Leckereien und Geschenke.","og_url":"https:\/\/www.urlaubcornwall.de\/blog\/bovey-tracey-urlaub-in-devon-und-suedwestengland\/","og_site_name":"Urlaub &amp; Reisen","og_image":[{"url":"https:\/\/www.urlaubcornwall.de\/blog\/wp-content\/uploads\/2020\/03\/bovey-tracey-devon.jpg"}],"twitter_card":"summary","schema":{"@context":"https:\/\/schema.org","@graph":[{"@type":"WebSite","@id":"https:\/\/www.urlaubcornwall.de\/blog\/#website","url":"https:\/\/www.urlaubcornwall.de\/blog\/","name":"Urlaub &amp; Reisen","description":"Urlaub, Reisen, Cornwall und S\u00fcdengland: eine perfekte Kombination","potentialAction":[{"@type":"SearchAction","target":{"@type":"EntryPoint","urlTemplate":"https:\/\/www.urlaubcornwall.de\/blog\/?s={search_term_string}"},"query-input":"required name=search_term_string"}],"inLanguage":"en-US"},{"@type":"WebPage","@id":"https:\/\/www.urlaubcornwall.de\/blog\/bovey-tracey-urlaub-in-devon-und-suedwestengland\/","url":"https:\/\/www.urlaubcornwall.de\/blog\/bovey-tracey-urlaub-in-devon-und-suedwestengland\/","name":"Bovey Tracey - Urlaub in Devon und S\u00fcdwestengland - Urlaub &amp; Reisen","isPartOf":{"@id":"https:\/\/www.urlaubcornwall.de\/blog\/#website"},"datePublished":"2020-03-30T11:30:26+00:00","dateModified":"2020-03-30T11:30:26+00:00","description":"Als ein gesch\u00e4ftiges Zentrum an Aktivit\u00e4t vermittelt diese Stadt ein kunstgewerbliches Gef\u00fchl. Sie finden all das, was Sie brauchen bez\u00fcglich Speisen und Notwendigkeiten, sowie Leckereien und Geschenke.","breadcrumb":{"@id":"https:\/\/www.urlaubcornwall.de\/blog\/bovey-tracey-urlaub-in-devon-und-suedwestengland\/#breadcrumb"},"inLanguage":"en-US","potentialAction":[{"@type":"ReadAction","target":["https:\/\/www.urlaubcornwall.de\/blog\/bovey-tracey-urlaub-in-devon-und-suedwestengland\/"]}]},{"@type":"BreadcrumbList","@id":"https:\/\/www.urlaubcornwall.de\/blog\/bovey-tracey-urlaub-in-devon-und-suedwestengland\/#breadcrumb","itemListElement":[{"@type":"ListItem","position":1,"name":"Home","item":"https:\/\/www.urlaubcornwall.de\/blog\/"},{"@type":"ListItem","position":2,"name":"Bovey Tracey &#8211; Urlaub in Devon und S\u00fcdwestengland"}]}]}},"_links":{"self":[{"href":"https:\/\/www.urlaubcornwall.de\/blog\/wp-json\/wp\/v2\/pages\/39639"}],"collection":[{"href":"https:\/\/www.urlaubcornwall.de\/blog\/wp-json\/wp\/v2\/pages"}],"about":[{"href":"https:\/\/www.urlaubcornwall.de\/blog\/wp-json\/wp\/v2\/types\/page"}],"author":[{"embeddable":true,"href":"https:\/\/www.urlaubcornwall.de\/blog\/wp-json\/wp\/v2\/users\/1"}],"replies":[{"embeddable":true,"href":"https:\/\/www.urlaubcornwall.de\/blog\/wp-json\/wp\/v2\/comments?post=39639"}],"version-history":[{"count":1,"href":"https:\/\/www.urlaubcornwall.de\/blog\/wp-json\/wp\/v2\/pages\/39639\/revisions"}],"predecessor-version":[{"id":39644,"href":"https:\/\/www.urlaubcornwall.de\/blog\/wp-json\/wp\/v2\/pages\/39639\/revisions\/39644"}],"wp:attachment":[{"href":"https:\/\/www.urlaubcornwall.de\/blog\/wp-json\/wp\/v2\/media?parent=39639"}],"curies":[{"name":"wp","href":"https:\/\/api.w.org\/{rel}","templated":true}]}}