{"id":39634,"date":"2020-03-30T11:16:59","date_gmt":"2020-03-30T11:16:59","guid":{"rendered":"https:\/\/www.urlaubcornwall.de\/blog\/?page_id=39634"},"modified":"2020-03-30T11:16:59","modified_gmt":"2020-03-30T11:16:59","slug":"bigbury-on-sea-urlaub-in-devon-und-suedwestengland","status":"publish","type":"page","link":"https:\/\/www.urlaubcornwall.de\/blog\/bigbury-on-sea-urlaub-in-devon-und-suedwestengland\/","title":{"rendered":"Bigbury on Sea &#8211; Urlaub in Devon und S\u00fcdwestengland"},"content":{"rendered":"<p><img loading=\"lazy\" class=\"aligncenter size-full wp-image-33395\" src=\"https:\/\/www.urlaubcornwall.de\/blog\/wp-content\/uploads\/2018\/03\/hotel-sonderangebote-devon.jpg\" alt=\"Bigbury on Sea\" width=\"745\" height=\"362\" srcset=\"https:\/\/www.urlaubcornwall.de\/blog\/wp-content\/uploads\/2018\/03\/hotel-sonderangebote-devon.jpg 745w, https:\/\/www.urlaubcornwall.de\/blog\/wp-content\/uploads\/2018\/03\/hotel-sonderangebote-devon-300x146.jpg 300w\" sizes=\"(max-width: 745px) 100vw, 745px\" \/><\/p>\n<p>Riesige, sich ausdehnende gelbe Sandstr\u00e4nde, eine entz\u00fcckende Insel, die bei Ebbe zu Fu\u00df erreichbar ist und fette, saftige Austern der Bigbury Bucht &#8211; Bigbury-on-Sea hat dem Besucher eine Menge zu bieten. Machen Sie einen Ausflug mit dem Meerestraktor zur Burgh Insel, wo Noel Coward und Agatha Christie in den 1920ern eleganten Partys besuchten; mieten Sie ein Surfbrett und schwingen Sie sich in die Wellen; wandern Sie den K\u00fcstenpfad entlang oder lehnen Sie sich einfach zur\u00fcck und genie\u00dfen die herrliche Landschaft.<\/p>\n<p style=\"text-align: center;\"><a class=\"tidycta\" href=\"https:\/\/www.urlaubcornwall.de\/ferienhaeuser-fewos\/eng\/nord-devon\/bideford.html\">Ferienh\u00e4user in Bideford <\/a><\/p>\n<p>Bei uns finden Sie Ferienh\u00e4user zum Verlieben &#8211; so einfach ist das!  W\u00e4hlen Sie aus \u00fcber 700 pers\u00f6nlich inspizierten Ferienh\u00e4usern, Cottages &#038; Ferienwohnungen in <a href=\"https:\/\/www.urlaubcornwall.de\/ferienhaeuser\/devon.php\">Devon und S\u00fcdwestengland<\/a>. <\/p>\n","protected":false},"excerpt":{"rendered":"<p>Riesige, sich ausdehnende gelbe Sandstr\u00e4nde, eine entz\u00fcckende Insel, die bei Ebbe zu Fu\u00df erreichbar ist und fette, saftige Austern der Bigbury Bucht &#8211; Bigbury-on-Sea hat dem Besucher eine Menge zu bieten. Machen Sie einen Ausflug mit dem Meerestraktor zur Burgh Insel, wo Noel Coward und Agatha Christie in den 1920ern eleganten Partys besuchten; mieten Sie [&hellip;]<\/p>\n","protected":false},"author":1,"featured_media":0,"parent":0,"menu_order":0,"comment_status":"closed","ping_status":"closed","template":"single-four.php","meta":[],"acf":[],"yoast_head":"<!-- This site is optimized with the Yoast SEO plugin v19.4 - https:\/\/yoast.com\/wordpress\/plugins\/seo\/ -->\n<title>Bigbury on Sea - Urlaub in Devon und S\u00fcdwestengland - Urlaub &amp; Reisen<\/title>\n<meta name=\"description\" content=\"Riesige, sich ausdehnende gelbe Sandstr\u00e4nde, eine entz\u00fcckende Insel, die bei Ebbe zu Fu\u00df erreichbar ist und fette, saftige Austern der Bigbury Bucht - Bigbury-on-Sea hat dem Besucher eine Menge zu bieten. Machen Sie einen Ausflug mit dem Meerestraktor zur Burgh Insel, wo Noel Coward und Agatha Christie in den 1920ern eleganten Partys besuchten; mieten Sie ein Surfbrett und schwingen Sie sich in die Wellen; wandern Sie den K\u00fcstenpfad entlang oder lehnen Sie sich einfach zur\u00fcck und genie\u00dfen die herrliche Landschaft.\" \/>\n<meta name=\"robots\" content=\"index, follow, max-snippet:-1, max-image-preview:large, max-video-preview:-1\" \/>\n<link rel=\"canonical\" href=\"https:\/\/www.urlaubcornwall.de\/blog\/bigbury-on-sea-urlaub-in-devon-und-suedwestengland\/\" \/>\n<meta property=\"og:locale\" content=\"en_US\" \/>\n<meta property=\"og:type\" content=\"article\" \/>\n<meta property=\"og:title\" content=\"Bigbury on Sea - Urlaub in Devon und S\u00fcdwestengland - Urlaub &amp; Reisen\" \/>\n<meta property=\"og:description\" content=\"Riesige, sich ausdehnende gelbe Sandstr\u00e4nde, eine entz\u00fcckende Insel, die bei Ebbe zu Fu\u00df erreichbar ist und fette, saftige Austern der Bigbury Bucht - Bigbury-on-Sea hat dem Besucher eine Menge zu bieten. Machen Sie einen Ausflug mit dem Meerestraktor zur Burgh Insel, wo Noel Coward und Agatha Christie in den 1920ern eleganten Partys besuchten; mieten Sie ein Surfbrett und schwingen Sie sich in die Wellen; wandern Sie den K\u00fcstenpfad entlang oder lehnen Sie sich einfach zur\u00fcck und genie\u00dfen die herrliche Landschaft.\" \/>\n<meta property=\"og:url\" content=\"https:\/\/www.urlaubcornwall.de\/blog\/bigbury-on-sea-urlaub-in-devon-und-suedwestengland\/\" \/>\n<meta property=\"og:site_name\" content=\"Urlaub &amp; Reisen\" \/>\n<meta property=\"og:image\" content=\"https:\/\/www.urlaubcornwall.de\/blog\/wp-content\/uploads\/2018\/03\/hotel-sonderangebote-devon.jpg\" \/>\n<meta name=\"twitter:card\" content=\"summary\" \/>\n<meta name=\"twitter:label1\" content=\"Est. reading time\" \/>\n\t<meta name=\"twitter:data1\" content=\"1 minute\" \/>\n<script type=\"application\/ld+json\" class=\"yoast-schema-graph\">{\"@context\":\"https:\/\/schema.org\",\"@graph\":[{\"@type\":\"WebSite\",\"@id\":\"https:\/\/www.urlaubcornwall.de\/blog\/#website\",\"url\":\"https:\/\/www.urlaubcornwall.de\/blog\/\",\"name\":\"Urlaub &amp; Reisen\",\"description\":\"Urlaub, Reisen, Cornwall und S\u00fcdengland: eine perfekte Kombination\",\"potentialAction\":[{\"@type\":\"SearchAction\",\"target\":{\"@type\":\"EntryPoint\",\"urlTemplate\":\"https:\/\/www.urlaubcornwall.de\/blog\/?s={search_term_string}\"},\"query-input\":\"required name=search_term_string\"}],\"inLanguage\":\"en-US\"},{\"@type\":\"WebPage\",\"@id\":\"https:\/\/www.urlaubcornwall.de\/blog\/bigbury-on-sea-urlaub-in-devon-und-suedwestengland\/\",\"url\":\"https:\/\/www.urlaubcornwall.de\/blog\/bigbury-on-sea-urlaub-in-devon-und-suedwestengland\/\",\"name\":\"Bigbury on Sea - Urlaub in Devon und S\u00fcdwestengland - Urlaub &amp; Reisen\",\"isPartOf\":{\"@id\":\"https:\/\/www.urlaubcornwall.de\/blog\/#website\"},\"datePublished\":\"2020-03-30T11:16:59+00:00\",\"dateModified\":\"2020-03-30T11:16:59+00:00\",\"description\":\"Riesige, sich ausdehnende gelbe Sandstr\u00e4nde, eine entz\u00fcckende Insel, die bei Ebbe zu Fu\u00df erreichbar ist und fette, saftige Austern der Bigbury Bucht - Bigbury-on-Sea hat dem Besucher eine Menge zu bieten. Machen Sie einen Ausflug mit dem Meerestraktor zur Burgh Insel, wo Noel Coward und Agatha Christie in den 1920ern eleganten Partys besuchten; mieten Sie ein Surfbrett und schwingen Sie sich in die Wellen; wandern Sie den K\u00fcstenpfad entlang oder lehnen Sie sich einfach zur\u00fcck und genie\u00dfen die herrliche Landschaft.\",\"breadcrumb\":{\"@id\":\"https:\/\/www.urlaubcornwall.de\/blog\/bigbury-on-sea-urlaub-in-devon-und-suedwestengland\/#breadcrumb\"},\"inLanguage\":\"en-US\",\"potentialAction\":[{\"@type\":\"ReadAction\",\"target\":[\"https:\/\/www.urlaubcornwall.de\/blog\/bigbury-on-sea-urlaub-in-devon-und-suedwestengland\/\"]}]},{\"@type\":\"BreadcrumbList\",\"@id\":\"https:\/\/www.urlaubcornwall.de\/blog\/bigbury-on-sea-urlaub-in-devon-und-suedwestengland\/#breadcrumb\",\"itemListElement\":[{\"@type\":\"ListItem\",\"position\":1,\"name\":\"Home\",\"item\":\"https:\/\/www.urlaubcornwall.de\/blog\/\"},{\"@type\":\"ListItem\",\"position\":2,\"name\":\"Bigbury on Sea &#8211; Urlaub in Devon und S\u00fcdwestengland\"}]}]}<\/script>\n<!-- \/ Yoast SEO plugin. -->","yoast_head_json":{"title":"Bigbury on Sea - Urlaub in Devon und S\u00fcdwestengland - Urlaub &amp; Reisen","description":"Riesige, sich ausdehnende gelbe Sandstr\u00e4nde, eine entz\u00fcckende Insel, die bei Ebbe zu Fu\u00df erreichbar ist und fette, saftige Austern der Bigbury Bucht - Bigbury-on-Sea hat dem Besucher eine Menge zu bieten. Machen Sie einen Ausflug mit dem Meerestraktor zur Burgh Insel, wo Noel Coward und Agatha Christie in den 1920ern eleganten Partys besuchten; mieten Sie ein Surfbrett und schwingen Sie sich in die Wellen; wandern Sie den K\u00fcstenpfad entlang oder lehnen Sie sich einfach zur\u00fcck und genie\u00dfen die herrliche Landschaft.","robots":{"index":"index","follow":"follow","max-snippet":"max-snippet:-1","max-image-preview":"max-image-preview:large","max-video-preview":"max-video-preview:-1"},"canonical":"https:\/\/www.urlaubcornwall.de\/blog\/bigbury-on-sea-urlaub-in-devon-und-suedwestengland\/","og_locale":"en_US","og_type":"article","og_title":"Bigbury on Sea - Urlaub in Devon und S\u00fcdwestengland - Urlaub &amp; Reisen","og_description":"Riesige, sich ausdehnende gelbe Sandstr\u00e4nde, eine entz\u00fcckende Insel, die bei Ebbe zu Fu\u00df erreichbar ist und fette, saftige Austern der Bigbury Bucht - Bigbury-on-Sea hat dem Besucher eine Menge zu bieten. Machen Sie einen Ausflug mit dem Meerestraktor zur Burgh Insel, wo Noel Coward und Agatha Christie in den 1920ern eleganten Partys besuchten; mieten Sie ein Surfbrett und schwingen Sie sich in die Wellen; wandern Sie den K\u00fcstenpfad entlang oder lehnen Sie sich einfach zur\u00fcck und genie\u00dfen die herrliche Landschaft.","og_url":"https:\/\/www.urlaubcornwall.de\/blog\/bigbury-on-sea-urlaub-in-devon-und-suedwestengland\/","og_site_name":"Urlaub &amp; Reisen","og_image":[{"url":"https:\/\/www.urlaubcornwall.de\/blog\/wp-content\/uploads\/2018\/03\/hotel-sonderangebote-devon.jpg"}],"twitter_card":"summary","twitter_misc":{"Est. reading time":"1 minute"},"schema":{"@context":"https:\/\/schema.org","@graph":[{"@type":"WebSite","@id":"https:\/\/www.urlaubcornwall.de\/blog\/#website","url":"https:\/\/www.urlaubcornwall.de\/blog\/","name":"Urlaub &amp; Reisen","description":"Urlaub, Reisen, Cornwall und S\u00fcdengland: eine perfekte Kombination","potentialAction":[{"@type":"SearchAction","target":{"@type":"EntryPoint","urlTemplate":"https:\/\/www.urlaubcornwall.de\/blog\/?s={search_term_string}"},"query-input":"required name=search_term_string"}],"inLanguage":"en-US"},{"@type":"WebPage","@id":"https:\/\/www.urlaubcornwall.de\/blog\/bigbury-on-sea-urlaub-in-devon-und-suedwestengland\/","url":"https:\/\/www.urlaubcornwall.de\/blog\/bigbury-on-sea-urlaub-in-devon-und-suedwestengland\/","name":"Bigbury on Sea - Urlaub in Devon und S\u00fcdwestengland - Urlaub &amp; Reisen","isPartOf":{"@id":"https:\/\/www.urlaubcornwall.de\/blog\/#website"},"datePublished":"2020-03-30T11:16:59+00:00","dateModified":"2020-03-30T11:16:59+00:00","description":"Riesige, sich ausdehnende gelbe Sandstr\u00e4nde, eine entz\u00fcckende Insel, die bei Ebbe zu Fu\u00df erreichbar ist und fette, saftige Austern der Bigbury Bucht - Bigbury-on-Sea hat dem Besucher eine Menge zu bieten. Machen Sie einen Ausflug mit dem Meerestraktor zur Burgh Insel, wo Noel Coward und Agatha Christie in den 1920ern eleganten Partys besuchten; mieten Sie ein Surfbrett und schwingen Sie sich in die Wellen; wandern Sie den K\u00fcstenpfad entlang oder lehnen Sie sich einfach zur\u00fcck und genie\u00dfen die herrliche Landschaft.","breadcrumb":{"@id":"https:\/\/www.urlaubcornwall.de\/blog\/bigbury-on-sea-urlaub-in-devon-und-suedwestengland\/#breadcrumb"},"inLanguage":"en-US","potentialAction":[{"@type":"ReadAction","target":["https:\/\/www.urlaubcornwall.de\/blog\/bigbury-on-sea-urlaub-in-devon-und-suedwestengland\/"]}]},{"@type":"BreadcrumbList","@id":"https:\/\/www.urlaubcornwall.de\/blog\/bigbury-on-sea-urlaub-in-devon-und-suedwestengland\/#breadcrumb","itemListElement":[{"@type":"ListItem","position":1,"name":"Home","item":"https:\/\/www.urlaubcornwall.de\/blog\/"},{"@type":"ListItem","position":2,"name":"Bigbury on Sea &#8211; Urlaub in Devon und S\u00fcdwestengland"}]}]}},"_links":{"self":[{"href":"https:\/\/www.urlaubcornwall.de\/blog\/wp-json\/wp\/v2\/pages\/39634"}],"collection":[{"href":"https:\/\/www.urlaubcornwall.de\/blog\/wp-json\/wp\/v2\/pages"}],"about":[{"href":"https:\/\/www.urlaubcornwall.de\/blog\/wp-json\/wp\/v2\/types\/page"}],"author":[{"embeddable":true,"href":"https:\/\/www.urlaubcornwall.de\/blog\/wp-json\/wp\/v2\/users\/1"}],"replies":[{"embeddable":true,"href":"https:\/\/www.urlaubcornwall.de\/blog\/wp-json\/wp\/v2\/comments?post=39634"}],"version-history":[{"count":1,"href":"https:\/\/www.urlaubcornwall.de\/blog\/wp-json\/wp\/v2\/pages\/39634\/revisions"}],"predecessor-version":[{"id":39635,"href":"https:\/\/www.urlaubcornwall.de\/blog\/wp-json\/wp\/v2\/pages\/39634\/revisions\/39635"}],"wp:attachment":[{"href":"https:\/\/www.urlaubcornwall.de\/blog\/wp-json\/wp\/v2\/media?parent=39634"}],"curies":[{"name":"wp","href":"https:\/\/api.w.org\/{rel}","templated":true}]}}