{"id":39632,"date":"2020-03-30T11:12:24","date_gmt":"2020-03-30T11:12:24","guid":{"rendered":"https:\/\/www.urlaubcornwall.de\/blog\/?page_id=39632"},"modified":"2020-03-30T11:12:24","modified_gmt":"2020-03-30T11:12:24","slug":"bideford-urlaub-in-devon-und-suedwestengland","status":"publish","type":"page","link":"https:\/\/www.urlaubcornwall.de\/blog\/bideford-urlaub-in-devon-und-suedwestengland\/","title":{"rendered":"Bideford &#8211; Urlaub in Devon und S\u00fcdwestengland"},"content":{"rendered":"<p><img loading=\"lazy\" class=\"aligncenter size-full wp-image-30380\" src=\"https:\/\/www.urlaubcornwall.de\/blog\/wp-content\/uploads\/2017\/11\/bideford-hotel.jpg\" alt=\"bideford devon\" width=\"745\" height=\"377\" srcset=\"https:\/\/www.urlaubcornwall.de\/blog\/wp-content\/uploads\/2017\/11\/bideford-hotel.jpg 745w, https:\/\/www.urlaubcornwall.de\/blog\/wp-content\/uploads\/2017\/11\/bideford-hotel-300x152.jpg 300w\" sizes=\"(max-width: 745px) 100vw, 745px\" \/><\/p>\n<p>Genau das, was Sie von einem Dorf am Meer wollen \u2013 gewei\u00dfelte H\u00e4user, durcheinander gew\u00fcrfelte enge G\u00e4sschen, ein uriger Hafen und eine Menge gem\u00fctlicher Kneipen und Caf\u00e9s, die zum Verweilen einladen.<\/p>\n<p style=\"text-align: center;\"><a class=\"tidycta\" href=\"https:\/\/www.urlaubcornwall.de\/ferienhaeuser-fewos\/eng\/nord-devon\/bideford.html\">Ferienh\u00e4user in Bideford <\/a><\/p>\n<p>Bei uns finden Sie Ferienh\u00e4user zum Verlieben &#8211; so einfach ist das!  W\u00e4hlen Sie aus \u00fcber 700 pers\u00f6nlich inspizierten Ferienh\u00e4usern, Cottages &#038; Ferienwohnungen in <a href=\"https:\/\/www.urlaubcornwall.de\/ferienhaeuser\/devon.php\">Devon und S\u00fcdwestengland<\/a>. <\/p>\n","protected":false},"excerpt":{"rendered":"<p>Genau das, was Sie von einem Dorf am Meer wollen \u2013 gewei\u00dfelte H\u00e4user, durcheinander gew\u00fcrfelte enge G\u00e4sschen, ein uriger Hafen und eine Menge gem\u00fctlicher Kneipen und Caf\u00e9s, die zum Verweilen einladen. Ferienh\u00e4user in Bideford Bei uns finden Sie Ferienh\u00e4user zum Verlieben &#8211; so einfach ist das! W\u00e4hlen Sie aus \u00fcber 700 pers\u00f6nlich inspizierten Ferienh\u00e4usern, Cottages [&hellip;]<\/p>\n","protected":false},"author":1,"featured_media":0,"parent":0,"menu_order":0,"comment_status":"closed","ping_status":"closed","template":"single-four.php","meta":[],"acf":[],"yoast_head":"<!-- This site is optimized with the Yoast SEO plugin v19.4 - https:\/\/yoast.com\/wordpress\/plugins\/seo\/ -->\n<title>Bideford - Urlaub in Devon und S\u00fcdwestengland - Urlaub &amp; Reisen<\/title>\n<meta name=\"robots\" content=\"index, follow, max-snippet:-1, max-image-preview:large, max-video-preview:-1\" \/>\n<link rel=\"canonical\" href=\"https:\/\/www.urlaubcornwall.de\/blog\/bideford-urlaub-in-devon-und-suedwestengland\/\" \/>\n<meta property=\"og:locale\" content=\"en_US\" \/>\n<meta property=\"og:type\" content=\"article\" \/>\n<meta property=\"og:title\" content=\"Bideford - Urlaub in Devon und S\u00fcdwestengland - Urlaub &amp; Reisen\" \/>\n<meta property=\"og:description\" content=\"Genau das, was Sie von einem Dorf am Meer wollen \u2013 gewei\u00dfelte H\u00e4user, durcheinander gew\u00fcrfelte enge G\u00e4sschen, ein uriger Hafen und eine Menge gem\u00fctlicher Kneipen und Caf\u00e9s, die zum Verweilen einladen. Ferienh\u00e4user in Bideford Bei uns finden Sie Ferienh\u00e4user zum Verlieben &#8211; so einfach ist das! W\u00e4hlen Sie aus \u00fcber 700 pers\u00f6nlich inspizierten Ferienh\u00e4usern, Cottages [&hellip;]\" \/>\n<meta property=\"og:url\" content=\"https:\/\/www.urlaubcornwall.de\/blog\/bideford-urlaub-in-devon-und-suedwestengland\/\" \/>\n<meta property=\"og:site_name\" content=\"Urlaub &amp; Reisen\" \/>\n<meta property=\"og:image\" content=\"https:\/\/www.urlaubcornwall.de\/blog\/wp-content\/uploads\/2017\/11\/bideford-hotel.jpg\" \/>\n<meta name=\"twitter:card\" content=\"summary\" \/>\n<script type=\"application\/ld+json\" class=\"yoast-schema-graph\">{\"@context\":\"https:\/\/schema.org\",\"@graph\":[{\"@type\":\"WebSite\",\"@id\":\"https:\/\/www.urlaubcornwall.de\/blog\/#website\",\"url\":\"https:\/\/www.urlaubcornwall.de\/blog\/\",\"name\":\"Urlaub &amp; Reisen\",\"description\":\"Urlaub, Reisen, Cornwall und S\u00fcdengland: eine perfekte Kombination\",\"potentialAction\":[{\"@type\":\"SearchAction\",\"target\":{\"@type\":\"EntryPoint\",\"urlTemplate\":\"https:\/\/www.urlaubcornwall.de\/blog\/?s={search_term_string}\"},\"query-input\":\"required name=search_term_string\"}],\"inLanguage\":\"en-US\"},{\"@type\":\"WebPage\",\"@id\":\"https:\/\/www.urlaubcornwall.de\/blog\/bideford-urlaub-in-devon-und-suedwestengland\/\",\"url\":\"https:\/\/www.urlaubcornwall.de\/blog\/bideford-urlaub-in-devon-und-suedwestengland\/\",\"name\":\"Bideford - Urlaub in Devon und S\u00fcdwestengland - Urlaub &amp; Reisen\",\"isPartOf\":{\"@id\":\"https:\/\/www.urlaubcornwall.de\/blog\/#website\"},\"datePublished\":\"2020-03-30T11:12:24+00:00\",\"dateModified\":\"2020-03-30T11:12:24+00:00\",\"breadcrumb\":{\"@id\":\"https:\/\/www.urlaubcornwall.de\/blog\/bideford-urlaub-in-devon-und-suedwestengland\/#breadcrumb\"},\"inLanguage\":\"en-US\",\"potentialAction\":[{\"@type\":\"ReadAction\",\"target\":[\"https:\/\/www.urlaubcornwall.de\/blog\/bideford-urlaub-in-devon-und-suedwestengland\/\"]}]},{\"@type\":\"BreadcrumbList\",\"@id\":\"https:\/\/www.urlaubcornwall.de\/blog\/bideford-urlaub-in-devon-und-suedwestengland\/#breadcrumb\",\"itemListElement\":[{\"@type\":\"ListItem\",\"position\":1,\"name\":\"Home\",\"item\":\"https:\/\/www.urlaubcornwall.de\/blog\/\"},{\"@type\":\"ListItem\",\"position\":2,\"name\":\"Bideford &#8211; Urlaub in Devon und S\u00fcdwestengland\"}]}]}<\/script>\n<!-- \/ Yoast SEO plugin. -->","yoast_head_json":{"title":"Bideford - Urlaub in Devon und S\u00fcdwestengland - Urlaub &amp; Reisen","robots":{"index":"index","follow":"follow","max-snippet":"max-snippet:-1","max-image-preview":"max-image-preview:large","max-video-preview":"max-video-preview:-1"},"canonical":"https:\/\/www.urlaubcornwall.de\/blog\/bideford-urlaub-in-devon-und-suedwestengland\/","og_locale":"en_US","og_type":"article","og_title":"Bideford - Urlaub in Devon und S\u00fcdwestengland - Urlaub &amp; Reisen","og_description":"Genau das, was Sie von einem Dorf am Meer wollen \u2013 gewei\u00dfelte H\u00e4user, durcheinander gew\u00fcrfelte enge G\u00e4sschen, ein uriger Hafen und eine Menge gem\u00fctlicher Kneipen und Caf\u00e9s, die zum Verweilen einladen. Ferienh\u00e4user in Bideford Bei uns finden Sie Ferienh\u00e4user zum Verlieben &#8211; so einfach ist das! W\u00e4hlen Sie aus \u00fcber 700 pers\u00f6nlich inspizierten Ferienh\u00e4usern, Cottages [&hellip;]","og_url":"https:\/\/www.urlaubcornwall.de\/blog\/bideford-urlaub-in-devon-und-suedwestengland\/","og_site_name":"Urlaub &amp; Reisen","og_image":[{"url":"https:\/\/www.urlaubcornwall.de\/blog\/wp-content\/uploads\/2017\/11\/bideford-hotel.jpg"}],"twitter_card":"summary","schema":{"@context":"https:\/\/schema.org","@graph":[{"@type":"WebSite","@id":"https:\/\/www.urlaubcornwall.de\/blog\/#website","url":"https:\/\/www.urlaubcornwall.de\/blog\/","name":"Urlaub &amp; Reisen","description":"Urlaub, Reisen, Cornwall und S\u00fcdengland: eine perfekte Kombination","potentialAction":[{"@type":"SearchAction","target":{"@type":"EntryPoint","urlTemplate":"https:\/\/www.urlaubcornwall.de\/blog\/?s={search_term_string}"},"query-input":"required name=search_term_string"}],"inLanguage":"en-US"},{"@type":"WebPage","@id":"https:\/\/www.urlaubcornwall.de\/blog\/bideford-urlaub-in-devon-und-suedwestengland\/","url":"https:\/\/www.urlaubcornwall.de\/blog\/bideford-urlaub-in-devon-und-suedwestengland\/","name":"Bideford - Urlaub in Devon und S\u00fcdwestengland - Urlaub &amp; Reisen","isPartOf":{"@id":"https:\/\/www.urlaubcornwall.de\/blog\/#website"},"datePublished":"2020-03-30T11:12:24+00:00","dateModified":"2020-03-30T11:12:24+00:00","breadcrumb":{"@id":"https:\/\/www.urlaubcornwall.de\/blog\/bideford-urlaub-in-devon-und-suedwestengland\/#breadcrumb"},"inLanguage":"en-US","potentialAction":[{"@type":"ReadAction","target":["https:\/\/www.urlaubcornwall.de\/blog\/bideford-urlaub-in-devon-und-suedwestengland\/"]}]},{"@type":"BreadcrumbList","@id":"https:\/\/www.urlaubcornwall.de\/blog\/bideford-urlaub-in-devon-und-suedwestengland\/#breadcrumb","itemListElement":[{"@type":"ListItem","position":1,"name":"Home","item":"https:\/\/www.urlaubcornwall.de\/blog\/"},{"@type":"ListItem","position":2,"name":"Bideford &#8211; Urlaub in Devon und S\u00fcdwestengland"}]}]}},"_links":{"self":[{"href":"https:\/\/www.urlaubcornwall.de\/blog\/wp-json\/wp\/v2\/pages\/39632"}],"collection":[{"href":"https:\/\/www.urlaubcornwall.de\/blog\/wp-json\/wp\/v2\/pages"}],"about":[{"href":"https:\/\/www.urlaubcornwall.de\/blog\/wp-json\/wp\/v2\/types\/page"}],"author":[{"embeddable":true,"href":"https:\/\/www.urlaubcornwall.de\/blog\/wp-json\/wp\/v2\/users\/1"}],"replies":[{"embeddable":true,"href":"https:\/\/www.urlaubcornwall.de\/blog\/wp-json\/wp\/v2\/comments?post=39632"}],"version-history":[{"count":2,"href":"https:\/\/www.urlaubcornwall.de\/blog\/wp-json\/wp\/v2\/pages\/39632\/revisions"}],"predecessor-version":[{"id":39640,"href":"https:\/\/www.urlaubcornwall.de\/blog\/wp-json\/wp\/v2\/pages\/39632\/revisions\/39640"}],"wp:attachment":[{"href":"https:\/\/www.urlaubcornwall.de\/blog\/wp-json\/wp\/v2\/media?parent=39632"}],"curies":[{"name":"wp","href":"https:\/\/api.w.org\/{rel}","templated":true}]}}