{"id":39620,"date":"2020-03-30T10:52:42","date_gmt":"2020-03-30T10:52:42","guid":{"rendered":"https:\/\/www.urlaubcornwall.de\/blog\/?page_id=39620"},"modified":"2024-04-03T12:16:50","modified_gmt":"2024-04-03T12:16:50","slug":"beaworthy-urlaub-in-devon-und-suedwestengland","status":"publish","type":"page","link":"https:\/\/www.urlaubcornwall.de\/blog\/beaworthy-urlaub-in-devon-und-suedwestengland\/","title":{"rendered":"Beaworthy &#8211; Urlaub in Devon und S\u00fcdwestengland"},"content":{"rendered":"<p><img loading=\"lazy\" class=\"aligncenter size-full wp-image-48134\" src=\"https:\/\/www.urlaubcornwall.de\/blog\/wp-content\/uploads\/2024\/03\/42070059.jpg\" alt=\"beaworthy\" width=\"750\" height=\"500\" srcset=\"https:\/\/www.urlaubcornwall.de\/blog\/wp-content\/uploads\/2024\/03\/42070059.jpg 750w, https:\/\/www.urlaubcornwall.de\/blog\/wp-content\/uploads\/2024\/03\/42070059-300x200.jpg 300w\" sizes=\"(max-width: 750px) 100vw, 750px\" \/><\/p>\n<p>Indem es in einer friedvollen kleinen Ecke auf dem Lande in <a href=\"https:\/\/www.urlaubcornwall.de\/reiseziel\/devon.php\">Devon<\/a> liegt, ist Beaworthy der perfekte Urlaubsort f\u00fcr enthusiastische Angler \u2013 mit einer Handvoll hervorragender  Angelteichen. Das offene Land ist ein Traum f\u00fcr Wanderer; weit entfernt von den Massen und dem Verkehrsl\u00e4rm. Um Beaworthy herum zu wandern, ist eine segensreiche Flucht vor der Wirklichkeit.<\/p>\n<p style=\"text-align: center;\"><a class=\"tidycta\" href=\"https:\/\/www.urlaubcornwall.de\/ferienhaeuser-fewos\/eng\/nord-devon\/beaworthy.html\">Ferienh\u00e4user in Beaworthy <\/a><\/p>\n<p>Bei uns finden Sie Ferienh\u00e4user zum Verlieben &#8211; so einfach ist das!  W\u00e4hlen Sie aus \u00fcber 700 pers\u00f6nlich inspizierten Ferienh\u00e4usern, Cottages &#038; Ferienwohnungen in <a href=\"https:\/\/www.urlaubcornwall.de\/ferienhaeuser\/devon.php\">Devon und S\u00fcdwestengland<\/a>. <\/p>\n","protected":false},"excerpt":{"rendered":"<p>Indem es in einer friedvollen kleinen Ecke auf dem Lande in Devon liegt, ist Beaworthy der perfekte Urlaubsort f\u00fcr enthusiastische Angler \u2013 mit einer Handvoll hervorragender Angelteichen. Das offene Land ist ein Traum f\u00fcr Wanderer; weit entfernt von den Massen und dem Verkehrsl\u00e4rm. Um Beaworthy herum zu wandern, ist eine segensreiche Flucht vor der Wirklichkeit. [&hellip;]<\/p>\n","protected":false},"author":1,"featured_media":0,"parent":0,"menu_order":0,"comment_status":"closed","ping_status":"closed","template":"single-four.php","meta":[],"acf":[],"yoast_head":"<!-- This site is optimized with the Yoast SEO plugin v19.4 - https:\/\/yoast.com\/wordpress\/plugins\/seo\/ -->\n<title>Beaworthy - Urlaub in Devon und S\u00fcdwestengland - Urlaub &amp; Reisen<\/title>\n<meta name=\"robots\" content=\"index, follow, max-snippet:-1, max-image-preview:large, max-video-preview:-1\" \/>\n<link rel=\"canonical\" href=\"https:\/\/www.urlaubcornwall.de\/blog\/beaworthy-urlaub-in-devon-und-suedwestengland\/\" \/>\n<meta property=\"og:locale\" content=\"en_US\" \/>\n<meta property=\"og:type\" content=\"article\" \/>\n<meta property=\"og:title\" content=\"Beaworthy - Urlaub in Devon und S\u00fcdwestengland - Urlaub &amp; Reisen\" \/>\n<meta property=\"og:description\" content=\"Indem es in einer friedvollen kleinen Ecke auf dem Lande in Devon liegt, ist Beaworthy der perfekte Urlaubsort f\u00fcr enthusiastische Angler \u2013 mit einer Handvoll hervorragender Angelteichen. Das offene Land ist ein Traum f\u00fcr Wanderer; weit entfernt von den Massen und dem Verkehrsl\u00e4rm. Um Beaworthy herum zu wandern, ist eine segensreiche Flucht vor der Wirklichkeit. [&hellip;]\" \/>\n<meta property=\"og:url\" content=\"https:\/\/www.urlaubcornwall.de\/blog\/beaworthy-urlaub-in-devon-und-suedwestengland\/\" \/>\n<meta property=\"og:site_name\" content=\"Urlaub &amp; Reisen\" \/>\n<meta property=\"article:modified_time\" content=\"2024-04-03T12:16:50+00:00\" \/>\n<meta property=\"og:image\" content=\"https:\/\/www.urlaubcornwall.de\/blog\/wp-content\/uploads\/2024\/03\/42070059.jpg\" \/>\n<meta name=\"twitter:card\" content=\"summary\" \/>\n<meta name=\"twitter:label1\" content=\"Est. reading time\" \/>\n\t<meta name=\"twitter:data1\" content=\"1 minute\" \/>\n<script type=\"application\/ld+json\" class=\"yoast-schema-graph\">{\"@context\":\"https:\/\/schema.org\",\"@graph\":[{\"@type\":\"WebSite\",\"@id\":\"https:\/\/www.urlaubcornwall.de\/blog\/#website\",\"url\":\"https:\/\/www.urlaubcornwall.de\/blog\/\",\"name\":\"Urlaub &amp; Reisen\",\"description\":\"Urlaub, Reisen, Cornwall und S\u00fcdengland: eine perfekte Kombination\",\"potentialAction\":[{\"@type\":\"SearchAction\",\"target\":{\"@type\":\"EntryPoint\",\"urlTemplate\":\"https:\/\/www.urlaubcornwall.de\/blog\/?s={search_term_string}\"},\"query-input\":\"required name=search_term_string\"}],\"inLanguage\":\"en-US\"},{\"@type\":\"WebPage\",\"@id\":\"https:\/\/www.urlaubcornwall.de\/blog\/beaworthy-urlaub-in-devon-und-suedwestengland\/\",\"url\":\"https:\/\/www.urlaubcornwall.de\/blog\/beaworthy-urlaub-in-devon-und-suedwestengland\/\",\"name\":\"Beaworthy - Urlaub in Devon und S\u00fcdwestengland - Urlaub &amp; Reisen\",\"isPartOf\":{\"@id\":\"https:\/\/www.urlaubcornwall.de\/blog\/#website\"},\"datePublished\":\"2020-03-30T10:52:42+00:00\",\"dateModified\":\"2024-04-03T12:16:50+00:00\",\"breadcrumb\":{\"@id\":\"https:\/\/www.urlaubcornwall.de\/blog\/beaworthy-urlaub-in-devon-und-suedwestengland\/#breadcrumb\"},\"inLanguage\":\"en-US\",\"potentialAction\":[{\"@type\":\"ReadAction\",\"target\":[\"https:\/\/www.urlaubcornwall.de\/blog\/beaworthy-urlaub-in-devon-und-suedwestengland\/\"]}]},{\"@type\":\"BreadcrumbList\",\"@id\":\"https:\/\/www.urlaubcornwall.de\/blog\/beaworthy-urlaub-in-devon-und-suedwestengland\/#breadcrumb\",\"itemListElement\":[{\"@type\":\"ListItem\",\"position\":1,\"name\":\"Home\",\"item\":\"https:\/\/www.urlaubcornwall.de\/blog\/\"},{\"@type\":\"ListItem\",\"position\":2,\"name\":\"Beaworthy &#8211; Urlaub in Devon und S\u00fcdwestengland\"}]}]}<\/script>\n<!-- \/ Yoast SEO plugin. -->","yoast_head_json":{"title":"Beaworthy - Urlaub in Devon und S\u00fcdwestengland - Urlaub &amp; Reisen","robots":{"index":"index","follow":"follow","max-snippet":"max-snippet:-1","max-image-preview":"max-image-preview:large","max-video-preview":"max-video-preview:-1"},"canonical":"https:\/\/www.urlaubcornwall.de\/blog\/beaworthy-urlaub-in-devon-und-suedwestengland\/","og_locale":"en_US","og_type":"article","og_title":"Beaworthy - Urlaub in Devon und S\u00fcdwestengland - Urlaub &amp; Reisen","og_description":"Indem es in einer friedvollen kleinen Ecke auf dem Lande in Devon liegt, ist Beaworthy der perfekte Urlaubsort f\u00fcr enthusiastische Angler \u2013 mit einer Handvoll hervorragender Angelteichen. Das offene Land ist ein Traum f\u00fcr Wanderer; weit entfernt von den Massen und dem Verkehrsl\u00e4rm. Um Beaworthy herum zu wandern, ist eine segensreiche Flucht vor der Wirklichkeit. [&hellip;]","og_url":"https:\/\/www.urlaubcornwall.de\/blog\/beaworthy-urlaub-in-devon-und-suedwestengland\/","og_site_name":"Urlaub &amp; Reisen","article_modified_time":"2024-04-03T12:16:50+00:00","og_image":[{"url":"https:\/\/www.urlaubcornwall.de\/blog\/wp-content\/uploads\/2024\/03\/42070059.jpg"}],"twitter_card":"summary","twitter_misc":{"Est. reading time":"1 minute"},"schema":{"@context":"https:\/\/schema.org","@graph":[{"@type":"WebSite","@id":"https:\/\/www.urlaubcornwall.de\/blog\/#website","url":"https:\/\/www.urlaubcornwall.de\/blog\/","name":"Urlaub &amp; Reisen","description":"Urlaub, Reisen, Cornwall und S\u00fcdengland: eine perfekte Kombination","potentialAction":[{"@type":"SearchAction","target":{"@type":"EntryPoint","urlTemplate":"https:\/\/www.urlaubcornwall.de\/blog\/?s={search_term_string}"},"query-input":"required name=search_term_string"}],"inLanguage":"en-US"},{"@type":"WebPage","@id":"https:\/\/www.urlaubcornwall.de\/blog\/beaworthy-urlaub-in-devon-und-suedwestengland\/","url":"https:\/\/www.urlaubcornwall.de\/blog\/beaworthy-urlaub-in-devon-und-suedwestengland\/","name":"Beaworthy - Urlaub in Devon und S\u00fcdwestengland - Urlaub &amp; Reisen","isPartOf":{"@id":"https:\/\/www.urlaubcornwall.de\/blog\/#website"},"datePublished":"2020-03-30T10:52:42+00:00","dateModified":"2024-04-03T12:16:50+00:00","breadcrumb":{"@id":"https:\/\/www.urlaubcornwall.de\/blog\/beaworthy-urlaub-in-devon-und-suedwestengland\/#breadcrumb"},"inLanguage":"en-US","potentialAction":[{"@type":"ReadAction","target":["https:\/\/www.urlaubcornwall.de\/blog\/beaworthy-urlaub-in-devon-und-suedwestengland\/"]}]},{"@type":"BreadcrumbList","@id":"https:\/\/www.urlaubcornwall.de\/blog\/beaworthy-urlaub-in-devon-und-suedwestengland\/#breadcrumb","itemListElement":[{"@type":"ListItem","position":1,"name":"Home","item":"https:\/\/www.urlaubcornwall.de\/blog\/"},{"@type":"ListItem","position":2,"name":"Beaworthy &#8211; Urlaub in Devon und S\u00fcdwestengland"}]}]}},"_links":{"self":[{"href":"https:\/\/www.urlaubcornwall.de\/blog\/wp-json\/wp\/v2\/pages\/39620"}],"collection":[{"href":"https:\/\/www.urlaubcornwall.de\/blog\/wp-json\/wp\/v2\/pages"}],"about":[{"href":"https:\/\/www.urlaubcornwall.de\/blog\/wp-json\/wp\/v2\/types\/page"}],"author":[{"embeddable":true,"href":"https:\/\/www.urlaubcornwall.de\/blog\/wp-json\/wp\/v2\/users\/1"}],"replies":[{"embeddable":true,"href":"https:\/\/www.urlaubcornwall.de\/blog\/wp-json\/wp\/v2\/comments?post=39620"}],"version-history":[{"count":3,"href":"https:\/\/www.urlaubcornwall.de\/blog\/wp-json\/wp\/v2\/pages\/39620\/revisions"}],"predecessor-version":[{"id":48809,"href":"https:\/\/www.urlaubcornwall.de\/blog\/wp-json\/wp\/v2\/pages\/39620\/revisions\/48809"}],"wp:attachment":[{"href":"https:\/\/www.urlaubcornwall.de\/blog\/wp-json\/wp\/v2\/media?parent=39620"}],"curies":[{"name":"wp","href":"https:\/\/api.w.org\/{rel}","templated":true}]}}