{"id":39586,"date":"2020-03-17T18:11:22","date_gmt":"2020-03-17T18:11:22","guid":{"rendered":"https:\/\/www.urlaubcornwall.de\/blog\/?page_id=39586"},"modified":"2024-05-30T10:59:33","modified_gmt":"2024-05-30T10:59:33","slug":"cornwall-coronavirus","status":"publish","type":"page","link":"https:\/\/www.urlaubcornwall.de\/blog\/cornwall-coronavirus\/","title":{"rendered":"Urlaub in Cornwall &#038; Coronavirus (COVID-19) &#8211; J\u00fcngstes Update"},"content":{"rendered":"<p><img loading=\"lazy\" class=\"aligncenter size-full wp-image-40206\" src=\"https:\/\/www.urlaubcornwall.de\/blog\/wp-content\/uploads\/2020\/06\/port_isaac_urlaub.jpg\" alt=\"Urlaub in Cornwall  Coronavirus\" width=\"750\" height=\"502\" srcset=\"https:\/\/www.urlaubcornwall.de\/blog\/wp-content\/uploads\/2020\/06\/port_isaac_urlaub.jpg 750w, https:\/\/www.urlaubcornwall.de\/blog\/wp-content\/uploads\/2020\/06\/port_isaac_urlaub-300x201.jpg 300w\" sizes=\"(max-width: 750px) 100vw, 750px\" \/><\/p>\n<p><strong>Einschr\u00e4nkungen f\u00fcr internationale Besucher, die nach Gro\u00dfbritannien einreisen<\/strong><\/p>\n<p>J\u00fcngstes Update &#8211; Vom 11. Februar 2022 ist es nicht mehr n\u00f6tig, sich bei Ankunft im UK einem Coronavirustest zu unterziehen, sofern Besucher vollst\u00e4ndig geimpft sind. Reisende werden ins Land kommen k\u00f6nnen, ohne vor oder nach der Reise einen Test durchf\u00fchren zu m\u00fcssen.<\/p>\n<p>Passagiere, die nicht vollst\u00e4ndig geimpft sind, m\u00fcssen nicht l\u00e4nger am 8. Tag nach ihrer Ankunft einen Test durchf\u00fchren, noch brauchen sie sich isolieren. <\/p>\n<p>Ausw\u00e4rtiges Amt &#8211; Gro\u00dfbritannien und Nordirland\/Vereinigtes K\u00f6nigreich: <a href=\"https:\/\/www.auswaertiges-amt.de\/de\/aussenpolitik\/laender\/grossbritannien-node\/grossbritanniensicherheit\/206408\">Reise- und Sicherheitshinweise<\/a><\/p>\n<p><script async src=\"https:\/\/pagead2.googlesyndication.com\/pagead\/js\/adsbygoogle.js?client=ca-pub-3901089389175725\"\n     crossorigin=\"anonymous\"><\/script><br \/>\n<!-- New UC --><br \/>\n<ins class=\"adsbygoogle\"\n     style=\"display:block\"\n     data-ad-client=\"ca-pub-3901089389175725\"\n     data-ad-slot=\"8080314818\"\n     data-ad-format=\"auto\"\n     data-full-width-responsive=\"true\"><\/ins><br \/>\n<script>\n     (adsbygoogle = window.adsbygoogle || []).push({});\n<\/script><\/p>\n<p><strong>Was kann ich von einem Cornwallurlaub 2022 nach Coronavirus erwarten?<\/strong><\/p>\n<p>Mit zunehmender Ausbreitung des Coronavirus w\u00e4hrend des Winters gibt es nun in vielen L\u00e4ndern vor\u00fcbergehende Reisebeschr\u00e4nkungen. Doch hoffen wir, dass Cornwall Sie im kommenden Sommer wieder willkommen hei\u00dfen kann. 2020 genossen mehr als 1 Millionen Besucher hier einen sicheren Urlaub, einschlie\u00dflich Zehntausende Deutscher, Oesterreicher und Schweizer. W\u00e4hrend des Sommers arbeiteten unsere Attraktionen, L\u00e4den, Restaurants und Kneipen wie gew\u00f6hnlich mit angemessener sozialer Distanzierung, Masken und Hygienema\u00dfnahmen. <\/p>\n<p>Das nat\u00fcrliche Umfeld Cornwalls mit seiner wundersch\u00f6nen K\u00fcste und Raum zum Atmen macht es zu einem unglaublich begehrenswerten Reiseziel. <\/p>\n<p>Ferienh\u00e4user Coronavirus K\u00fcndigungsgarantie &#8211; <a href=\"https:\/\/www.urlaubcornwall.de\/blog\/buchen-sie-voller-vertrauen-ihr-cornwall-ferienhaus-nach-coronavirus\/\">Eine Garantie f\u00fcr eine kostenfreie Stornierung<\/a><\/p>\n<p><img loading=\"lazy\" class=\"aligncenter size-full wp-image-38137\" src=\"https:\/\/www.urlaubcornwall.de\/blog\/wp-content\/uploads\/2019\/04\/Charmante-D\u00f6rfer-cornwall.jpg\" alt=\"Urlaub in Cornwall Covid 19 Coronavirus\" width=\"749\" height=\"498\"\/><\/p>\n<p>Buchen Sie voller Vertrauen Ihr Cornwall Ferienhaus nach Coronavirus &#8211; Nach dem Coronavirus sind <a href=\"https:\/\/www.urlaubcornwall.de\/ferienhaeuser-fewos\/cornwall.html\">Selbstversorgerunterk\u00fcnfte<\/a> die beste Option f\u00fcr einen Urlaub in Cornwall. Reisende k\u00f6nnen in ihrem eigenen Bereich bleiben mit der M\u00f6glichkeit, sich selbst zu versorgen oder nach Belieben Restaurants und Caf\u00e9s aufzusuchen. <\/p>\n<p>Cornwall bietet eine riesige Auswahl an herrlichen Unterk\u00fcnften, von stilvollen modernen Urlaubsappartements in beliebten St\u00e4dten wie <a href=\"https:\/\/www.urlaubcornwall.de\/ferienhaeuser-fewos\/st-ives.html\">St Ives<\/a> und <a href=\"https:\/\/www.urlaubcornwall.de\/ferienhaeuser-fewos\/falmouth.html\">Falmouth<\/a>, bis hin zu traditionellen Fischercottages in historischen Fischerd\u00f6rfern wie <a href=\"https:\/\/www.urlaubcornwall.de\/ferienhaeuser-fewos\/padstow.html\">Padstow<\/a>, Coverack und Polperro. Wir haben mehr als 600 handverlesene und inspizierte <a href=\"https:\/\/www.urlaubcornwall.de\/ferienhaeuser\/cornwall.php\">Ferienh\u00e4user in Cornwall<\/a> im Angebot.<\/p>\n<p style=\"text-align: center;\"><a class=\"tidycta\" href=\"https:\/\/www.urlaubcornwall.de\/ferienhaeuser-fewos\/cornwall.html\">Suche Ferienh\u00e4user Cornwall<\/a><\/p>\n<p>Vorbereitungen f\u00fcr Ihren Urlaub in einem Ferienhaus in Cornwall &#8211; Extra Sorgfalt walten lassen: Nach Covid-19 wird Ihr Urlaub in Cornwall verst\u00e4ndlicherweise ein wenig anders ausschauen. Daher wollten wir sicherstellen, dass Sie sich sicher und gut vorbereitet f\u00fcr Ihre Reise f\u00fchlen&#8230;. <a href=\"https:\/\/www.urlaubcornwall.de\/blog\/vorbereitungen-fuer-ihren-urlaub-in-einem-ferienhaus-in-cornwall\/\">[ Mehr ]<\/a><\/p>\n<p><strong>Hotelbuchungen in Cornwall<\/strong><\/p>\n<p>S\u00e4mtliche Hotels in Cornwall haben wiederer\u00f6ffnet mit Distanzierungsma\u00dfnahmen, um bestm\u00f6gliche Sicherheit zu gew\u00e4hren, und es den G\u00e4sten zu erm\u00f6glichen, Cornwall zu genie\u00dfen.<\/p>\n<p>Es gibt eine riesige Auswahl, aus der Sie w\u00e4hlen k\u00f6nnen, doch wir, die wir unseren Firmensitz in Cornwall haben, haben <a href=\"https:\/\/www.urlaubcornwall.de\/hotels.php\">eine pers\u00f6nliche Auswahl unserer Lieblingshotels zusammengestellt<\/a>. <\/p>\n<p><img loading=\"lazy\" class=\"aligncenter size-full wp-image-47921\" src=\"hhttps:\/\/www.urlaubcornwall.de\/blog\/wp-content\/uploads\/2024\/03\/marazion_und-st-michaels-mount-1.jpg\" alt=\"marazion_und st michaels mount\" width=\"750\" height=\"500\" srcset=\"https:\/\/www.urlaubcornwall.de\/blog\/wp-content\/uploads\/2024\/03\/marazion_und-st-michaels-mount-1.jpg 750w, https:\/\/www.urlaubcornwall.de\/blog\/wp-content\/uploads\/2024\/03\/marazion_und-st-michaels-mount-1-300x200.jpg 300w\" sizes=\"(max-width: 750px) 100vw, 750px\" \/><\/p>\n<p><strong>Urlaubsinspiration f\u00fcr Cornwall<\/strong><\/p>\n<p>Da wir in Cornwall sind, teilen wir gerne mit Ihnen <a href=\"https:\/\/www.facebook.com\/UrlaubCornwall\/\"rel=\"nofollow\">unsere Bilder und Informationen<\/a> bez\u00fcglich dieses wundersch\u00f6nen Teils Englands. Wir sind uns alle bewusst, dass der Coronavirus ein riesengro\u00dfes weltweites Problem darstellt und Auswirkungen hat auf alle, die Reise- und Urlaubspl\u00e4ne haben. <\/p>\n<p>Jedoch hoffen wir, dass wir Sie zum L\u00e4cheln bringen und etwas aufheitern k\u00f6nnen, wenn wir \u00fcber Cornwall und S\u00fcdengland berichten; Ihnen dabei helfen, gl\u00fcckliche Erinnerungen wachzurufen und Sie vielleicht inspirieren, uns irgendwann in der Zukunft zu besuchen. Mit den besten W\u00fcnschen von <a href=\"https:\/\/www.urlaubcornwall.de\/reiseziel\/cornwall.php\">UrlaubCornwall.de<\/a><\/p>\n<p style=\"text-align: center;\"><a class=\"tidycta\" href=\"https:\/\/www.urlaubcornwall.de\/reiseziel\/cornwall.php\">Urlaub Cornwall >><\/a><\/p>\n<p><script async src=\"https:\/\/pagead2.googlesyndication.com\/pagead\/js\/adsbygoogle.js?client=ca-pub-3901089389175725\"\n     crossorigin=\"anonymous\"><\/script><br \/>\n<!-- New UC --><br \/>\n<ins class=\"adsbygoogle\"\n     style=\"display:block\"\n     data-ad-client=\"ca-pub-3901089389175725\"\n     data-ad-slot=\"8080314818\"\n     data-ad-format=\"auto\"\n     data-full-width-responsive=\"true\"><\/ins><br \/>\n<script>\n     (adsbygoogle = window.adsbygoogle || []).push({});\n<\/script><\/p>\n","protected":false},"excerpt":{"rendered":"<p>Einschr\u00e4nkungen f\u00fcr internationale Besucher, die nach Gro\u00dfbritannien einreisen J\u00fcngstes Update &#8211; Vom 11. Februar 2022 ist es nicht mehr n\u00f6tig, sich bei Ankunft im UK einem Coronavirustest zu unterziehen, sofern Besucher vollst\u00e4ndig geimpft sind. Reisende werden ins Land kommen k\u00f6nnen, ohne vor oder nach der Reise einen Test durchf\u00fchren zu m\u00fcssen. Passagiere, die nicht vollst\u00e4ndig [&hellip;]<\/p>\n","protected":false},"author":1,"featured_media":0,"parent":0,"menu_order":0,"comment_status":"closed","ping_status":"closed","template":"single-four.php","meta":[],"acf":[],"yoast_head":"<!-- This site is optimized with the Yoast SEO plugin v19.4 - https:\/\/yoast.com\/wordpress\/plugins\/seo\/ -->\n<title>Urlaub in Cornwall &amp; Coronavirus (COVID-19) - J\u00fcngstes Update - Urlaub &amp; Reisen<\/title>\n<meta name=\"description\" content=\"Die Britische Regierung hat ihre Empfehlung aktualisiert, und diese besagt nun, dass s\u00e4mtliche Urlaube und nicht unbedingt notwendige Reisen \/ Fahrten innerhalb des UK nun tabu sein sollten, um die Ausbreitung des Coronavirus (COVID-19) zu verlangsamen. W\u00e4hrend der Zeit der Ausgangsbeschr\u00e4nkungen sollten Besucher nicht nach Cornwall kommen, so dass die Ausbreitung des Virus verlangsamt werden kann, so dass Sie sich selbst sch\u00fctzen, sowie die Gemeinden in Cornwall.\" \/>\n<meta name=\"robots\" content=\"index, follow, max-snippet:-1, max-image-preview:large, max-video-preview:-1\" \/>\n<link rel=\"canonical\" href=\"https:\/\/www.urlaubcornwall.de\/blog\/cornwall-coronavirus\/\" \/>\n<meta property=\"og:locale\" content=\"en_US\" \/>\n<meta property=\"og:type\" content=\"article\" \/>\n<meta property=\"og:title\" content=\"Urlaub in Cornwall &amp; Coronavirus (COVID-19) - J\u00fcngstes Update - Urlaub &amp; Reisen\" \/>\n<meta property=\"og:description\" content=\"Die Britische Regierung hat ihre Empfehlung aktualisiert, und diese besagt nun, dass s\u00e4mtliche Urlaube und nicht unbedingt notwendige Reisen \/ Fahrten innerhalb des UK nun tabu sein sollten, um die Ausbreitung des Coronavirus (COVID-19) zu verlangsamen. W\u00e4hrend der Zeit der Ausgangsbeschr\u00e4nkungen sollten Besucher nicht nach Cornwall kommen, so dass die Ausbreitung des Virus verlangsamt werden kann, so dass Sie sich selbst sch\u00fctzen, sowie die Gemeinden in Cornwall.\" \/>\n<meta property=\"og:url\" content=\"https:\/\/www.urlaubcornwall.de\/blog\/cornwall-coronavirus\/\" \/>\n<meta property=\"og:site_name\" content=\"Urlaub &amp; Reisen\" \/>\n<meta property=\"article:modified_time\" content=\"2024-05-30T10:59:33+00:00\" \/>\n<meta property=\"og:image\" content=\"https:\/\/www.urlaubcornwall.de\/blog\/wp-content\/uploads\/2020\/06\/port_isaac_urlaub.jpg\" \/>\n<meta name=\"twitter:card\" content=\"summary\" \/>\n<meta name=\"twitter:label1\" content=\"Est. reading time\" \/>\n\t<meta name=\"twitter:data1\" content=\"3 minutes\" \/>\n<script type=\"application\/ld+json\" class=\"yoast-schema-graph\">{\"@context\":\"https:\/\/schema.org\",\"@graph\":[{\"@type\":\"WebSite\",\"@id\":\"https:\/\/www.urlaubcornwall.de\/blog\/#website\",\"url\":\"https:\/\/www.urlaubcornwall.de\/blog\/\",\"name\":\"Urlaub &amp; Reisen\",\"description\":\"Urlaub, Reisen, Cornwall und S\u00fcdengland: eine perfekte Kombination\",\"potentialAction\":[{\"@type\":\"SearchAction\",\"target\":{\"@type\":\"EntryPoint\",\"urlTemplate\":\"https:\/\/www.urlaubcornwall.de\/blog\/?s={search_term_string}\"},\"query-input\":\"required name=search_term_string\"}],\"inLanguage\":\"en-US\"},{\"@type\":\"WebPage\",\"@id\":\"https:\/\/www.urlaubcornwall.de\/blog\/cornwall-coronavirus\/\",\"url\":\"https:\/\/www.urlaubcornwall.de\/blog\/cornwall-coronavirus\/\",\"name\":\"Urlaub in Cornwall & Coronavirus (COVID-19) - J\u00fcngstes Update - Urlaub &amp; Reisen\",\"isPartOf\":{\"@id\":\"https:\/\/www.urlaubcornwall.de\/blog\/#website\"},\"datePublished\":\"2020-03-17T18:11:22+00:00\",\"dateModified\":\"2024-05-30T10:59:33+00:00\",\"description\":\"Die Britische Regierung hat ihre Empfehlung aktualisiert, und diese besagt nun, dass s\u00e4mtliche Urlaube und nicht unbedingt notwendige Reisen \/ Fahrten innerhalb des UK nun tabu sein sollten, um die Ausbreitung des Coronavirus (COVID-19) zu verlangsamen. W\u00e4hrend der Zeit der Ausgangsbeschr\u00e4nkungen sollten Besucher nicht nach Cornwall kommen, so dass die Ausbreitung des Virus verlangsamt werden kann, so dass Sie sich selbst sch\u00fctzen, sowie die Gemeinden in Cornwall.\",\"breadcrumb\":{\"@id\":\"https:\/\/www.urlaubcornwall.de\/blog\/cornwall-coronavirus\/#breadcrumb\"},\"inLanguage\":\"en-US\",\"potentialAction\":[{\"@type\":\"ReadAction\",\"target\":[\"https:\/\/www.urlaubcornwall.de\/blog\/cornwall-coronavirus\/\"]}]},{\"@type\":\"BreadcrumbList\",\"@id\":\"https:\/\/www.urlaubcornwall.de\/blog\/cornwall-coronavirus\/#breadcrumb\",\"itemListElement\":[{\"@type\":\"ListItem\",\"position\":1,\"name\":\"Home\",\"item\":\"https:\/\/www.urlaubcornwall.de\/blog\/\"},{\"@type\":\"ListItem\",\"position\":2,\"name\":\"Urlaub in Cornwall &#038; Coronavirus (COVID-19) &#8211; J\u00fcngstes Update\"}]}]}<\/script>\n<!-- \/ Yoast SEO plugin. -->","yoast_head_json":{"title":"Urlaub in Cornwall & Coronavirus (COVID-19) - J\u00fcngstes Update - Urlaub &amp; Reisen","description":"Die Britische Regierung hat ihre Empfehlung aktualisiert, und diese besagt nun, dass s\u00e4mtliche Urlaube und nicht unbedingt notwendige Reisen \/ Fahrten innerhalb des UK nun tabu sein sollten, um die Ausbreitung des Coronavirus (COVID-19) zu verlangsamen. W\u00e4hrend der Zeit der Ausgangsbeschr\u00e4nkungen sollten Besucher nicht nach Cornwall kommen, so dass die Ausbreitung des Virus verlangsamt werden kann, so dass Sie sich selbst sch\u00fctzen, sowie die Gemeinden in Cornwall.","robots":{"index":"index","follow":"follow","max-snippet":"max-snippet:-1","max-image-preview":"max-image-preview:large","max-video-preview":"max-video-preview:-1"},"canonical":"https:\/\/www.urlaubcornwall.de\/blog\/cornwall-coronavirus\/","og_locale":"en_US","og_type":"article","og_title":"Urlaub in Cornwall & Coronavirus (COVID-19) - J\u00fcngstes Update - Urlaub &amp; Reisen","og_description":"Die Britische Regierung hat ihre Empfehlung aktualisiert, und diese besagt nun, dass s\u00e4mtliche Urlaube und nicht unbedingt notwendige Reisen \/ Fahrten innerhalb des UK nun tabu sein sollten, um die Ausbreitung des Coronavirus (COVID-19) zu verlangsamen. W\u00e4hrend der Zeit der Ausgangsbeschr\u00e4nkungen sollten Besucher nicht nach Cornwall kommen, so dass die Ausbreitung des Virus verlangsamt werden kann, so dass Sie sich selbst sch\u00fctzen, sowie die Gemeinden in Cornwall.","og_url":"https:\/\/www.urlaubcornwall.de\/blog\/cornwall-coronavirus\/","og_site_name":"Urlaub &amp; Reisen","article_modified_time":"2024-05-30T10:59:33+00:00","og_image":[{"url":"https:\/\/www.urlaubcornwall.de\/blog\/wp-content\/uploads\/2020\/06\/port_isaac_urlaub.jpg"}],"twitter_card":"summary","twitter_misc":{"Est. reading time":"3 minutes"},"schema":{"@context":"https:\/\/schema.org","@graph":[{"@type":"WebSite","@id":"https:\/\/www.urlaubcornwall.de\/blog\/#website","url":"https:\/\/www.urlaubcornwall.de\/blog\/","name":"Urlaub &amp; Reisen","description":"Urlaub, Reisen, Cornwall und S\u00fcdengland: eine perfekte Kombination","potentialAction":[{"@type":"SearchAction","target":{"@type":"EntryPoint","urlTemplate":"https:\/\/www.urlaubcornwall.de\/blog\/?s={search_term_string}"},"query-input":"required name=search_term_string"}],"inLanguage":"en-US"},{"@type":"WebPage","@id":"https:\/\/www.urlaubcornwall.de\/blog\/cornwall-coronavirus\/","url":"https:\/\/www.urlaubcornwall.de\/blog\/cornwall-coronavirus\/","name":"Urlaub in Cornwall & Coronavirus (COVID-19) - J\u00fcngstes Update - Urlaub &amp; Reisen","isPartOf":{"@id":"https:\/\/www.urlaubcornwall.de\/blog\/#website"},"datePublished":"2020-03-17T18:11:22+00:00","dateModified":"2024-05-30T10:59:33+00:00","description":"Die Britische Regierung hat ihre Empfehlung aktualisiert, und diese besagt nun, dass s\u00e4mtliche Urlaube und nicht unbedingt notwendige Reisen \/ Fahrten innerhalb des UK nun tabu sein sollten, um die Ausbreitung des Coronavirus (COVID-19) zu verlangsamen. W\u00e4hrend der Zeit der Ausgangsbeschr\u00e4nkungen sollten Besucher nicht nach Cornwall kommen, so dass die Ausbreitung des Virus verlangsamt werden kann, so dass Sie sich selbst sch\u00fctzen, sowie die Gemeinden in Cornwall.","breadcrumb":{"@id":"https:\/\/www.urlaubcornwall.de\/blog\/cornwall-coronavirus\/#breadcrumb"},"inLanguage":"en-US","potentialAction":[{"@type":"ReadAction","target":["https:\/\/www.urlaubcornwall.de\/blog\/cornwall-coronavirus\/"]}]},{"@type":"BreadcrumbList","@id":"https:\/\/www.urlaubcornwall.de\/blog\/cornwall-coronavirus\/#breadcrumb","itemListElement":[{"@type":"ListItem","position":1,"name":"Home","item":"https:\/\/www.urlaubcornwall.de\/blog\/"},{"@type":"ListItem","position":2,"name":"Urlaub in Cornwall &#038; Coronavirus (COVID-19) &#8211; J\u00fcngstes Update"}]}]}},"_links":{"self":[{"href":"https:\/\/www.urlaubcornwall.de\/blog\/wp-json\/wp\/v2\/pages\/39586"}],"collection":[{"href":"https:\/\/www.urlaubcornwall.de\/blog\/wp-json\/wp\/v2\/pages"}],"about":[{"href":"https:\/\/www.urlaubcornwall.de\/blog\/wp-json\/wp\/v2\/types\/page"}],"author":[{"embeddable":true,"href":"https:\/\/www.urlaubcornwall.de\/blog\/wp-json\/wp\/v2\/users\/1"}],"replies":[{"embeddable":true,"href":"https:\/\/www.urlaubcornwall.de\/blog\/wp-json\/wp\/v2\/comments?post=39586"}],"version-history":[{"count":103,"href":"https:\/\/www.urlaubcornwall.de\/blog\/wp-json\/wp\/v2\/pages\/39586\/revisions"}],"predecessor-version":[{"id":50939,"href":"https:\/\/www.urlaubcornwall.de\/blog\/wp-json\/wp\/v2\/pages\/39586\/revisions\/50939"}],"wp:attachment":[{"href":"https:\/\/www.urlaubcornwall.de\/blog\/wp-json\/wp\/v2\/media?parent=39586"}],"curies":[{"name":"wp","href":"https:\/\/api.w.org\/{rel}","templated":true}]}}