{"id":39580,"date":"2020-03-10T12:14:54","date_gmt":"2020-03-10T12:14:54","guid":{"rendered":"https:\/\/www.urlaubcornwall.de\/blog\/?page_id=39580"},"modified":"2020-03-10T12:14:54","modified_gmt":"2020-03-10T12:14:54","slug":"gruppenreisen-in-nordengland-massgeschneiderte-touren-und-busreisen","status":"publish","type":"page","link":"https:\/\/www.urlaubcornwall.de\/blog\/gruppenreisen-in-nordengland-massgeschneiderte-touren-und-busreisen\/","title":{"rendered":"Gruppenreisen in Nordengland \u2013 ma\u00dfgeschneiderte Touren und Busreisen"},"content":{"rendered":"<p><img loading=\"lazy\" class=\"aligncenter size-full wp-image-33693\" src=\"https:\/\/www.urlaubcornwall.de\/blog\/wp-content\/uploads\/2018\/04\/Die-wundersch\u00f6nen-Seen-des-Lake-Distrikt-Urlaub-in-Nordengland.jpg\" alt=\" Gruppenreisen in Nordengland Lake Distrikt\" width=\"749\" height=\"458\"\/><\/p>\n<p>Als Urlaubsziel bieten die St\u00e4dte Nordenglands, Cheshire, Cumbria, Derbyshire und Yorkshire eine der vielf\u00e4ltigsten und spektakul\u00e4rsten Landschaften Gro\u00dfbritanniens. Die Westk\u00fcste hat goldene Sandstr\u00e4nde und mildes Klima; der Osten ist bekannt f\u00fcr seine zerkl\u00fcfteten Klippen und st\u00fcrmisches Wetter. In den Kalkdales finden sie eine sanfte pastorale Landschaft im Kontrast zu den dramatischen Bergen des Lake District. In den gro\u00dfen St\u00e4dten des Nordens, Manchester, Liverpool und Leeds sind Sie nie wirklich weit entfernt von friedvoller Landschaft, h\u00fcbschen D\u00f6rfern und herrlicher Kulisse. Abgelegen von den st\u00e4dtischen Gebieten ist dies eine der am wenigsten bev\u00f6lkerten Regionen Englands.<\/p>\n<p>UrlaubCornwall.de haben Touren im Angebot f\u00fcr <a href=\"https:\/\/www.urlaubcornwall.de\/massgeschneiderte-gruppenreisen-und-touren.php\">individuelle Gruppenreisen<\/a> in Nordeng;and. Mit Sitz in Cornwall arbeiten wir als ein Inbound-Reiseveranstalter im gesamten Gro\u00dfbritannien sowie gef\u00fchrten oder selbstgef\u00fchrten Touren f\u00fcr Gruppen und individuell Reisende. Wir bieten grundlegenden Service, sowie Unterst\u00fctzung f\u00fcr Gruppenf\u00fchrer, Auslandsreiseb\u00fcros und Reiseveranstalter, die Kunden ins UK bringen wollen. Wir arbeiten mit Partnern zusammen, um neue und innovative Produkte zu schaffen, die auf spezielle Interessen und spezifische M\u00e4rkte zugeschnitten sind.<\/p>\n<p>Wir k\u00f6nnen eine komplette Reihe an Serviceleistungen bieten, einschlie\u00dflich Bustransporte und Deutsch sprechende Reiseleiter. Bitte <a href=\"https:\/\/www.urlaubcornwall.de\/gruppenanfrage.php\">kontaktieren Sie uns bez\u00fcglich eines unverbindlichen Angebots<\/a>.<\/p>\n","protected":false},"excerpt":{"rendered":"<p>Als Urlaubsziel bieten die St\u00e4dte Nordenglands, Cheshire, Cumbria, Derbyshire und Yorkshire eine der vielf\u00e4ltigsten und spektakul\u00e4rsten Landschaften Gro\u00dfbritanniens. Die Westk\u00fcste hat goldene Sandstr\u00e4nde und mildes Klima; der Osten ist bekannt f\u00fcr seine zerkl\u00fcfteten Klippen und st\u00fcrmisches Wetter. In den Kalkdales finden sie eine sanfte pastorale Landschaft im Kontrast zu den dramatischen Bergen des Lake District. [&hellip;]<\/p>\n","protected":false},"author":1,"featured_media":0,"parent":0,"menu_order":0,"comment_status":"closed","ping_status":"closed","template":"single-four.php","meta":[],"acf":[],"yoast_head":"<!-- This site is optimized with the Yoast SEO plugin v19.4 - https:\/\/yoast.com\/wordpress\/plugins\/seo\/ -->\n<title>Gruppenreisen in Nordengland \u2013 ma\u00dfgeschneiderte Touren und Busreisen - Urlaub &amp; Reisen<\/title>\n<meta name=\"description\" content=\"Der Norden Englands wird oft zitiert als Einheit; ist jedoch weit davon entfernt, eine homogene Region zu sein. Topographisch, kulturell und historisch gibt es enorme Unterschiede\" \/>\n<meta name=\"robots\" content=\"index, follow, max-snippet:-1, max-image-preview:large, max-video-preview:-1\" \/>\n<link rel=\"canonical\" href=\"https:\/\/www.urlaubcornwall.de\/blog\/gruppenreisen-in-nordengland-massgeschneiderte-touren-und-busreisen\/\" \/>\n<meta property=\"og:locale\" content=\"en_US\" \/>\n<meta property=\"og:type\" content=\"article\" \/>\n<meta property=\"og:title\" content=\"Gruppenreisen in Nordengland \u2013 ma\u00dfgeschneiderte Touren und Busreisen - Urlaub &amp; Reisen\" \/>\n<meta property=\"og:description\" content=\"Der Norden Englands wird oft zitiert als Einheit; ist jedoch weit davon entfernt, eine homogene Region zu sein. Topographisch, kulturell und historisch gibt es enorme Unterschiede\" \/>\n<meta property=\"og:url\" content=\"https:\/\/www.urlaubcornwall.de\/blog\/gruppenreisen-in-nordengland-massgeschneiderte-touren-und-busreisen\/\" \/>\n<meta property=\"og:site_name\" content=\"Urlaub &amp; Reisen\" \/>\n<meta property=\"og:image\" content=\"https:\/\/www.urlaubcornwall.de\/blog\/wp-content\/uploads\/2018\/04\/Die-wundersch\u00f6nen-Seen-des-Lake-Distrikt-Urlaub-in-Nordengland.jpg\" \/>\n<meta name=\"twitter:card\" content=\"summary\" \/>\n<meta name=\"twitter:label1\" content=\"Est. reading time\" \/>\n\t<meta name=\"twitter:data1\" content=\"1 minute\" \/>\n<script type=\"application\/ld+json\" class=\"yoast-schema-graph\">{\"@context\":\"https:\/\/schema.org\",\"@graph\":[{\"@type\":\"WebSite\",\"@id\":\"https:\/\/www.urlaubcornwall.de\/blog\/#website\",\"url\":\"https:\/\/www.urlaubcornwall.de\/blog\/\",\"name\":\"Urlaub &amp; Reisen\",\"description\":\"Urlaub, Reisen, Cornwall und S\u00fcdengland: eine perfekte Kombination\",\"potentialAction\":[{\"@type\":\"SearchAction\",\"target\":{\"@type\":\"EntryPoint\",\"urlTemplate\":\"https:\/\/www.urlaubcornwall.de\/blog\/?s={search_term_string}\"},\"query-input\":\"required name=search_term_string\"}],\"inLanguage\":\"en-US\"},{\"@type\":\"WebPage\",\"@id\":\"https:\/\/www.urlaubcornwall.de\/blog\/gruppenreisen-in-nordengland-massgeschneiderte-touren-und-busreisen\/\",\"url\":\"https:\/\/www.urlaubcornwall.de\/blog\/gruppenreisen-in-nordengland-massgeschneiderte-touren-und-busreisen\/\",\"name\":\"Gruppenreisen in Nordengland \u2013 ma\u00dfgeschneiderte Touren und Busreisen - Urlaub &amp; Reisen\",\"isPartOf\":{\"@id\":\"https:\/\/www.urlaubcornwall.de\/blog\/#website\"},\"datePublished\":\"2020-03-10T12:14:54+00:00\",\"dateModified\":\"2020-03-10T12:14:54+00:00\",\"description\":\"Der Norden Englands wird oft zitiert als Einheit; ist jedoch weit davon entfernt, eine homogene Region zu sein. Topographisch, kulturell und historisch gibt es enorme Unterschiede\",\"breadcrumb\":{\"@id\":\"https:\/\/www.urlaubcornwall.de\/blog\/gruppenreisen-in-nordengland-massgeschneiderte-touren-und-busreisen\/#breadcrumb\"},\"inLanguage\":\"en-US\",\"potentialAction\":[{\"@type\":\"ReadAction\",\"target\":[\"https:\/\/www.urlaubcornwall.de\/blog\/gruppenreisen-in-nordengland-massgeschneiderte-touren-und-busreisen\/\"]}]},{\"@type\":\"BreadcrumbList\",\"@id\":\"https:\/\/www.urlaubcornwall.de\/blog\/gruppenreisen-in-nordengland-massgeschneiderte-touren-und-busreisen\/#breadcrumb\",\"itemListElement\":[{\"@type\":\"ListItem\",\"position\":1,\"name\":\"Home\",\"item\":\"https:\/\/www.urlaubcornwall.de\/blog\/\"},{\"@type\":\"ListItem\",\"position\":2,\"name\":\"Gruppenreisen in Nordengland \u2013 ma\u00dfgeschneiderte Touren und Busreisen\"}]}]}<\/script>\n<!-- \/ Yoast SEO plugin. -->","yoast_head_json":{"title":"Gruppenreisen in Nordengland \u2013 ma\u00dfgeschneiderte Touren und Busreisen - Urlaub &amp; Reisen","description":"Der Norden Englands wird oft zitiert als Einheit; ist jedoch weit davon entfernt, eine homogene Region zu sein. Topographisch, kulturell und historisch gibt es enorme Unterschiede","robots":{"index":"index","follow":"follow","max-snippet":"max-snippet:-1","max-image-preview":"max-image-preview:large","max-video-preview":"max-video-preview:-1"},"canonical":"https:\/\/www.urlaubcornwall.de\/blog\/gruppenreisen-in-nordengland-massgeschneiderte-touren-und-busreisen\/","og_locale":"en_US","og_type":"article","og_title":"Gruppenreisen in Nordengland \u2013 ma\u00dfgeschneiderte Touren und Busreisen - Urlaub &amp; Reisen","og_description":"Der Norden Englands wird oft zitiert als Einheit; ist jedoch weit davon entfernt, eine homogene Region zu sein. Topographisch, kulturell und historisch gibt es enorme Unterschiede","og_url":"https:\/\/www.urlaubcornwall.de\/blog\/gruppenreisen-in-nordengland-massgeschneiderte-touren-und-busreisen\/","og_site_name":"Urlaub &amp; Reisen","og_image":[{"url":"https:\/\/www.urlaubcornwall.de\/blog\/wp-content\/uploads\/2018\/04\/Die-wundersch\u00f6nen-Seen-des-Lake-Distrikt-Urlaub-in-Nordengland.jpg"}],"twitter_card":"summary","twitter_misc":{"Est. reading time":"1 minute"},"schema":{"@context":"https:\/\/schema.org","@graph":[{"@type":"WebSite","@id":"https:\/\/www.urlaubcornwall.de\/blog\/#website","url":"https:\/\/www.urlaubcornwall.de\/blog\/","name":"Urlaub &amp; Reisen","description":"Urlaub, Reisen, Cornwall und S\u00fcdengland: eine perfekte Kombination","potentialAction":[{"@type":"SearchAction","target":{"@type":"EntryPoint","urlTemplate":"https:\/\/www.urlaubcornwall.de\/blog\/?s={search_term_string}"},"query-input":"required name=search_term_string"}],"inLanguage":"en-US"},{"@type":"WebPage","@id":"https:\/\/www.urlaubcornwall.de\/blog\/gruppenreisen-in-nordengland-massgeschneiderte-touren-und-busreisen\/","url":"https:\/\/www.urlaubcornwall.de\/blog\/gruppenreisen-in-nordengland-massgeschneiderte-touren-und-busreisen\/","name":"Gruppenreisen in Nordengland \u2013 ma\u00dfgeschneiderte Touren und Busreisen - Urlaub &amp; Reisen","isPartOf":{"@id":"https:\/\/www.urlaubcornwall.de\/blog\/#website"},"datePublished":"2020-03-10T12:14:54+00:00","dateModified":"2020-03-10T12:14:54+00:00","description":"Der Norden Englands wird oft zitiert als Einheit; ist jedoch weit davon entfernt, eine homogene Region zu sein. Topographisch, kulturell und historisch gibt es enorme Unterschiede","breadcrumb":{"@id":"https:\/\/www.urlaubcornwall.de\/blog\/gruppenreisen-in-nordengland-massgeschneiderte-touren-und-busreisen\/#breadcrumb"},"inLanguage":"en-US","potentialAction":[{"@type":"ReadAction","target":["https:\/\/www.urlaubcornwall.de\/blog\/gruppenreisen-in-nordengland-massgeschneiderte-touren-und-busreisen\/"]}]},{"@type":"BreadcrumbList","@id":"https:\/\/www.urlaubcornwall.de\/blog\/gruppenreisen-in-nordengland-massgeschneiderte-touren-und-busreisen\/#breadcrumb","itemListElement":[{"@type":"ListItem","position":1,"name":"Home","item":"https:\/\/www.urlaubcornwall.de\/blog\/"},{"@type":"ListItem","position":2,"name":"Gruppenreisen in Nordengland \u2013 ma\u00dfgeschneiderte Touren und Busreisen"}]}]}},"_links":{"self":[{"href":"https:\/\/www.urlaubcornwall.de\/blog\/wp-json\/wp\/v2\/pages\/39580"}],"collection":[{"href":"https:\/\/www.urlaubcornwall.de\/blog\/wp-json\/wp\/v2\/pages"}],"about":[{"href":"https:\/\/www.urlaubcornwall.de\/blog\/wp-json\/wp\/v2\/types\/page"}],"author":[{"embeddable":true,"href":"https:\/\/www.urlaubcornwall.de\/blog\/wp-json\/wp\/v2\/users\/1"}],"replies":[{"embeddable":true,"href":"https:\/\/www.urlaubcornwall.de\/blog\/wp-json\/wp\/v2\/comments?post=39580"}],"version-history":[{"count":1,"href":"https:\/\/www.urlaubcornwall.de\/blog\/wp-json\/wp\/v2\/pages\/39580\/revisions"}],"predecessor-version":[{"id":39581,"href":"https:\/\/www.urlaubcornwall.de\/blog\/wp-json\/wp\/v2\/pages\/39580\/revisions\/39581"}],"wp:attachment":[{"href":"https:\/\/www.urlaubcornwall.de\/blog\/wp-json\/wp\/v2\/media?parent=39580"}],"curies":[{"name":"wp","href":"https:\/\/api.w.org\/{rel}","templated":true}]}}