{"id":39569,"date":"2020-03-09T09:36:02","date_gmt":"2020-03-09T09:36:02","guid":{"rendered":"https:\/\/www.urlaubcornwall.de\/blog\/?page_id=39569"},"modified":"2024-05-30T15:15:01","modified_gmt":"2024-05-30T15:15:01","slug":"gruppenreisen-auf-den-scilly-inseln","status":"publish","type":"page","link":"https:\/\/www.urlaubcornwall.de\/blog\/gruppenreisen-auf-den-scilly-inseln\/","title":{"rendered":"Gruppenreisen auf die Isles of Scilly"},"content":{"rendered":"<p><img loading=\"lazy\" class=\"aligncenter size-full wp-image-32007\" src=\"https:\/\/www.urlaubcornwall.de\/blog\/wp-content\/uploads\/2018\/01\/tui-scilly.jpg\" alt=\"isles of  scilly gruppenreisen\" width=\"748\" height=\"419\"\/><\/p>\n<p>Wir besuchen die <a href=\"http:\/\/www.urlaubcornwall.de\/Scilly-Inseln.php\"><span style=\"text-decoration: underline;\">Scilly-Inseln<\/span><\/a> schon seit 20 Jahren und wissen, warum die Leute immer wieder Jahr f\u00fcr Jahr dorthin zur\u00fcckkehren. Nur wenige Autos st\u00f6ren die idyllische Ruhe und man erreicht die Inseln haupts\u00e4chlich mit dem Boot. Einsame Sandstr\u00e4nde, t\u00fcrkisblaues Wasser und eine atemberaubende Landschaft sorgen f\u00fcr einen unvergesslichen Urlaub. Sie k\u00f6nnen die Scilly-Inseln nat\u00fcrlich auch im Rahmen einer Rundreise erkunden.<\/p>\n<p>\u00dcbernachten Sie in einem von uns empfohlenen Hotel oder Bed &#038; Breakfast \u2013 von g\u00fcnstig bis luxuri\u00f6s ist alles m\u00f6glich. Unsere Kunden erhalten einen speziellen Insel-Guide. Darin gibt es gastronomische Tipps und Sehensw\u00fcrdigkeiten sowie andere Infos, die Sie so in keinem Reisef\u00fchrer finden.<\/p>\n<p>M\u00f6chten Sie eine private Busreise, Vereinreise, Seniorenreise, Klassenfahrt oder Gruppenfahrt organisieren? <a href=\"https:\/\/www.urlaubcornwall.de\/massgeschneiderte-gruppenreisen-und-touren.php\">Ma\u00dfgeschneiderte Gruppenreisen<\/a> und Touren auf den Scilly Inseln.<\/p>\n<p style=\"text-align: center;\"><a class=\"tidycta\" href=\"https:\/\/www.urlaubcornwall.de\/gruppenanfrage.php\">Gruppenanfrage<\/a><\/p>\n","protected":false},"excerpt":{"rendered":"<p>Wir besuchen die Scilly-Inseln schon seit 20 Jahren und wissen, warum die Leute immer wieder Jahr f\u00fcr Jahr dorthin zur\u00fcckkehren. Nur wenige Autos st\u00f6ren die idyllische Ruhe und man erreicht die Inseln haupts\u00e4chlich mit dem Boot. Einsame Sandstr\u00e4nde, t\u00fcrkisblaues Wasser und eine atemberaubende Landschaft sorgen f\u00fcr einen unvergesslichen Urlaub. Sie k\u00f6nnen die Scilly-Inseln nat\u00fcrlich auch [&hellip;]<\/p>\n","protected":false},"author":1,"featured_media":0,"parent":0,"menu_order":0,"comment_status":"closed","ping_status":"closed","template":"single-four.php","meta":[],"acf":[],"yoast_head":"<!-- This site is optimized with the Yoast SEO plugin v19.4 - https:\/\/yoast.com\/wordpress\/plugins\/seo\/ -->\n<title>Gruppenreisen auf die Isles of Scilly - Urlaub &amp; Reisen<\/title>\n<meta name=\"robots\" content=\"index, follow, max-snippet:-1, max-image-preview:large, max-video-preview:-1\" \/>\n<link rel=\"canonical\" href=\"https:\/\/www.urlaubcornwall.de\/blog\/gruppenreisen-auf-den-scilly-inseln\/\" \/>\n<meta property=\"og:locale\" content=\"en_US\" \/>\n<meta property=\"og:type\" content=\"article\" \/>\n<meta property=\"og:title\" content=\"Gruppenreisen auf die Isles of Scilly - Urlaub &amp; Reisen\" \/>\n<meta property=\"og:description\" content=\"Wir besuchen die Scilly-Inseln schon seit 20 Jahren und wissen, warum die Leute immer wieder Jahr f\u00fcr Jahr dorthin zur\u00fcckkehren. Nur wenige Autos st\u00f6ren die idyllische Ruhe und man erreicht die Inseln haupts\u00e4chlich mit dem Boot. Einsame Sandstr\u00e4nde, t\u00fcrkisblaues Wasser und eine atemberaubende Landschaft sorgen f\u00fcr einen unvergesslichen Urlaub. Sie k\u00f6nnen die Scilly-Inseln nat\u00fcrlich auch [&hellip;]\" \/>\n<meta property=\"og:url\" content=\"https:\/\/www.urlaubcornwall.de\/blog\/gruppenreisen-auf-den-scilly-inseln\/\" \/>\n<meta property=\"og:site_name\" content=\"Urlaub &amp; Reisen\" \/>\n<meta property=\"article:modified_time\" content=\"2024-05-30T15:15:01+00:00\" \/>\n<meta property=\"og:image\" content=\"https:\/\/www.urlaubcornwall.de\/blog\/wp-content\/uploads\/2018\/01\/tui-scilly.jpg\" \/>\n<meta name=\"twitter:card\" content=\"summary\" \/>\n<meta name=\"twitter:label1\" content=\"Est. reading time\" \/>\n\t<meta name=\"twitter:data1\" content=\"1 minute\" \/>\n<script type=\"application\/ld+json\" class=\"yoast-schema-graph\">{\"@context\":\"https:\/\/schema.org\",\"@graph\":[{\"@type\":\"WebSite\",\"@id\":\"https:\/\/www.urlaubcornwall.de\/blog\/#website\",\"url\":\"https:\/\/www.urlaubcornwall.de\/blog\/\",\"name\":\"Urlaub &amp; Reisen\",\"description\":\"Urlaub, Reisen, Cornwall und S\u00fcdengland: eine perfekte Kombination\",\"potentialAction\":[{\"@type\":\"SearchAction\",\"target\":{\"@type\":\"EntryPoint\",\"urlTemplate\":\"https:\/\/www.urlaubcornwall.de\/blog\/?s={search_term_string}\"},\"query-input\":\"required name=search_term_string\"}],\"inLanguage\":\"en-US\"},{\"@type\":\"WebPage\",\"@id\":\"https:\/\/www.urlaubcornwall.de\/blog\/gruppenreisen-auf-den-scilly-inseln\/\",\"url\":\"https:\/\/www.urlaubcornwall.de\/blog\/gruppenreisen-auf-den-scilly-inseln\/\",\"name\":\"Gruppenreisen auf die Isles of Scilly - Urlaub &amp; Reisen\",\"isPartOf\":{\"@id\":\"https:\/\/www.urlaubcornwall.de\/blog\/#website\"},\"datePublished\":\"2020-03-09T09:36:02+00:00\",\"dateModified\":\"2024-05-30T15:15:01+00:00\",\"breadcrumb\":{\"@id\":\"https:\/\/www.urlaubcornwall.de\/blog\/gruppenreisen-auf-den-scilly-inseln\/#breadcrumb\"},\"inLanguage\":\"en-US\",\"potentialAction\":[{\"@type\":\"ReadAction\",\"target\":[\"https:\/\/www.urlaubcornwall.de\/blog\/gruppenreisen-auf-den-scilly-inseln\/\"]}]},{\"@type\":\"BreadcrumbList\",\"@id\":\"https:\/\/www.urlaubcornwall.de\/blog\/gruppenreisen-auf-den-scilly-inseln\/#breadcrumb\",\"itemListElement\":[{\"@type\":\"ListItem\",\"position\":1,\"name\":\"Home\",\"item\":\"https:\/\/www.urlaubcornwall.de\/blog\/\"},{\"@type\":\"ListItem\",\"position\":2,\"name\":\"Gruppenreisen auf die Isles of Scilly\"}]}]}<\/script>\n<!-- \/ Yoast SEO plugin. -->","yoast_head_json":{"title":"Gruppenreisen auf die Isles of Scilly - Urlaub &amp; Reisen","robots":{"index":"index","follow":"follow","max-snippet":"max-snippet:-1","max-image-preview":"max-image-preview:large","max-video-preview":"max-video-preview:-1"},"canonical":"https:\/\/www.urlaubcornwall.de\/blog\/gruppenreisen-auf-den-scilly-inseln\/","og_locale":"en_US","og_type":"article","og_title":"Gruppenreisen auf die Isles of Scilly - Urlaub &amp; Reisen","og_description":"Wir besuchen die Scilly-Inseln schon seit 20 Jahren und wissen, warum die Leute immer wieder Jahr f\u00fcr Jahr dorthin zur\u00fcckkehren. Nur wenige Autos st\u00f6ren die idyllische Ruhe und man erreicht die Inseln haupts\u00e4chlich mit dem Boot. Einsame Sandstr\u00e4nde, t\u00fcrkisblaues Wasser und eine atemberaubende Landschaft sorgen f\u00fcr einen unvergesslichen Urlaub. Sie k\u00f6nnen die Scilly-Inseln nat\u00fcrlich auch [&hellip;]","og_url":"https:\/\/www.urlaubcornwall.de\/blog\/gruppenreisen-auf-den-scilly-inseln\/","og_site_name":"Urlaub &amp; Reisen","article_modified_time":"2024-05-30T15:15:01+00:00","og_image":[{"url":"https:\/\/www.urlaubcornwall.de\/blog\/wp-content\/uploads\/2018\/01\/tui-scilly.jpg"}],"twitter_card":"summary","twitter_misc":{"Est. reading time":"1 minute"},"schema":{"@context":"https:\/\/schema.org","@graph":[{"@type":"WebSite","@id":"https:\/\/www.urlaubcornwall.de\/blog\/#website","url":"https:\/\/www.urlaubcornwall.de\/blog\/","name":"Urlaub &amp; Reisen","description":"Urlaub, Reisen, Cornwall und S\u00fcdengland: eine perfekte Kombination","potentialAction":[{"@type":"SearchAction","target":{"@type":"EntryPoint","urlTemplate":"https:\/\/www.urlaubcornwall.de\/blog\/?s={search_term_string}"},"query-input":"required name=search_term_string"}],"inLanguage":"en-US"},{"@type":"WebPage","@id":"https:\/\/www.urlaubcornwall.de\/blog\/gruppenreisen-auf-den-scilly-inseln\/","url":"https:\/\/www.urlaubcornwall.de\/blog\/gruppenreisen-auf-den-scilly-inseln\/","name":"Gruppenreisen auf die Isles of Scilly - Urlaub &amp; Reisen","isPartOf":{"@id":"https:\/\/www.urlaubcornwall.de\/blog\/#website"},"datePublished":"2020-03-09T09:36:02+00:00","dateModified":"2024-05-30T15:15:01+00:00","breadcrumb":{"@id":"https:\/\/www.urlaubcornwall.de\/blog\/gruppenreisen-auf-den-scilly-inseln\/#breadcrumb"},"inLanguage":"en-US","potentialAction":[{"@type":"ReadAction","target":["https:\/\/www.urlaubcornwall.de\/blog\/gruppenreisen-auf-den-scilly-inseln\/"]}]},{"@type":"BreadcrumbList","@id":"https:\/\/www.urlaubcornwall.de\/blog\/gruppenreisen-auf-den-scilly-inseln\/#breadcrumb","itemListElement":[{"@type":"ListItem","position":1,"name":"Home","item":"https:\/\/www.urlaubcornwall.de\/blog\/"},{"@type":"ListItem","position":2,"name":"Gruppenreisen auf die Isles of Scilly"}]}]}},"_links":{"self":[{"href":"https:\/\/www.urlaubcornwall.de\/blog\/wp-json\/wp\/v2\/pages\/39569"}],"collection":[{"href":"https:\/\/www.urlaubcornwall.de\/blog\/wp-json\/wp\/v2\/pages"}],"about":[{"href":"https:\/\/www.urlaubcornwall.de\/blog\/wp-json\/wp\/v2\/types\/page"}],"author":[{"embeddable":true,"href":"https:\/\/www.urlaubcornwall.de\/blog\/wp-json\/wp\/v2\/users\/1"}],"replies":[{"embeddable":true,"href":"https:\/\/www.urlaubcornwall.de\/blog\/wp-json\/wp\/v2\/comments?post=39569"}],"version-history":[{"count":4,"href":"https:\/\/www.urlaubcornwall.de\/blog\/wp-json\/wp\/v2\/pages\/39569\/revisions"}],"predecessor-version":[{"id":51144,"href":"https:\/\/www.urlaubcornwall.de\/blog\/wp-json\/wp\/v2\/pages\/39569\/revisions\/51144"}],"wp:attachment":[{"href":"https:\/\/www.urlaubcornwall.de\/blog\/wp-json\/wp\/v2\/media?parent=39569"}],"curies":[{"name":"wp","href":"https:\/\/api.w.org\/{rel}","templated":true}]}}