{"id":39546,"date":"2020-02-28T15:22:41","date_gmt":"2020-02-28T15:22:41","guid":{"rendered":"https:\/\/www.urlaubcornwall.de\/blog\/?page_id=39546"},"modified":"2024-05-29T08:39:51","modified_gmt":"2024-05-29T08:39:51","slug":"mit-dem-auto-nach-cornwall-auf-der-a30","status":"publish","type":"page","link":"https:\/\/www.urlaubcornwall.de\/blog\/mit-dem-auto-nach-cornwall-auf-der-a30\/","title":{"rendered":"Mit dem Auto nach Cornwall auf der A30"},"content":{"rendered":"<p><img loading=\"lazy\" class=\"aligncenter size-full wp-image-39118\" src=\"https:\/\/www.urlaubcornwall.de\/blog\/wp-content\/uploads\/2019\/11\/padstow_hafen.jpg\" alt=\"padstow_hafen\" width=\"750\" height=\"432\" srcset=\"https:\/\/www.urlaubcornwall.de\/blog\/wp-content\/uploads\/2019\/11\/padstow_hafen.jpg 750w, https:\/\/www.urlaubcornwall.de\/blog\/wp-content\/uploads\/2019\/11\/padstow_hafen-300x173.jpg 300w\" sizes=\"(max-width: 750px) 100vw, 750px\" \/><\/p>\n<p><a href=\"https:\/\/www.urlaubcornwall.de\/rundreisen\/cornwall-suedengland.php\">Rundreise durch Cornwall und S\u00fcdengland<\/a>  &#8211; Von Exeter aus nehmen Sie die A30 Richtung <a href=\"https:\/\/www.urlaubcornwall.de\/ferienhaeuser\/cornwall.php\">Cornwall<\/a>, folgen Sie dann entweder der A30 Richtung Okehampton mit den Ruinen seiner normannischen Burg, oder Sie nehmen die B3212 und fahren durch Dartmoor Richtung Tavistock, einer Stadt mit feinen viktorianischen Geb\u00e4uden und einem ber\u00fchmten Panniermarkt.<\/p>\n<p>Der <a href=\"https:\/\/www.urlaubcornwall.de\/ferienhaeuser-fewos\/eng\/sued-devon\/dartmoor.html\">Dartmoor Nationalpark<\/a> ist S\u00fcdenglands gr\u00f6\u00dfte Ausdehnung an Wildnis. Die herrliche Landschaft \u00fcbt eine einzigartige Faszination aus, die unvergleichbar ist mit anderen Orten des UK. Der n\u00f6rdliche Teil Dartmoors ist eher zerkl\u00fcftet mit den herrlichen H\u00fcgeln Yes Tor, High Willhays und Hangingstone Hill, die die Landschaft dominieren, wo die ber\u00fchmten Dartmoor Ponys weiden. Hier befindet sich auch die bekannte Lydford Schlucht, wo der Fluss Lyd als White Lady Wasserfall mehr als 30 Meter in die Tiefe hinabst\u00fcrzt. Eingeschmiegt ins Moorgebiet befinden sich die h\u00fcbschen D\u00f6rfer Chagford, Buckland in the Moor, <a href=\"https:\/\/www.urlaubcornwall.de\/ferienhaeuser-fewos\/eng\/sued-devon\/widecombe-in-the-moor.html\">Widecombe in the Moor<\/a> und <a href=\"https:\/\/www.urlaubcornwall.de\/ferienhaeuser-fewos\/eng\/sued-devon\/bovey-tracey.html\">Bovey Tracey<\/a>. <\/p>\n<p><img loading=\"lazy\" class=\"aligncenter size-full wp-image-19436\" src=\"https:\/\/www.urlaubcornwall.de\/blog\/wp-content\/uploads\/2015\/08\/Plymouth-Hoe_740.jpg\" alt=\"Plymouth am meer meerblick devon\" width=\"749\" height=\"454\"\/><\/p>\n<p>Wenn Sie Richtung Tavistock oder <a href=\"https:\/\/www.urlaubcornwall.de\/ferienhaeuser-fewos\/eng\/sued-devon\/plymouth.html\">Plymouth<\/a> fahren, finden Sie das bekannte Fleckchen voller Sch\u00f6nheit, das Dartmeet, wo die Fl\u00fcsse East- und West Dart aufeinander treffen. Eine von Dartmoors ber\u00fchmten \u2018Kl\u00f6ppelbr\u00fccken\u2019 befindet sich in der N\u00e4he \u2013 dies war ein alter Kreuzungspunkt. Princetown im Zentrum Dartmoors, ist ein trostloses Dorf in der N\u00e4he des bekannten Gef\u00e4ngnisses. Die sumpfigen Ebenen und die einsame Wildnis der Erme Plains inspirierten Sir Arthur Conan Doyle zu seiner Novelle des \u2018Hound of the Baskervilles\u2019.<\/p>\n<div class=\"snippet\"> <a class=\"featured-item\" href=\"https:\/\/www.urlaubcornwall.de\/ferienhaeuser\/cornwall.php\"> <span class=\"image-holder\" style=\"background-image: url('https:\/\/www.urlaubcornwall.de\/blog\/wp-content\/uploads\/2018\/12\/familienurlaub-corwnall-snippet.jpg');\"><\/span> <span class=\"featured-content\"> \n<h2 class=\"featured-title\">Ferienh\u00e4user in Cornwall am Meer<\/h2>\n<p class=\"featured-body\">Cornwall besitzt mehr K\u00fcstenlinien als jede andere Grafschaft und bietet einige der besten Str\u00e4nde, K\u00fcstenwanderwege und Klippenlandschaften, die man \u00fcberhaupt finden kann&#8230; <\/p><\/span> <span class=\"featured-link-holder\"> <span class=\"featured-extra-info\"> \n<p>F\u00fcr Paare, Familien &#038; Gruppen<\/p>\n<\/span> \n<p class=\"featured-link\">DETAILS<\/p>\n<\/span> <\/a><\/div>\n<p>Wenn Sie den Dartmoor Nationalpark bei <a href=\"https:\/\/www.urlaubcornwall.de\/ferienhaeuser-fewos\/eng\/sued-devon\/tavistock.html\">Tavistock<\/a> verlassen, k\u00f6nnen Sie hinauffahren nach Launceston, um wieder auf die A30 zu treffen und durchs Bodmin Moor zu fahren, vorbei am ber\u00fchmten Jamaica Inn. Bodmin Moor ist Cornwalls gr\u00f6\u00dfte Wildnis im Binnenland, vergleichbar mit Dartmoor in Devon. Anstelle direkt nach Launceston zu fahren, nehmen Sie sich doch einige Zeit, um das Bodmin Moor zu erkunden, seine ber\u00fchmten pr\u00e4historischen \u00dcberbleibsel, Orte, die assoziiert werden mit K\u00f6nig Arthus und seinen Rittern, und die herrlichen Golitha Falls am Fluss <a href=\"https:\/\/www.urlaubcornwall.de\/ferienhaeuser-fewos\/fowey.html\">Fowey<\/a>. Nehmen Sie dann die A38 nach Bodmin, das einst die Hauptstadt der Grafschaft Cornwall war.<\/p>\n<p><a href=\"https:\/\/www.urlaubcornwall.de\/blog\/wp-content\/uploads\/2024\/05\/Lanhydrock-House-Bodmin.jpg\"><img loading=\"lazy\" src=\"https:\/\/www.urlaubcornwall.de\/blog\/wp-content\/uploads\/2024\/05\/Lanhydrock-House-Bodmin.jpg\" alt=\"Lanhydrock House, Bodmin\" width=\"750\" height=\"417\" class=\"alignnone size-full wp-image-50540\" srcset=\"https:\/\/www.urlaubcornwall.de\/blog\/wp-content\/uploads\/2024\/05\/Lanhydrock-House-Bodmin.jpg 750w, https:\/\/www.urlaubcornwall.de\/blog\/wp-content\/uploads\/2024\/05\/Lanhydrock-House-Bodmin-300x167.jpg 300w\" sizes=\"(max-width: 750px) 100vw, 750px\" \/><\/a><\/p>\n<p>Im Au\u00dfenbezirk von <a href=\"https:\/\/www.urlaubcornwall.de\/ferienhaeuser-fewos\/bodmin.html\">Bodmin<\/a> befindet sich das herrschaftliche Haus aus dem 17. Jahrhundert, Lanhydrock, das im Tal Fowey liegt. Es wurde f\u00fcr Sir Richard Robartes erbaut, einen reichen Kaufmann, und befindet sich nun im Besitz des National Trust. Es sollte w\u00e4hrend eines Urlaubs in Cornwall absolut nicht verpasst werden.<\/p>\n<p>Von Bodmin f\u00fchrt die A30 g\u00e4nzlich entlang der Nordk\u00fcste Cornwalls, vorbei an den <a href=\"https:\/\/www.urlaubcornwall.de\/ferienhaeuser-fewos\/newquay.html\">Urlaubsorten Newquay<\/a>, <a href=\"https:\/\/www.urlaubcornwall.de\/ferienhaeuser-fewos\/perranporth.html\">Perranporth<\/a>, <a href=\"https:\/\/www.urlaubcornwall.de\/ferienhaeuser-fewos\/porthtowan.html\">Porthtowan<\/a>, <a href=\"https:\/\/www.urlaubcornwall.de\/ferienhaeuser-fewos\/hayle.html\">Hayle<\/a> und <a href=\"https:\/\/www.urlaubcornwall.de\/ferienhaeuser-fewos\/st-ives.html\">St Ives<\/a>, zur Stadt Penzance mit Blick \u00fcber die Mounts Bay und den ikonischen <a href=\"https:\/\/www.urlaubcornwall.de\/ferienhaeuser-fewos\/marazion.html\">St Michaels Mount<\/a>. Die Stra\u00dfe f\u00fchrt weiter, bis sie Lands End erreicht. Achtundzwanzig Meilen oder 45 km s\u00fcdwestlich von Lands End, vor der cornischen K\u00fcste, befinden sich im Atlantischen Ozean die Isles of Scilly, der s\u00fcdwestlichste Teil der Britischen Inseln.<\/p>\n<div class=\"snippet\"> <a class=\"featured-item\" href=\" https:\/\/www.urlaubcornwall.de\/rundreisen\/cornwall-suedengland.php\"> <span class=\"image-holder\" style=\"background-image: url(' https:\/\/www.urlaubcornwall.de\/blog\/wp-content\/uploads\/2018\/11\/rundreise-cornwall.jpg ');\"><\/span> <span class=\"featured-content\"> \n<h2 class=\"featured-title\">Individuelle Rundreise in Cornwall &#038; S\u00fcdengland<\/h2>\n<p class=\"featured-body\"> Bei dieser Cornwall Rundreise entdecken Sie die H\u00f6hepunkte S\u00fcdenglands. Kultur, Geschichte, Landschaft und heutiges Leben werden Sie hierbei kennenlernen&#8230;<\/p>\n<\/span> <span class=\"featured-link-holder\"> <span class=\"featured-extra-info\"> \n<p>Urlaub im eigenen Schritttempo<\/p>\n<\/span> \n<p class=\"featured-link\">DETAILS<\/p>\n<\/span> <\/a><\/div>\n","protected":false},"excerpt":{"rendered":"<p>Rundreise durch Cornwall und S\u00fcdengland &#8211; Von Exeter aus nehmen Sie die A30 Richtung Cornwall, folgen Sie dann entweder der A30 Richtung Okehampton mit den Ruinen seiner normannischen Burg, oder Sie nehmen die B3212 und fahren durch Dartmoor Richtung Tavistock, einer Stadt mit feinen viktorianischen Geb\u00e4uden und einem ber\u00fchmten Panniermarkt. Der Dartmoor Nationalpark ist S\u00fcdenglands [&hellip;]<\/p>\n","protected":false},"author":1,"featured_media":0,"parent":0,"menu_order":0,"comment_status":"closed","ping_status":"closed","template":"single-four.php","meta":[],"acf":[],"yoast_head":"<!-- This site is optimized with the Yoast SEO plugin v19.4 - https:\/\/yoast.com\/wordpress\/plugins\/seo\/ -->\n<title>Mit dem Auto nach Cornwall auf der A30 - Urlaub &amp; Reisen<\/title>\n<meta name=\"robots\" content=\"index, follow, max-snippet:-1, max-image-preview:large, max-video-preview:-1\" \/>\n<link rel=\"canonical\" href=\"https:\/\/www.urlaubcornwall.de\/blog\/mit-dem-auto-nach-cornwall-auf-der-a30\/\" \/>\n<meta property=\"og:locale\" content=\"en_US\" \/>\n<meta property=\"og:type\" content=\"article\" \/>\n<meta property=\"og:title\" content=\"Mit dem Auto nach Cornwall auf der A30 - Urlaub &amp; Reisen\" \/>\n<meta property=\"og:description\" content=\"Rundreise durch Cornwall und S\u00fcdengland &#8211; Von Exeter aus nehmen Sie die A30 Richtung Cornwall, folgen Sie dann entweder der A30 Richtung Okehampton mit den Ruinen seiner normannischen Burg, oder Sie nehmen die B3212 und fahren durch Dartmoor Richtung Tavistock, einer Stadt mit feinen viktorianischen Geb\u00e4uden und einem ber\u00fchmten Panniermarkt. Der Dartmoor Nationalpark ist S\u00fcdenglands [&hellip;]\" \/>\n<meta property=\"og:url\" content=\"https:\/\/www.urlaubcornwall.de\/blog\/mit-dem-auto-nach-cornwall-auf-der-a30\/\" \/>\n<meta property=\"og:site_name\" content=\"Urlaub &amp; Reisen\" \/>\n<meta property=\"article:modified_time\" content=\"2024-05-29T08:39:51+00:00\" \/>\n<meta property=\"og:image\" content=\"https:\/\/www.urlaubcornwall.de\/blog\/wp-content\/uploads\/2019\/11\/padstow_hafen.jpg\" \/>\n<meta name=\"twitter:card\" content=\"summary\" \/>\n<meta name=\"twitter:label1\" content=\"Est. reading time\" \/>\n\t<meta name=\"twitter:data1\" content=\"3 minutes\" \/>\n<script type=\"application\/ld+json\" class=\"yoast-schema-graph\">{\"@context\":\"https:\/\/schema.org\",\"@graph\":[{\"@type\":\"WebSite\",\"@id\":\"https:\/\/www.urlaubcornwall.de\/blog\/#website\",\"url\":\"https:\/\/www.urlaubcornwall.de\/blog\/\",\"name\":\"Urlaub &amp; Reisen\",\"description\":\"Urlaub, Reisen, Cornwall und S\u00fcdengland: eine perfekte Kombination\",\"potentialAction\":[{\"@type\":\"SearchAction\",\"target\":{\"@type\":\"EntryPoint\",\"urlTemplate\":\"https:\/\/www.urlaubcornwall.de\/blog\/?s={search_term_string}\"},\"query-input\":\"required name=search_term_string\"}],\"inLanguage\":\"en-US\"},{\"@type\":\"WebPage\",\"@id\":\"https:\/\/www.urlaubcornwall.de\/blog\/mit-dem-auto-nach-cornwall-auf-der-a30\/\",\"url\":\"https:\/\/www.urlaubcornwall.de\/blog\/mit-dem-auto-nach-cornwall-auf-der-a30\/\",\"name\":\"Mit dem Auto nach Cornwall auf der A30 - Urlaub &amp; Reisen\",\"isPartOf\":{\"@id\":\"https:\/\/www.urlaubcornwall.de\/blog\/#website\"},\"datePublished\":\"2020-02-28T15:22:41+00:00\",\"dateModified\":\"2024-05-29T08:39:51+00:00\",\"breadcrumb\":{\"@id\":\"https:\/\/www.urlaubcornwall.de\/blog\/mit-dem-auto-nach-cornwall-auf-der-a30\/#breadcrumb\"},\"inLanguage\":\"en-US\",\"potentialAction\":[{\"@type\":\"ReadAction\",\"target\":[\"https:\/\/www.urlaubcornwall.de\/blog\/mit-dem-auto-nach-cornwall-auf-der-a30\/\"]}]},{\"@type\":\"BreadcrumbList\",\"@id\":\"https:\/\/www.urlaubcornwall.de\/blog\/mit-dem-auto-nach-cornwall-auf-der-a30\/#breadcrumb\",\"itemListElement\":[{\"@type\":\"ListItem\",\"position\":1,\"name\":\"Home\",\"item\":\"https:\/\/www.urlaubcornwall.de\/blog\/\"},{\"@type\":\"ListItem\",\"position\":2,\"name\":\"Mit dem Auto nach Cornwall auf der A30\"}]}]}<\/script>\n<!-- \/ Yoast SEO plugin. -->","yoast_head_json":{"title":"Mit dem Auto nach Cornwall auf der A30 - Urlaub &amp; Reisen","robots":{"index":"index","follow":"follow","max-snippet":"max-snippet:-1","max-image-preview":"max-image-preview:large","max-video-preview":"max-video-preview:-1"},"canonical":"https:\/\/www.urlaubcornwall.de\/blog\/mit-dem-auto-nach-cornwall-auf-der-a30\/","og_locale":"en_US","og_type":"article","og_title":"Mit dem Auto nach Cornwall auf der A30 - Urlaub &amp; Reisen","og_description":"Rundreise durch Cornwall und S\u00fcdengland &#8211; Von Exeter aus nehmen Sie die A30 Richtung Cornwall, folgen Sie dann entweder der A30 Richtung Okehampton mit den Ruinen seiner normannischen Burg, oder Sie nehmen die B3212 und fahren durch Dartmoor Richtung Tavistock, einer Stadt mit feinen viktorianischen Geb\u00e4uden und einem ber\u00fchmten Panniermarkt. Der Dartmoor Nationalpark ist S\u00fcdenglands [&hellip;]","og_url":"https:\/\/www.urlaubcornwall.de\/blog\/mit-dem-auto-nach-cornwall-auf-der-a30\/","og_site_name":"Urlaub &amp; Reisen","article_modified_time":"2024-05-29T08:39:51+00:00","og_image":[{"url":"https:\/\/www.urlaubcornwall.de\/blog\/wp-content\/uploads\/2019\/11\/padstow_hafen.jpg"}],"twitter_card":"summary","twitter_misc":{"Est. reading time":"3 minutes"},"schema":{"@context":"https:\/\/schema.org","@graph":[{"@type":"WebSite","@id":"https:\/\/www.urlaubcornwall.de\/blog\/#website","url":"https:\/\/www.urlaubcornwall.de\/blog\/","name":"Urlaub &amp; Reisen","description":"Urlaub, Reisen, Cornwall und S\u00fcdengland: eine perfekte Kombination","potentialAction":[{"@type":"SearchAction","target":{"@type":"EntryPoint","urlTemplate":"https:\/\/www.urlaubcornwall.de\/blog\/?s={search_term_string}"},"query-input":"required name=search_term_string"}],"inLanguage":"en-US"},{"@type":"WebPage","@id":"https:\/\/www.urlaubcornwall.de\/blog\/mit-dem-auto-nach-cornwall-auf-der-a30\/","url":"https:\/\/www.urlaubcornwall.de\/blog\/mit-dem-auto-nach-cornwall-auf-der-a30\/","name":"Mit dem Auto nach Cornwall auf der A30 - Urlaub &amp; Reisen","isPartOf":{"@id":"https:\/\/www.urlaubcornwall.de\/blog\/#website"},"datePublished":"2020-02-28T15:22:41+00:00","dateModified":"2024-05-29T08:39:51+00:00","breadcrumb":{"@id":"https:\/\/www.urlaubcornwall.de\/blog\/mit-dem-auto-nach-cornwall-auf-der-a30\/#breadcrumb"},"inLanguage":"en-US","potentialAction":[{"@type":"ReadAction","target":["https:\/\/www.urlaubcornwall.de\/blog\/mit-dem-auto-nach-cornwall-auf-der-a30\/"]}]},{"@type":"BreadcrumbList","@id":"https:\/\/www.urlaubcornwall.de\/blog\/mit-dem-auto-nach-cornwall-auf-der-a30\/#breadcrumb","itemListElement":[{"@type":"ListItem","position":1,"name":"Home","item":"https:\/\/www.urlaubcornwall.de\/blog\/"},{"@type":"ListItem","position":2,"name":"Mit dem Auto nach Cornwall auf der A30"}]}]}},"_links":{"self":[{"href":"https:\/\/www.urlaubcornwall.de\/blog\/wp-json\/wp\/v2\/pages\/39546"}],"collection":[{"href":"https:\/\/www.urlaubcornwall.de\/blog\/wp-json\/wp\/v2\/pages"}],"about":[{"href":"https:\/\/www.urlaubcornwall.de\/blog\/wp-json\/wp\/v2\/types\/page"}],"author":[{"embeddable":true,"href":"https:\/\/www.urlaubcornwall.de\/blog\/wp-json\/wp\/v2\/users\/1"}],"replies":[{"embeddable":true,"href":"https:\/\/www.urlaubcornwall.de\/blog\/wp-json\/wp\/v2\/comments?post=39546"}],"version-history":[{"count":5,"href":"https:\/\/www.urlaubcornwall.de\/blog\/wp-json\/wp\/v2\/pages\/39546\/revisions"}],"predecessor-version":[{"id":50544,"href":"https:\/\/www.urlaubcornwall.de\/blog\/wp-json\/wp\/v2\/pages\/39546\/revisions\/50544"}],"wp:attachment":[{"href":"https:\/\/www.urlaubcornwall.de\/blog\/wp-json\/wp\/v2\/media?parent=39546"}],"curies":[{"name":"wp","href":"https:\/\/api.w.org\/{rel}","templated":true}]}}