{"id":39539,"date":"2020-02-28T15:10:03","date_gmt":"2020-02-28T15:10:03","guid":{"rendered":"https:\/\/www.urlaubcornwall.de\/blog\/?page_id=39539"},"modified":"2024-04-03T12:19:37","modified_gmt":"2024-04-03T12:19:37","slug":"mit-dem-auto-nach-cornwall-auf-der-a38","status":"publish","type":"page","link":"https:\/\/www.urlaubcornwall.de\/blog\/mit-dem-auto-nach-cornwall-auf-der-a38\/","title":{"rendered":"Mit dem Auto nach Cornwall auf der A38"},"content":{"rendered":"<p><img loading=\"lazy\" class=\"aligncenter size-full wp-image-48092\" src=\"https:\/\/www.urlaubcornwall.de\/blog\/wp-content\/uploads\/2024\/03\/tamar-1.jpg\" alt=\"\" width=\"750\" height=\"500\" srcset=\"https:\/\/www.urlaubcornwall.de\/blog\/wp-content\/uploads\/2024\/03\/tamar-1.jpg 750w, https:\/\/www.urlaubcornwall.de\/blog\/wp-content\/uploads\/2024\/03\/tamar-1-300x200.jpg 300w\" sizes=\"(max-width: 750px) 100vw, 750px\" \/><\/p>\n<p><a href=\"https:\/\/www.urlaubcornwall.de\/rundreisen\/cornwall-suedengland.php\">Rundreise durch Cornwall und S\u00fcdengland<\/a> &#8211; Wenn Sie Exeter erreichen, k\u00f6nnen Sie die A38 Richtung <a href=\"https:\/\/www.urlaubcornwall.de\/ferienhaeuser-fewos\/eng\/sued-devon\/plymouth.html\">Plymouth<\/a> nehmen und den River Tamar auf der Tamar Bridge nach Cornwall \u00fcberqueren. An den Ufern des River Tamar bei St Dominick befindet sich das wundersch\u00f6ne Tudorhaus Cotehele. Es befindet sich im Besitz des National Trust und ist umgeben von 5ha wundersch\u00f6ner G\u00e4rten, die hinunterf\u00fchren zum Cotehele Quay. Dies ist ein wundervoller Ort und w\u00e4hrend eines Urlaubs in Cornwall eines Besuches wert.<\/p>\n<p>Die <a href=\"https:\/\/www.urlaubcornwall.de\/ferienhaeuser-fewos\/suedkueste-cornwall.html\">Rame Peninsula ist das Gebiet Cornwalls<\/a> westlich von Plymouth Sound. Machen Sie einen Abstecher von der A38 weg, um dieses kaum bekannte Gebiet der Grafschaft zu besuchen mit seinen Str\u00e4nden und den herrschaftlichen H\u00e4usern aus dem 18. Jahrhundert, Antony und Mount Edgcumbe.<\/p>\n<p>Bevor Sie wieder auf die A38 fahren, fahren Sie doch der K\u00fcste entlang zum Fischerhafen und Urlaubsort Looe; die Stadt ist aufgeteilt in <a href=\"https:\/\/www.urlaubcornwall.de\/ferienhaeuser-fewos\/looe.html\">East und West Looe<\/a>. Sie sind miteinander durch eine grazi\u00f6se Br\u00fccke verbunden. Weiter entlang der K\u00fcste befindet sich das urige kleine Hafendorf Polperro.<\/p>\n<p>Die A38 verl\u00e4uft an der Stadt Liskeard vorbei und trifft dann bei Bodmin auf die A30. Um weiter entlang der K\u00fcste zu reisen, nehmen Sie die A390 Richtung St Austell, vorbei an <a href=\"https:\/\/www.urlaubcornwall.de\/ferienhaeuser-fewos\/lostwithiel.html\">Lostwithiel und den Ruinen des Restormel Castle<\/a>, das hinunterschaut \u00fcber das Fowey Valley.<\/p>\n<p><img loading=\"lazy\" class=\"aligncenter size-full wp-image-39543\" src=\"https:\/\/www.urlaubcornwall.de\/blog\/wp-content\/uploads\/2020\/02\/fowey-urlaub.jpg\" alt=\"fowey-urlaub\" width=\"749\" height=\"421\"\/><\/p>\n<p>Fowey ist eine beliebte Stadt am Fluss; Jachten und Vergn\u00fcgungsboote f\u00fcllen im Sommer den Hafen. In dieser historischen kleinen Stadt lebte und arbeitete die Autorin Daphne du Maurier viele Jahre lang in ihrem Haus am Fluss, \u2018Menabilly\u2019.<\/p>\n<p>Von St Austell und dem <a href=\"https:\/\/www.urlaubcornwall.de\/ferienhaeuser-fewos\/charlestown.html\">historischen Hafen Charlestown<\/a> aus trifft die A390 auf die A39, vorbei an der Roseland Peninsula und dem <a href=\"https:\/\/www.urlaubcornwall.de\/ferienhaeuser-fewos\/st-mawes.html\">Jachthafen St Mawes<\/a>. Auf der Roseland Peninsula befindet sich die charmante kleine Kirche bei St Just-in-Roseland, die oberhalb eines engen Baches liegt und umgeben ist von exotischen Str\u00e4uchern und Palmen. Das St. Mawes Castle aus dem 16. Jahrhundert liegt gegen\u00fcber von Pendennis Castle in Falmouth und bewacht den Eingang zu den Carrick Roads in der Falmouth Bay.  <\/p>\n<p><img loading=\"lazy\" class=\"aligncenter size-full wp-image-16784\" src=\"https:\/\/www.urlaubcornwall.de\/blog\/wp-content\/uploads\/2014\/09\/mevagissey_1.jpg\" alt=\"mevagissey hafen\" width=\"748\" height=\"394\"\/><\/p>\n<p><a href=\"https:\/\/www.urlaubcornwall.de\/ferienhaeuser-fewos\/mevagissey.html\">Mevagissey ist ein archetypisches cornishes Fischerdorf<\/a> mit engen Str\u00e4\u00dfchen, alten H\u00e4usern und einem Hafen voller Fischerboote.<\/p>\n<div class=\"snippet\"> <a class=\"featured-item\" href=\"https:\/\/www.urlaubcornwall.de\/ferienhaeuser\/cornwall.php\"> <span class=\"image-holder\" style=\"background-image: url('https:\/\/www.urlaubcornwall.de\/blog\/wp-content\/uploads\/2018\/12\/familienurlaub-corwnall-snippet.jpg');\"><\/span> <span class=\"featured-content\"> \n<h2 class=\"featured-title\">Ferienh\u00e4user in Cornwall am Meer<\/h2>\n<p class=\"featured-body\">Cornwall besitzt mehr K\u00fcstenlinien als jede andere Grafschaft und bietet einige der besten Str\u00e4nde, K\u00fcstenwanderwege und Klippenlandschaften, die man \u00fcberhaupt finden kann&#8230; <\/p><\/span> <span class=\"featured-link-holder\"> <span class=\"featured-extra-info\"> \n<p>F\u00fcr Paare, Familien &#038; Gruppen<\/p>\n<\/span> \n<p class=\"featured-link\">DETAILS<\/p>\n<\/span> <\/a><\/div>\n<p>Um den River Fal zu \u00fcberqueren, k\u00f6nnen Sie die King Harry Ferry nehmen, eine Kettenautof\u00e4hre von der Roseland Peninsula nach Feock, in der N\u00e4he des Trelissick House and Gardens. Oder Sie k\u00f6nnen bei Tresillian ums Ende des River Fal herumfahren und dann in Cornwalls Kathedralenstadt Truro ankommen. Zwischen <a href=\"https:\/\/www.urlaubcornwall.de\/ferienhaeuser-fewos\/truro.html\">Truro<\/a> und <a href=\"https:\/\/www.urlaubcornwall.de\/ferienhaeuser-fewos\/falmouth.html\">Falmouth<\/a> liegt ein verborgenes Cornwall mit gezeitenabh\u00e4ngigen Fl\u00fcssen und B\u00e4chen, die in den herrlichen nat\u00fcrlichen Hafen der Falmouth Bay m\u00fcnden. <\/p>\n<p>S\u00fcdlich von Falmouth liegt die <a href=\"https:\/\/www.urlaubcornwall.de\/ferienhaeuser-fewos\/lizard-halbinsel.html\">Lizard Peninsula<\/a>, eine breite, flache Landschaft mit gro\u00dfen Gebieten an Heideland und K\u00fcstenklippen, die seltene Pflanzen internationaler Bedeutsamkeit beherbergen. Zwischen Falmouth und dem Lizard befindet sich die Helford Estuary mit von B\u00e4umen umgebenen B\u00e4chen, wo Daphne du Maurier ihre romantische Erz\u00e4hlung \u2018Frenchman\u2019s Creek\u2019 ansiedelte. An den Nordufern des Helford befinden sich die exquisiten G\u00e4rten Glendurgan und Trebah. <\/p>\n<div class=\"snippet\"> <a class=\"featured-item\" href=\" https:\/\/www.urlaubcornwall.de\/rundreisen\/cornwall-suedengland.php\"> <span class=\"image-holder\" style=\"background-image: url(' https:\/\/www.urlaubcornwall.de\/blog\/wp-content\/uploads\/2018\/11\/rundreise-cornwall.jpg ');\"><\/span> <span class=\"featured-content\"> \n<h2 class=\"featured-title\">Individuelle Rundreise in Cornwall &#038; S\u00fcdengland<\/h2>\n<p class=\"featured-body\"> Bei dieser Cornwall Rundreise entdecken Sie die H\u00f6hepunkte S\u00fcdenglands. Kultur, Geschichte, Landschaft und heutiges Leben werden Sie hierbei kennenlernen&#8230;<\/p>\n<\/span> <span class=\"featured-link-holder\"> <span class=\"featured-extra-info\"> \n<p>Urlaub im eigenen Schritttempo<\/p>\n<\/span> \n<p class=\"featured-link\">DETAILS<\/p>\n<\/span> <\/a><\/div>\n","protected":false},"excerpt":{"rendered":"<p>Rundreise durch Cornwall und S\u00fcdengland &#8211; Wenn Sie Exeter erreichen, k\u00f6nnen Sie die A38 Richtung Plymouth nehmen und den River Tamar auf der Tamar Bridge nach Cornwall \u00fcberqueren. An den Ufern des River Tamar bei St Dominick befindet sich das wundersch\u00f6ne Tudorhaus Cotehele. Es befindet sich im Besitz des National Trust und ist umgeben von [&hellip;]<\/p>\n","protected":false},"author":1,"featured_media":0,"parent":0,"menu_order":0,"comment_status":"closed","ping_status":"closed","template":"single-four.php","meta":[],"acf":[],"yoast_head":"<!-- This site is optimized with the Yoast SEO plugin v19.4 - https:\/\/yoast.com\/wordpress\/plugins\/seo\/ -->\n<title>Mit dem Auto nach Cornwall auf der A38 - Urlaub &amp; Reisen<\/title>\n<meta name=\"robots\" content=\"index, follow, max-snippet:-1, max-image-preview:large, max-video-preview:-1\" \/>\n<link rel=\"canonical\" href=\"https:\/\/www.urlaubcornwall.de\/blog\/mit-dem-auto-nach-cornwall-auf-der-a38\/\" \/>\n<meta property=\"og:locale\" content=\"en_US\" \/>\n<meta property=\"og:type\" content=\"article\" \/>\n<meta property=\"og:title\" content=\"Mit dem Auto nach Cornwall auf der A38 - Urlaub &amp; Reisen\" \/>\n<meta property=\"og:description\" content=\"Rundreise durch Cornwall und S\u00fcdengland &#8211; Wenn Sie Exeter erreichen, k\u00f6nnen Sie die A38 Richtung Plymouth nehmen und den River Tamar auf der Tamar Bridge nach Cornwall \u00fcberqueren. An den Ufern des River Tamar bei St Dominick befindet sich das wundersch\u00f6ne Tudorhaus Cotehele. Es befindet sich im Besitz des National Trust und ist umgeben von [&hellip;]\" \/>\n<meta property=\"og:url\" content=\"https:\/\/www.urlaubcornwall.de\/blog\/mit-dem-auto-nach-cornwall-auf-der-a38\/\" \/>\n<meta property=\"og:site_name\" content=\"Urlaub &amp; Reisen\" \/>\n<meta property=\"article:modified_time\" content=\"2024-04-03T12:19:37+00:00\" \/>\n<meta property=\"og:image\" content=\"https:\/\/www.urlaubcornwall.de\/blog\/wp-content\/uploads\/2024\/03\/tamar-1.jpg\" \/>\n<meta name=\"twitter:card\" content=\"summary\" \/>\n<meta name=\"twitter:label1\" content=\"Est. reading time\" \/>\n\t<meta name=\"twitter:data1\" content=\"3 minutes\" \/>\n<script type=\"application\/ld+json\" class=\"yoast-schema-graph\">{\"@context\":\"https:\/\/schema.org\",\"@graph\":[{\"@type\":\"WebSite\",\"@id\":\"https:\/\/www.urlaubcornwall.de\/blog\/#website\",\"url\":\"https:\/\/www.urlaubcornwall.de\/blog\/\",\"name\":\"Urlaub &amp; Reisen\",\"description\":\"Urlaub, Reisen, Cornwall und S\u00fcdengland: eine perfekte Kombination\",\"potentialAction\":[{\"@type\":\"SearchAction\",\"target\":{\"@type\":\"EntryPoint\",\"urlTemplate\":\"https:\/\/www.urlaubcornwall.de\/blog\/?s={search_term_string}\"},\"query-input\":\"required name=search_term_string\"}],\"inLanguage\":\"en-US\"},{\"@type\":\"WebPage\",\"@id\":\"https:\/\/www.urlaubcornwall.de\/blog\/mit-dem-auto-nach-cornwall-auf-der-a38\/\",\"url\":\"https:\/\/www.urlaubcornwall.de\/blog\/mit-dem-auto-nach-cornwall-auf-der-a38\/\",\"name\":\"Mit dem Auto nach Cornwall auf der A38 - Urlaub &amp; Reisen\",\"isPartOf\":{\"@id\":\"https:\/\/www.urlaubcornwall.de\/blog\/#website\"},\"datePublished\":\"2020-02-28T15:10:03+00:00\",\"dateModified\":\"2024-04-03T12:19:37+00:00\",\"breadcrumb\":{\"@id\":\"https:\/\/www.urlaubcornwall.de\/blog\/mit-dem-auto-nach-cornwall-auf-der-a38\/#breadcrumb\"},\"inLanguage\":\"en-US\",\"potentialAction\":[{\"@type\":\"ReadAction\",\"target\":[\"https:\/\/www.urlaubcornwall.de\/blog\/mit-dem-auto-nach-cornwall-auf-der-a38\/\"]}]},{\"@type\":\"BreadcrumbList\",\"@id\":\"https:\/\/www.urlaubcornwall.de\/blog\/mit-dem-auto-nach-cornwall-auf-der-a38\/#breadcrumb\",\"itemListElement\":[{\"@type\":\"ListItem\",\"position\":1,\"name\":\"Home\",\"item\":\"https:\/\/www.urlaubcornwall.de\/blog\/\"},{\"@type\":\"ListItem\",\"position\":2,\"name\":\"Mit dem Auto nach Cornwall auf der A38\"}]}]}<\/script>\n<!-- \/ Yoast SEO plugin. -->","yoast_head_json":{"title":"Mit dem Auto nach Cornwall auf der A38 - Urlaub &amp; Reisen","robots":{"index":"index","follow":"follow","max-snippet":"max-snippet:-1","max-image-preview":"max-image-preview:large","max-video-preview":"max-video-preview:-1"},"canonical":"https:\/\/www.urlaubcornwall.de\/blog\/mit-dem-auto-nach-cornwall-auf-der-a38\/","og_locale":"en_US","og_type":"article","og_title":"Mit dem Auto nach Cornwall auf der A38 - Urlaub &amp; Reisen","og_description":"Rundreise durch Cornwall und S\u00fcdengland &#8211; Wenn Sie Exeter erreichen, k\u00f6nnen Sie die A38 Richtung Plymouth nehmen und den River Tamar auf der Tamar Bridge nach Cornwall \u00fcberqueren. An den Ufern des River Tamar bei St Dominick befindet sich das wundersch\u00f6ne Tudorhaus Cotehele. Es befindet sich im Besitz des National Trust und ist umgeben von [&hellip;]","og_url":"https:\/\/www.urlaubcornwall.de\/blog\/mit-dem-auto-nach-cornwall-auf-der-a38\/","og_site_name":"Urlaub &amp; Reisen","article_modified_time":"2024-04-03T12:19:37+00:00","og_image":[{"url":"https:\/\/www.urlaubcornwall.de\/blog\/wp-content\/uploads\/2024\/03\/tamar-1.jpg"}],"twitter_card":"summary","twitter_misc":{"Est. reading time":"3 minutes"},"schema":{"@context":"https:\/\/schema.org","@graph":[{"@type":"WebSite","@id":"https:\/\/www.urlaubcornwall.de\/blog\/#website","url":"https:\/\/www.urlaubcornwall.de\/blog\/","name":"Urlaub &amp; Reisen","description":"Urlaub, Reisen, Cornwall und S\u00fcdengland: eine perfekte Kombination","potentialAction":[{"@type":"SearchAction","target":{"@type":"EntryPoint","urlTemplate":"https:\/\/www.urlaubcornwall.de\/blog\/?s={search_term_string}"},"query-input":"required name=search_term_string"}],"inLanguage":"en-US"},{"@type":"WebPage","@id":"https:\/\/www.urlaubcornwall.de\/blog\/mit-dem-auto-nach-cornwall-auf-der-a38\/","url":"https:\/\/www.urlaubcornwall.de\/blog\/mit-dem-auto-nach-cornwall-auf-der-a38\/","name":"Mit dem Auto nach Cornwall auf der A38 - Urlaub &amp; Reisen","isPartOf":{"@id":"https:\/\/www.urlaubcornwall.de\/blog\/#website"},"datePublished":"2020-02-28T15:10:03+00:00","dateModified":"2024-04-03T12:19:37+00:00","breadcrumb":{"@id":"https:\/\/www.urlaubcornwall.de\/blog\/mit-dem-auto-nach-cornwall-auf-der-a38\/#breadcrumb"},"inLanguage":"en-US","potentialAction":[{"@type":"ReadAction","target":["https:\/\/www.urlaubcornwall.de\/blog\/mit-dem-auto-nach-cornwall-auf-der-a38\/"]}]},{"@type":"BreadcrumbList","@id":"https:\/\/www.urlaubcornwall.de\/blog\/mit-dem-auto-nach-cornwall-auf-der-a38\/#breadcrumb","itemListElement":[{"@type":"ListItem","position":1,"name":"Home","item":"https:\/\/www.urlaubcornwall.de\/blog\/"},{"@type":"ListItem","position":2,"name":"Mit dem Auto nach Cornwall auf der A38"}]}]}},"_links":{"self":[{"href":"https:\/\/www.urlaubcornwall.de\/blog\/wp-json\/wp\/v2\/pages\/39539"}],"collection":[{"href":"https:\/\/www.urlaubcornwall.de\/blog\/wp-json\/wp\/v2\/pages"}],"about":[{"href":"https:\/\/www.urlaubcornwall.de\/blog\/wp-json\/wp\/v2\/types\/page"}],"author":[{"embeddable":true,"href":"https:\/\/www.urlaubcornwall.de\/blog\/wp-json\/wp\/v2\/users\/1"}],"replies":[{"embeddable":true,"href":"https:\/\/www.urlaubcornwall.de\/blog\/wp-json\/wp\/v2\/comments?post=39539"}],"version-history":[{"count":7,"href":"https:\/\/www.urlaubcornwall.de\/blog\/wp-json\/wp\/v2\/pages\/39539\/revisions"}],"predecessor-version":[{"id":48811,"href":"https:\/\/www.urlaubcornwall.de\/blog\/wp-json\/wp\/v2\/pages\/39539\/revisions\/48811"}],"wp:attachment":[{"href":"https:\/\/www.urlaubcornwall.de\/blog\/wp-json\/wp\/v2\/media?parent=39539"}],"curies":[{"name":"wp","href":"https:\/\/api.w.org\/{rel}","templated":true}]}}