{"id":39494,"date":"2020-02-26T13:09:30","date_gmt":"2020-02-26T13:09:30","guid":{"rendered":"https:\/\/www.urlaubcornwall.de\/blog\/?page_id=39494"},"modified":"2024-05-30T15:18:07","modified_gmt":"2024-05-30T15:18:07","slug":"mit-dem-auto-nach-cornwall-suedwestengland-ab-gatwick-airport","status":"publish","type":"page","link":"https:\/\/www.urlaubcornwall.de\/blog\/mit-dem-auto-nach-cornwall-suedwestengland-ab-gatwick-airport\/","title":{"rendered":"Mit dem Auto nach Cornwall ab Gatwick Flughafen"},"content":{"rendered":"<p><a href=\"https:\/\/www.urlaubcornwall.de\/blog\/wp-content\/uploads\/2024\/04\/lytes-cary-herrrenhaus-somerset.jpg\"><img loading=\"lazy\" src=\"https:\/\/www.urlaubcornwall.de\/blog\/wp-content\/uploads\/2024\/04\/lytes-cary-herrrenhaus-somerset.jpg\" alt=\"\" width=\"750\" height=\"563\" class=\"alignnone size-full wp-image-48620\" srcset=\"https:\/\/www.urlaubcornwall.de\/blog\/wp-content\/uploads\/2024\/04\/lytes-cary-herrrenhaus-somerset.jpg 750w, https:\/\/www.urlaubcornwall.de\/blog\/wp-content\/uploads\/2024\/04\/lytes-cary-herrrenhaus-somerset-300x225.jpg 300w\" sizes=\"(max-width: 750px) 100vw, 750px\" \/><\/a><\/p>\n<p><a href=\"https:\/\/www.urlaubcornwall.de\/rundreisen\/cornwall-suedengland.php\">Rundreise durch Cornwall und S\u00fcdengland<\/a> &#8211; Wenn Sie zu Beginn Ihres Urlaubs am Flughafen Gatwick ankommen, erreichen Sie mit einem <a href=\"https:\/\/www.urlaubcornwall.de\/anreise-nach-cornwall.php\">Mietwagen Ihr Urlaubsziel<\/a> am schnellsten, indem Sie die M25, M4 und M5 nehmen. Doch weshalb sich nicht ein bisschen Zeit nehmen, um die englische Landschaft zu erkunden und die Autobahnen zu meiden?<\/p>\n<p>Von Gatwick fahren Sie Richtung der Stadt Horsham und weiter auf der A272 Richtung Winchester. Genie\u00dfen Sie die wundersch\u00f6ne Landschaft von <a href=\"https:\/\/www.urlaubcornwall.de\/ferienhaeuser-fewos\/eng\/sussex\/sussex.html\">West Sussex<\/a> und <a href=\"https:\/\/www.urlaubcornwall.de\/ferienhaeuser-fewos\/eng\/hampshire\/hampshire.html\">Hampshire<\/a>.<\/p>\n<p>Petworth in West Sussex ist eine malerische Stadt, wo Sie das wundersch\u00f6ne Petworth Haus aus dem 17. Jahrhundert finden, samt Park, im Besitz des National Trust. Dieses au\u00dfergew\u00f6hnliche Haus, das in einem 283ha umfassenden Wildpark liegt, der von Capability Brown kultiviert wurde, muss unbedingt auf jeder Tour durch S\u00fcdengland besichtigt werden.<\/p>\n<p>Bevor Sie die Hampshire Marktstadt Petersfield erreichen, halten Sie bei Harting Down an wegen des wundervollen Panoramablicks \u00fcber die South Downs; besuchen Sie Uppark Haus, das sich hoch oben auf den South Downs befindet in der N\u00e4he des Dorfes South Harting. Das entz\u00fcckende Haus aus dem 17. Jahrhundert, das sich im Besitz des National Trust befindet, ist prachtvoll eingerichtet, und einer der zahlreichen H\u00f6hepunkte ist ein Puppenhaus aus dem 18. Jahrhundert, das eines der besten des UK ist.<\/p>\n<p>Die A272, die weiterf\u00fchrt nach Winchester, kam zu Ber\u00fchmtheit durch ein Buch des niederl\u00e4ndischen Autors Pieter Boogaart \u2018A272: Eine Ode f\u00fcr eine Stra\u00dfe\u2019.<\/p>\n<p><img loading=\"lazy\" class=\"aligncenter size-full wp-image-47862\" src=\"https:\/\/www.urlaubcornwall.de\/blog\/wp-content\/uploads\/2024\/03\/Winchester_cathedral.jpg\" alt=\"Winchester_cathedral\" width=\"750\" height=\"500\" srcset=\"https:\/\/www.urlaubcornwall.de\/blog\/wp-content\/uploads\/2024\/03\/Winchester_cathedral.jpg 750w, https:\/\/www.urlaubcornwall.de\/blog\/wp-content\/uploads\/2024\/03\/Winchester_cathedral-300x200.jpg 300w\" sizes=\"(max-width: 750px) 100vw, 750px\" \/><\/p>\n<p>Die historische Stadt <a href=\"https:\/\/www.urlaubcornwall.de\/ferienhaeuser-fewos\/eng\/hampshire\/winchester.html\">Winchester<\/a> war die Hauptstadt von England unter den Sachsenk\u00f6nigen. Diese quirlige kleine Stadt mit ihrer atmosph\u00e4rischen Kathedrale aus dem 13. Jahrhundert ist eine gro\u00dfartige Ausgangsbasis, um die Hampshire Landschaft zu erkunden. Von Winchester aus k\u00f6nnen Sie sich nach S\u00fcden aufmachen und die Stra\u00dfe entlang der K\u00fcste durch Dorset nehmen oder die A30 nach Salisbury in Wiltshire.<\/p>\n<div class=\"snippet\"> <a class=\"featured-item\" href=\"https:\/\/www.urlaubcornwall.de\/ferienhaeuser\/cornwall.php\"> <span class=\"image-holder\" style=\"background-image: url('https:\/\/www.urlaubcornwall.de\/blog\/wp-content\/uploads\/2018\/12\/familienurlaub-corwnall-snippet.jpg');\"><\/span> <span class=\"featured-content\"> \n<h2 class=\"featured-title\">Ferienh\u00e4user in Cornwall am Meer<\/h2>\n<p class=\"featured-body\">Cornwall besitzt mehr K\u00fcstenlinien als jede andere Grafschaft und bietet einige der besten Str\u00e4nde, K\u00fcstenwanderwege und Klippenlandschaften, die man \u00fcberhaupt finden kann&#8230; <\/p><\/span> <span class=\"featured-link-holder\"> <span class=\"featured-extra-info\"> \n<p>F\u00fcr Paare, Familien &#038; Gruppen<\/p>\n<\/span> \n<p class=\"featured-link\">DETAILS<\/p>\n<\/span> <\/a><\/div>\n<p>Die A30 verl\u00e4uft durch das Test Valley, mit den ber\u00fchmten Forellenfischgew\u00e4ssern des Flusses Test, sowie attraktiven D\u00f6rfern wie Stockbridge. Mottisfont befindet sich in entz\u00fcckender Lage an den Ufern des Flusses Test. Dieses h\u00fcbsche Haus aus dem 18. Jahrhundert ist im Besitz des National Trust und weltbekannt aufgrund seiner Nationalsammlung an altmodischen Rosen.<\/p>\n<p><img loading=\"lazy\" class=\"aligncenter size-full wp-image-47833\" src=\"https:\/\/www.urlaubcornwall.de\/blog\/wp-content\/uploads\/2024\/03\/salisbury-cathederal.jpg\" alt=\"salisbury cathederal\" width=\"750\" height=\"409\" srcset=\"https:\/\/www.urlaubcornwall.de\/blog\/wp-content\/uploads\/2024\/03\/salisbury-cathederal.jpg 750w, https:\/\/www.urlaubcornwall.de\/blog\/wp-content\/uploads\/2024\/03\/salisbury-cathederal-300x164.jpg 300w\" sizes=\"(max-width: 750px) 100vw, 750px\" \/><\/p>\n<p>Wenn Sie sich Salisbury n\u00e4hern, so ragt der elegante Turm der Salisbury Kathedrale 123,1 Meter \u00fcber der Landschaft hervor. Die Kathedrale aus dem 13. Jahrhundert, die den h\u00f6chsten Turm in England hat, lieferte seit ihrem Bau sowohl spirituelle als auch k\u00fcnstlerische Inspiration; der Blick auf die Kathedrale wurde ber\u00fchmterweise von John Constable gemalt.<\/p>\n<p>Die A30 f\u00fchrt weiter zur s\u00e4chsischen <a href=\"https:\/\/www.urlaubcornwall.de\/ferienhaeuser-fewos\/eng\/dorset\/shaftesbury.html\">Marktstadt Shaftesbury<\/a> in <a href=\"https:\/\/www.urlaubcornwall.de\/ferienhaeuser-fewos\/eng\/dorset\/dorset.html\">Dorset<\/a>, die in der Geschichte tief verankert ist. Sherborne ist eine weitere Dorset Marktstadt, am Fluss Yeo gelegen. Die Stadt hat eine feine Abtei und zwei Burgen, das \u00fcppig eingerichtete Sherborne Castle aus dem 16. Jahrhundert, das inmitten eines wundersch\u00f6nen Grundst\u00fccks liegt.<\/p>\n<p>In der N\u00e4he von Yeovil befindet sich das eindrucksvolle elisabethanische herrschaftliche Montacute Haus, im Besitz des National Trust. Das Haus ist exquisit eingerichtet, und in der Langen Galerie, die 57,7 m lang ist, befindet sich eine wundervolle Ausstellung an Portraits jener Zeit aus der National Portrait Gallery.<\/p>\n<p>Die A30 verl\u00e4uft weiter durch die Landschaft Dorsets, durch die St\u00e4dte Crewkerne und Chard und nahe der wundersch\u00f6nen Forde Abtei vorbei, einem Zisterzienserkloster aus dem 12. Jahrhundert, das w\u00e4hrend des 17. Jahrhunderts in ein Palasthaus umgestaltet wurde.<\/p>\n<p>Die A30 verl\u00e4uft dann Richtung <a href=\"https:\/\/www.urlaubcornwall.de\/ferienhaeuser-fewos\/eng\/sued-devon\/exeter.html\">Exeter in Devon<\/a>. Von Exeter gibt es zwei sch\u00f6ne Routen nach Cornwall. Hier ist unser Reisef\u00fchrer f\u00fcr die Ankunft in Cornwall auf der <a href=\"https:\/\/www.urlaubcornwall.de\/blog\/mit-dem-auto-nach-cornwall-auf-der-a38\/\">A38<\/a> und der A30.<\/p>\n","protected":false},"excerpt":{"rendered":"<p>Rundreise durch Cornwall und S\u00fcdengland &#8211; Wenn Sie zu Beginn Ihres Urlaubs am Flughafen Gatwick ankommen, erreichen Sie mit einem Mietwagen Ihr Urlaubsziel am schnellsten, indem Sie die M25, M4 und M5 nehmen. Doch weshalb sich nicht ein bisschen Zeit nehmen, um die englische Landschaft zu erkunden und die Autobahnen zu meiden? Von Gatwick fahren [&hellip;]<\/p>\n","protected":false},"author":1,"featured_media":0,"parent":0,"menu_order":0,"comment_status":"closed","ping_status":"closed","template":"single-four.php","meta":[],"acf":[],"yoast_head":"<!-- This site is optimized with the Yoast SEO plugin v19.4 - https:\/\/yoast.com\/wordpress\/plugins\/seo\/ -->\n<title>Mit dem Auto nach Cornwall ab Gatwick Flughafen - Urlaub &amp; Reisen<\/title>\n<meta name=\"robots\" content=\"index, follow, max-snippet:-1, max-image-preview:large, max-video-preview:-1\" \/>\n<link rel=\"canonical\" href=\"https:\/\/www.urlaubcornwall.de\/blog\/mit-dem-auto-nach-cornwall-suedwestengland-ab-gatwick-airport\/\" \/>\n<meta property=\"og:locale\" content=\"en_US\" \/>\n<meta property=\"og:type\" content=\"article\" \/>\n<meta property=\"og:title\" content=\"Mit dem Auto nach Cornwall ab Gatwick Flughafen - Urlaub &amp; Reisen\" \/>\n<meta property=\"og:description\" content=\"Rundreise durch Cornwall und S\u00fcdengland &#8211; Wenn Sie zu Beginn Ihres Urlaubs am Flughafen Gatwick ankommen, erreichen Sie mit einem Mietwagen Ihr Urlaubsziel am schnellsten, indem Sie die M25, M4 und M5 nehmen. Doch weshalb sich nicht ein bisschen Zeit nehmen, um die englische Landschaft zu erkunden und die Autobahnen zu meiden? Von Gatwick fahren [&hellip;]\" \/>\n<meta property=\"og:url\" content=\"https:\/\/www.urlaubcornwall.de\/blog\/mit-dem-auto-nach-cornwall-suedwestengland-ab-gatwick-airport\/\" \/>\n<meta property=\"og:site_name\" content=\"Urlaub &amp; Reisen\" \/>\n<meta property=\"article:modified_time\" content=\"2024-05-30T15:18:07+00:00\" \/>\n<meta property=\"og:image\" content=\"https:\/\/www.urlaubcornwall.de\/blog\/wp-content\/uploads\/2024\/04\/lytes-cary-herrrenhaus-somerset.jpg\" \/>\n<meta name=\"twitter:card\" content=\"summary\" \/>\n<meta name=\"twitter:label1\" content=\"Est. reading time\" \/>\n\t<meta name=\"twitter:data1\" content=\"4 minutes\" \/>\n<script type=\"application\/ld+json\" class=\"yoast-schema-graph\">{\"@context\":\"https:\/\/schema.org\",\"@graph\":[{\"@type\":\"WebSite\",\"@id\":\"https:\/\/www.urlaubcornwall.de\/blog\/#website\",\"url\":\"https:\/\/www.urlaubcornwall.de\/blog\/\",\"name\":\"Urlaub &amp; Reisen\",\"description\":\"Urlaub, Reisen, Cornwall und S\u00fcdengland: eine perfekte Kombination\",\"potentialAction\":[{\"@type\":\"SearchAction\",\"target\":{\"@type\":\"EntryPoint\",\"urlTemplate\":\"https:\/\/www.urlaubcornwall.de\/blog\/?s={search_term_string}\"},\"query-input\":\"required name=search_term_string\"}],\"inLanguage\":\"en-US\"},{\"@type\":\"WebPage\",\"@id\":\"https:\/\/www.urlaubcornwall.de\/blog\/mit-dem-auto-nach-cornwall-suedwestengland-ab-gatwick-airport\/\",\"url\":\"https:\/\/www.urlaubcornwall.de\/blog\/mit-dem-auto-nach-cornwall-suedwestengland-ab-gatwick-airport\/\",\"name\":\"Mit dem Auto nach Cornwall ab Gatwick Flughafen - Urlaub &amp; Reisen\",\"isPartOf\":{\"@id\":\"https:\/\/www.urlaubcornwall.de\/blog\/#website\"},\"datePublished\":\"2020-02-26T13:09:30+00:00\",\"dateModified\":\"2024-05-30T15:18:07+00:00\",\"breadcrumb\":{\"@id\":\"https:\/\/www.urlaubcornwall.de\/blog\/mit-dem-auto-nach-cornwall-suedwestengland-ab-gatwick-airport\/#breadcrumb\"},\"inLanguage\":\"en-US\",\"potentialAction\":[{\"@type\":\"ReadAction\",\"target\":[\"https:\/\/www.urlaubcornwall.de\/blog\/mit-dem-auto-nach-cornwall-suedwestengland-ab-gatwick-airport\/\"]}]},{\"@type\":\"BreadcrumbList\",\"@id\":\"https:\/\/www.urlaubcornwall.de\/blog\/mit-dem-auto-nach-cornwall-suedwestengland-ab-gatwick-airport\/#breadcrumb\",\"itemListElement\":[{\"@type\":\"ListItem\",\"position\":1,\"name\":\"Home\",\"item\":\"https:\/\/www.urlaubcornwall.de\/blog\/\"},{\"@type\":\"ListItem\",\"position\":2,\"name\":\"Mit dem Auto nach Cornwall ab Gatwick Flughafen\"}]}]}<\/script>\n<!-- \/ Yoast SEO plugin. -->","yoast_head_json":{"title":"Mit dem Auto nach Cornwall ab Gatwick Flughafen - Urlaub &amp; Reisen","robots":{"index":"index","follow":"follow","max-snippet":"max-snippet:-1","max-image-preview":"max-image-preview:large","max-video-preview":"max-video-preview:-1"},"canonical":"https:\/\/www.urlaubcornwall.de\/blog\/mit-dem-auto-nach-cornwall-suedwestengland-ab-gatwick-airport\/","og_locale":"en_US","og_type":"article","og_title":"Mit dem Auto nach Cornwall ab Gatwick Flughafen - Urlaub &amp; Reisen","og_description":"Rundreise durch Cornwall und S\u00fcdengland &#8211; Wenn Sie zu Beginn Ihres Urlaubs am Flughafen Gatwick ankommen, erreichen Sie mit einem Mietwagen Ihr Urlaubsziel am schnellsten, indem Sie die M25, M4 und M5 nehmen. Doch weshalb sich nicht ein bisschen Zeit nehmen, um die englische Landschaft zu erkunden und die Autobahnen zu meiden? Von Gatwick fahren [&hellip;]","og_url":"https:\/\/www.urlaubcornwall.de\/blog\/mit-dem-auto-nach-cornwall-suedwestengland-ab-gatwick-airport\/","og_site_name":"Urlaub &amp; Reisen","article_modified_time":"2024-05-30T15:18:07+00:00","og_image":[{"url":"https:\/\/www.urlaubcornwall.de\/blog\/wp-content\/uploads\/2024\/04\/lytes-cary-herrrenhaus-somerset.jpg"}],"twitter_card":"summary","twitter_misc":{"Est. reading time":"4 minutes"},"schema":{"@context":"https:\/\/schema.org","@graph":[{"@type":"WebSite","@id":"https:\/\/www.urlaubcornwall.de\/blog\/#website","url":"https:\/\/www.urlaubcornwall.de\/blog\/","name":"Urlaub &amp; Reisen","description":"Urlaub, Reisen, Cornwall und S\u00fcdengland: eine perfekte Kombination","potentialAction":[{"@type":"SearchAction","target":{"@type":"EntryPoint","urlTemplate":"https:\/\/www.urlaubcornwall.de\/blog\/?s={search_term_string}"},"query-input":"required name=search_term_string"}],"inLanguage":"en-US"},{"@type":"WebPage","@id":"https:\/\/www.urlaubcornwall.de\/blog\/mit-dem-auto-nach-cornwall-suedwestengland-ab-gatwick-airport\/","url":"https:\/\/www.urlaubcornwall.de\/blog\/mit-dem-auto-nach-cornwall-suedwestengland-ab-gatwick-airport\/","name":"Mit dem Auto nach Cornwall ab Gatwick Flughafen - Urlaub &amp; Reisen","isPartOf":{"@id":"https:\/\/www.urlaubcornwall.de\/blog\/#website"},"datePublished":"2020-02-26T13:09:30+00:00","dateModified":"2024-05-30T15:18:07+00:00","breadcrumb":{"@id":"https:\/\/www.urlaubcornwall.de\/blog\/mit-dem-auto-nach-cornwall-suedwestengland-ab-gatwick-airport\/#breadcrumb"},"inLanguage":"en-US","potentialAction":[{"@type":"ReadAction","target":["https:\/\/www.urlaubcornwall.de\/blog\/mit-dem-auto-nach-cornwall-suedwestengland-ab-gatwick-airport\/"]}]},{"@type":"BreadcrumbList","@id":"https:\/\/www.urlaubcornwall.de\/blog\/mit-dem-auto-nach-cornwall-suedwestengland-ab-gatwick-airport\/#breadcrumb","itemListElement":[{"@type":"ListItem","position":1,"name":"Home","item":"https:\/\/www.urlaubcornwall.de\/blog\/"},{"@type":"ListItem","position":2,"name":"Mit dem Auto nach Cornwall ab Gatwick Flughafen"}]}]}},"_links":{"self":[{"href":"https:\/\/www.urlaubcornwall.de\/blog\/wp-json\/wp\/v2\/pages\/39494"}],"collection":[{"href":"https:\/\/www.urlaubcornwall.de\/blog\/wp-json\/wp\/v2\/pages"}],"about":[{"href":"https:\/\/www.urlaubcornwall.de\/blog\/wp-json\/wp\/v2\/types\/page"}],"author":[{"embeddable":true,"href":"https:\/\/www.urlaubcornwall.de\/blog\/wp-json\/wp\/v2\/users\/1"}],"replies":[{"embeddable":true,"href":"https:\/\/www.urlaubcornwall.de\/blog\/wp-json\/wp\/v2\/comments?post=39494"}],"version-history":[{"count":14,"href":"https:\/\/www.urlaubcornwall.de\/blog\/wp-json\/wp\/v2\/pages\/39494\/revisions"}],"predecessor-version":[{"id":51146,"href":"https:\/\/www.urlaubcornwall.de\/blog\/wp-json\/wp\/v2\/pages\/39494\/revisions\/51146"}],"wp:attachment":[{"href":"https:\/\/www.urlaubcornwall.de\/blog\/wp-json\/wp\/v2\/media?parent=39494"}],"curies":[{"name":"wp","href":"https:\/\/api.w.org\/{rel}","templated":true}]}}