{"id":39482,"date":"2020-02-26T12:49:37","date_gmt":"2020-02-26T12:49:37","guid":{"rendered":"https:\/\/www.urlaubcornwall.de\/blog\/?page_id=39482"},"modified":"2024-02-27T16:18:41","modified_gmt":"2024-02-27T16:18:41","slug":"mit-dem-auto-nach-cornwall-suedwestengland-ab-bristol-airport","status":"publish","type":"page","link":"https:\/\/www.urlaubcornwall.de\/blog\/mit-dem-auto-nach-cornwall-suedwestengland-ab-bristol-airport\/","title":{"rendered":"Mit dem Auto nach Cornwall ab Bristol Flughafen"},"content":{"rendered":"<p><img loading=\"lazy\" class=\"aligncenter size-full wp-image-39486\" src=\"https:\/\/www.urlaubcornwall.de\/blog\/wp-content\/uploads\/2020\/02\/Clifton-Suspension-Bridge.jpg\" alt=\"Clifton Suspension Bridge\" width=\"748\" height=\"403\" srcset=\"https:\/\/www.urlaubcornwall.de\/blog\/wp-content\/uploads\/2020\/02\/Clifton-Suspension-Bridge.jpg 746w, https:\/\/www.urlaubcornwall.de\/blog\/wp-content\/uploads\/2020\/02\/Clifton-Suspension-Bridge-300x162.jpg 300w\" sizes=\"(max-width: 748px) 100vw, 748px\" \/><\/p>\n<p><a href=\"https:\/\/www.urlaubcornwall.de\/rundreisen\/cornwall-suedengland.php\">Rundreise durch Cornwall und S\u00fcdengland<\/a> &#8211; Wenn Sie am Flughafen Bristol zu Beginn Ihres Urlaubs in <a href=\"https:\/\/www.urlaubcornwall.de\/ferienhaeuser\/suedwesten-englands.php\">Cornwall und S\u00fcdwestengland<\/a> ankommen, ist der schnellste Weg, <a href=\"https:\/\/www.urlaubcornwall.de\/anreise-nach-cornwall.php\">Ihr Reiseziel<\/a> zu erreichen, \u00fcber die M5 nach Exeter. Doch weshalb nicht die Autobahnen meiden und einige Zeit damit verbringen, die englische Landschaft und interessante Orte unterwegs zu erkunden?<\/p>\n<p>Vom Flughafen Bristol aus folgen Sie der A38 s\u00fcdw\u00e4rts Richtung <a href=\"https:\/\/www.urlaubcornwall.de\/ferienhaeuser-fewos\/eng\/somerset\/cheddar-gorge.html\">Cheddar in den Mendip Hills<\/a>, weltbekannt aufgrund seines K\u00e4ses und der gr\u00f6\u00dften Schlucht Britanniens. Die Cheddar Schlucht ist 122m tief und 4,8km hoch; die Stra\u00dfe windet sich mit atemberaubendem Blick durch die Schlucht. Fahren Sie der Schlucht entlang auf der A371, und Sie erreichen bald Wookey Hole, eine Reihe unterirdischer H\u00f6hlen, durch die der Fluss Axe flie\u00dft und in einem See im Herzen der Mendip Hills m\u00fcndet. Nehmen Sie Teil an einer gef\u00fchrten Tour durch die mit Flutlicht beleuchteten H\u00f6hlen dieser beliebten Besucherattraktion.<\/p>\n<p>Wells mit seiner herrlichen Kathedrale ist Englands kleinste Stadt, am Fu\u00dfe der Mendip Hills gelegen. Es gibt hier jede Menge zu sehen, einschlie\u00dflich des Bischofspalastes aus dem 13. Jahrhundert, umgeben von einem Burggraben und einem Wildpark.<\/p>\n<p><img loading=\"lazy\" class=\"aligncenter size-full wp-image-19518\" src=\"https:\/\/www.urlaubcornwall.de\/blog\/wp-content\/uploads\/2015\/08\/Glastonbury.jpg\" alt=\"Glastonbury Tor somerset\" width=\"748\" height=\"386\"\/><\/p>\n<p>Glastonbury Tor erhebt sich \u00fcber den Somerset Levels, seit langer Zeit wird es assoziiert mit Mythen und Legenden. Vom Gipfel aus ergibt sich ein wundervoller Blick \u00fcber die umgebende Landschaft.<\/p>\n<p>In der N\u00e4he von <a href=\"https:\/\/www.urlaubcornwall.de\/ferienhaeuser-fewos\/eng\/somerset\/glastonbury.html\">Glastonbury<\/a> ist das Dorf Street, das bekannt wurde durch die Familie von Cyrus Clark, die viele Generationen lang den Schuhmarkt Britanniens dominierte. Clarks Village ist ein gro\u00dfes Designer-Shoppingcenter, das an der St\u00e4tte der alten C&amp;J Fabrikgeb\u00e4ude errichtet wurde.<\/p>\n<p>Von Street aus fahren Sie entlang der A39 \u00fcber die Somerset Levels; \u00fcberqueren Sie die M5 und machen Sie sich auf Richtung der <a href=\"https:\/\/www.urlaubcornwall.de\/ferienhaeuser-fewos\/eng\/somerset\/somerset.html\">K\u00fcste Somersets<\/a> und dem traditionellen Badeort Minehead. Der S\u00fcdwestk\u00fcstenpfad beginnt neben dem Hafen in Minehead und folgt dann der K\u00fcste gegen den Uhrzeigersinn mehr als 1000km nach Poole in Dorset.<\/p>\n<p>Die A39 folgt weiter der K\u00fcste durch den <a href=\"https:\/\/www.urlaubcornwall.de\/ferienhaeuser-fewos\/eng\/nord-devon\/exmoor-national-park.html\">Exmoor Nationalpark<\/a> zu den Zwillingsorten Lynmouth und Lynton. Von hier aus k\u00f6nnen Sie hinauffahren zur Urlaubsstadt Ilfracombe und den wundersch\u00f6nen Str\u00e4nden von Woolacombe, Croyde, Saunton und Braunton an der <a href=\"https:\/\/www.urlaubcornwall.de\/ferienhaeuser-fewos\/eng\/nord-devon\/nord-devon.html\">K\u00fcste Norddevons<\/a> oder Barnstaple besuchen, einst ein wichtiger Hafen am Fluss Taw und heute bekannt aufgrund seines Pannier Markts.<\/p>\n<p>Die A39 verl\u00e4uft weiter von <a href=\"https:\/\/www.urlaubcornwall.de\/ferienhaeuser-fewos\/eng\/mitteldevon-und-ostdevon\/barnstaple.html\">Barnstaple<\/a> zur kleinen Stadt <a href=\"https:\/\/www.urlaubcornwall.de\/ferienhaeuser-fewos\/eng\/nord-devon\/bideford.html\">Bideford<\/a> an den Ufern des Flusses Torridge mit seiner eindrucksvollen Langbr\u00fccke aus dem 15. Jahrhundert und Kai aus dem 17. Jahrhundert. Westward Ho! ist ein nettes kleines Dorf an der K\u00fcste von Norddevon, der einzige Ort des UK, der in seinem Namen ein Ausrufezeichen beinhaltet. Die Stadt ist benannt nach einem Buch desselben Namens, geschrieben von Charles Kingsley, dem Autor der Water Babies.<br \/>\nClovelly ist ein uriges kleines Fischerdorf. Das Dorf befindet sich in Privatbesitz; Fahrzeuge sind auf den Pflasterstra\u00dfen nicht gestattet; daf\u00fcr transportieren Schlitten G\u00fcter entlang den malerischen steilen Str\u00e4\u00dfchen. Einst wurden Esel benutzt, um die Schlitten zu ziehen, doch heute sind die freundlichen Clovelly Esel nur noch beliebt bei den Urlaubern.<\/p>\n<p>Der Abschnitt der A39, der 112km von Barnstaple in Devon nach Newquay in Cornwall verl\u00e4uft, ist bekannt als der Atlantic Highway. &nbsp;Wenn Sie erst einmal <a href=\"https:\/\/www.urlaubcornwall.de\/ferienhaeuser-fewos\/eng\/nord-devon\/clovelly.html\">Clovelly<\/a> verlassen haben und sich Richtung S\u00fcden aufmachen, \u00fcberqueren Sie n\u00f6rdlich von Bude bei Marsland Mouth die Grenze nach <a href=\"https:\/\/www.urlaubcornwall.de\/ferienhaeuser\/cornwall.php\">Cornwall<\/a>.<\/p>\n","protected":false},"excerpt":{"rendered":"<p>Rundreise durch Cornwall und S\u00fcdengland &#8211; Wenn Sie am Flughafen Bristol zu Beginn Ihres Urlaubs in Cornwall und S\u00fcdwestengland ankommen, ist der schnellste Weg, Ihr Reiseziel zu erreichen, \u00fcber die M5 nach Exeter. Doch weshalb nicht die Autobahnen meiden und einige Zeit damit verbringen, die englische Landschaft und interessante Orte unterwegs zu erkunden? Vom Flughafen [&hellip;]<\/p>\n","protected":false},"author":1,"featured_media":0,"parent":0,"menu_order":0,"comment_status":"closed","ping_status":"closed","template":"single-four.php","meta":[],"acf":[],"yoast_head":"<!-- This site is optimized with the Yoast SEO plugin v19.4 - https:\/\/yoast.com\/wordpress\/plugins\/seo\/ -->\n<title>Mit dem Auto nach Cornwall ab Bristol Flughafen - Urlaub &amp; Reisen<\/title>\n<meta name=\"description\" content=\"Wenn Sie am Bristol Airport zu Beginn Ihres Urlaubs in Cornwall und S\u00fcdwestengland ankommen, ist der schnellste Weg, Ihr Reiseziel zu erreichen, \u00fcber die M5 nach Exeter. Doch weshalb nicht die Autobahnen meiden und einige Zeit damit verbringen, die englische Landschaft und interessante Orte unterwegs zu erkunden?\" \/>\n<meta name=\"robots\" content=\"index, follow, max-snippet:-1, max-image-preview:large, max-video-preview:-1\" \/>\n<link rel=\"canonical\" href=\"https:\/\/www.urlaubcornwall.de\/blog\/mit-dem-auto-nach-cornwall-suedwestengland-ab-bristol-airport\/\" \/>\n<meta property=\"og:locale\" content=\"en_US\" \/>\n<meta property=\"og:type\" content=\"article\" \/>\n<meta property=\"og:title\" content=\"Mit dem Auto nach Cornwall ab Bristol Flughafen - Urlaub &amp; Reisen\" \/>\n<meta property=\"og:description\" content=\"Wenn Sie am Bristol Airport zu Beginn Ihres Urlaubs in Cornwall und S\u00fcdwestengland ankommen, ist der schnellste Weg, Ihr Reiseziel zu erreichen, \u00fcber die M5 nach Exeter. Doch weshalb nicht die Autobahnen meiden und einige Zeit damit verbringen, die englische Landschaft und interessante Orte unterwegs zu erkunden?\" \/>\n<meta property=\"og:url\" content=\"https:\/\/www.urlaubcornwall.de\/blog\/mit-dem-auto-nach-cornwall-suedwestengland-ab-bristol-airport\/\" \/>\n<meta property=\"og:site_name\" content=\"Urlaub &amp; Reisen\" \/>\n<meta property=\"article:modified_time\" content=\"2024-02-27T16:18:41+00:00\" \/>\n<meta property=\"og:image\" content=\"https:\/\/www.urlaubcornwall.de\/blog\/wp-content\/uploads\/2020\/02\/Clifton-Suspension-Bridge.jpg\" \/>\n<meta name=\"twitter:card\" content=\"summary\" \/>\n<meta name=\"twitter:label1\" content=\"Est. reading time\" \/>\n\t<meta name=\"twitter:data1\" content=\"3 minutes\" \/>\n<script type=\"application\/ld+json\" class=\"yoast-schema-graph\">{\"@context\":\"https:\/\/schema.org\",\"@graph\":[{\"@type\":\"WebSite\",\"@id\":\"https:\/\/www.urlaubcornwall.de\/blog\/#website\",\"url\":\"https:\/\/www.urlaubcornwall.de\/blog\/\",\"name\":\"Urlaub &amp; Reisen\",\"description\":\"Urlaub, Reisen, Cornwall und S\u00fcdengland: eine perfekte Kombination\",\"potentialAction\":[{\"@type\":\"SearchAction\",\"target\":{\"@type\":\"EntryPoint\",\"urlTemplate\":\"https:\/\/www.urlaubcornwall.de\/blog\/?s={search_term_string}\"},\"query-input\":\"required name=search_term_string\"}],\"inLanguage\":\"en-US\"},{\"@type\":\"WebPage\",\"@id\":\"https:\/\/www.urlaubcornwall.de\/blog\/mit-dem-auto-nach-cornwall-suedwestengland-ab-bristol-airport\/\",\"url\":\"https:\/\/www.urlaubcornwall.de\/blog\/mit-dem-auto-nach-cornwall-suedwestengland-ab-bristol-airport\/\",\"name\":\"Mit dem Auto nach Cornwall ab Bristol Flughafen - Urlaub &amp; Reisen\",\"isPartOf\":{\"@id\":\"https:\/\/www.urlaubcornwall.de\/blog\/#website\"},\"datePublished\":\"2020-02-26T12:49:37+00:00\",\"dateModified\":\"2024-02-27T16:18:41+00:00\",\"description\":\"Wenn Sie am Bristol Airport zu Beginn Ihres Urlaubs in Cornwall und S\u00fcdwestengland ankommen, ist der schnellste Weg, Ihr Reiseziel zu erreichen, \u00fcber die M5 nach Exeter. Doch weshalb nicht die Autobahnen meiden und einige Zeit damit verbringen, die englische Landschaft und interessante Orte unterwegs zu erkunden?\",\"breadcrumb\":{\"@id\":\"https:\/\/www.urlaubcornwall.de\/blog\/mit-dem-auto-nach-cornwall-suedwestengland-ab-bristol-airport\/#breadcrumb\"},\"inLanguage\":\"en-US\",\"potentialAction\":[{\"@type\":\"ReadAction\",\"target\":[\"https:\/\/www.urlaubcornwall.de\/blog\/mit-dem-auto-nach-cornwall-suedwestengland-ab-bristol-airport\/\"]}]},{\"@type\":\"BreadcrumbList\",\"@id\":\"https:\/\/www.urlaubcornwall.de\/blog\/mit-dem-auto-nach-cornwall-suedwestengland-ab-bristol-airport\/#breadcrumb\",\"itemListElement\":[{\"@type\":\"ListItem\",\"position\":1,\"name\":\"Home\",\"item\":\"https:\/\/www.urlaubcornwall.de\/blog\/\"},{\"@type\":\"ListItem\",\"position\":2,\"name\":\"Mit dem Auto nach Cornwall ab Bristol Flughafen\"}]}]}<\/script>\n<!-- \/ Yoast SEO plugin. -->","yoast_head_json":{"title":"Mit dem Auto nach Cornwall ab Bristol Flughafen - Urlaub &amp; Reisen","description":"Wenn Sie am Bristol Airport zu Beginn Ihres Urlaubs in Cornwall und S\u00fcdwestengland ankommen, ist der schnellste Weg, Ihr Reiseziel zu erreichen, \u00fcber die M5 nach Exeter. Doch weshalb nicht die Autobahnen meiden und einige Zeit damit verbringen, die englische Landschaft und interessante Orte unterwegs zu erkunden?","robots":{"index":"index","follow":"follow","max-snippet":"max-snippet:-1","max-image-preview":"max-image-preview:large","max-video-preview":"max-video-preview:-1"},"canonical":"https:\/\/www.urlaubcornwall.de\/blog\/mit-dem-auto-nach-cornwall-suedwestengland-ab-bristol-airport\/","og_locale":"en_US","og_type":"article","og_title":"Mit dem Auto nach Cornwall ab Bristol Flughafen - Urlaub &amp; Reisen","og_description":"Wenn Sie am Bristol Airport zu Beginn Ihres Urlaubs in Cornwall und S\u00fcdwestengland ankommen, ist der schnellste Weg, Ihr Reiseziel zu erreichen, \u00fcber die M5 nach Exeter. Doch weshalb nicht die Autobahnen meiden und einige Zeit damit verbringen, die englische Landschaft und interessante Orte unterwegs zu erkunden?","og_url":"https:\/\/www.urlaubcornwall.de\/blog\/mit-dem-auto-nach-cornwall-suedwestengland-ab-bristol-airport\/","og_site_name":"Urlaub &amp; Reisen","article_modified_time":"2024-02-27T16:18:41+00:00","og_image":[{"url":"https:\/\/www.urlaubcornwall.de\/blog\/wp-content\/uploads\/2020\/02\/Clifton-Suspension-Bridge.jpg"}],"twitter_card":"summary","twitter_misc":{"Est. reading time":"3 minutes"},"schema":{"@context":"https:\/\/schema.org","@graph":[{"@type":"WebSite","@id":"https:\/\/www.urlaubcornwall.de\/blog\/#website","url":"https:\/\/www.urlaubcornwall.de\/blog\/","name":"Urlaub &amp; Reisen","description":"Urlaub, Reisen, Cornwall und S\u00fcdengland: eine perfekte Kombination","potentialAction":[{"@type":"SearchAction","target":{"@type":"EntryPoint","urlTemplate":"https:\/\/www.urlaubcornwall.de\/blog\/?s={search_term_string}"},"query-input":"required name=search_term_string"}],"inLanguage":"en-US"},{"@type":"WebPage","@id":"https:\/\/www.urlaubcornwall.de\/blog\/mit-dem-auto-nach-cornwall-suedwestengland-ab-bristol-airport\/","url":"https:\/\/www.urlaubcornwall.de\/blog\/mit-dem-auto-nach-cornwall-suedwestengland-ab-bristol-airport\/","name":"Mit dem Auto nach Cornwall ab Bristol Flughafen - Urlaub &amp; Reisen","isPartOf":{"@id":"https:\/\/www.urlaubcornwall.de\/blog\/#website"},"datePublished":"2020-02-26T12:49:37+00:00","dateModified":"2024-02-27T16:18:41+00:00","description":"Wenn Sie am Bristol Airport zu Beginn Ihres Urlaubs in Cornwall und S\u00fcdwestengland ankommen, ist der schnellste Weg, Ihr Reiseziel zu erreichen, \u00fcber die M5 nach Exeter. Doch weshalb nicht die Autobahnen meiden und einige Zeit damit verbringen, die englische Landschaft und interessante Orte unterwegs zu erkunden?","breadcrumb":{"@id":"https:\/\/www.urlaubcornwall.de\/blog\/mit-dem-auto-nach-cornwall-suedwestengland-ab-bristol-airport\/#breadcrumb"},"inLanguage":"en-US","potentialAction":[{"@type":"ReadAction","target":["https:\/\/www.urlaubcornwall.de\/blog\/mit-dem-auto-nach-cornwall-suedwestengland-ab-bristol-airport\/"]}]},{"@type":"BreadcrumbList","@id":"https:\/\/www.urlaubcornwall.de\/blog\/mit-dem-auto-nach-cornwall-suedwestengland-ab-bristol-airport\/#breadcrumb","itemListElement":[{"@type":"ListItem","position":1,"name":"Home","item":"https:\/\/www.urlaubcornwall.de\/blog\/"},{"@type":"ListItem","position":2,"name":"Mit dem Auto nach Cornwall ab Bristol Flughafen"}]}]}},"_links":{"self":[{"href":"https:\/\/www.urlaubcornwall.de\/blog\/wp-json\/wp\/v2\/pages\/39482"}],"collection":[{"href":"https:\/\/www.urlaubcornwall.de\/blog\/wp-json\/wp\/v2\/pages"}],"about":[{"href":"https:\/\/www.urlaubcornwall.de\/blog\/wp-json\/wp\/v2\/types\/page"}],"author":[{"embeddable":true,"href":"https:\/\/www.urlaubcornwall.de\/blog\/wp-json\/wp\/v2\/users\/1"}],"replies":[{"embeddable":true,"href":"https:\/\/www.urlaubcornwall.de\/blog\/wp-json\/wp\/v2\/comments?post=39482"}],"version-history":[{"count":14,"href":"https:\/\/www.urlaubcornwall.de\/blog\/wp-json\/wp\/v2\/pages\/39482\/revisions"}],"predecessor-version":[{"id":47634,"href":"https:\/\/www.urlaubcornwall.de\/blog\/wp-json\/wp\/v2\/pages\/39482\/revisions\/47634"}],"wp:attachment":[{"href":"https:\/\/www.urlaubcornwall.de\/blog\/wp-json\/wp\/v2\/media?parent=39482"}],"curies":[{"name":"wp","href":"https:\/\/api.w.org\/{rel}","templated":true}]}}