{"id":39469,"date":"2020-02-24T13:40:55","date_gmt":"2020-02-24T13:40:55","guid":{"rendered":"https:\/\/www.urlaubcornwall.de\/blog\/?page_id=39469"},"modified":"2024-05-28T14:19:38","modified_gmt":"2024-05-28T14:19:38","slug":"der-gesamten-strecke-nach-cornwall-der-suedkueste-englands-entlang","status":"publish","type":"page","link":"https:\/\/www.urlaubcornwall.de\/blog\/der-gesamten-strecke-nach-cornwall-der-suedkueste-englands-entlang\/","title":{"rendered":"Der gesamten Strecke nach Cornwall der S\u00fcdk\u00fcste Englands entlang"},"content":{"rendered":"<p>Wenn Sie Dover oder Folkestone verlassen, nehmen Sie die K\u00fcstenstra\u00dfe A259 entlang der St Marys Bay, fahren Sie durch Romney Marsh, einem Gebiet mit einer einzigartigen und au\u00dfergew\u00f6hnlichen Landschaft, zur malerischen Stadt Rye mit ihrer Stadtmauer.<\/p>\n<p>Rye in <a href=\"https:\/\/www.urlaubcornwall.de\/reiseziel\/sussex.php\">East Sussex<\/a>, am Fluss Rother gelegen, hat charmante alte Str\u00e4\u00dfchen und gepflasterte Wege, die eine Vielfalt alter Geb\u00e4ude beherbergen, von denen einige zur\u00fcckreichen ins 11. Jahrhundert. Von der Spitze des Kirchturms der St Marys Kirche ergibt sich ein wundervoller Blick \u00fcber die Stadt und die sie umgebende Landschaft. Der <a href=\"https:\/\/www.urlaubcornwall.de\/ferienhaeuser-fewos\/eng\/sussex\/rye.html\">Hafen Rye<\/a> ist interessant und malerisch, und das Rye Hafennaturreservat ist eines der wichtigsten Schutzgebiete des UK, ein herrlicher Ort zum Wandern und um V\u00f6gel zu beobachten.<\/p>\n<p><img loading=\"lazy\" class=\"aligncenter size-full wp-image-24735\" src=\"https:\/\/www.urlaubcornwall.de\/blog\/wp-content\/uploads\/2016\/07\/hastings-ferien.jpg\" alt=\"ferien hastings\" width=\"748\" height=\"427\"\/><\/p>\n<p>Weiter entlang der K\u00fcste auf der A259 befindet sich der Fischerhafen und <a href=\"https:\/\/www.urlaubcornwall.de\/ferienhaeuser-fewos\/eng\/sussex\/hastings.html\">Urlaubsort Hastings<\/a>. In der Schlacht, lediglich 11,2km n\u00f6rdlich von Hastings hat Wilhelm der Eroberer im Jahre 1066 Sachsenk\u00f6nig Harold besiegt und somit den Kurs englischer Geschichte gewechselt. Am Ostende des Strandes von Hastings werden noch immer Fischerboote ans Ufer heraufgezogen, um ihren Fang zu entladen. Die hohen h\u00f6lzernen Schuppen, die als \u201enet shops\u201c bekannt sind, sind ein markantes Wahrzeichen. Das Ufer erstreckt sich \u00fcber nahezu 5km, und am Westende befindet sich der Pier, die Promenade, G\u00e4rten und Vergn\u00fcgungsst\u00e4tte. Zwischen den beiden Strandenden befindet sich die Altstadt mit ihren engen Str\u00e4\u00dfchen \u2013 bekannt als \u201etwitterns\u201c und georgianischen und viktorianischen Geb\u00e4uden. Es ist herrlich, hier einige Zeit zu verbringen und auf Erkundungen zu gehen.<\/p>\n<div class=\"snippet\"> <a class=\"featured-item\" href=\"https:\/\/www.urlaubcornwall.de\/ferienhaeuser\/cornwall.php\"> <span class=\"image-holder\" style=\"background-image: url('https:\/\/www.urlaubcornwall.de\/blog\/wp-content\/uploads\/2018\/12\/familienurlaub-corwnall-snippet.jpg');\"><\/span> <span class=\"featured-content\"> \n<h2 class=\"featured-title\">Ferienh\u00e4user in Cornwall am Meer<\/h2>\n<p class=\"featured-body\">Cornwall besitzt mehr K\u00fcstenlinien als jede andere Grafschaft und bietet einige der besten Str\u00e4nde, K\u00fcstenwanderwege und Klippenlandschaften, die man \u00fcberhaupt finden kann&#8230; <\/p><\/span> <span class=\"featured-link-holder\"> <span class=\"featured-extra-info\"> \n<p>F\u00fcr Paare, Familien &#038; Gruppen<\/p>\n<\/span> \n<p class=\"featured-link\">DETAILS<\/p>\n<\/span> <\/a><\/div>\n<p><a href=\"https:\/\/www.urlaubcornwall.de\/ferienhaeuser-fewos\/eng\/sussex\/bexhill-on-sea.html\">Bexhill-on-Sea<\/a> war einst ein Fischerdorf, und ist nun ein beliebter Badeort, der in den 1880ern von Earl da la Warre entwickelt wurde. Am Ufer befindet sich der ikonische De La Warre Pavillon. Dieses wundervolle modernistische Geb\u00e4ude wurde vom f\u00fchrenden Architekten der modernen Bewegung, Erich Mendelsohn, designt, w\u00e4hrend er Fl\u00fcchtling in Britannien war. &nbsp;Dieser charmante und ruhige Urlaubsort ist der perfekte Ort, um w\u00e4hrend einer Urlaubsreise durch S\u00fcdengland zu verweilen.<\/p>\n<p><img loading=\"lazy\" class=\"aligncenter size-full wp-image-24731\" src=\"https:\/\/www.urlaubcornwall.de\/blog\/wp-content\/uploads\/2016\/07\/pevensey.jpg\" alt=\"Pevensey Bay, Eastbourne\" width=\"749\" height=\"402\"\/><\/p>\n<p>Weiter entlang der K\u00fcste \u00fcber die Pevensey Levels und an der <a href=\"https:\/\/www.urlaubcornwall.de\/ferienhaeuser-fewos\/eng\/sussex\/pevensey-bay.html\">Pevensey Bucht<\/a> gelegen, befindet sich die kleine Stadt Pevensey. Diese kleine Stadt hat jede Menge Geschichte erlebt; hier landeten die R\u00f6mer und bauten eine riesige, 4ha umfassende Festung \u2018Anderida\u2019, und hier landete im Jahre 1066 Wilhelm der Eroberer.<\/p>\n<p>Eastbourne ist der zweitgr\u00f6\u00dfte Badeort von Sussex. Er wurde zu viktorianischen Zeiten entwickelt; Eastbourne hat ein Pier, ger\u00e4umige Esplanaden, stattliche Hotels entlang des Ufers, wundersch\u00f6ne G\u00e4rten und ein Theater. Direkt au\u00dferhalb der Stadt befinden sich die ber\u00fchmten Kalksteinklippen, die Seven Sisters und Beachy Head, von wo aus Sie einen wundervollen Blick entlang der K\u00fcste haben. &nbsp;Dies ist auch der Beginn des South Downs Way. Der Langstreckenwanderpfad zieht sich 160km entlang, von Eastbourne in Ostsussex nach <a href=\"https:\/\/www.urlaubcornwall.de\/ferienhaeuser-fewos\/eng\/hampshire\/winchester.html\">Winchester in Hampshire<\/a>. Der Pfad f\u00fchrt \u00fcber die h\u00fcgeligen Kreidefelsen im Landesinneren und bietet herrlichen Blick \u00fcber einige der feinsten Landschaften in England. Mit h\u00fcbschen D\u00f6rfern, samt einigen gro\u00dfartigen Kneipen, ist dies ein herrlicher Ort, um w\u00e4hrend eines Urlaubs im UK auf Erkundungen zu gehen.<\/p>\n<p>Wenn Sie <a href=\"https:\/\/www.urlaubcornwall.de\/ferienhaeuser-fewos\/eng\/sussex\/eastbourne.html\">Eastbourne<\/a> an der A27 verlassen haben, fahren Sie weiter der K\u00fcste entlang, vorbei am F\u00e4hrhafen Newhaven, und weiter nach Lewes, der Hauptstadt der Grafschaft Ostsussex. An den South Downs befindet sich das bilderbuchsch\u00f6ne Dorf Ditchling, das schon immer K\u00fcnstler und Kunsthandwerker angezogen hat. Direkt s\u00fcdlich des Dorfes, einen halbst\u00fcndigen Spaziergang aufw\u00e4rts, befindet sich Ditchling Beacon. Mit seinen 248 Metern \u00fcber dem Meeresspiegel gelegen, ist dies der h\u00f6chste Punkt in Ostsussex und bietet spektakul\u00e4ren Blick \u00fcber die Landschaft.<\/p>\n<p><img loading=\"lazy\" class=\"aligncenter size-full wp-image-33960\" src=\"https:\/\/www.urlaubcornwall.de\/blog\/wp-content\/uploads\/2018\/07\/urlaub-brighton-am-meer.jpg\" alt=\"urlaub brighton am meer\" width=\"748\" height=\"390\"\/><\/p>\n<p>Von Lewes aus k\u00f6nnen Sie entweder weiter entlang der K\u00fcste weiterfahren zum kosmopolitischen <a href=\"https:\/\/www.urlaubcornwall.de\/ferienhaeuser-fewos\/eng\/sussex\/brighton.html\">Badeort Brighton<\/a> oder die A272 nehmen durch die wundersch\u00f6ne l\u00e4ndliche Gegend von Westsussex und <a href=\"https:\/\/www.urlaubcornwall.de\/reiseziel\/hampshire.php\">Hampshire<\/a>.<\/p>\n<p>Nehmen Sie sich einige Zeit und entfernen Sie sich vom gesch\u00e4ftigen, pulsierenden Badeort Brighton und besuchen Sie den Devils Dyke an den South Downs, dieses wundersch\u00f6ne Trockental, das mit seinen 100 Metern Tiefe das l\u00e4ngste, tiefste und breiteste Tal des UK ist. Es formte sich vor mehr als 10 000 Jahren w\u00e4hrend des letzten Eiszeitalters und ist ein wundervoller Ort zum Wandern und die Landschaft zu genie\u00dfen.<\/p>\n<p><img loading=\"lazy\" class=\"aligncenter size-full wp-image-29577\" src=\"https:\/\/www.urlaubcornwall.de\/blog\/wp-content\/uploads\/2017\/10\/schloss-arundel.jpg\" alt=\"schloss arundel\" width=\"748\" height=\"369\"\/><\/p>\n<p>Die A27 folgt der K\u00fcste entlang zur entz\u00fcckenden Stadt Arundel, am Fluss Arun gelegen, mit ihrer herrlichen Burg, dem Zuhause der Dukes of Norfolk. Weiter entlang der Route finden Sie <a href=\"https:\/\/www.urlaubcornwall.de\/ferienhaeuser-fewos\/eng\/sussex\/chichester.html\">Chichester<\/a> mit seiner Kathedrale, deren anmutiger Turm sich 84,5m \u00fcber der flachen K\u00fcstenlandschaft dieses Teils von Sussex erhebt.<\/p>\n<p><a href=\"https:\/\/www.urlaubcornwall.de\/ferienhaeuser-fewos\/eng\/sussex\/chichester.html\">Chichester Hafen<\/a> ist ein wundersch\u00f6nes Labyrinth an B\u00e4chen, Inselchen und Halbinseln; es gibt jede Menge Fu\u00dfwege, um die Gegend zu erkunden, die reich ist an Vogelarten und Tierleben.<\/p>\n<p>Der Hafenort Portsmouth ist auf eine kleine Insel gepackt, umgeben vom Meer oder dem Hafen auf drei Seiten und verbunden mit dem Rest von Hampshire durch vier Br\u00fccken und einen Steg. Der historische Hafen ist eine beliebte Besucherattraktion mit seiner bemerkenswerten Sammlung an historischen Schiffen, einschlie\u00dflich Nelsons Flaggschiff HMS Victory und dem eisernen HMS Warrior aus dem Jahre 1860. F\u00e4hren fahren von hier aus nach Frankreich, Spanien und die <a href=\"https:\/\/www.urlaubcornwall.de\/reiseziel\/kanalinseln\/\">Kanalinseln<\/a>. Sie k\u00f6nnen Ihren Urlaub verl\u00e4ngern, indem Sie eine kurze F\u00e4hrfahrt oder Fahrt mit dem Hovercraft hin\u00fcber zur <a href=\"https:\/\/www.urlaubcornwall.de\/reiseziel\/isle-of-wight.php\">Isle of Wight<\/a> machen.<\/p>\n<p>Von der Stadt und dem Hafen von Southampton aus, \u00fcber Southampton Water, befindet sich der <a href=\"https:\/\/www.urlaubcornwall.de\/ferienhaeuser-fewos\/eng\/dorset\/new-forest-hampshire.html\">New Forest<\/a>. Indem sie mehr als 336 Quadratkilometer von S\u00fcd-West Hampshire umfasst, ist diese einzigartige Landschaft eine Hauptttouristenattraktion und ein Tier \u2013 und Landschaftsschutzgebiet. Mit seinen urigen D\u00f6rfern, bilderbuchsch\u00f6nen Cottages, wundersch\u00f6nen kultivierten G\u00e4rten, Museen, Str\u00e4nden und den ber\u00fchmten New Forest Ponys, ist dies der perfekte Ort, um Ihres <a href=\"https:\/\/www.urlaubcornwall.de\/reiseziel\/suedengland.php\">Urlaubs in S\u00fcdengland<\/a> Zeit zu verbringen.<\/p>\n<p><a href=\"https:\/\/www.urlaubcornwall.de\/blog\/wp-content\/uploads\/2024\/05\/bournemouth.jpg\"><img loading=\"lazy\" src=\"https:\/\/www.urlaubcornwall.de\/blog\/wp-content\/uploads\/2024\/05\/bournemouth.jpg\" alt=\"bournemouth\" width=\"750\" height=\"500\" class=\"alignnone size-full wp-image-50456\" srcset=\"https:\/\/www.urlaubcornwall.de\/blog\/wp-content\/uploads\/2024\/05\/bournemouth.jpg 750w, https:\/\/www.urlaubcornwall.de\/blog\/wp-content\/uploads\/2024\/05\/bournemouth-300x200.jpg 300w\" sizes=\"(max-width: 750px) 100vw, 750px\" \/><\/a><\/p>\n<p>Der <a href=\"https:\/\/www.urlaubcornwall.de\/ferienhaeuser-fewos\/eng\/hampshire\/bournemouth.html\">Badeort Bournemouth<\/a> befindet sich westlich vom New Forest und ist seit viktorianischen Zeiten beliebt aufgrund seines meilenlangen goldenen Sandstrandes, den Klippen, der Promenade und wundersch\u00f6nen G\u00e4rten. Neben Bournemouth liegt Poole mit seinem wundersch\u00f6nen Hafen, der nach Sydney der zweitgr\u00f6\u00dfte nat\u00fcrliche Hafen der Welt ist. Mitten im Hafen Poole befindet sich die Insel Brownsea. Es ist nur eine kurze Bootsfahrt zu dieser wundersch\u00f6nen kleinen Insel, die ein 200ha umspannendes Naturreservat ist.<\/p>\n<p>Von <a href=\"https:\/\/www.urlaubcornwall.de\/ferienhaeuser-fewos\/eng\/dorset\/poole.html\">Poole<\/a> aus f\u00fchrt die A35 nach <a href=\"https:\/\/www.urlaubcornwall.de\/reiseziel\/dorset.php\">Dorset<\/a>. Machen Sie einen Abstecher, um <a href=\"https:\/\/www.urlaubcornwall.de\/ferienhaeuser-fewos\/eng\/dorset\/corfe-castle.html\">Corfe Castle<\/a> zu besuchen, das eines der dramatischsten und malerischsten Flecken im gesamten S\u00fcdwesten Englands ist.<\/p>\n<p>Es gibt auf der Strecke durch Dorset jede Menge zu sehen; wundersch\u00f6ne Landschaft, das Naturph\u00e4nomen des Chesil Beach, die Lagune bei <a href=\"https:\/\/www.urlaubcornwall.de\/ferienhaeuser-fewos\/eng\/dorset\/abbotsbury.html\">Abbotsbury<\/a> Swannery, h\u00fcbsche D\u00f6rfer und die Hauptstadt der Grafschaft, Dorchester, die in den Erz\u00e4hlungen von Thomas Hardy als \u2018Casterbridge\u2019 bekannt ist.<\/p>\n<p><img loading=\"lazy\" class=\"aligncenter size-full wp-image-19449\" src=\"https:\/\/www.urlaubcornwall.de\/blog\/wp-content\/uploads\/2015\/08\/jurrasic-kueste.jpg\" alt=\"jurassic kueste\" width=\"748\" height=\"381\"\/><\/p>\n<p>Die A35 f\u00fchrt dann entlang der Jurak\u00fcste Dorsets, bis hin zur Grenze von Devon. Diese Weltkulturerbest\u00e4tte ist eine wundersch\u00f6ne Landschaft, bekannt aufgrund der Fossilien, die an den Str\u00e4nden und den ikonischen Wahrzeichen <a href=\"https:\/\/www.urlaubcornwall.de\/ferienhaeuser-fewos\/eng\/dorset\/lulworth.html\">Durdle Door und Lulworth Cove<\/a> gefunden werden. Bridport, <a href=\"https:\/\/www.urlaubcornwall.de\/ferienhaeuser-fewos\/eng\/dorset\/lyme-regis.html\">Lyme Regis<\/a>, Charmouth und Seaton sind allesamt Badeorte an diesem wundersch\u00f6nen K\u00fcstenabschnitt.<\/p>\n<p>Von Seaton an nehmen Sie die A3052, vorbei an den entz\u00fcckenden <a href=\"https:\/\/www.urlaubcornwall.de\/reiseziel\/devon.php\">K\u00fcstenorten Devons<\/a>: <a href=\"https:\/\/www.urlaubcornwall.de\/ferienhaeuser-fewos\/eng\/sued-devon\/sidmouth.html\">Sidmouth<\/a>, Budleigh Salterton and Exmouth, bevor Sie in <a href=\"https:\/\/www.urlaubcornwall.de\/ferienhaeuser-fewos\/eng\/sued-devon\/exeter.html\">Exeter<\/a> ankommen, der historischen Hauptstadt der Grafschaft Devon mit ihrer herrlichen Kathedrale aus dem 14. Jahrhundert.<\/p>\n<p>Die A30 erreicht dann die Stadt <a href=\"https:\/\/www.urlaubcornwall.de\/ferienhaeuser-fewos\/eng\/sued-devon\/exeter.html\">Exeter in Devon<\/a>. Von Exeter gibt es zwei sch\u00f6ne Routen nach Cornwall. Hier ist unser Reisef\u00fchrer f\u00fcr die Ankunft in Cornwall auf der <a href=\"https:\/\/www.urlaubcornwall.de\/blog\/mit-dem-auto-nach-cornwall-auf-der-a38\/\">A38<\/a> und der <a href=\"https:\/\/www.urlaubcornwall.de\/blog\/mit-dem-auto-nach-cornwall-auf-der-a30\/\">A30<\/a>.<\/p>\n","protected":false},"excerpt":{"rendered":"<p>Wenn Sie Dover oder Folkestone verlassen, nehmen Sie die K\u00fcstenstra\u00dfe A259 entlang der St Marys Bay, fahren Sie durch Romney Marsh, einem Gebiet mit einer einzigartigen und au\u00dfergew\u00f6hnlichen Landschaft, zur malerischen Stadt Rye mit ihrer Stadtmauer. Rye in East Sussex, am Fluss Rother gelegen, hat charmante alte Str\u00e4\u00dfchen und gepflasterte Wege, die eine Vielfalt alter [&hellip;]<\/p>\n","protected":false},"author":1,"featured_media":0,"parent":0,"menu_order":0,"comment_status":"closed","ping_status":"closed","template":"single-four.php","meta":[],"acf":[],"yoast_head":"<!-- This site is optimized with the Yoast SEO plugin v19.4 - https:\/\/yoast.com\/wordpress\/plugins\/seo\/ -->\n<title>Der gesamten Strecke nach Cornwall der S\u00fcdk\u00fcste Englands entlang - Urlaub &amp; Reisen<\/title>\n<meta name=\"description\" content=\"Wenn Sie Dover oder Folkestone verlassen, nehmen Sie die K\u00fcstenstra\u00dfe A259 entlang der St Marys Bay, fahren Sie durch Romney Marsh, einem Gebiet mit einer einzigartigen und au\u00dfergew\u00f6hnlichen Landschaft, zur malerischen Stadt Rye mit ihrer Stadtmauer.\" \/>\n<meta name=\"robots\" content=\"index, follow, max-snippet:-1, max-image-preview:large, max-video-preview:-1\" \/>\n<link rel=\"canonical\" href=\"https:\/\/www.urlaubcornwall.de\/blog\/der-gesamten-strecke-nach-cornwall-der-suedkueste-englands-entlang\/\" \/>\n<meta property=\"og:locale\" content=\"en_US\" \/>\n<meta property=\"og:type\" content=\"article\" \/>\n<meta property=\"og:title\" content=\"Der gesamten Strecke nach Cornwall der S\u00fcdk\u00fcste Englands entlang - Urlaub &amp; Reisen\" \/>\n<meta property=\"og:description\" content=\"Wenn Sie Dover oder Folkestone verlassen, nehmen Sie die K\u00fcstenstra\u00dfe A259 entlang der St Marys Bay, fahren Sie durch Romney Marsh, einem Gebiet mit einer einzigartigen und au\u00dfergew\u00f6hnlichen Landschaft, zur malerischen Stadt Rye mit ihrer Stadtmauer.\" \/>\n<meta property=\"og:url\" content=\"https:\/\/www.urlaubcornwall.de\/blog\/der-gesamten-strecke-nach-cornwall-der-suedkueste-englands-entlang\/\" \/>\n<meta property=\"og:site_name\" content=\"Urlaub &amp; Reisen\" \/>\n<meta property=\"article:modified_time\" content=\"2024-05-28T14:19:38+00:00\" \/>\n<meta property=\"og:image\" content=\"https:\/\/www.urlaubcornwall.de\/blog\/wp-content\/uploads\/2016\/07\/hastings-ferien.jpg\" \/>\n<meta name=\"twitter:card\" content=\"summary\" \/>\n<meta name=\"twitter:label1\" content=\"Est. reading time\" \/>\n\t<meta name=\"twitter:data1\" content=\"7 minutes\" \/>\n<script type=\"application\/ld+json\" class=\"yoast-schema-graph\">{\"@context\":\"https:\/\/schema.org\",\"@graph\":[{\"@type\":\"WebSite\",\"@id\":\"https:\/\/www.urlaubcornwall.de\/blog\/#website\",\"url\":\"https:\/\/www.urlaubcornwall.de\/blog\/\",\"name\":\"Urlaub &amp; Reisen\",\"description\":\"Urlaub, Reisen, Cornwall und S\u00fcdengland: eine perfekte Kombination\",\"potentialAction\":[{\"@type\":\"SearchAction\",\"target\":{\"@type\":\"EntryPoint\",\"urlTemplate\":\"https:\/\/www.urlaubcornwall.de\/blog\/?s={search_term_string}\"},\"query-input\":\"required name=search_term_string\"}],\"inLanguage\":\"en-US\"},{\"@type\":\"WebPage\",\"@id\":\"https:\/\/www.urlaubcornwall.de\/blog\/der-gesamten-strecke-nach-cornwall-der-suedkueste-englands-entlang\/\",\"url\":\"https:\/\/www.urlaubcornwall.de\/blog\/der-gesamten-strecke-nach-cornwall-der-suedkueste-englands-entlang\/\",\"name\":\"Der gesamten Strecke nach Cornwall der S\u00fcdk\u00fcste Englands entlang - Urlaub &amp; Reisen\",\"isPartOf\":{\"@id\":\"https:\/\/www.urlaubcornwall.de\/blog\/#website\"},\"datePublished\":\"2020-02-24T13:40:55+00:00\",\"dateModified\":\"2024-05-28T14:19:38+00:00\",\"description\":\"Wenn Sie Dover oder Folkestone verlassen, nehmen Sie die K\u00fcstenstra\u00dfe A259 entlang der St Marys Bay, fahren Sie durch Romney Marsh, einem Gebiet mit einer einzigartigen und au\u00dfergew\u00f6hnlichen Landschaft, zur malerischen Stadt Rye mit ihrer Stadtmauer.\",\"breadcrumb\":{\"@id\":\"https:\/\/www.urlaubcornwall.de\/blog\/der-gesamten-strecke-nach-cornwall-der-suedkueste-englands-entlang\/#breadcrumb\"},\"inLanguage\":\"en-US\",\"potentialAction\":[{\"@type\":\"ReadAction\",\"target\":[\"https:\/\/www.urlaubcornwall.de\/blog\/der-gesamten-strecke-nach-cornwall-der-suedkueste-englands-entlang\/\"]}]},{\"@type\":\"BreadcrumbList\",\"@id\":\"https:\/\/www.urlaubcornwall.de\/blog\/der-gesamten-strecke-nach-cornwall-der-suedkueste-englands-entlang\/#breadcrumb\",\"itemListElement\":[{\"@type\":\"ListItem\",\"position\":1,\"name\":\"Home\",\"item\":\"https:\/\/www.urlaubcornwall.de\/blog\/\"},{\"@type\":\"ListItem\",\"position\":2,\"name\":\"Der gesamten Strecke nach Cornwall der S\u00fcdk\u00fcste Englands entlang\"}]}]}<\/script>\n<!-- \/ Yoast SEO plugin. -->","yoast_head_json":{"title":"Der gesamten Strecke nach Cornwall der S\u00fcdk\u00fcste Englands entlang - Urlaub &amp; Reisen","description":"Wenn Sie Dover oder Folkestone verlassen, nehmen Sie die K\u00fcstenstra\u00dfe A259 entlang der St Marys Bay, fahren Sie durch Romney Marsh, einem Gebiet mit einer einzigartigen und au\u00dfergew\u00f6hnlichen Landschaft, zur malerischen Stadt Rye mit ihrer Stadtmauer.","robots":{"index":"index","follow":"follow","max-snippet":"max-snippet:-1","max-image-preview":"max-image-preview:large","max-video-preview":"max-video-preview:-1"},"canonical":"https:\/\/www.urlaubcornwall.de\/blog\/der-gesamten-strecke-nach-cornwall-der-suedkueste-englands-entlang\/","og_locale":"en_US","og_type":"article","og_title":"Der gesamten Strecke nach Cornwall der S\u00fcdk\u00fcste Englands entlang - Urlaub &amp; Reisen","og_description":"Wenn Sie Dover oder Folkestone verlassen, nehmen Sie die K\u00fcstenstra\u00dfe A259 entlang der St Marys Bay, fahren Sie durch Romney Marsh, einem Gebiet mit einer einzigartigen und au\u00dfergew\u00f6hnlichen Landschaft, zur malerischen Stadt Rye mit ihrer Stadtmauer.","og_url":"https:\/\/www.urlaubcornwall.de\/blog\/der-gesamten-strecke-nach-cornwall-der-suedkueste-englands-entlang\/","og_site_name":"Urlaub &amp; Reisen","article_modified_time":"2024-05-28T14:19:38+00:00","og_image":[{"url":"https:\/\/www.urlaubcornwall.de\/blog\/wp-content\/uploads\/2016\/07\/hastings-ferien.jpg"}],"twitter_card":"summary","twitter_misc":{"Est. reading time":"7 minutes"},"schema":{"@context":"https:\/\/schema.org","@graph":[{"@type":"WebSite","@id":"https:\/\/www.urlaubcornwall.de\/blog\/#website","url":"https:\/\/www.urlaubcornwall.de\/blog\/","name":"Urlaub &amp; Reisen","description":"Urlaub, Reisen, Cornwall und S\u00fcdengland: eine perfekte Kombination","potentialAction":[{"@type":"SearchAction","target":{"@type":"EntryPoint","urlTemplate":"https:\/\/www.urlaubcornwall.de\/blog\/?s={search_term_string}"},"query-input":"required name=search_term_string"}],"inLanguage":"en-US"},{"@type":"WebPage","@id":"https:\/\/www.urlaubcornwall.de\/blog\/der-gesamten-strecke-nach-cornwall-der-suedkueste-englands-entlang\/","url":"https:\/\/www.urlaubcornwall.de\/blog\/der-gesamten-strecke-nach-cornwall-der-suedkueste-englands-entlang\/","name":"Der gesamten Strecke nach Cornwall der S\u00fcdk\u00fcste Englands entlang - Urlaub &amp; Reisen","isPartOf":{"@id":"https:\/\/www.urlaubcornwall.de\/blog\/#website"},"datePublished":"2020-02-24T13:40:55+00:00","dateModified":"2024-05-28T14:19:38+00:00","description":"Wenn Sie Dover oder Folkestone verlassen, nehmen Sie die K\u00fcstenstra\u00dfe A259 entlang der St Marys Bay, fahren Sie durch Romney Marsh, einem Gebiet mit einer einzigartigen und au\u00dfergew\u00f6hnlichen Landschaft, zur malerischen Stadt Rye mit ihrer Stadtmauer.","breadcrumb":{"@id":"https:\/\/www.urlaubcornwall.de\/blog\/der-gesamten-strecke-nach-cornwall-der-suedkueste-englands-entlang\/#breadcrumb"},"inLanguage":"en-US","potentialAction":[{"@type":"ReadAction","target":["https:\/\/www.urlaubcornwall.de\/blog\/der-gesamten-strecke-nach-cornwall-der-suedkueste-englands-entlang\/"]}]},{"@type":"BreadcrumbList","@id":"https:\/\/www.urlaubcornwall.de\/blog\/der-gesamten-strecke-nach-cornwall-der-suedkueste-englands-entlang\/#breadcrumb","itemListElement":[{"@type":"ListItem","position":1,"name":"Home","item":"https:\/\/www.urlaubcornwall.de\/blog\/"},{"@type":"ListItem","position":2,"name":"Der gesamten Strecke nach Cornwall der S\u00fcdk\u00fcste Englands entlang"}]}]}},"_links":{"self":[{"href":"https:\/\/www.urlaubcornwall.de\/blog\/wp-json\/wp\/v2\/pages\/39469"}],"collection":[{"href":"https:\/\/www.urlaubcornwall.de\/blog\/wp-json\/wp\/v2\/pages"}],"about":[{"href":"https:\/\/www.urlaubcornwall.de\/blog\/wp-json\/wp\/v2\/types\/page"}],"author":[{"embeddable":true,"href":"https:\/\/www.urlaubcornwall.de\/blog\/wp-json\/wp\/v2\/users\/1"}],"replies":[{"embeddable":true,"href":"https:\/\/www.urlaubcornwall.de\/blog\/wp-json\/wp\/v2\/comments?post=39469"}],"version-history":[{"count":11,"href":"https:\/\/www.urlaubcornwall.de\/blog\/wp-json\/wp\/v2\/pages\/39469\/revisions"}],"predecessor-version":[{"id":50459,"href":"https:\/\/www.urlaubcornwall.de\/blog\/wp-json\/wp\/v2\/pages\/39469\/revisions\/50459"}],"wp:attachment":[{"href":"https:\/\/www.urlaubcornwall.de\/blog\/wp-json\/wp\/v2\/media?parent=39469"}],"curies":[{"name":"wp","href":"https:\/\/api.w.org\/{rel}","templated":true}]}}