{"id":39468,"date":"2020-02-26T16:42:35","date_gmt":"2020-02-26T16:42:35","guid":{"rendered":"https:\/\/www.urlaubcornwall.de\/blog\/?page_id=39468"},"modified":"2024-05-30T15:17:21","modified_gmt":"2024-05-30T15:17:21","slug":"mit-dem-auto-nach-cornwall-suedwesten-englands","status":"publish","type":"page","link":"https:\/\/www.urlaubcornwall.de\/blog\/mit-dem-auto-nach-cornwall-suedwesten-englands\/","title":{"rendered":"Mit dem Auto nach Cornwall &#038; S\u00fcdwesten Englands"},"content":{"rendered":"<p><img loading=\"lazy\" class=\"aligncenter size-full wp-image-39453\" src=\"https:\/\/www.urlaubcornwall.de\/blog\/wp-content\/uploads\/2020\/02\/bedruthan-steps_edit.jpg\" alt=\"bedruthan steps strand\" width=\"750\" height=\"500\"\/><\/p>\n<p><a href=\"https:\/\/www.urlaubcornwall.de\/rundreisen\/cornwall-suedengland.php\">Rundreise durch Cornwall und S\u00fcdengland<\/a> &#8211; Wenn Sie zu Beginn Ihres Urlaubs mit der F\u00e4hre in Dover, Folkestone oder Flugh\u00e4fen Heathrow und Gatwick ankommen, sind Autobahnen die schnellste Art und Weise, Ihr Urlaubsziel zu erreichen. Folgen Sie der M20, M25, M4 und dann der M5. Doch weshalb nicht <a href=\"https:\/\/www.urlaubcornwall.de\/anreise-nach-cornwall.php\">eine entspanntere und malerische Route<\/a> w\u00e4hlen? <\/p>\n<p>Sie bekommen mehr von der englischen Landschaft zu sehen, k\u00f6nnen einige der urigen D\u00f6rfer und malerischen St\u00e4dte entlang der Strecke besuchen und an einigen der ber\u00fchmten <a href=\"https:\/\/www.urlaubcornwall.de\/reisetipps\/suedengland.php\">Sehensw\u00fcrdigkeiten Englands<\/a> Halt machen, um das meiste aus Ihrem Urlaub zu machen. Hier finden Sie unseren F\u00fchrer der besten Autorouten&#8230;..<\/p>\n<h2><\/h2>\n<div class=\"snippet\"> <a class=\"featured-item\" href=\"https:\/\/www.urlaubcornwall.de\/blog\/der-gesamten-strecke-nach-cornwall-der-suedkueste-englands-entlang\/\"> <span class=\"image-holder\" style=\"background-image: url('https:\/\/www.urlaubcornwall.de\/blog\/wp-content\/uploads\/2019\/01\/DiTn0QVWsAIOgjG.jpg');\"><\/span> <span class=\"featured-content\"> \n<h2 class=\"featured-title\">Von Dover der S\u00fcdk\u00fcste Englands entlang<\/h2>\n<p class=\"featured-body\">Wenn Sie Dover oder Folkestone verlassen, nehmen Sie die K\u00fcstenstra\u00dfe A259 entlang der St Marys Bay, fahren Sie durch Romney Marsh, einem Gebiet mit einer einzigartigen und au\u00dfergew\u00f6hnlichen Landschaft, zur malerischen Stadt Rye mit ihrer Stadtmauer&#8230;.<\/p><\/span> <span class=\"featured-link-holder\"> <span class=\"featured-extra-info\"> \n<p>F\u00fcr Paare, Familien &#038; Gruppen<\/p>\n<\/span> \n<p class=\"featured-link\">AUTOROUTEN<\/p>\n<\/span> <\/a><\/div>\n<div class=\"snippet\"> <a class=\"featured-item\" href=\"https:\/\/www.urlaubcornwall.de\/blog\/mit-dem-auto-nach-cornwall-suedwestengland-ab-london-heathrow\/\"> <span class=\"image-holder\" style=\"background-image: url('https:\/\/www.urlaubcornwall.de\/blog\/wp-content\/uploads\/2020\/02\/london.jpg');\"><\/span> <span class=\"featured-content\"> \n<h2 class=\"featured-title\">Mit dem Auto ab London Heathrow<\/h2>\n<p class=\"featured-body\">Von London Heathrow, oder der Hauptstadt selbst, nehmen Sie die Autobahn M3 bis nach Basingstoke, bevor Sie weiterfahren auf der A303 und Richtung Westen nach Cornwall. Besuchen Sie das urige Dorf Chawton in Hampshire, das Zuhause von Jane Austen.<\/p><\/span> <span class=\"featured-link-holder\"> <span class=\"featured-extra-info\"> \n<p>Autorouten in England<\/p>\n<\/span> \n<p class=\"featured-link\">REISETIPPS<\/p>\n<\/span> <\/a><\/div>\n<div class=\"snippet\"> <a class=\"featured-item\" href=\"https:\/\/www.urlaubcornwall.de\/blog\/mit-dem-auto-nach-cornwall-suedwestengland-ab-gatwick-airport\/\"> <span class=\"image-holder\" style=\"background-image: url('https:\/\/www.urlaubcornwall.de\/blog\/wp-content\/uploads\/2018\/12\/familienurlaub-corwnall-snippet.jpg');\"><\/span> <span class=\"featured-content\"> \n<h2 class=\"featured-title\">Mit dem Auto ab Gatwick Flughafen<\/h2>\n<p class=\"featured-body\">Wenn Sie zu Beginn Ihres Urlaubs am Flughafen Gatwick ankommen, erreichen Sie mit einem Mietwagen Ihr Urlaubsziel am schnellsten, indem Sie die M25, M4 und M5 nehmen. Doch weshalb sich nicht ein bisschen Zeit nehmen, um die englische Landschaft zu erkunden und die Autobahnen zu meiden?<\/p><\/span> <span class=\"featured-link-holder\"> <span class=\"featured-extra-info\"> \n<p>Autoreisen in S\u00fcdengland<\/p>\n<\/span> \n<p class=\"featured-link\">MEHR INFO<\/p>\n<\/span> <\/a><\/div>\n<div class=\"snippet\"> <a class=\"featured-item\" href=\"https:\/\/www.urlaubcornwall.de\/blog\/mit-dem-auto-nach-cornwall-suedwestengland-ab-bristol-airport\/\"> <span class=\"image-holder\" style=\"background-image: url('https:\/\/www.urlaubcornwall.de\/blog\/wp-content\/uploads\/2018\/11\/landhaus-cornwall-1.jpg');\"><\/span> <span class=\"featured-content\"> \n<h2 class=\"featured-title\">Mit dem Auto nach Cornwall ab Bristol Flughafen<\/h2>\n<p class=\"featured-body\">Vom Bristol Airport aus folgen Sie der A38 s\u00fcdw\u00e4rts Richtung Cheddar in den Mendip Hills, weltbekannt aufgrund seines K\u00e4ses und der gr\u00f6\u00dften Schlucht Britanniens. Die Cheddar Schlucht ist 122m tief und 4,8km hoch; die Stra\u00dfe windet sich mit atemberaubendem Blick durch die Schlucht.<\/p><\/span> <span class=\"featured-link-holder\"> <span class=\"featured-extra-info\"> \n<p>Urlaub im eigenen Schritttempo<\/p>\n<\/span> \n<p class=\"featured-link\">REISETIPPS<\/p>\n<\/span> <\/a><\/div>\n<div class=\"snippet\"> <a class=\"featured-item\" href=\"https:\/\/www.urlaubcornwall.de\/blog\/mit-dem-auto-nach-cornwall-auf-der-a30\/\"> <span class=\"image-holder\" style=\"background-image: url('https:\/\/www.urlaubcornwall.de\/blog\/wp-content\/uploads\/2020\/02\/Padstow_blogpost.jpg');\"><\/span> <span class=\"featured-content\"> \n<h2 class=\"featured-title\">Mit dem Auto nach Cornwall auf der A30<\/h2>\n<p class=\"featured-body\">Von Exeter aus nehmen Sie die A30 Richtung Cornwall, folgen Sie dann entweder der A30 Richtung Okehampton mit den Ruinen seiner normannischen Burg, oder Sie nehmen die B3212 und fahren durch Dartmoor Richtung Tavistock, einer Stadt mit feinen viktorianischen Geb\u00e4uden und einem ber\u00fchmten Panniermarkt.<\/p><\/span> <span class=\"featured-link-holder\"> <span class=\"featured-extra-info\"> \n<p>Urlaub in S\u00fcdengland<\/p>\n<\/span> \n<p class=\"featured-link\">URLAUBSTIPPS<\/p>\n<\/span> <\/a><\/div>\n<div class=\"snippet\"> <a class=\"featured-item\" href=\"https:\/\/www.urlaubcornwall.de\/blog\/mit-dem-auto-nach-cornwall-auf-der-a38\/\"> <span class=\"image-holder\" style=\"background-image: url('https:\/\/www.urlaubcornwall.de\/blog\/wp-content\/uploads\/2024\/03\/tamar_sinppet-1.jpg');\"><\/span> <span class=\"featured-content\"> \n<h2 class=\"featured-title\">Mit dem Auto nach Cornwall auf der A38 <\/h2>\n<p class=\"featured-body\">Wenn Sie Exeter erreichen, k\u00f6nnen Sie die A38 Richtung Plymouth nehmen und den River Tamar auf der Tamar Bridge nach Cornwall \u00fcberqueren. An den Ufern des River Tamar bei St Dominick befindet sich das wundersch\u00f6ne Tudorhaus Cotehele.<\/p><\/span> <span class=\"featured-link-holder\"> <span class=\"featured-extra-info\"> \n<p>Urlaubsinspiration Cornwall<\/p>\n<\/span> \n<p class=\"featured-link\">MEHR INFO<\/p>\n<\/span> <\/a><\/div>\n","protected":false},"excerpt":{"rendered":"<p>Rundreise durch Cornwall und S\u00fcdengland &#8211; Wenn Sie zu Beginn Ihres Urlaubs mit der F\u00e4hre in Dover, Folkestone oder Flugh\u00e4fen Heathrow und Gatwick ankommen, sind Autobahnen die schnellste Art und Weise, Ihr Urlaubsziel zu erreichen. Folgen Sie der M20, M25, M4 und dann der M5. Doch weshalb nicht eine entspanntere und malerische Route w\u00e4hlen? Sie [&hellip;]<\/p>\n","protected":false},"author":1,"featured_media":0,"parent":0,"menu_order":0,"comment_status":"closed","ping_status":"closed","template":"single-four.php","meta":[],"acf":[],"yoast_head":"<!-- This site is optimized with the Yoast SEO plugin v19.4 - https:\/\/yoast.com\/wordpress\/plugins\/seo\/ -->\n<title>Mit dem Auto nach Cornwall &amp; S\u00fcdwesten Englands - Urlaub &amp; Reisen<\/title>\n<meta name=\"description\" content=\"Wenn Sie zu Beginn Ihres Urlaubs mit der F\u00e4hre in Dover oder Folkestone ankommen, sind Autobahnen die schnellste Art und Weise, Ihr Urlaubsziel zu erreichen. Folgen Sie der M20, M25, M4 und dann der M5. Doch weshalb nicht eine entspanntere und malerische Route w\u00e4hlen? Sie bekommen mehr von der englischen Landschaft zu sehen, k\u00f6nnen einige der urigen D\u00f6rfer und malerischen St\u00e4dte entlang der Strecke besuchen und an einigen der ber\u00fchmten Sehensw\u00fcrdigkeiten Englands Halt machen, um das meiste aus Ihrem Urlaub zu machen.\" \/>\n<meta name=\"robots\" content=\"index, follow, max-snippet:-1, max-image-preview:large, max-video-preview:-1\" \/>\n<link rel=\"canonical\" href=\"https:\/\/www.urlaubcornwall.de\/blog\/mit-dem-auto-nach-cornwall-suedwesten-englands\/\" \/>\n<meta property=\"og:locale\" content=\"en_US\" \/>\n<meta property=\"og:type\" content=\"article\" \/>\n<meta property=\"og:title\" content=\"Mit dem Auto nach Cornwall &amp; S\u00fcdwesten Englands - Urlaub &amp; Reisen\" \/>\n<meta property=\"og:description\" content=\"Wenn Sie zu Beginn Ihres Urlaubs mit der F\u00e4hre in Dover oder Folkestone ankommen, sind Autobahnen die schnellste Art und Weise, Ihr Urlaubsziel zu erreichen. Folgen Sie der M20, M25, M4 und dann der M5. Doch weshalb nicht eine entspanntere und malerische Route w\u00e4hlen? Sie bekommen mehr von der englischen Landschaft zu sehen, k\u00f6nnen einige der urigen D\u00f6rfer und malerischen St\u00e4dte entlang der Strecke besuchen und an einigen der ber\u00fchmten Sehensw\u00fcrdigkeiten Englands Halt machen, um das meiste aus Ihrem Urlaub zu machen.\" \/>\n<meta property=\"og:url\" content=\"https:\/\/www.urlaubcornwall.de\/blog\/mit-dem-auto-nach-cornwall-suedwesten-englands\/\" \/>\n<meta property=\"og:site_name\" content=\"Urlaub &amp; Reisen\" \/>\n<meta property=\"article:modified_time\" content=\"2024-05-30T15:17:21+00:00\" \/>\n<meta property=\"og:image\" content=\"https:\/\/www.urlaubcornwall.de\/blog\/wp-content\/uploads\/2020\/02\/bedruthan-steps_edit.jpg\" \/>\n<meta name=\"twitter:card\" content=\"summary\" \/>\n<meta name=\"twitter:label1\" content=\"Est. reading time\" \/>\n\t<meta name=\"twitter:data1\" content=\"3 minutes\" \/>\n<script type=\"application\/ld+json\" class=\"yoast-schema-graph\">{\"@context\":\"https:\/\/schema.org\",\"@graph\":[{\"@type\":\"WebSite\",\"@id\":\"https:\/\/www.urlaubcornwall.de\/blog\/#website\",\"url\":\"https:\/\/www.urlaubcornwall.de\/blog\/\",\"name\":\"Urlaub &amp; Reisen\",\"description\":\"Urlaub, Reisen, Cornwall und S\u00fcdengland: eine perfekte Kombination\",\"potentialAction\":[{\"@type\":\"SearchAction\",\"target\":{\"@type\":\"EntryPoint\",\"urlTemplate\":\"https:\/\/www.urlaubcornwall.de\/blog\/?s={search_term_string}\"},\"query-input\":\"required name=search_term_string\"}],\"inLanguage\":\"en-US\"},{\"@type\":\"WebPage\",\"@id\":\"https:\/\/www.urlaubcornwall.de\/blog\/mit-dem-auto-nach-cornwall-suedwesten-englands\/\",\"url\":\"https:\/\/www.urlaubcornwall.de\/blog\/mit-dem-auto-nach-cornwall-suedwesten-englands\/\",\"name\":\"Mit dem Auto nach Cornwall & S\u00fcdwesten Englands - Urlaub &amp; Reisen\",\"isPartOf\":{\"@id\":\"https:\/\/www.urlaubcornwall.de\/blog\/#website\"},\"datePublished\":\"2020-02-26T16:42:35+00:00\",\"dateModified\":\"2024-05-30T15:17:21+00:00\",\"description\":\"Wenn Sie zu Beginn Ihres Urlaubs mit der F\u00e4hre in Dover oder Folkestone ankommen, sind Autobahnen die schnellste Art und Weise, Ihr Urlaubsziel zu erreichen. Folgen Sie der M20, M25, M4 und dann der M5. Doch weshalb nicht eine entspanntere und malerische Route w\u00e4hlen? Sie bekommen mehr von der englischen Landschaft zu sehen, k\u00f6nnen einige der urigen D\u00f6rfer und malerischen St\u00e4dte entlang der Strecke besuchen und an einigen der ber\u00fchmten Sehensw\u00fcrdigkeiten Englands Halt machen, um das meiste aus Ihrem Urlaub zu machen.\",\"breadcrumb\":{\"@id\":\"https:\/\/www.urlaubcornwall.de\/blog\/mit-dem-auto-nach-cornwall-suedwesten-englands\/#breadcrumb\"},\"inLanguage\":\"en-US\",\"potentialAction\":[{\"@type\":\"ReadAction\",\"target\":[\"https:\/\/www.urlaubcornwall.de\/blog\/mit-dem-auto-nach-cornwall-suedwesten-englands\/\"]}]},{\"@type\":\"BreadcrumbList\",\"@id\":\"https:\/\/www.urlaubcornwall.de\/blog\/mit-dem-auto-nach-cornwall-suedwesten-englands\/#breadcrumb\",\"itemListElement\":[{\"@type\":\"ListItem\",\"position\":1,\"name\":\"Home\",\"item\":\"https:\/\/www.urlaubcornwall.de\/blog\/\"},{\"@type\":\"ListItem\",\"position\":2,\"name\":\"Mit dem Auto nach Cornwall &#038; S\u00fcdwesten Englands\"}]}]}<\/script>\n<!-- \/ Yoast SEO plugin. -->","yoast_head_json":{"title":"Mit dem Auto nach Cornwall & S\u00fcdwesten Englands - Urlaub &amp; Reisen","description":"Wenn Sie zu Beginn Ihres Urlaubs mit der F\u00e4hre in Dover oder Folkestone ankommen, sind Autobahnen die schnellste Art und Weise, Ihr Urlaubsziel zu erreichen. Folgen Sie der M20, M25, M4 und dann der M5. Doch weshalb nicht eine entspanntere und malerische Route w\u00e4hlen? Sie bekommen mehr von der englischen Landschaft zu sehen, k\u00f6nnen einige der urigen D\u00f6rfer und malerischen St\u00e4dte entlang der Strecke besuchen und an einigen der ber\u00fchmten Sehensw\u00fcrdigkeiten Englands Halt machen, um das meiste aus Ihrem Urlaub zu machen.","robots":{"index":"index","follow":"follow","max-snippet":"max-snippet:-1","max-image-preview":"max-image-preview:large","max-video-preview":"max-video-preview:-1"},"canonical":"https:\/\/www.urlaubcornwall.de\/blog\/mit-dem-auto-nach-cornwall-suedwesten-englands\/","og_locale":"en_US","og_type":"article","og_title":"Mit dem Auto nach Cornwall & S\u00fcdwesten Englands - Urlaub &amp; Reisen","og_description":"Wenn Sie zu Beginn Ihres Urlaubs mit der F\u00e4hre in Dover oder Folkestone ankommen, sind Autobahnen die schnellste Art und Weise, Ihr Urlaubsziel zu erreichen. Folgen Sie der M20, M25, M4 und dann der M5. Doch weshalb nicht eine entspanntere und malerische Route w\u00e4hlen? Sie bekommen mehr von der englischen Landschaft zu sehen, k\u00f6nnen einige der urigen D\u00f6rfer und malerischen St\u00e4dte entlang der Strecke besuchen und an einigen der ber\u00fchmten Sehensw\u00fcrdigkeiten Englands Halt machen, um das meiste aus Ihrem Urlaub zu machen.","og_url":"https:\/\/www.urlaubcornwall.de\/blog\/mit-dem-auto-nach-cornwall-suedwesten-englands\/","og_site_name":"Urlaub &amp; Reisen","article_modified_time":"2024-05-30T15:17:21+00:00","og_image":[{"url":"https:\/\/www.urlaubcornwall.de\/blog\/wp-content\/uploads\/2020\/02\/bedruthan-steps_edit.jpg"}],"twitter_card":"summary","twitter_misc":{"Est. reading time":"3 minutes"},"schema":{"@context":"https:\/\/schema.org","@graph":[{"@type":"WebSite","@id":"https:\/\/www.urlaubcornwall.de\/blog\/#website","url":"https:\/\/www.urlaubcornwall.de\/blog\/","name":"Urlaub &amp; Reisen","description":"Urlaub, Reisen, Cornwall und S\u00fcdengland: eine perfekte Kombination","potentialAction":[{"@type":"SearchAction","target":{"@type":"EntryPoint","urlTemplate":"https:\/\/www.urlaubcornwall.de\/blog\/?s={search_term_string}"},"query-input":"required name=search_term_string"}],"inLanguage":"en-US"},{"@type":"WebPage","@id":"https:\/\/www.urlaubcornwall.de\/blog\/mit-dem-auto-nach-cornwall-suedwesten-englands\/","url":"https:\/\/www.urlaubcornwall.de\/blog\/mit-dem-auto-nach-cornwall-suedwesten-englands\/","name":"Mit dem Auto nach Cornwall & S\u00fcdwesten Englands - Urlaub &amp; Reisen","isPartOf":{"@id":"https:\/\/www.urlaubcornwall.de\/blog\/#website"},"datePublished":"2020-02-26T16:42:35+00:00","dateModified":"2024-05-30T15:17:21+00:00","description":"Wenn Sie zu Beginn Ihres Urlaubs mit der F\u00e4hre in Dover oder Folkestone ankommen, sind Autobahnen die schnellste Art und Weise, Ihr Urlaubsziel zu erreichen. Folgen Sie der M20, M25, M4 und dann der M5. Doch weshalb nicht eine entspanntere und malerische Route w\u00e4hlen? Sie bekommen mehr von der englischen Landschaft zu sehen, k\u00f6nnen einige der urigen D\u00f6rfer und malerischen St\u00e4dte entlang der Strecke besuchen und an einigen der ber\u00fchmten Sehensw\u00fcrdigkeiten Englands Halt machen, um das meiste aus Ihrem Urlaub zu machen.","breadcrumb":{"@id":"https:\/\/www.urlaubcornwall.de\/blog\/mit-dem-auto-nach-cornwall-suedwesten-englands\/#breadcrumb"},"inLanguage":"en-US","potentialAction":[{"@type":"ReadAction","target":["https:\/\/www.urlaubcornwall.de\/blog\/mit-dem-auto-nach-cornwall-suedwesten-englands\/"]}]},{"@type":"BreadcrumbList","@id":"https:\/\/www.urlaubcornwall.de\/blog\/mit-dem-auto-nach-cornwall-suedwesten-englands\/#breadcrumb","itemListElement":[{"@type":"ListItem","position":1,"name":"Home","item":"https:\/\/www.urlaubcornwall.de\/blog\/"},{"@type":"ListItem","position":2,"name":"Mit dem Auto nach Cornwall &#038; S\u00fcdwesten Englands"}]}]}},"_links":{"self":[{"href":"https:\/\/www.urlaubcornwall.de\/blog\/wp-json\/wp\/v2\/pages\/39468"}],"collection":[{"href":"https:\/\/www.urlaubcornwall.de\/blog\/wp-json\/wp\/v2\/pages"}],"about":[{"href":"https:\/\/www.urlaubcornwall.de\/blog\/wp-json\/wp\/v2\/types\/page"}],"author":[{"embeddable":true,"href":"https:\/\/www.urlaubcornwall.de\/blog\/wp-json\/wp\/v2\/users\/1"}],"replies":[{"embeddable":true,"href":"https:\/\/www.urlaubcornwall.de\/blog\/wp-json\/wp\/v2\/comments?post=39468"}],"version-history":[{"count":16,"href":"https:\/\/www.urlaubcornwall.de\/blog\/wp-json\/wp\/v2\/pages\/39468\/revisions"}],"predecessor-version":[{"id":51145,"href":"https:\/\/www.urlaubcornwall.de\/blog\/wp-json\/wp\/v2\/pages\/39468\/revisions\/51145"}],"wp:attachment":[{"href":"https:\/\/www.urlaubcornwall.de\/blog\/wp-json\/wp\/v2\/media?parent=39468"}],"curies":[{"name":"wp","href":"https:\/\/api.w.org\/{rel}","templated":true}]}}