{"id":39331,"date":"2020-02-07T15:53:03","date_gmt":"2020-02-07T15:53:03","guid":{"rendered":"https:\/\/www.urlaubcornwall.de\/blog\/?page_id=39331"},"modified":"2020-02-24T15:20:46","modified_gmt":"2020-02-24T15:20:46","slug":"gruppenreisen-falmouth-massgeschneiderte-touren-und-busreisen","status":"publish","type":"page","link":"https:\/\/www.urlaubcornwall.de\/blog\/gruppenreisen-falmouth-massgeschneiderte-touren-und-busreisen\/","title":{"rendered":"Gruppenreisen Falmouth &#8211; ma\u00dfgeschneiderte Touren und Busreisen"},"content":{"rendered":"<p><img loading=\"lazy\" class=\"aligncenter size-full wp-image-26412\" src=\"https:\/\/www.urlaubcornwall.de\/blog\/wp-content\/uploads\/2017\/02\/jump-rosemary_1205-0081.jpg\" alt=\"falmouth cornwall\" width=\"748\" height=\"402\"\/><\/p>\n<p>UrlaubCornwall.de haben Touren im Angebot f\u00fcr <a href=\"https:\/\/www.urlaubcornwall.de\/gruppenreisen.php\">Individualreisende<\/a> und <a href=\"https:\/\/www.urlaubcornwall.de\/massgeschneiderte-gruppenreisen-und-touren.php\">ma\u00dfgeschneiderte Gruppenreisen<\/a> in Falmouth.<\/p>\n<p>Falmouth liegt am \u00c4stuar des Flusses Fal, eines der feinsten Naturh\u00e4fen der Welt. Auf einer Landspitze mit Blick auf die Bucht von Falmouth befindet sich die Burg Pendennis Castle und \u00fcber dem Fluss in St Mawes liegt die St Mawes Burg. Beide Burgen wurden im 16. Jahrhundert erbaut, um die lang gestreckte Wasserstra\u00dfe Carrick Roads zu besch\u00fctzen.<\/p>\n<p>Mit Sitz in Cornwall arbeiten wir als ein Inbound-Reiseveranstalter im gesamten S\u00fcdengland sowie gef\u00fchrten oder selbstgef\u00fchrten Touren f\u00fcr Gruppen und individuell Reisende. Wir bieten grundlegenden Service, sowie Unterst\u00fctzung f\u00fcr Gruppenf\u00fchrer, Auslandsreiseb\u00fcros und Reiseveranstalter, die Kunden ins UK bringen wollen. Wir arbeiten mit Partnern zusammen, um neue und innovative Produkte zu schaffen, die auf spezielle Interessen und spezifische M\u00e4rkte zugeschnitten sind.<\/p>\n<p>Wir k\u00f6nnen eine komplette Reihe an Serviceleistungen bieten, einschlie\u00dflich Bustransporte und Deutsch sprechende Reiseleiter. Bitte <a href=\"https:\/\/www.urlaubcornwall.de\/gruppenanfrage.php\">kontaktieren Sie uns bez\u00fcglich eines unverbindlichen Angebots<\/a>.<\/p>\n","protected":false},"excerpt":{"rendered":"<p>UrlaubCornwall.de haben Touren im Angebot f\u00fcr Individualreisende und ma\u00dfgeschneiderte Gruppenreisen in Falmouth. Falmouth liegt am \u00c4stuar des Flusses Fal, eines der feinsten Naturh\u00e4fen der Welt. Auf einer Landspitze mit Blick auf die Bucht von Falmouth befindet sich die Burg Pendennis Castle und \u00fcber dem Fluss in St Mawes liegt die St Mawes Burg. Beide Burgen [&hellip;]<\/p>\n","protected":false},"author":1,"featured_media":0,"parent":0,"menu_order":0,"comment_status":"closed","ping_status":"closed","template":"single-four.php","meta":[],"acf":[],"yoast_head":"<!-- This site is optimized with the Yoast SEO plugin v19.4 - https:\/\/yoast.com\/wordpress\/plugins\/seo\/ -->\n<title>Gruppenreisen Falmouth - ma\u00dfgeschneiderte Touren und Busreisen - Urlaub &amp; Reisen<\/title>\n<meta name=\"description\" content=\"Falmouth liegt am \u00c4stuar des Flusses Fal, eines der feinsten Naturh\u00e4fen der Welt. Auf einer Landspitze mit Blick auf die Bucht von Falmouth befindet sich die Burg Pendennis Castle und \u00fcber dem Fluss in St Mawes liegt die St Mawes Burg. Beide Burgen wurden im 16. Jahrhundert erbaut, um die lang gestreckte Wasserstra\u00dfe Carrick Roads zu besch\u00fctzen.\" \/>\n<meta name=\"robots\" content=\"index, follow, max-snippet:-1, max-image-preview:large, max-video-preview:-1\" \/>\n<link rel=\"canonical\" href=\"https:\/\/www.urlaubcornwall.de\/blog\/gruppenreisen-falmouth-massgeschneiderte-touren-und-busreisen\/\" \/>\n<meta property=\"og:locale\" content=\"en_US\" \/>\n<meta property=\"og:type\" content=\"article\" \/>\n<meta property=\"og:title\" content=\"Gruppenreisen Falmouth - ma\u00dfgeschneiderte Touren und Busreisen - Urlaub &amp; Reisen\" \/>\n<meta property=\"og:description\" content=\"Falmouth liegt am \u00c4stuar des Flusses Fal, eines der feinsten Naturh\u00e4fen der Welt. Auf einer Landspitze mit Blick auf die Bucht von Falmouth befindet sich die Burg Pendennis Castle und \u00fcber dem Fluss in St Mawes liegt die St Mawes Burg. Beide Burgen wurden im 16. Jahrhundert erbaut, um die lang gestreckte Wasserstra\u00dfe Carrick Roads zu besch\u00fctzen.\" \/>\n<meta property=\"og:url\" content=\"https:\/\/www.urlaubcornwall.de\/blog\/gruppenreisen-falmouth-massgeschneiderte-touren-und-busreisen\/\" \/>\n<meta property=\"og:site_name\" content=\"Urlaub &amp; Reisen\" \/>\n<meta property=\"article:modified_time\" content=\"2020-02-24T15:20:46+00:00\" \/>\n<meta property=\"og:image\" content=\"https:\/\/www.urlaubcornwall.de\/blog\/wp-content\/uploads\/2017\/02\/jump-rosemary_1205-0081.jpg\" \/>\n<meta name=\"twitter:card\" content=\"summary\" \/>\n<meta name=\"twitter:label1\" content=\"Est. reading time\" \/>\n\t<meta name=\"twitter:data1\" content=\"1 minute\" \/>\n<script type=\"application\/ld+json\" class=\"yoast-schema-graph\">{\"@context\":\"https:\/\/schema.org\",\"@graph\":[{\"@type\":\"WebSite\",\"@id\":\"https:\/\/www.urlaubcornwall.de\/blog\/#website\",\"url\":\"https:\/\/www.urlaubcornwall.de\/blog\/\",\"name\":\"Urlaub &amp; Reisen\",\"description\":\"Urlaub, Reisen, Cornwall und S\u00fcdengland: eine perfekte Kombination\",\"potentialAction\":[{\"@type\":\"SearchAction\",\"target\":{\"@type\":\"EntryPoint\",\"urlTemplate\":\"https:\/\/www.urlaubcornwall.de\/blog\/?s={search_term_string}\"},\"query-input\":\"required name=search_term_string\"}],\"inLanguage\":\"en-US\"},{\"@type\":\"WebPage\",\"@id\":\"https:\/\/www.urlaubcornwall.de\/blog\/gruppenreisen-falmouth-massgeschneiderte-touren-und-busreisen\/\",\"url\":\"https:\/\/www.urlaubcornwall.de\/blog\/gruppenreisen-falmouth-massgeschneiderte-touren-und-busreisen\/\",\"name\":\"Gruppenreisen Falmouth - ma\u00dfgeschneiderte Touren und Busreisen - Urlaub &amp; Reisen\",\"isPartOf\":{\"@id\":\"https:\/\/www.urlaubcornwall.de\/blog\/#website\"},\"datePublished\":\"2020-02-07T15:53:03+00:00\",\"dateModified\":\"2020-02-24T15:20:46+00:00\",\"description\":\"Falmouth liegt am \u00c4stuar des Flusses Fal, eines der feinsten Naturh\u00e4fen der Welt. Auf einer Landspitze mit Blick auf die Bucht von Falmouth befindet sich die Burg Pendennis Castle und \u00fcber dem Fluss in St Mawes liegt die St Mawes Burg. Beide Burgen wurden im 16. Jahrhundert erbaut, um die lang gestreckte Wasserstra\u00dfe Carrick Roads zu besch\u00fctzen.\",\"breadcrumb\":{\"@id\":\"https:\/\/www.urlaubcornwall.de\/blog\/gruppenreisen-falmouth-massgeschneiderte-touren-und-busreisen\/#breadcrumb\"},\"inLanguage\":\"en-US\",\"potentialAction\":[{\"@type\":\"ReadAction\",\"target\":[\"https:\/\/www.urlaubcornwall.de\/blog\/gruppenreisen-falmouth-massgeschneiderte-touren-und-busreisen\/\"]}]},{\"@type\":\"BreadcrumbList\",\"@id\":\"https:\/\/www.urlaubcornwall.de\/blog\/gruppenreisen-falmouth-massgeschneiderte-touren-und-busreisen\/#breadcrumb\",\"itemListElement\":[{\"@type\":\"ListItem\",\"position\":1,\"name\":\"Home\",\"item\":\"https:\/\/www.urlaubcornwall.de\/blog\/\"},{\"@type\":\"ListItem\",\"position\":2,\"name\":\"Gruppenreisen Falmouth &#8211; ma\u00dfgeschneiderte Touren und Busreisen\"}]}]}<\/script>\n<!-- \/ Yoast SEO plugin. -->","yoast_head_json":{"title":"Gruppenreisen Falmouth - ma\u00dfgeschneiderte Touren und Busreisen - Urlaub &amp; Reisen","description":"Falmouth liegt am \u00c4stuar des Flusses Fal, eines der feinsten Naturh\u00e4fen der Welt. Auf einer Landspitze mit Blick auf die Bucht von Falmouth befindet sich die Burg Pendennis Castle und \u00fcber dem Fluss in St Mawes liegt die St Mawes Burg. Beide Burgen wurden im 16. Jahrhundert erbaut, um die lang gestreckte Wasserstra\u00dfe Carrick Roads zu besch\u00fctzen.","robots":{"index":"index","follow":"follow","max-snippet":"max-snippet:-1","max-image-preview":"max-image-preview:large","max-video-preview":"max-video-preview:-1"},"canonical":"https:\/\/www.urlaubcornwall.de\/blog\/gruppenreisen-falmouth-massgeschneiderte-touren-und-busreisen\/","og_locale":"en_US","og_type":"article","og_title":"Gruppenreisen Falmouth - ma\u00dfgeschneiderte Touren und Busreisen - Urlaub &amp; Reisen","og_description":"Falmouth liegt am \u00c4stuar des Flusses Fal, eines der feinsten Naturh\u00e4fen der Welt. Auf einer Landspitze mit Blick auf die Bucht von Falmouth befindet sich die Burg Pendennis Castle und \u00fcber dem Fluss in St Mawes liegt die St Mawes Burg. Beide Burgen wurden im 16. Jahrhundert erbaut, um die lang gestreckte Wasserstra\u00dfe Carrick Roads zu besch\u00fctzen.","og_url":"https:\/\/www.urlaubcornwall.de\/blog\/gruppenreisen-falmouth-massgeschneiderte-touren-und-busreisen\/","og_site_name":"Urlaub &amp; Reisen","article_modified_time":"2020-02-24T15:20:46+00:00","og_image":[{"url":"https:\/\/www.urlaubcornwall.de\/blog\/wp-content\/uploads\/2017\/02\/jump-rosemary_1205-0081.jpg"}],"twitter_card":"summary","twitter_misc":{"Est. reading time":"1 minute"},"schema":{"@context":"https:\/\/schema.org","@graph":[{"@type":"WebSite","@id":"https:\/\/www.urlaubcornwall.de\/blog\/#website","url":"https:\/\/www.urlaubcornwall.de\/blog\/","name":"Urlaub &amp; Reisen","description":"Urlaub, Reisen, Cornwall und S\u00fcdengland: eine perfekte Kombination","potentialAction":[{"@type":"SearchAction","target":{"@type":"EntryPoint","urlTemplate":"https:\/\/www.urlaubcornwall.de\/blog\/?s={search_term_string}"},"query-input":"required name=search_term_string"}],"inLanguage":"en-US"},{"@type":"WebPage","@id":"https:\/\/www.urlaubcornwall.de\/blog\/gruppenreisen-falmouth-massgeschneiderte-touren-und-busreisen\/","url":"https:\/\/www.urlaubcornwall.de\/blog\/gruppenreisen-falmouth-massgeschneiderte-touren-und-busreisen\/","name":"Gruppenreisen Falmouth - ma\u00dfgeschneiderte Touren und Busreisen - Urlaub &amp; Reisen","isPartOf":{"@id":"https:\/\/www.urlaubcornwall.de\/blog\/#website"},"datePublished":"2020-02-07T15:53:03+00:00","dateModified":"2020-02-24T15:20:46+00:00","description":"Falmouth liegt am \u00c4stuar des Flusses Fal, eines der feinsten Naturh\u00e4fen der Welt. Auf einer Landspitze mit Blick auf die Bucht von Falmouth befindet sich die Burg Pendennis Castle und \u00fcber dem Fluss in St Mawes liegt die St Mawes Burg. Beide Burgen wurden im 16. Jahrhundert erbaut, um die lang gestreckte Wasserstra\u00dfe Carrick Roads zu besch\u00fctzen.","breadcrumb":{"@id":"https:\/\/www.urlaubcornwall.de\/blog\/gruppenreisen-falmouth-massgeschneiderte-touren-und-busreisen\/#breadcrumb"},"inLanguage":"en-US","potentialAction":[{"@type":"ReadAction","target":["https:\/\/www.urlaubcornwall.de\/blog\/gruppenreisen-falmouth-massgeschneiderte-touren-und-busreisen\/"]}]},{"@type":"BreadcrumbList","@id":"https:\/\/www.urlaubcornwall.de\/blog\/gruppenreisen-falmouth-massgeschneiderte-touren-und-busreisen\/#breadcrumb","itemListElement":[{"@type":"ListItem","position":1,"name":"Home","item":"https:\/\/www.urlaubcornwall.de\/blog\/"},{"@type":"ListItem","position":2,"name":"Gruppenreisen Falmouth &#8211; ma\u00dfgeschneiderte Touren und Busreisen"}]}]}},"_links":{"self":[{"href":"https:\/\/www.urlaubcornwall.de\/blog\/wp-json\/wp\/v2\/pages\/39331"}],"collection":[{"href":"https:\/\/www.urlaubcornwall.de\/blog\/wp-json\/wp\/v2\/pages"}],"about":[{"href":"https:\/\/www.urlaubcornwall.de\/blog\/wp-json\/wp\/v2\/types\/page"}],"author":[{"embeddable":true,"href":"https:\/\/www.urlaubcornwall.de\/blog\/wp-json\/wp\/v2\/users\/1"}],"replies":[{"embeddable":true,"href":"https:\/\/www.urlaubcornwall.de\/blog\/wp-json\/wp\/v2\/comments?post=39331"}],"version-history":[{"count":4,"href":"https:\/\/www.urlaubcornwall.de\/blog\/wp-json\/wp\/v2\/pages\/39331\/revisions"}],"predecessor-version":[{"id":39476,"href":"https:\/\/www.urlaubcornwall.de\/blog\/wp-json\/wp\/v2\/pages\/39331\/revisions\/39476"}],"wp:attachment":[{"href":"https:\/\/www.urlaubcornwall.de\/blog\/wp-json\/wp\/v2\/media?parent=39331"}],"curies":[{"name":"wp","href":"https:\/\/api.w.org\/{rel}","templated":true}]}}