{"id":39299,"date":"2020-01-24T11:54:35","date_gmt":"2020-01-24T11:54:35","guid":{"rendered":"https:\/\/www.urlaubcornwall.de\/blog\/?page_id=39299"},"modified":"2024-04-03T12:24:48","modified_gmt":"2024-04-03T12:24:48","slug":"unsere-lieblingshotels-fuer-ihren-urlaub-im-lande-des-inspector-barnaby","status":"publish","type":"page","link":"https:\/\/www.urlaubcornwall.de\/blog\/unsere-lieblingshotels-fuer-ihren-urlaub-im-lande-des-inspector-barnaby\/","title":{"rendered":"Hotels im Lande des Inspector Barnaby"},"content":{"rendered":"<p><img loading=\"lazy\" class=\"aligncenter size-full wp-image-20368\" src=\"https:\/\/www.urlaubcornwall.de\/blog\/wp-content\/uploads\/2015\/10\/cotswolds-urlaub.jpg\" alt=\"Inspector Barnaby urlaub hotel\" width=\"748\" height=\"412\" srcset=\"https:\/\/www.urlaubcornwall.de\/blog\/wp-content\/uploads\/2015\/10\/cotswolds-urlaub.jpg 746w, https:\/\/www.urlaubcornwall.de\/blog\/wp-content\/uploads\/2015\/10\/cotswolds-urlaub-300x166.jpg 300w\" sizes=\"(max-width: 748px) 100vw, 748px\" \/><\/p>\n<p>Unsere Lieblingshotels f\u00fcr Ihren Urlaub im Lande des Inspector Barnaby &#8211; Hotels, in denen Sie \u00fcbernachten k\u00f6nnen, w\u00e4hrend Sie den <a href=\"https:\/\/www.urlaubcornwall.de\/blog\/rundreise-inspector-barnaby-selbst-zu-fahrende-strecken-england\/\">Spuren von Inspektor Barnaby<\/a> folgen. Die Grafschaft Midsomer, Ort der Inspektor Barnaby Geschichten, mag erfunden sein, doch die tats\u00e4chlichen Drehorte sind echt. Die Landschaften von <a href=\"https:\/\/www.urlaubcornwall.de\/ferienhaeuser-fewos\/eng\/oxfordshire\/oxfordshire.html\">S\u00fcd-Oxfordshire<\/a> und <a href=\"https:\/\/www.urlaubcornwall.de\/ferienhaeuser-fewos\/eng\/buckinghamshire\/buckinghamshire.html\">Buckinghamshire<\/a> sind typisch englische Landschaften mit klassischen, malerischen D\u00f6rfern.<\/p>\n<p>Die Marktst\u00e4dte und D\u00f6rfer von Midsomer County bieten Unterk\u00fcnfte, die Ihre Midsomer Erfahrung erg\u00e4nzen werden. Von traditionellen Landhaushotels, Luxushotels mit Spas, urigen B&amp;Bs, quintessentiellen englischen Cottages; so gibt es etwas f\u00fcr Jedermann und jedes Budget.<\/p>\n<p style=\"text-align: center;\"><a class=\"tidycta\" href=\"https:\/\/www.urlaubcornwall.de\/blog\/englandreise-auf-den-spuren-von-inspector-barnaby-5-tage\/\">Rundreise Inspector Barnaby <\/a><\/p>\n<p><strong>Hier finden Sie einige der St\u00e4dte, die Sie auf Ihrer Inspektor Barnaby Rundreise sehen m\u00fcssen.<\/strong><\/p>\n<p><img loading=\"lazy\" class=\"aligncenter size-full wp-image-39308\" src=\"https:\/\/www.urlaubcornwall.de\/blog\/wp-content\/uploads\/2020\/01\/White-Hart-Hotel-Nettlebed.jpg\" alt=\"White Hart Hotel - Nettlebed\" width=\"748\" height=\"438\"\/><\/p>\n<p>Nettlebed ist ein kleines Dorf an der ehemaligen Kutschenroute von London nach Oxford. Die Dorfhalle, die Hauptstra\u00dfe, sowie das White Hart Hotel tauchten in zahlreichen Inspektor Barnaby Geschichten auf.<\/p>\n<p><strong>Hier sind unsere Lieblingshotels in Nettlebed:<\/strong><\/p>\n<p><a href=\"https:\/\/www.booking.com\/hotel\/gb\/white-hart-oxfordshire.en.html?aid=1320750&#038;no_rooms=1&#038;group_adults=2&#038;room1=A%2CA\"rel=\"nofollow\">White Hart Hotel <\/a><\/p>\n<p><img loading=\"lazy\" class=\"aligncenter size-full wp-image-48132\" src=\"https:\/\/www.urlaubcornwall.de\/blog\/wp-content\/uploads\/2024\/03\/compleat-angler-marlow.jpg\" alt=\"compleat angler marlow\" width=\"750\" height=\"451\" srcset=\"https:\/\/www.urlaubcornwall.de\/blog\/wp-content\/uploads\/2024\/03\/compleat-angler-marlow.jpg 750w, https:\/\/www.urlaubcornwall.de\/blog\/wp-content\/uploads\/2024\/03\/compleat-angler-marlow-300x180.jpg 300w\" sizes=\"(max-width: 750px) 100vw, 750px\" \/><\/p>\n<p>Marlow liegt in h\u00fcbscher Umgebung am Fluss Thames und ist eine charmante georgianische Marktstadt, die in zahlreichen Inspektor Barnaby Geschichten auftauchte. Eine selbstgef\u00fchrte Tour der Drehorte beinhaltet die B\u00fccherei, die die Causton B\u00fccherei ist, die Two Brewers Kneipe, sowie das Kirchentor in der St Peters Stra\u00dfe. Marlow ist eine ausgezeichnete Basis, von der aus Sie mehr als 30 Drehorte der Umgebung vor Ort erkunden k\u00f6nnen.<\/p>\n<p><strong>Hier sind unsere Lieblingshotels in Marlow:<\/strong><\/p>\n<p><a href=\"https:\/\/www.booking.com\/hotel\/gb\/compleatangler.en.html?aid=1320750&#038;no_rooms=1&#038;group_adults=2&#038;room1=A%2CA\"rel=\"nofollow\">Macdonald Compleat Angler<\/a><\/p>\n<p><a href=\"https:\/\/www.booking.com\/hotel\/gb\/crowneplazamarlow.en.html?aid=1320750&#038;no_rooms=1&#038;group_adults=2&#038;room1=A%2CA\"rel=\"nofollow\">Crowne Plaza Marlow<\/a><\/p>\n<p><a href=\"https:\/\/www.booking.com\/hotel\/gb\/the-chequers-marlow.en.html?aid=1320750&#038;no_rooms=1&#038;group_adults=2&#038;room1=A%2CA\"rel=\"nofollow\">The Chequers Marlow<\/a><\/p>\n<p>Thame in South Oxfordshire ist die Stadt, die am h\u00e4ufigsten als Drehort f\u00fcr Causton benutzt wird. Diese lebendige Marktstadt hat eine Menge Gesch\u00e4fte und urige Caf\u00e9s; die Stadthalle wird als &nbsp;Causton Town Hall benutzt, sowie das Causton Kunstzentrum. Es gibt im Stadtzentrum 21 Drehorte, auch sind gef\u00fchrte Touren oder ein selbstgef\u00fchrter Wanderpfad erh\u00e4ltlich.<\/p>\n<p><strong>Hier sind unsere Lieblingshotels in Thame:<\/strong><\/p>\n<p>Das <a href=\"https:\/\/www.booking.com\/hotel\/gb\/the-spread-eagel-thame-limited.en.html?aid=1320750&#038;no_rooms=1&#038;group_adults=2&#038;room1=A%2CA\">Spread Eagle Hotel<\/a>, welches in zahlreichen Barnaby Episoden auftauchte.<\/p>\n<p>Das <a href=\"https:\/\/www.booking.com\/hotel\/gb\/the-swan-thame-.en.html?aid=1320750&#038;no_rooms=1&#038;group_adults=2&#038;room1=A%2CA\"rel=\"nofollow\">Swan Hotel<\/a> kam ebenfalls in den Inspektor Barnaby Fernsehserien vor.<\/p>\n<p><a href=\"https:\/\/www.booking.com\/hotel\/gb\/theoxfordbelfry.en.html?aid=1320750&#038;no_rooms=1&#038;group_adults=2&#038;room1=A%2CA\"rel=\"nofollow\">Doubletree bei Hilton<\/a> Oxford Belfry.<\/p>\n<p><img loading=\"lazy\" class=\"aligncenter size-full wp-image-48131\" src=\"https:\/\/www.urlaubcornwall.de\/blog\/wp-content\/uploads\/2024\/03\/chilterns.jpg\" alt=\"chilterns\" width=\"750\" height=\"500\" srcset=\"https:\/\/www.urlaubcornwall.de\/blog\/wp-content\/uploads\/2024\/03\/chilterns.jpg 750w, https:\/\/www.urlaubcornwall.de\/blog\/wp-content\/uploads\/2024\/03\/chilterns-300x200.jpg 300w\" sizes=\"(max-width: 750px) 100vw, 750px\" \/><\/p>\n<p>Wallingford war der urspr\u00fcngliche Drehort f\u00fcr Causton. Diese traditionelle Marktstadt mit ihrer alten Burgruine hat in der englischen Geschichte eine gro\u00dfe Rolle gespielt. Es gibt selbstgef\u00fchrte Wanderungen durch die Stadt, die Orte mit einbeziehen, die in Inspektor Barnaby vorkommen, einschlie\u00dflich der Kirche, wo der Midsomer Worthy Chor singt.<\/p>\n<p><strong>Hier sind unsere Lieblingshotels in Wallingford:<\/strong><\/p>\n<p><a href=\"https:\/\/www.booking.com\/hotel\/gb\/thegeorge.en.html?aid=1320750&#038;no_rooms=1&#038;group_adults=2&#038;room1=A%2CArel=\"nofollow\"\">Das George Hotel<\/a><\/p>\n<p><a href=\"https:\/\/www.booking.com\/hotel\/gb\/the-boathouse-wallingford.en.html?aid=1320750&#038;no_rooms=1&#038;group_adults=2&#038;room1=A%2CA\"rel=\"nofollow\">Thames Edge Rooms<\/a><\/p>\n<p><a href=\"https:\/\/www.booking.com\/hotel\/gb\/shillingfordbridgehotel.en.html?aid=1320750&#038;no_rooms=1&#038;group_adults=2&#038;room1=A%2CA\"rel=\"nofollow\">Shillingford Bridge Hotel<\/a><\/p>\n<p><img loading=\"lazy\" class=\"aligncenter size-full wp-image-39304\" src=\"https:\/\/www.urlaubcornwall.de\/blog\/wp-content\/uploads\/2020\/01\/Hotel-du-Vin-\u2013-Henley.jpg\" alt=\"Hotel du Vin \u2013 Henley\" width=\"748\" height=\"439\"\/><\/p>\n<p>Henley-on-Thames ist eine nette georgianische Stadt am Fluss Thames und bekannt aufgrund ihrer j\u00e4hrlich stattfindenden Ruderregatta. Henley wurde als Ort f\u00fcr Causton benutzt, und hier genoss Inspektor Barnaby eine Ruderfahrt entlang des Flusses. Es gibt selbstgef\u00fchrte Touren, w\u00e4hrend derer Sie in den Fu\u00dfstapfen von Barnaby wandeln k\u00f6nnen.<\/p>\n<p><strong>Hier sind unsere Lieblingshotels in Henley:<\/strong><\/p>\n<p><a href=\"https:\/\/www.booking.com\/hotel\/gb\/du-vin-henley.en.html?aid=1320750&#038;no_rooms=1&#038;group_adults=2&#038;room1=A%2CA\"rel=\"nofollow\">Hotel du Vin<\/a><\/p>\n<p><a href=\"https:\/\/www.booking.com\/hotel\/gb\/the-red-lion.en.html?aid=1320750&#038;no_rooms=1&#038;group_adults=2&#038;room1=A%2CA\"rel=\"nofollow\">Das Red Lion Hotel<\/a><\/p>\n<p><a href=\"https:\/\/www.booking.com\/hotel\/gb\/the-catherine-wheel.en.html?aid=1320750&#038;no_rooms=1&#038;group_adults=2&#038;room1=A%2CA\"rel=\"nofollow\">Das Catherine Wheel Weatherspoon Hotel<\/a><\/p>\n<p><img loading=\"lazy\" class=\"aligncenter size-full wp-image-39311\" src=\"https:\/\/www.urlaubcornwall.de\/blog\/wp-content\/uploads\/2020\/01\/Mercure-Thame-Lambert-Hotel.jpg\" alt=\"Mercure Thame Lambert Hotel\" width=\"749\" height=\"403\" srcset=\"https:\/\/www.urlaubcornwall.de\/blog\/wp-content\/uploads\/2020\/01\/Mercure-Thame-Lambert-Hotel.jpg 749w, https:\/\/www.urlaubcornwall.de\/blog\/wp-content\/uploads\/2020\/01\/Mercure-Thame-Lambert-Hotel-300x161.jpg 300w\" sizes=\"(max-width: 749px) 100vw, 749px\" \/><\/p>\n<p>Watlington soll Englands kleinste Stadt sein, und sie hat eine interessante Architektur und Geschichte. Die B\u00fccherei in Watlington wird als die Midsomer B\u00fccherei benutzt.<\/p>\n<p><strong>Hier sind unsere Lieblingshotels in Watlington:<\/strong><\/p>\n<p><a href=\"https:\/\/www.booking.com\/hotel\/gb\/the-lambert-arms.en.html?aid=1320750&#038;no_rooms=1&#038;group_adults=2&#038;room1=A%2CA\"rel=\"nofollow\">Mercure Thame Lambert Hotel \u2013 Aston Rowant<\/a><\/p>\n<p>Chinnor ist ein idyllisches Dorf, umgeben von den Chiltern Hills und tauchte in zahlreichen der Inspektor Barnaby Geschichten auf. Die Dampfeisenbahn am Chinnor Bahnhof kam h\u00e4ufig als Holm Lane Junction vor.<br \/>\n<strong>Hier sind unsere Lieblingshotels in Chinnor:<\/strong><\/p>\n<p><a href=\"https:\/\/www.booking.com\/hotel\/gb\/peacock.en.html?aid=1320750&#038;no_rooms=1&#038;group_adults=2&#038;room1=A%2CA\"rel=\"nofollow\">Der Peacock Country Inn <\/a><\/p>\n<p><a href=\"https:\/\/www.booking.com\/hotel\/gb\/best-western-kings-arms.en.html?aid=1320750&#038;no_rooms=1&#038;group_adults=2&#038;room1=A%2CA\"rel=\"nofollow\">Kings Hotel<\/a> <\/p>\n<p>Dorchester-on-Thames ist ein h\u00fcbsches Dorf auf dem Lande mit einer malerischen Hauptstra\u00dfe mit drei Gasth\u00e4usern aus dem 16. Jahrhundert, einem kleinen Gesch\u00e4ft und Teeh\u00e4usern. Das Dorf wurde f\u00fcr zahlreiche \u00d6rtlichkeiten in Inspektor Barnaby benutzt, und Sie k\u00f6nnen in einigen \u00fcbernachten; einschlie\u00dflich dem George Hotel, dem White Hart Hotel und dem Fleur de Lys.<\/p>\n<p><strong>Hier sind unsere Lieblingshotels in Dorchester-on-Thames:<\/strong><\/p>\n<p><a href=\"https:\/\/www.booking.com\/hotel\/gb\/thegeorgehotel123.en.html?aid=1320750&#038;no_rooms=1&#038;group_adults=2&#038;room1=A%2CA\"rel=\"nofollow\">The George Hotel<\/a><\/p>\n<p><a href=\"https:\/\/www.booking.com\/hotel\/gb\/thewhiteharthotel.en.html?aid=1320750&#038;no_rooms=1&#038;group_adults=2&#038;room1=A%2CA\"rel=\"nofollow\">White Hart Hotel<\/a><\/p>\n<p><a href=\"https:\/\/www.booking.com\/hotel\/gb\/fleurdelysinn.en.html?aid=1320750&#038;no_rooms=1&#038;group_adults=2&#038;room1=A%2CA\"rel=\"nofollow\">Fleur De Lys Inn<\/a> <\/p>\n<p><img loading=\"lazy\" class=\"aligncenter size-full wp-image-48130\" src=\"https:\/\/www.urlaubcornwall.de\/blog\/wp-content\/uploads\/2024\/03\/manoir-aux-quatre-saison_.jpg\" alt=\"manoir aux quatre saison_\" width=\"750\" height=\"498\" srcset=\"https:\/\/www.urlaubcornwall.de\/blog\/wp-content\/uploads\/2024\/03\/manoir-aux-quatre-saison_.jpg 750w, https:\/\/www.urlaubcornwall.de\/blog\/wp-content\/uploads\/2024\/03\/manoir-aux-quatre-saison_-300x199.jpg 300w\" sizes=\"(max-width: 750px) 100vw, 750px\" \/><\/p>\n<p>Gro\u00df- und Klein- Haseley wurden h\u00e4ufig als Orte f\u00fcr Inspektor Barnaby gebraucht. Fans der Serie werden den Plough Pub, die St Peters Kirche und die Dorfhalle wiedererkennen. Diese beiden D\u00f6rfer sind typisch f\u00fcr Barnaby, und mehrere der Cottages werden Sie als Zuhause der verschiedenen Charaktere der Serie wiedererkennen. Dies sind jedoch Privath\u00e4user; bitte respektieren Sie die Privatsph\u00e4re der Besitzer.<\/p>\n<p><strong>Hier sind unsere Lieblingshotels in Gro\u00df- und Klein- Haseley:<\/strong><\/p>\n<p><a href=\"https:\/\/www.booking.com\/hotel\/gb\/belmond-le-manoir-aux-quat-39-saisons.en.html?aid=1320750&#038;no_rooms=1&#038;group_adults=2&#038;room1=A%2CA\"rel=\"nofollow\">Belmond Le Manoir aux Quat\u2019 Saisons<\/a> <\/p>\n<p><a href=\"https:\/\/www.booking.com\/hotel\/gb\/crazy-bear-stadhampton.en.html?aid=1320750&#038;no_rooms=1&#038;group_adults=2&#038;room1=A%2CA\"rel=\"nofollow\">Crazy Bear Stadhampton<\/a> <\/p>\n<p>Das h\u00fcbsche Dorf Ewelme ist das erfundene Midsomerdorf Aspern Tallow. Die Wasserkressebetten und das Naturreservat kamen in etlichen Episoden vor, wie auch die Almshouses.<\/p>\n<p><strong>Hier sind unsere Lieblingshotels in Wallingford:<\/strong><\/p>\n<p><a href=\"https:\/\/www.booking.com\/hotel\/gb\/shillingfordbridgehotel.en.html?aid=1320750&#038;no_rooms=1&#038;group_adults=2&#038;room1=A%2CA\"rel=\"nofollow\">Shillingford Bridge Hotel<\/a><\/p>\n<p>Die am Fluss gelegene Siedlung Moulsford tauchte in Inspektor Barnaby auf, und Mapledurham House, ein herrschaftliches Haus am Ufer wurde als Drehort f\u00fcr den Pferdehof Bingham House benutzt.<\/p>\n<p><strong>Hier sind unsere Lieblingshotels in Streatley:<\/strong><\/p>\n<p><a href=\"https:\/\/www.booking.com\/hotel\/gb\/swan-at-streatley.en.html?aid=1320750&#038;no_rooms=1&#038;group_adults=2&#038;room1=A%2CA\"rel=\"nofollow\">Swan at Streatley<\/a><\/p>\n<p><img loading=\"lazy\" class=\"aligncenter size-full wp-image-39307\" src=\"https:\/\/www.urlaubcornwall.de\/blog\/wp-content\/uploads\/2020\/01\/Court-Farm-Barns.jpg\" alt=\"Court Farm Barns\" width=\"748\" height=\"439\"\/><\/p>\n<p>Warborough ist ein typisches Midsomerdorf mit einem Kricketpavillon, dem Dorfgr\u00fcn, h\u00fcbscher Kirche und einer Dorfkneipe, The Six Bells, die in zahlreichen Episoden von Inspektor Barnaby auftauchte.<\/p>\n<p><strong>Hier sind unsere Lieblingshotels in Warborough:<\/strong><\/p>\n<p><a href=\"https:\/\/www.booking.com\/hotel\/gb\/court-farm-barns.en.html?aid=1320750&#038;no_rooms=1&#038;group_adults=2&#038;room1=A%2CA\"rel=\"nofollow\">Court Farm Barns<\/a> <\/p>\n<p>Brightwell Baldwin ist eine charmante l\u00e4ndliche Siedlung, in wundersch\u00f6ner Landschaft gelegen. Die St Bartholom\u00e4us Kirche und die Dorfkneipe waren Drehorte f\u00fcr Inspector Barnaby.<\/p>\n<p><strong>Hier sind unsere Lieblingshotels in Brightwell Baldwin:<\/strong><\/p>\n<p><a href=\"https:\/\/www.booking.com\/hotel\/gb\/the-granary-cuxham-near-watlington.en.html?aid=1320750&#038;no_rooms=1&#038;group_adults=2&#038;room1=A%2CA\"rel=\"nofollow\">The Granary <\/a><\/p>\n<p>Lewknor ist ein kleines Dorf in den Chiltern Hills, und die Dorfschule (samt ihrer Sch\u00fcler) tauchte als Upper Warden Schule in Inspector Barnaby auf.<\/p>\n<p><strong>Hier sind unsere Lieblingshotels in Lewknor:<\/strong><\/p>\n<p><a href=\"https:\/\/www.booking.com\/hotel\/gb\/fox-country-inn-ibstone.en.html?aid=1320750&#038;no_rooms=1&#038;group_adults=2&#038;room1=A%2CA\"rel=\"nofollow\">Fox Country Inn <\/a><\/p>\n<p>Rotherfield Peppard und Rotherfield Greys sind D\u00f6rfer, die vielfach als Drehorte f\u00fcr Inspektor Barnaby benutzt wurden. Greys Court, das malerische, herrschaftliche Tudorhaus, das sich im Besitz des National Trust befindet, war \u00d6rtlichkeit des Br\u00fcder Roberts Kloster, und die Grundschule von Rotherfield Peppard tauchte als Badgers Drift Grundschule auf.<\/p>\n<p><strong>Hier sind unsere Lieblingshotels in Rotherfield Peppard:<\/strong><\/p>\n<p><a href=\"https:\/\/www.booking.com\/hotel\/gb\/badgemore-park.en.html?aid=1320750&#038;no_rooms=1&#038;group_adults=2&#038;room1=A%2CA\"rel=\"nofollow\">Badgemore Park <\/a><\/p>\n","protected":false},"excerpt":{"rendered":"<p>Unsere Lieblingshotels f\u00fcr Ihren Urlaub im Lande des Inspector Barnaby &#8211; Hotels, in denen Sie \u00fcbernachten k\u00f6nnen, w\u00e4hrend Sie den Spuren von Inspektor Barnaby folgen. Die Grafschaft Midsomer, Ort der Inspektor Barnaby Geschichten, mag erfunden sein, doch die tats\u00e4chlichen Drehorte sind echt. Die Landschaften von S\u00fcd-Oxfordshire und Buckinghamshire sind typisch englische Landschaften mit klassischen, malerischen [&hellip;]<\/p>\n","protected":false},"author":1,"featured_media":0,"parent":0,"menu_order":0,"comment_status":"closed","ping_status":"closed","template":"single-four.php","meta":[],"acf":[],"yoast_head":"<!-- This site is optimized with the Yoast SEO plugin v19.4 - https:\/\/yoast.com\/wordpress\/plugins\/seo\/ -->\n<title>Hotels im Lande des Inspector Barnaby - Urlaub &amp; Reisen<\/title>\n<meta name=\"robots\" content=\"index, follow, max-snippet:-1, max-image-preview:large, max-video-preview:-1\" \/>\n<link rel=\"canonical\" href=\"https:\/\/www.urlaubcornwall.de\/blog\/unsere-lieblingshotels-fuer-ihren-urlaub-im-lande-des-inspector-barnaby\/\" \/>\n<meta property=\"og:locale\" content=\"en_US\" \/>\n<meta property=\"og:type\" content=\"article\" \/>\n<meta property=\"og:title\" content=\"Hotels im Lande des Inspector Barnaby - Urlaub &amp; Reisen\" \/>\n<meta property=\"og:description\" content=\"Unsere Lieblingshotels f\u00fcr Ihren Urlaub im Lande des Inspector Barnaby &#8211; Hotels, in denen Sie \u00fcbernachten k\u00f6nnen, w\u00e4hrend Sie den Spuren von Inspektor Barnaby folgen. Die Grafschaft Midsomer, Ort der Inspektor Barnaby Geschichten, mag erfunden sein, doch die tats\u00e4chlichen Drehorte sind echt. Die Landschaften von S\u00fcd-Oxfordshire und Buckinghamshire sind typisch englische Landschaften mit klassischen, malerischen [&hellip;]\" \/>\n<meta property=\"og:url\" content=\"https:\/\/www.urlaubcornwall.de\/blog\/unsere-lieblingshotels-fuer-ihren-urlaub-im-lande-des-inspector-barnaby\/\" \/>\n<meta property=\"og:site_name\" content=\"Urlaub &amp; Reisen\" \/>\n<meta property=\"article:modified_time\" content=\"2024-04-03T12:24:48+00:00\" \/>\n<meta property=\"og:image\" content=\"https:\/\/www.urlaubcornwall.de\/blog\/wp-content\/uploads\/2015\/10\/cotswolds-urlaub.jpg\" \/>\n<meta name=\"twitter:card\" content=\"summary\" \/>\n<meta name=\"twitter:label1\" content=\"Est. reading time\" \/>\n\t<meta name=\"twitter:data1\" content=\"6 minutes\" \/>\n<script type=\"application\/ld+json\" class=\"yoast-schema-graph\">{\"@context\":\"https:\/\/schema.org\",\"@graph\":[{\"@type\":\"WebSite\",\"@id\":\"https:\/\/www.urlaubcornwall.de\/blog\/#website\",\"url\":\"https:\/\/www.urlaubcornwall.de\/blog\/\",\"name\":\"Urlaub &amp; Reisen\",\"description\":\"Urlaub, Reisen, Cornwall und S\u00fcdengland: eine perfekte Kombination\",\"potentialAction\":[{\"@type\":\"SearchAction\",\"target\":{\"@type\":\"EntryPoint\",\"urlTemplate\":\"https:\/\/www.urlaubcornwall.de\/blog\/?s={search_term_string}\"},\"query-input\":\"required name=search_term_string\"}],\"inLanguage\":\"en-US\"},{\"@type\":\"WebPage\",\"@id\":\"https:\/\/www.urlaubcornwall.de\/blog\/unsere-lieblingshotels-fuer-ihren-urlaub-im-lande-des-inspector-barnaby\/\",\"url\":\"https:\/\/www.urlaubcornwall.de\/blog\/unsere-lieblingshotels-fuer-ihren-urlaub-im-lande-des-inspector-barnaby\/\",\"name\":\"Hotels im Lande des Inspector Barnaby - Urlaub &amp; Reisen\",\"isPartOf\":{\"@id\":\"https:\/\/www.urlaubcornwall.de\/blog\/#website\"},\"datePublished\":\"2020-01-24T11:54:35+00:00\",\"dateModified\":\"2024-04-03T12:24:48+00:00\",\"breadcrumb\":{\"@id\":\"https:\/\/www.urlaubcornwall.de\/blog\/unsere-lieblingshotels-fuer-ihren-urlaub-im-lande-des-inspector-barnaby\/#breadcrumb\"},\"inLanguage\":\"en-US\",\"potentialAction\":[{\"@type\":\"ReadAction\",\"target\":[\"https:\/\/www.urlaubcornwall.de\/blog\/unsere-lieblingshotels-fuer-ihren-urlaub-im-lande-des-inspector-barnaby\/\"]}]},{\"@type\":\"BreadcrumbList\",\"@id\":\"https:\/\/www.urlaubcornwall.de\/blog\/unsere-lieblingshotels-fuer-ihren-urlaub-im-lande-des-inspector-barnaby\/#breadcrumb\",\"itemListElement\":[{\"@type\":\"ListItem\",\"position\":1,\"name\":\"Home\",\"item\":\"https:\/\/www.urlaubcornwall.de\/blog\/\"},{\"@type\":\"ListItem\",\"position\":2,\"name\":\"Hotels im Lande des Inspector Barnaby\"}]}]}<\/script>\n<!-- \/ Yoast SEO plugin. -->","yoast_head_json":{"title":"Hotels im Lande des Inspector Barnaby - Urlaub &amp; Reisen","robots":{"index":"index","follow":"follow","max-snippet":"max-snippet:-1","max-image-preview":"max-image-preview:large","max-video-preview":"max-video-preview:-1"},"canonical":"https:\/\/www.urlaubcornwall.de\/blog\/unsere-lieblingshotels-fuer-ihren-urlaub-im-lande-des-inspector-barnaby\/","og_locale":"en_US","og_type":"article","og_title":"Hotels im Lande des Inspector Barnaby - Urlaub &amp; Reisen","og_description":"Unsere Lieblingshotels f\u00fcr Ihren Urlaub im Lande des Inspector Barnaby &#8211; Hotels, in denen Sie \u00fcbernachten k\u00f6nnen, w\u00e4hrend Sie den Spuren von Inspektor Barnaby folgen. Die Grafschaft Midsomer, Ort der Inspektor Barnaby Geschichten, mag erfunden sein, doch die tats\u00e4chlichen Drehorte sind echt. Die Landschaften von S\u00fcd-Oxfordshire und Buckinghamshire sind typisch englische Landschaften mit klassischen, malerischen [&hellip;]","og_url":"https:\/\/www.urlaubcornwall.de\/blog\/unsere-lieblingshotels-fuer-ihren-urlaub-im-lande-des-inspector-barnaby\/","og_site_name":"Urlaub &amp; Reisen","article_modified_time":"2024-04-03T12:24:48+00:00","og_image":[{"url":"https:\/\/www.urlaubcornwall.de\/blog\/wp-content\/uploads\/2015\/10\/cotswolds-urlaub.jpg"}],"twitter_card":"summary","twitter_misc":{"Est. reading time":"6 minutes"},"schema":{"@context":"https:\/\/schema.org","@graph":[{"@type":"WebSite","@id":"https:\/\/www.urlaubcornwall.de\/blog\/#website","url":"https:\/\/www.urlaubcornwall.de\/blog\/","name":"Urlaub &amp; Reisen","description":"Urlaub, Reisen, Cornwall und S\u00fcdengland: eine perfekte Kombination","potentialAction":[{"@type":"SearchAction","target":{"@type":"EntryPoint","urlTemplate":"https:\/\/www.urlaubcornwall.de\/blog\/?s={search_term_string}"},"query-input":"required name=search_term_string"}],"inLanguage":"en-US"},{"@type":"WebPage","@id":"https:\/\/www.urlaubcornwall.de\/blog\/unsere-lieblingshotels-fuer-ihren-urlaub-im-lande-des-inspector-barnaby\/","url":"https:\/\/www.urlaubcornwall.de\/blog\/unsere-lieblingshotels-fuer-ihren-urlaub-im-lande-des-inspector-barnaby\/","name":"Hotels im Lande des Inspector Barnaby - Urlaub &amp; Reisen","isPartOf":{"@id":"https:\/\/www.urlaubcornwall.de\/blog\/#website"},"datePublished":"2020-01-24T11:54:35+00:00","dateModified":"2024-04-03T12:24:48+00:00","breadcrumb":{"@id":"https:\/\/www.urlaubcornwall.de\/blog\/unsere-lieblingshotels-fuer-ihren-urlaub-im-lande-des-inspector-barnaby\/#breadcrumb"},"inLanguage":"en-US","potentialAction":[{"@type":"ReadAction","target":["https:\/\/www.urlaubcornwall.de\/blog\/unsere-lieblingshotels-fuer-ihren-urlaub-im-lande-des-inspector-barnaby\/"]}]},{"@type":"BreadcrumbList","@id":"https:\/\/www.urlaubcornwall.de\/blog\/unsere-lieblingshotels-fuer-ihren-urlaub-im-lande-des-inspector-barnaby\/#breadcrumb","itemListElement":[{"@type":"ListItem","position":1,"name":"Home","item":"https:\/\/www.urlaubcornwall.de\/blog\/"},{"@type":"ListItem","position":2,"name":"Hotels im Lande des Inspector Barnaby"}]}]}},"_links":{"self":[{"href":"https:\/\/www.urlaubcornwall.de\/blog\/wp-json\/wp\/v2\/pages\/39299"}],"collection":[{"href":"https:\/\/www.urlaubcornwall.de\/blog\/wp-json\/wp\/v2\/pages"}],"about":[{"href":"https:\/\/www.urlaubcornwall.de\/blog\/wp-json\/wp\/v2\/types\/page"}],"author":[{"embeddable":true,"href":"https:\/\/www.urlaubcornwall.de\/blog\/wp-json\/wp\/v2\/users\/1"}],"replies":[{"embeddable":true,"href":"https:\/\/www.urlaubcornwall.de\/blog\/wp-json\/wp\/v2\/comments?post=39299"}],"version-history":[{"count":16,"href":"https:\/\/www.urlaubcornwall.de\/blog\/wp-json\/wp\/v2\/pages\/39299\/revisions"}],"predecessor-version":[{"id":48817,"href":"https:\/\/www.urlaubcornwall.de\/blog\/wp-json\/wp\/v2\/pages\/39299\/revisions\/48817"}],"wp:attachment":[{"href":"https:\/\/www.urlaubcornwall.de\/blog\/wp-json\/wp\/v2\/media?parent=39299"}],"curies":[{"name":"wp","href":"https:\/\/api.w.org\/{rel}","templated":true}]}}