{"id":39281,"date":"2020-01-13T11:10:31","date_gmt":"2020-01-13T11:10:31","guid":{"rendered":"https:\/\/www.urlaubcornwall.de\/blog\/?page_id=39281"},"modified":"2024-08-22T09:01:49","modified_gmt":"2024-08-22T09:01:49","slug":"reisen-kanalinseln-urlaub-auf-guernsey-8-tage","status":"publish","type":"page","link":"https:\/\/www.urlaubcornwall.de\/blog\/reisen-kanalinseln-urlaub-auf-guernsey-8-tage\/","title":{"rendered":"Reisen Kanalinseln : Traumurlaub in Guernsey"},"content":{"rendered":"<p>Gestalten Sie Ihren <a href=\"https:\/\/www.urlaubcornwall.de\/reiseziel\/kanalinseln\/\">Traumurlaub auf den Kanalinseln<\/a> nach eigenen W\u00fcnschen! <\/p>\n<p>Man sagt, <a href=\"https:\/\/www.urlaubcornwall.de\/reiseziel\/kanalinseln\/guernsey.php\">Guernsey<\/a> ist eine Insel f\u00fcr Romantiker und Individualisten. Die Inseloberfl\u00e4che f\u00e4llt von S\u00fcden nach Norden ab, weshalb Sie sich auf unterschiedliche K\u00fcstenlandschaften freuen d\u00fcrfen. Im S\u00fcden findet man durchweg Steilk\u00fcste mit malerischen Buchten, sehenswerten Felsformationen und gr\u00fcnen Steilh\u00e4ngen. Zwischen Nordosten und S\u00fcdwesten hingegen wird die K\u00fcste gr\u00f6\u00dftenteils flach mit langen Sandstr\u00e4nden und kleinen Sandbuchten. Die Ostk\u00fcste steigt s\u00fcdlich von St Peter Port an und ist landschaftlich \u00e4hnlich eindrucksvoll wie die S\u00fcdk\u00fcste. Im Vergleich zu Jersey kann man zusammenfassen, dass die Klippen etwas steiler, die Landschaft etwas herber und die Buchten etwas abgeschiedener sind. Da die zweitgr\u00f6\u00dfte Kanalinsel etwas tiefer im sch\u00fctzenden Golf von St. Malo liegt, sind die Temperaturen im Schnitt um 2 Grad niedriger als auf Jersey. Aus diesem Grund findet man zahlreiche Gew\u00e4chsh\u00e4user, die dem Pflanzenwachstum etwas auf die Spr\u00fcnge helfen sollen, und mittlerweile sogar als Markenzeichen der Insel gelten. Hat die Reiselust Sie schon gepackt? Falls nicht, haben wir ein paar H\u00f6hepunkte von Guernsey f\u00fcr Sie zusammengefasst. Sp\u00e4testens dann sollten wir Sie von einem Urlaub auf den Kanalinseln \u00fcberzeugt haben.<\/p>\n<p><strong>Victor Hugo Hauteville House<\/strong> &#8211; Das Hauteville House geh\u00f6rte einst dem Schriftstellers Victor Hugo, der einen Gro\u00dfteil seines Exils (1851-1870) hier verbrachte. Im Jahr 1927 spendeten Hugos Enkelkinder das Haus der Stadt Paris. Mittlerweile k\u00f6nnen Besucher das Haus im Rahmen einer F\u00fchrung besichtigen. Dabei bekommt man einen Einblick in die Wohnkultur des 19. Jahrhunderts und in das Leben des Victor Hugo, der das gesamte Haus innenarchitektonisch gestaltet hat.<\/p>\n<p><strong>Bluebell Woods<\/strong> &#8211; S\u00fcdlich vom Stadtzentrum St Peter Port liegt Bluebell Woods. Der Waldboden ist dort ab dem Fr\u00fchjahr von der ca 40cm hohen Waldhyazinthe, auch blaues Maigl\u00f6ckchen genannt, \u00fcbers\u00e4t. Ein wahrhaft m\u00e4rchenhaftes Bild, wenn die blauen Blumen zwischen den dicken Wurzeln und dem frisch knospendem Gr\u00fcn, herausragen. Unternehmen Sie einen Sparziergang und genie\u00dfen Sie den wundersch\u00f6nen Anblick.<\/p>\n<p><strong>Klippenwanderwege und Aussichtspunkte Le Gouffre, Icart Point &#038; Lihou<\/strong> &#8211; Der Klippenweg startet und endet in St Peter Port und f\u00fchrt innerhalb von vier Tagen einmal um die komplette Insel herum. Unterwegs darf man sich auf schroffe K\u00fcsten, versteckte Buchten und sch\u00f6ne Sandstr\u00e4nde freuen. Zudem s\u00e4umen historische Sehensw\u00fcrdigkeiten, eine vielf\u00e4ltige Bl\u00fctenpracht und eine artenreiche Vogelwelt den Weg. <\/p>\n<p><strong>Candie Gardens<\/strong> &#8211; Candie Gardens in Saint Peter Port z\u00e4hlt zu den sch\u00f6nsten G\u00e4rten im viktorianischen Stil. Ende des 19. Jahrhunderts wurde der Garten aufw\u00e4ndig restauriert und seither mehrfach ausgezeichnet.<\/p>\n<p><strong>Castel<\/strong> &#8211; Die Gemeinde Castel punktet vor allem mit feinen, flach abfallenden Sandstr\u00e4nden und kristallklarem Wasser am Cobo Beach. Die Ecke ist sowohl bei Touristen als auch bei Einheimischen sehr beliebt und zweifellos als Badeparadies bekannt.<\/p>\n<p><strong>St Martin<\/strong> &#8211; Im S\u00fcdosten der Insel liegt St Martin. Der Ort bietet mit ihren wundersch\u00f6nen Buchten, Klippen und Landzungen einen der sch\u00f6nsten K\u00fcstenabschnitte der Insel. Im h\u00fcbschen Ort selbst lohnt ein Besuch des kleinen Herrenhauses und ein Spaziergang durch die malerischen Stra\u00dfen in Richtung Icar Point. In St Martin f\u00fchrt auch der Klippenweg vorbei.<\/p>\n","protected":false},"excerpt":{"rendered":"<p>Gestalten Sie Ihren Traumurlaub auf den Kanalinseln nach eigenen W\u00fcnschen! Man sagt, Guernsey ist eine Insel f\u00fcr Romantiker und Individualisten. Die Inseloberfl\u00e4che f\u00e4llt von S\u00fcden nach Norden ab, weshalb Sie sich auf unterschiedliche K\u00fcstenlandschaften freuen d\u00fcrfen. Im S\u00fcden findet man durchweg Steilk\u00fcste mit malerischen Buchten, sehenswerten Felsformationen und gr\u00fcnen Steilh\u00e4ngen. Zwischen Nordosten und S\u00fcdwesten hingegen [&hellip;]<\/p>\n","protected":false},"author":1,"featured_media":0,"parent":0,"menu_order":0,"comment_status":"closed","ping_status":"closed","template":"page-products.php","meta":{"_bos_mb_destination":[""]},"acf":[],"yoast_head":"<!-- This site is optimized with the Yoast SEO plugin v19.4 - https:\/\/yoast.com\/wordpress\/plugins\/seo\/ -->\n<title>Reisen Kanalinseln : Traumurlaub in Guernsey - Urlaub &amp; Reisen<\/title>\n<meta name=\"description\" content=\"Gestalten Sie Ihren Traumurlaub auf den Kanalinseln nach eigenen W\u00fcnschen! Man sagt, Guernsey ist eine Insel f\u00fcr Romantiker\" \/>\n<meta name=\"robots\" content=\"index, follow, max-snippet:-1, max-image-preview:large, max-video-preview:-1\" \/>\n<link rel=\"canonical\" href=\"https:\/\/www.urlaubcornwall.de\/blog\/reisen-kanalinseln-urlaub-auf-guernsey-8-tage\/\" \/>\n<meta property=\"og:locale\" content=\"en_US\" \/>\n<meta property=\"og:type\" content=\"article\" \/>\n<meta property=\"og:title\" content=\"Reisen Kanalinseln : Traumurlaub in Guernsey - Urlaub &amp; Reisen\" \/>\n<meta property=\"og:description\" content=\"Gestalten Sie Ihren Traumurlaub auf den Kanalinseln nach eigenen W\u00fcnschen! Man sagt, Guernsey ist eine Insel f\u00fcr Romantiker\" \/>\n<meta property=\"og:url\" content=\"https:\/\/www.urlaubcornwall.de\/blog\/reisen-kanalinseln-urlaub-auf-guernsey-8-tage\/\" \/>\n<meta property=\"og:site_name\" content=\"Urlaub &amp; Reisen\" \/>\n<meta property=\"article:modified_time\" content=\"2024-08-22T09:01:49+00:00\" \/>\n<meta name=\"twitter:card\" content=\"summary\" \/>\n<meta name=\"twitter:label1\" content=\"Est. reading time\" \/>\n\t<meta name=\"twitter:data1\" content=\"3 minutes\" \/>\n<script type=\"application\/ld+json\" class=\"yoast-schema-graph\">{\"@context\":\"https:\/\/schema.org\",\"@graph\":[{\"@type\":\"WebSite\",\"@id\":\"https:\/\/www.urlaubcornwall.de\/blog\/#website\",\"url\":\"https:\/\/www.urlaubcornwall.de\/blog\/\",\"name\":\"Urlaub &amp; Reisen\",\"description\":\"Urlaub, Reisen, Cornwall und S\u00fcdengland: eine perfekte Kombination\",\"potentialAction\":[{\"@type\":\"SearchAction\",\"target\":{\"@type\":\"EntryPoint\",\"urlTemplate\":\"https:\/\/www.urlaubcornwall.de\/blog\/?s={search_term_string}\"},\"query-input\":\"required name=search_term_string\"}],\"inLanguage\":\"en-US\"},{\"@type\":\"WebPage\",\"@id\":\"https:\/\/www.urlaubcornwall.de\/blog\/reisen-kanalinseln-urlaub-auf-guernsey-8-tage\/\",\"url\":\"https:\/\/www.urlaubcornwall.de\/blog\/reisen-kanalinseln-urlaub-auf-guernsey-8-tage\/\",\"name\":\"Reisen Kanalinseln : Traumurlaub in Guernsey - Urlaub &amp; Reisen\",\"isPartOf\":{\"@id\":\"https:\/\/www.urlaubcornwall.de\/blog\/#website\"},\"datePublished\":\"2020-01-13T11:10:31+00:00\",\"dateModified\":\"2024-08-22T09:01:49+00:00\",\"description\":\"Gestalten Sie Ihren Traumurlaub auf den Kanalinseln nach eigenen W\u00fcnschen! Man sagt, Guernsey ist eine Insel f\u00fcr Romantiker\",\"breadcrumb\":{\"@id\":\"https:\/\/www.urlaubcornwall.de\/blog\/reisen-kanalinseln-urlaub-auf-guernsey-8-tage\/#breadcrumb\"},\"inLanguage\":\"en-US\",\"potentialAction\":[{\"@type\":\"ReadAction\",\"target\":[\"https:\/\/www.urlaubcornwall.de\/blog\/reisen-kanalinseln-urlaub-auf-guernsey-8-tage\/\"]}]},{\"@type\":\"BreadcrumbList\",\"@id\":\"https:\/\/www.urlaubcornwall.de\/blog\/reisen-kanalinseln-urlaub-auf-guernsey-8-tage\/#breadcrumb\",\"itemListElement\":[{\"@type\":\"ListItem\",\"position\":1,\"name\":\"Home\",\"item\":\"https:\/\/www.urlaubcornwall.de\/blog\/\"},{\"@type\":\"ListItem\",\"position\":2,\"name\":\"Reisen Kanalinseln : Traumurlaub in Guernsey\"}]}]}<\/script>\n<!-- \/ Yoast SEO plugin. -->","yoast_head_json":{"title":"Reisen Kanalinseln : Traumurlaub in Guernsey - Urlaub &amp; Reisen","description":"Gestalten Sie Ihren Traumurlaub auf den Kanalinseln nach eigenen W\u00fcnschen! Man sagt, Guernsey ist eine Insel f\u00fcr Romantiker","robots":{"index":"index","follow":"follow","max-snippet":"max-snippet:-1","max-image-preview":"max-image-preview:large","max-video-preview":"max-video-preview:-1"},"canonical":"https:\/\/www.urlaubcornwall.de\/blog\/reisen-kanalinseln-urlaub-auf-guernsey-8-tage\/","og_locale":"en_US","og_type":"article","og_title":"Reisen Kanalinseln : Traumurlaub in Guernsey - Urlaub &amp; Reisen","og_description":"Gestalten Sie Ihren Traumurlaub auf den Kanalinseln nach eigenen W\u00fcnschen! Man sagt, Guernsey ist eine Insel f\u00fcr Romantiker","og_url":"https:\/\/www.urlaubcornwall.de\/blog\/reisen-kanalinseln-urlaub-auf-guernsey-8-tage\/","og_site_name":"Urlaub &amp; Reisen","article_modified_time":"2024-08-22T09:01:49+00:00","twitter_card":"summary","twitter_misc":{"Est. reading time":"3 minutes"},"schema":{"@context":"https:\/\/schema.org","@graph":[{"@type":"WebSite","@id":"https:\/\/www.urlaubcornwall.de\/blog\/#website","url":"https:\/\/www.urlaubcornwall.de\/blog\/","name":"Urlaub &amp; Reisen","description":"Urlaub, Reisen, Cornwall und S\u00fcdengland: eine perfekte Kombination","potentialAction":[{"@type":"SearchAction","target":{"@type":"EntryPoint","urlTemplate":"https:\/\/www.urlaubcornwall.de\/blog\/?s={search_term_string}"},"query-input":"required name=search_term_string"}],"inLanguage":"en-US"},{"@type":"WebPage","@id":"https:\/\/www.urlaubcornwall.de\/blog\/reisen-kanalinseln-urlaub-auf-guernsey-8-tage\/","url":"https:\/\/www.urlaubcornwall.de\/blog\/reisen-kanalinseln-urlaub-auf-guernsey-8-tage\/","name":"Reisen Kanalinseln : Traumurlaub in Guernsey - Urlaub &amp; Reisen","isPartOf":{"@id":"https:\/\/www.urlaubcornwall.de\/blog\/#website"},"datePublished":"2020-01-13T11:10:31+00:00","dateModified":"2024-08-22T09:01:49+00:00","description":"Gestalten Sie Ihren Traumurlaub auf den Kanalinseln nach eigenen W\u00fcnschen! Man sagt, Guernsey ist eine Insel f\u00fcr Romantiker","breadcrumb":{"@id":"https:\/\/www.urlaubcornwall.de\/blog\/reisen-kanalinseln-urlaub-auf-guernsey-8-tage\/#breadcrumb"},"inLanguage":"en-US","potentialAction":[{"@type":"ReadAction","target":["https:\/\/www.urlaubcornwall.de\/blog\/reisen-kanalinseln-urlaub-auf-guernsey-8-tage\/"]}]},{"@type":"BreadcrumbList","@id":"https:\/\/www.urlaubcornwall.de\/blog\/reisen-kanalinseln-urlaub-auf-guernsey-8-tage\/#breadcrumb","itemListElement":[{"@type":"ListItem","position":1,"name":"Home","item":"https:\/\/www.urlaubcornwall.de\/blog\/"},{"@type":"ListItem","position":2,"name":"Reisen Kanalinseln : Traumurlaub in Guernsey"}]}]}},"_links":{"self":[{"href":"https:\/\/www.urlaubcornwall.de\/blog\/wp-json\/wp\/v2\/pages\/39281"}],"collection":[{"href":"https:\/\/www.urlaubcornwall.de\/blog\/wp-json\/wp\/v2\/pages"}],"about":[{"href":"https:\/\/www.urlaubcornwall.de\/blog\/wp-json\/wp\/v2\/types\/page"}],"author":[{"embeddable":true,"href":"https:\/\/www.urlaubcornwall.de\/blog\/wp-json\/wp\/v2\/users\/1"}],"replies":[{"embeddable":true,"href":"https:\/\/www.urlaubcornwall.de\/blog\/wp-json\/wp\/v2\/comments?post=39281"}],"version-history":[{"count":19,"href":"https:\/\/www.urlaubcornwall.de\/blog\/wp-json\/wp\/v2\/pages\/39281\/revisions"}],"predecessor-version":[{"id":51524,"href":"https:\/\/www.urlaubcornwall.de\/blog\/wp-json\/wp\/v2\/pages\/39281\/revisions\/51524"}],"wp:attachment":[{"href":"https:\/\/www.urlaubcornwall.de\/blog\/wp-json\/wp\/v2\/media?parent=39281"}],"curies":[{"name":"wp","href":"https:\/\/api.w.org\/{rel}","templated":true}]}}