{"id":39279,"date":"2020-01-13T10:54:49","date_gmt":"2020-01-13T10:54:49","guid":{"rendered":"https:\/\/www.urlaubcornwall.de\/blog\/?page_id=39279"},"modified":"2024-08-21T12:58:55","modified_gmt":"2024-08-21T12:58:55","slug":"traumurlaub-auf-den-kanalinseln-jersey-8-tage","status":"publish","type":"page","link":"https:\/\/www.urlaubcornwall.de\/blog\/traumurlaub-auf-den-kanalinseln-jersey-8-tage\/","title":{"rendered":"Traumurlaub auf den Kanalinseln &#8211; Insel Jersey"},"content":{"rendered":"<p>Wie stellen Sie sich eine Trauminsel vor? Sch\u00f6ne Str\u00e4nde, malerische Buchten, kulturelle Highlights, gute K\u00fcche und eine artenreiche Flora? Dann sind Sie auf den <a href=\"https:\/\/www.urlaubcornwall.de\/reiseziel\/kanalinseln\/\">Kanalinseln<\/a> bestens aufgehoben. Um die Vorfreude etwas anzusch\u00fcren, haben wir ein paar H\u00f6hepunkte von <a href=\"https:\/\/www.urlaubcornwall.de\/reiseziel\/kanalinseln\/jersey.php\">Jersey<\/a> f\u00fcr Sie zusammengefasst.<\/p>\n<p><strong>Mont Orgueil Castle &#038; Gorey<\/strong> &#8211; Auf einer Anh\u00f6he \u00fcber dem Hafen von Gorey erhebt sich die majest\u00e4tische Festung Mont Orgueil. Jerseys \u00e4lteste Burg wurde gegen 1200 gebaut, um die Insel gegen Angriffe aus Frankreich zu sch\u00fctzen. Erkunden Sie die Burg am besten bei einem gef\u00fchrten Rundgang. Anschlie\u00dfend l\u00e4dt die malerische Ortschaft Gorey zum verweilen ein. Sie werden schnell merken, dass der alte Fischerort eine der sch\u00f6nsten Siedlungen der Inseln ist. Die H\u00e4user am Hafen und die Burganlage mit Hintergrund sind ein beliebtes Fotomotiv \u2013 und das zu Recht.<\/p>\n<p><strong>St Helier <\/strong>&#8211; Die Hafenstadt St Helier liegt im S\u00fcden der Insel, an der Ostseite der langgezogenen St Aubin`s Bay, und gl\u00e4nzt mit einer lebendigen Fu\u00dfg\u00e4ngerzone, ansprechenden Pl\u00e4tzen, zahlreiche Einkaufsm\u00f6glichkeiten, h\u00fcbschen H\u00e4userfassaden und guten Restaurants. Da die meisten Sehensw\u00fcrdigkeiten (z.B. Maritime Museum, Central Market) um den Liberation Square herum liegen, kann man die kompakte Stadt an einem Tag erkunden.<\/p>\n<p><strong>St Ouen`s Bay &#038; Les Mielles Nature Reserve<\/strong> &#8211; In St Ouen gibt es einiges zu entdecken: kilometerlange Sandstr\u00e4nde, D\u00fcnen, entz\u00fcckende kleine Buchten, eine alte Burgruine und einer der sch\u00f6nsten G\u00e4rten der Insel. Ein Teil des D\u00fcnengebiets Les Mielles wurde vom National Trust erworben und unter Naturschutz gestellt. Mittlerweile findet man dort \u00fcber 400 Pflanzenarten unter anderem auch die Jersey Orchidee. Im Norden von Les Mielles gibt es sogar Picknickpl\u00e4tze. Im Judith Queree\u2019s Garden, einer der sch\u00f6nsten G\u00e4rten der Insel, finden Sie eine gro\u00dfe Vielfalt an Pflanzenarten und einen sehenswerten Sumpfgarten.<\/p>\n<p><strong><a href=\"https:\/\/www.urlaubcornwall.de\/blog\/urlaub-kanalinseln-jersey-mit-dem-rad\/\">Radfahren auf Jersey<\/a><\/strong> &#8211; Auf Jersey gibt es viele ausgeschilderte Fahrradwege. Auf den sogenannten \u201eGreen Lanes\u201c haben Fu\u00dfg\u00e4nger, Radler und Reiter Vorrang vor dem Stra\u00dfenverkehr (45 km\/h betr\u00e4gt hier die H\u00f6chstgeschwindigkeit). Sehr zu empfehlen ist der \u201eJersey Fahrrad Guide\u201c \u2013 w\u00e4hlen Sie die geeignete Tour aus und laden Sie sich diese ganz einfach herunter. Die Insel bietet verschiedene Route zu Str\u00e4nden, durchs Inselinnere, zu Attraktionen und Sehensw\u00fcrdigkeiten. Wer Kartenmaterial zum Anfassen bevorzugt, ist im Touristb\u00fcro bestens aufgehoben.<\/p>\n","protected":false},"excerpt":{"rendered":"<p>Wie stellen Sie sich eine Trauminsel vor? Sch\u00f6ne Str\u00e4nde, malerische Buchten, kulturelle Highlights, gute K\u00fcche und eine artenreiche Flora? Dann sind Sie auf den Kanalinseln bestens aufgehoben. Um die Vorfreude etwas anzusch\u00fcren, haben wir ein paar H\u00f6hepunkte von Jersey f\u00fcr Sie zusammengefasst. Mont Orgueil Castle &#038; Gorey &#8211; Auf einer Anh\u00f6he \u00fcber dem Hafen von [&hellip;]<\/p>\n","protected":false},"author":1,"featured_media":0,"parent":0,"menu_order":0,"comment_status":"closed","ping_status":"closed","template":"page-products.php","meta":[],"acf":[],"yoast_head":"<!-- This site is optimized with the Yoast SEO plugin v19.4 - https:\/\/yoast.com\/wordpress\/plugins\/seo\/ -->\n<title>Traumurlaub auf den Kanalinseln - Insel Jersey - Urlaub &amp; Reisen<\/title>\n<meta name=\"description\" content=\"Wie stellen Sie sich eine Trauminsel vor? Sch\u00f6ne Str\u00e4nde, malerische Buchten, kulturelle Highlights, gute K\u00fcche und eine artenreiche Flora?\" \/>\n<meta name=\"robots\" content=\"index, follow, max-snippet:-1, max-image-preview:large, max-video-preview:-1\" \/>\n<link rel=\"canonical\" href=\"https:\/\/www.urlaubcornwall.de\/blog\/traumurlaub-auf-den-kanalinseln-jersey-8-tage\/\" \/>\n<meta property=\"og:locale\" content=\"en_US\" \/>\n<meta property=\"og:type\" content=\"article\" \/>\n<meta property=\"og:title\" content=\"Traumurlaub auf den Kanalinseln - Insel Jersey - Urlaub &amp; Reisen\" \/>\n<meta property=\"og:description\" content=\"Wie stellen Sie sich eine Trauminsel vor? Sch\u00f6ne Str\u00e4nde, malerische Buchten, kulturelle Highlights, gute K\u00fcche und eine artenreiche Flora?\" \/>\n<meta property=\"og:url\" content=\"https:\/\/www.urlaubcornwall.de\/blog\/traumurlaub-auf-den-kanalinseln-jersey-8-tage\/\" \/>\n<meta property=\"og:site_name\" content=\"Urlaub &amp; Reisen\" \/>\n<meta property=\"article:modified_time\" content=\"2024-08-21T12:58:55+00:00\" \/>\n<meta name=\"twitter:card\" content=\"summary\" \/>\n<meta name=\"twitter:label1\" content=\"Est. reading time\" \/>\n\t<meta name=\"twitter:data1\" content=\"2 minutes\" \/>\n<script type=\"application\/ld+json\" class=\"yoast-schema-graph\">{\"@context\":\"https:\/\/schema.org\",\"@graph\":[{\"@type\":\"WebSite\",\"@id\":\"https:\/\/www.urlaubcornwall.de\/blog\/#website\",\"url\":\"https:\/\/www.urlaubcornwall.de\/blog\/\",\"name\":\"Urlaub &amp; Reisen\",\"description\":\"Urlaub, Reisen, Cornwall und S\u00fcdengland: eine perfekte Kombination\",\"potentialAction\":[{\"@type\":\"SearchAction\",\"target\":{\"@type\":\"EntryPoint\",\"urlTemplate\":\"https:\/\/www.urlaubcornwall.de\/blog\/?s={search_term_string}\"},\"query-input\":\"required name=search_term_string\"}],\"inLanguage\":\"en-US\"},{\"@type\":\"WebPage\",\"@id\":\"https:\/\/www.urlaubcornwall.de\/blog\/traumurlaub-auf-den-kanalinseln-jersey-8-tage\/\",\"url\":\"https:\/\/www.urlaubcornwall.de\/blog\/traumurlaub-auf-den-kanalinseln-jersey-8-tage\/\",\"name\":\"Traumurlaub auf den Kanalinseln - Insel Jersey - Urlaub &amp; Reisen\",\"isPartOf\":{\"@id\":\"https:\/\/www.urlaubcornwall.de\/blog\/#website\"},\"datePublished\":\"2020-01-13T10:54:49+00:00\",\"dateModified\":\"2024-08-21T12:58:55+00:00\",\"description\":\"Wie stellen Sie sich eine Trauminsel vor? Sch\u00f6ne Str\u00e4nde, malerische Buchten, kulturelle Highlights, gute K\u00fcche und eine artenreiche Flora?\",\"breadcrumb\":{\"@id\":\"https:\/\/www.urlaubcornwall.de\/blog\/traumurlaub-auf-den-kanalinseln-jersey-8-tage\/#breadcrumb\"},\"inLanguage\":\"en-US\",\"potentialAction\":[{\"@type\":\"ReadAction\",\"target\":[\"https:\/\/www.urlaubcornwall.de\/blog\/traumurlaub-auf-den-kanalinseln-jersey-8-tage\/\"]}]},{\"@type\":\"BreadcrumbList\",\"@id\":\"https:\/\/www.urlaubcornwall.de\/blog\/traumurlaub-auf-den-kanalinseln-jersey-8-tage\/#breadcrumb\",\"itemListElement\":[{\"@type\":\"ListItem\",\"position\":1,\"name\":\"Home\",\"item\":\"https:\/\/www.urlaubcornwall.de\/blog\/\"},{\"@type\":\"ListItem\",\"position\":2,\"name\":\"Traumurlaub auf den Kanalinseln &#8211; Insel Jersey\"}]}]}<\/script>\n<!-- \/ Yoast SEO plugin. -->","yoast_head_json":{"title":"Traumurlaub auf den Kanalinseln - Insel Jersey - Urlaub &amp; Reisen","description":"Wie stellen Sie sich eine Trauminsel vor? Sch\u00f6ne Str\u00e4nde, malerische Buchten, kulturelle Highlights, gute K\u00fcche und eine artenreiche Flora?","robots":{"index":"index","follow":"follow","max-snippet":"max-snippet:-1","max-image-preview":"max-image-preview:large","max-video-preview":"max-video-preview:-1"},"canonical":"https:\/\/www.urlaubcornwall.de\/blog\/traumurlaub-auf-den-kanalinseln-jersey-8-tage\/","og_locale":"en_US","og_type":"article","og_title":"Traumurlaub auf den Kanalinseln - Insel Jersey - Urlaub &amp; Reisen","og_description":"Wie stellen Sie sich eine Trauminsel vor? Sch\u00f6ne Str\u00e4nde, malerische Buchten, kulturelle Highlights, gute K\u00fcche und eine artenreiche Flora?","og_url":"https:\/\/www.urlaubcornwall.de\/blog\/traumurlaub-auf-den-kanalinseln-jersey-8-tage\/","og_site_name":"Urlaub &amp; Reisen","article_modified_time":"2024-08-21T12:58:55+00:00","twitter_card":"summary","twitter_misc":{"Est. reading time":"2 minutes"},"schema":{"@context":"https:\/\/schema.org","@graph":[{"@type":"WebSite","@id":"https:\/\/www.urlaubcornwall.de\/blog\/#website","url":"https:\/\/www.urlaubcornwall.de\/blog\/","name":"Urlaub &amp; Reisen","description":"Urlaub, Reisen, Cornwall und S\u00fcdengland: eine perfekte Kombination","potentialAction":[{"@type":"SearchAction","target":{"@type":"EntryPoint","urlTemplate":"https:\/\/www.urlaubcornwall.de\/blog\/?s={search_term_string}"},"query-input":"required name=search_term_string"}],"inLanguage":"en-US"},{"@type":"WebPage","@id":"https:\/\/www.urlaubcornwall.de\/blog\/traumurlaub-auf-den-kanalinseln-jersey-8-tage\/","url":"https:\/\/www.urlaubcornwall.de\/blog\/traumurlaub-auf-den-kanalinseln-jersey-8-tage\/","name":"Traumurlaub auf den Kanalinseln - Insel Jersey - Urlaub &amp; Reisen","isPartOf":{"@id":"https:\/\/www.urlaubcornwall.de\/blog\/#website"},"datePublished":"2020-01-13T10:54:49+00:00","dateModified":"2024-08-21T12:58:55+00:00","description":"Wie stellen Sie sich eine Trauminsel vor? Sch\u00f6ne Str\u00e4nde, malerische Buchten, kulturelle Highlights, gute K\u00fcche und eine artenreiche Flora?","breadcrumb":{"@id":"https:\/\/www.urlaubcornwall.de\/blog\/traumurlaub-auf-den-kanalinseln-jersey-8-tage\/#breadcrumb"},"inLanguage":"en-US","potentialAction":[{"@type":"ReadAction","target":["https:\/\/www.urlaubcornwall.de\/blog\/traumurlaub-auf-den-kanalinseln-jersey-8-tage\/"]}]},{"@type":"BreadcrumbList","@id":"https:\/\/www.urlaubcornwall.de\/blog\/traumurlaub-auf-den-kanalinseln-jersey-8-tage\/#breadcrumb","itemListElement":[{"@type":"ListItem","position":1,"name":"Home","item":"https:\/\/www.urlaubcornwall.de\/blog\/"},{"@type":"ListItem","position":2,"name":"Traumurlaub auf den Kanalinseln &#8211; Insel Jersey"}]}]}},"_links":{"self":[{"href":"https:\/\/www.urlaubcornwall.de\/blog\/wp-json\/wp\/v2\/pages\/39279"}],"collection":[{"href":"https:\/\/www.urlaubcornwall.de\/blog\/wp-json\/wp\/v2\/pages"}],"about":[{"href":"https:\/\/www.urlaubcornwall.de\/blog\/wp-json\/wp\/v2\/types\/page"}],"author":[{"embeddable":true,"href":"https:\/\/www.urlaubcornwall.de\/blog\/wp-json\/wp\/v2\/users\/1"}],"replies":[{"embeddable":true,"href":"https:\/\/www.urlaubcornwall.de\/blog\/wp-json\/wp\/v2\/comments?post=39279"}],"version-history":[{"count":11,"href":"https:\/\/www.urlaubcornwall.de\/blog\/wp-json\/wp\/v2\/pages\/39279\/revisions"}],"predecessor-version":[{"id":51509,"href":"https:\/\/www.urlaubcornwall.de\/blog\/wp-json\/wp\/v2\/pages\/39279\/revisions\/51509"}],"wp:attachment":[{"href":"https:\/\/www.urlaubcornwall.de\/blog\/wp-json\/wp\/v2\/media?parent=39279"}],"curies":[{"name":"wp","href":"https:\/\/api.w.org\/{rel}","templated":true}]}}