{"id":39232,"date":"2019-12-08T11:33:54","date_gmt":"2019-12-08T11:33:54","guid":{"rendered":"https:\/\/www.urlaubcornwall.de\/blog\/?page_id=39232"},"modified":"2020-06-12T09:50:33","modified_gmt":"2020-06-12T09:50:33","slug":"brading-ein-wahrhaft-geschichtstraechtiger-ort-auf-der-isle-of-wight","status":"publish","type":"page","link":"https:\/\/www.urlaubcornwall.de\/blog\/brading-ein-wahrhaft-geschichtstraechtiger-ort-auf-der-isle-of-wight\/","title":{"rendered":"Urlaub in Brading \u2013 ein wahrhaft geschichtstr\u00e4chtiger Ort auf der Isle of Wight"},"content":{"rendered":"<p><img loading=\"lazy\" class=\"aligncenter size-full wp-image-31870\" src=\"https:\/\/www.urlaubcornwall.de\/blog\/wp-content\/uploads\/2018\/01\/bembridge-hafen-isle-of-wight.jpg\" alt=\"bembridge-hafen-isle of wight\" width=\"749\" height=\"420\"\/><\/p>\n<p>Brading hat eine alte r\u00f6mische Villa, und Anzeichen pr\u00e4historischer Aktivit\u00e4t wurden aufgefunden. Steigen Sie den Brading Down hinauf, um einen bemerkenswerten Blick \u00fcber die Insel und dar\u00fcber hinaus zu erhaschen. <\/p>\n<p>Brading ist ein kleines Dorf inlands auf der Ostseite der <a href=\"https:\/\/www.urlaubcornwall.de\/reiseziel\/isle-of-wight.php\">Isle of Wight<\/a>. Es ist ein h\u00fcbscher Ort mit einem Kr\u00e4merladen, ein paar Kneipen, wo Sie Rast machen k\u00f6nnen, um etwas zu essen, sowie einige Wanderrouten, die aus dem Dorf hinausf\u00fchren. Die r\u00f6mische Villa in Brading ist eine faszinierende historische St\u00e4tte, die es zu erkunden gilt, zudem \u00fcberdacht und daher eine perfekte Regenwetter-Aktivit\u00e4t f\u00fcr Familien oder Paare.<\/p>\n<p>Es gibt jede Menge zu tun, indem Sie das historische Erbe dieses Inselteils entdecken. Wenn <a href=\"https:\/\/www.urlaubcornwall.de\/blog\/unsere-urlaubstipps-und-inspiration-fuer-die-isle-of-wight\/\">Geschichte zu Ihren Hauptinteressen<\/a> z\u00e4hlt, so hat die Insel jede Menge zu bieten: Burg Carisbrooke, sowie eine weitere r\u00f6mische Villa in Newport, das Sommerhaus von K\u00f6nigin Victoria, das Osborne House, befindet sich in Ost-Cowes, und zahlreiche Festungen sind an der S\u00fcdk\u00fcste entlang verstreut. <\/p>\n<div class=\"snippet\"> <a class=\"featured-item\" href=\" https:\/\/www.urlaubcornwall.de\/ferienhaeuser-fewos\/isle-of-wight.html\"> <span class=\"image-holder\" style=\"background-image: url('https:\/\/www.urlaubcornwall.de\/blog\/wp-content\/uploads\/2018\/11\/landhaus-cornwall-1.jpg');\"><\/span> <span class=\"featured-content\"> \n<h2 class=\"featured-title\">Ferienh\u00e4user auf der Isle of Wight am Meer<\/h2>\n<p class=\"featured-body\">Bei uns finden Sie Ferienh\u00e4user zum Verlieben &#8211; so einfach ist das! Hier finden sie 150 pers\u00f6nlich inspizierten Ferienh\u00e4user &#038; Ferienwohnungen f\u00fcr Ihren Urlaub in Isle of Wight&#8230;..<\/p>\n<\/span> <span class=\"featured-link-holder\"> <span class=\"featured-extra-info\"> \n<p> F\u00fcr Paare, Familien &#038; Gruppen<\/p>\n<\/span> \n<p class=\"featured-link\">DETAILS<\/p>\n<\/span> <\/a><\/div>\n<p>Einen Steinwurf von Brading entfernt, finden Sie die h\u00fcbschen D\u00f6rfer <a href=\"https:\/\/www.urlaubcornwall.de\/ferienhaeuser-fewos\/eng\/isle-of-wight\/seaview.html\">Seaview<\/a>, St Helens und Bembridge. Weiter s\u00fcdlich befinden sich die goldenen Sandstr\u00e4nde und Promenaden von <a href=\"https:\/\/www.urlaubcornwall.de\/ferienhaeuser-fewos\/eng\/isle-of-wight\/ventnor.html\">Ventnor<\/a>, Sandown und <a href=\"https:\/\/www.urlaubcornwall.de\/ferienhaeuser-fewos\/eng\/isle-of-wight\/shanklin.html\">Shanklin<\/a>. Brading eignet sich hervorragend, um die Ost-Wight zu erkunden; doch dies bedeutet nicht, dass die Needles und die dramatischen K\u00fcsten der Freshwater Bay und Brook unerreichbar sind. Machen Sie das Beste aus Ihrem Besuch und unternehmen Sie eine Fahrt in den wilden Westen der Insel.<\/p>\n<p>F\u00fchlen Sie sich inspiriert? Schauen Sie sich doch <a href=\"https:\/\/www.urlaubcornwall.de\/ferienhaeuser-fewos\/eng\/isle-of-wight\/isle-of-wight.html\">unsere exklusive Sammlung an Cottages auf der Isle of Wight<\/a> an.<\/p>\n","protected":false},"excerpt":{"rendered":"<p>Brading hat eine alte r\u00f6mische Villa, und Anzeichen pr\u00e4historischer Aktivit\u00e4t wurden aufgefunden. Steigen Sie den Brading Down hinauf, um einen bemerkenswerten Blick \u00fcber die Insel und dar\u00fcber hinaus zu erhaschen. Brading ist ein kleines Dorf inlands auf der Ostseite der Isle of Wight. Es ist ein h\u00fcbscher Ort mit einem Kr\u00e4merladen, ein paar Kneipen, wo [&hellip;]<\/p>\n","protected":false},"author":1,"featured_media":0,"parent":0,"menu_order":0,"comment_status":"closed","ping_status":"closed","template":"single-four.php","meta":[],"acf":[],"yoast_head":"<!-- This site is optimized with the Yoast SEO plugin v19.4 - https:\/\/yoast.com\/wordpress\/plugins\/seo\/ -->\n<title>Urlaub in Brading \u2013 ein wahrhaft geschichtstr\u00e4chtiger Ort auf der Isle of Wight - Urlaub &amp; Reisen<\/title>\n<meta name=\"robots\" content=\"index, follow, max-snippet:-1, max-image-preview:large, max-video-preview:-1\" \/>\n<link rel=\"canonical\" href=\"https:\/\/www.urlaubcornwall.de\/blog\/brading-ein-wahrhaft-geschichtstraechtiger-ort-auf-der-isle-of-wight\/\" \/>\n<meta property=\"og:locale\" content=\"en_US\" \/>\n<meta property=\"og:type\" content=\"article\" \/>\n<meta property=\"og:title\" content=\"Urlaub in Brading \u2013 ein wahrhaft geschichtstr\u00e4chtiger Ort auf der Isle of Wight - Urlaub &amp; Reisen\" \/>\n<meta property=\"og:description\" content=\"Brading hat eine alte r\u00f6mische Villa, und Anzeichen pr\u00e4historischer Aktivit\u00e4t wurden aufgefunden. Steigen Sie den Brading Down hinauf, um einen bemerkenswerten Blick \u00fcber die Insel und dar\u00fcber hinaus zu erhaschen. Brading ist ein kleines Dorf inlands auf der Ostseite der Isle of Wight. Es ist ein h\u00fcbscher Ort mit einem Kr\u00e4merladen, ein paar Kneipen, wo [&hellip;]\" \/>\n<meta property=\"og:url\" content=\"https:\/\/www.urlaubcornwall.de\/blog\/brading-ein-wahrhaft-geschichtstraechtiger-ort-auf-der-isle-of-wight\/\" \/>\n<meta property=\"og:site_name\" content=\"Urlaub &amp; Reisen\" \/>\n<meta property=\"article:modified_time\" content=\"2020-06-12T09:50:33+00:00\" \/>\n<meta property=\"og:image\" content=\"https:\/\/www.urlaubcornwall.de\/blog\/wp-content\/uploads\/2018\/01\/bembridge-hafen-isle-of-wight.jpg\" \/>\n<meta name=\"twitter:card\" content=\"summary\" \/>\n<meta name=\"twitter:label1\" content=\"Est. reading time\" \/>\n\t<meta name=\"twitter:data1\" content=\"2 minutes\" \/>\n<script type=\"application\/ld+json\" class=\"yoast-schema-graph\">{\"@context\":\"https:\/\/schema.org\",\"@graph\":[{\"@type\":\"WebSite\",\"@id\":\"https:\/\/www.urlaubcornwall.de\/blog\/#website\",\"url\":\"https:\/\/www.urlaubcornwall.de\/blog\/\",\"name\":\"Urlaub &amp; Reisen\",\"description\":\"Urlaub, Reisen, Cornwall und S\u00fcdengland: eine perfekte Kombination\",\"potentialAction\":[{\"@type\":\"SearchAction\",\"target\":{\"@type\":\"EntryPoint\",\"urlTemplate\":\"https:\/\/www.urlaubcornwall.de\/blog\/?s={search_term_string}\"},\"query-input\":\"required name=search_term_string\"}],\"inLanguage\":\"en-US\"},{\"@type\":\"WebPage\",\"@id\":\"https:\/\/www.urlaubcornwall.de\/blog\/brading-ein-wahrhaft-geschichtstraechtiger-ort-auf-der-isle-of-wight\/\",\"url\":\"https:\/\/www.urlaubcornwall.de\/blog\/brading-ein-wahrhaft-geschichtstraechtiger-ort-auf-der-isle-of-wight\/\",\"name\":\"Urlaub in Brading \u2013 ein wahrhaft geschichtstr\u00e4chtiger Ort auf der Isle of Wight - Urlaub &amp; Reisen\",\"isPartOf\":{\"@id\":\"https:\/\/www.urlaubcornwall.de\/blog\/#website\"},\"datePublished\":\"2019-12-08T11:33:54+00:00\",\"dateModified\":\"2020-06-12T09:50:33+00:00\",\"breadcrumb\":{\"@id\":\"https:\/\/www.urlaubcornwall.de\/blog\/brading-ein-wahrhaft-geschichtstraechtiger-ort-auf-der-isle-of-wight\/#breadcrumb\"},\"inLanguage\":\"en-US\",\"potentialAction\":[{\"@type\":\"ReadAction\",\"target\":[\"https:\/\/www.urlaubcornwall.de\/blog\/brading-ein-wahrhaft-geschichtstraechtiger-ort-auf-der-isle-of-wight\/\"]}]},{\"@type\":\"BreadcrumbList\",\"@id\":\"https:\/\/www.urlaubcornwall.de\/blog\/brading-ein-wahrhaft-geschichtstraechtiger-ort-auf-der-isle-of-wight\/#breadcrumb\",\"itemListElement\":[{\"@type\":\"ListItem\",\"position\":1,\"name\":\"Home\",\"item\":\"https:\/\/www.urlaubcornwall.de\/blog\/\"},{\"@type\":\"ListItem\",\"position\":2,\"name\":\"Urlaub in Brading \u2013 ein wahrhaft geschichtstr\u00e4chtiger Ort auf der Isle of Wight\"}]}]}<\/script>\n<!-- \/ Yoast SEO plugin. -->","yoast_head_json":{"title":"Urlaub in Brading \u2013 ein wahrhaft geschichtstr\u00e4chtiger Ort auf der Isle of Wight - Urlaub &amp; Reisen","robots":{"index":"index","follow":"follow","max-snippet":"max-snippet:-1","max-image-preview":"max-image-preview:large","max-video-preview":"max-video-preview:-1"},"canonical":"https:\/\/www.urlaubcornwall.de\/blog\/brading-ein-wahrhaft-geschichtstraechtiger-ort-auf-der-isle-of-wight\/","og_locale":"en_US","og_type":"article","og_title":"Urlaub in Brading \u2013 ein wahrhaft geschichtstr\u00e4chtiger Ort auf der Isle of Wight - Urlaub &amp; Reisen","og_description":"Brading hat eine alte r\u00f6mische Villa, und Anzeichen pr\u00e4historischer Aktivit\u00e4t wurden aufgefunden. Steigen Sie den Brading Down hinauf, um einen bemerkenswerten Blick \u00fcber die Insel und dar\u00fcber hinaus zu erhaschen. Brading ist ein kleines Dorf inlands auf der Ostseite der Isle of Wight. Es ist ein h\u00fcbscher Ort mit einem Kr\u00e4merladen, ein paar Kneipen, wo [&hellip;]","og_url":"https:\/\/www.urlaubcornwall.de\/blog\/brading-ein-wahrhaft-geschichtstraechtiger-ort-auf-der-isle-of-wight\/","og_site_name":"Urlaub &amp; Reisen","article_modified_time":"2020-06-12T09:50:33+00:00","og_image":[{"url":"https:\/\/www.urlaubcornwall.de\/blog\/wp-content\/uploads\/2018\/01\/bembridge-hafen-isle-of-wight.jpg"}],"twitter_card":"summary","twitter_misc":{"Est. reading time":"2 minutes"},"schema":{"@context":"https:\/\/schema.org","@graph":[{"@type":"WebSite","@id":"https:\/\/www.urlaubcornwall.de\/blog\/#website","url":"https:\/\/www.urlaubcornwall.de\/blog\/","name":"Urlaub &amp; Reisen","description":"Urlaub, Reisen, Cornwall und S\u00fcdengland: eine perfekte Kombination","potentialAction":[{"@type":"SearchAction","target":{"@type":"EntryPoint","urlTemplate":"https:\/\/www.urlaubcornwall.de\/blog\/?s={search_term_string}"},"query-input":"required name=search_term_string"}],"inLanguage":"en-US"},{"@type":"WebPage","@id":"https:\/\/www.urlaubcornwall.de\/blog\/brading-ein-wahrhaft-geschichtstraechtiger-ort-auf-der-isle-of-wight\/","url":"https:\/\/www.urlaubcornwall.de\/blog\/brading-ein-wahrhaft-geschichtstraechtiger-ort-auf-der-isle-of-wight\/","name":"Urlaub in Brading \u2013 ein wahrhaft geschichtstr\u00e4chtiger Ort auf der Isle of Wight - Urlaub &amp; Reisen","isPartOf":{"@id":"https:\/\/www.urlaubcornwall.de\/blog\/#website"},"datePublished":"2019-12-08T11:33:54+00:00","dateModified":"2020-06-12T09:50:33+00:00","breadcrumb":{"@id":"https:\/\/www.urlaubcornwall.de\/blog\/brading-ein-wahrhaft-geschichtstraechtiger-ort-auf-der-isle-of-wight\/#breadcrumb"},"inLanguage":"en-US","potentialAction":[{"@type":"ReadAction","target":["https:\/\/www.urlaubcornwall.de\/blog\/brading-ein-wahrhaft-geschichtstraechtiger-ort-auf-der-isle-of-wight\/"]}]},{"@type":"BreadcrumbList","@id":"https:\/\/www.urlaubcornwall.de\/blog\/brading-ein-wahrhaft-geschichtstraechtiger-ort-auf-der-isle-of-wight\/#breadcrumb","itemListElement":[{"@type":"ListItem","position":1,"name":"Home","item":"https:\/\/www.urlaubcornwall.de\/blog\/"},{"@type":"ListItem","position":2,"name":"Urlaub in Brading \u2013 ein wahrhaft geschichtstr\u00e4chtiger Ort auf der Isle of Wight"}]}]}},"_links":{"self":[{"href":"https:\/\/www.urlaubcornwall.de\/blog\/wp-json\/wp\/v2\/pages\/39232"}],"collection":[{"href":"https:\/\/www.urlaubcornwall.de\/blog\/wp-json\/wp\/v2\/pages"}],"about":[{"href":"https:\/\/www.urlaubcornwall.de\/blog\/wp-json\/wp\/v2\/types\/page"}],"author":[{"embeddable":true,"href":"https:\/\/www.urlaubcornwall.de\/blog\/wp-json\/wp\/v2\/users\/1"}],"replies":[{"embeddable":true,"href":"https:\/\/www.urlaubcornwall.de\/blog\/wp-json\/wp\/v2\/comments?post=39232"}],"version-history":[{"count":3,"href":"https:\/\/www.urlaubcornwall.de\/blog\/wp-json\/wp\/v2\/pages\/39232\/revisions"}],"predecessor-version":[{"id":40264,"href":"https:\/\/www.urlaubcornwall.de\/blog\/wp-json\/wp\/v2\/pages\/39232\/revisions\/40264"}],"wp:attachment":[{"href":"https:\/\/www.urlaubcornwall.de\/blog\/wp-json\/wp\/v2\/media?parent=39232"}],"curies":[{"name":"wp","href":"https:\/\/api.w.org\/{rel}","templated":true}]}}