{"id":39223,"date":"2019-12-07T16:01:08","date_gmt":"2019-12-07T16:01:08","guid":{"rendered":"https:\/\/www.urlaubcornwall.de\/blog\/?page_id=39223"},"modified":"2024-05-28T11:00:45","modified_gmt":"2024-05-28T11:00:45","slug":"newport-ist-der-hauptort-der-isle-of-wight","status":"publish","type":"page","link":"https:\/\/www.urlaubcornwall.de\/blog\/newport-ist-der-hauptort-der-isle-of-wight\/","title":{"rendered":"Urlaub in Newport &#8211; der Hauptort der Isle of Wight"},"content":{"rendered":"<p><a href=\"https:\/\/www.urlaubcornwall.de\/blog\/wp-content\/uploads\/2024\/03\/wight-strand.jpg\"><img loading=\"lazy\" src=\"https:\/\/www.urlaubcornwall.de\/blog\/wp-content\/uploads\/2024\/03\/wight-strand.jpg\" alt=\"wight strand\" width=\"750\" height=\"500\" class=\"alignnone size-full wp-image-48209\" srcset=\"https:\/\/www.urlaubcornwall.de\/blog\/wp-content\/uploads\/2024\/03\/wight-strand.jpg 750w, https:\/\/www.urlaubcornwall.de\/blog\/wp-content\/uploads\/2024\/03\/wight-strand-300x200.jpg 300w\" sizes=\"(max-width: 750px) 100vw, 750px\" \/><\/a><\/p>\n<p>Newport ist der Hauptort der <a href=\"https:\/\/www.urlaubcornwall.de\/reiseziel\/isle-of-wight.php\">Isle of Wight<\/a>, und befindet sich im Zentrum der Insel und wird oft als Hauptstadt bezeichnet. Die historischen Stadtzentren befinden sich an zwei eleganten Pl\u00e4tzen, die sie mit georgianischer und viktorianischer Architektur umgeben, und der Stadthafen in kurzer Entfernung.<\/p>\n<p>Das <a href=\"https:\/\/www.urlaubcornwall.de\/blog\/unsere-urlaubstipps-und-inspiration-fuer-die-isle-of-wight\/\">Isle of Wight<\/a> Festival findet jeden Juni im Seaclose Park in Newport statt, der entlang des Flusses Medina verl\u00e4uft.<\/p>\n<p>Als die gr\u00f6\u00dfte Stadt direkt im Herzen der Insel, bietet Newport viele der gew\u00f6hnlichen L\u00e4den, Caf\u00e9s und Restaurants, die Sie im ganzen Land finden; doch wenn Sie etwas genauer hinschauen, k\u00f6nnen Sie ein paar wahrhaftige Juwelen entdecken. Was Speisen anbelangt, so gibt es eine Bannbreite an Restaurants, die hohen Wert legen auf einheimische Produkte und Speisen auf h\u00f6chstem Standard servieren und eine einladende, entspannende Erfahrung schaffen.<\/p>\n<div class=\"snippet\"> <a class=\"featured-item\" href=\" https:\/\/www.urlaubcornwall.de\/ferienhaeuser-fewos\/isle-of-wight.html\"> <span class=\"image-holder\" style=\"background-image: url('https:\/\/www.urlaubcornwall.de\/blog\/wp-content\/uploads\/2018\/11\/landhaus-cornwall-1.jpg');\"><\/span> <span class=\"featured-content\"> \n<h2 class=\"featured-title\">Ferienh\u00e4user auf der Isle of Wight am Meer<\/h2>\n<p class=\"featured-body\">Bei uns finden Sie Ferienh\u00e4user zum Verlieben &#8211; so einfach ist das! Hier finden sie 150 pers\u00f6nlich inspizierten Ferienh\u00e4user &#038; Ferienwohnungen f\u00fcr Ihren Urlaub in Isle of Wight&#8230;..<\/p>\n<\/span> <span class=\"featured-link-holder\"> <span class=\"featured-extra-info\"> \n<p> F\u00fcr Paare, Familien &#038; Gruppen<\/p>\n<\/span> \n<p class=\"featured-link\">DETAILS<\/p>\n<\/span> <\/a><\/div>\n<p>Entlang der Watchbell Lane finden Sie Boutique-L\u00e4den; perfekt als Luxuseinkaufstherapie, um sich selbst w\u00e4hrend des Urlaubs zu verw\u00f6hnen. Nachdem Sie vom Einkaufen ersch\u00f6pft sind, machen Sie sich auf zum Quay Arts, der zentralen Drehscheibe der wachsenden Kunstszene in Newport. Es gibt dort ein Theater, Workshops zum Teilnehmen und ein nettes kleines Caf\u00e9. Erkunden Sie die Geschichte der Insel, indem Sie die \u00dcberbleibsel der r\u00f6mischen Villa von Newport besuchen oder eine kurze Fahrt hinaus zur Burg Carisbrooke machen als Ausflugstag mit English Heritage.<\/p>\n<p>Newport ist ein herrliches Fleckchen, um von hier aus nahezu \u00fcberall hin auf der Isle of Wight aufzubrechen. Ungef\u00e4hr 10 Minuten n\u00f6rdlich von Newport finden Sie <a href=\"https:\/\/www.urlaubcornwall.de\/ferienhaeuser-fewos\/eng\/isle-of-wight\/cowes.html\">Cowes<\/a> und <a href=\"https:\/\/www.urlaubcornwall.de\/ferienhaeuser-fewos\/eng\/isle-of-wight\/east-cowes.html\">Ost-Cowes<\/a>. Diese St\u00e4dte sind hervorragend f\u00fcr Segelbegeisterte, besonders w\u00e4hrend der Cowes Week und voller Trubel w\u00e4hrend der Sommermonate; ein bisschen ruhiger jedoch im Winter. Im S\u00fcden befinden sich <a href=\"https:\/\/www.urlaubcornwall.de\/ferienhaeuser-fewos\/eng\/isle-of-wight\/ventnor.html\">Ventnor<\/a>, <a href=\"https:\/\/www.urlaubcornwall.de\/ferienhaeuser-fewos\/eng\/isle-of-wight\/shanklin.html\">Shanklin<\/a> und Sandown mit ihrer traditionellen viktorianischen Badeortserfahrung. Nach Westen hin k\u00f6nnen Sie die hundefreundlichen Str\u00e4nde von Seaview und Bembridge erkunden oder durch den Wald bei Brading wandern, in der Hoffnung, rote Eichh\u00f6rnchen zu sehen.<\/p>\n<p>F\u00fchlen Sie sich inspiriert? Schauen Sie sich doch <a href=\"https:\/\/www.urlaubcornwall.de\/ferienhaeuser-fewos\/eng\/isle-of-wight\/isle-of-wight.html\">unsere exklusive Sammlung an Cottages auf der Isle of Wight<\/a> an.<\/p>\n","protected":false},"excerpt":{"rendered":"<p>Newport ist der Hauptort der Isle of Wight, und befindet sich im Zentrum der Insel und wird oft als Hauptstadt bezeichnet. Die historischen Stadtzentren befinden sich an zwei eleganten Pl\u00e4tzen, die sie mit georgianischer und viktorianischer Architektur umgeben, und der Stadthafen in kurzer Entfernung. Das Isle of Wight Festival findet jeden Juni im Seaclose Park [&hellip;]<\/p>\n","protected":false},"author":1,"featured_media":0,"parent":0,"menu_order":0,"comment_status":"closed","ping_status":"closed","template":"single-four.php","meta":[],"acf":[],"yoast_head":"<!-- This site is optimized with the Yoast SEO plugin v19.4 - https:\/\/yoast.com\/wordpress\/plugins\/seo\/ -->\n<title>Urlaub in Newport - der Hauptort der Isle of Wight - Urlaub &amp; Reisen<\/title>\n<meta name=\"robots\" content=\"index, follow, max-snippet:-1, max-image-preview:large, max-video-preview:-1\" \/>\n<link rel=\"canonical\" href=\"https:\/\/www.urlaubcornwall.de\/blog\/newport-ist-der-hauptort-der-isle-of-wight\/\" \/>\n<meta property=\"og:locale\" content=\"en_US\" \/>\n<meta property=\"og:type\" content=\"article\" \/>\n<meta property=\"og:title\" content=\"Urlaub in Newport - der Hauptort der Isle of Wight - Urlaub &amp; Reisen\" \/>\n<meta property=\"og:description\" content=\"Newport ist der Hauptort der Isle of Wight, und befindet sich im Zentrum der Insel und wird oft als Hauptstadt bezeichnet. Die historischen Stadtzentren befinden sich an zwei eleganten Pl\u00e4tzen, die sie mit georgianischer und viktorianischer Architektur umgeben, und der Stadthafen in kurzer Entfernung. Das Isle of Wight Festival findet jeden Juni im Seaclose Park [&hellip;]\" \/>\n<meta property=\"og:url\" content=\"https:\/\/www.urlaubcornwall.de\/blog\/newport-ist-der-hauptort-der-isle-of-wight\/\" \/>\n<meta property=\"og:site_name\" content=\"Urlaub &amp; Reisen\" \/>\n<meta property=\"article:modified_time\" content=\"2024-05-28T11:00:45+00:00\" \/>\n<meta property=\"og:image\" content=\"https:\/\/www.urlaubcornwall.de\/blog\/wp-content\/uploads\/2024\/03\/wight-strand.jpg\" \/>\n<meta name=\"twitter:card\" content=\"summary\" \/>\n<meta name=\"twitter:label1\" content=\"Est. reading time\" \/>\n\t<meta name=\"twitter:data1\" content=\"2 minutes\" \/>\n<script type=\"application\/ld+json\" class=\"yoast-schema-graph\">{\"@context\":\"https:\/\/schema.org\",\"@graph\":[{\"@type\":\"WebSite\",\"@id\":\"https:\/\/www.urlaubcornwall.de\/blog\/#website\",\"url\":\"https:\/\/www.urlaubcornwall.de\/blog\/\",\"name\":\"Urlaub &amp; Reisen\",\"description\":\"Urlaub, Reisen, Cornwall und S\u00fcdengland: eine perfekte Kombination\",\"potentialAction\":[{\"@type\":\"SearchAction\",\"target\":{\"@type\":\"EntryPoint\",\"urlTemplate\":\"https:\/\/www.urlaubcornwall.de\/blog\/?s={search_term_string}\"},\"query-input\":\"required name=search_term_string\"}],\"inLanguage\":\"en-US\"},{\"@type\":\"WebPage\",\"@id\":\"https:\/\/www.urlaubcornwall.de\/blog\/newport-ist-der-hauptort-der-isle-of-wight\/\",\"url\":\"https:\/\/www.urlaubcornwall.de\/blog\/newport-ist-der-hauptort-der-isle-of-wight\/\",\"name\":\"Urlaub in Newport - der Hauptort der Isle of Wight - Urlaub &amp; Reisen\",\"isPartOf\":{\"@id\":\"https:\/\/www.urlaubcornwall.de\/blog\/#website\"},\"datePublished\":\"2019-12-07T16:01:08+00:00\",\"dateModified\":\"2024-05-28T11:00:45+00:00\",\"breadcrumb\":{\"@id\":\"https:\/\/www.urlaubcornwall.de\/blog\/newport-ist-der-hauptort-der-isle-of-wight\/#breadcrumb\"},\"inLanguage\":\"en-US\",\"potentialAction\":[{\"@type\":\"ReadAction\",\"target\":[\"https:\/\/www.urlaubcornwall.de\/blog\/newport-ist-der-hauptort-der-isle-of-wight\/\"]}]},{\"@type\":\"BreadcrumbList\",\"@id\":\"https:\/\/www.urlaubcornwall.de\/blog\/newport-ist-der-hauptort-der-isle-of-wight\/#breadcrumb\",\"itemListElement\":[{\"@type\":\"ListItem\",\"position\":1,\"name\":\"Home\",\"item\":\"https:\/\/www.urlaubcornwall.de\/blog\/\"},{\"@type\":\"ListItem\",\"position\":2,\"name\":\"Urlaub in Newport &#8211; der Hauptort der Isle of Wight\"}]}]}<\/script>\n<!-- \/ Yoast SEO plugin. -->","yoast_head_json":{"title":"Urlaub in Newport - der Hauptort der Isle of Wight - Urlaub &amp; Reisen","robots":{"index":"index","follow":"follow","max-snippet":"max-snippet:-1","max-image-preview":"max-image-preview:large","max-video-preview":"max-video-preview:-1"},"canonical":"https:\/\/www.urlaubcornwall.de\/blog\/newport-ist-der-hauptort-der-isle-of-wight\/","og_locale":"en_US","og_type":"article","og_title":"Urlaub in Newport - der Hauptort der Isle of Wight - Urlaub &amp; Reisen","og_description":"Newport ist der Hauptort der Isle of Wight, und befindet sich im Zentrum der Insel und wird oft als Hauptstadt bezeichnet. Die historischen Stadtzentren befinden sich an zwei eleganten Pl\u00e4tzen, die sie mit georgianischer und viktorianischer Architektur umgeben, und der Stadthafen in kurzer Entfernung. Das Isle of Wight Festival findet jeden Juni im Seaclose Park [&hellip;]","og_url":"https:\/\/www.urlaubcornwall.de\/blog\/newport-ist-der-hauptort-der-isle-of-wight\/","og_site_name":"Urlaub &amp; Reisen","article_modified_time":"2024-05-28T11:00:45+00:00","og_image":[{"url":"https:\/\/www.urlaubcornwall.de\/blog\/wp-content\/uploads\/2024\/03\/wight-strand.jpg"}],"twitter_card":"summary","twitter_misc":{"Est. reading time":"2 minutes"},"schema":{"@context":"https:\/\/schema.org","@graph":[{"@type":"WebSite","@id":"https:\/\/www.urlaubcornwall.de\/blog\/#website","url":"https:\/\/www.urlaubcornwall.de\/blog\/","name":"Urlaub &amp; Reisen","description":"Urlaub, Reisen, Cornwall und S\u00fcdengland: eine perfekte Kombination","potentialAction":[{"@type":"SearchAction","target":{"@type":"EntryPoint","urlTemplate":"https:\/\/www.urlaubcornwall.de\/blog\/?s={search_term_string}"},"query-input":"required name=search_term_string"}],"inLanguage":"en-US"},{"@type":"WebPage","@id":"https:\/\/www.urlaubcornwall.de\/blog\/newport-ist-der-hauptort-der-isle-of-wight\/","url":"https:\/\/www.urlaubcornwall.de\/blog\/newport-ist-der-hauptort-der-isle-of-wight\/","name":"Urlaub in Newport - der Hauptort der Isle of Wight - Urlaub &amp; Reisen","isPartOf":{"@id":"https:\/\/www.urlaubcornwall.de\/blog\/#website"},"datePublished":"2019-12-07T16:01:08+00:00","dateModified":"2024-05-28T11:00:45+00:00","breadcrumb":{"@id":"https:\/\/www.urlaubcornwall.de\/blog\/newport-ist-der-hauptort-der-isle-of-wight\/#breadcrumb"},"inLanguage":"en-US","potentialAction":[{"@type":"ReadAction","target":["https:\/\/www.urlaubcornwall.de\/blog\/newport-ist-der-hauptort-der-isle-of-wight\/"]}]},{"@type":"BreadcrumbList","@id":"https:\/\/www.urlaubcornwall.de\/blog\/newport-ist-der-hauptort-der-isle-of-wight\/#breadcrumb","itemListElement":[{"@type":"ListItem","position":1,"name":"Home","item":"https:\/\/www.urlaubcornwall.de\/blog\/"},{"@type":"ListItem","position":2,"name":"Urlaub in Newport &#8211; der Hauptort der Isle of Wight"}]}]}},"_links":{"self":[{"href":"https:\/\/www.urlaubcornwall.de\/blog\/wp-json\/wp\/v2\/pages\/39223"}],"collection":[{"href":"https:\/\/www.urlaubcornwall.de\/blog\/wp-json\/wp\/v2\/pages"}],"about":[{"href":"https:\/\/www.urlaubcornwall.de\/blog\/wp-json\/wp\/v2\/types\/page"}],"author":[{"embeddable":true,"href":"https:\/\/www.urlaubcornwall.de\/blog\/wp-json\/wp\/v2\/users\/1"}],"replies":[{"embeddable":true,"href":"https:\/\/www.urlaubcornwall.de\/blog\/wp-json\/wp\/v2\/comments?post=39223"}],"version-history":[{"count":6,"href":"https:\/\/www.urlaubcornwall.de\/blog\/wp-json\/wp\/v2\/pages\/39223\/revisions"}],"predecessor-version":[{"id":50354,"href":"https:\/\/www.urlaubcornwall.de\/blog\/wp-json\/wp\/v2\/pages\/39223\/revisions\/50354"}],"wp:attachment":[{"href":"https:\/\/www.urlaubcornwall.de\/blog\/wp-json\/wp\/v2\/media?parent=39223"}],"curies":[{"name":"wp","href":"https:\/\/api.w.org\/{rel}","templated":true}]}}