{"id":39221,"date":"2019-12-07T15:41:36","date_gmt":"2019-12-07T15:41:36","guid":{"rendered":"https:\/\/www.urlaubcornwall.de\/blog\/?page_id=39221"},"modified":"2024-05-30T15:11:49","modified_gmt":"2024-05-30T15:11:49","slug":"ryde-befindet-sich-im-nordosten-der-insel-wight","status":"publish","type":"page","link":"https:\/\/www.urlaubcornwall.de\/blog\/ryde-befindet-sich-im-nordosten-der-insel-wight\/","title":{"rendered":"Urlaub in Ryde &#8211; Nordosten der Insel Wight"},"content":{"rendered":"<p><a href=\"https:\/\/www.urlaubcornwall.de\/blog\/wp-content\/uploads\/2024\/03\/needles_isles-of-wight.jpg\"><img loading=\"lazy\" src=\"https:\/\/www.urlaubcornwall.de\/blog\/wp-content\/uploads\/2024\/03\/needles_isles-of-wight.jpg\" alt=\"needles_isles of wight\" width=\"750\" height=\"500\" class=\"alignnone size-full wp-image-47925\" srcset=\"https:\/\/www.urlaubcornwall.de\/blog\/wp-content\/uploads\/2024\/03\/needles_isles-of-wight.jpg 750w, https:\/\/www.urlaubcornwall.de\/blog\/wp-content\/uploads\/2024\/03\/needles_isles-of-wight-300x200.jpg 300w\" sizes=\"(max-width: 750px) 100vw, 750px\" \/><\/a><br \/>\n<a href=\"https:\/\/www.urlaubcornwall.de\/ferienhaeuser-fewos\/eng\/isle-of-wight\/ryde.html\">Ryde<\/a> &#8211; befindet sich im Nordosten der Insel, direkt angrenzend an <a href=\"https:\/\/www.urlaubcornwall.de\/ferienhaeuser-fewos\/eng\/isle-of-wight\/east-cowes.html\">Ost-Cowes<\/a> und <a href=\"https:\/\/www.urlaubcornwall.de\/ferienhaeuser-fewos\/eng\/isle-of-wight\/cowes.html\">Cowes<\/a> \u00fcber dem Fluss Medina hinweg. Wie auch Sandown, hat Ryde einen traditionellen viktorianischen Pier, der hinausragt ins Meer und jede Menge Aktivit\u00e4ten beherbergt. Der l\u00e4ngste Sandstrand der Insel, Ryde Beach, ist bei Wassersportliebhabern, vor alle Kitesurfern beliebt. <\/p>\n<p>Es gibt am Pier Vergn\u00fcgungseinrichtungen, um die gesamte Familie zu unterhalten, und es gibt sogar eine Dampfeisenbahn, die von hier aus durch den Osten der Insel verl\u00e4uft &#8211;  perfekt f\u00fcr einen aufregenden Ausflugstag und eine herrliche Art und Weise, die Isle of Wight ohne Auto zu erkunden. Vom Strand aus k\u00f6nnen Sie zusehen, wie die Hovercrafts vom Festland kommen und gehen, oder vielleicht m\u00f6chten Sie ja eine Fahrt damit buchen und einen Tagesausflug nach Portsmouth machen.<\/p>\n<div class=\"snippet\"> <a class=\"featured-item\" href=\" https:\/\/www.urlaubcornwall.de\/ferienhaeuser-fewos\/isle-of-wight.html\"> <span class=\"image-holder\" style=\"background-image: url('https:\/\/www.urlaubcornwall.de\/blog\/wp-content\/uploads\/2018\/11\/landhaus-cornwall-1.jpg');\"><\/span> <span class=\"featured-content\"> \n<h2 class=\"featured-title\">Ferienh\u00e4user auf der Isle of Wight am Meer<\/h2>\n<p class=\"featured-body\">Bei uns finden Sie Ferienh\u00e4user zum Verlieben &#8211; so einfach ist das! Hier finden sie 150 pers\u00f6nlich inspizierten Ferienh\u00e4user &#038; Ferienwohnungen f\u00fcr Ihren Urlaub in Isle of Wight&#8230;..<\/p>\n<\/span> <span class=\"featured-link-holder\"> <span class=\"featured-extra-info\"> \n<p> F\u00fcr Paare, Familien &#038; Gruppen<\/p>\n<\/span> \n<p class=\"featured-link\">DETAILS<\/p>\n<\/span> <\/a><\/div>\n<p>Der Strand Ryde stellt einen Teil der K\u00fcste dar, der sich an den Puckpool Park anschlie\u00dft, ein gro\u00dfes Parkgebiet, das Ryde mit <a href=\"https:\/\/www.urlaubcornwall.de\/ferienhaeuser-fewos\/eng\/isle-of-wight\/seaview.html\">Seaview<\/a> verbindet. Es gibt im Park jede Menge zu tun: Minigolf, Tennis, Kinderspielpl\u00e4tze und einige \u00dcberbleibsel von Festungen aus dem Ersten und Zweiten Weltkrieg. Der Park ist <a href=\"https:\/\/www.urlaubcornwall.de\/blog\/urlaub-mit-hund-auf-der-isle-wight\/\">hundefreundlich<\/a> und bietet einen Spazierweg von einer Meile von Ryde nach Seaview mit herrlichem, malerischem Blick. <\/p>\n<p>Da die Insel ziemlich kompakt ist, befindet sich auch Newport in der N\u00e4he, falls Sie nach einer gr\u00f6\u00dferen Stadt zum Erkunden suchen und vielleicht ein bisschen einkaufen wollen.<\/p>\n<p>F\u00fchlen Sie sich inspiriert? Schauen Sie sich doch <a href=\"https:\/\/www.urlaubcornwall.de\/ferienhaeuser-fewos\/eng\/isle-of-wight\/isle-of-wight.html\">unsere exklusive Sammlung an Cottages auf der Isle of Wight<\/a> an.<\/p>\n","protected":false},"excerpt":{"rendered":"<p>Ryde &#8211; befindet sich im Nordosten der Insel, direkt angrenzend an Ost-Cowes und Cowes \u00fcber dem Fluss Medina hinweg. Wie auch Sandown, hat Ryde einen traditionellen viktorianischen Pier, der hinausragt ins Meer und jede Menge Aktivit\u00e4ten beherbergt. Der l\u00e4ngste Sandstrand der Insel, Ryde Beach, ist bei Wassersportliebhabern, vor alle Kitesurfern beliebt. Es gibt am Pier [&hellip;]<\/p>\n","protected":false},"author":1,"featured_media":0,"parent":0,"menu_order":0,"comment_status":"closed","ping_status":"closed","template":"single-four.php","meta":[],"acf":[],"yoast_head":"<!-- This site is optimized with the Yoast SEO plugin v19.4 - https:\/\/yoast.com\/wordpress\/plugins\/seo\/ -->\n<title>Urlaub in Ryde - Nordosten der Insel Wight - Urlaub &amp; Reisen<\/title>\n<meta name=\"robots\" content=\"index, follow, max-snippet:-1, max-image-preview:large, max-video-preview:-1\" \/>\n<link rel=\"canonical\" href=\"https:\/\/www.urlaubcornwall.de\/blog\/ryde-befindet-sich-im-nordosten-der-insel-wight\/\" \/>\n<meta property=\"og:locale\" content=\"en_US\" \/>\n<meta property=\"og:type\" content=\"article\" \/>\n<meta property=\"og:title\" content=\"Urlaub in Ryde - Nordosten der Insel Wight - Urlaub &amp; Reisen\" \/>\n<meta property=\"og:description\" content=\"Ryde &#8211; befindet sich im Nordosten der Insel, direkt angrenzend an Ost-Cowes und Cowes \u00fcber dem Fluss Medina hinweg. Wie auch Sandown, hat Ryde einen traditionellen viktorianischen Pier, der hinausragt ins Meer und jede Menge Aktivit\u00e4ten beherbergt. Der l\u00e4ngste Sandstrand der Insel, Ryde Beach, ist bei Wassersportliebhabern, vor alle Kitesurfern beliebt. Es gibt am Pier [&hellip;]\" \/>\n<meta property=\"og:url\" content=\"https:\/\/www.urlaubcornwall.de\/blog\/ryde-befindet-sich-im-nordosten-der-insel-wight\/\" \/>\n<meta property=\"og:site_name\" content=\"Urlaub &amp; Reisen\" \/>\n<meta property=\"article:modified_time\" content=\"2024-05-30T15:11:49+00:00\" \/>\n<meta property=\"og:image\" content=\"https:\/\/www.urlaubcornwall.de\/blog\/wp-content\/uploads\/2024\/03\/needles_isles-of-wight.jpg\" \/>\n<meta name=\"twitter:card\" content=\"summary\" \/>\n<meta name=\"twitter:label1\" content=\"Est. reading time\" \/>\n\t<meta name=\"twitter:data1\" content=\"2 minutes\" \/>\n<script type=\"application\/ld+json\" class=\"yoast-schema-graph\">{\"@context\":\"https:\/\/schema.org\",\"@graph\":[{\"@type\":\"WebSite\",\"@id\":\"https:\/\/www.urlaubcornwall.de\/blog\/#website\",\"url\":\"https:\/\/www.urlaubcornwall.de\/blog\/\",\"name\":\"Urlaub &amp; Reisen\",\"description\":\"Urlaub, Reisen, Cornwall und S\u00fcdengland: eine perfekte Kombination\",\"potentialAction\":[{\"@type\":\"SearchAction\",\"target\":{\"@type\":\"EntryPoint\",\"urlTemplate\":\"https:\/\/www.urlaubcornwall.de\/blog\/?s={search_term_string}\"},\"query-input\":\"required name=search_term_string\"}],\"inLanguage\":\"en-US\"},{\"@type\":\"WebPage\",\"@id\":\"https:\/\/www.urlaubcornwall.de\/blog\/ryde-befindet-sich-im-nordosten-der-insel-wight\/\",\"url\":\"https:\/\/www.urlaubcornwall.de\/blog\/ryde-befindet-sich-im-nordosten-der-insel-wight\/\",\"name\":\"Urlaub in Ryde - Nordosten der Insel Wight - Urlaub &amp; Reisen\",\"isPartOf\":{\"@id\":\"https:\/\/www.urlaubcornwall.de\/blog\/#website\"},\"datePublished\":\"2019-12-07T15:41:36+00:00\",\"dateModified\":\"2024-05-30T15:11:49+00:00\",\"breadcrumb\":{\"@id\":\"https:\/\/www.urlaubcornwall.de\/blog\/ryde-befindet-sich-im-nordosten-der-insel-wight\/#breadcrumb\"},\"inLanguage\":\"en-US\",\"potentialAction\":[{\"@type\":\"ReadAction\",\"target\":[\"https:\/\/www.urlaubcornwall.de\/blog\/ryde-befindet-sich-im-nordosten-der-insel-wight\/\"]}]},{\"@type\":\"BreadcrumbList\",\"@id\":\"https:\/\/www.urlaubcornwall.de\/blog\/ryde-befindet-sich-im-nordosten-der-insel-wight\/#breadcrumb\",\"itemListElement\":[{\"@type\":\"ListItem\",\"position\":1,\"name\":\"Home\",\"item\":\"https:\/\/www.urlaubcornwall.de\/blog\/\"},{\"@type\":\"ListItem\",\"position\":2,\"name\":\"Urlaub in Ryde &#8211; Nordosten der Insel Wight\"}]}]}<\/script>\n<!-- \/ Yoast SEO plugin. -->","yoast_head_json":{"title":"Urlaub in Ryde - Nordosten der Insel Wight - Urlaub &amp; Reisen","robots":{"index":"index","follow":"follow","max-snippet":"max-snippet:-1","max-image-preview":"max-image-preview:large","max-video-preview":"max-video-preview:-1"},"canonical":"https:\/\/www.urlaubcornwall.de\/blog\/ryde-befindet-sich-im-nordosten-der-insel-wight\/","og_locale":"en_US","og_type":"article","og_title":"Urlaub in Ryde - Nordosten der Insel Wight - Urlaub &amp; Reisen","og_description":"Ryde &#8211; befindet sich im Nordosten der Insel, direkt angrenzend an Ost-Cowes und Cowes \u00fcber dem Fluss Medina hinweg. Wie auch Sandown, hat Ryde einen traditionellen viktorianischen Pier, der hinausragt ins Meer und jede Menge Aktivit\u00e4ten beherbergt. Der l\u00e4ngste Sandstrand der Insel, Ryde Beach, ist bei Wassersportliebhabern, vor alle Kitesurfern beliebt. Es gibt am Pier [&hellip;]","og_url":"https:\/\/www.urlaubcornwall.de\/blog\/ryde-befindet-sich-im-nordosten-der-insel-wight\/","og_site_name":"Urlaub &amp; Reisen","article_modified_time":"2024-05-30T15:11:49+00:00","og_image":[{"url":"https:\/\/www.urlaubcornwall.de\/blog\/wp-content\/uploads\/2024\/03\/needles_isles-of-wight.jpg"}],"twitter_card":"summary","twitter_misc":{"Est. reading time":"2 minutes"},"schema":{"@context":"https:\/\/schema.org","@graph":[{"@type":"WebSite","@id":"https:\/\/www.urlaubcornwall.de\/blog\/#website","url":"https:\/\/www.urlaubcornwall.de\/blog\/","name":"Urlaub &amp; Reisen","description":"Urlaub, Reisen, Cornwall und S\u00fcdengland: eine perfekte Kombination","potentialAction":[{"@type":"SearchAction","target":{"@type":"EntryPoint","urlTemplate":"https:\/\/www.urlaubcornwall.de\/blog\/?s={search_term_string}"},"query-input":"required name=search_term_string"}],"inLanguage":"en-US"},{"@type":"WebPage","@id":"https:\/\/www.urlaubcornwall.de\/blog\/ryde-befindet-sich-im-nordosten-der-insel-wight\/","url":"https:\/\/www.urlaubcornwall.de\/blog\/ryde-befindet-sich-im-nordosten-der-insel-wight\/","name":"Urlaub in Ryde - Nordosten der Insel Wight - Urlaub &amp; Reisen","isPartOf":{"@id":"https:\/\/www.urlaubcornwall.de\/blog\/#website"},"datePublished":"2019-12-07T15:41:36+00:00","dateModified":"2024-05-30T15:11:49+00:00","breadcrumb":{"@id":"https:\/\/www.urlaubcornwall.de\/blog\/ryde-befindet-sich-im-nordosten-der-insel-wight\/#breadcrumb"},"inLanguage":"en-US","potentialAction":[{"@type":"ReadAction","target":["https:\/\/www.urlaubcornwall.de\/blog\/ryde-befindet-sich-im-nordosten-der-insel-wight\/"]}]},{"@type":"BreadcrumbList","@id":"https:\/\/www.urlaubcornwall.de\/blog\/ryde-befindet-sich-im-nordosten-der-insel-wight\/#breadcrumb","itemListElement":[{"@type":"ListItem","position":1,"name":"Home","item":"https:\/\/www.urlaubcornwall.de\/blog\/"},{"@type":"ListItem","position":2,"name":"Urlaub in Ryde &#8211; Nordosten der Insel Wight"}]}]}},"_links":{"self":[{"href":"https:\/\/www.urlaubcornwall.de\/blog\/wp-json\/wp\/v2\/pages\/39221"}],"collection":[{"href":"https:\/\/www.urlaubcornwall.de\/blog\/wp-json\/wp\/v2\/pages"}],"about":[{"href":"https:\/\/www.urlaubcornwall.de\/blog\/wp-json\/wp\/v2\/types\/page"}],"author":[{"embeddable":true,"href":"https:\/\/www.urlaubcornwall.de\/blog\/wp-json\/wp\/v2\/users\/1"}],"replies":[{"embeddable":true,"href":"https:\/\/www.urlaubcornwall.de\/blog\/wp-json\/wp\/v2\/comments?post=39221"}],"version-history":[{"count":3,"href":"https:\/\/www.urlaubcornwall.de\/blog\/wp-json\/wp\/v2\/pages\/39221\/revisions"}],"predecessor-version":[{"id":51140,"href":"https:\/\/www.urlaubcornwall.de\/blog\/wp-json\/wp\/v2\/pages\/39221\/revisions\/51140"}],"wp:attachment":[{"href":"https:\/\/www.urlaubcornwall.de\/blog\/wp-json\/wp\/v2\/media?parent=39221"}],"curies":[{"name":"wp","href":"https:\/\/api.w.org\/{rel}","templated":true}]}}