{"id":39218,"date":"2019-12-07T15:31:30","date_gmt":"2019-12-07T15:31:30","guid":{"rendered":"https:\/\/www.urlaubcornwall.de\/blog\/?page_id=39218"},"modified":"2024-04-29T16:02:05","modified_gmt":"2024-04-29T16:02:05","slug":"isle-of-wight-reiseziel-shanklin","status":"publish","type":"page","link":"https:\/\/www.urlaubcornwall.de\/blog\/isle-of-wight-reiseziel-shanklin\/","title":{"rendered":"Shanklin stellt einen gro\u00dfen Teil der S\u00fcd-Isle of Wight dar."},"content":{"rendered":"<p><a href=\"https:\/\/www.urlaubcornwall.de\/blog\/wp-content\/uploads\/2024\/03\/wight-strand.jpg\"><img loading=\"lazy\" src=\"https:\/\/www.urlaubcornwall.de\/blog\/wp-content\/uploads\/2024\/03\/wight-strand.jpg\" alt=\"wight strand\" width=\"750\" height=\"500\" class=\"alignnone size-full wp-image-48209\" srcset=\"https:\/\/www.urlaubcornwall.de\/blog\/wp-content\/uploads\/2024\/03\/wight-strand.jpg 750w, https:\/\/www.urlaubcornwall.de\/blog\/wp-content\/uploads\/2024\/03\/wight-strand-300x200.jpg 300w\" sizes=\"(max-width: 750px) 100vw, 750px\" \/><\/a><\/p>\n<p>Shanklin &#8211; <a href=\"https:\/\/www.urlaubcornwall.de\/ferienhaeuser-fewos\/eng\/isle-of-wight\/shanklin.html\">Shanklin<\/a> stellt einen gro\u00dfen Teil der S\u00fcd-Wight dar. Eingeschmiegt zwischen Sandown und <a href=\"https:\/\/www.urlaubcornwall.de\/ferienhaeuser-fewos\/eng\/isle-of-wight\/ventnor.html\">Ventnor<\/a>, zog diese Stadt einst jede Menge viktorianische Besucher an. Von den Str\u00e4nden Shanklins aus k\u00f6nnen Sie die Culver Downs im Osten sehen und vielleicht sogar den St Catherines Zipfel im Westen.  <\/p>\n<p>Die Stadt ist in zwei Teile aufgeteilt: die Altstadt und das neue Stadtgebiet. Der neue Teil Shanklins gleicht einer normalen Stadt mit jeder Menge L\u00e4den und Caf\u00e9s, die es zu erkunden gibt, doch das Herz der neuen Stadt ist das Shanklin Theater. Dieses entz\u00fcckende Geb\u00e4ude ist das ganze Jahr \u00fcber Gastgeber zahlreicher Vorstellungen und stellt einen herrlichen Ausgehabend dar, w\u00e4hrend Sie <a href=\"https:\/\/www.urlaubcornwall.de\/reiseziel\/isle-of-wight.php\">Urlaub auf der Isle of Wight<\/a> verbringen.<\/p>\n<div class=\"snippet\"> <a class=\"featured-item\" href=\" https:\/\/www.urlaubcornwall.de\/ferienhaeuser-fewos\/isle-of-wight.html\"> <span class=\"image-holder\" style=\"background-image: url('https:\/\/www.urlaubcornwall.de\/blog\/wp-content\/uploads\/2024\/03\/ferienhaus-england-cornwall.jpg');\"><\/span> <span class=\"featured-content\"> \n<h2 class=\"featured-title\">Ferienh\u00e4user auf der Isle of Wight am Meer<\/h2>\n<p class=\"featured-body\">Bei uns finden Sie Ferienh\u00e4user zum Verlieben &#8211; so einfach ist das! Hier finden sie 150 pers\u00f6nlich inspizierten Ferienh\u00e4user &#038; Ferienwohnungen f\u00fcr Ihren Urlaub in Isle of Wight&#8230;..<\/p>\n<\/span> <span class=\"featured-link-holder\"> <span class=\"featured-extra-info\"> \n<p> F\u00fcr Paare, Familien &#038; Gruppen<\/p>\n<\/span> \n<p class=\"featured-link\">DETAILS<\/p>\n<\/span> <\/a><\/div>\n<p>Der alte Teil Shanklins gleicht einem Schritt in die Vergangenheit. Die Altstadt besteht aus <a href=\"https:\/\/www.urlaubcornwall.de\/ferienhaeuser-fewos\/eng\/isle-of-wight\/isle-of-wight.html\">wundersch\u00f6nen reetgedeckten Cottages<\/a>, die h\u00fcbsche Andenken von der Isle of Wight verkaufen, herrliche Cream Teas servieren, und es gibt auch die ein oder andere Kneipe, wo Sie zu Mittag oder am Abend essen und trinken k\u00f6nnen. Dieser ikonische Teil der Insel zieht Besucher aus nah und fern an.<\/p>\n<p>Wenn Sie die Sch\u00f6nheit von Shanklins Altstadt m\u00f6gen, machen Sie sich doch auf Richtung dem Zentrum der <a href=\"https:\/\/www.urlaubcornwall.de\/blog\/unsere-urlaubstipps-und-inspiration-fuer-die-isle-of-wight\/\">Isle of Wight<\/a> und besuchen Sie die reetgedeckten H\u00e4user von G<a href=\"https:\/\/www.urlaubcornwall.de\/ferienhaeuser-fewos\/eng\/isle-of-wight\/godshill.html\">odshill<\/a>. St Catherines Point eignet sich hervorragend zum Wandern, oder nehmen Sie den <a href=\"https:\/\/www.urlaubcornwall.de\/blog\/wandern-und-wanderurlaube-auf-der-isle-wight\/\">K\u00fcstenpfad und wandern Sie von Shanklin zum Zipfel<\/a>, besuchen Sie den Leuchtturm und machen Sie sich dann auf den R\u00fcckweg, um einen gem\u00fctlichen Kneipenofen zu finden, neben dem Sie sich niederlassen k\u00f6nnen.<\/p>\n","protected":false},"excerpt":{"rendered":"<p>Shanklin &#8211; Shanklin stellt einen gro\u00dfen Teil der S\u00fcd-Wight dar. Eingeschmiegt zwischen Sandown und Ventnor, zog diese Stadt einst jede Menge viktorianische Besucher an. Von den Str\u00e4nden Shanklins aus k\u00f6nnen Sie die Culver Downs im Osten sehen und vielleicht sogar den St Catherines Zipfel im Westen. Die Stadt ist in zwei Teile aufgeteilt: die Altstadt [&hellip;]<\/p>\n","protected":false},"author":1,"featured_media":0,"parent":0,"menu_order":0,"comment_status":"closed","ping_status":"closed","template":"single-four.php","meta":[],"acf":[],"yoast_head":"<!-- This site is optimized with the Yoast SEO plugin v19.4 - https:\/\/yoast.com\/wordpress\/plugins\/seo\/ -->\n<title>Shanklin stellt einen gro\u00dfen Teil der S\u00fcd-Isle of Wight dar. - Urlaub &amp; Reisen<\/title>\n<meta name=\"robots\" content=\"index, follow, max-snippet:-1, max-image-preview:large, max-video-preview:-1\" \/>\n<link rel=\"canonical\" href=\"https:\/\/www.urlaubcornwall.de\/blog\/isle-of-wight-reiseziel-shanklin\/\" \/>\n<meta property=\"og:locale\" content=\"en_US\" \/>\n<meta property=\"og:type\" content=\"article\" \/>\n<meta property=\"og:title\" content=\"Shanklin stellt einen gro\u00dfen Teil der S\u00fcd-Isle of Wight dar. - Urlaub &amp; Reisen\" \/>\n<meta property=\"og:description\" content=\"Shanklin &#8211; Shanklin stellt einen gro\u00dfen Teil der S\u00fcd-Wight dar. Eingeschmiegt zwischen Sandown und Ventnor, zog diese Stadt einst jede Menge viktorianische Besucher an. Von den Str\u00e4nden Shanklins aus k\u00f6nnen Sie die Culver Downs im Osten sehen und vielleicht sogar den St Catherines Zipfel im Westen. Die Stadt ist in zwei Teile aufgeteilt: die Altstadt [&hellip;]\" \/>\n<meta property=\"og:url\" content=\"https:\/\/www.urlaubcornwall.de\/blog\/isle-of-wight-reiseziel-shanklin\/\" \/>\n<meta property=\"og:site_name\" content=\"Urlaub &amp; Reisen\" \/>\n<meta property=\"article:modified_time\" content=\"2024-04-29T16:02:05+00:00\" \/>\n<meta property=\"og:image\" content=\"https:\/\/www.urlaubcornwall.de\/blog\/wp-content\/uploads\/2024\/03\/wight-strand.jpg\" \/>\n<meta name=\"twitter:card\" content=\"summary\" \/>\n<meta name=\"twitter:label1\" content=\"Est. reading time\" \/>\n\t<meta name=\"twitter:data1\" content=\"2 minutes\" \/>\n<script type=\"application\/ld+json\" class=\"yoast-schema-graph\">{\"@context\":\"https:\/\/schema.org\",\"@graph\":[{\"@type\":\"WebSite\",\"@id\":\"https:\/\/www.urlaubcornwall.de\/blog\/#website\",\"url\":\"https:\/\/www.urlaubcornwall.de\/blog\/\",\"name\":\"Urlaub &amp; Reisen\",\"description\":\"Urlaub, Reisen, Cornwall und S\u00fcdengland: eine perfekte Kombination\",\"potentialAction\":[{\"@type\":\"SearchAction\",\"target\":{\"@type\":\"EntryPoint\",\"urlTemplate\":\"https:\/\/www.urlaubcornwall.de\/blog\/?s={search_term_string}\"},\"query-input\":\"required name=search_term_string\"}],\"inLanguage\":\"en-US\"},{\"@type\":\"WebPage\",\"@id\":\"https:\/\/www.urlaubcornwall.de\/blog\/isle-of-wight-reiseziel-shanklin\/\",\"url\":\"https:\/\/www.urlaubcornwall.de\/blog\/isle-of-wight-reiseziel-shanklin\/\",\"name\":\"Shanklin stellt einen gro\u00dfen Teil der S\u00fcd-Isle of Wight dar. - Urlaub &amp; Reisen\",\"isPartOf\":{\"@id\":\"https:\/\/www.urlaubcornwall.de\/blog\/#website\"},\"datePublished\":\"2019-12-07T15:31:30+00:00\",\"dateModified\":\"2024-04-29T16:02:05+00:00\",\"breadcrumb\":{\"@id\":\"https:\/\/www.urlaubcornwall.de\/blog\/isle-of-wight-reiseziel-shanklin\/#breadcrumb\"},\"inLanguage\":\"en-US\",\"potentialAction\":[{\"@type\":\"ReadAction\",\"target\":[\"https:\/\/www.urlaubcornwall.de\/blog\/isle-of-wight-reiseziel-shanklin\/\"]}]},{\"@type\":\"BreadcrumbList\",\"@id\":\"https:\/\/www.urlaubcornwall.de\/blog\/isle-of-wight-reiseziel-shanklin\/#breadcrumb\",\"itemListElement\":[{\"@type\":\"ListItem\",\"position\":1,\"name\":\"Home\",\"item\":\"https:\/\/www.urlaubcornwall.de\/blog\/\"},{\"@type\":\"ListItem\",\"position\":2,\"name\":\"Shanklin stellt einen gro\u00dfen Teil der S\u00fcd-Isle of Wight dar.\"}]}]}<\/script>\n<!-- \/ Yoast SEO plugin. -->","yoast_head_json":{"title":"Shanklin stellt einen gro\u00dfen Teil der S\u00fcd-Isle of Wight dar. - Urlaub &amp; Reisen","robots":{"index":"index","follow":"follow","max-snippet":"max-snippet:-1","max-image-preview":"max-image-preview:large","max-video-preview":"max-video-preview:-1"},"canonical":"https:\/\/www.urlaubcornwall.de\/blog\/isle-of-wight-reiseziel-shanklin\/","og_locale":"en_US","og_type":"article","og_title":"Shanklin stellt einen gro\u00dfen Teil der S\u00fcd-Isle of Wight dar. - Urlaub &amp; Reisen","og_description":"Shanklin &#8211; Shanklin stellt einen gro\u00dfen Teil der S\u00fcd-Wight dar. Eingeschmiegt zwischen Sandown und Ventnor, zog diese Stadt einst jede Menge viktorianische Besucher an. Von den Str\u00e4nden Shanklins aus k\u00f6nnen Sie die Culver Downs im Osten sehen und vielleicht sogar den St Catherines Zipfel im Westen. Die Stadt ist in zwei Teile aufgeteilt: die Altstadt [&hellip;]","og_url":"https:\/\/www.urlaubcornwall.de\/blog\/isle-of-wight-reiseziel-shanklin\/","og_site_name":"Urlaub &amp; Reisen","article_modified_time":"2024-04-29T16:02:05+00:00","og_image":[{"url":"https:\/\/www.urlaubcornwall.de\/blog\/wp-content\/uploads\/2024\/03\/wight-strand.jpg"}],"twitter_card":"summary","twitter_misc":{"Est. reading time":"2 minutes"},"schema":{"@context":"https:\/\/schema.org","@graph":[{"@type":"WebSite","@id":"https:\/\/www.urlaubcornwall.de\/blog\/#website","url":"https:\/\/www.urlaubcornwall.de\/blog\/","name":"Urlaub &amp; Reisen","description":"Urlaub, Reisen, Cornwall und S\u00fcdengland: eine perfekte Kombination","potentialAction":[{"@type":"SearchAction","target":{"@type":"EntryPoint","urlTemplate":"https:\/\/www.urlaubcornwall.de\/blog\/?s={search_term_string}"},"query-input":"required name=search_term_string"}],"inLanguage":"en-US"},{"@type":"WebPage","@id":"https:\/\/www.urlaubcornwall.de\/blog\/isle-of-wight-reiseziel-shanklin\/","url":"https:\/\/www.urlaubcornwall.de\/blog\/isle-of-wight-reiseziel-shanklin\/","name":"Shanklin stellt einen gro\u00dfen Teil der S\u00fcd-Isle of Wight dar. - Urlaub &amp; Reisen","isPartOf":{"@id":"https:\/\/www.urlaubcornwall.de\/blog\/#website"},"datePublished":"2019-12-07T15:31:30+00:00","dateModified":"2024-04-29T16:02:05+00:00","breadcrumb":{"@id":"https:\/\/www.urlaubcornwall.de\/blog\/isle-of-wight-reiseziel-shanklin\/#breadcrumb"},"inLanguage":"en-US","potentialAction":[{"@type":"ReadAction","target":["https:\/\/www.urlaubcornwall.de\/blog\/isle-of-wight-reiseziel-shanklin\/"]}]},{"@type":"BreadcrumbList","@id":"https:\/\/www.urlaubcornwall.de\/blog\/isle-of-wight-reiseziel-shanklin\/#breadcrumb","itemListElement":[{"@type":"ListItem","position":1,"name":"Home","item":"https:\/\/www.urlaubcornwall.de\/blog\/"},{"@type":"ListItem","position":2,"name":"Shanklin stellt einen gro\u00dfen Teil der S\u00fcd-Isle of Wight dar."}]}]}},"_links":{"self":[{"href":"https:\/\/www.urlaubcornwall.de\/blog\/wp-json\/wp\/v2\/pages\/39218"}],"collection":[{"href":"https:\/\/www.urlaubcornwall.de\/blog\/wp-json\/wp\/v2\/pages"}],"about":[{"href":"https:\/\/www.urlaubcornwall.de\/blog\/wp-json\/wp\/v2\/types\/page"}],"author":[{"embeddable":true,"href":"https:\/\/www.urlaubcornwall.de\/blog\/wp-json\/wp\/v2\/users\/1"}],"replies":[{"embeddable":true,"href":"https:\/\/www.urlaubcornwall.de\/blog\/wp-json\/wp\/v2\/comments?post=39218"}],"version-history":[{"count":5,"href":"https:\/\/www.urlaubcornwall.de\/blog\/wp-json\/wp\/v2\/pages\/39218\/revisions"}],"predecessor-version":[{"id":49940,"href":"https:\/\/www.urlaubcornwall.de\/blog\/wp-json\/wp\/v2\/pages\/39218\/revisions\/49940"}],"wp:attachment":[{"href":"https:\/\/www.urlaubcornwall.de\/blog\/wp-json\/wp\/v2\/media?parent=39218"}],"curies":[{"name":"wp","href":"https:\/\/api.w.org\/{rel}","templated":true}]}}