{"id":39215,"date":"2019-12-07T15:07:12","date_gmt":"2019-12-07T15:07:12","guid":{"rendered":"https:\/\/www.urlaubcornwall.de\/blog\/?page_id=39215"},"modified":"2020-06-12T09:51:16","modified_gmt":"2020-06-12T09:51:16","slug":"isle-of-wight-reiseziel-yarmouth","status":"publish","type":"page","link":"https:\/\/www.urlaubcornwall.de\/blog\/isle-of-wight-reiseziel-yarmouth\/","title":{"rendered":"Urlaub Yarmouth \u2013 eine h\u00fcbsche Hafenstadt auf der Isle of Wight."},"content":{"rendered":"<p><img loading=\"lazy\" class=\"aligncenter size-full wp-image-39216\" src=\"https:\/\/www.urlaubcornwall.de\/blog\/wp-content\/uploads\/2019\/12\/urlaub-yarmouth-isle-of-wight.jpg\" alt=\"urlaub yarmouth isle of wight\" width=\"749\" height=\"429\" srcset=\"https:\/\/www.urlaubcornwall.de\/blog\/wp-content\/uploads\/2019\/12\/urlaub-yarmouth-isle-of-wight.jpg 751w, https:\/\/www.urlaubcornwall.de\/blog\/wp-content\/uploads\/2019\/12\/urlaub-yarmouth-isle-of-wight-300x171.jpg 300w\" sizes=\"(max-width: 749px) 100vw, 749px\" \/><br \/>\nYarmouth \u2013 eine h\u00fcbsche Hafenstadt. Yarmouth ist der Haupthafen f\u00fcr die F\u00e4hrverbindung von <a href=\"https:\/\/www.urlaubcornwall.de\/ferienhaeuser-fewos\/eng\/hampshire\/lymington.html\">Lymington<\/a> zur <a href=\"https:\/\/www.urlaubcornwall.de\/reiseziel\/isle-of-wight.php\">Isle of Wight<\/a>. Wenn Sie sich erst einmal auf der F\u00e4hre befinden, wird jeder Stress und jede Anspannung von Ihnen weichen. Die Fahrt versetzt Sie in Urlaubsstimmung und bietet einen der herrlichsten Blicke vom Sonnendeck auf die Insel. <\/p>\n<p>Yarmouth befindet sich in herrlicher Lage, um West-Wight zu erkunden, da es an der Nordwestk\u00fcste liegt. Die Needles sind eine gro\u00dfartige Attraktion, um einen Tag dort zu verbringen. Sie k\u00f6nnen fantastische Fotos von der Gondel aus schie\u00dfen, und es gibt jede Menge Aktivit\u00e4ten, die die Kinder besch\u00e4ftigt.<\/p>\n<div class=\"snippet\"> <a class=\"featured-item\" href=\" https:\/\/www.urlaubcornwall.de\/ferienhaeuser-fewos\/isle-of-wight.html\"> <span class=\"image-holder\" style=\"background-image: url('https:\/\/www.urlaubcornwall.de\/blog\/wp-content\/uploads\/2018\/11\/landhaus-cornwall-1.jpg');\"><\/span> <span class=\"featured-content\"> \n<h2 class=\"featured-title\">Ferienh\u00e4user auf der Isle of Wight am Meer<\/h2>\n<p class=\"featured-body\">Bei uns finden Sie Ferienh\u00e4user zum Verlieben &#8211; so einfach ist das! Hier finden sie 150 pers\u00f6nlich inspizierten Ferienh\u00e4user &#038; Ferienwohnungen f\u00fcr Ihren Urlaub in Isle of Wight&#8230;..<\/p>\n<\/span> <span class=\"featured-link-holder\"> <span class=\"featured-extra-info\"> \n<p> F\u00fcr Paare, Familien &#038; Gruppen<\/p>\n<\/span> \n<p class=\"featured-link\">DETAILS<\/p>\n<\/span> <\/a><\/div>\n<p>W\u00e4hrend Sie die Needles besuchen, halten Sie bei <a href=\"https:\/\/www.urlaubcornwall.de\/ferienhaeuser-fewos\/eng\/isle-of-wight\/freshwater.html\">Freshwater<\/a> und T<a href=\"https:\/\/www.urlaubcornwall.de\/ferienhaeuser-fewos\/eng\/isle-of-wight\/totland-bay.html\">otland<\/a>, um k\u00f6stliche einheimische Speisen und Getr\u00e4nke zu finden oder machen Sie sich auf zur K\u00fcste, um die malerische F<a href=\"https:\/\/www.urlaubcornwall.de\/ferienhaeuser-fewos\/eng\/isle-of-wight\/freshwater-bay.html\">reshwater Bucht<\/a> zu erkunden. Folgen Sie weiter der K\u00fcste in Richtung S\u00fcden, und Sie gelangen nach <a href=\"https:\/\/www.urlaubcornwall.de\/ferienhaeuser-fewos\/eng\/isle-of-wight\/brook.html\">Brook<\/a> und <a href=\"https:\/\/www.urlaubcornwall.de\/ferienhaeuser-fewos\/eng\/isle-of-wight\/brighstone.html\">Brighstone<\/a>, zwei ziemlich kleine D\u00f6rfer mit atemberaubendem Blick und jeder Menge Wanderrouten, denen Sie entlang des <a href=\"https:\/\/www.urlaubcornwall.de\/blog\/wandern-und-wanderurlaube-auf-der-isle-wight\/\">K\u00fcstenpfades oder weiter im Binnenland<\/a> folgen k\u00f6nnen.<\/p>\n<p>Yarmouth selbst ist eine entz\u00fcckende Stadt mit jeder Menge Caf\u00e9s und Restaurants, um etwas zu essen und zu trinken zu bekommen, besonders nach der Reise zur Insel. Dies ist ein herrliches Fleckchen, um sich einen Moment der Entspannung zu g\u00f6nnen, bevor Sie sich aufmachen, um Ihr nettes <a href=\"https:\/\/www.urlaubcornwall.de\/ferienhaeuser-fewos\/eng\/isle-of-wight\/isle-of-wight.html\">Urlaubscottage auf der Insel<\/a> zu finden.<\/p>\n","protected":false},"excerpt":{"rendered":"<p>Yarmouth \u2013 eine h\u00fcbsche Hafenstadt. Yarmouth ist der Haupthafen f\u00fcr die F\u00e4hrverbindung von Lymington zur Isle of Wight. Wenn Sie sich erst einmal auf der F\u00e4hre befinden, wird jeder Stress und jede Anspannung von Ihnen weichen. Die Fahrt versetzt Sie in Urlaubsstimmung und bietet einen der herrlichsten Blicke vom Sonnendeck auf die Insel. Yarmouth befindet [&hellip;]<\/p>\n","protected":false},"author":1,"featured_media":0,"parent":0,"menu_order":0,"comment_status":"closed","ping_status":"closed","template":"single-four.php","meta":[],"acf":[],"yoast_head":"<!-- This site is optimized with the Yoast SEO plugin v19.4 - https:\/\/yoast.com\/wordpress\/plugins\/seo\/ -->\n<title>Urlaub Yarmouth \u2013 eine h\u00fcbsche Hafenstadt auf der Isle of Wight. - Urlaub &amp; Reisen<\/title>\n<meta name=\"robots\" content=\"index, follow, max-snippet:-1, max-image-preview:large, max-video-preview:-1\" \/>\n<link rel=\"canonical\" href=\"https:\/\/www.urlaubcornwall.de\/blog\/isle-of-wight-reiseziel-yarmouth\/\" \/>\n<meta property=\"og:locale\" content=\"en_US\" \/>\n<meta property=\"og:type\" content=\"article\" \/>\n<meta property=\"og:title\" content=\"Urlaub Yarmouth \u2013 eine h\u00fcbsche Hafenstadt auf der Isle of Wight. - Urlaub &amp; Reisen\" \/>\n<meta property=\"og:description\" content=\"Yarmouth \u2013 eine h\u00fcbsche Hafenstadt. Yarmouth ist der Haupthafen f\u00fcr die F\u00e4hrverbindung von Lymington zur Isle of Wight. Wenn Sie sich erst einmal auf der F\u00e4hre befinden, wird jeder Stress und jede Anspannung von Ihnen weichen. Die Fahrt versetzt Sie in Urlaubsstimmung und bietet einen der herrlichsten Blicke vom Sonnendeck auf die Insel. Yarmouth befindet [&hellip;]\" \/>\n<meta property=\"og:url\" content=\"https:\/\/www.urlaubcornwall.de\/blog\/isle-of-wight-reiseziel-yarmouth\/\" \/>\n<meta property=\"og:site_name\" content=\"Urlaub &amp; Reisen\" \/>\n<meta property=\"article:modified_time\" content=\"2020-06-12T09:51:16+00:00\" \/>\n<meta property=\"og:image\" content=\"https:\/\/www.urlaubcornwall.de\/blog\/wp-content\/uploads\/2019\/12\/urlaub-yarmouth-isle-of-wight.jpg\" \/>\n<meta name=\"twitter:card\" content=\"summary\" \/>\n<meta name=\"twitter:label1\" content=\"Est. reading time\" \/>\n\t<meta name=\"twitter:data1\" content=\"1 minute\" \/>\n<script type=\"application\/ld+json\" class=\"yoast-schema-graph\">{\"@context\":\"https:\/\/schema.org\",\"@graph\":[{\"@type\":\"WebSite\",\"@id\":\"https:\/\/www.urlaubcornwall.de\/blog\/#website\",\"url\":\"https:\/\/www.urlaubcornwall.de\/blog\/\",\"name\":\"Urlaub &amp; Reisen\",\"description\":\"Urlaub, Reisen, Cornwall und S\u00fcdengland: eine perfekte Kombination\",\"potentialAction\":[{\"@type\":\"SearchAction\",\"target\":{\"@type\":\"EntryPoint\",\"urlTemplate\":\"https:\/\/www.urlaubcornwall.de\/blog\/?s={search_term_string}\"},\"query-input\":\"required name=search_term_string\"}],\"inLanguage\":\"en-US\"},{\"@type\":\"WebPage\",\"@id\":\"https:\/\/www.urlaubcornwall.de\/blog\/isle-of-wight-reiseziel-yarmouth\/\",\"url\":\"https:\/\/www.urlaubcornwall.de\/blog\/isle-of-wight-reiseziel-yarmouth\/\",\"name\":\"Urlaub Yarmouth \u2013 eine h\u00fcbsche Hafenstadt auf der Isle of Wight. - Urlaub &amp; Reisen\",\"isPartOf\":{\"@id\":\"https:\/\/www.urlaubcornwall.de\/blog\/#website\"},\"datePublished\":\"2019-12-07T15:07:12+00:00\",\"dateModified\":\"2020-06-12T09:51:16+00:00\",\"breadcrumb\":{\"@id\":\"https:\/\/www.urlaubcornwall.de\/blog\/isle-of-wight-reiseziel-yarmouth\/#breadcrumb\"},\"inLanguage\":\"en-US\",\"potentialAction\":[{\"@type\":\"ReadAction\",\"target\":[\"https:\/\/www.urlaubcornwall.de\/blog\/isle-of-wight-reiseziel-yarmouth\/\"]}]},{\"@type\":\"BreadcrumbList\",\"@id\":\"https:\/\/www.urlaubcornwall.de\/blog\/isle-of-wight-reiseziel-yarmouth\/#breadcrumb\",\"itemListElement\":[{\"@type\":\"ListItem\",\"position\":1,\"name\":\"Home\",\"item\":\"https:\/\/www.urlaubcornwall.de\/blog\/\"},{\"@type\":\"ListItem\",\"position\":2,\"name\":\"Urlaub Yarmouth \u2013 eine h\u00fcbsche Hafenstadt auf der Isle of Wight.\"}]}]}<\/script>\n<!-- \/ Yoast SEO plugin. -->","yoast_head_json":{"title":"Urlaub Yarmouth \u2013 eine h\u00fcbsche Hafenstadt auf der Isle of Wight. - Urlaub &amp; Reisen","robots":{"index":"index","follow":"follow","max-snippet":"max-snippet:-1","max-image-preview":"max-image-preview:large","max-video-preview":"max-video-preview:-1"},"canonical":"https:\/\/www.urlaubcornwall.de\/blog\/isle-of-wight-reiseziel-yarmouth\/","og_locale":"en_US","og_type":"article","og_title":"Urlaub Yarmouth \u2013 eine h\u00fcbsche Hafenstadt auf der Isle of Wight. - Urlaub &amp; Reisen","og_description":"Yarmouth \u2013 eine h\u00fcbsche Hafenstadt. Yarmouth ist der Haupthafen f\u00fcr die F\u00e4hrverbindung von Lymington zur Isle of Wight. Wenn Sie sich erst einmal auf der F\u00e4hre befinden, wird jeder Stress und jede Anspannung von Ihnen weichen. Die Fahrt versetzt Sie in Urlaubsstimmung und bietet einen der herrlichsten Blicke vom Sonnendeck auf die Insel. Yarmouth befindet [&hellip;]","og_url":"https:\/\/www.urlaubcornwall.de\/blog\/isle-of-wight-reiseziel-yarmouth\/","og_site_name":"Urlaub &amp; Reisen","article_modified_time":"2020-06-12T09:51:16+00:00","og_image":[{"url":"https:\/\/www.urlaubcornwall.de\/blog\/wp-content\/uploads\/2019\/12\/urlaub-yarmouth-isle-of-wight.jpg"}],"twitter_card":"summary","twitter_misc":{"Est. reading time":"1 minute"},"schema":{"@context":"https:\/\/schema.org","@graph":[{"@type":"WebSite","@id":"https:\/\/www.urlaubcornwall.de\/blog\/#website","url":"https:\/\/www.urlaubcornwall.de\/blog\/","name":"Urlaub &amp; Reisen","description":"Urlaub, Reisen, Cornwall und S\u00fcdengland: eine perfekte Kombination","potentialAction":[{"@type":"SearchAction","target":{"@type":"EntryPoint","urlTemplate":"https:\/\/www.urlaubcornwall.de\/blog\/?s={search_term_string}"},"query-input":"required name=search_term_string"}],"inLanguage":"en-US"},{"@type":"WebPage","@id":"https:\/\/www.urlaubcornwall.de\/blog\/isle-of-wight-reiseziel-yarmouth\/","url":"https:\/\/www.urlaubcornwall.de\/blog\/isle-of-wight-reiseziel-yarmouth\/","name":"Urlaub Yarmouth \u2013 eine h\u00fcbsche Hafenstadt auf der Isle of Wight. - Urlaub &amp; Reisen","isPartOf":{"@id":"https:\/\/www.urlaubcornwall.de\/blog\/#website"},"datePublished":"2019-12-07T15:07:12+00:00","dateModified":"2020-06-12T09:51:16+00:00","breadcrumb":{"@id":"https:\/\/www.urlaubcornwall.de\/blog\/isle-of-wight-reiseziel-yarmouth\/#breadcrumb"},"inLanguage":"en-US","potentialAction":[{"@type":"ReadAction","target":["https:\/\/www.urlaubcornwall.de\/blog\/isle-of-wight-reiseziel-yarmouth\/"]}]},{"@type":"BreadcrumbList","@id":"https:\/\/www.urlaubcornwall.de\/blog\/isle-of-wight-reiseziel-yarmouth\/#breadcrumb","itemListElement":[{"@type":"ListItem","position":1,"name":"Home","item":"https:\/\/www.urlaubcornwall.de\/blog\/"},{"@type":"ListItem","position":2,"name":"Urlaub Yarmouth \u2013 eine h\u00fcbsche Hafenstadt auf der Isle of Wight."}]}]}},"_links":{"self":[{"href":"https:\/\/www.urlaubcornwall.de\/blog\/wp-json\/wp\/v2\/pages\/39215"}],"collection":[{"href":"https:\/\/www.urlaubcornwall.de\/blog\/wp-json\/wp\/v2\/pages"}],"about":[{"href":"https:\/\/www.urlaubcornwall.de\/blog\/wp-json\/wp\/v2\/types\/page"}],"author":[{"embeddable":true,"href":"https:\/\/www.urlaubcornwall.de\/blog\/wp-json\/wp\/v2\/users\/1"}],"replies":[{"embeddable":true,"href":"https:\/\/www.urlaubcornwall.de\/blog\/wp-json\/wp\/v2\/comments?post=39215"}],"version-history":[{"count":3,"href":"https:\/\/www.urlaubcornwall.de\/blog\/wp-json\/wp\/v2\/pages\/39215\/revisions"}],"predecessor-version":[{"id":40265,"href":"https:\/\/www.urlaubcornwall.de\/blog\/wp-json\/wp\/v2\/pages\/39215\/revisions\/40265"}],"wp:attachment":[{"href":"https:\/\/www.urlaubcornwall.de\/blog\/wp-json\/wp\/v2\/media?parent=39215"}],"curies":[{"name":"wp","href":"https:\/\/api.w.org\/{rel}","templated":true}]}}