{"id":39213,"date":"2019-12-07T14:33:11","date_gmt":"2019-12-07T14:33:11","guid":{"rendered":"https:\/\/www.urlaubcornwall.de\/blog\/?page_id=39213"},"modified":"2024-05-26T12:31:13","modified_gmt":"2024-05-26T12:31:13","slug":"isle-of-wight-reiseziel-ventor","status":"publish","type":"page","link":"https:\/\/www.urlaubcornwall.de\/blog\/isle-of-wight-reiseziel-ventor\/","title":{"rendered":"Urlaub Ventnor \u2013 Zuhause der quirligen Kunstszene der Isle of Wight"},"content":{"rendered":"<p><img loading=\"lazy\" class=\"aligncenter size-full wp-image-50195\" src=\"https:\/\/www.urlaubcornwall.de\/blog\/wp-content\/uploads\/2024\/05\/ventnor.jpg\" alt=\"ventnor\" width=\"750\" height=\"563\" srcset=\"https:\/\/www.urlaubcornwall.de\/blog\/wp-content\/uploads\/2024\/05\/ventnor.jpg 750w, https:\/\/www.urlaubcornwall.de\/blog\/wp-content\/uploads\/2024\/05\/ventnor-300x225.jpg 300w\" sizes=\"(max-width: 750px) 100vw, 750px\" \/><br \/>\nVentnor \u2013 Zuhause der quirligen Kunstszene der <a href=\"https:\/\/www.urlaubcornwall.de\/ferienhaeuser-fewos\/eng\/isle-of-wight\/isle-of-wight.html\">Isle of Wight<\/a>, sowie der wundersch\u00f6nen botanischen G\u00e4rten. Ventnor hat f\u00fcr Inselbesucher einen Reichtum an Aktivit\u00e4ten im Angebot. Windgesch\u00fctzt von den St Boniface Downs, hat die Stadt ihr ganz eigenes Mikroklima, was bedeutet, dass es das ganze Jahr \u00fcber besonders warm bleibt. Machen Sie das meiste aus dem Klima und unternehmen Sie eine Fahrt zu den botanischen G\u00e4rten, urspr\u00fcnglich ein viktorianisches Lungenkrankenhaus, wohin Patienten geschickt wurden, um sich in der sauberen Luft der Insel zu erholen.<\/p>\n<p><a href=\"https:\/\/www.urlaubcornwall.de\/ferienhaeuser-fewos\/eng\/isle-of-wight\/ventnor.html\">Ventnor<\/a> profitiert (sch\u00e4tzungsweise) auch davon, die meisten Tageslichtstunden des UK zu haben, ein weitere Anreiz, um im Sommer einen Besuch abzustatten. Mit den extra Tageslichtstunden, treten Sie in Kontakt mit einheimischen K\u00fcnstlern und Musikern des Ventnor Exchange oder buchen Sie Tickets f\u00fcr das Ventnor Fringe Festival im August.<\/p>\n<div class=\"snippet\"> <a class=\"featured-item\" href=\" https:\/\/www.urlaubcornwall.de\/ferienhaeuser-fewos\/isle-of-wight.html\"> <span class=\"image-holder\" style=\"background-image: url('https:\/\/www.urlaubcornwall.de\/blog\/wp-content\/uploads\/2018\/11\/landhaus-cornwall-1.jpg');\"><\/span> <span class=\"featured-content\"> \n<h2 class=\"featured-title\">Ferienh\u00e4user auf der Isle of Wight am Meer<\/h2>\n<p class=\"featured-body\">Bei uns finden Sie Ferienh\u00e4user zum Verlieben &#8211; so einfach ist das! Hier finden sie 150 pers\u00f6nlich inspizierten Ferienh\u00e4user &#038; Ferienwohnungen f\u00fcr Ihren Urlaub in Isle of Wight&#8230;..<\/p>\n<\/span> <span class=\"featured-link-holder\"> <span class=\"featured-extra-info\"> \n<p> F\u00fcr Paare, Familien &#038; Gruppen<\/p>\n<\/span> \n<p class=\"featured-link\">DETAILS<\/p>\n<\/span> <\/a><\/div>\n<p>Ventors Ufer, auch bekannt als Ventnor Haven, ist ein herrliches Fleckchen zum Angeln. Es gibt hier ein wundervolles Fischgesch\u00e4ft, wo sie frisch gefangenen Fisch finden k\u00f6nnen, den Sie dann mitnehmen k\u00f6nnen, um Zuhause ein Abendessen zuzubereiten. Das meiste, was an Krabben auf der Insel serviert wird, stammt ebenfalls von Ventnor, so dass Sie sichergehen k\u00f6nnen, in den einheimischen Restaurants und Bistros der Gegend frische Meeresspeisen zu finden.<\/p>\n<p>Ventnor befindet sich im S\u00fcden der Insel, direkt \u00f6stlich vom St Catherines Zipfel und Niton. \u00d6stlich von Ventnor finden Sie das kleine Dorf Bonchurch, das einen hohen literarischen Anspruch auf Ruhm hat. Das Dorf war Gastgeber f\u00fcr zahlreiche ber\u00fchmte Autoren, einschlie\u00dflich Charles Dickens und den Poeten Algernon Charles Swinburne. Weiter der K\u00fcste entlang befinden sich auch <a href=\"https:\/\/www.urlaubcornwall.de\/ferienhaeuser-fewos\/eng\/isle-of-wight\/shanklin.html\">Shanklin<\/a> und Sandown.<\/p>\n","protected":false},"excerpt":{"rendered":"<p>Ventnor \u2013 Zuhause der quirligen Kunstszene der Isle of Wight, sowie der wundersch\u00f6nen botanischen G\u00e4rten. Ventnor hat f\u00fcr Inselbesucher einen Reichtum an Aktivit\u00e4ten im Angebot. Windgesch\u00fctzt von den St Boniface Downs, hat die Stadt ihr ganz eigenes Mikroklima, was bedeutet, dass es das ganze Jahr \u00fcber besonders warm bleibt. Machen Sie das meiste aus dem [&hellip;]<\/p>\n","protected":false},"author":1,"featured_media":0,"parent":0,"menu_order":0,"comment_status":"closed","ping_status":"closed","template":"single-four.php","meta":[],"acf":[],"yoast_head":"<!-- This site is optimized with the Yoast SEO plugin v19.4 - https:\/\/yoast.com\/wordpress\/plugins\/seo\/ -->\n<title>Urlaub Ventnor \u2013 Zuhause der quirligen Kunstszene der Isle of Wight - Urlaub &amp; Reisen<\/title>\n<meta name=\"robots\" content=\"index, follow, max-snippet:-1, max-image-preview:large, max-video-preview:-1\" \/>\n<link rel=\"canonical\" href=\"https:\/\/www.urlaubcornwall.de\/blog\/isle-of-wight-reiseziel-ventor\/\" \/>\n<meta property=\"og:locale\" content=\"en_US\" \/>\n<meta property=\"og:type\" content=\"article\" \/>\n<meta property=\"og:title\" content=\"Urlaub Ventnor \u2013 Zuhause der quirligen Kunstszene der Isle of Wight - Urlaub &amp; Reisen\" \/>\n<meta property=\"og:description\" content=\"Ventnor \u2013 Zuhause der quirligen Kunstszene der Isle of Wight, sowie der wundersch\u00f6nen botanischen G\u00e4rten. Ventnor hat f\u00fcr Inselbesucher einen Reichtum an Aktivit\u00e4ten im Angebot. Windgesch\u00fctzt von den St Boniface Downs, hat die Stadt ihr ganz eigenes Mikroklima, was bedeutet, dass es das ganze Jahr \u00fcber besonders warm bleibt. Machen Sie das meiste aus dem [&hellip;]\" \/>\n<meta property=\"og:url\" content=\"https:\/\/www.urlaubcornwall.de\/blog\/isle-of-wight-reiseziel-ventor\/\" \/>\n<meta property=\"og:site_name\" content=\"Urlaub &amp; Reisen\" \/>\n<meta property=\"article:modified_time\" content=\"2024-05-26T12:31:13+00:00\" \/>\n<meta property=\"og:image\" content=\"https:\/\/www.urlaubcornwall.de\/blog\/wp-content\/uploads\/2024\/05\/ventnor.jpg\" \/>\n<meta name=\"twitter:card\" content=\"summary\" \/>\n<meta name=\"twitter:label1\" content=\"Est. reading time\" \/>\n\t<meta name=\"twitter:data1\" content=\"2 minutes\" \/>\n<script type=\"application\/ld+json\" class=\"yoast-schema-graph\">{\"@context\":\"https:\/\/schema.org\",\"@graph\":[{\"@type\":\"WebSite\",\"@id\":\"https:\/\/www.urlaubcornwall.de\/blog\/#website\",\"url\":\"https:\/\/www.urlaubcornwall.de\/blog\/\",\"name\":\"Urlaub &amp; Reisen\",\"description\":\"Urlaub, Reisen, Cornwall und S\u00fcdengland: eine perfekte Kombination\",\"potentialAction\":[{\"@type\":\"SearchAction\",\"target\":{\"@type\":\"EntryPoint\",\"urlTemplate\":\"https:\/\/www.urlaubcornwall.de\/blog\/?s={search_term_string}\"},\"query-input\":\"required name=search_term_string\"}],\"inLanguage\":\"en-US\"},{\"@type\":\"WebPage\",\"@id\":\"https:\/\/www.urlaubcornwall.de\/blog\/isle-of-wight-reiseziel-ventor\/\",\"url\":\"https:\/\/www.urlaubcornwall.de\/blog\/isle-of-wight-reiseziel-ventor\/\",\"name\":\"Urlaub Ventnor \u2013 Zuhause der quirligen Kunstszene der Isle of Wight - Urlaub &amp; Reisen\",\"isPartOf\":{\"@id\":\"https:\/\/www.urlaubcornwall.de\/blog\/#website\"},\"datePublished\":\"2019-12-07T14:33:11+00:00\",\"dateModified\":\"2024-05-26T12:31:13+00:00\",\"breadcrumb\":{\"@id\":\"https:\/\/www.urlaubcornwall.de\/blog\/isle-of-wight-reiseziel-ventor\/#breadcrumb\"},\"inLanguage\":\"en-US\",\"potentialAction\":[{\"@type\":\"ReadAction\",\"target\":[\"https:\/\/www.urlaubcornwall.de\/blog\/isle-of-wight-reiseziel-ventor\/\"]}]},{\"@type\":\"BreadcrumbList\",\"@id\":\"https:\/\/www.urlaubcornwall.de\/blog\/isle-of-wight-reiseziel-ventor\/#breadcrumb\",\"itemListElement\":[{\"@type\":\"ListItem\",\"position\":1,\"name\":\"Home\",\"item\":\"https:\/\/www.urlaubcornwall.de\/blog\/\"},{\"@type\":\"ListItem\",\"position\":2,\"name\":\"Urlaub Ventnor \u2013 Zuhause der quirligen Kunstszene der Isle of Wight\"}]}]}<\/script>\n<!-- \/ Yoast SEO plugin. -->","yoast_head_json":{"title":"Urlaub Ventnor \u2013 Zuhause der quirligen Kunstszene der Isle of Wight - Urlaub &amp; Reisen","robots":{"index":"index","follow":"follow","max-snippet":"max-snippet:-1","max-image-preview":"max-image-preview:large","max-video-preview":"max-video-preview:-1"},"canonical":"https:\/\/www.urlaubcornwall.de\/blog\/isle-of-wight-reiseziel-ventor\/","og_locale":"en_US","og_type":"article","og_title":"Urlaub Ventnor \u2013 Zuhause der quirligen Kunstszene der Isle of Wight - Urlaub &amp; Reisen","og_description":"Ventnor \u2013 Zuhause der quirligen Kunstszene der Isle of Wight, sowie der wundersch\u00f6nen botanischen G\u00e4rten. Ventnor hat f\u00fcr Inselbesucher einen Reichtum an Aktivit\u00e4ten im Angebot. Windgesch\u00fctzt von den St Boniface Downs, hat die Stadt ihr ganz eigenes Mikroklima, was bedeutet, dass es das ganze Jahr \u00fcber besonders warm bleibt. Machen Sie das meiste aus dem [&hellip;]","og_url":"https:\/\/www.urlaubcornwall.de\/blog\/isle-of-wight-reiseziel-ventor\/","og_site_name":"Urlaub &amp; Reisen","article_modified_time":"2024-05-26T12:31:13+00:00","og_image":[{"url":"https:\/\/www.urlaubcornwall.de\/blog\/wp-content\/uploads\/2024\/05\/ventnor.jpg"}],"twitter_card":"summary","twitter_misc":{"Est. reading time":"2 minutes"},"schema":{"@context":"https:\/\/schema.org","@graph":[{"@type":"WebSite","@id":"https:\/\/www.urlaubcornwall.de\/blog\/#website","url":"https:\/\/www.urlaubcornwall.de\/blog\/","name":"Urlaub &amp; Reisen","description":"Urlaub, Reisen, Cornwall und S\u00fcdengland: eine perfekte Kombination","potentialAction":[{"@type":"SearchAction","target":{"@type":"EntryPoint","urlTemplate":"https:\/\/www.urlaubcornwall.de\/blog\/?s={search_term_string}"},"query-input":"required name=search_term_string"}],"inLanguage":"en-US"},{"@type":"WebPage","@id":"https:\/\/www.urlaubcornwall.de\/blog\/isle-of-wight-reiseziel-ventor\/","url":"https:\/\/www.urlaubcornwall.de\/blog\/isle-of-wight-reiseziel-ventor\/","name":"Urlaub Ventnor \u2013 Zuhause der quirligen Kunstszene der Isle of Wight - Urlaub &amp; Reisen","isPartOf":{"@id":"https:\/\/www.urlaubcornwall.de\/blog\/#website"},"datePublished":"2019-12-07T14:33:11+00:00","dateModified":"2024-05-26T12:31:13+00:00","breadcrumb":{"@id":"https:\/\/www.urlaubcornwall.de\/blog\/isle-of-wight-reiseziel-ventor\/#breadcrumb"},"inLanguage":"en-US","potentialAction":[{"@type":"ReadAction","target":["https:\/\/www.urlaubcornwall.de\/blog\/isle-of-wight-reiseziel-ventor\/"]}]},{"@type":"BreadcrumbList","@id":"https:\/\/www.urlaubcornwall.de\/blog\/isle-of-wight-reiseziel-ventor\/#breadcrumb","itemListElement":[{"@type":"ListItem","position":1,"name":"Home","item":"https:\/\/www.urlaubcornwall.de\/blog\/"},{"@type":"ListItem","position":2,"name":"Urlaub Ventnor \u2013 Zuhause der quirligen Kunstszene der Isle of Wight"}]}]}},"_links":{"self":[{"href":"https:\/\/www.urlaubcornwall.de\/blog\/wp-json\/wp\/v2\/pages\/39213"}],"collection":[{"href":"https:\/\/www.urlaubcornwall.de\/blog\/wp-json\/wp\/v2\/pages"}],"about":[{"href":"https:\/\/www.urlaubcornwall.de\/blog\/wp-json\/wp\/v2\/types\/page"}],"author":[{"embeddable":true,"href":"https:\/\/www.urlaubcornwall.de\/blog\/wp-json\/wp\/v2\/users\/1"}],"replies":[{"embeddable":true,"href":"https:\/\/www.urlaubcornwall.de\/blog\/wp-json\/wp\/v2\/comments?post=39213"}],"version-history":[{"count":3,"href":"https:\/\/www.urlaubcornwall.de\/blog\/wp-json\/wp\/v2\/pages\/39213\/revisions"}],"predecessor-version":[{"id":50204,"href":"https:\/\/www.urlaubcornwall.de\/blog\/wp-json\/wp\/v2\/pages\/39213\/revisions\/50204"}],"wp:attachment":[{"href":"https:\/\/www.urlaubcornwall.de\/blog\/wp-json\/wp\/v2\/media?parent=39213"}],"curies":[{"name":"wp","href":"https:\/\/api.w.org\/{rel}","templated":true}]}}