{"id":39197,"date":"2019-12-06T13:42:30","date_gmt":"2019-12-06T13:42:30","guid":{"rendered":"https:\/\/www.urlaubcornwall.de\/blog\/?page_id=39197"},"modified":"2026-01-07T10:17:04","modified_gmt":"2026-01-07T10:17:04","slug":"unsere-urlaubstipps-und-inspiration-fuer-die-isle-of-wight","status":"publish","type":"page","link":"https:\/\/www.urlaubcornwall.de\/blog\/unsere-urlaubstipps-und-inspiration-fuer-die-isle-of-wight\/","title":{"rendered":"Unsere Urlaubstipps und Sehensw\u00fcrdigkeiten f\u00fcr die Isle of Wight"},"content":{"rendered":"<p><img loading=\"lazy\" class=\"aligncenter size-full wp-image-47925\" src=\"https:\/\/www.urlaubcornwall.de\/blog\/wp-content\/uploads\/2024\/03\/needles_isles-of-wight.jpg\" alt=\"needles_isles of wight\" width=\"750\" height=\"500\" srcset=\"https:\/\/www.urlaubcornwall.de\/blog\/wp-content\/uploads\/2024\/03\/needles_isles-of-wight.jpg 750w, https:\/\/www.urlaubcornwall.de\/blog\/wp-content\/uploads\/2024\/03\/needles_isles-of-wight-300x200.jpg 300w\" sizes=\"(max-width: 750px) 100vw, 750px\" \/><\/p>\n<p>Hier finden Sie unsere ultimativen Empfehlungen dazu, was Sie auf der <a href=\"https:\/\/www.urlaubcornwall.de\/reiseziel\/isle-of-wight.php\">Isle of Wight<\/a> tun k\u00f6nnen. Dies beinhaltet die Isle of Wight Str\u00e4nde, Sehensw\u00fcrdigkeiten, Restaurants und Familienausflugsziele. Wir haben eine wahre Mischung an aufregenden, entspannenden und Spa\u00df machenden Vorschl\u00e4gen gefunden und f\u00fcr Sie zusammengestellt, so dass Sie damit beginnen k\u00f6nnen, Ihren Urlaub zu planen. H\u00fcpfen Sie doch auf die <a href=\"https:\/\/www.urlaubcornwall.de\/blog\/anreise-nach-die-isle-of-wight\/\">Isle of Wight F\u00e4hre<\/a> und lassen Sie s\u00e4mtliche Probleme von sich weichen. <\/p>\n<p>Auf dieser kleinen Insel k\u00f6nnen Sie, w\u00e4hrend Sie auf Erkundungen gehen, in den Fu\u00dfstapfen von Dichtern, R\u00f6mern, Musikern und sogar einer K\u00f6nigin wandeln. Tief verankert in der Geschichte mit den r\u00f6mischen Villen und, j\u00fcngeren Datums, ein viktorianischer Einfluss, so gibt es hier eine interessante Balance zwischen Vergangenheit und Gegenwart: urige reetgedeckte D\u00f6rfer befinden sich neben der Ingenieursleistung der viktorianischen Promenade und des Pier; die Natursch\u00f6nheit der wei\u00dfen Klippen der Needles war einst Schauplatz f\u00fcr Experimente mit Weltraumraketen. Die Isle of Wight birgt an jeder Ecke \u00dcberraschungen. Machen Sie sich also auf die Erkundung.<\/p>\n<p>1. Blackgang Chine \u2013 ein Kinderparadies an der S\u00fcdk\u00fcste der Insel. Bringen Sie Ihre Feenprinzessinnen, Cowboys und Dinosaurierj\u00e4ger hierher, um einen Tag voller Spa\u00df zu erleben. Sie brauchen nur die einzigartige nostalgische Qualit\u00e4t dieses Abenteuerspielplatzes auf der Klippenspitze zu erleben.<\/p>\n<p>2. <a href=\"https:\/\/www.urlaubcornwall.de\/blog\/wandern-und-wanderurlaube-auf-der-isle-wight\/\">Wandern auf der Isle of Wight<\/a> &#8211; Das Isle of Wight Wanderfestival ist ein j\u00e4hrliches Ereignis, wo Sie an Gruppenwanderungen um die Insel herum teilnehmen k\u00f6nnen, dabei die malerischen K\u00fcsten und wilde l\u00e4ndliche Gegend erleben. Die Isle of Wight hat sogar noch mehr \u2018Gebiete hervorragender Natursch\u00f6nheit\u2018 als Cornwall. Erwandern Sie also so viel davon, wie Sie nur k\u00f6nnen.<\/p>\n<p>3. Radeln Sie der K\u00fcste der Insel entlang &#8211; Eine der besten Vergn\u00fcgungen, auf einer Insel zu sein, ist, dass Sie rundherum reisen k\u00f6nnen, wenn es das ist, was Sie wirklich wollen. Das j\u00e4hrliche Radfahrfestival bietet diese Option als Route, an der Sie teilnehmen k\u00f6nnen. Treffen Sie neue Leute und schauen Sie sich die Isle of Wight an, w\u00e4hrend Sie ein <a href=\"https:\/\/www.urlaubcornwall.de\/radurlaub\/cornwall.php\">bisschen Sport in Ihren Urlaub<\/a> einbauen. <\/p>\n<div class=\"snippet\"> <a class=\"featured-item\" href=\" https:\/\/www.urlaubcornwall.de\/ferienhaeuser-fewos\/isle-of-wight.html\"> <span class=\"image-holder\" style=\"background-image: url('https:\/\/www.urlaubcornwall.de\/blog\/wp-content\/uploads\/2018\/11\/landhaus-cornwall-1.jpg');\"><\/span> <span class=\"featured-content\"> \n<h2 class=\"featured-title\">Ferienh\u00e4user auf der Isle of Wight<\/h2>\n<p class=\"featured-body\">UrlaubCornwall empfiehlt Ferienh\u00e4user, die Ihnen die gr\u00f6\u00dfte Auswahl an handverlesenen Unterk\u00fcnften f\u00fcr Selbstverpfleger in dieser wundersch\u00f6nen Region Gro\u00dfbritanniens&#8230;.<\/p>\n<\/span> <span class=\"featured-link-holder\"> <span class=\"featured-extra-info\"> \n<p> F\u00fcr Paare, Familien &#038; Gruppen<\/p>\n<\/span> \n<p class=\"featured-link\">DETAILS<\/p>\n<\/span> <\/a><\/div>\n<p>4. F\u00fcr Speiseliebhaber \u2013 Die Knoblauchfarm ist ein interessanter Ort, wo Sie den Knoblauch wachsen sehen, kaufen k\u00f6nnen, um ihn mit nach Hause zu nehmen, und die Farm sogar besuchen k\u00f6nnen, um spezielle Abendessen und Kinon\u00e4chte zu erleben. Das j\u00e4hrliche Knoblauchfestival ist ein Paradies f\u00fcr Liebhaber guter Speisen, besonders dann, wenn Sie ein wenig der Inseldelikatessen mit nach Hause nehmen wollen.<\/p>\n<p>5. Machen Sie sich w\u00e4hrend der <a href=\"https:\/\/www.urlaubcornwall.de\/ferienhaeuser-fewos\/eng\/isle-of-wight\/cowes.html\">Cowes Woche<\/a> auf zum Segeln \u2013 Es ist die ultimative Aktivit\u00e4t w\u00e4hrend der Sommerferien, und dieses Segelfestival im August f\u00fcllt Cowes mit Leben, Musik und jeder Menge Aktivit\u00e4ten. Sie d\u00fcrfen sich kaum Segler nennen, wenn Sie noch nie dort waren. <a href=\"https:\/\/www.urlaubcornwall.de\/ferienhaeuser-fewos\/eng\/isle-of-wight\/ventnor.html\">Ventnor Haven<\/a> ist das ganze Jahr \u00fcber von den Klippen windgesch\u00fctzt; perfekt also f\u00fcr einen entspannenden Strandspaziergang. <\/p>\n<p>6. Die beste Grafschaftsshow \u2013 Wie alle Grafschaftsshows, so ist die Isle of Wight Show angef\u00fcllt mit den besten einheimischen Produkten und Aktivit\u00e4ten, die die Insel zu bieten hat. Wenn Sie noch nie eine marschierende Band vor h\u00fcbsch herausgeputzten K\u00fchen haben spielen sehen, f\u00fcgen sie dies sofort Ihrer Bucket Liste bei. <\/p>\n<p><img loading=\"lazy\" class=\"aligncenter size-full wp-image-39202\" src=\"https:\/\/www.urlaubcornwall.de\/blog\/wp-content\/uploads\/2019\/12\/IOW-culver-cliffs.jpg\" alt=\"Culver Cliffs isle of Wight urlaub strand\" width=\"749\" height=\"432\"\/><\/p>\n<p>7. Spazieren Sie in den Fu\u00dfstapfen einer K\u00f6nigin \u2013 Das <a href=\"https:\/\/www.urlaubcornwall.de\/ferienhaeuser-fewos\/eng\/isle-of-wight\/cowes.html\">Osborne Haus bei Cowes<\/a> war das Sommerhaus von K\u00f6nigin Victoria und Prinz Albert. Das italienisch inspirierte Geb\u00e4ude verf\u00fcgt \u00fcber einen privaten Strand, viele Hektar Grund, ein schweizer  Cottage und einen Mauergarten. W\u00e4hrend der Schulferien gibt es immer Aktivit\u00e4ten f\u00fcr Kinder und einen gut ausgestatteten Laden, um Urlaubsgeschenke mit nach Hause zu nehmen. <\/p>\n<p>8. K\u00e4mpfen Sie mit Schwertern auf den Mauern der Burg Carisbrooke \u2013 Die Burg ist perfekt geeignet f\u00fcr Kinder, die es lieben, herumzurennen und zu spielen. Benutzen Sie das Grundst\u00fcck, um imagin\u00e4re Schwertk\u00e4mpfe und Ritterspiele auszutragen. Dies ist der perfekte Ort, um die Vorstellungskr\u00e4fte zu inspirieren und die Chance zu bekommen, wieder f\u00fcr einen Tag Kind zu sein. <\/p>\n<p>9. Gehen Sie auf eine Natursafari \u2013 Das Newtown National Nature Reserve ist ein Hot Spot f\u00fcr Vogelbeobachter und Liebhaber kriechender, krabbelnder Tiere. Schauen Sie unter Felsen oder in den B\u00e4umen, und Sie finden das gesamte einheimische Tierleben dort. <\/p>\n<p><img loading=\"lazy\" class=\"aligncenter size-full wp-image-39200\" src=\"https:\/\/www.urlaubcornwall.de\/blog\/wp-content\/uploads\/2019\/12\/IOW-bembridge-lifeboat.jpg\" alt=\"Bembridge Rettungsbootsstation\" width=\"749\" height=\"432\"\/><\/p>\n<p>10. Einheimische Sehensw\u00fcrdigkeiten \u2013 die T\u00fcrme der Bembridge Rettungsbootstation \u00fcber dem Ozean direkt vor der <a href=\"https:\/\/www.urlaubcornwall.de\/ferienhaeuser-fewos\/eng\/isle-of-wight\/bembridge.html\">K\u00fcste bei Bembridge<\/a>. Direkt vor der K\u00fcste bei Bembridge ragen die T\u00fcrme der Rettungsbootsstation \u00fcber dem Wasser hervor. Machen Sie einen Spaziergang entlang der Br\u00fccke und lassen Sie Ihren Blick schweifen, \u00fcber die Rettungsbootsstation hinweg aufs Meer hinaus. Von hier aus haben Sie einen Panoramablick hinaus aufs Meer und entlang der K\u00fcste. <\/p>\n<p>11. Besuchen Sie die einzige Windm\u00fchle der Insel &#8211; <a href=\"https:\/\/www.urlaubcornwall.de\/ferienhaeuser-fewos\/eng\/isle-of-wight\/bembridge.html\">Bembridge<\/a> Windmill, betrieben vom National Trust, ist ein sehenswert interessantes Bauwerk, und es gibt eine Menge Wege und Pfade, denen Sie in der Umgebung folgen k\u00f6nnen. Wenn also Windm\u00fchlen Ihre Leidenschaft sind; hier ist eine, die ganz oben auf Ihrer Liste stehen sollte. <\/p>\n<p><img loading=\"lazy\" class=\"aligncenter size-full wp-image-39205\" src=\"https:\/\/www.urlaubcornwall.de\/blog\/wp-content\/uploads\/2019\/12\/IOW-ryde-pier-2.jpg\" alt=\"Ryde Pier\" width=\"749\" height=\"432\"\/><\/p>\n<p>12. Wandern Sie den l\u00e4ngsten Pier im UK entlang \u2013 Der Blick vom Ende des Ryde Piers zur\u00fcck in <a href=\"https:\/\/www.urlaubcornwall.de\/ferienhaeuser-fewos\/eng\/isle-of-wight\/ryde.html\">Richtung Ryde ist atemberaubend<\/a>. Ryde Pier ist der l\u00e4ngste Pier im UK, und Sie k\u00f6nnen entlangspazieren oder entlangfahren, und es gibt sogar eine Dampfeisenbahn, die Sie \u00fcber den Osten der Insel bringen kann.<\/p>\n<p>13. Sehen Sie sich die Benediktinerm\u00f6nche der Abtei Quarr an \u2013 Es ist eine der wenigen Abteien des Landes, das Zuhause praktizierender M\u00f6nche ist. Die Abtei Quarr ist ein wundersch\u00f6ner Ort, um inneren Frieden und Erleuchtung zu finden.<\/p>\n<p>14. Besuchen Sie die Needles &#8211; Die ikonischen Needles sind ein Muss eines jeden Urlaubs auf der Isle of Wight. Hier ist ein traditionelles Besucherzentrum angesiedelt mit Karussels f\u00fcr Kinder und St\u00e4nde, die Souvenirs verkaufen. Daneben jedoch ist es eine dieser geographischen Anomalien, die man einfach sehen muss, um sie wirklich sch\u00e4tzen zu k\u00f6nnen.<\/p>\n<p>15. Bewundern Sie den Blick von den Alum Bay Gondeln aus \u2013 Machen Sie eine prek\u00e4re Fahrt die Flanken der wei\u00dfen Klippen entlang hinunter, um die Needles von einem etwas anderen Blickwinkel aus zu sehen. Es ist eines dieser (absolut sicheren) Transportmittel, die gef\u00e4hrlicher aussehen als sie tats\u00e4chlich sind \u2013 im Ernst, es sieht wie ein bunter Skilift aus, doch f\u00e4llt er die Klippe hinunter.  <\/p>\n<p><script async src=\"https:\/\/pagead2.googlesyndication.com\/pagead\/js\/adsbygoogle.js?client=ca-pub-3901089389175725\"\n     crossorigin=\"anonymous\"><\/script><br \/>\n<!-- New UC --><br \/>\n<ins class=\"adsbygoogle\"\n     style=\"display:block\"\n     data-ad-client=\"ca-pub-3901089389175725\"\n     data-ad-slot=\"8080314818\"\n     data-ad-format=\"auto\"\n     data-full-width-responsive=\"true\"><\/ins><br \/>\n<script>\n     (adsbygoogle = window.adsbygoogle || []).push({});\n<\/script><\/p>\n<p>16. Erhaschen Sie eine Welle in einigen beliebten Surfgebieten \u2013 Dachten Sie etwa, Surfen w\u00e4re nur etwas f\u00fcr Urlaube in Cornwall? \u00dcberdenken Sie das noch einmal. Die Buchten Hanover und Compton Bay sind beliebt aufgrund des Blicks, den Sie die Inselk\u00fcste hinunter bekommen. Surfen zu erlernen, steht auf den Listen vieler Leute, und dies hier ist ein gro\u00dfartiger Ort, um es zu erlernen.<\/p>\n<p>17. Schauen Sie sich die \u00dcberbleibsel der r\u00f6mischen Mosaiken an \u2013 Beide, sowohl die r\u00f6mische Villa in Newport als auch die in Brading Roman beherbergen herrliche Kunstwerke von vor Tausenden von Jahren. Es gibt sogar Mosaikb\u00f6den, die sorgsam erhalten wurden. <\/p>\n<p>18. Flitzen Sie hin\u00fcber nach Southampton &#8211; Bei Ryde k\u00f6nnen Sie auf das Hovercraft h\u00fcpfen, das in der gesamten Welt einzigartig ist. Ja, tats\u00e4chlich in der gesamten Welt, daher eine wahrhaftig einzigartige Erfahrung Ihrer Bucket Liste. Zudem ist es eine spa\u00dfige Art und Weise, an einem Ausflugstag zum Hauptland ins historische Southampton zu gelangen. <\/p>\n<p>19. Schauen Sie sich den Sonnenuntergang vom St Catherines Point aus an &#8211; St Catherines Point ist der s\u00fcdlichste Zipfel der Isle of Wight. Der wei\u00dfe Leuchtturm steht als Silhouette vor dem orangefarbenen Himmel, wenn die Sonne hinter dem Horizont versinkt. Wir fordern Sie heraus, irgendwo anders einen derart farbenpr\u00e4chtigen Sonnenuntergang wie hier zu finden.<\/p>\n<p>20. Sp\u00fcren Sie den Inselgeist w\u00e4hrend des \u201aRound the Island Rennens\u2018 \u2013 Es ist ein wahrhaftiges Spektakel. Es gibt Regatten und Rennen das ganze Jahr \u00fcber auf der Insel, doch das Round the Island Rennen ist wirklich das aufregendste. Mit mehr als  1800 Booten und ungef\u00e4hr 16000 Seglern ist es eines der gr\u00f6\u00dften Jachtrennen der Welt; also absolut abzuhaken auf der Liste berauschender Erfahrungen auf dem Wasser. <\/p>\n<p>21. Klettern Sie mit Goodleaf die h\u00f6chsten Inselb\u00e4ume hinauf \u2013 Dies ist eine unserer Lieblingsaktivit\u00e4ten. Goodleaf wird Sie mit Kletterausr\u00fcstung versorgen und Ihnen zeigen, wie Sie sicher in die Wipfel der B\u00e4ume klettern k\u00f6nnen. Die B\u00e4ume, die sie benutzen, haben auch Plattformen, wo Sie sitzen und den anderen um Sie herum beim Klettern zuschauen k\u00f6nnen.<\/p>\n<p>22. Verbringen Sie einen <a href=\"https:\/\/www.urlaubcornwall.de\/blog\/familienurlaub-auf-der-isle-wight-inselurlaub-mit-kindern\/\">Tagesausflug mit Kinder<\/a>n in der Tapnell Farm \u2013 F\u00fchren Sie die Kleinen ins Leben auf dem Bauernhof ein. Besuchen Sie die Farm im F\u00fchling, um neugeborene L\u00e4mmer zu sehen \u2013 eine Erfahrung angef\u00fcllt mit Staunen, an der jedes Kind teilhaben sollte. Es gibt zudem einige fantastische familienfreundliche und <a href=\"https:\/\/www.urlaubcornwall.de\/blog\/urlaub-mit-hund-auf-der-isle-wight\/\">hundefreundliche Str\u00e4nde auf der Isle of Wight<\/a>.<\/p>\n<p><img loading=\"lazy\" class=\"aligncenter size-full wp-image-39203\" src=\"https:\/\/www.urlaubcornwall.de\/blog\/wp-content\/uploads\/2019\/12\/IOW-freshwater-bay.jpg\" alt=\"Freshwater-bay urlaub isle of wight\" width=\"749\" height=\"432\"\/><br \/>\n23. Machen Sie sich auf die Suche nach Meeresglas am Strand Yaverland &#8211; Yaverland ist der Ort schlechthin, an dem man einige kostbare St\u00fccke Meeresglas aufsammeln kann. Wenn Sie genau genug hinschauen, k\u00f6nnen Sie einige wirklich interessante Formen und Farben finden. Jedes St\u00fcck, das Sie finden, ist wahrhaft einzigartig.<\/p>\n<p>24. Bewundern Sie eine Musiklegende w\u00e4hrend des Isle of Wight Festivals \u2013 Das j\u00e4hrliche Festival zieht eine Pilgerreise von Menschen aus nah und fern an, die in der Landschaft der Isle of Wight auftauchen, w\u00e4hrend sie einige der gr\u00f6\u00dften Musiker auftreten sehen. Wenn Sie Festivals m\u00f6gen, werden Sie dieses lieben.<\/p>\n<p>25. Machen Sie sich auf die Suche nach roten Eichh\u00f6rnchen \u2013 Es gibt jede Menge Orte auf der Isle of Wight, wo Sie nach roten Eichh\u00f6rnchen suchen k\u00f6nnen. Bewegen Sie sich vorsichtig, und Sie k\u00f6nnten damit belohnt werden, zu sehen, wie sich die Eichh\u00f6rnchen eilig in den B\u00e4umen bewegen. Dies ist f\u00fcr jeden Naturliebhaber ein seltener Anblick.<\/p>\n<p>26. Erwandern Sie die gesamte K\u00fcste um die Isle of Wight herum \u2013 Es sind ungef\u00e4hr 200 Meilen am Rande der Insel entlang, mehr als genug Meilen, um Sie w\u00e4hrend Ihres n\u00e4chsten Wanderurlaubs zu besch\u00e4ftigen und eine nette Vorleistung, um sich an den S\u00fcdwestk\u00fcstenpfad zu machen.<\/p>\n<p>F\u00fchlen Sie sich inspiriert? Schauen Sie sich doch <a href=\"https:\/\/www.urlaubcornwall.de\/ferienhaeuser-fewos\/eng\/isle-of-wight\/isle-of-wight.html\">unsere exklusive Sammlung an Cottages auf der Isle of Wight<\/a> an.<\/p>\n","protected":false},"excerpt":{"rendered":"<p>Hier finden Sie unsere ultimativen Empfehlungen dazu, was Sie auf der Isle of Wight tun k\u00f6nnen. Dies beinhaltet die Isle of Wight Str\u00e4nde, Sehensw\u00fcrdigkeiten, Restaurants und Familienausflugsziele. Wir haben eine wahre Mischung an aufregenden, entspannenden und Spa\u00df machenden Vorschl\u00e4gen gefunden und f\u00fcr Sie zusammengestellt, so dass Sie damit beginnen k\u00f6nnen, Ihren Urlaub zu planen. H\u00fcpfen [&hellip;]<\/p>\n","protected":false},"author":1,"featured_media":0,"parent":0,"menu_order":0,"comment_status":"closed","ping_status":"closed","template":"single-four.php","meta":[],"acf":[],"yoast_head":"<!-- This site is optimized with the Yoast SEO plugin v19.4 - https:\/\/yoast.com\/wordpress\/plugins\/seo\/ -->\n<title>Unsere Urlaubstipps und Sehensw\u00fcrdigkeiten f\u00fcr die Isle of Wight - Urlaub &amp; Reisen<\/title>\n<meta name=\"robots\" content=\"index, follow, max-snippet:-1, max-image-preview:large, max-video-preview:-1\" \/>\n<link rel=\"canonical\" href=\"https:\/\/www.urlaubcornwall.de\/blog\/unsere-urlaubstipps-und-inspiration-fuer-die-isle-of-wight\/\" \/>\n<meta property=\"og:locale\" content=\"en_US\" \/>\n<meta property=\"og:type\" content=\"article\" \/>\n<meta property=\"og:title\" content=\"Unsere Urlaubstipps und Sehensw\u00fcrdigkeiten f\u00fcr die Isle of Wight - Urlaub &amp; Reisen\" \/>\n<meta property=\"og:description\" content=\"Hier finden Sie unsere ultimativen Empfehlungen dazu, was Sie auf der Isle of Wight tun k\u00f6nnen. Dies beinhaltet die Isle of Wight Str\u00e4nde, Sehensw\u00fcrdigkeiten, Restaurants und Familienausflugsziele. Wir haben eine wahre Mischung an aufregenden, entspannenden und Spa\u00df machenden Vorschl\u00e4gen gefunden und f\u00fcr Sie zusammengestellt, so dass Sie damit beginnen k\u00f6nnen, Ihren Urlaub zu planen. H\u00fcpfen [&hellip;]\" \/>\n<meta property=\"og:url\" content=\"https:\/\/www.urlaubcornwall.de\/blog\/unsere-urlaubstipps-und-inspiration-fuer-die-isle-of-wight\/\" \/>\n<meta property=\"og:site_name\" content=\"Urlaub &amp; Reisen\" \/>\n<meta property=\"article:modified_time\" content=\"2026-01-07T10:17:04+00:00\" \/>\n<meta property=\"og:image\" content=\"https:\/\/www.urlaubcornwall.de\/blog\/wp-content\/uploads\/2024\/03\/needles_isles-of-wight.jpg\" \/>\n<meta name=\"twitter:card\" content=\"summary\" \/>\n<meta name=\"twitter:label1\" content=\"Est. reading time\" \/>\n\t<meta name=\"twitter:data1\" content=\"9 minutes\" \/>\n<script type=\"application\/ld+json\" class=\"yoast-schema-graph\">{\"@context\":\"https:\/\/schema.org\",\"@graph\":[{\"@type\":\"WebSite\",\"@id\":\"https:\/\/www.urlaubcornwall.de\/blog\/#website\",\"url\":\"https:\/\/www.urlaubcornwall.de\/blog\/\",\"name\":\"Urlaub &amp; Reisen\",\"description\":\"Urlaub, Reisen, Cornwall und S\u00fcdengland: eine perfekte Kombination\",\"potentialAction\":[{\"@type\":\"SearchAction\",\"target\":{\"@type\":\"EntryPoint\",\"urlTemplate\":\"https:\/\/www.urlaubcornwall.de\/blog\/?s={search_term_string}\"},\"query-input\":\"required name=search_term_string\"}],\"inLanguage\":\"en-US\"},{\"@type\":\"WebPage\",\"@id\":\"https:\/\/www.urlaubcornwall.de\/blog\/unsere-urlaubstipps-und-inspiration-fuer-die-isle-of-wight\/\",\"url\":\"https:\/\/www.urlaubcornwall.de\/blog\/unsere-urlaubstipps-und-inspiration-fuer-die-isle-of-wight\/\",\"name\":\"Unsere Urlaubstipps und Sehensw\u00fcrdigkeiten f\u00fcr die Isle of Wight - Urlaub &amp; Reisen\",\"isPartOf\":{\"@id\":\"https:\/\/www.urlaubcornwall.de\/blog\/#website\"},\"datePublished\":\"2019-12-06T13:42:30+00:00\",\"dateModified\":\"2026-01-07T10:17:04+00:00\",\"breadcrumb\":{\"@id\":\"https:\/\/www.urlaubcornwall.de\/blog\/unsere-urlaubstipps-und-inspiration-fuer-die-isle-of-wight\/#breadcrumb\"},\"inLanguage\":\"en-US\",\"potentialAction\":[{\"@type\":\"ReadAction\",\"target\":[\"https:\/\/www.urlaubcornwall.de\/blog\/unsere-urlaubstipps-und-inspiration-fuer-die-isle-of-wight\/\"]}]},{\"@type\":\"BreadcrumbList\",\"@id\":\"https:\/\/www.urlaubcornwall.de\/blog\/unsere-urlaubstipps-und-inspiration-fuer-die-isle-of-wight\/#breadcrumb\",\"itemListElement\":[{\"@type\":\"ListItem\",\"position\":1,\"name\":\"Home\",\"item\":\"https:\/\/www.urlaubcornwall.de\/blog\/\"},{\"@type\":\"ListItem\",\"position\":2,\"name\":\"Unsere Urlaubstipps und Sehensw\u00fcrdigkeiten f\u00fcr die Isle of Wight\"}]}]}<\/script>\n<!-- \/ Yoast SEO plugin. -->","yoast_head_json":{"title":"Unsere Urlaubstipps und Sehensw\u00fcrdigkeiten f\u00fcr die Isle of Wight - Urlaub &amp; Reisen","robots":{"index":"index","follow":"follow","max-snippet":"max-snippet:-1","max-image-preview":"max-image-preview:large","max-video-preview":"max-video-preview:-1"},"canonical":"https:\/\/www.urlaubcornwall.de\/blog\/unsere-urlaubstipps-und-inspiration-fuer-die-isle-of-wight\/","og_locale":"en_US","og_type":"article","og_title":"Unsere Urlaubstipps und Sehensw\u00fcrdigkeiten f\u00fcr die Isle of Wight - Urlaub &amp; Reisen","og_description":"Hier finden Sie unsere ultimativen Empfehlungen dazu, was Sie auf der Isle of Wight tun k\u00f6nnen. Dies beinhaltet die Isle of Wight Str\u00e4nde, Sehensw\u00fcrdigkeiten, Restaurants und Familienausflugsziele. Wir haben eine wahre Mischung an aufregenden, entspannenden und Spa\u00df machenden Vorschl\u00e4gen gefunden und f\u00fcr Sie zusammengestellt, so dass Sie damit beginnen k\u00f6nnen, Ihren Urlaub zu planen. H\u00fcpfen [&hellip;]","og_url":"https:\/\/www.urlaubcornwall.de\/blog\/unsere-urlaubstipps-und-inspiration-fuer-die-isle-of-wight\/","og_site_name":"Urlaub &amp; Reisen","article_modified_time":"2026-01-07T10:17:04+00:00","og_image":[{"url":"https:\/\/www.urlaubcornwall.de\/blog\/wp-content\/uploads\/2024\/03\/needles_isles-of-wight.jpg"}],"twitter_card":"summary","twitter_misc":{"Est. reading time":"9 minutes"},"schema":{"@context":"https:\/\/schema.org","@graph":[{"@type":"WebSite","@id":"https:\/\/www.urlaubcornwall.de\/blog\/#website","url":"https:\/\/www.urlaubcornwall.de\/blog\/","name":"Urlaub &amp; Reisen","description":"Urlaub, Reisen, Cornwall und S\u00fcdengland: eine perfekte Kombination","potentialAction":[{"@type":"SearchAction","target":{"@type":"EntryPoint","urlTemplate":"https:\/\/www.urlaubcornwall.de\/blog\/?s={search_term_string}"},"query-input":"required name=search_term_string"}],"inLanguage":"en-US"},{"@type":"WebPage","@id":"https:\/\/www.urlaubcornwall.de\/blog\/unsere-urlaubstipps-und-inspiration-fuer-die-isle-of-wight\/","url":"https:\/\/www.urlaubcornwall.de\/blog\/unsere-urlaubstipps-und-inspiration-fuer-die-isle-of-wight\/","name":"Unsere Urlaubstipps und Sehensw\u00fcrdigkeiten f\u00fcr die Isle of Wight - Urlaub &amp; Reisen","isPartOf":{"@id":"https:\/\/www.urlaubcornwall.de\/blog\/#website"},"datePublished":"2019-12-06T13:42:30+00:00","dateModified":"2026-01-07T10:17:04+00:00","breadcrumb":{"@id":"https:\/\/www.urlaubcornwall.de\/blog\/unsere-urlaubstipps-und-inspiration-fuer-die-isle-of-wight\/#breadcrumb"},"inLanguage":"en-US","potentialAction":[{"@type":"ReadAction","target":["https:\/\/www.urlaubcornwall.de\/blog\/unsere-urlaubstipps-und-inspiration-fuer-die-isle-of-wight\/"]}]},{"@type":"BreadcrumbList","@id":"https:\/\/www.urlaubcornwall.de\/blog\/unsere-urlaubstipps-und-inspiration-fuer-die-isle-of-wight\/#breadcrumb","itemListElement":[{"@type":"ListItem","position":1,"name":"Home","item":"https:\/\/www.urlaubcornwall.de\/blog\/"},{"@type":"ListItem","position":2,"name":"Unsere Urlaubstipps und Sehensw\u00fcrdigkeiten f\u00fcr die Isle of Wight"}]}]}},"_links":{"self":[{"href":"https:\/\/www.urlaubcornwall.de\/blog\/wp-json\/wp\/v2\/pages\/39197"}],"collection":[{"href":"https:\/\/www.urlaubcornwall.de\/blog\/wp-json\/wp\/v2\/pages"}],"about":[{"href":"https:\/\/www.urlaubcornwall.de\/blog\/wp-json\/wp\/v2\/types\/page"}],"author":[{"embeddable":true,"href":"https:\/\/www.urlaubcornwall.de\/blog\/wp-json\/wp\/v2\/users\/1"}],"replies":[{"embeddable":true,"href":"https:\/\/www.urlaubcornwall.de\/blog\/wp-json\/wp\/v2\/comments?post=39197"}],"version-history":[{"count":16,"href":"https:\/\/www.urlaubcornwall.de\/blog\/wp-json\/wp\/v2\/pages\/39197\/revisions"}],"predecessor-version":[{"id":52010,"href":"https:\/\/www.urlaubcornwall.de\/blog\/wp-json\/wp\/v2\/pages\/39197\/revisions\/52010"}],"wp:attachment":[{"href":"https:\/\/www.urlaubcornwall.de\/blog\/wp-json\/wp\/v2\/media?parent=39197"}],"curies":[{"name":"wp","href":"https:\/\/api.w.org\/{rel}","templated":true}]}}