{"id":38882,"date":"2019-10-29T10:06:13","date_gmt":"2019-10-29T10:06:13","guid":{"rendered":"https:\/\/www.urlaubcornwall.de\/blog\/?page_id=38882"},"modified":"2025-10-20T11:00:54","modified_gmt":"2025-10-20T11:00:54","slug":"rundreise-in-england-2020-mit-eigenem-pkw-von-kent-bis-cornwall-13-tage","status":"publish","type":"page","link":"https:\/\/www.urlaubcornwall.de\/blog\/rundreise-in-england-2020-mit-eigenem-pkw-von-kent-bis-cornwall-13-tage\/","title":{"rendered":"Rundreise in England 2026: Mit eigenem PKW \u201evon Kent bis Cornwall\u201c \u2013 13 Tage"},"content":{"rendered":"<p><a href=\"https:\/\/www.urlaubcornwall.de\/blog\/wp-content\/uploads\/2024\/03\/sussex-strand.jpg\"><img loading=\"lazy\" src=\"https:\/\/www.urlaubcornwall.de\/blog\/wp-content\/uploads\/2024\/03\/sussex-strand.jpg\" alt=\"sussex strand\" width=\"750\" height=\"563\" class=\"alignnone size-full wp-image-48172\" srcset=\"https:\/\/www.urlaubcornwall.de\/blog\/wp-content\/uploads\/2024\/03\/sussex-strand.jpg 750w, https:\/\/www.urlaubcornwall.de\/blog\/wp-content\/uploads\/2024\/03\/sussex-strand-300x225.jpg 300w\" sizes=\"(max-width: 750px) 100vw, 750px\" \/><\/a><\/p>\n<p>Erleben Sie mit Ihrem eigenen PKW die Sch\u00f6nheit S\u00fcdenglands. Die 13-t\u00e4gigen Autoreise \u201eVon Kent bis Cornwall\u201c vereint imposante Schl\u00f6sser, eindrucksvolle G\u00e4rten, beeindruckende K\u00fcsten, reizende Fischerd\u00f6rfer und interessante St\u00e4dte. Wenn Sie also eine Mischung aus Alt und Neu suchen, dann ist diese Reise genau das Richtige f\u00fcr Sie. Selbstverst\u00e4ndlich k\u00f6nnen wir den Tourverlauf individuell ab\u00e4ndern und Ihren W\u00fcnschen anpassen!<\/p>\n<p>ab\/bis Dover | 13 Tage\/ 12 N\u00e4chte | t\u00e4glich m\u00f6glich!<\/p>\n<p style=\"text-align: center;\"><a class=\"tidycta\" href=\"http:\/\/www.urlaubcornwall.de\/anfrage.php?tourcode=Tourcode:ENGSELBST-9\">Anfrage \/ Buchung<\/a><\/p>\n<p><strong>1. Tag:<\/strong> Anreise nach Kent<\/p>\n<p>Individuelle Anreise nach Calais oder D\u00fcnkirchen. Sp\u00e4ter fahren Sie mit der F\u00e4hre \u00fcber den \u00c4rmelkanal, bis Sie Dover erreichen. Atmen Sie die frische Seeluft ein und genie\u00dfen Sie den Blick auf die imposanten wei\u00dfen Felsen von Dover. Je nach Ankunftszeit steht der restliche Tag zur freien Verf\u00fcgung, um die Grafschaft Kent zu entdecken. Besichtigen Sie zum Beispiel das mittelalterliche St\u00e4dtchen Canterbury und statten Sie der St. Augustine\u2019s Abbey, die seit 1988 zum UNESCO Weltkulturerbe z\u00e4ht, einen Besuch ab. \u00dcbernachtung im Raum Kent<\/p>\n<p><strong>2. Tag:<\/strong> Kent \u2013 Bath\/Bristol<\/p>\n<p><img loading=\"lazy\" class=\"aligncenter size-full wp-image-32369\" src=\"https:\/\/www.urlaubcornwall.de\/blog\/wp-content\/uploads\/2018\/02\/rundreise-bath.jpg\" alt=\"rundreise bath\" width=\"748\" height=\"397\"\/><\/p>\n<p>Der heutige Tag f\u00fchrt Sie \u00fcber Maidstone, Windsor und Newbury nach Bath. Das Wasserschloss Leeds Castle ragt schon seit \u00fcber 900 Jahren aus seinem Burggraben und bietet seinen Besuchern nicht nur eine glorreiche Geschichte sondern auch eine eindrucksvolle Park- und Gartenanlage. Sp\u00e4ter Weiterfahrt nach Windsor, ein munteres St\u00e4dtchen, das von der wundervollen Landschaft Royal Berkshire umgeben ist und viele tolle Einkaufm\u00f6glichkeiten und Restaurants bietet. Ein Highlight ist das Windsor Castle, eine der offiziellen k\u00f6niglichen Residenzen der Queen und das gr\u00f6\u00dfte und \u00e4lteste noch bewohnte Schloss weltweit. Sollten Sie ein Fan der Serie Downtown Abbey sein, dann ist ein Zwischenstopp in Newbury unumg\u00e4nglich. Hier finden Sie das sehenswerte Highclere Castle, das in der Serie das Anwesen der Familie Crawley darstellt. Das weitl\u00e4ufige Garten- und Waldgel\u00e4nde rund um das Anwesen l\u00e4dt zum Spazieren ein. Schlie\u00dflich erreichen Sie Bath. Schon die R\u00f6mer wussten vor knapp 2.000 Jahren das milde Klima und die hei\u00dfen Quellen an den Ufern des Avon zu sch\u00e4tzen. 2 \u00dcbernachtungen im Raum Bath\/Bristol<\/p>\n<p><strong>3. Tag:<\/strong> Tag zur freien Verf\u00fcgung<\/p>\n<p>Heute empfiehlt sich ein Ausflug in die Cotswolds oder nach Oxford. Mit einer der \u00e4ltesten und bekanntesten Universit\u00e4ten der Welt ist Oxford als eine Stadt des Wissens und des Geistes bekannt. Steigen Sie in einen der roten Doppeldeckerbusse und bestaunen Sie die wundersch\u00f6ne Architektur Oxfords und viele weitere Sehensw\u00fcrdigkeiten w\u00e4hrend einer Hop on \/ Hop off Stadtrundfahrt. Die Cotswolds erstrecken sich \u00fcber sechs Grafschaften und zeichnen sich durch saftige, gr\u00fcne H\u00fcgel, sch\u00f6ne Gartenanlagen, eindrucksvolle Schl\u00f6sser und Herrenh\u00e4user, vertr\u00e4umte D\u00f6rfer sowie urige Pubs aus. Wenn Sie also nach etwas \u201etypisch englischem\u201c suchen, dann sind Sie in den Cotswolds genau richtig! \u00dcbernachtung wie am Vortag.<\/p>\n<p><strong>4. Tag:<\/strong> Bath\/Bristol \u2013 Newquay<\/p>\n<p>Folgen Sie heute der nordkornischen K\u00fcste, bis Sie Tintagel erreichen. Bekannt ist der kleine K\u00fcstenort durch die Festung Tintagel Castle, angeblich Geburtsort von K\u00f6nig Arthus. Auf keinen Fall d\u00fcrfen Sie es vers\u00e4umen, bei Ebbe zum Strand unterhalb des Castles hinabzusteigen. Hier finden Sie den Zugang zu Merlin\u2019s Cave, einer m\u00e4chtigen H\u00f6hle in den Klippen. N\u00e4chstes Ziel ist Padstow, ein charmanter K\u00fcstenort mit engen Gassen und mittelalterlichen H\u00e4usern. Genie\u00dfen Sie ein leckeres Mittagessen in einem der Restaurants oder nehmen Sie an einer Bootsfahrt in die Padstow Bay teil. Den Rosamunde Pilcher Fans unter Ihnen d\u00fcrfte das Pencarrow House bekannt vor kommen. Das Anwesen ist ein typisches Beispiel eines englischen Landhauses aus dem 18. Jahrhundert mit einer georgianischen Einrichtung sowie einer farbvollen Gartenanlage im klassisch-italienischen Stil, umgeben von einem englischen Landschaftsgarten. \u00dcbernachtung im Raum Newquay<\/p>\n<p><strong>5.\/6.\/7.<\/strong> Tag: Newquay \u2013 S\u00fcdcornwall<\/p>\n<p>Ihnen stehen drei Tage zur freien Verf\u00fcgung, um Cornwall zu entdecken. Zun\u00e4chst empfehlen wir einen Halt in St Ives. Mit seinen gewundenen Gassen und kleinen H\u00e4usern, ist St Ives ein Muss jeder Cornwallreise. Die zwei gro\u00dfen Str\u00e4nde Porthminster Beach und Porthmeor Beach in der N\u00e4he von St Ives locken mit feinem wei\u00dfen Sand und sind bereits mehrfach ausgezeichnet worden. Aber auch Sehensw\u00fcrdigkeiten wie Lands End, Minack Theatre, St Michaels Mount, die Lizard Halbinsel und die Trebah G\u00e4rten und die Scilly Inseln z\u00e4hlen zu den Highlights von Cornwall. 3 \u00dcbernachtungen im Raum Falmouth\/Penzance\/Helston<\/p>\n<p><strong>8. Tag:<\/strong> S\u00fcdcornwall \u2013 Devon<\/p>\n<p><img loading=\"lazy\" class=\"aligncenter size-full wp-image-19436\" src=\"https:\/\/www.urlaubcornwall.de\/blog\/wp-content\/uploads\/2015\/08\/Plymouth-Hoe_740.jpg\" alt=\"Plymouth am meer meerblick devon\" width=\"748\" height=\"414\"\/><\/p>\n<p>Die heutige Strecke f\u00fchrt Sie vorbei an der Roseland Heritage Coast bis Sie die Region Devon erreichen. Abseits der Touristenpfade werden Sie an der Roseland Heritage Coast auf Schritt und Tritt mit dem Anblick naturbelassener, idyllischer Landschaften belohnt. Eines der besonderen Schmuckst\u00fccke von Roseland sind die bekannten Lost Gardens of Heligan, die lediglich ein paar Gehminuten vom Fischerdorf Mevagissey entfernt liegen. W\u00e4hrend in der modernen Anlage des nahegelegenen <a href=\"https:\/\/www.urlaubcornwall.de\/blog\/all-das-was-sie-schon-immer-ueber-das-eden-project-wissen-wollten\/\">Eden Projects<\/a> der Schwerpunkt auf die Erforschung einer nachhaltigen Zukunft gelegt wird, erm\u00f6glichen die Lost Gardens of Heligan einen geheimnisvollen und romantischen Blick in die Vergangenheit. Sp\u00e4ter erreichen Sie die \u201ePerle der englischen Riviera\u201c: Fowey. Schmale Gassen schl\u00e4ngeln sich zum Hafen hinab und bunte H\u00e4user sowie sch\u00f6ne Jachten verleihen dem \u00d6rtchen Ferienstimmung. Direkt am Hafen befindet sich ein kleines Aquarium mit vielen lokalen Fischen. Vor allem f\u00fcr Familien ist dies eine beliebte Attraktion. Weitere reizende Fischerorte sind Polperro und Looe. 2 \u00dcbernachtungen im Raum Plymouth \/ Torquay<\/p>\n<p><strong>9. Tag:<\/strong> Tag zur freien Verf\u00fcgung<\/p>\n<p>Verbringen Sie den Tag entweder im Dartmoor Natinalpark oder an der K\u00fcste der Region Devon. Ganz wie Sie wollen. Sollten Sie sich f\u00fcr den Dartmoor Nationalpark entscheiden, so empfiehlt sich ein Stopp am Besucherzentrum, dass Sie \u00fcber die A386 erreichen und auf dem Dorfplatz von Princetown finden. Statten Sie auch der alten Clapper Bridge in Postbridge einen Beusch ab, die wahrscheinlich aus dem 13. Jahrhundert stammt und ein wundersch\u00f6nes Fotomotiv ist. Sehenswert sind auch die Hinterlassenschaften aus der Stein- und Bronzezeit wie zum Beispiel Grimspound (eine bronzezeitliche Siedlung), der isolierte stehende Stein Beardown Man und der doppelte Steinkreis Grey Wethers bei Postbridge. Falls Sie lieber etwas Aktives unternehmen wollen, so bietet der Park viele Wanderwege. \u00dcbernachtung wie am Vortag.<\/p>\n<p><strong>10. Tag:<\/strong> Devon \u2013 Bournemouth\/Southampton<\/p>\n<p><a href=\"https:\/\/www.urlaubcornwall.de\/blog\/wp-content\/uploads\/2024\/05\/bournemouth.jpg\"><img loading=\"lazy\" src=\"https:\/\/www.urlaubcornwall.de\/blog\/wp-content\/uploads\/2024\/05\/bournemouth.jpg\" alt=\"bournemouth\" width=\"750\" height=\"500\" class=\"alignnone size-full wp-image-50456\" srcset=\"https:\/\/www.urlaubcornwall.de\/blog\/wp-content\/uploads\/2024\/05\/bournemouth.jpg 750w, https:\/\/www.urlaubcornwall.de\/blog\/wp-content\/uploads\/2024\/05\/bournemouth-300x200.jpg 300w\" sizes=\"(max-width: 750px) 100vw, 750px\" \/><\/a><\/p>\n<p>Nach dem Fr\u00fchst\u00fcck folgen Sie der Jurassic Coast. Ein erster Halt lohnt in der Kleinstadt Lyme Regis. Das St\u00e4dtchen mit typisch britischem Flair und malerischen H\u00e4usern an seinem Hang war schon Jane Austen als \u201ePerle Dorsets\u201c bekannt. Charakteristisch f\u00fcr Lyme Regis ist seine m\u00e4chtigen Hafenmauer, die breit genug f\u00fcr Spazierg\u00e4nge ist. Genie\u00dfen Sie wunderbare Aussicht auf die K\u00fcste! Weitere Highlights an der Jurassic Coast sind die Felsbr\u00fccke Durdle Door und das \u00d6rtchen Corfe mit der gleichnamigen Burg Corfe Castle. Nach etwa 25 Minuten Autofahrt erreichen Sie die Bucht von Poole, die mit ihren 80 Kilometern K\u00fcste den zweitgr\u00f6\u00dften Naturhafen der Welt bietet. Der Ort selbst ist ein ehemaliges Seer\u00e4ubernest mit einem historischen Zentrum und netten Kneipen. 2 \u00dcbernachtungen im Raum Bournemouth\/Southampton<\/p>\n<p><strong>11. Tag:<\/strong> Tag zur freien Verf\u00fcgung<\/p>\n<p>Tag zur freien Verf\u00fcgung. Verbringen Sie den Tag doch im New Forest Nationalpark. Unternehmen Sie eine Kajakfahrt auf dem Beaulieu River, klettern Sie auf einen der Baumriesen im New Forest Outdoor Centre in Lyndhurst, wandern Sie zur 600 Jahre alten Eiche \u201eKnightwood Oak\u201c, welche einen Umfang von etwa sieben Metern vorweisen kann oder leihen Sie sich ein Fahrrad, es wird Ihnen sicherlich nicht langweilig werden. Alternativ bietet sich auch ein Tagesausflug auf die Isle of Wight an. Es gibt einen permanenten F\u00e4hrverkehr von Portsmouth und Southampton. Die schnellen Personenf\u00e4hren brauchen dabei maximal 20 Minuten. Das Osborne House z\u00e4hlt zu der Hauptattraktion der Inseln, denn es ist die ehemalige Residenz der K\u00f6nigin Victoria. \u00dcbernachtung wie am Vortag.<\/p>\n<p><strong>12. Tag:<\/strong> Bournemouth\/Southampton \u2013 Kent<\/p>\n<p>Folgen Sie der K\u00fcste \u00fcber Brighton, Beachy Head und Rye. Englands gr\u00f6\u00dftes Seebad \u00fcberzeugt seine Besucher mit einem breitem Strand, dem historischem Pier und der Volks Railway, der ersten elektrischen Eisenbahn der Welt, die bis heute funktioniert. Nach etwa einer Autostunde erreichen Sie Beachy Head, die mit 162 Metern zu der h\u00f6chsten Klippe Gro\u00dfbritanniens z\u00e4hlt. Eine weitere Station Ihrer Selbstfahrertour ist Rye. Die wundersch\u00f6n erhaltene mittelalterliche Hafenstadt ist mit ihrer kopfsteingepflasterten Mermaid Street bei Urlaubern sehr beliebt. Angekommen in der Region Kent k\u00f6nnen Sie den Urlaub in einem netten Pub ausklingen lassen. \u00dcbernachtung im Raum Kent<\/p>\n<p><strong>13. Tag:<\/strong> Heimreise<\/p>\n<p>Heute hei\u00dft es Abschied nehmen. Sie verlassen England wieder per F\u00e4hre und machen sich auf den Weg nach Hause. Ende der Leistungen von Thoba Reisen.<\/p>\n<p>Folgende Unterkunftskategorien stehen zur Auswahl:<\/p>\n<p>Bronze = Bed&#038;Breakfast Unterk\u00fcnfte und Inns (mit eigenem Bad)<\/p>\n<p>Silber = Mittelklassehotels<\/p>\n<p><strong>Eingeschlossene Leistungen:<\/strong><\/p>\n<p>12 \u00dcbernachtungen laut Reiseverlauf<\/p>\n<p>T\u00e4gliches Fr\u00fchst\u00fcck<\/p>\n<p>1 Reisef\u00fchrer \u00fcber England<\/p>\n<p><strong>Nicht eingeschlossene Leistungen:<\/strong><\/p>\n<p>F\u00e4hre (bieten wir gerne an)<\/p>\n<p>Weitere Mahlzeiten<\/p>\n<p>Pers\u00f6nliche Ausgaben<\/p>\n<p>Eintritte, Benzin und Parkplatzgeb\u00fchren<\/p>\n<p>t\u00e4glich m\u00f6glich!<\/p>\n<p><strong>Preise 2026<\/strong><\/p>\n<p><strong>Bronze<\/strong> \u20ac 1.490,- pro Person im Doppelzimmer | \u20ac 1.875,- pro Person im Einzelzimmer (soweit verf\u00fcgbar) <\/p>\n<p><strong>Silber<\/strong> Preise saisonabh\u00e4nig ab \u20ac 1.190,- pro Person im Doppelzimmer<\/p>\n<p>Einzel- &#038; Mehrbettzimmer auf Anfrage!<\/p>\n<p style=\"text-align: center;\"><a class=\"tidycta\" href=\"http:\/\/www.urlaubcornwall.de\/anfrage.php?tourcode=Tourcode:ENGSELBST-9\">Anfrage \/ Buchung<\/a><\/p>\n","protected":false},"excerpt":{"rendered":"<p>Erleben Sie mit Ihrem eigenen PKW die Sch\u00f6nheit S\u00fcdenglands. Die 13-t\u00e4gigen Autoreise \u201eVon Kent bis Cornwall\u201c vereint imposante Schl\u00f6sser, eindrucksvolle G\u00e4rten, beeindruckende K\u00fcsten, reizende Fischerd\u00f6rfer und interessante St\u00e4dte. Wenn Sie also eine Mischung aus Alt und Neu suchen, dann ist diese Reise genau das Richtige f\u00fcr Sie. Selbstverst\u00e4ndlich k\u00f6nnen wir den Tourverlauf individuell ab\u00e4ndern und [&hellip;]<\/p>\n","protected":false},"author":1,"featured_media":0,"parent":0,"menu_order":0,"comment_status":"closed","ping_status":"closed","template":"single-four.php","meta":[],"acf":[],"yoast_head":"<!-- This site is optimized with the Yoast SEO plugin v19.4 - https:\/\/yoast.com\/wordpress\/plugins\/seo\/ -->\n<title>Rundreise in England 2026: Mit eigenem PKW \u201evon Kent bis Cornwall\u201c \u2013 13 Tage - Urlaub &amp; Reisen<\/title>\n<meta name=\"robots\" content=\"index, follow, max-snippet:-1, max-image-preview:large, max-video-preview:-1\" \/>\n<link rel=\"canonical\" href=\"https:\/\/www.urlaubcornwall.de\/blog\/rundreise-in-england-2020-mit-eigenem-pkw-von-kent-bis-cornwall-13-tage\/\" \/>\n<meta property=\"og:locale\" content=\"en_US\" \/>\n<meta property=\"og:type\" content=\"article\" \/>\n<meta property=\"og:title\" content=\"Rundreise in England 2026: Mit eigenem PKW \u201evon Kent bis Cornwall\u201c \u2013 13 Tage - Urlaub &amp; Reisen\" \/>\n<meta property=\"og:description\" content=\"Erleben Sie mit Ihrem eigenen PKW die Sch\u00f6nheit S\u00fcdenglands. Die 13-t\u00e4gigen Autoreise \u201eVon Kent bis Cornwall\u201c vereint imposante Schl\u00f6sser, eindrucksvolle G\u00e4rten, beeindruckende K\u00fcsten, reizende Fischerd\u00f6rfer und interessante St\u00e4dte. Wenn Sie also eine Mischung aus Alt und Neu suchen, dann ist diese Reise genau das Richtige f\u00fcr Sie. Selbstverst\u00e4ndlich k\u00f6nnen wir den Tourverlauf individuell ab\u00e4ndern und [&hellip;]\" \/>\n<meta property=\"og:url\" content=\"https:\/\/www.urlaubcornwall.de\/blog\/rundreise-in-england-2020-mit-eigenem-pkw-von-kent-bis-cornwall-13-tage\/\" \/>\n<meta property=\"og:site_name\" content=\"Urlaub &amp; Reisen\" \/>\n<meta property=\"article:modified_time\" content=\"2025-10-20T11:00:54+00:00\" \/>\n<meta property=\"og:image\" content=\"https:\/\/www.urlaubcornwall.de\/blog\/wp-content\/uploads\/2024\/03\/sussex-strand.jpg\" \/>\n<meta name=\"twitter:card\" content=\"summary\" \/>\n<meta name=\"twitter:label1\" content=\"Est. reading time\" \/>\n\t<meta name=\"twitter:data1\" content=\"7 minutes\" \/>\n<script type=\"application\/ld+json\" class=\"yoast-schema-graph\">{\"@context\":\"https:\/\/schema.org\",\"@graph\":[{\"@type\":\"WebSite\",\"@id\":\"https:\/\/www.urlaubcornwall.de\/blog\/#website\",\"url\":\"https:\/\/www.urlaubcornwall.de\/blog\/\",\"name\":\"Urlaub &amp; Reisen\",\"description\":\"Urlaub, Reisen, Cornwall und S\u00fcdengland: eine perfekte Kombination\",\"potentialAction\":[{\"@type\":\"SearchAction\",\"target\":{\"@type\":\"EntryPoint\",\"urlTemplate\":\"https:\/\/www.urlaubcornwall.de\/blog\/?s={search_term_string}\"},\"query-input\":\"required name=search_term_string\"}],\"inLanguage\":\"en-US\"},{\"@type\":\"WebPage\",\"@id\":\"https:\/\/www.urlaubcornwall.de\/blog\/rundreise-in-england-2020-mit-eigenem-pkw-von-kent-bis-cornwall-13-tage\/\",\"url\":\"https:\/\/www.urlaubcornwall.de\/blog\/rundreise-in-england-2020-mit-eigenem-pkw-von-kent-bis-cornwall-13-tage\/\",\"name\":\"Rundreise in England 2026: Mit eigenem PKW \u201evon Kent bis Cornwall\u201c \u2013 13 Tage - Urlaub &amp; Reisen\",\"isPartOf\":{\"@id\":\"https:\/\/www.urlaubcornwall.de\/blog\/#website\"},\"datePublished\":\"2019-10-29T10:06:13+00:00\",\"dateModified\":\"2025-10-20T11:00:54+00:00\",\"breadcrumb\":{\"@id\":\"https:\/\/www.urlaubcornwall.de\/blog\/rundreise-in-england-2020-mit-eigenem-pkw-von-kent-bis-cornwall-13-tage\/#breadcrumb\"},\"inLanguage\":\"en-US\",\"potentialAction\":[{\"@type\":\"ReadAction\",\"target\":[\"https:\/\/www.urlaubcornwall.de\/blog\/rundreise-in-england-2020-mit-eigenem-pkw-von-kent-bis-cornwall-13-tage\/\"]}]},{\"@type\":\"BreadcrumbList\",\"@id\":\"https:\/\/www.urlaubcornwall.de\/blog\/rundreise-in-england-2020-mit-eigenem-pkw-von-kent-bis-cornwall-13-tage\/#breadcrumb\",\"itemListElement\":[{\"@type\":\"ListItem\",\"position\":1,\"name\":\"Home\",\"item\":\"https:\/\/www.urlaubcornwall.de\/blog\/\"},{\"@type\":\"ListItem\",\"position\":2,\"name\":\"Rundreise in England 2026: Mit eigenem PKW \u201evon Kent bis Cornwall\u201c \u2013 13 Tage\"}]}]}<\/script>\n<!-- \/ Yoast SEO plugin. -->","yoast_head_json":{"title":"Rundreise in England 2026: Mit eigenem PKW \u201evon Kent bis Cornwall\u201c \u2013 13 Tage - Urlaub &amp; Reisen","robots":{"index":"index","follow":"follow","max-snippet":"max-snippet:-1","max-image-preview":"max-image-preview:large","max-video-preview":"max-video-preview:-1"},"canonical":"https:\/\/www.urlaubcornwall.de\/blog\/rundreise-in-england-2020-mit-eigenem-pkw-von-kent-bis-cornwall-13-tage\/","og_locale":"en_US","og_type":"article","og_title":"Rundreise in England 2026: Mit eigenem PKW \u201evon Kent bis Cornwall\u201c \u2013 13 Tage - Urlaub &amp; Reisen","og_description":"Erleben Sie mit Ihrem eigenen PKW die Sch\u00f6nheit S\u00fcdenglands. Die 13-t\u00e4gigen Autoreise \u201eVon Kent bis Cornwall\u201c vereint imposante Schl\u00f6sser, eindrucksvolle G\u00e4rten, beeindruckende K\u00fcsten, reizende Fischerd\u00f6rfer und interessante St\u00e4dte. Wenn Sie also eine Mischung aus Alt und Neu suchen, dann ist diese Reise genau das Richtige f\u00fcr Sie. Selbstverst\u00e4ndlich k\u00f6nnen wir den Tourverlauf individuell ab\u00e4ndern und [&hellip;]","og_url":"https:\/\/www.urlaubcornwall.de\/blog\/rundreise-in-england-2020-mit-eigenem-pkw-von-kent-bis-cornwall-13-tage\/","og_site_name":"Urlaub &amp; Reisen","article_modified_time":"2025-10-20T11:00:54+00:00","og_image":[{"url":"https:\/\/www.urlaubcornwall.de\/blog\/wp-content\/uploads\/2024\/03\/sussex-strand.jpg"}],"twitter_card":"summary","twitter_misc":{"Est. reading time":"7 minutes"},"schema":{"@context":"https:\/\/schema.org","@graph":[{"@type":"WebSite","@id":"https:\/\/www.urlaubcornwall.de\/blog\/#website","url":"https:\/\/www.urlaubcornwall.de\/blog\/","name":"Urlaub &amp; Reisen","description":"Urlaub, Reisen, Cornwall und S\u00fcdengland: eine perfekte Kombination","potentialAction":[{"@type":"SearchAction","target":{"@type":"EntryPoint","urlTemplate":"https:\/\/www.urlaubcornwall.de\/blog\/?s={search_term_string}"},"query-input":"required name=search_term_string"}],"inLanguage":"en-US"},{"@type":"WebPage","@id":"https:\/\/www.urlaubcornwall.de\/blog\/rundreise-in-england-2020-mit-eigenem-pkw-von-kent-bis-cornwall-13-tage\/","url":"https:\/\/www.urlaubcornwall.de\/blog\/rundreise-in-england-2020-mit-eigenem-pkw-von-kent-bis-cornwall-13-tage\/","name":"Rundreise in England 2026: Mit eigenem PKW \u201evon Kent bis Cornwall\u201c \u2013 13 Tage - Urlaub &amp; Reisen","isPartOf":{"@id":"https:\/\/www.urlaubcornwall.de\/blog\/#website"},"datePublished":"2019-10-29T10:06:13+00:00","dateModified":"2025-10-20T11:00:54+00:00","breadcrumb":{"@id":"https:\/\/www.urlaubcornwall.de\/blog\/rundreise-in-england-2020-mit-eigenem-pkw-von-kent-bis-cornwall-13-tage\/#breadcrumb"},"inLanguage":"en-US","potentialAction":[{"@type":"ReadAction","target":["https:\/\/www.urlaubcornwall.de\/blog\/rundreise-in-england-2020-mit-eigenem-pkw-von-kent-bis-cornwall-13-tage\/"]}]},{"@type":"BreadcrumbList","@id":"https:\/\/www.urlaubcornwall.de\/blog\/rundreise-in-england-2020-mit-eigenem-pkw-von-kent-bis-cornwall-13-tage\/#breadcrumb","itemListElement":[{"@type":"ListItem","position":1,"name":"Home","item":"https:\/\/www.urlaubcornwall.de\/blog\/"},{"@type":"ListItem","position":2,"name":"Rundreise in England 2026: Mit eigenem PKW \u201evon Kent bis Cornwall\u201c \u2013 13 Tage"}]}]}},"_links":{"self":[{"href":"https:\/\/www.urlaubcornwall.de\/blog\/wp-json\/wp\/v2\/pages\/38882"}],"collection":[{"href":"https:\/\/www.urlaubcornwall.de\/blog\/wp-json\/wp\/v2\/pages"}],"about":[{"href":"https:\/\/www.urlaubcornwall.de\/blog\/wp-json\/wp\/v2\/types\/page"}],"author":[{"embeddable":true,"href":"https:\/\/www.urlaubcornwall.de\/blog\/wp-json\/wp\/v2\/users\/1"}],"replies":[{"embeddable":true,"href":"https:\/\/www.urlaubcornwall.de\/blog\/wp-json\/wp\/v2\/comments?post=38882"}],"version-history":[{"count":17,"href":"https:\/\/www.urlaubcornwall.de\/blog\/wp-json\/wp\/v2\/pages\/38882\/revisions"}],"predecessor-version":[{"id":51892,"href":"https:\/\/www.urlaubcornwall.de\/blog\/wp-json\/wp\/v2\/pages\/38882\/revisions\/51892"}],"wp:attachment":[{"href":"https:\/\/www.urlaubcornwall.de\/blog\/wp-json\/wp\/v2\/media?parent=38882"}],"curies":[{"name":"wp","href":"https:\/\/api.w.org\/{rel}","templated":true}]}}