{"id":38862,"date":"2019-10-29T09:13:26","date_gmt":"2019-10-29T09:13:26","guid":{"rendered":"https:\/\/www.urlaubcornwall.de\/blog\/?page_id=38862"},"modified":"2026-01-05T11:38:08","modified_gmt":"2026-01-05T11:38:08","slug":"der-sueden-in-einer-woche-8-tage-rundreise-wales","status":"publish","type":"page","link":"https:\/\/www.urlaubcornwall.de\/blog\/der-sueden-in-einer-woche-8-tage-rundreise-wales\/","title":{"rendered":"Der S\u00fcden in einer Woche \u2013 8 Tage Rundreise Wales"},"content":{"rendered":"<p><a href=\"https:\/\/www.urlaubcornwall.de\/blog\/wp-content\/uploads\/2024\/03\/Brecon-Beacons-1.jpg\"><img loading=\"lazy\" src=\"https:\/\/www.urlaubcornwall.de\/blog\/wp-content\/uploads\/2024\/03\/Brecon-Beacons-1.jpg\" alt=\"Brecon Beacons\" width=\"750\" height=\"500\" class=\"alignnone size-full wp-image-47957\" srcset=\"https:\/\/www.urlaubcornwall.de\/blog\/wp-content\/uploads\/2024\/03\/Brecon-Beacons-1.jpg 750w, https:\/\/www.urlaubcornwall.de\/blog\/wp-content\/uploads\/2024\/03\/Brecon-Beacons-1-300x200.jpg 300w\" sizes=\"(max-width: 750px) 100vw, 750px\" \/><\/a><\/p>\n<p>Gehen Sie auf Entdeckungsreise und erkunden Sie den s\u00fcdlichen Teil von Wales! \u00dcber den Brecon Beacons Nationalpark erreichen Sie die bemerkenswerte K\u00fcste von <a href=\"https:\/\/www.urlaubcornwall.de\/reiseziel\/wales.php\">Wales<\/a>, welcher Sie f\u00fcnf Tage lang folgen werden. Weite Str\u00e4nde, schroffe Klippen, gr\u00fcne H\u00fcgel, reizende Fischerd\u00f6rfer, malerische Buchten und historische Sehensw\u00fcrdigkeiten werden Ihre Wegbegleiter sein.<\/p>\n<p><strong>Highlights: Cardiff, Brecon Beacons Nationalpark, Cardigan Bay, Pembrokeshire, Gower Halbinsel<\/strong><\/p>\n<p>8 Tage \/ 7 N\u00e4chte | t\u00e4glich m\u00f6glich | ab\/bis Cardiff oder Bristol<\/p>\n<p style=\"text-align: center;\"><a class=\"tidycta\" href=\"http:\/\/www.urlaubcornwall.de\/anfrage.php?tourcode=Tourcode: WAL-DDS\">Anfrage \/ Buchung<\/a><\/p>\n<p><strong>1. Tag:<\/strong> Cardiff \/ Bristol<\/p>\n<p>Anreise in Eigenregie (z.B. Fl\u00fcge nach Cardiff oder nach Bristol) und Annahme eines Mietwagens. Erster Punkt dieser Selbstfahrertour \u201eDer S\u00fcden in einer Woche\u201c ist die walisische Hauptstadt Cardiff, welche mit zahlreichen Einkaufsm\u00f6glichkeiten, Museen und Restaurants aufwarten kann. Statten Sie auch dem National Museum, dem Cardiff Castle, dem hochmodernen Principality Stadium und dem Wales Millennium Centre einen Besuch ab. \u00dcbernachtung im Raum Cardiff<\/p>\n<p><strong>2. Tag:<\/strong> Cardiff \u2013 Brecon Beacons Nationalpark (ca. 100km)<\/p>\n<p>Wenn Sie <a href=\"https:\/\/www.urlaubcornwall.de\/ferienhaeuser-fewos\/wal\/suedwales\/cardiff.html\">Cardiff<\/a> in n\u00f6rdlicher Richtung verlassen, erreichen Sie den Brecon Beacons Nationalpark. Im westlichen Teil des 1344 km\u00b2 gro\u00dfen Nationalparks gibt es sogar ein paar Wasserf\u00e4lle. Am beeindruckendsten ist der Henrhyd Wasserfall. Vom Parkplatz aus f\u00fchrt ein kurzer, steiler Spazierweg an den Fu\u00df des 27 Meter hohen Wasserfalls. Ein zweiter sehenswerter Wasserfall ist Sgwd yr Eira, hinter dessen Wasserschleier ein Spazierweg f\u00fchrt. Alternativ k\u00f6nnen Sie auch an einer F\u00fchrung in der Penderyn Whisky Destillerie teilnehmen. \u00dcbernachtung im Raum Brecon Beacons<\/p>\n<p><strong>3. Tag:<\/strong> Brecon Beacons Nationalpark \u2013 Aberystwyth (ca. 150km)<\/p>\n<p>Die heutige Strecke nach Hay-on-Wye f\u00fchrt durch das l\u00e4ndliche Wales, vorbei an kleinen W\u00e4ldern und endlosen Schafsweiden. In dem St\u00e4dtchen Hay-on-Wye angekommen, werden Sie schnell merken, warum dieser Ort so besonders ist. Dieses winzige B\u00fccherdorf hat n\u00e4mlich 38 Buchl\u00e4den zu bieten! Wenn das Wetter mitspielt, empfehlen wir einen Kanuausflug auf dem Fluss Wye um Hay-on-Wye. \u00dcber <a href=\"https:\/\/www.urlaubcornwall.de\/ferienhaeuser-fewos\/wal\/mittelwales\/llandrindod-wells.html\">Llandrindod Wells<\/a>, ein kleiner viktorianischer Kurort, erreichen Sie schlie\u00dflich Aberystwyth. 2 \u00dcbernachtungen im Raum Aberystwyth<\/p>\n<p><strong>4. Tag:<\/strong> Aberystwyth Umgebung<\/p>\n<p>Tag zur freien Verf\u00fcgung. Erkunden Sie zum Beispiel die Sehensw\u00fcrigkeiten von Aberystwyth. Darunter das Aberystwyth Castle, die National Library of Wales, das im viktorianisch-gotischen Stil erbaute Old College Geb\u00e4ude und den Clock Tower. Ein beliebtes Ausflugsziel ist au\u00dferdem die Fahrt mit der Vale of Rheidol Dampfeisenbahn, die von Aberystwyth durch das romantische Rheidol Tal bis zur \u201eDevil\u2018s Bridge\u201c dampft. Wanderfreunde k\u00f6nnen dem acht Kilometer langen K\u00fcstenpfad von <a href=\"https:\/\/www.urlaubcornwall.de\/ferienhaeuser-fewos\/wal\/westwales\/aberystwyth.html\">Aberystwyth<\/a> nach Borth folgen und sich dann am Borth Beach von den Anstrengungen erholen. \u00dcbernachtung wie am Vortag.<\/p>\n<p><strong>5.\/6. Tag :<\/strong> Aberystwyth \u2013 Pembrokeshire (ca. 160km)<\/p>\n<p>Erkunden Sie zun\u00e4chst die Cardigan Bay, die sich markant entlang der Westk\u00fcste schwingt. In <a href=\"https:\/\/www.urlaubcornwall.de\/ferienhaeuser-fewos\/wal\/westwales\/new-quay.html\">New Quay<\/a> hat man die besten Chancen Delfine zu sehen. Wir empfehlen auch einen Zwischenstopp am Tresaith Waterfall, der sich direkt am gleichnamigen Strand befindet. Schlie\u00dflich erreichen Sie den Prembrokeshire Coast Nationalpark. Nutzen Sie den zweiten Tag um diese traumhafte Region zu erkunden. Wanderer, Naturliebhaber, Familien, Gourmets, Kulturinterssierte und Abenteuerlustige kommen hier auf ihre Kosten. Zu den bekanntesten Sehensw\u00fcrdigkeiten z\u00e4hlen die <a href=\"https:\/\/www.urlaubcornwall.de\/ferienhaeuser-fewos\/wal\/westwales\/st-davids.html\">St Davids<\/a> Kathedrale, die viktorianische Stadt Tenby mit Postkarten-Qualit\u00e4ten, die Baradundle Bucht und die Green Bridge. 2 \u00dcbernachtungen im Raum Pembrokeshire<\/p>\n<p><img loading=\"lazy\" class=\"aligncenter size-full wp-image-25694\" src=\"https:\/\/www.urlaubcornwall.de\/blog\/wp-content\/uploads\/2016\/12\/Ferienhaus-halbinsel-gower-swansea.jpg\" alt=\"rundreise swansea gower halbinsel\" width=\"746\" height=\"405\"\/><\/p>\n<p><strong>7. Tag:<\/strong> <a href=\"https:\/\/www.urlaubcornwall.de\/blog\/urlaub-in-west-wales-sehenswuerdigkeiten-und-unterkunft\/\">Pembrokeshire<\/a> \u2013 Gower Peninsula (ca. 130km)<\/p>\n<p>Falls Sie sich noch nicht von der atembraubenden Landschaft losrei\u00dfen k\u00f6nnen, haben Sie am Vormittag noch Zeit f\u00fcr Erkundungen. Sp\u00e4ter brechen Sie in Richtung Carmarthenshire auf. Dort steht das Kidwelly Castle, mit hohen Mauern, T\u00fcrmen und einem gro\u00dfartigen Torhaus. Heutiges Ziel ist die Halbinsel Gower, eine Landzunge mit traumhaften Klippen, Waldgebieten und glitzernden Str\u00e4nden. Im lebhaften Dorf Mumbles sollten Sie unbedingt zu Mittag essen, denn hier gibt erstklassige Meeresfr\u00fcchte! Auf der Halbinsel wird auch ein Bushcraft-Kurs angeboten. Dort lernt man, wie man F\u00e4hrten liest, H\u00fctten baut und essbare Pflanzen findet. \u00dcbernachtung im Raum Gower Halbinsel<\/p>\n<p><strong>8. Tag:<\/strong> Gower Peninsula \u2013 Cardiff \/ Bristol (ca. 100 bzw. 170km)<\/p>\n<p>Heute geht es zur\u00fcck zum Ausgangspunkt Ihrer Selbstfahrertour. Unterwegs k\u00f6nnen Sie noch etwas Zeit an einem der zahlreichen Str\u00e4nde verbringen oder einen Spaziergang entlang der K\u00fcste unternehmen. Abgabe des Mietwagens am Flughafen und Ende der Selbstfahrertour \u201eDer S\u00fcden in einer Woche\u201c. Gerne verl\u00e4ngern wir diese Selbstfahrertour um ein paar Tage oder tauschen ein B&#038;B bzw. Mittelklassehotel gegen ein Schlosshotel aus. Teilen Sie uns einfach Ihre \u00c4nderungsw\u00fcnsche mit, wir beraten Sie gerne.<\/p>\n<p>Bronze -Kategorie: Bed &#038; Breakfasts, Inns, Guesthouses<\/p>\n<p>Silber- Kategorie: Mittelklassehotels<\/p>\n<p>Eingeschlossene Leistungen:<\/p>\n<p>7 \u00dcbernachtungen laut Reiseverlauf in der Bronze bzw. Silber Kategorie<\/p>\n<p>T\u00e4gliches Fr\u00fchst\u00fcck<\/p>\n<p>1 Reisef\u00fchrer \u00fcber Wales<\/p>\n<p>Nicht eingeschlossene Leistungen:<\/p>\n<p>Fl\u00fcge (bieten wir Ihnen gerne passend dazu an)<\/p>\n<p>Mietwagen (bieten wir Ihnen gerne passend an)<\/p>\n<p>Trinkgelder, Benzin, Eintritte<\/p>\n<p>Pers\u00f6nliche Ausgaben aller Art<\/p>\n<p><strong>T\u00e4glich m\u00f6glich!<\/strong><\/p>\n<p style=\"text-align: center;\"><a class=\"tidycta\" href=\"http:\/\/www.urlaubcornwall.de\/anfrage.php?tourcode=Tourcode: WAL-DDS\">Anfrage \/ Buchung<\/a><\/p>\n<p><a href=\"https:\/\/www.urlaubcornwall.de\/blog\/rundreisen-england-wales\/\">Rundreisen durch Wales<\/a> \u2013 Erkunden Sie dieses wundersch\u00f6ne Land von Norden nach S\u00fcden. <\/p>\n","protected":false},"excerpt":{"rendered":"<p>Gehen Sie auf Entdeckungsreise und erkunden Sie den s\u00fcdlichen Teil von Wales! \u00dcber den Brecon Beacons Nationalpark erreichen Sie die bemerkenswerte K\u00fcste von Wales, welcher Sie f\u00fcnf Tage lang folgen werden. Weite Str\u00e4nde, schroffe Klippen, gr\u00fcne H\u00fcgel, reizende Fischerd\u00f6rfer, malerische Buchten und historische Sehensw\u00fcrdigkeiten werden Ihre Wegbegleiter sein. Highlights: Cardiff, Brecon Beacons Nationalpark, Cardigan Bay, [&hellip;]<\/p>\n","protected":false},"author":1,"featured_media":0,"parent":0,"menu_order":0,"comment_status":"closed","ping_status":"closed","template":"single-four.php","meta":[],"acf":[],"yoast_head":"<!-- This site is optimized with the Yoast SEO plugin v19.4 - https:\/\/yoast.com\/wordpress\/plugins\/seo\/ -->\n<title>Der S\u00fcden in einer Woche \u2013 8 Tage Rundreise Wales - Urlaub &amp; Reisen<\/title>\n<meta name=\"robots\" content=\"index, follow, max-snippet:-1, max-image-preview:large, max-video-preview:-1\" \/>\n<link rel=\"canonical\" href=\"https:\/\/www.urlaubcornwall.de\/blog\/der-sueden-in-einer-woche-8-tage-rundreise-wales\/\" \/>\n<meta property=\"og:locale\" content=\"en_US\" \/>\n<meta property=\"og:type\" content=\"article\" \/>\n<meta property=\"og:title\" content=\"Der S\u00fcden in einer Woche \u2013 8 Tage Rundreise Wales - Urlaub &amp; Reisen\" \/>\n<meta property=\"og:description\" content=\"Gehen Sie auf Entdeckungsreise und erkunden Sie den s\u00fcdlichen Teil von Wales! \u00dcber den Brecon Beacons Nationalpark erreichen Sie die bemerkenswerte K\u00fcste von Wales, welcher Sie f\u00fcnf Tage lang folgen werden. Weite Str\u00e4nde, schroffe Klippen, gr\u00fcne H\u00fcgel, reizende Fischerd\u00f6rfer, malerische Buchten und historische Sehensw\u00fcrdigkeiten werden Ihre Wegbegleiter sein. Highlights: Cardiff, Brecon Beacons Nationalpark, Cardigan Bay, [&hellip;]\" \/>\n<meta property=\"og:url\" content=\"https:\/\/www.urlaubcornwall.de\/blog\/der-sueden-in-einer-woche-8-tage-rundreise-wales\/\" \/>\n<meta property=\"og:site_name\" content=\"Urlaub &amp; Reisen\" \/>\n<meta property=\"article:modified_time\" content=\"2026-01-05T11:38:08+00:00\" \/>\n<meta property=\"og:image\" content=\"https:\/\/www.urlaubcornwall.de\/blog\/wp-content\/uploads\/2024\/03\/Brecon-Beacons-1.jpg\" \/>\n<meta name=\"twitter:card\" content=\"summary\" \/>\n<meta name=\"twitter:label1\" content=\"Est. reading time\" \/>\n\t<meta name=\"twitter:data1\" content=\"4 minutes\" \/>\n<script type=\"application\/ld+json\" class=\"yoast-schema-graph\">{\"@context\":\"https:\/\/schema.org\",\"@graph\":[{\"@type\":\"WebSite\",\"@id\":\"https:\/\/www.urlaubcornwall.de\/blog\/#website\",\"url\":\"https:\/\/www.urlaubcornwall.de\/blog\/\",\"name\":\"Urlaub &amp; Reisen\",\"description\":\"Urlaub, Reisen, Cornwall und S\u00fcdengland: eine perfekte Kombination\",\"potentialAction\":[{\"@type\":\"SearchAction\",\"target\":{\"@type\":\"EntryPoint\",\"urlTemplate\":\"https:\/\/www.urlaubcornwall.de\/blog\/?s={search_term_string}\"},\"query-input\":\"required name=search_term_string\"}],\"inLanguage\":\"en-US\"},{\"@type\":\"WebPage\",\"@id\":\"https:\/\/www.urlaubcornwall.de\/blog\/der-sueden-in-einer-woche-8-tage-rundreise-wales\/\",\"url\":\"https:\/\/www.urlaubcornwall.de\/blog\/der-sueden-in-einer-woche-8-tage-rundreise-wales\/\",\"name\":\"Der S\u00fcden in einer Woche \u2013 8 Tage Rundreise Wales - Urlaub &amp; Reisen\",\"isPartOf\":{\"@id\":\"https:\/\/www.urlaubcornwall.de\/blog\/#website\"},\"datePublished\":\"2019-10-29T09:13:26+00:00\",\"dateModified\":\"2026-01-05T11:38:08+00:00\",\"breadcrumb\":{\"@id\":\"https:\/\/www.urlaubcornwall.de\/blog\/der-sueden-in-einer-woche-8-tage-rundreise-wales\/#breadcrumb\"},\"inLanguage\":\"en-US\",\"potentialAction\":[{\"@type\":\"ReadAction\",\"target\":[\"https:\/\/www.urlaubcornwall.de\/blog\/der-sueden-in-einer-woche-8-tage-rundreise-wales\/\"]}]},{\"@type\":\"BreadcrumbList\",\"@id\":\"https:\/\/www.urlaubcornwall.de\/blog\/der-sueden-in-einer-woche-8-tage-rundreise-wales\/#breadcrumb\",\"itemListElement\":[{\"@type\":\"ListItem\",\"position\":1,\"name\":\"Home\",\"item\":\"https:\/\/www.urlaubcornwall.de\/blog\/\"},{\"@type\":\"ListItem\",\"position\":2,\"name\":\"Der S\u00fcden in einer Woche \u2013 8 Tage Rundreise Wales\"}]}]}<\/script>\n<!-- \/ Yoast SEO plugin. -->","yoast_head_json":{"title":"Der S\u00fcden in einer Woche \u2013 8 Tage Rundreise Wales - Urlaub &amp; Reisen","robots":{"index":"index","follow":"follow","max-snippet":"max-snippet:-1","max-image-preview":"max-image-preview:large","max-video-preview":"max-video-preview:-1"},"canonical":"https:\/\/www.urlaubcornwall.de\/blog\/der-sueden-in-einer-woche-8-tage-rundreise-wales\/","og_locale":"en_US","og_type":"article","og_title":"Der S\u00fcden in einer Woche \u2013 8 Tage Rundreise Wales - Urlaub &amp; Reisen","og_description":"Gehen Sie auf Entdeckungsreise und erkunden Sie den s\u00fcdlichen Teil von Wales! \u00dcber den Brecon Beacons Nationalpark erreichen Sie die bemerkenswerte K\u00fcste von Wales, welcher Sie f\u00fcnf Tage lang folgen werden. Weite Str\u00e4nde, schroffe Klippen, gr\u00fcne H\u00fcgel, reizende Fischerd\u00f6rfer, malerische Buchten und historische Sehensw\u00fcrdigkeiten werden Ihre Wegbegleiter sein. Highlights: Cardiff, Brecon Beacons Nationalpark, Cardigan Bay, [&hellip;]","og_url":"https:\/\/www.urlaubcornwall.de\/blog\/der-sueden-in-einer-woche-8-tage-rundreise-wales\/","og_site_name":"Urlaub &amp; Reisen","article_modified_time":"2026-01-05T11:38:08+00:00","og_image":[{"url":"https:\/\/www.urlaubcornwall.de\/blog\/wp-content\/uploads\/2024\/03\/Brecon-Beacons-1.jpg"}],"twitter_card":"summary","twitter_misc":{"Est. reading time":"4 minutes"},"schema":{"@context":"https:\/\/schema.org","@graph":[{"@type":"WebSite","@id":"https:\/\/www.urlaubcornwall.de\/blog\/#website","url":"https:\/\/www.urlaubcornwall.de\/blog\/","name":"Urlaub &amp; Reisen","description":"Urlaub, Reisen, Cornwall und S\u00fcdengland: eine perfekte Kombination","potentialAction":[{"@type":"SearchAction","target":{"@type":"EntryPoint","urlTemplate":"https:\/\/www.urlaubcornwall.de\/blog\/?s={search_term_string}"},"query-input":"required name=search_term_string"}],"inLanguage":"en-US"},{"@type":"WebPage","@id":"https:\/\/www.urlaubcornwall.de\/blog\/der-sueden-in-einer-woche-8-tage-rundreise-wales\/","url":"https:\/\/www.urlaubcornwall.de\/blog\/der-sueden-in-einer-woche-8-tage-rundreise-wales\/","name":"Der S\u00fcden in einer Woche \u2013 8 Tage Rundreise Wales - Urlaub &amp; Reisen","isPartOf":{"@id":"https:\/\/www.urlaubcornwall.de\/blog\/#website"},"datePublished":"2019-10-29T09:13:26+00:00","dateModified":"2026-01-05T11:38:08+00:00","breadcrumb":{"@id":"https:\/\/www.urlaubcornwall.de\/blog\/der-sueden-in-einer-woche-8-tage-rundreise-wales\/#breadcrumb"},"inLanguage":"en-US","potentialAction":[{"@type":"ReadAction","target":["https:\/\/www.urlaubcornwall.de\/blog\/der-sueden-in-einer-woche-8-tage-rundreise-wales\/"]}]},{"@type":"BreadcrumbList","@id":"https:\/\/www.urlaubcornwall.de\/blog\/der-sueden-in-einer-woche-8-tage-rundreise-wales\/#breadcrumb","itemListElement":[{"@type":"ListItem","position":1,"name":"Home","item":"https:\/\/www.urlaubcornwall.de\/blog\/"},{"@type":"ListItem","position":2,"name":"Der S\u00fcden in einer Woche \u2013 8 Tage Rundreise Wales"}]}]}},"_links":{"self":[{"href":"https:\/\/www.urlaubcornwall.de\/blog\/wp-json\/wp\/v2\/pages\/38862"}],"collection":[{"href":"https:\/\/www.urlaubcornwall.de\/blog\/wp-json\/wp\/v2\/pages"}],"about":[{"href":"https:\/\/www.urlaubcornwall.de\/blog\/wp-json\/wp\/v2\/types\/page"}],"author":[{"embeddable":true,"href":"https:\/\/www.urlaubcornwall.de\/blog\/wp-json\/wp\/v2\/users\/1"}],"replies":[{"embeddable":true,"href":"https:\/\/www.urlaubcornwall.de\/blog\/wp-json\/wp\/v2\/comments?post=38862"}],"version-history":[{"count":14,"href":"https:\/\/www.urlaubcornwall.de\/blog\/wp-json\/wp\/v2\/pages\/38862\/revisions"}],"predecessor-version":[{"id":51935,"href":"https:\/\/www.urlaubcornwall.de\/blog\/wp-json\/wp\/v2\/pages\/38862\/revisions\/51935"}],"wp:attachment":[{"href":"https:\/\/www.urlaubcornwall.de\/blog\/wp-json\/wp\/v2\/media?parent=38862"}],"curies":[{"name":"wp","href":"https:\/\/api.w.org\/{rel}","templated":true}]}}