{"id":38856,"date":"2019-10-28T15:02:24","date_gmt":"2019-10-28T15:02:24","guid":{"rendered":"https:\/\/www.urlaubcornwall.de\/blog\/?page_id=38856"},"modified":"2024-05-30T15:14:11","modified_gmt":"2024-05-30T15:14:11","slug":"busreise-in-wales-2020","status":"publish","type":"page","link":"https:\/\/www.urlaubcornwall.de\/blog\/busreise-in-wales-2020\/","title":{"rendered":"Busreise in Wales &#8211; Im Land des roten Drachen \u2013 8 Tage"},"content":{"rendered":"<p><img loading=\"lazy\" class=\"aligncenter size-full wp-image-36093\" src=\"https:\/\/www.urlaubcornwall.de\/blog\/wp-content\/uploads\/2019\/02\/rundreise_wales_snowdonia.jpg\" alt=\"busrundreise_wales_snowdonia\" width=\"748\" height=\"410\"\/><br \/>\nDie walisische Flagge wird von einem stolzen, roten Drachen dominiert, dessen Legende bis in die Zeit des gro\u00dfen K\u00f6nig Artus zur\u00fcck f\u00fchrt. In Wales gibt es aber nicht nur Burgen und Schl\u00f6sser sondern auch die grandiose Berglandschaft des Snowdonia Nationalpark, die atemberaubende K\u00fcste des Pembrokeshire Nationalpark und viele reizende Gesch\u00e4fte mit regionalen Produkten, die zum bummeln einladen. \u00dcberzeugen Sie sich selbst und erkunden Sie Wales w\u00e4hrend unserer 8-t\u00e4gigen Rundreise &#8220;Wales &#8211; im Land des roten Drachen&#8221;.<\/p>\n<p style=\"text-align: center;\"><strong>Highlights &#8211; 8 Tage \/ 7 N\u00e4chte | ab\/bis Manchester | deutschsprachige Reiseleitung | max. 26 Teilnehmer<\/strong><\/p>\n<p style=\"text-align: center;\"><a class=\"tidycta\" href=\"http:\/\/www.urlaubcornwall.de\/anfrage.php?tourcode=Tourcode: WAL-BRD\">Anfrage \/ Buchung<\/a><\/p>\n<p><strong>1. Tag:<\/strong> Chester<\/p>\n<p>Nach Ankunft am Flughafen in Manchester Begr\u00fc\u00dfung durch Ihre Reiseleitung und Ihr walisisches Abenteuer beginnt. Auf dem Weg zur Ihrer ersten Unterkunft lernen Sie die historische Stadt Chester kennen. Sie beherbergt eine der besterhaltenen Stadtmauern des Landes. Die \u00e4ltesten Teile sind rund 2000 Jahre alt und wurden von den R\u00f6mern erbaut, f\u00fcr die die Stadt ein wichtiger St\u00fctzpunkt in England gewesen ist. Im Mittelalter wurde sie als Ausgangspunkt f\u00fcr Feldz\u00fcge gegen die Waliser verwendet. Sp\u00e4ter wurde die malerische Stadt als Ferienort des Adels bekannt. W\u00e4hrend eines Stadtrundganges werden Sie dieses malerische St\u00e4dtchen besser kennenlernen. Abendessen und \u00dcbernachtung im Raum Holyhead<\/p>\n<p><strong>2. Tag<\/strong>: Isle of Anglesey<\/p>\n<p><img loading=\"lazy\" class=\"aligncenter size-full wp-image-34751\" src=\"https:\/\/www.urlaubcornwall.de\/blog\/wp-content\/uploads\/2018\/12\/wales-strand-mit-hund.jpg\" alt=\"beste reiseziet wales\" width=\"747\" height=\"394\" srcset=\"https:\/\/www.urlaubcornwall.de\/blog\/wp-content\/uploads\/2018\/12\/wales-strand-mit-hund.jpg 747w, https:\/\/www.urlaubcornwall.de\/blog\/wp-content\/uploads\/2018\/12\/wales-strand-mit-hund-300x158.jpg 300w\" sizes=\"(max-width: 747px) 100vw, 747px\" \/><\/p>\n<p>Heute erkunden Sie die Isle of Anglesey, eine Insel vor der Nordwestk\u00fcste von Wales. \u00dcber die Menaistra\u00dfe, eine Meeresenge, f\u00fchren zwei Br\u00fccken, die Anglesey mit dem Festland verbindet. Die Landschaft ist von H\u00fcgeln gepr\u00e4gt und besteht im Inneren aus welligem Weideland an das eindrucksvolle Klippenk\u00fcsten und Sandbuchten anschlie\u00dfen. Wie Champagner oder Parmaschinken ist Halen M\u00f4n (zu Deutsch Anglesey Meersalz) eine gesch\u00fctzte Ursprungsbezeichnung \u2013 und das zu Recht! Bei einem Besuch des Halen M\u00f4n Besucherzentrums auf Anglesey k\u00f6nnen Sie sich selbst von der Qualit\u00e4t des naturbelassenen Meersalzes aus der Meerenge Menai Strait \u00fcberzeugen. Bei einer gef\u00fchrten Tour lernen Sie das kleine Familienunternehmen besser kennen. Anschlie\u00dfend haben Sie Zeit sich die historische Stadt Beaumaris n\u00e4her anzusehen. In der gesch\u00e4ftigen Einkaufsstra\u00dfe finden Sie zahlreiche Caf\u00e9s und Restaurants die zum Mittagessen einladen. Zudem beherbergt die Stadt eine der ber\u00fchmtesten Waliser Burgen. Das Beaumaris Castle wurde auf Befehl von Edward I im 13. Jahrhundert erbaut. Bei einer Bootsfahrt zur Puffin Island sehen sie neben beeindruckender Landschaft auch eine Vielzahl an verschiedenen Vogelarten. Das Highlight der Tour sind nat\u00fcrlich die Papageientaucher (April bis Juli), die auf der Insel nisten. Mit etwas Gl\u00fcck entdecken Sie vielleicht sogar Seerobben, Delfine oder Schweinswale auf Ihrer Bootstour. Abendessen, \u00dcbernachtung und walisisches Fr\u00fchst\u00fcck im Raum Holyhead<\/p>\n<p><strong>3. Tag:<\/strong> Snowdon Mountain Railway \u2013 Llechwedd Slate Caverns<\/p>\n<p>Am Morgen erwartet Sie ein weiterer H\u00f6hepunkt Ihrer Reise. Heute erklimmen Sie mit Hilfe einer Zahnradbahn den Mount Snowdon. Mit 1085 Metern ist er der h\u00f6chste Berg in Wales. Oben angekommen k\u00f6nnen Sie einen herrlichen Blick \u00fcber die Berglandschaft des Snowdonia Nationalpark genie\u00dfen. Mit der Seilbahn, in einer winzigen Kabine geht es anschlie\u00dfend hinab zu den Llechwedd Slate Caverns. Unten in der Mine angekommen, wird einem mit Filmen, Lichtspiel und Tonaufnahmen die Lebens- und Arbeitsbedingungen der Bergwerkarbeiter, aber auch deren Leiden eindrucksvoll n\u00e4hergebracht. Man kann zusehen, wie aus einem Schieferblock Dachziegel werden und sich selbst ausprobieren. Anschlie\u00dfend fahren Sie weiter zu Ihrem Hotel in Llandrindod Wells. Abendessen, \u00dcbernachtung und walisisches Fr\u00fchst\u00fcck in Llandrindod Wells<\/p>\n<p><strong>4. Tag:<\/strong> Ceredigion Coastal Path \u2013 Aberyswyth \u2013 Devil\u2019s Bridge<\/p>\n<p>Heute lernen Sie die Grafschaft Ceredigion n\u00e4her kennen. Entlang der K\u00fcste zieht sich der 105 Kilometer lange Wanderweg \u201eCeredigion Costal Path\u201c. Hier legen Sie zwei Zwischenhalte ein. Zum einen k\u00f6nnen Sie einen gem\u00fctlichen Spaziergang durch die Sandd\u00fcnen von Ynyslas genie\u00dfen. Anschlie\u00dfend erwartet Sie das kleine K\u00fcstend\u00f6rfchen Borth. Bei Ebbe k\u00f6nnen Sie hier die \u00dcberreste eines einstigen Waldes erkennen. Analysen der Baumst\u00fcmpfe haben ergeben, dass der Wald vor ca. 4500-6000 Jahren gestorben ist. P\u00fcnktlich zur Mittagszeit erreichen Sie das Seebad Aberyswyth, welches bedingt durch \u00fcber 7000 Studenten das kulturelle Zentrum in Mittelwales ist. Sie spazieren entlang der 5 Kilometer langen viktorianischen Strandpromenade. Am n\u00f6rdlichen Ende besteigen Sie die Aberystwyth Cliff Railway. In nur wenigen Minuten bringt Sie die \u00e4lteste britische Standseilbahn auf den Constitution Hill von wo Sie einen atemberaubenden Blick auf die Stadt, die Cardigan Bay und die Waliser Berglandschaft genie\u00dfen k\u00f6nnen. Sie erreichen anschlie\u00dfend Devil\u2019s Bridge. Diese einzigartigen Wasserf\u00e4lle haben seit dem 18. Jahrhundert Tausende von Besuchern angezogen, darunter William Wordsworth, der \u00fcber den \u201eFluss an der Teufelsbr\u00fccke\u201c schrieb. Der Legende nach wurde die \u00e4lteste Br\u00fccke vom Teufel gebaut, weil es f\u00fcr sterbliche Menschen zu schwierig war, eine Flussquerung zu schaffen. Abendessen, \u00dcbernachtung und walisisches Fr\u00fchst\u00fcck in Llandrindod Wells<\/p>\n<p><strong>5. Tag:<\/strong> Pembrokshire<br \/>\n<a href=\"https:\/\/www.urlaubcornwall.de\/blog\/wp-content\/uploads\/2024\/03\/gower-halbinsel-wales-1.jpg\"><img loading=\"lazy\" src=\"https:\/\/www.urlaubcornwall.de\/blog\/wp-content\/uploads\/2024\/03\/gower-halbinsel-wales-1.jpg\" alt=\"gower halbinsel wales\" width=\"750\" height=\"500\" class=\"alignnone size-full wp-image-47959\" srcset=\"https:\/\/www.urlaubcornwall.de\/blog\/wp-content\/uploads\/2024\/03\/gower-halbinsel-wales-1.jpg 750w, https:\/\/www.urlaubcornwall.de\/blog\/wp-content\/uploads\/2024\/03\/gower-halbinsel-wales-1-300x200.jpg 300w\" sizes=\"(max-width: 750px) 100vw, 750px\" \/><\/a><br \/>\nDer heutige Tag steht ganz im Zeichen des Pembrokeshire Nationalpark. Sie besuchen zuerst die felsige Landzunge Strumbles Head. Vorgelagert liegt die Insel Ynys Meicel mit dem wei\u00dfen Leuchtturm Strumble Head Lighthouse, von dem die Landzunge ihren Namen hat. Mit etwas Gl\u00fcck kann man von hier Robben und Wale beobachten. Sie fahren weiter in die kleine Stadt St. Davids. Den Titel \u201eStadt\u201c verdankt St. Davids dem Umstand, dass sie eine Kathedrale beherbergt. Mit seinen knapp 2.000 Einwohnern, ist sie damit die kleinste \u201eKathedralenstadt\u201c im Vereinigten K\u00f6nigreich. Die St. Davids Kathedrale ist eine der \u00e4ltesten Anlagen in ganz Gro\u00dfbritannien. Ihr Ursprung liegt im 6. Jahrhundert, als der walisische Schutzpatron St. David im Glyn Rhosyn (\u201eTal der Rosen\u201c) am Fluss Alun sein Kloster gr\u00fcndete. Anschlie\u00dfend steht eine kleine K\u00fcstenwanderung auf dem Programm. Zum Abschluss des Tages lernen Sie den charmanten K\u00fcstenort Tenby etwas besser kennen. Bewundern Sie neben den bunt angemalten H\u00e4usern auch die historischen Stadtmauern und fantastischen Str\u00e4nde. Hier haben Sie Zeit am Strand zu entspannen oder eine kleine Wanderung entlang der K\u00fcste zu unternehmen. Abendessen, \u00dcbernachtung und walisisches Fr\u00fchst\u00fcck in Tenby<\/p>\n<p><strong>6. Tag:<\/strong> Gower Peninsula \u2013 Cardiff<\/p>\n<p>In der N\u00e4he der Stadt Swansea befindet sich die Gower Peninsula, eine Region ausgezeichnet mit dem Status au\u00dfergew\u00f6hnlicher nat\u00fcrlicher Sch\u00f6nheit. Entlang der grandiosen kilometerlangen Str\u00e4nde wie The Mumbles oder der Rhossili Bay unternehmen Sie einen gem\u00fctlichen Spaziergang. Anschlie\u00dfend erreichen Sie die walisische Hauptstadt und besuchen das ber\u00fchmte Cardiff Castle. Das Schloss umfasst drei verschiedene Teile: ein gotisches Herrenhaus und eine normannische Burg, umgeben von den Mauern eines r\u00f6mischen Kastells. Neben dem Hauptturm der normannischen Burg und den Prunkr\u00e4umen des Herrenhauses k\u00f6nnen Sie auch den Luftschutzbunker aus dem zweiten Weltkrieg und ein Museum zur Royal Welsh Army sehen. Die Spirit of Wales Show am Abend verspricht einen brillanten Abschluss des Tages mit walisischer Kultur, Musik und Unterhaltung, dazu eine hervorragende Auswahl an erstklassigen Gerichten \u2013 eine Gaumenfreude! (gegen Aufpreis buchbar). \u00dcbernachtung und walisisches Fr\u00fchst\u00fcck in Cardiff<\/p>\n<p><strong>7. Tag:<\/strong> Shrewsbury \u2013 Pontcysyllte Aquadukt<\/p>\n<p>Am Morgen lernen Sie die einzige walisischen Destillerie, Penderyn Distillerie, im Rahmen einer F\u00fchrung kennen. Werfen Sie einen Blick hinter die Kulissen und probieren Sie am Ende Ihrer Tour den edlen Tropfen. Der beliebte Single Malt wird als mild und fruchtig beschrieben. Anschlie\u00dfend fahren Sie zum UNESCO Welterbe Pontcysyllte-Aqu\u00e4dukt. \u201eStrom im Himmel\u201c ist die Bezeichnung der Einheimischen f\u00fcr die gr\u00f6\u00dfte Wasserbr\u00fccke Gro\u00dfbritanniens.Sie haben die M\u00f6glichkeit einen kleinen Spaziergang auf dem Aqu\u00e4dukt zu unternehmen. Abendessen, \u00dcbernachtung und walisisches Fr\u00fchst\u00fcck im Raum Wrexham<\/p>\n<p><strong>8. Tag:<\/strong> Heimreise<\/p>\n<p>Heute hei\u00dft es leider Abschied nehmen. Mit vielen Eindr\u00fccken im Gep\u00e4ck erfolgt der Transfer zum Flughafen.<\/p>\n<p>Hinweise zur An- und Abreise: Tourabfahrt um 12.00h. Empfang durch die Reiseleitung nach dem Zollausgang im Ankunftsbereich vom Manchester Flughafen Terminal 1. Sammeltransfer bei R\u00fcckfahrt entsprechend Flugzeiten. Wir empfehlen Fl\u00fcge um die Mittagszeit bzw. nach 11.00 Uhr.<\/p>\n<p><strong>Eingeschlossene Leistungen:<\/strong><\/p>\n<p>7 x \u00dcbernachtung in Mittelklassehotels<\/p>\n<p>7x Fr\u00fchst\u00fcck &amp; 6 x Abendessen (au\u00dfer Cardiff)<\/p>\n<p>Moderner Reisebus und deutschsprachige Reiseleitung von Tag 1 bis Tag 7 laut Programm<\/p>\n<p>Flughafentransfer (Sammeltransfer) an Tag 8<\/p>\n<p>Eintritte\/Aktivit\u00e4ten: Halen M\u00f4n Visitor Centre (gef\u00fchrte Tour), Bootsfahrt zur Puffin Island, Fahrt mit der Snowdon Mountain Railway (Diesellock), Llechwedd Slate Caverns, Fahrt mit der Aberystwyth Cliff Railway, Devil\u2019s Bridge Falls, St. David\u2018s Cathedral, Cardiff Castle, Besuch der Penderyn Whisky Destillerie (inkl. Kostprobe), Parkgeb\u00fchren am Pontcysyllte-Aqu\u00e4dukt<\/p>\n<p>1 Reisef\u00fchrer Wales<\/p>\n<p><strong>Nicht eingeschlossene Leistungen:<\/strong><\/p>\n<p>Fl\u00fcge (bieten wir gerne an)<\/p>\n<p>Pers\u00f6nliche Ausgaben<\/p>\n<p>Weitere Mahlzeiten<\/p>\n<p>Weiter \u00dcbernachtungen<\/p>\n<p><strong>Termine 2024<\/strong><\/p>\n<p>22.06.-29.06.24 | 07.07.-14.07.24 | 21.08.-28.08.24 | 11.09.-18.09.24<\/p>\n<p>Mindestteilnehmerzahl: 12 Personen!<\/p>\n<p><strong>Preise 2024<\/strong><\/p>\n<p>Termin Juni &#038; September 2024<\/p>\n<p>\u20ac 2.050,- pro Person im Doppelzimmer | \u20ac 2.480,- pro Person im Einzelzimmer<\/p>\n<p>Termin Juli &#038; August  2024<\/p>\n<p>\u20ac 2.110,- pro Person im Doppelzimmer | \u20ac 2.630,- pro Person im Einzelzimmer<\/p>\n<p style=\"text-align: center;\"><a class=\"tidycta\" href=\"http:\/\/www.urlaubcornwall.de\/anfrage.php?tourcode=Tourcode: WAL-BRD\">Anfrage \/ Buchung<\/a><\/p>\n","protected":false},"excerpt":{"rendered":"<p>Die walisische Flagge wird von einem stolzen, roten Drachen dominiert, dessen Legende bis in die Zeit des gro\u00dfen K\u00f6nig Artus zur\u00fcck f\u00fchrt. In Wales gibt es aber nicht nur Burgen und Schl\u00f6sser sondern auch die grandiose Berglandschaft des Snowdonia Nationalpark, die atemberaubende K\u00fcste des Pembrokeshire Nationalpark und viele reizende Gesch\u00e4fte mit regionalen Produkten, die zum [&hellip;]<\/p>\n","protected":false},"author":1,"featured_media":0,"parent":0,"menu_order":0,"comment_status":"closed","ping_status":"closed","template":"single-four.php","meta":[],"acf":[],"yoast_head":"<!-- This site is optimized with the Yoast SEO plugin v19.4 - https:\/\/yoast.com\/wordpress\/plugins\/seo\/ -->\n<title>Busreise in Wales - Im Land des roten Drachen \u2013 8 Tage - Urlaub &amp; Reisen<\/title>\n<meta name=\"robots\" content=\"index, follow, max-snippet:-1, max-image-preview:large, max-video-preview:-1\" \/>\n<link rel=\"canonical\" href=\"https:\/\/www.urlaubcornwall.de\/blog\/busreise-in-wales-2020\/\" \/>\n<meta property=\"og:locale\" content=\"en_US\" \/>\n<meta property=\"og:type\" content=\"article\" \/>\n<meta property=\"og:title\" content=\"Busreise in Wales - Im Land des roten Drachen \u2013 8 Tage - Urlaub &amp; Reisen\" \/>\n<meta property=\"og:description\" content=\"Die walisische Flagge wird von einem stolzen, roten Drachen dominiert, dessen Legende bis in die Zeit des gro\u00dfen K\u00f6nig Artus zur\u00fcck f\u00fchrt. In Wales gibt es aber nicht nur Burgen und Schl\u00f6sser sondern auch die grandiose Berglandschaft des Snowdonia Nationalpark, die atemberaubende K\u00fcste des Pembrokeshire Nationalpark und viele reizende Gesch\u00e4fte mit regionalen Produkten, die zum [&hellip;]\" \/>\n<meta property=\"og:url\" content=\"https:\/\/www.urlaubcornwall.de\/blog\/busreise-in-wales-2020\/\" \/>\n<meta property=\"og:site_name\" content=\"Urlaub &amp; Reisen\" \/>\n<meta property=\"article:modified_time\" content=\"2024-05-30T15:14:11+00:00\" \/>\n<meta property=\"og:image\" content=\"https:\/\/www.urlaubcornwall.de\/blog\/wp-content\/uploads\/2019\/02\/rundreise_wales_snowdonia.jpg\" \/>\n<meta name=\"twitter:card\" content=\"summary\" \/>\n<meta name=\"twitter:label1\" content=\"Est. reading time\" \/>\n\t<meta name=\"twitter:data1\" content=\"7 minutes\" \/>\n<script type=\"application\/ld+json\" class=\"yoast-schema-graph\">{\"@context\":\"https:\/\/schema.org\",\"@graph\":[{\"@type\":\"WebSite\",\"@id\":\"https:\/\/www.urlaubcornwall.de\/blog\/#website\",\"url\":\"https:\/\/www.urlaubcornwall.de\/blog\/\",\"name\":\"Urlaub &amp; Reisen\",\"description\":\"Urlaub, Reisen, Cornwall und S\u00fcdengland: eine perfekte Kombination\",\"potentialAction\":[{\"@type\":\"SearchAction\",\"target\":{\"@type\":\"EntryPoint\",\"urlTemplate\":\"https:\/\/www.urlaubcornwall.de\/blog\/?s={search_term_string}\"},\"query-input\":\"required name=search_term_string\"}],\"inLanguage\":\"en-US\"},{\"@type\":\"WebPage\",\"@id\":\"https:\/\/www.urlaubcornwall.de\/blog\/busreise-in-wales-2020\/\",\"url\":\"https:\/\/www.urlaubcornwall.de\/blog\/busreise-in-wales-2020\/\",\"name\":\"Busreise in Wales - Im Land des roten Drachen \u2013 8 Tage - Urlaub &amp; Reisen\",\"isPartOf\":{\"@id\":\"https:\/\/www.urlaubcornwall.de\/blog\/#website\"},\"datePublished\":\"2019-10-28T15:02:24+00:00\",\"dateModified\":\"2024-05-30T15:14:11+00:00\",\"breadcrumb\":{\"@id\":\"https:\/\/www.urlaubcornwall.de\/blog\/busreise-in-wales-2020\/#breadcrumb\"},\"inLanguage\":\"en-US\",\"potentialAction\":[{\"@type\":\"ReadAction\",\"target\":[\"https:\/\/www.urlaubcornwall.de\/blog\/busreise-in-wales-2020\/\"]}]},{\"@type\":\"BreadcrumbList\",\"@id\":\"https:\/\/www.urlaubcornwall.de\/blog\/busreise-in-wales-2020\/#breadcrumb\",\"itemListElement\":[{\"@type\":\"ListItem\",\"position\":1,\"name\":\"Home\",\"item\":\"https:\/\/www.urlaubcornwall.de\/blog\/\"},{\"@type\":\"ListItem\",\"position\":2,\"name\":\"Busreise in Wales &#8211; Im Land des roten Drachen \u2013 8 Tage\"}]}]}<\/script>\n<!-- \/ Yoast SEO plugin. -->","yoast_head_json":{"title":"Busreise in Wales - Im Land des roten Drachen \u2013 8 Tage - Urlaub &amp; Reisen","robots":{"index":"index","follow":"follow","max-snippet":"max-snippet:-1","max-image-preview":"max-image-preview:large","max-video-preview":"max-video-preview:-1"},"canonical":"https:\/\/www.urlaubcornwall.de\/blog\/busreise-in-wales-2020\/","og_locale":"en_US","og_type":"article","og_title":"Busreise in Wales - Im Land des roten Drachen \u2013 8 Tage - Urlaub &amp; Reisen","og_description":"Die walisische Flagge wird von einem stolzen, roten Drachen dominiert, dessen Legende bis in die Zeit des gro\u00dfen K\u00f6nig Artus zur\u00fcck f\u00fchrt. In Wales gibt es aber nicht nur Burgen und Schl\u00f6sser sondern auch die grandiose Berglandschaft des Snowdonia Nationalpark, die atemberaubende K\u00fcste des Pembrokeshire Nationalpark und viele reizende Gesch\u00e4fte mit regionalen Produkten, die zum [&hellip;]","og_url":"https:\/\/www.urlaubcornwall.de\/blog\/busreise-in-wales-2020\/","og_site_name":"Urlaub &amp; Reisen","article_modified_time":"2024-05-30T15:14:11+00:00","og_image":[{"url":"https:\/\/www.urlaubcornwall.de\/blog\/wp-content\/uploads\/2019\/02\/rundreise_wales_snowdonia.jpg"}],"twitter_card":"summary","twitter_misc":{"Est. reading time":"7 minutes"},"schema":{"@context":"https:\/\/schema.org","@graph":[{"@type":"WebSite","@id":"https:\/\/www.urlaubcornwall.de\/blog\/#website","url":"https:\/\/www.urlaubcornwall.de\/blog\/","name":"Urlaub &amp; Reisen","description":"Urlaub, Reisen, Cornwall und S\u00fcdengland: eine perfekte Kombination","potentialAction":[{"@type":"SearchAction","target":{"@type":"EntryPoint","urlTemplate":"https:\/\/www.urlaubcornwall.de\/blog\/?s={search_term_string}"},"query-input":"required name=search_term_string"}],"inLanguage":"en-US"},{"@type":"WebPage","@id":"https:\/\/www.urlaubcornwall.de\/blog\/busreise-in-wales-2020\/","url":"https:\/\/www.urlaubcornwall.de\/blog\/busreise-in-wales-2020\/","name":"Busreise in Wales - Im Land des roten Drachen \u2013 8 Tage - Urlaub &amp; Reisen","isPartOf":{"@id":"https:\/\/www.urlaubcornwall.de\/blog\/#website"},"datePublished":"2019-10-28T15:02:24+00:00","dateModified":"2024-05-30T15:14:11+00:00","breadcrumb":{"@id":"https:\/\/www.urlaubcornwall.de\/blog\/busreise-in-wales-2020\/#breadcrumb"},"inLanguage":"en-US","potentialAction":[{"@type":"ReadAction","target":["https:\/\/www.urlaubcornwall.de\/blog\/busreise-in-wales-2020\/"]}]},{"@type":"BreadcrumbList","@id":"https:\/\/www.urlaubcornwall.de\/blog\/busreise-in-wales-2020\/#breadcrumb","itemListElement":[{"@type":"ListItem","position":1,"name":"Home","item":"https:\/\/www.urlaubcornwall.de\/blog\/"},{"@type":"ListItem","position":2,"name":"Busreise in Wales &#8211; Im Land des roten Drachen \u2013 8 Tage"}]}]}},"_links":{"self":[{"href":"https:\/\/www.urlaubcornwall.de\/blog\/wp-json\/wp\/v2\/pages\/38856"}],"collection":[{"href":"https:\/\/www.urlaubcornwall.de\/blog\/wp-json\/wp\/v2\/pages"}],"about":[{"href":"https:\/\/www.urlaubcornwall.de\/blog\/wp-json\/wp\/v2\/types\/page"}],"author":[{"embeddable":true,"href":"https:\/\/www.urlaubcornwall.de\/blog\/wp-json\/wp\/v2\/users\/1"}],"replies":[{"embeddable":true,"href":"https:\/\/www.urlaubcornwall.de\/blog\/wp-json\/wp\/v2\/comments?post=38856"}],"version-history":[{"count":6,"href":"https:\/\/www.urlaubcornwall.de\/blog\/wp-json\/wp\/v2\/pages\/38856\/revisions"}],"predecessor-version":[{"id":51143,"href":"https:\/\/www.urlaubcornwall.de\/blog\/wp-json\/wp\/v2\/pages\/38856\/revisions\/51143"}],"wp:attachment":[{"href":"https:\/\/www.urlaubcornwall.de\/blog\/wp-json\/wp\/v2\/media?parent=38856"}],"curies":[{"name":"wp","href":"https:\/\/api.w.org\/{rel}","templated":true}]}}