{"id":38809,"date":"2019-10-15T08:18:02","date_gmt":"2019-10-15T08:18:02","guid":{"rendered":"https:\/\/www.urlaubcornwall.de\/blog\/?page_id=38809"},"modified":"2024-05-28T11:08:22","modified_gmt":"2024-05-28T11:08:22","slug":"ferienhaeuser-ferienwohnungen-insel-mull-mit-kindern","status":"publish","type":"page","link":"https:\/\/www.urlaubcornwall.de\/blog\/ferienhaeuser-ferienwohnungen-insel-mull-mit-kindern\/","title":{"rendered":"Ferienh\u00e4user &#038; Ferienwohnungen auf Insel Mull mit Kindern"},"content":{"rendered":"<p><a href=\"https:\/\/www.urlaubcornwall.de\/blog\/wp-content\/uploads\/2024\/05\/mull-schottland_new.jpg\"><img loading=\"lazy\" src=\"https:\/\/www.urlaubcornwall.de\/blog\/wp-content\/uploads\/2024\/05\/mull-schottland_new.jpg\" alt=\"insel schottland\" width=\"750\" height=\"500\" class=\"alignnone size-full wp-image-50355\" srcset=\"https:\/\/www.urlaubcornwall.de\/blog\/wp-content\/uploads\/2024\/05\/mull-schottland_new.jpg 750w, https:\/\/www.urlaubcornwall.de\/blog\/wp-content\/uploads\/2024\/05\/mull-schottland_new-300x200.jpg 300w\" sizes=\"(max-width: 750px) 100vw, 750px\" \/><\/a><\/p>\n<p><strong>Familienfreundliche Ferienh\u00e4user Insel Mull<\/strong> &#8211; UrlaubCornwall.de verf\u00fcgt Ferienh\u00e4user und&nbsp;Ferienwohnungen  in Schottland f\u00fcr Ihren <a href=\"https:\/\/www.urlaubcornwall.de\/reiseziel\/schottland.php\">Urlaub mit Kindern<\/a>.<\/p>\n<p>Mull ist die zweitgr\u00f6\u00dfte Insel der Inneren Hebriden und die am besten zu erreichende. Es gibt drei F\u00e4hrverbindungen, die nach Mull f\u00fchren, die beliebteste ist die Route von Oban auf dem Festland nach Craignure. Sie k\u00f6nnen auch von Lochaline auf der Morvern Halbinsel nach Fishnish reisen oder von Kilchoan nach Tobermory. Mull ist eine gro\u00dfartige Insel, um V\u00f6gel zu beobachten; es gibt auch Robben, Delfine, Wale, Riesenhaie in den Gew\u00e4ssern, die die Insel umgeben. Neben Rotwild und Damwild, ist Mull auch Lebensraum f\u00fcr den eurasischen Otter.<\/p>\n<p style=\"text-align: center;\"><a class=\"tidycta\" href=\"https:\/\/www.urlaubcornwall.de\/ferienhaeuser-fewos\/sco\/schottische-inseln\/brodick.html\">Ferienh\u00e4user auf Mull<\/a><\/p>\n<p style=\"text-align: center;\">\u00dcber 400 <a href=\"https:\/\/www.urlaubcornwall.de\/ferienhaeuser\/schottland.php\">Ferienh\u00e4user, Cottages &amp; Ferienwohnungen in Schottland<\/a> f\u00fcr Ihren Urlaub mit Selbstverpflegung.<\/p>\n","protected":false},"excerpt":{"rendered":"<p>Familienfreundliche Ferienh\u00e4user Insel Mull &#8211; UrlaubCornwall.de verf\u00fcgt Ferienh\u00e4user und&nbsp;Ferienwohnungen in Schottland f\u00fcr Ihren Urlaub mit Kindern. Mull ist die zweitgr\u00f6\u00dfte Insel der Inneren Hebriden und die am besten zu erreichende. Es gibt drei F\u00e4hrverbindungen, die nach Mull f\u00fchren, die beliebteste ist die Route von Oban auf dem Festland nach Craignure. Sie k\u00f6nnen auch von Lochaline [&hellip;]<\/p>\n","protected":false},"author":1,"featured_media":0,"parent":0,"menu_order":0,"comment_status":"closed","ping_status":"closed","template":"single-four.php","meta":[],"acf":[],"yoast_head":"<!-- This site is optimized with the Yoast SEO plugin v19.4 - https:\/\/yoast.com\/wordpress\/plugins\/seo\/ -->\n<title>Ferienh\u00e4user &amp; Ferienwohnungen auf Insel Mull mit Kindern - Urlaub &amp; Reisen<\/title>\n<meta name=\"robots\" content=\"index, follow, max-snippet:-1, max-image-preview:large, max-video-preview:-1\" \/>\n<link rel=\"canonical\" href=\"https:\/\/www.urlaubcornwall.de\/blog\/ferienhaeuser-ferienwohnungen-insel-mull-mit-kindern\/\" \/>\n<meta property=\"og:locale\" content=\"en_US\" \/>\n<meta property=\"og:type\" content=\"article\" \/>\n<meta property=\"og:title\" content=\"Ferienh\u00e4user &amp; Ferienwohnungen auf Insel Mull mit Kindern - Urlaub &amp; Reisen\" \/>\n<meta property=\"og:description\" content=\"Familienfreundliche Ferienh\u00e4user Insel Mull &#8211; UrlaubCornwall.de verf\u00fcgt Ferienh\u00e4user und&nbsp;Ferienwohnungen in Schottland f\u00fcr Ihren Urlaub mit Kindern. Mull ist die zweitgr\u00f6\u00dfte Insel der Inneren Hebriden und die am besten zu erreichende. Es gibt drei F\u00e4hrverbindungen, die nach Mull f\u00fchren, die beliebteste ist die Route von Oban auf dem Festland nach Craignure. Sie k\u00f6nnen auch von Lochaline [&hellip;]\" \/>\n<meta property=\"og:url\" content=\"https:\/\/www.urlaubcornwall.de\/blog\/ferienhaeuser-ferienwohnungen-insel-mull-mit-kindern\/\" \/>\n<meta property=\"og:site_name\" content=\"Urlaub &amp; Reisen\" \/>\n<meta property=\"article:modified_time\" content=\"2024-05-28T11:08:22+00:00\" \/>\n<meta property=\"og:image\" content=\"https:\/\/www.urlaubcornwall.de\/blog\/wp-content\/uploads\/2024\/05\/mull-schottland_new.jpg\" \/>\n<meta name=\"twitter:card\" content=\"summary\" \/>\n<meta name=\"twitter:label1\" content=\"Est. reading time\" \/>\n\t<meta name=\"twitter:data1\" content=\"1 minute\" \/>\n<script type=\"application\/ld+json\" class=\"yoast-schema-graph\">{\"@context\":\"https:\/\/schema.org\",\"@graph\":[{\"@type\":\"WebSite\",\"@id\":\"https:\/\/www.urlaubcornwall.de\/blog\/#website\",\"url\":\"https:\/\/www.urlaubcornwall.de\/blog\/\",\"name\":\"Urlaub &amp; Reisen\",\"description\":\"Urlaub, Reisen, Cornwall und S\u00fcdengland: eine perfekte Kombination\",\"potentialAction\":[{\"@type\":\"SearchAction\",\"target\":{\"@type\":\"EntryPoint\",\"urlTemplate\":\"https:\/\/www.urlaubcornwall.de\/blog\/?s={search_term_string}\"},\"query-input\":\"required name=search_term_string\"}],\"inLanguage\":\"en-US\"},{\"@type\":\"WebPage\",\"@id\":\"https:\/\/www.urlaubcornwall.de\/blog\/ferienhaeuser-ferienwohnungen-insel-mull-mit-kindern\/\",\"url\":\"https:\/\/www.urlaubcornwall.de\/blog\/ferienhaeuser-ferienwohnungen-insel-mull-mit-kindern\/\",\"name\":\"Ferienh\u00e4user & Ferienwohnungen auf Insel Mull mit Kindern - Urlaub &amp; Reisen\",\"isPartOf\":{\"@id\":\"https:\/\/www.urlaubcornwall.de\/blog\/#website\"},\"datePublished\":\"2019-10-15T08:18:02+00:00\",\"dateModified\":\"2024-05-28T11:08:22+00:00\",\"breadcrumb\":{\"@id\":\"https:\/\/www.urlaubcornwall.de\/blog\/ferienhaeuser-ferienwohnungen-insel-mull-mit-kindern\/#breadcrumb\"},\"inLanguage\":\"en-US\",\"potentialAction\":[{\"@type\":\"ReadAction\",\"target\":[\"https:\/\/www.urlaubcornwall.de\/blog\/ferienhaeuser-ferienwohnungen-insel-mull-mit-kindern\/\"]}]},{\"@type\":\"BreadcrumbList\",\"@id\":\"https:\/\/www.urlaubcornwall.de\/blog\/ferienhaeuser-ferienwohnungen-insel-mull-mit-kindern\/#breadcrumb\",\"itemListElement\":[{\"@type\":\"ListItem\",\"position\":1,\"name\":\"Home\",\"item\":\"https:\/\/www.urlaubcornwall.de\/blog\/\"},{\"@type\":\"ListItem\",\"position\":2,\"name\":\"Ferienh\u00e4user &#038; Ferienwohnungen auf Insel Mull mit Kindern\"}]}]}<\/script>\n<!-- \/ Yoast SEO plugin. -->","yoast_head_json":{"title":"Ferienh\u00e4user & Ferienwohnungen auf Insel Mull mit Kindern - Urlaub &amp; Reisen","robots":{"index":"index","follow":"follow","max-snippet":"max-snippet:-1","max-image-preview":"max-image-preview:large","max-video-preview":"max-video-preview:-1"},"canonical":"https:\/\/www.urlaubcornwall.de\/blog\/ferienhaeuser-ferienwohnungen-insel-mull-mit-kindern\/","og_locale":"en_US","og_type":"article","og_title":"Ferienh\u00e4user & Ferienwohnungen auf Insel Mull mit Kindern - Urlaub &amp; Reisen","og_description":"Familienfreundliche Ferienh\u00e4user Insel Mull &#8211; UrlaubCornwall.de verf\u00fcgt Ferienh\u00e4user und&nbsp;Ferienwohnungen in Schottland f\u00fcr Ihren Urlaub mit Kindern. Mull ist die zweitgr\u00f6\u00dfte Insel der Inneren Hebriden und die am besten zu erreichende. Es gibt drei F\u00e4hrverbindungen, die nach Mull f\u00fchren, die beliebteste ist die Route von Oban auf dem Festland nach Craignure. Sie k\u00f6nnen auch von Lochaline [&hellip;]","og_url":"https:\/\/www.urlaubcornwall.de\/blog\/ferienhaeuser-ferienwohnungen-insel-mull-mit-kindern\/","og_site_name":"Urlaub &amp; Reisen","article_modified_time":"2024-05-28T11:08:22+00:00","og_image":[{"url":"https:\/\/www.urlaubcornwall.de\/blog\/wp-content\/uploads\/2024\/05\/mull-schottland_new.jpg"}],"twitter_card":"summary","twitter_misc":{"Est. reading time":"1 minute"},"schema":{"@context":"https:\/\/schema.org","@graph":[{"@type":"WebSite","@id":"https:\/\/www.urlaubcornwall.de\/blog\/#website","url":"https:\/\/www.urlaubcornwall.de\/blog\/","name":"Urlaub &amp; Reisen","description":"Urlaub, Reisen, Cornwall und S\u00fcdengland: eine perfekte Kombination","potentialAction":[{"@type":"SearchAction","target":{"@type":"EntryPoint","urlTemplate":"https:\/\/www.urlaubcornwall.de\/blog\/?s={search_term_string}"},"query-input":"required name=search_term_string"}],"inLanguage":"en-US"},{"@type":"WebPage","@id":"https:\/\/www.urlaubcornwall.de\/blog\/ferienhaeuser-ferienwohnungen-insel-mull-mit-kindern\/","url":"https:\/\/www.urlaubcornwall.de\/blog\/ferienhaeuser-ferienwohnungen-insel-mull-mit-kindern\/","name":"Ferienh\u00e4user & Ferienwohnungen auf Insel Mull mit Kindern - Urlaub &amp; Reisen","isPartOf":{"@id":"https:\/\/www.urlaubcornwall.de\/blog\/#website"},"datePublished":"2019-10-15T08:18:02+00:00","dateModified":"2024-05-28T11:08:22+00:00","breadcrumb":{"@id":"https:\/\/www.urlaubcornwall.de\/blog\/ferienhaeuser-ferienwohnungen-insel-mull-mit-kindern\/#breadcrumb"},"inLanguage":"en-US","potentialAction":[{"@type":"ReadAction","target":["https:\/\/www.urlaubcornwall.de\/blog\/ferienhaeuser-ferienwohnungen-insel-mull-mit-kindern\/"]}]},{"@type":"BreadcrumbList","@id":"https:\/\/www.urlaubcornwall.de\/blog\/ferienhaeuser-ferienwohnungen-insel-mull-mit-kindern\/#breadcrumb","itemListElement":[{"@type":"ListItem","position":1,"name":"Home","item":"https:\/\/www.urlaubcornwall.de\/blog\/"},{"@type":"ListItem","position":2,"name":"Ferienh\u00e4user &#038; Ferienwohnungen auf Insel Mull mit Kindern"}]}]}},"_links":{"self":[{"href":"https:\/\/www.urlaubcornwall.de\/blog\/wp-json\/wp\/v2\/pages\/38809"}],"collection":[{"href":"https:\/\/www.urlaubcornwall.de\/blog\/wp-json\/wp\/v2\/pages"}],"about":[{"href":"https:\/\/www.urlaubcornwall.de\/blog\/wp-json\/wp\/v2\/types\/page"}],"author":[{"embeddable":true,"href":"https:\/\/www.urlaubcornwall.de\/blog\/wp-json\/wp\/v2\/users\/1"}],"replies":[{"embeddable":true,"href":"https:\/\/www.urlaubcornwall.de\/blog\/wp-json\/wp\/v2\/comments?post=38809"}],"version-history":[{"count":2,"href":"https:\/\/www.urlaubcornwall.de\/blog\/wp-json\/wp\/v2\/pages\/38809\/revisions"}],"predecessor-version":[{"id":50361,"href":"https:\/\/www.urlaubcornwall.de\/blog\/wp-json\/wp\/v2\/pages\/38809\/revisions\/50361"}],"wp:attachment":[{"href":"https:\/\/www.urlaubcornwall.de\/blog\/wp-json\/wp\/v2\/media?parent=38809"}],"curies":[{"name":"wp","href":"https:\/\/api.w.org\/{rel}","templated":true}]}}