{"id":38728,"date":"2019-09-06T14:28:33","date_gmt":"2019-09-06T14:28:33","guid":{"rendered":"https:\/\/www.urlaubcornwall.de\/blog\/?page_id=38728"},"modified":"2024-04-15T15:52:41","modified_gmt":"2024-04-15T15:52:41","slug":"ferienhaeuser-ferienwohnungen-in-scarborough-urlaub-yorkshire-am-meer","status":"publish","type":"page","link":"https:\/\/www.urlaubcornwall.de\/blog\/ferienhaeuser-ferienwohnungen-in-scarborough-urlaub-yorkshire-am-meer\/","title":{"rendered":"Ferienh\u00e4user &#038; Ferienwohnungen in Scarborough &#8211; Urlaub Yorkshire am Meer"},"content":{"rendered":"<p><img loading=\"lazy\" class=\"aligncenter size-full wp-image-38137\" src=\"https:\/\/www.urlaubcornwall.de\/blog\/wp-content\/uploads\/2019\/04\/Charmante-D\u00f6rfer-cornwall.jpg\" alt=\"Charmante Ferienhaus scarborough\" width=\"748\" height=\"498\"\/><\/p>\n<p>Von den Meeresorten Whitby und Scarborough bis hin zu kleinen Marktst\u00e4dten, bietet die herrliche Landschaft zu jeder Jahreszeit etwas.<\/p>\n<p>\u00dcber 30 Ferienh\u00e4user, Cottages &amp; Ferienwohnungen in <a href=\"https:\/\/www.urlaubcornwall.de\/ferienhaeuser-fewos\/eng\/yorkshire\/scarborough.html\">Scarborough<\/a> f\u00fcr Ihren Urlaub mit Selbstverpflegung in Yorkshire.<\/p>\n<p style=\"text-align: center;\"><a class=\"tidycta\" href=\"https:\/\/www.urlaubcornwall.de\/ferienhaeuser-fewos\/eng\/yorkshire\/scarborough.html\">Scarborough am Meer<\/a><\/p>\n<div class=\"snippet\"> <a class=\"featured-item\" href=\"https:\/\/www.urlaubcornwall.de\/ferienhaeuser-fewos\/eng\/yorkshire\/yorkshire.html\"> <span class=\"image-holder\" style=\"background-image: url(' https:\/\/www.urlaubcornwall.de\/blog\/wp-content\/uploads\/2018\/12\/ferienhaus-cornwall-mit-hund.jpg ');\"><\/span> <span class=\"featured-content\"> \n<h2 class=\"featured-title\">Ferienh\u00e4user in Yorkshire zum Verlieben!<\/h2>\n<p class=\"featured-body\">Die Landschaft der Yorkshire Dales kann wild und windig oder friedlich ruhig sein. Hier finden Sie einige der feinsten Kalklandschaften Englands, von Felsen und B\u00fcrgersteigen bis hin zu einem Labyrinth an H\u00f6hlen untertage&#8230;&#8230;<\/p><\/span> <span class=\"featured-link-holder\"> <span class=\"featured-extra-info\"> \n<p>F\u00fcr Paare, Familien &#038; Gruppen<\/p>\n<\/span> \n<p class=\"featured-link\">DETAILS<\/p>\n<\/span> <\/a><\/div>\n","protected":false},"excerpt":{"rendered":"<p>Von den Meeresorten Whitby und Scarborough bis hin zu kleinen Marktst\u00e4dten, bietet die herrliche Landschaft zu jeder Jahreszeit etwas. \u00dcber 30 Ferienh\u00e4user, Cottages &amp; Ferienwohnungen in Scarborough f\u00fcr Ihren Urlaub mit Selbstverpflegung in Yorkshire. Scarborough am Meer Ferienh\u00e4user in Yorkshire zum Verlieben! Die Landschaft der Yorkshire Dales kann wild und windig oder friedlich ruhig sein. [&hellip;]<\/p>\n","protected":false},"author":1,"featured_media":0,"parent":0,"menu_order":0,"comment_status":"closed","ping_status":"closed","template":"single-four.php","meta":[],"acf":[],"yoast_head":"<!-- This site is optimized with the Yoast SEO plugin v19.4 - https:\/\/yoast.com\/wordpress\/plugins\/seo\/ -->\n<title>Ferienh\u00e4user &amp; Ferienwohnungen in Scarborough - Urlaub Yorkshire am Meer - Urlaub &amp; Reisen<\/title>\n<meta name=\"robots\" content=\"index, follow, max-snippet:-1, max-image-preview:large, max-video-preview:-1\" \/>\n<link rel=\"canonical\" href=\"https:\/\/www.urlaubcornwall.de\/blog\/ferienhaeuser-ferienwohnungen-in-scarborough-urlaub-yorkshire-am-meer\/\" \/>\n<meta property=\"og:locale\" content=\"en_US\" \/>\n<meta property=\"og:type\" content=\"article\" \/>\n<meta property=\"og:title\" content=\"Ferienh\u00e4user &amp; Ferienwohnungen in Scarborough - Urlaub Yorkshire am Meer - Urlaub &amp; Reisen\" \/>\n<meta property=\"og:description\" content=\"Von den Meeresorten Whitby und Scarborough bis hin zu kleinen Marktst\u00e4dten, bietet die herrliche Landschaft zu jeder Jahreszeit etwas. \u00dcber 30 Ferienh\u00e4user, Cottages &amp; Ferienwohnungen in Scarborough f\u00fcr Ihren Urlaub mit Selbstverpflegung in Yorkshire. Scarborough am Meer Ferienh\u00e4user in Yorkshire zum Verlieben! Die Landschaft der Yorkshire Dales kann wild und windig oder friedlich ruhig sein. [&hellip;]\" \/>\n<meta property=\"og:url\" content=\"https:\/\/www.urlaubcornwall.de\/blog\/ferienhaeuser-ferienwohnungen-in-scarborough-urlaub-yorkshire-am-meer\/\" \/>\n<meta property=\"og:site_name\" content=\"Urlaub &amp; Reisen\" \/>\n<meta property=\"article:modified_time\" content=\"2024-04-15T15:52:41+00:00\" \/>\n<meta name=\"twitter:card\" content=\"summary\" \/>\n<meta name=\"twitter:label1\" content=\"Est. reading time\" \/>\n\t<meta name=\"twitter:data1\" content=\"1 minute\" \/>\n<script type=\"application\/ld+json\" class=\"yoast-schema-graph\">{\"@context\":\"https:\/\/schema.org\",\"@graph\":[{\"@type\":\"WebSite\",\"@id\":\"https:\/\/www.urlaubcornwall.de\/blog\/#website\",\"url\":\"https:\/\/www.urlaubcornwall.de\/blog\/\",\"name\":\"Urlaub &amp; Reisen\",\"description\":\"Urlaub, Reisen, Cornwall und S\u00fcdengland: eine perfekte Kombination\",\"potentialAction\":[{\"@type\":\"SearchAction\",\"target\":{\"@type\":\"EntryPoint\",\"urlTemplate\":\"https:\/\/www.urlaubcornwall.de\/blog\/?s={search_term_string}\"},\"query-input\":\"required name=search_term_string\"}],\"inLanguage\":\"en-US\"},{\"@type\":\"WebPage\",\"@id\":\"https:\/\/www.urlaubcornwall.de\/blog\/ferienhaeuser-ferienwohnungen-in-scarborough-urlaub-yorkshire-am-meer\/\",\"url\":\"https:\/\/www.urlaubcornwall.de\/blog\/ferienhaeuser-ferienwohnungen-in-scarborough-urlaub-yorkshire-am-meer\/\",\"name\":\"Ferienh\u00e4user & Ferienwohnungen in Scarborough - Urlaub Yorkshire am Meer - Urlaub &amp; Reisen\",\"isPartOf\":{\"@id\":\"https:\/\/www.urlaubcornwall.de\/blog\/#website\"},\"datePublished\":\"2019-09-06T14:28:33+00:00\",\"dateModified\":\"2024-04-15T15:52:41+00:00\",\"breadcrumb\":{\"@id\":\"https:\/\/www.urlaubcornwall.de\/blog\/ferienhaeuser-ferienwohnungen-in-scarborough-urlaub-yorkshire-am-meer\/#breadcrumb\"},\"inLanguage\":\"en-US\",\"potentialAction\":[{\"@type\":\"ReadAction\",\"target\":[\"https:\/\/www.urlaubcornwall.de\/blog\/ferienhaeuser-ferienwohnungen-in-scarborough-urlaub-yorkshire-am-meer\/\"]}]},{\"@type\":\"BreadcrumbList\",\"@id\":\"https:\/\/www.urlaubcornwall.de\/blog\/ferienhaeuser-ferienwohnungen-in-scarborough-urlaub-yorkshire-am-meer\/#breadcrumb\",\"itemListElement\":[{\"@type\":\"ListItem\",\"position\":1,\"name\":\"Home\",\"item\":\"https:\/\/www.urlaubcornwall.de\/blog\/\"},{\"@type\":\"ListItem\",\"position\":2,\"name\":\"Ferienh\u00e4user &#038; Ferienwohnungen in Scarborough &#8211; Urlaub Yorkshire am Meer\"}]}]}<\/script>\n<!-- \/ Yoast SEO plugin. -->","yoast_head_json":{"title":"Ferienh\u00e4user & Ferienwohnungen in Scarborough - Urlaub Yorkshire am Meer - Urlaub &amp; Reisen","robots":{"index":"index","follow":"follow","max-snippet":"max-snippet:-1","max-image-preview":"max-image-preview:large","max-video-preview":"max-video-preview:-1"},"canonical":"https:\/\/www.urlaubcornwall.de\/blog\/ferienhaeuser-ferienwohnungen-in-scarborough-urlaub-yorkshire-am-meer\/","og_locale":"en_US","og_type":"article","og_title":"Ferienh\u00e4user & Ferienwohnungen in Scarborough - Urlaub Yorkshire am Meer - Urlaub &amp; Reisen","og_description":"Von den Meeresorten Whitby und Scarborough bis hin zu kleinen Marktst\u00e4dten, bietet die herrliche Landschaft zu jeder Jahreszeit etwas. \u00dcber 30 Ferienh\u00e4user, Cottages &amp; Ferienwohnungen in Scarborough f\u00fcr Ihren Urlaub mit Selbstverpflegung in Yorkshire. Scarborough am Meer Ferienh\u00e4user in Yorkshire zum Verlieben! Die Landschaft der Yorkshire Dales kann wild und windig oder friedlich ruhig sein. [&hellip;]","og_url":"https:\/\/www.urlaubcornwall.de\/blog\/ferienhaeuser-ferienwohnungen-in-scarborough-urlaub-yorkshire-am-meer\/","og_site_name":"Urlaub &amp; Reisen","article_modified_time":"2024-04-15T15:52:41+00:00","twitter_card":"summary","twitter_misc":{"Est. reading time":"1 minute"},"schema":{"@context":"https:\/\/schema.org","@graph":[{"@type":"WebSite","@id":"https:\/\/www.urlaubcornwall.de\/blog\/#website","url":"https:\/\/www.urlaubcornwall.de\/blog\/","name":"Urlaub &amp; Reisen","description":"Urlaub, Reisen, Cornwall und S\u00fcdengland: eine perfekte Kombination","potentialAction":[{"@type":"SearchAction","target":{"@type":"EntryPoint","urlTemplate":"https:\/\/www.urlaubcornwall.de\/blog\/?s={search_term_string}"},"query-input":"required name=search_term_string"}],"inLanguage":"en-US"},{"@type":"WebPage","@id":"https:\/\/www.urlaubcornwall.de\/blog\/ferienhaeuser-ferienwohnungen-in-scarborough-urlaub-yorkshire-am-meer\/","url":"https:\/\/www.urlaubcornwall.de\/blog\/ferienhaeuser-ferienwohnungen-in-scarborough-urlaub-yorkshire-am-meer\/","name":"Ferienh\u00e4user & Ferienwohnungen in Scarborough - Urlaub Yorkshire am Meer - Urlaub &amp; Reisen","isPartOf":{"@id":"https:\/\/www.urlaubcornwall.de\/blog\/#website"},"datePublished":"2019-09-06T14:28:33+00:00","dateModified":"2024-04-15T15:52:41+00:00","breadcrumb":{"@id":"https:\/\/www.urlaubcornwall.de\/blog\/ferienhaeuser-ferienwohnungen-in-scarborough-urlaub-yorkshire-am-meer\/#breadcrumb"},"inLanguage":"en-US","potentialAction":[{"@type":"ReadAction","target":["https:\/\/www.urlaubcornwall.de\/blog\/ferienhaeuser-ferienwohnungen-in-scarborough-urlaub-yorkshire-am-meer\/"]}]},{"@type":"BreadcrumbList","@id":"https:\/\/www.urlaubcornwall.de\/blog\/ferienhaeuser-ferienwohnungen-in-scarborough-urlaub-yorkshire-am-meer\/#breadcrumb","itemListElement":[{"@type":"ListItem","position":1,"name":"Home","item":"https:\/\/www.urlaubcornwall.de\/blog\/"},{"@type":"ListItem","position":2,"name":"Ferienh\u00e4user &#038; Ferienwohnungen in Scarborough &#8211; Urlaub Yorkshire am Meer"}]}]}},"_links":{"self":[{"href":"https:\/\/www.urlaubcornwall.de\/blog\/wp-json\/wp\/v2\/pages\/38728"}],"collection":[{"href":"https:\/\/www.urlaubcornwall.de\/blog\/wp-json\/wp\/v2\/pages"}],"about":[{"href":"https:\/\/www.urlaubcornwall.de\/blog\/wp-json\/wp\/v2\/types\/page"}],"author":[{"embeddable":true,"href":"https:\/\/www.urlaubcornwall.de\/blog\/wp-json\/wp\/v2\/users\/1"}],"replies":[{"embeddable":true,"href":"https:\/\/www.urlaubcornwall.de\/blog\/wp-json\/wp\/v2\/comments?post=38728"}],"version-history":[{"count":5,"href":"https:\/\/www.urlaubcornwall.de\/blog\/wp-json\/wp\/v2\/pages\/38728\/revisions"}],"predecessor-version":[{"id":49761,"href":"https:\/\/www.urlaubcornwall.de\/blog\/wp-json\/wp\/v2\/pages\/38728\/revisions\/49761"}],"wp:attachment":[{"href":"https:\/\/www.urlaubcornwall.de\/blog\/wp-json\/wp\/v2\/media?parent=38728"}],"curies":[{"name":"wp","href":"https:\/\/api.w.org\/{rel}","templated":true}]}}