{"id":38683,"date":"2019-08-13T08:21:01","date_gmt":"2019-08-13T08:21:01","guid":{"rendered":"https:\/\/www.urlaubcornwall.de\/blog\/?page_id=38683"},"modified":"2022-11-23T13:33:42","modified_gmt":"2022-11-23T13:33:42","slug":"ferienhaeuser-ferienwohnungen-cottages-in-cork","status":"publish","type":"page","link":"https:\/\/www.urlaubcornwall.de\/blog\/ferienhaeuser-ferienwohnungen-cottages-in-cork\/","title":{"rendered":"Ferienh\u00e4user, Ferienwohnungen &#038; Cottages in Cork &#8211; Urlaub in Irland"},"content":{"rendered":"<p><img loading=\"lazy\" class=\"aligncenter size-full wp-image-34719\" src=\"https:\/\/www.urlaubcornwall.de\/blog\/wp-content\/uploads\/2018\/12\/wild-atlantic-way-cork-irland.jpg\" alt=\"Ferienh\u00e4user, Ferienwohnungen &amp; Cottages in Irland cork\" width=\"748\" height=\"441\"\/><\/p>\n<p>Von den Sehensw\u00fcrdigkeiten von Irlands Wild Atlantic Way, einer herrlichen K\u00fcstenroute von Cork nach Connemara und Donegal bis hin zu einer Flucht auf eine irische Insel. Was auch immer Ihre Leidenschaft an der K\u00fcste sein mag, ein <a href=\"https:\/\/www.booking.com\/holiday-homes\/region\/ie\/county-cork.en-gb.html?aid=13207501 \"rel=\"nofollow\">Selbstversorgerurlaub am Meer in Irland<\/a> bedeutet Sonnenunterg\u00e4nge \u00fcber dem Wasser, die Chance, die Elemente in voller Kraft zu erleben und die M\u00f6glichkeit, in die Sch\u00f6nheit des Meeres einzutauchen: Wellengang, Sand, Sonne und Vergn\u00fcgen!<\/p>\n<div class=\"snippet\"> <a class=\"featured-item\" href=\"https:\/\/www.booking.com\/holiday-homes\/region\/ie\/county-cork.en-gb.html?aid=1320750 \"rel=\"nofollow\"> <span class=\"image-holder\" style=\"background-image: url(' https:\/\/www.urlaubcornwall.de\/blog\/wp-content\/uploads\/2018\/11\/rundreise-cornwall.jpg ');\"><\/span> <span class=\"featured-content\"> \n<h2 class=\"featured-title\">Ferienh\u00e4user in Irland zum Verlieben!<\/h2>\n<p class=\"featured-body\">Irland besitzt mehr K\u00fcstenlinien als jede andere Grafschaft und bietet einige der besten Str\u00e4nde, K\u00fcstenwanderwege und Klippenlandschaften, die man \u00fcberhaupt finden kann&#8230;.<\/p><\/span> <span class=\"featured-link-holder\"> <span class=\"featured-extra-info\"> \n<p>F\u00fcr Paare, Familien &#038; Gruppen<\/p>\n<\/span> \n<p class=\"featured-link\">DETAILS<\/p>\n<\/span> <\/a><\/div>\n","protected":false},"excerpt":{"rendered":"<p>Von den Sehensw\u00fcrdigkeiten von Irlands Wild Atlantic Way, einer herrlichen K\u00fcstenroute von Cork nach Connemara und Donegal bis hin zu einer Flucht auf eine irische Insel. Was auch immer Ihre Leidenschaft an der K\u00fcste sein mag, ein Selbstversorgerurlaub am Meer in Irland bedeutet Sonnenunterg\u00e4nge \u00fcber dem Wasser, die Chance, die Elemente in voller Kraft zu [&hellip;]<\/p>\n","protected":false},"author":1,"featured_media":0,"parent":0,"menu_order":0,"comment_status":"closed","ping_status":"closed","template":"single-four.php","meta":[],"acf":[],"yoast_head":"<!-- This site is optimized with the Yoast SEO plugin v19.4 - https:\/\/yoast.com\/wordpress\/plugins\/seo\/ -->\n<title>Ferienh\u00e4user, Ferienwohnungen &amp; Cottages in Cork - Urlaub in Irland - Urlaub &amp; Reisen<\/title>\n<meta name=\"robots\" content=\"index, follow, max-snippet:-1, max-image-preview:large, max-video-preview:-1\" \/>\n<link rel=\"canonical\" href=\"https:\/\/www.urlaubcornwall.de\/blog\/ferienhaeuser-ferienwohnungen-cottages-in-cork\/\" \/>\n<meta property=\"og:locale\" content=\"en_US\" \/>\n<meta property=\"og:type\" content=\"article\" \/>\n<meta property=\"og:title\" content=\"Ferienh\u00e4user, Ferienwohnungen &amp; Cottages in Cork - Urlaub in Irland - Urlaub &amp; Reisen\" \/>\n<meta property=\"og:description\" content=\"Von den Sehensw\u00fcrdigkeiten von Irlands Wild Atlantic Way, einer herrlichen K\u00fcstenroute von Cork nach Connemara und Donegal bis hin zu einer Flucht auf eine irische Insel. Was auch immer Ihre Leidenschaft an der K\u00fcste sein mag, ein Selbstversorgerurlaub am Meer in Irland bedeutet Sonnenunterg\u00e4nge \u00fcber dem Wasser, die Chance, die Elemente in voller Kraft zu [&hellip;]\" \/>\n<meta property=\"og:url\" content=\"https:\/\/www.urlaubcornwall.de\/blog\/ferienhaeuser-ferienwohnungen-cottages-in-cork\/\" \/>\n<meta property=\"og:site_name\" content=\"Urlaub &amp; Reisen\" \/>\n<meta property=\"article:modified_time\" content=\"2022-11-23T13:33:42+00:00\" \/>\n<meta property=\"og:image\" content=\"https:\/\/www.urlaubcornwall.de\/blog\/wp-content\/uploads\/2018\/12\/wild-atlantic-way-cork-irland.jpg\" \/>\n<meta name=\"twitter:card\" content=\"summary\" \/>\n<meta name=\"twitter:label1\" content=\"Est. reading time\" \/>\n\t<meta name=\"twitter:data1\" content=\"1 minute\" \/>\n<script type=\"application\/ld+json\" class=\"yoast-schema-graph\">{\"@context\":\"https:\/\/schema.org\",\"@graph\":[{\"@type\":\"WebSite\",\"@id\":\"https:\/\/www.urlaubcornwall.de\/blog\/#website\",\"url\":\"https:\/\/www.urlaubcornwall.de\/blog\/\",\"name\":\"Urlaub &amp; Reisen\",\"description\":\"Urlaub, Reisen, Cornwall und S\u00fcdengland: eine perfekte Kombination\",\"potentialAction\":[{\"@type\":\"SearchAction\",\"target\":{\"@type\":\"EntryPoint\",\"urlTemplate\":\"https:\/\/www.urlaubcornwall.de\/blog\/?s={search_term_string}\"},\"query-input\":\"required name=search_term_string\"}],\"inLanguage\":\"en-US\"},{\"@type\":\"WebPage\",\"@id\":\"https:\/\/www.urlaubcornwall.de\/blog\/ferienhaeuser-ferienwohnungen-cottages-in-cork\/\",\"url\":\"https:\/\/www.urlaubcornwall.de\/blog\/ferienhaeuser-ferienwohnungen-cottages-in-cork\/\",\"name\":\"Ferienh\u00e4user, Ferienwohnungen & Cottages in Cork - Urlaub in Irland - Urlaub &amp; Reisen\",\"isPartOf\":{\"@id\":\"https:\/\/www.urlaubcornwall.de\/blog\/#website\"},\"datePublished\":\"2019-08-13T08:21:01+00:00\",\"dateModified\":\"2022-11-23T13:33:42+00:00\",\"breadcrumb\":{\"@id\":\"https:\/\/www.urlaubcornwall.de\/blog\/ferienhaeuser-ferienwohnungen-cottages-in-cork\/#breadcrumb\"},\"inLanguage\":\"en-US\",\"potentialAction\":[{\"@type\":\"ReadAction\",\"target\":[\"https:\/\/www.urlaubcornwall.de\/blog\/ferienhaeuser-ferienwohnungen-cottages-in-cork\/\"]}]},{\"@type\":\"BreadcrumbList\",\"@id\":\"https:\/\/www.urlaubcornwall.de\/blog\/ferienhaeuser-ferienwohnungen-cottages-in-cork\/#breadcrumb\",\"itemListElement\":[{\"@type\":\"ListItem\",\"position\":1,\"name\":\"Home\",\"item\":\"https:\/\/www.urlaubcornwall.de\/blog\/\"},{\"@type\":\"ListItem\",\"position\":2,\"name\":\"Ferienh\u00e4user, Ferienwohnungen &#038; Cottages in Cork &#8211; Urlaub in Irland\"}]}]}<\/script>\n<!-- \/ Yoast SEO plugin. -->","yoast_head_json":{"title":"Ferienh\u00e4user, Ferienwohnungen & Cottages in Cork - Urlaub in Irland - Urlaub &amp; Reisen","robots":{"index":"index","follow":"follow","max-snippet":"max-snippet:-1","max-image-preview":"max-image-preview:large","max-video-preview":"max-video-preview:-1"},"canonical":"https:\/\/www.urlaubcornwall.de\/blog\/ferienhaeuser-ferienwohnungen-cottages-in-cork\/","og_locale":"en_US","og_type":"article","og_title":"Ferienh\u00e4user, Ferienwohnungen & Cottages in Cork - Urlaub in Irland - Urlaub &amp; Reisen","og_description":"Von den Sehensw\u00fcrdigkeiten von Irlands Wild Atlantic Way, einer herrlichen K\u00fcstenroute von Cork nach Connemara und Donegal bis hin zu einer Flucht auf eine irische Insel. Was auch immer Ihre Leidenschaft an der K\u00fcste sein mag, ein Selbstversorgerurlaub am Meer in Irland bedeutet Sonnenunterg\u00e4nge \u00fcber dem Wasser, die Chance, die Elemente in voller Kraft zu [&hellip;]","og_url":"https:\/\/www.urlaubcornwall.de\/blog\/ferienhaeuser-ferienwohnungen-cottages-in-cork\/","og_site_name":"Urlaub &amp; Reisen","article_modified_time":"2022-11-23T13:33:42+00:00","og_image":[{"url":"https:\/\/www.urlaubcornwall.de\/blog\/wp-content\/uploads\/2018\/12\/wild-atlantic-way-cork-irland.jpg"}],"twitter_card":"summary","twitter_misc":{"Est. reading time":"1 minute"},"schema":{"@context":"https:\/\/schema.org","@graph":[{"@type":"WebSite","@id":"https:\/\/www.urlaubcornwall.de\/blog\/#website","url":"https:\/\/www.urlaubcornwall.de\/blog\/","name":"Urlaub &amp; Reisen","description":"Urlaub, Reisen, Cornwall und S\u00fcdengland: eine perfekte Kombination","potentialAction":[{"@type":"SearchAction","target":{"@type":"EntryPoint","urlTemplate":"https:\/\/www.urlaubcornwall.de\/blog\/?s={search_term_string}"},"query-input":"required name=search_term_string"}],"inLanguage":"en-US"},{"@type":"WebPage","@id":"https:\/\/www.urlaubcornwall.de\/blog\/ferienhaeuser-ferienwohnungen-cottages-in-cork\/","url":"https:\/\/www.urlaubcornwall.de\/blog\/ferienhaeuser-ferienwohnungen-cottages-in-cork\/","name":"Ferienh\u00e4user, Ferienwohnungen & Cottages in Cork - Urlaub in Irland - Urlaub &amp; Reisen","isPartOf":{"@id":"https:\/\/www.urlaubcornwall.de\/blog\/#website"},"datePublished":"2019-08-13T08:21:01+00:00","dateModified":"2022-11-23T13:33:42+00:00","breadcrumb":{"@id":"https:\/\/www.urlaubcornwall.de\/blog\/ferienhaeuser-ferienwohnungen-cottages-in-cork\/#breadcrumb"},"inLanguage":"en-US","potentialAction":[{"@type":"ReadAction","target":["https:\/\/www.urlaubcornwall.de\/blog\/ferienhaeuser-ferienwohnungen-cottages-in-cork\/"]}]},{"@type":"BreadcrumbList","@id":"https:\/\/www.urlaubcornwall.de\/blog\/ferienhaeuser-ferienwohnungen-cottages-in-cork\/#breadcrumb","itemListElement":[{"@type":"ListItem","position":1,"name":"Home","item":"https:\/\/www.urlaubcornwall.de\/blog\/"},{"@type":"ListItem","position":2,"name":"Ferienh\u00e4user, Ferienwohnungen &#038; Cottages in Cork &#8211; Urlaub in Irland"}]}]}},"_links":{"self":[{"href":"https:\/\/www.urlaubcornwall.de\/blog\/wp-json\/wp\/v2\/pages\/38683"}],"collection":[{"href":"https:\/\/www.urlaubcornwall.de\/blog\/wp-json\/wp\/v2\/pages"}],"about":[{"href":"https:\/\/www.urlaubcornwall.de\/blog\/wp-json\/wp\/v2\/types\/page"}],"author":[{"embeddable":true,"href":"https:\/\/www.urlaubcornwall.de\/blog\/wp-json\/wp\/v2\/users\/1"}],"replies":[{"embeddable":true,"href":"https:\/\/www.urlaubcornwall.de\/blog\/wp-json\/wp\/v2\/comments?post=38683"}],"version-history":[{"count":4,"href":"https:\/\/www.urlaubcornwall.de\/blog\/wp-json\/wp\/v2\/pages\/38683\/revisions"}],"predecessor-version":[{"id":45400,"href":"https:\/\/www.urlaubcornwall.de\/blog\/wp-json\/wp\/v2\/pages\/38683\/revisions\/45400"}],"wp:attachment":[{"href":"https:\/\/www.urlaubcornwall.de\/blog\/wp-json\/wp\/v2\/media?parent=38683"}],"curies":[{"name":"wp","href":"https:\/\/api.w.org\/{rel}","templated":true}]}}