{"id":38628,"date":"2019-08-07T08:33:15","date_gmt":"2019-08-07T08:33:15","guid":{"rendered":"https:\/\/www.urlaubcornwall.de\/blog\/?page_id=38628"},"modified":"2021-11-21T16:03:20","modified_gmt":"2021-11-21T16:03:20","slug":"urlaub-in-st-peter-port-guernsey","status":"publish","type":"page","link":"https:\/\/www.urlaubcornwall.de\/blog\/urlaub-in-st-peter-port-guernsey\/","title":{"rendered":"Urlaub in St Peter Port, Guernsey"},"content":{"rendered":"<p><a href=\"https:\/\/www.urlaubcornwall.de\/reiseziel\/kanalinseln\/guernsey.php\">Guernseys<\/a> Hauptstadt ist eine Stadt an engen Pflasterstr\u00e4\u00dfchen und mit soliden grauen Granitgeb\u00e4uden, die sich einen steilen Hang \u00fcber dem Hafen hinaufziehen. Franz\u00f6sische Stra\u00dfennamen verleihen ihr einen kontinentalen Hauch, doch die Architektur ist \u00fcberwiegend englisch und stammt aus den georgianischen, viktorianischen und edwardianischen Zeitaltern.<\/p>\n<p>Im 18. Jahrhundert befindet sich der K\u00f6nigliche Gerichtshof im Parlament Guernseys, den Beraterstaaten; denn die Inseln sind Kronbesitz, sie sind nicht Teil des Vereinten K\u00f6nigreichs, und Guernseys Regierungsgesetze reichen zur\u00fcck in normannischen Zeiten.<\/p>\n<p>Trotz seines \u201aalten Welt\u2018 Charmes dominiert der Hafen St Peter Port die Stadt. Seine 28 Hektar beinhalten zwei Jachth\u00e4fen, Anlegestellen f\u00fcr Auto- und Passagierf\u00e4hren und drei Piere, von denen aus Tragfl\u00fcgelboote wie Insekten das Wasser hin\u00fcber nach Herma und Sark \u00fcberfliegen. Am Hafeneingang befindet sich die Burg Cornet aus dem 13. Jahrhundert, die drei Milit\u00e4rmuseen und eine Kunstgalerie innerhalb ihrer massiven Mauern beherbergt.<\/p>\n<p>S\u00fcdlich des Hafens befindet sich der Stadtstrand in der Havalet Bucht. Der Vorderstrand besteht aus Kieseln und bei Ebbe Sand, und das Baden hier ist sicher. Havalet Bay ist beliebt bei Wasserskifahrern und auch gelegentlich St\u00e4tte von Motorbootrennen.<\/p>\n<p>Das Haus, in dem der franz\u00f6sische Schriftsteller Victor Hugo von 1855 bis 1870 lebte, ist nun ein Museum und im Sommer an Wochentagen ge\u00f6ffnet.<\/p>\n","protected":false},"excerpt":{"rendered":"<p>Guernseys Hauptstadt ist eine Stadt an engen Pflasterstr\u00e4\u00dfchen und mit soliden grauen Granitgeb\u00e4uden, die sich einen steilen Hang \u00fcber dem Hafen hinaufziehen. Franz\u00f6sische Stra\u00dfennamen verleihen ihr einen kontinentalen Hauch, doch die Architektur ist \u00fcberwiegend englisch und stammt aus den georgianischen, viktorianischen und edwardianischen Zeitaltern. Im 18. Jahrhundert befindet sich der K\u00f6nigliche Gerichtshof im Parlament Guernseys, [&hellip;]<\/p>\n","protected":false},"author":1,"featured_media":0,"parent":0,"menu_order":0,"comment_status":"closed","ping_status":"closed","template":"page-products.php","meta":[],"acf":[],"yoast_head":"<!-- This site is optimized with the Yoast SEO plugin v19.4 - https:\/\/yoast.com\/wordpress\/plugins\/seo\/ -->\n<title>Urlaub in St Peter Port, Guernsey - Urlaub &amp; Reisen<\/title>\n<meta name=\"description\" content=\"Guernseys Hauptstadt ist eine Stadt an engen Pflasterstr\u00e4\u00dfchen und mit soliden grauen Granitgeb\u00e4uden\" \/>\n<meta name=\"robots\" content=\"index, follow, max-snippet:-1, max-image-preview:large, max-video-preview:-1\" \/>\n<link rel=\"canonical\" href=\"https:\/\/www.urlaubcornwall.de\/blog\/urlaub-in-st-peter-port-guernsey\/\" \/>\n<meta property=\"og:locale\" content=\"en_US\" \/>\n<meta property=\"og:type\" content=\"article\" \/>\n<meta property=\"og:title\" content=\"Urlaub in St Peter Port, Guernsey - Urlaub &amp; Reisen\" \/>\n<meta property=\"og:description\" content=\"Guernseys Hauptstadt ist eine Stadt an engen Pflasterstr\u00e4\u00dfchen und mit soliden grauen Granitgeb\u00e4uden\" \/>\n<meta property=\"og:url\" content=\"https:\/\/www.urlaubcornwall.de\/blog\/urlaub-in-st-peter-port-guernsey\/\" \/>\n<meta property=\"og:site_name\" content=\"Urlaub &amp; Reisen\" \/>\n<meta property=\"article:modified_time\" content=\"2021-11-21T16:03:20+00:00\" \/>\n<meta name=\"twitter:card\" content=\"summary\" \/>\n<meta name=\"twitter:label1\" content=\"Est. reading time\" \/>\n\t<meta name=\"twitter:data1\" content=\"1 minute\" \/>\n<script type=\"application\/ld+json\" class=\"yoast-schema-graph\">{\"@context\":\"https:\/\/schema.org\",\"@graph\":[{\"@type\":\"WebSite\",\"@id\":\"https:\/\/www.urlaubcornwall.de\/blog\/#website\",\"url\":\"https:\/\/www.urlaubcornwall.de\/blog\/\",\"name\":\"Urlaub &amp; Reisen\",\"description\":\"Urlaub, Reisen, Cornwall und S\u00fcdengland: eine perfekte Kombination\",\"potentialAction\":[{\"@type\":\"SearchAction\",\"target\":{\"@type\":\"EntryPoint\",\"urlTemplate\":\"https:\/\/www.urlaubcornwall.de\/blog\/?s={search_term_string}\"},\"query-input\":\"required name=search_term_string\"}],\"inLanguage\":\"en-US\"},{\"@type\":\"WebPage\",\"@id\":\"https:\/\/www.urlaubcornwall.de\/blog\/urlaub-in-st-peter-port-guernsey\/\",\"url\":\"https:\/\/www.urlaubcornwall.de\/blog\/urlaub-in-st-peter-port-guernsey\/\",\"name\":\"Urlaub in St Peter Port, Guernsey - Urlaub &amp; Reisen\",\"isPartOf\":{\"@id\":\"https:\/\/www.urlaubcornwall.de\/blog\/#website\"},\"datePublished\":\"2019-08-07T08:33:15+00:00\",\"dateModified\":\"2021-11-21T16:03:20+00:00\",\"description\":\"Guernseys Hauptstadt ist eine Stadt an engen Pflasterstr\u00e4\u00dfchen und mit soliden grauen Granitgeb\u00e4uden\",\"breadcrumb\":{\"@id\":\"https:\/\/www.urlaubcornwall.de\/blog\/urlaub-in-st-peter-port-guernsey\/#breadcrumb\"},\"inLanguage\":\"en-US\",\"potentialAction\":[{\"@type\":\"ReadAction\",\"target\":[\"https:\/\/www.urlaubcornwall.de\/blog\/urlaub-in-st-peter-port-guernsey\/\"]}]},{\"@type\":\"BreadcrumbList\",\"@id\":\"https:\/\/www.urlaubcornwall.de\/blog\/urlaub-in-st-peter-port-guernsey\/#breadcrumb\",\"itemListElement\":[{\"@type\":\"ListItem\",\"position\":1,\"name\":\"Home\",\"item\":\"https:\/\/www.urlaubcornwall.de\/blog\/\"},{\"@type\":\"ListItem\",\"position\":2,\"name\":\"Urlaub in St Peter Port, Guernsey\"}]}]}<\/script>\n<!-- \/ Yoast SEO plugin. -->","yoast_head_json":{"title":"Urlaub in St Peter Port, Guernsey - Urlaub &amp; Reisen","description":"Guernseys Hauptstadt ist eine Stadt an engen Pflasterstr\u00e4\u00dfchen und mit soliden grauen Granitgeb\u00e4uden","robots":{"index":"index","follow":"follow","max-snippet":"max-snippet:-1","max-image-preview":"max-image-preview:large","max-video-preview":"max-video-preview:-1"},"canonical":"https:\/\/www.urlaubcornwall.de\/blog\/urlaub-in-st-peter-port-guernsey\/","og_locale":"en_US","og_type":"article","og_title":"Urlaub in St Peter Port, Guernsey - Urlaub &amp; Reisen","og_description":"Guernseys Hauptstadt ist eine Stadt an engen Pflasterstr\u00e4\u00dfchen und mit soliden grauen Granitgeb\u00e4uden","og_url":"https:\/\/www.urlaubcornwall.de\/blog\/urlaub-in-st-peter-port-guernsey\/","og_site_name":"Urlaub &amp; Reisen","article_modified_time":"2021-11-21T16:03:20+00:00","twitter_card":"summary","twitter_misc":{"Est. reading time":"1 minute"},"schema":{"@context":"https:\/\/schema.org","@graph":[{"@type":"WebSite","@id":"https:\/\/www.urlaubcornwall.de\/blog\/#website","url":"https:\/\/www.urlaubcornwall.de\/blog\/","name":"Urlaub &amp; Reisen","description":"Urlaub, Reisen, Cornwall und S\u00fcdengland: eine perfekte Kombination","potentialAction":[{"@type":"SearchAction","target":{"@type":"EntryPoint","urlTemplate":"https:\/\/www.urlaubcornwall.de\/blog\/?s={search_term_string}"},"query-input":"required name=search_term_string"}],"inLanguage":"en-US"},{"@type":"WebPage","@id":"https:\/\/www.urlaubcornwall.de\/blog\/urlaub-in-st-peter-port-guernsey\/","url":"https:\/\/www.urlaubcornwall.de\/blog\/urlaub-in-st-peter-port-guernsey\/","name":"Urlaub in St Peter Port, Guernsey - Urlaub &amp; Reisen","isPartOf":{"@id":"https:\/\/www.urlaubcornwall.de\/blog\/#website"},"datePublished":"2019-08-07T08:33:15+00:00","dateModified":"2021-11-21T16:03:20+00:00","description":"Guernseys Hauptstadt ist eine Stadt an engen Pflasterstr\u00e4\u00dfchen und mit soliden grauen Granitgeb\u00e4uden","breadcrumb":{"@id":"https:\/\/www.urlaubcornwall.de\/blog\/urlaub-in-st-peter-port-guernsey\/#breadcrumb"},"inLanguage":"en-US","potentialAction":[{"@type":"ReadAction","target":["https:\/\/www.urlaubcornwall.de\/blog\/urlaub-in-st-peter-port-guernsey\/"]}]},{"@type":"BreadcrumbList","@id":"https:\/\/www.urlaubcornwall.de\/blog\/urlaub-in-st-peter-port-guernsey\/#breadcrumb","itemListElement":[{"@type":"ListItem","position":1,"name":"Home","item":"https:\/\/www.urlaubcornwall.de\/blog\/"},{"@type":"ListItem","position":2,"name":"Urlaub in St Peter Port, Guernsey"}]}]}},"_links":{"self":[{"href":"https:\/\/www.urlaubcornwall.de\/blog\/wp-json\/wp\/v2\/pages\/38628"}],"collection":[{"href":"https:\/\/www.urlaubcornwall.de\/blog\/wp-json\/wp\/v2\/pages"}],"about":[{"href":"https:\/\/www.urlaubcornwall.de\/blog\/wp-json\/wp\/v2\/types\/page"}],"author":[{"embeddable":true,"href":"https:\/\/www.urlaubcornwall.de\/blog\/wp-json\/wp\/v2\/users\/1"}],"replies":[{"embeddable":true,"href":"https:\/\/www.urlaubcornwall.de\/blog\/wp-json\/wp\/v2\/comments?post=38628"}],"version-history":[{"count":8,"href":"https:\/\/www.urlaubcornwall.de\/blog\/wp-json\/wp\/v2\/pages\/38628\/revisions"}],"predecessor-version":[{"id":44126,"href":"https:\/\/www.urlaubcornwall.de\/blog\/wp-json\/wp\/v2\/pages\/38628\/revisions\/44126"}],"wp:attachment":[{"href":"https:\/\/www.urlaubcornwall.de\/blog\/wp-json\/wp\/v2\/media?parent=38628"}],"curies":[{"name":"wp","href":"https:\/\/api.w.org\/{rel}","templated":true}]}}