{"id":38614,"date":"2019-08-05T08:04:35","date_gmt":"2019-08-05T08:04:35","guid":{"rendered":"https:\/\/www.urlaubcornwall.de\/blog\/?page_id=38614"},"modified":"2024-05-30T15:09:58","modified_gmt":"2024-05-30T15:09:58","slug":"tintagel-bruecke-ein-historischer-weg","status":"publish","type":"page","link":"https:\/\/www.urlaubcornwall.de\/blog\/tintagel-bruecke-ein-historischer-weg\/","title":{"rendered":"Tintagel Br\u00fccke &#8211; ein historischer Weg"},"content":{"rendered":"<p><a href=\"https:\/\/www.urlaubcornwall.de\/blog\/wp-content\/uploads\/2024\/05\/tintagel_bridge.jpg\"><img loading=\"lazy\" src=\"https:\/\/www.urlaubcornwall.de\/blog\/wp-content\/uploads\/2024\/05\/tintagel_bridge.jpg\" alt=\"tintagel_bridge\" width=\"750\" height=\"643\" class=\"alignnone size-full wp-image-50931\" srcset=\"https:\/\/www.urlaubcornwall.de\/blog\/wp-content\/uploads\/2024\/05\/tintagel_bridge.jpg 750w, https:\/\/www.urlaubcornwall.de\/blog\/wp-content\/uploads\/2024\/05\/tintagel_bridge-300x257.jpg 300w\" sizes=\"(max-width: 750px) 100vw, 750px\" \/><\/a><\/p>\n<p>Seit dem 9. August 2019 verbindet eine herrliche Fu\u00dfg\u00e4ngerbr\u00fccke mit 70m Spannweite und 4 Millionen Pfund teuer, <a href=\"https:\/\/www.urlaubcornwall.de\/ferienhaeuser-fewos\/tintagel.html\">Tintagel Castle<\/a> mit dem Hauptland. An der zerkl\u00fcfteten Nordk\u00fcste Cornwalls gelegen, ist dies eine der spektakul\u00e4rsten historischen St\u00e4tten in Britannien. <\/p>\n<p>Jahrhundertelang war der Pfad, den Besucher hinauf zur Burg nahmen, beschwerlich mit mehr als einhundert Stufen, die sich hinaufwanden zur Ruine auf der Klippenspitze. Die St\u00e4tte ist geteilt aufgrund eines nat\u00fcrlichen Abgrunds, und 148 Stufen reichen hinauf zur Insel. Dies war jedoch nicht immer der Fall. <\/p>\n<p>Im Mittelalter wanderten Tintagels Bewohner von einer Seite zur anderen, indem sie eine schmale Landbr\u00fccke benutzten, die so hoch gelegen war wie die Klippenspitze. Die neue bridge wird die Originalroute wieder herstellen und Besuchern die Chance bieten, Tintagel Castle so zu erleben, wie dies einst im Mittelalter die Bewohner taten.<\/p>\n<p>Im Jahre 2015 fanden Wettbewerbe statt, um das beste Team zu finden, die neue Br\u00fccke zu  designen. Das Konzept, das die Ausschreibung gewonnen hat, wurde von Ney &#038; Partners Civil Engineers und William Matthews Associates geschaffen.<\/p>\n<p>Die Arbeit an der neuen Fu\u00dfg\u00e4ngerbr\u00fccke bei Tintagel begann im Oktober 2018, wobei die historische \u00dcberquerung vom Hauptland zum Hochland wiedergeschaffen wurde. Ziel war es, eine Br\u00fccke zu finden, die spezifisch auf Tintagel Castle zugeschnitten sein w\u00fcrde, mit der ikonischen K\u00fcste harmonisierend und um die geteilte Landschaft wieder zu verbinden.<\/p>\n<p>Das Konzept, das gewonnen hat, wurde von Ney &#038; Partners Civil Engineers and William Matthews Associates geschaffen. Das Design besteht aus zwei Auslegern, die sich ausstrecken und treffen, sich nicht direkt ber\u00fchrend, mit einer 40mm breiten L\u00fccke in der Mitte. Die L\u00fccke repr\u00e4sentiert den \u00dcbergang vom Hauptland zur Insel, fr\u00fcher wie auch heute.<\/p>\n<p>Die Br\u00fccke wird gepflastert werden mit vor Ort vorkommendem cornischen <a href=\"https:\/\/www.urlaubcornwall.de\/ferienhaeuser-fewos\/delabole.html\">Delabole<\/a> Schiefer, und Stahlbalustraden f\u00fchren der L\u00e4nge der Br\u00fccke entlang. Die Balustraden wurden so fein designt, dass sie, wenn von der Ferne betrachtet, gegen den Himmel verschwinden.<\/p>\n<p><strong>Der Bau der Br\u00fccke<\/strong><\/p>\n<p>Im Oktober 2018 wurde ein Kabelkran an der St\u00e4tte errichtet, der es den Auftragnehmern erm\u00f6glichte, Maschinen an Ort und Stelle zu heben und das Fundament zu erbauen \u2013 ohne die Hilfe von Ger\u00fcsten. Eine Reihe an geotechnischen Forschungen ging der Arbeit voraus und stellte sicher, dass das Grundgestein es tragen konnte.<\/p>\n<p>Zur selben Zeit als der Kabelkran an Ort und Stelle war, hatte die Bearbeitung der Stahlteile der Br\u00fccke fern der St\u00e4tte begonnen. Diese vorgefertigten Stahlteile wurden nach Tintagel Castle und in Position gebracht, und haben somit die historische Verbindung zwischen dem Hauptland und der Insel St\u00fcck f\u00fcr St\u00fcck wiederhergestellt.<\/p>\n<p>Die neue Br\u00fccke wurde gro\u00dfz\u00fcgiger Weise finanziell unterst\u00fctzt von Julia and Hans Rausing.<\/p>\n<div class=\"snippet\"> <a class=\"featured-item\" href=\"https:\/\/www.urlaubcornwall.de\/ferienhaeuser-fewos\/tintagel.html\"> <span class=\"image-holder\" style=\"background-image: url('https:\/\/www.urlaubcornwall.de\/blog\/wp-content\/uploads\/2024\/03\/ferienhaus-england-cornwall.jpg');\"><\/span> <span class=\"featured-content\"> \n<h2 class=\"featured-title\">Ferienh\u00e4user, Ferienwohnungen &#038; Cottages in Tintagel<\/h2>\n<p class=\"featured-body\">Cornwall besitzt mehr K\u00fcstenlinien als jede andere Grafschaft und bietet einige der besten Str\u00e4nde, K\u00fcstenwanderwege und Klippenlandschaften, die man \u00fcberhaupt finden kann&#8230; <\/p><\/span> <span class=\"featured-link-holder\"> <span class=\"featured-extra-info\"> \n<p>F\u00fcr Paare, Familien &#038; Gruppen<\/p>\n<\/span> \n<p class=\"featured-link\">DETAILS<\/p>\n<\/span> <\/a><\/div>\n","protected":false},"excerpt":{"rendered":"<p>Seit dem 9. August 2019 verbindet eine herrliche Fu\u00dfg\u00e4ngerbr\u00fccke mit 70m Spannweite und 4 Millionen Pfund teuer, Tintagel Castle mit dem Hauptland. An der zerkl\u00fcfteten Nordk\u00fcste Cornwalls gelegen, ist dies eine der spektakul\u00e4rsten historischen St\u00e4tten in Britannien. Jahrhundertelang war der Pfad, den Besucher hinauf zur Burg nahmen, beschwerlich mit mehr als einhundert Stufen, die sich [&hellip;]<\/p>\n","protected":false},"author":1,"featured_media":0,"parent":0,"menu_order":0,"comment_status":"closed","ping_status":"closed","template":"single-four.php","meta":[],"acf":[],"yoast_head":"<!-- This site is optimized with the Yoast SEO plugin v19.4 - https:\/\/yoast.com\/wordpress\/plugins\/seo\/ -->\n<title>Tintagel Br\u00fccke - ein historischer Weg - Urlaub &amp; Reisen<\/title>\n<meta name=\"robots\" content=\"index, follow, max-snippet:-1, max-image-preview:large, max-video-preview:-1\" \/>\n<link rel=\"canonical\" href=\"https:\/\/www.urlaubcornwall.de\/blog\/tintagel-bruecke-ein-historischer-weg\/\" \/>\n<meta property=\"og:locale\" content=\"en_US\" \/>\n<meta property=\"og:type\" content=\"article\" \/>\n<meta property=\"og:title\" content=\"Tintagel Br\u00fccke - ein historischer Weg - Urlaub &amp; Reisen\" \/>\n<meta property=\"og:description\" content=\"Seit dem 9. August 2019 verbindet eine herrliche Fu\u00dfg\u00e4ngerbr\u00fccke mit 70m Spannweite und 4 Millionen Pfund teuer, Tintagel Castle mit dem Hauptland. An der zerkl\u00fcfteten Nordk\u00fcste Cornwalls gelegen, ist dies eine der spektakul\u00e4rsten historischen St\u00e4tten in Britannien. Jahrhundertelang war der Pfad, den Besucher hinauf zur Burg nahmen, beschwerlich mit mehr als einhundert Stufen, die sich [&hellip;]\" \/>\n<meta property=\"og:url\" content=\"https:\/\/www.urlaubcornwall.de\/blog\/tintagel-bruecke-ein-historischer-weg\/\" \/>\n<meta property=\"og:site_name\" content=\"Urlaub &amp; Reisen\" \/>\n<meta property=\"article:modified_time\" content=\"2024-05-30T15:09:58+00:00\" \/>\n<meta property=\"og:image\" content=\"https:\/\/www.urlaubcornwall.de\/blog\/wp-content\/uploads\/2024\/05\/tintagel_bridge.jpg\" \/>\n<meta name=\"twitter:card\" content=\"summary\" \/>\n<meta name=\"twitter:label1\" content=\"Est. reading time\" \/>\n\t<meta name=\"twitter:data1\" content=\"3 minutes\" \/>\n<script type=\"application\/ld+json\" class=\"yoast-schema-graph\">{\"@context\":\"https:\/\/schema.org\",\"@graph\":[{\"@type\":\"WebSite\",\"@id\":\"https:\/\/www.urlaubcornwall.de\/blog\/#website\",\"url\":\"https:\/\/www.urlaubcornwall.de\/blog\/\",\"name\":\"Urlaub &amp; Reisen\",\"description\":\"Urlaub, Reisen, Cornwall und S\u00fcdengland: eine perfekte Kombination\",\"potentialAction\":[{\"@type\":\"SearchAction\",\"target\":{\"@type\":\"EntryPoint\",\"urlTemplate\":\"https:\/\/www.urlaubcornwall.de\/blog\/?s={search_term_string}\"},\"query-input\":\"required name=search_term_string\"}],\"inLanguage\":\"en-US\"},{\"@type\":\"WebPage\",\"@id\":\"https:\/\/www.urlaubcornwall.de\/blog\/tintagel-bruecke-ein-historischer-weg\/\",\"url\":\"https:\/\/www.urlaubcornwall.de\/blog\/tintagel-bruecke-ein-historischer-weg\/\",\"name\":\"Tintagel Br\u00fccke - ein historischer Weg - Urlaub &amp; Reisen\",\"isPartOf\":{\"@id\":\"https:\/\/www.urlaubcornwall.de\/blog\/#website\"},\"datePublished\":\"2019-08-05T08:04:35+00:00\",\"dateModified\":\"2024-05-30T15:09:58+00:00\",\"breadcrumb\":{\"@id\":\"https:\/\/www.urlaubcornwall.de\/blog\/tintagel-bruecke-ein-historischer-weg\/#breadcrumb\"},\"inLanguage\":\"en-US\",\"potentialAction\":[{\"@type\":\"ReadAction\",\"target\":[\"https:\/\/www.urlaubcornwall.de\/blog\/tintagel-bruecke-ein-historischer-weg\/\"]}]},{\"@type\":\"BreadcrumbList\",\"@id\":\"https:\/\/www.urlaubcornwall.de\/blog\/tintagel-bruecke-ein-historischer-weg\/#breadcrumb\",\"itemListElement\":[{\"@type\":\"ListItem\",\"position\":1,\"name\":\"Home\",\"item\":\"https:\/\/www.urlaubcornwall.de\/blog\/\"},{\"@type\":\"ListItem\",\"position\":2,\"name\":\"Tintagel Br\u00fccke &#8211; ein historischer Weg\"}]}]}<\/script>\n<!-- \/ Yoast SEO plugin. -->","yoast_head_json":{"title":"Tintagel Br\u00fccke - ein historischer Weg - Urlaub &amp; Reisen","robots":{"index":"index","follow":"follow","max-snippet":"max-snippet:-1","max-image-preview":"max-image-preview:large","max-video-preview":"max-video-preview:-1"},"canonical":"https:\/\/www.urlaubcornwall.de\/blog\/tintagel-bruecke-ein-historischer-weg\/","og_locale":"en_US","og_type":"article","og_title":"Tintagel Br\u00fccke - ein historischer Weg - Urlaub &amp; Reisen","og_description":"Seit dem 9. August 2019 verbindet eine herrliche Fu\u00dfg\u00e4ngerbr\u00fccke mit 70m Spannweite und 4 Millionen Pfund teuer, Tintagel Castle mit dem Hauptland. An der zerkl\u00fcfteten Nordk\u00fcste Cornwalls gelegen, ist dies eine der spektakul\u00e4rsten historischen St\u00e4tten in Britannien. Jahrhundertelang war der Pfad, den Besucher hinauf zur Burg nahmen, beschwerlich mit mehr als einhundert Stufen, die sich [&hellip;]","og_url":"https:\/\/www.urlaubcornwall.de\/blog\/tintagel-bruecke-ein-historischer-weg\/","og_site_name":"Urlaub &amp; Reisen","article_modified_time":"2024-05-30T15:09:58+00:00","og_image":[{"url":"https:\/\/www.urlaubcornwall.de\/blog\/wp-content\/uploads\/2024\/05\/tintagel_bridge.jpg"}],"twitter_card":"summary","twitter_misc":{"Est. reading time":"3 minutes"},"schema":{"@context":"https:\/\/schema.org","@graph":[{"@type":"WebSite","@id":"https:\/\/www.urlaubcornwall.de\/blog\/#website","url":"https:\/\/www.urlaubcornwall.de\/blog\/","name":"Urlaub &amp; Reisen","description":"Urlaub, Reisen, Cornwall und S\u00fcdengland: eine perfekte Kombination","potentialAction":[{"@type":"SearchAction","target":{"@type":"EntryPoint","urlTemplate":"https:\/\/www.urlaubcornwall.de\/blog\/?s={search_term_string}"},"query-input":"required name=search_term_string"}],"inLanguage":"en-US"},{"@type":"WebPage","@id":"https:\/\/www.urlaubcornwall.de\/blog\/tintagel-bruecke-ein-historischer-weg\/","url":"https:\/\/www.urlaubcornwall.de\/blog\/tintagel-bruecke-ein-historischer-weg\/","name":"Tintagel Br\u00fccke - ein historischer Weg - Urlaub &amp; Reisen","isPartOf":{"@id":"https:\/\/www.urlaubcornwall.de\/blog\/#website"},"datePublished":"2019-08-05T08:04:35+00:00","dateModified":"2024-05-30T15:09:58+00:00","breadcrumb":{"@id":"https:\/\/www.urlaubcornwall.de\/blog\/tintagel-bruecke-ein-historischer-weg\/#breadcrumb"},"inLanguage":"en-US","potentialAction":[{"@type":"ReadAction","target":["https:\/\/www.urlaubcornwall.de\/blog\/tintagel-bruecke-ein-historischer-weg\/"]}]},{"@type":"BreadcrumbList","@id":"https:\/\/www.urlaubcornwall.de\/blog\/tintagel-bruecke-ein-historischer-weg\/#breadcrumb","itemListElement":[{"@type":"ListItem","position":1,"name":"Home","item":"https:\/\/www.urlaubcornwall.de\/blog\/"},{"@type":"ListItem","position":2,"name":"Tintagel Br\u00fccke &#8211; ein historischer Weg"}]}]}},"_links":{"self":[{"href":"https:\/\/www.urlaubcornwall.de\/blog\/wp-json\/wp\/v2\/pages\/38614"}],"collection":[{"href":"https:\/\/www.urlaubcornwall.de\/blog\/wp-json\/wp\/v2\/pages"}],"about":[{"href":"https:\/\/www.urlaubcornwall.de\/blog\/wp-json\/wp\/v2\/types\/page"}],"author":[{"embeddable":true,"href":"https:\/\/www.urlaubcornwall.de\/blog\/wp-json\/wp\/v2\/users\/1"}],"replies":[{"embeddable":true,"href":"https:\/\/www.urlaubcornwall.de\/blog\/wp-json\/wp\/v2\/comments?post=38614"}],"version-history":[{"count":20,"href":"https:\/\/www.urlaubcornwall.de\/blog\/wp-json\/wp\/v2\/pages\/38614\/revisions"}],"predecessor-version":[{"id":51139,"href":"https:\/\/www.urlaubcornwall.de\/blog\/wp-json\/wp\/v2\/pages\/38614\/revisions\/51139"}],"wp:attachment":[{"href":"https:\/\/www.urlaubcornwall.de\/blog\/wp-json\/wp\/v2\/media?parent=38614"}],"curies":[{"name":"wp","href":"https:\/\/api.w.org\/{rel}","templated":true}]}}