{"id":38578,"date":"2019-08-01T10:56:57","date_gmt":"2019-08-01T10:56:57","guid":{"rendered":"https:\/\/www.urlaubcornwall.de\/blog\/?page_id=38578"},"modified":"2020-06-13T10:07:47","modified_gmt":"2020-06-13T10:07:47","slug":"welche-jahreszeit-ist-die-beste-um-wales-zu-besuchen","status":"publish","type":"page","link":"https:\/\/www.urlaubcornwall.de\/blog\/welche-jahreszeit-ist-die-beste-um-wales-zu-besuchen\/","title":{"rendered":"Welche Jahreszeit ist die beste, um Wales zu besuchen? Beste Reisezeit Wales"},"content":{"rendered":"<p><img loading=\"lazy\" class=\"aligncenter size-full wp-image-34751\" src=\"https:\/\/www.urlaubcornwall.de\/blog\/wp-content\/uploads\/2018\/12\/wales-strand-mit-hund.jpg\" alt=\"beste reiseziet wales\" width=\"748\" height=\"394\" srcset=\"https:\/\/www.urlaubcornwall.de\/blog\/wp-content\/uploads\/2018\/12\/wales-strand-mit-hund.jpg 747w, https:\/\/www.urlaubcornwall.de\/blog\/wp-content\/uploads\/2018\/12\/wales-strand-mit-hund-300x158.jpg 300w\" sizes=\"(max-width: 748px) 100vw, 748px\" \/><\/p>\n<p><strong>Fr\u00fchling (M\u00e4rz-Mai) <\/strong> &#8211; Dies ist eine der <a href=\"https:\/\/www.urlaubcornwall.de\/reiseziel\/wales.php\">sch\u00f6nsten Jahreszeiten in Wales<\/a>, da die Blumen in voller Bl\u00fcte stehen, besonders die hellgelbe Narzisse, die die Nationalblume ist, und die Temperatur ist angenehm und mild. H\u00e4ufig gilt dies als die beste Zeit, um Wales zu besuchen. Eine Anzahl an Festen finden im Fr\u00fchling statt. Es ist ein Muss, durch W\u00e4lder zu spazieren und Bauernh\u00f6fe zu besuchen, um verspielte L\u00e4mmer zu sehen. Die Preise sind ebenfalls geringer, und weniger Touristen sind in der Gegend.  Insgesamt ist dies eine wirklich gute Zeit, um Wales zu besuchen. <\/p>\n<p><strong>Sommer (Juni-August)<\/strong> &#8211; Dies ist die w\u00e4rmste Jahreszeit und eine gute Zeit, um exotische, ungew\u00f6hnliche Blumen zu sehen, wie Sommerwildblumen, Heckenrosen, Sauerklee, das Vogelfu\u00dfkleeblatt, Wilderdbeeren, Fingerhut und die walisische Mohnblume, die um B\u00e4che herum und in W\u00e4ldern w\u00e4chst. Sie allesamt tragen zu einer wundersch\u00f6nen und herrlichen Landschaft bei. Es ist auch eine ausgezeichnete Zeit, um V\u00f6gel zu beobachten, sowie Schmetterlinge, da seltene Arten gefunden werden k\u00f6nnen, wie der Distelfalter und Holly Blue. Es ist die perfekte Zeit, um Aktivit\u00e4ten im Freien nachzugehen, wie Grillen und Radfahren, um das Beste aus dem walisischen Sommer zu machen. Die Atmosph\u00e4re ist festlich, wenn die Touristen nach Wales reisen \u2013 wir empfehlen, im Voraus zu buchen, um Probleme zu vermeiden.<\/p>\n<div class=\"snippet\"> <a class=\"featured-item\" href=\" https:\/\/www.urlaubcornwall.de\/ferienhaeuser\/wales.php\"> <span class=\"image-holder\" style=\"background-image: url(' https:\/\/www.urlaubcornwall.de\/blog\/wp-content\/uploads\/2018\/12\/busreisen-wales-england.jpg');\"><\/span> <span class=\"featured-content\"> \n<h2 class=\"featured-title\">Bei uns finden Sie Ferienh\u00e4user in Wales zum Verlieben!<\/h2>\n<p class=\"featured-body\">Untenstehend finden Sie eine Auswahl an Selbstversorger-Ferienh\u00e4usern in Wales. Hier finden Sie handverlesene, pers\u00f6nlich inspizierte Cottages entlang der walisischen K\u00fcste&#8230;..<\/p>\n<\/span> <span class=\"featured-link-holder\"> <span class=\"featured-extra-info\"> \n<p>F\u00fcr Paare, Familien &#038; Gruppen<\/p>\n<\/span> \n<p class=\"featured-link\">DETAILS<\/p>\n<\/span> <\/a><\/div>\n<p><strong>Herbst (Sept-Nov)<\/strong> &#8211; Es ist eine gro\u00dfartige Zeit, um den \u00dcbergang der Flora zu betrachten, von gr\u00fcnen Bl\u00e4ttern bis hin zu herrlichen Herbstt\u00f6nen von Gelb, Orange und Rot \u2013all\u00fcberall in Parkanlagen und Stra\u00dfen verstreut. Aufgrund des Golfstroms ist das Wetter noch immer warm genug, um Spazierg\u00e4nge und Picknicks zu genie\u00dfen. Es ist eine gute Zeit, um Wassersportarten nachzugehen und die Produkte der Obsternte w\u00e4hrend der vielen Feste und Veranstaltungen zu genie\u00dfen, wie zum Beispiel beim Gwledd Conwy Fest und dem internationalen Festival in Swansea. <\/p>\n<p><strong>Winter (Dez-Feb)<\/strong> &#8211; Dies ist die beste Zeit, um die Wildheit und Natursch\u00f6nheit vieler der unber\u00fchrten Landschaften von Wales zu genie\u00dfen \u2013 alte Burgen, einsame Str\u00e4nde, riesige Wasserf\u00e4lle und schneebedeckte Berge. Es ist auch eine gro\u00dfartige Zeit, um sich in einer gem\u00fctlichen traditionellen Kneipe niederzulassen, um am offenen Kamin ein gutes Getr\u00e4nk zu genie\u00dfen.<\/p>\n","protected":false},"excerpt":{"rendered":"<p>Fr\u00fchling (M\u00e4rz-Mai) &#8211; Dies ist eine der sch\u00f6nsten Jahreszeiten in Wales, da die Blumen in voller Bl\u00fcte stehen, besonders die hellgelbe Narzisse, die die Nationalblume ist, und die Temperatur ist angenehm und mild. H\u00e4ufig gilt dies als die beste Zeit, um Wales zu besuchen. Eine Anzahl an Festen finden im Fr\u00fchling statt. Es ist ein [&hellip;]<\/p>\n","protected":false},"author":1,"featured_media":0,"parent":0,"menu_order":0,"comment_status":"closed","ping_status":"closed","template":"single-four.php","meta":[],"acf":[],"yoast_head":"<!-- This site is optimized with the Yoast SEO plugin v19.4 - https:\/\/yoast.com\/wordpress\/plugins\/seo\/ -->\n<title>Welche Jahreszeit ist die beste, um Wales zu besuchen? Beste Reisezeit Wales - Urlaub &amp; Reisen<\/title>\n<meta name=\"robots\" content=\"index, follow, max-snippet:-1, max-image-preview:large, max-video-preview:-1\" \/>\n<link rel=\"canonical\" href=\"https:\/\/www.urlaubcornwall.de\/blog\/welche-jahreszeit-ist-die-beste-um-wales-zu-besuchen\/\" \/>\n<meta property=\"og:locale\" content=\"en_US\" \/>\n<meta property=\"og:type\" content=\"article\" \/>\n<meta property=\"og:title\" content=\"Welche Jahreszeit ist die beste, um Wales zu besuchen? Beste Reisezeit Wales - Urlaub &amp; Reisen\" \/>\n<meta property=\"og:description\" content=\"Fr\u00fchling (M\u00e4rz-Mai) &#8211; Dies ist eine der sch\u00f6nsten Jahreszeiten in Wales, da die Blumen in voller Bl\u00fcte stehen, besonders die hellgelbe Narzisse, die die Nationalblume ist, und die Temperatur ist angenehm und mild. H\u00e4ufig gilt dies als die beste Zeit, um Wales zu besuchen. Eine Anzahl an Festen finden im Fr\u00fchling statt. Es ist ein [&hellip;]\" \/>\n<meta property=\"og:url\" content=\"https:\/\/www.urlaubcornwall.de\/blog\/welche-jahreszeit-ist-die-beste-um-wales-zu-besuchen\/\" \/>\n<meta property=\"og:site_name\" content=\"Urlaub &amp; Reisen\" \/>\n<meta property=\"article:modified_time\" content=\"2020-06-13T10:07:47+00:00\" \/>\n<meta property=\"og:image\" content=\"https:\/\/www.urlaubcornwall.de\/blog\/wp-content\/uploads\/2018\/12\/wales-strand-mit-hund.jpg\" \/>\n<meta name=\"twitter:card\" content=\"summary\" \/>\n<meta name=\"twitter:label1\" content=\"Est. reading time\" \/>\n\t<meta name=\"twitter:data1\" content=\"2 minutes\" \/>\n<script type=\"application\/ld+json\" class=\"yoast-schema-graph\">{\"@context\":\"https:\/\/schema.org\",\"@graph\":[{\"@type\":\"WebSite\",\"@id\":\"https:\/\/www.urlaubcornwall.de\/blog\/#website\",\"url\":\"https:\/\/www.urlaubcornwall.de\/blog\/\",\"name\":\"Urlaub &amp; Reisen\",\"description\":\"Urlaub, Reisen, Cornwall und S\u00fcdengland: eine perfekte Kombination\",\"potentialAction\":[{\"@type\":\"SearchAction\",\"target\":{\"@type\":\"EntryPoint\",\"urlTemplate\":\"https:\/\/www.urlaubcornwall.de\/blog\/?s={search_term_string}\"},\"query-input\":\"required name=search_term_string\"}],\"inLanguage\":\"en-US\"},{\"@type\":\"WebPage\",\"@id\":\"https:\/\/www.urlaubcornwall.de\/blog\/welche-jahreszeit-ist-die-beste-um-wales-zu-besuchen\/\",\"url\":\"https:\/\/www.urlaubcornwall.de\/blog\/welche-jahreszeit-ist-die-beste-um-wales-zu-besuchen\/\",\"name\":\"Welche Jahreszeit ist die beste, um Wales zu besuchen? Beste Reisezeit Wales - Urlaub &amp; Reisen\",\"isPartOf\":{\"@id\":\"https:\/\/www.urlaubcornwall.de\/blog\/#website\"},\"datePublished\":\"2019-08-01T10:56:57+00:00\",\"dateModified\":\"2020-06-13T10:07:47+00:00\",\"breadcrumb\":{\"@id\":\"https:\/\/www.urlaubcornwall.de\/blog\/welche-jahreszeit-ist-die-beste-um-wales-zu-besuchen\/#breadcrumb\"},\"inLanguage\":\"en-US\",\"potentialAction\":[{\"@type\":\"ReadAction\",\"target\":[\"https:\/\/www.urlaubcornwall.de\/blog\/welche-jahreszeit-ist-die-beste-um-wales-zu-besuchen\/\"]}]},{\"@type\":\"BreadcrumbList\",\"@id\":\"https:\/\/www.urlaubcornwall.de\/blog\/welche-jahreszeit-ist-die-beste-um-wales-zu-besuchen\/#breadcrumb\",\"itemListElement\":[{\"@type\":\"ListItem\",\"position\":1,\"name\":\"Home\",\"item\":\"https:\/\/www.urlaubcornwall.de\/blog\/\"},{\"@type\":\"ListItem\",\"position\":2,\"name\":\"Welche Jahreszeit ist die beste, um Wales zu besuchen? Beste Reisezeit Wales\"}]}]}<\/script>\n<!-- \/ Yoast SEO plugin. -->","yoast_head_json":{"title":"Welche Jahreszeit ist die beste, um Wales zu besuchen? Beste Reisezeit Wales - Urlaub &amp; Reisen","robots":{"index":"index","follow":"follow","max-snippet":"max-snippet:-1","max-image-preview":"max-image-preview:large","max-video-preview":"max-video-preview:-1"},"canonical":"https:\/\/www.urlaubcornwall.de\/blog\/welche-jahreszeit-ist-die-beste-um-wales-zu-besuchen\/","og_locale":"en_US","og_type":"article","og_title":"Welche Jahreszeit ist die beste, um Wales zu besuchen? Beste Reisezeit Wales - Urlaub &amp; Reisen","og_description":"Fr\u00fchling (M\u00e4rz-Mai) &#8211; Dies ist eine der sch\u00f6nsten Jahreszeiten in Wales, da die Blumen in voller Bl\u00fcte stehen, besonders die hellgelbe Narzisse, die die Nationalblume ist, und die Temperatur ist angenehm und mild. H\u00e4ufig gilt dies als die beste Zeit, um Wales zu besuchen. Eine Anzahl an Festen finden im Fr\u00fchling statt. Es ist ein [&hellip;]","og_url":"https:\/\/www.urlaubcornwall.de\/blog\/welche-jahreszeit-ist-die-beste-um-wales-zu-besuchen\/","og_site_name":"Urlaub &amp; Reisen","article_modified_time":"2020-06-13T10:07:47+00:00","og_image":[{"url":"https:\/\/www.urlaubcornwall.de\/blog\/wp-content\/uploads\/2018\/12\/wales-strand-mit-hund.jpg"}],"twitter_card":"summary","twitter_misc":{"Est. reading time":"2 minutes"},"schema":{"@context":"https:\/\/schema.org","@graph":[{"@type":"WebSite","@id":"https:\/\/www.urlaubcornwall.de\/blog\/#website","url":"https:\/\/www.urlaubcornwall.de\/blog\/","name":"Urlaub &amp; Reisen","description":"Urlaub, Reisen, Cornwall und S\u00fcdengland: eine perfekte Kombination","potentialAction":[{"@type":"SearchAction","target":{"@type":"EntryPoint","urlTemplate":"https:\/\/www.urlaubcornwall.de\/blog\/?s={search_term_string}"},"query-input":"required name=search_term_string"}],"inLanguage":"en-US"},{"@type":"WebPage","@id":"https:\/\/www.urlaubcornwall.de\/blog\/welche-jahreszeit-ist-die-beste-um-wales-zu-besuchen\/","url":"https:\/\/www.urlaubcornwall.de\/blog\/welche-jahreszeit-ist-die-beste-um-wales-zu-besuchen\/","name":"Welche Jahreszeit ist die beste, um Wales zu besuchen? Beste Reisezeit Wales - Urlaub &amp; Reisen","isPartOf":{"@id":"https:\/\/www.urlaubcornwall.de\/blog\/#website"},"datePublished":"2019-08-01T10:56:57+00:00","dateModified":"2020-06-13T10:07:47+00:00","breadcrumb":{"@id":"https:\/\/www.urlaubcornwall.de\/blog\/welche-jahreszeit-ist-die-beste-um-wales-zu-besuchen\/#breadcrumb"},"inLanguage":"en-US","potentialAction":[{"@type":"ReadAction","target":["https:\/\/www.urlaubcornwall.de\/blog\/welche-jahreszeit-ist-die-beste-um-wales-zu-besuchen\/"]}]},{"@type":"BreadcrumbList","@id":"https:\/\/www.urlaubcornwall.de\/blog\/welche-jahreszeit-ist-die-beste-um-wales-zu-besuchen\/#breadcrumb","itemListElement":[{"@type":"ListItem","position":1,"name":"Home","item":"https:\/\/www.urlaubcornwall.de\/blog\/"},{"@type":"ListItem","position":2,"name":"Welche Jahreszeit ist die beste, um Wales zu besuchen? Beste Reisezeit Wales"}]}]}},"_links":{"self":[{"href":"https:\/\/www.urlaubcornwall.de\/blog\/wp-json\/wp\/v2\/pages\/38578"}],"collection":[{"href":"https:\/\/www.urlaubcornwall.de\/blog\/wp-json\/wp\/v2\/pages"}],"about":[{"href":"https:\/\/www.urlaubcornwall.de\/blog\/wp-json\/wp\/v2\/types\/page"}],"author":[{"embeddable":true,"href":"https:\/\/www.urlaubcornwall.de\/blog\/wp-json\/wp\/v2\/users\/1"}],"replies":[{"embeddable":true,"href":"https:\/\/www.urlaubcornwall.de\/blog\/wp-json\/wp\/v2\/comments?post=38578"}],"version-history":[{"count":4,"href":"https:\/\/www.urlaubcornwall.de\/blog\/wp-json\/wp\/v2\/pages\/38578\/revisions"}],"predecessor-version":[{"id":40279,"href":"https:\/\/www.urlaubcornwall.de\/blog\/wp-json\/wp\/v2\/pages\/38578\/revisions\/40279"}],"wp:attachment":[{"href":"https:\/\/www.urlaubcornwall.de\/blog\/wp-json\/wp\/v2\/media?parent=38578"}],"curies":[{"name":"wp","href":"https:\/\/api.w.org\/{rel}","templated":true}]}}