{"id":38574,"date":"2019-08-01T10:47:40","date_gmt":"2019-08-01T10:47:40","guid":{"rendered":"https:\/\/www.urlaubcornwall.de\/blog\/?page_id=38574"},"modified":"2024-04-30T15:47:47","modified_gmt":"2024-04-30T15:47:47","slug":"urlaub-in-whitby-ein-juwel-an-der-kueste-yorkshires","status":"publish","type":"page","link":"https:\/\/www.urlaubcornwall.de\/blog\/urlaub-in-whitby-ein-juwel-an-der-kueste-yorkshires\/","title":{"rendered":"Urlaub in Whitby \u2013 ein Juwel an der K\u00fcste Yorkshires"},"content":{"rendered":"<p><img loading=\"lazy\" class=\"aligncenter size-full wp-image-48144\" src=\"https:\/\/www.urlaubcornwall.de\/blog\/wp-content\/uploads\/2024\/03\/whitby-abbey.jpg\" alt=\"whitby abbey\" width=\"750\" height=\"563\" srcset=\"https:\/\/www.urlaubcornwall.de\/blog\/wp-content\/uploads\/2024\/03\/whitby-abbey.jpg 750w, https:\/\/www.urlaubcornwall.de\/blog\/wp-content\/uploads\/2024\/03\/whitby-abbey-300x225.jpg 300w\" sizes=\"(max-width: 750px) 100vw, 750px\" \/><\/p>\n<p>Ausgestattet mit einer unvergleichlichen Lage an den Ufern des Flusses Esk, ist <a href=\"https:\/\/www.urlaubcornwall.de\/ferienhaeuser-fewos\/eng\/yorkshire\/whitby.html\">Whitby ein Juwel unter den St\u00e4dten<\/a>, mit einem Hafen und Stra\u00dfen alter Geb\u00e4ude durchdrungen von reichhaltiger Geschichte, gleichzeitig gesch\u00e4ftig voller modernen Lebens.  Die gezackten Ruinen der Abtei Whitby \u00fcberragen die Ostklippe und stellen meilenweit entlang der K\u00fcste von Yorkshire ein eindrucksvolles Wahrzeichen dar.<\/p>\n<p>An der gegen\u00fcberliegenden Klippenspitze im Westen \u00fcberschaut die Statue von Kapit\u00e4n Cook den Hafen mit Geburtsst\u00e4tte der drei Schiffe, Endeavour, Resolution und Adventure, die ihn auf seinen drei gro\u00dfartigen Erkundungsreisen um die Welt herumgef\u00fchrt hatten. Die beiden Seiten der Stadt sind verbunden mit H\u00e4ngebr\u00fccke; erbaut im Jahre 1909 und mit einer Reichspanne von 21m.<\/p>\n<p>Direkt unterhalb des Cook Monuments befindet sich ein Bogen, der aus dem Kiefer eines Wales hergestellt wurde \u2013 eine Erinnerung an Whitbys Geschichte als ein Walfanghafen. Zwischen 1753 und 1833 wurden ca. 2761 Wale nach Whitby gebracht, und ihr Speck kochte am Ufer, um \u00d6l zu gewinnen. Bereits im Jahre 1825 wurden die Stra\u00dfen mittels eines Gases beleuchtet, das aus Wal\u00f6l hergestellt wurde. Whitbys ber\u00fchmtester Walf\u00e4nger war William Scoresby, der Erfinder der Schiffe \u201ccrows nest\u201d, die f\u00fcr 533 Wale verantwortlich waren.<\/p>\n<div class=\"snippet\"> <a class=\"featured-item\" href=\" https:\/\/www.urlaubcornwall.de\/ferienhaeuser-fewos\/eng\/yorkshire\/whitby.html\"> <span class=\"image-holder\" style=\"background-image: url(' https:\/\/www.urlaubcornwall.de\/blog\/wp-content\/uploads\/2024\/03\/ferienhaus-england-cornwall.jpg');\"><\/span> <span class=\"featured-content\"> \n<h2 class=\"featured-title\">Bei uns finden Sie Ferienh\u00e4user in Whitby zum Verlieben!<\/h2>\n<p class=\"featured-body\">Untenstehend finden Sie eine Auswahl an Selbstversorger-Ferienh\u00e4usern in Yorkshire. Hier finden Sie handverlesene, pers\u00f6nlich inspizierte Cottages entlang der walisischen K\u00fcste&#8230;..<\/p>\n<\/span> <span class=\"featured-link-holder\"> <span class=\"featured-extra-info\"> \n<p>F\u00fcr Paare, Familien &#038; Gruppen<\/p>\n<\/span> \n<p class=\"featured-link\">DETAILS<\/p>\n<\/span> <\/a><\/div>\n<p>Scoresbys Aufzeichnungen befinden sich unter den vielf\u00e4ltigen Ausstellungsst\u00fccken des Whitby Museums, das sich wiederum inmitten von Blumeng\u00e4rten im Pannett Park befindet. Memorialien von Kapit\u00e4n Cook und seinen Reisen befinden sich unter Feuersteinpfeilspitzen, r\u00f6mischen Inschriften, Fossilien, die am Ufer Whitbys gefunden wurden. Das Whitby Museum verf\u00fcgt auch \u00fcber Schmuckbeispiele, die aufwendig aus Jet geschnitzt wurden, der an den einheimischen Str\u00e4nden gefunden wurde. <\/p>\n<p><img loading=\"lazy\" class=\"aligncenter size-full wp-image-48144\" src=\"https:\/\/www.urlaubcornwall.de\/blog\/wp-content\/uploads\/2024\/03\/whitby-abbey.jpg\" alt=\"whitby abbey\" width=\"750\" height=\"563\" srcset=\"https:\/\/www.urlaubcornwall.de\/blog\/wp-content\/uploads\/2024\/03\/whitby-abbey.jpg 750w, https:\/\/www.urlaubcornwall.de\/blog\/wp-content\/uploads\/2024\/03\/whitby-abbey-300x225.jpg 300w\" sizes=\"(max-width: 750px) 100vw, 750px\" \/><\/p>\n<p>Whitby Jet ist versteinertes Holz, das in stehendem Gew\u00e4sser einer chemischen Reaktion ausgesetzt und dann unter enormem Druck flachgepresst wurde. Es wurde zur Herstellung von Ornamenten im Bronzezeitalter und von den R\u00f6mern benutzt, und im Mittelalter galt es als wirkvolles Mittel gegen den Hexenkult. Zu viktorianischen Zeiten bl\u00fchte die Jetbearbeitung in Whitby, nachdem K\u00f6nigin Victoria den Jetschmuck als ein Zeichen der Trauer um Prinz Albert in Hofkreisen eingef\u00fchrt hatte. Es nahm jedoch mit der Einf\u00fchrung des franz\u00f6sischen Jet nach 1870 ab = dem schwarzen Glas \u2013 wie auch mit dem Import von Jet aus Spanien, wo Kinder Jetarmb\u00e4nder trugen, um schlechte Geister abzuhalten.<\/p>\n<p>Whitby hat eine weitere Verbindung mit dem Okkulten: der Autor Bram Stoker platzierte Szenen seiner Geschichte Dracula auf die 199 Stufen, die durch die Altstadt zum Friedhof und der St Mary Kirche an der Ostklippe neben der Abtei f\u00fchren. <\/p>\n<p>Urlaubsaktivit\u00e4ten in Whitby beinhalten das Baden an sicheren Sandstr\u00e4nden, Segeln vom Jachthafen im Hafen aus, Meeres- und Flussangeln, oder einfach nur, den Geschmack frischer Meeresspeisen in den Restaurants am Ufer zu genie\u00dfen. In der Pierstra\u00dfe gibt es ein Lifeboat Museum, das das letzte Ruderrettungsboot des Landes beherbergt. Ein Angelfest findet im Juli statt und eine dreit\u00e4gige Regatta im August.<\/p>\n","protected":false},"excerpt":{"rendered":"<p>Ausgestattet mit einer unvergleichlichen Lage an den Ufern des Flusses Esk, ist Whitby ein Juwel unter den St\u00e4dten, mit einem Hafen und Stra\u00dfen alter Geb\u00e4ude durchdrungen von reichhaltiger Geschichte, gleichzeitig gesch\u00e4ftig voller modernen Lebens. Die gezackten Ruinen der Abtei Whitby \u00fcberragen die Ostklippe und stellen meilenweit entlang der K\u00fcste von Yorkshire ein eindrucksvolles Wahrzeichen dar. [&hellip;]<\/p>\n","protected":false},"author":1,"featured_media":0,"parent":0,"menu_order":0,"comment_status":"closed","ping_status":"closed","template":"single-four.php","meta":[],"acf":[],"yoast_head":"<!-- This site is optimized with the Yoast SEO plugin v19.4 - https:\/\/yoast.com\/wordpress\/plugins\/seo\/ -->\n<title>Urlaub in Whitby \u2013 ein Juwel an der K\u00fcste Yorkshires - Urlaub &amp; Reisen<\/title>\n<meta name=\"robots\" content=\"index, follow, max-snippet:-1, max-image-preview:large, max-video-preview:-1\" \/>\n<link rel=\"canonical\" href=\"https:\/\/www.urlaubcornwall.de\/blog\/urlaub-in-whitby-ein-juwel-an-der-kueste-yorkshires\/\" \/>\n<meta property=\"og:locale\" content=\"en_US\" \/>\n<meta property=\"og:type\" content=\"article\" \/>\n<meta property=\"og:title\" content=\"Urlaub in Whitby \u2013 ein Juwel an der K\u00fcste Yorkshires - Urlaub &amp; Reisen\" \/>\n<meta property=\"og:description\" content=\"Ausgestattet mit einer unvergleichlichen Lage an den Ufern des Flusses Esk, ist Whitby ein Juwel unter den St\u00e4dten, mit einem Hafen und Stra\u00dfen alter Geb\u00e4ude durchdrungen von reichhaltiger Geschichte, gleichzeitig gesch\u00e4ftig voller modernen Lebens. Die gezackten Ruinen der Abtei Whitby \u00fcberragen die Ostklippe und stellen meilenweit entlang der K\u00fcste von Yorkshire ein eindrucksvolles Wahrzeichen dar. [&hellip;]\" \/>\n<meta property=\"og:url\" content=\"https:\/\/www.urlaubcornwall.de\/blog\/urlaub-in-whitby-ein-juwel-an-der-kueste-yorkshires\/\" \/>\n<meta property=\"og:site_name\" content=\"Urlaub &amp; Reisen\" \/>\n<meta property=\"article:modified_time\" content=\"2024-04-30T15:47:47+00:00\" \/>\n<meta property=\"og:image\" content=\"https:\/\/www.urlaubcornwall.de\/blog\/wp-content\/uploads\/2024\/03\/whitby-abbey.jpg\" \/>\n<meta name=\"twitter:card\" content=\"summary\" \/>\n<meta name=\"twitter:label1\" content=\"Est. reading time\" \/>\n\t<meta name=\"twitter:data1\" content=\"3 minutes\" \/>\n<script type=\"application\/ld+json\" class=\"yoast-schema-graph\">{\"@context\":\"https:\/\/schema.org\",\"@graph\":[{\"@type\":\"WebSite\",\"@id\":\"https:\/\/www.urlaubcornwall.de\/blog\/#website\",\"url\":\"https:\/\/www.urlaubcornwall.de\/blog\/\",\"name\":\"Urlaub &amp; Reisen\",\"description\":\"Urlaub, Reisen, Cornwall und S\u00fcdengland: eine perfekte Kombination\",\"potentialAction\":[{\"@type\":\"SearchAction\",\"target\":{\"@type\":\"EntryPoint\",\"urlTemplate\":\"https:\/\/www.urlaubcornwall.de\/blog\/?s={search_term_string}\"},\"query-input\":\"required name=search_term_string\"}],\"inLanguage\":\"en-US\"},{\"@type\":\"WebPage\",\"@id\":\"https:\/\/www.urlaubcornwall.de\/blog\/urlaub-in-whitby-ein-juwel-an-der-kueste-yorkshires\/\",\"url\":\"https:\/\/www.urlaubcornwall.de\/blog\/urlaub-in-whitby-ein-juwel-an-der-kueste-yorkshires\/\",\"name\":\"Urlaub in Whitby \u2013 ein Juwel an der K\u00fcste Yorkshires - Urlaub &amp; Reisen\",\"isPartOf\":{\"@id\":\"https:\/\/www.urlaubcornwall.de\/blog\/#website\"},\"datePublished\":\"2019-08-01T10:47:40+00:00\",\"dateModified\":\"2024-04-30T15:47:47+00:00\",\"breadcrumb\":{\"@id\":\"https:\/\/www.urlaubcornwall.de\/blog\/urlaub-in-whitby-ein-juwel-an-der-kueste-yorkshires\/#breadcrumb\"},\"inLanguage\":\"en-US\",\"potentialAction\":[{\"@type\":\"ReadAction\",\"target\":[\"https:\/\/www.urlaubcornwall.de\/blog\/urlaub-in-whitby-ein-juwel-an-der-kueste-yorkshires\/\"]}]},{\"@type\":\"BreadcrumbList\",\"@id\":\"https:\/\/www.urlaubcornwall.de\/blog\/urlaub-in-whitby-ein-juwel-an-der-kueste-yorkshires\/#breadcrumb\",\"itemListElement\":[{\"@type\":\"ListItem\",\"position\":1,\"name\":\"Home\",\"item\":\"https:\/\/www.urlaubcornwall.de\/blog\/\"},{\"@type\":\"ListItem\",\"position\":2,\"name\":\"Urlaub in Whitby \u2013 ein Juwel an der K\u00fcste Yorkshires\"}]}]}<\/script>\n<!-- \/ Yoast SEO plugin. -->","yoast_head_json":{"title":"Urlaub in Whitby \u2013 ein Juwel an der K\u00fcste Yorkshires - Urlaub &amp; Reisen","robots":{"index":"index","follow":"follow","max-snippet":"max-snippet:-1","max-image-preview":"max-image-preview:large","max-video-preview":"max-video-preview:-1"},"canonical":"https:\/\/www.urlaubcornwall.de\/blog\/urlaub-in-whitby-ein-juwel-an-der-kueste-yorkshires\/","og_locale":"en_US","og_type":"article","og_title":"Urlaub in Whitby \u2013 ein Juwel an der K\u00fcste Yorkshires - Urlaub &amp; Reisen","og_description":"Ausgestattet mit einer unvergleichlichen Lage an den Ufern des Flusses Esk, ist Whitby ein Juwel unter den St\u00e4dten, mit einem Hafen und Stra\u00dfen alter Geb\u00e4ude durchdrungen von reichhaltiger Geschichte, gleichzeitig gesch\u00e4ftig voller modernen Lebens. Die gezackten Ruinen der Abtei Whitby \u00fcberragen die Ostklippe und stellen meilenweit entlang der K\u00fcste von Yorkshire ein eindrucksvolles Wahrzeichen dar. [&hellip;]","og_url":"https:\/\/www.urlaubcornwall.de\/blog\/urlaub-in-whitby-ein-juwel-an-der-kueste-yorkshires\/","og_site_name":"Urlaub &amp; Reisen","article_modified_time":"2024-04-30T15:47:47+00:00","og_image":[{"url":"https:\/\/www.urlaubcornwall.de\/blog\/wp-content\/uploads\/2024\/03\/whitby-abbey.jpg"}],"twitter_card":"summary","twitter_misc":{"Est. reading time":"3 minutes"},"schema":{"@context":"https:\/\/schema.org","@graph":[{"@type":"WebSite","@id":"https:\/\/www.urlaubcornwall.de\/blog\/#website","url":"https:\/\/www.urlaubcornwall.de\/blog\/","name":"Urlaub &amp; Reisen","description":"Urlaub, Reisen, Cornwall und S\u00fcdengland: eine perfekte Kombination","potentialAction":[{"@type":"SearchAction","target":{"@type":"EntryPoint","urlTemplate":"https:\/\/www.urlaubcornwall.de\/blog\/?s={search_term_string}"},"query-input":"required name=search_term_string"}],"inLanguage":"en-US"},{"@type":"WebPage","@id":"https:\/\/www.urlaubcornwall.de\/blog\/urlaub-in-whitby-ein-juwel-an-der-kueste-yorkshires\/","url":"https:\/\/www.urlaubcornwall.de\/blog\/urlaub-in-whitby-ein-juwel-an-der-kueste-yorkshires\/","name":"Urlaub in Whitby \u2013 ein Juwel an der K\u00fcste Yorkshires - Urlaub &amp; Reisen","isPartOf":{"@id":"https:\/\/www.urlaubcornwall.de\/blog\/#website"},"datePublished":"2019-08-01T10:47:40+00:00","dateModified":"2024-04-30T15:47:47+00:00","breadcrumb":{"@id":"https:\/\/www.urlaubcornwall.de\/blog\/urlaub-in-whitby-ein-juwel-an-der-kueste-yorkshires\/#breadcrumb"},"inLanguage":"en-US","potentialAction":[{"@type":"ReadAction","target":["https:\/\/www.urlaubcornwall.de\/blog\/urlaub-in-whitby-ein-juwel-an-der-kueste-yorkshires\/"]}]},{"@type":"BreadcrumbList","@id":"https:\/\/www.urlaubcornwall.de\/blog\/urlaub-in-whitby-ein-juwel-an-der-kueste-yorkshires\/#breadcrumb","itemListElement":[{"@type":"ListItem","position":1,"name":"Home","item":"https:\/\/www.urlaubcornwall.de\/blog\/"},{"@type":"ListItem","position":2,"name":"Urlaub in Whitby \u2013 ein Juwel an der K\u00fcste Yorkshires"}]}]}},"_links":{"self":[{"href":"https:\/\/www.urlaubcornwall.de\/blog\/wp-json\/wp\/v2\/pages\/38574"}],"collection":[{"href":"https:\/\/www.urlaubcornwall.de\/blog\/wp-json\/wp\/v2\/pages"}],"about":[{"href":"https:\/\/www.urlaubcornwall.de\/blog\/wp-json\/wp\/v2\/types\/page"}],"author":[{"embeddable":true,"href":"https:\/\/www.urlaubcornwall.de\/blog\/wp-json\/wp\/v2\/users\/1"}],"replies":[{"embeddable":true,"href":"https:\/\/www.urlaubcornwall.de\/blog\/wp-json\/wp\/v2\/comments?post=38574"}],"version-history":[{"count":6,"href":"https:\/\/www.urlaubcornwall.de\/blog\/wp-json\/wp\/v2\/pages\/38574\/revisions"}],"predecessor-version":[{"id":50011,"href":"https:\/\/www.urlaubcornwall.de\/blog\/wp-json\/wp\/v2\/pages\/38574\/revisions\/50011"}],"wp:attachment":[{"href":"https:\/\/www.urlaubcornwall.de\/blog\/wp-json\/wp\/v2\/media?parent=38574"}],"curies":[{"name":"wp","href":"https:\/\/api.w.org\/{rel}","templated":true}]}}