{"id":38566,"date":"2019-07-23T08:40:40","date_gmt":"2019-07-23T08:40:40","guid":{"rendered":"https:\/\/www.urlaubcornwall.de\/blog\/?page_id=38566"},"modified":"2024-05-30T15:07:19","modified_gmt":"2024-05-30T15:07:19","slug":"ferienhaeuser-ferienwohnungen-in-st-peter-port-mit-hund-guernsey","status":"publish","type":"page","link":"https:\/\/www.urlaubcornwall.de\/blog\/ferienhaeuser-ferienwohnungen-in-st-peter-port-mit-hund-guernsey\/","title":{"rendered":"Ferienh\u00e4user &#038; Ferienwohnungen in St Peter Port mit Hund &#8211; Guernsey"},"content":{"rendered":"<p><a href=\"https:\/\/www.urlaubcornwall.de\/blog\/wp-content\/uploads\/2024\/03\/ferienhaus-england-cornwall.jpg\"><img loading=\"lazy\" src=\"https:\/\/www.urlaubcornwall.de\/blog\/wp-content\/uploads\/2024\/03\/ferienhaus-england-cornwall.jpg\" alt=\"\" width=\"750\" height=\"643\" class=\"alignnone size-full wp-image-47901\" srcset=\"https:\/\/www.urlaubcornwall.de\/blog\/wp-content\/uploads\/2024\/03\/ferienhaus-england-cornwall.jpg 750w, https:\/\/www.urlaubcornwall.de\/blog\/wp-content\/uploads\/2024\/03\/ferienhaus-england-cornwall-300x257.jpg 300w\" sizes=\"(max-width: 750px) 100vw, 750px\" \/><\/a><br \/>\n<strong>Hundefreundliche Ferienh\u00e4user in St Peter Port<\/strong> &#8211; UrlaubCornwall verf\u00fcgt Ferienh\u00e4user und&nbsp;Ferienwohnungen in Guernsey f\u00fcr Ihren <a href=\"https:\/\/www.urlaubcornwall.de\/reiseziel\/kanalinseln\/\">Urlaub mit Hund auf den Kanalinseln<\/a>. <\/p>\n<div class=\"snippet\"> <a class=\"featured-item\" href=\"https:\/\/www.booking.com\/searchresults.en.html?region=1436&#038;nflt=ht_id%253D206%253Bht_id%253D201%253Bht_id%253D220%253Bht_id%253D221&#038;aid=1320750&#038;no_rooms=1&#038;group_adults=2 \"rel=\"nofollow\"> <span class=\"image-holder\" style=\"background-image: url(' https:\/\/www.urlaubcornwall.de\/blog\/wp-content\/uploads\/2018\/11\/rundreise-cornwall.jpg ');\"><\/span> <span class=\"featured-content\"> \n<h2 class=\"featured-title\">Ferienh\u00e4user auf den Kanalinseln zum Verlieben!<\/h2>\n<p class=\"featured-body\">Guernsey ist die zweitgr\u00f6\u00dfte der Kanalinseln und befindet sich vor der K\u00fcste der Normandie, n\u00f6rdlich von St Malo. Sie ist nicht Teil des UK, sondern eine von der Britischen Krone abh\u00e4ngige Selbstverwaltung mit eigener Regierung und eigenen Gesetzen.<\/p><\/span> <span class=\"featured-link-holder\"> <span class=\"featured-extra-info\"> \n<p>F\u00fcr Paare, Familien &#038; Gruppen<\/p>\n<\/span> \n<p class=\"featured-link\">DETAILS<\/p>\n<\/span> <\/a><\/div>\n","protected":false},"excerpt":{"rendered":"<p>Hundefreundliche Ferienh\u00e4user in St Peter Port &#8211; UrlaubCornwall verf\u00fcgt Ferienh\u00e4user und&nbsp;Ferienwohnungen in Guernsey f\u00fcr Ihren Urlaub mit Hund auf den Kanalinseln. Ferienh\u00e4user auf den Kanalinseln zum Verlieben! Guernsey ist die zweitgr\u00f6\u00dfte der Kanalinseln und befindet sich vor der K\u00fcste der Normandie, n\u00f6rdlich von St Malo. Sie ist nicht Teil des UK, sondern eine von der [&hellip;]<\/p>\n","protected":false},"author":1,"featured_media":0,"parent":0,"menu_order":0,"comment_status":"closed","ping_status":"closed","template":"single-four.php","meta":[],"acf":[],"yoast_head":"<!-- This site is optimized with the Yoast SEO plugin v19.4 - https:\/\/yoast.com\/wordpress\/plugins\/seo\/ -->\n<title>Ferienh\u00e4user &amp; Ferienwohnungen in St Peter Port mit Hund - Guernsey - Urlaub &amp; Reisen<\/title>\n<meta name=\"robots\" content=\"index, follow, max-snippet:-1, max-image-preview:large, max-video-preview:-1\" \/>\n<link rel=\"canonical\" href=\"https:\/\/www.urlaubcornwall.de\/blog\/ferienhaeuser-ferienwohnungen-in-st-peter-port-mit-hund-guernsey\/\" \/>\n<meta property=\"og:locale\" content=\"en_US\" \/>\n<meta property=\"og:type\" content=\"article\" \/>\n<meta property=\"og:title\" content=\"Ferienh\u00e4user &amp; Ferienwohnungen in St Peter Port mit Hund - Guernsey - Urlaub &amp; Reisen\" \/>\n<meta property=\"og:description\" content=\"Hundefreundliche Ferienh\u00e4user in St Peter Port &#8211; UrlaubCornwall verf\u00fcgt Ferienh\u00e4user und&nbsp;Ferienwohnungen in Guernsey f\u00fcr Ihren Urlaub mit Hund auf den Kanalinseln. Ferienh\u00e4user auf den Kanalinseln zum Verlieben! Guernsey ist die zweitgr\u00f6\u00dfte der Kanalinseln und befindet sich vor der K\u00fcste der Normandie, n\u00f6rdlich von St Malo. Sie ist nicht Teil des UK, sondern eine von der [&hellip;]\" \/>\n<meta property=\"og:url\" content=\"https:\/\/www.urlaubcornwall.de\/blog\/ferienhaeuser-ferienwohnungen-in-st-peter-port-mit-hund-guernsey\/\" \/>\n<meta property=\"og:site_name\" content=\"Urlaub &amp; Reisen\" \/>\n<meta property=\"article:modified_time\" content=\"2024-05-30T15:07:19+00:00\" \/>\n<meta property=\"og:image\" content=\"https:\/\/www.urlaubcornwall.de\/blog\/wp-content\/uploads\/2024\/03\/ferienhaus-england-cornwall.jpg\" \/>\n<meta name=\"twitter:card\" content=\"summary\" \/>\n<meta name=\"twitter:label1\" content=\"Est. reading time\" \/>\n\t<meta name=\"twitter:data1\" content=\"1 minute\" \/>\n<script type=\"application\/ld+json\" class=\"yoast-schema-graph\">{\"@context\":\"https:\/\/schema.org\",\"@graph\":[{\"@type\":\"WebSite\",\"@id\":\"https:\/\/www.urlaubcornwall.de\/blog\/#website\",\"url\":\"https:\/\/www.urlaubcornwall.de\/blog\/\",\"name\":\"Urlaub &amp; Reisen\",\"description\":\"Urlaub, Reisen, Cornwall und S\u00fcdengland: eine perfekte Kombination\",\"potentialAction\":[{\"@type\":\"SearchAction\",\"target\":{\"@type\":\"EntryPoint\",\"urlTemplate\":\"https:\/\/www.urlaubcornwall.de\/blog\/?s={search_term_string}\"},\"query-input\":\"required name=search_term_string\"}],\"inLanguage\":\"en-US\"},{\"@type\":\"WebPage\",\"@id\":\"https:\/\/www.urlaubcornwall.de\/blog\/ferienhaeuser-ferienwohnungen-in-st-peter-port-mit-hund-guernsey\/\",\"url\":\"https:\/\/www.urlaubcornwall.de\/blog\/ferienhaeuser-ferienwohnungen-in-st-peter-port-mit-hund-guernsey\/\",\"name\":\"Ferienh\u00e4user & Ferienwohnungen in St Peter Port mit Hund - Guernsey - Urlaub &amp; Reisen\",\"isPartOf\":{\"@id\":\"https:\/\/www.urlaubcornwall.de\/blog\/#website\"},\"datePublished\":\"2019-07-23T08:40:40+00:00\",\"dateModified\":\"2024-05-30T15:07:19+00:00\",\"breadcrumb\":{\"@id\":\"https:\/\/www.urlaubcornwall.de\/blog\/ferienhaeuser-ferienwohnungen-in-st-peter-port-mit-hund-guernsey\/#breadcrumb\"},\"inLanguage\":\"en-US\",\"potentialAction\":[{\"@type\":\"ReadAction\",\"target\":[\"https:\/\/www.urlaubcornwall.de\/blog\/ferienhaeuser-ferienwohnungen-in-st-peter-port-mit-hund-guernsey\/\"]}]},{\"@type\":\"BreadcrumbList\",\"@id\":\"https:\/\/www.urlaubcornwall.de\/blog\/ferienhaeuser-ferienwohnungen-in-st-peter-port-mit-hund-guernsey\/#breadcrumb\",\"itemListElement\":[{\"@type\":\"ListItem\",\"position\":1,\"name\":\"Home\",\"item\":\"https:\/\/www.urlaubcornwall.de\/blog\/\"},{\"@type\":\"ListItem\",\"position\":2,\"name\":\"Ferienh\u00e4user &#038; Ferienwohnungen in St Peter Port mit Hund &#8211; Guernsey\"}]}]}<\/script>\n<!-- \/ Yoast SEO plugin. -->","yoast_head_json":{"title":"Ferienh\u00e4user & Ferienwohnungen in St Peter Port mit Hund - Guernsey - Urlaub &amp; Reisen","robots":{"index":"index","follow":"follow","max-snippet":"max-snippet:-1","max-image-preview":"max-image-preview:large","max-video-preview":"max-video-preview:-1"},"canonical":"https:\/\/www.urlaubcornwall.de\/blog\/ferienhaeuser-ferienwohnungen-in-st-peter-port-mit-hund-guernsey\/","og_locale":"en_US","og_type":"article","og_title":"Ferienh\u00e4user & Ferienwohnungen in St Peter Port mit Hund - Guernsey - Urlaub &amp; Reisen","og_description":"Hundefreundliche Ferienh\u00e4user in St Peter Port &#8211; UrlaubCornwall verf\u00fcgt Ferienh\u00e4user und&nbsp;Ferienwohnungen in Guernsey f\u00fcr Ihren Urlaub mit Hund auf den Kanalinseln. Ferienh\u00e4user auf den Kanalinseln zum Verlieben! Guernsey ist die zweitgr\u00f6\u00dfte der Kanalinseln und befindet sich vor der K\u00fcste der Normandie, n\u00f6rdlich von St Malo. Sie ist nicht Teil des UK, sondern eine von der [&hellip;]","og_url":"https:\/\/www.urlaubcornwall.de\/blog\/ferienhaeuser-ferienwohnungen-in-st-peter-port-mit-hund-guernsey\/","og_site_name":"Urlaub &amp; Reisen","article_modified_time":"2024-05-30T15:07:19+00:00","og_image":[{"url":"https:\/\/www.urlaubcornwall.de\/blog\/wp-content\/uploads\/2024\/03\/ferienhaus-england-cornwall.jpg"}],"twitter_card":"summary","twitter_misc":{"Est. reading time":"1 minute"},"schema":{"@context":"https:\/\/schema.org","@graph":[{"@type":"WebSite","@id":"https:\/\/www.urlaubcornwall.de\/blog\/#website","url":"https:\/\/www.urlaubcornwall.de\/blog\/","name":"Urlaub &amp; Reisen","description":"Urlaub, Reisen, Cornwall und S\u00fcdengland: eine perfekte Kombination","potentialAction":[{"@type":"SearchAction","target":{"@type":"EntryPoint","urlTemplate":"https:\/\/www.urlaubcornwall.de\/blog\/?s={search_term_string}"},"query-input":"required name=search_term_string"}],"inLanguage":"en-US"},{"@type":"WebPage","@id":"https:\/\/www.urlaubcornwall.de\/blog\/ferienhaeuser-ferienwohnungen-in-st-peter-port-mit-hund-guernsey\/","url":"https:\/\/www.urlaubcornwall.de\/blog\/ferienhaeuser-ferienwohnungen-in-st-peter-port-mit-hund-guernsey\/","name":"Ferienh\u00e4user & Ferienwohnungen in St Peter Port mit Hund - Guernsey - Urlaub &amp; Reisen","isPartOf":{"@id":"https:\/\/www.urlaubcornwall.de\/blog\/#website"},"datePublished":"2019-07-23T08:40:40+00:00","dateModified":"2024-05-30T15:07:19+00:00","breadcrumb":{"@id":"https:\/\/www.urlaubcornwall.de\/blog\/ferienhaeuser-ferienwohnungen-in-st-peter-port-mit-hund-guernsey\/#breadcrumb"},"inLanguage":"en-US","potentialAction":[{"@type":"ReadAction","target":["https:\/\/www.urlaubcornwall.de\/blog\/ferienhaeuser-ferienwohnungen-in-st-peter-port-mit-hund-guernsey\/"]}]},{"@type":"BreadcrumbList","@id":"https:\/\/www.urlaubcornwall.de\/blog\/ferienhaeuser-ferienwohnungen-in-st-peter-port-mit-hund-guernsey\/#breadcrumb","itemListElement":[{"@type":"ListItem","position":1,"name":"Home","item":"https:\/\/www.urlaubcornwall.de\/blog\/"},{"@type":"ListItem","position":2,"name":"Ferienh\u00e4user &#038; Ferienwohnungen in St Peter Port mit Hund &#8211; Guernsey"}]}]}},"_links":{"self":[{"href":"https:\/\/www.urlaubcornwall.de\/blog\/wp-json\/wp\/v2\/pages\/38566"}],"collection":[{"href":"https:\/\/www.urlaubcornwall.de\/blog\/wp-json\/wp\/v2\/pages"}],"about":[{"href":"https:\/\/www.urlaubcornwall.de\/blog\/wp-json\/wp\/v2\/types\/page"}],"author":[{"embeddable":true,"href":"https:\/\/www.urlaubcornwall.de\/blog\/wp-json\/wp\/v2\/users\/1"}],"replies":[{"embeddable":true,"href":"https:\/\/www.urlaubcornwall.de\/blog\/wp-json\/wp\/v2\/comments?post=38566"}],"version-history":[{"count":4,"href":"https:\/\/www.urlaubcornwall.de\/blog\/wp-json\/wp\/v2\/pages\/38566\/revisions"}],"predecessor-version":[{"id":51138,"href":"https:\/\/www.urlaubcornwall.de\/blog\/wp-json\/wp\/v2\/pages\/38566\/revisions\/51138"}],"wp:attachment":[{"href":"https:\/\/www.urlaubcornwall.de\/blog\/wp-json\/wp\/v2\/media?parent=38566"}],"curies":[{"name":"wp","href":"https:\/\/api.w.org\/{rel}","templated":true}]}}