{"id":38563,"date":"2019-07-23T08:35:59","date_gmt":"2019-07-23T08:35:59","guid":{"rendered":"https:\/\/www.urlaubcornwall.de\/blog\/?page_id=38563"},"modified":"2020-11-04T11:24:04","modified_gmt":"2020-11-04T11:24:04","slug":"ferienhaeuser-ferienwohnungen-in-st-peter-port-am-meer-guernsey","status":"publish","type":"page","link":"https:\/\/www.urlaubcornwall.de\/blog\/ferienhaeuser-ferienwohnungen-in-st-peter-port-am-meer-guernsey\/","title":{"rendered":"Ferienh\u00e4user &#038; Ferienwohnungen in St Peter Port am Meer &#8211; Guernsey"},"content":{"rendered":"<p><img loading=\"lazy\" class=\"aligncenter size-full wp-image-34328\" src=\"https:\/\/www.urlaubcornwall.de\/blog\/wp-content\/uploads\/2018\/09\/urlaub-guernsey-radreise.jpg\" alt=\"ferienhaus guernsey \" width=\"748\" height=\"385\"\/><br \/>\n<strong>Ferienh\u00e4user am Meer in St Peter Port<\/strong> &#8211; UrlaubCornwall verf\u00fcgt Ferienh\u00e4user und&nbsp;Ferienwohnungen in Guernsey f\u00fcr Ihren <a href=\"https:\/\/www.urlaubcornwall.de\/reiseziel\/kanalinseln\/\">Urlaub auf den Kanalinseln<\/a>. <\/p>\n<div class=\"snippet\"> <a class=\"featured-item\" href=\"https:\/\/www.booking.com\/searchresults.en.html?region=1436&#038;nflt=ht_id%253D206%253Bht_id%253D201%253Bht_id%253D220%253Bht_id%253D221&#038;aid=1320750&#038;no_rooms=1&#038;group_adults=2 \"rel=\"nofollow\"> <span class=\"image-holder\" style=\"background-image: url(' https:\/\/www.urlaubcornwall.de\/blog\/wp-content\/uploads\/2018\/11\/rundreise-cornwall.jpg ');\"><\/span> <span class=\"featured-content\"> \n<h2 class=\"featured-title\">Ferienh\u00e4user auf den Kanalinseln zum Verlieben!<\/h2>\n<p class=\"featured-body\">Guernsey ist die zweitgr\u00f6\u00dfte der Kanalinseln und befindet sich vor der K\u00fcste der Normandie, n\u00f6rdlich von St Malo. Sie ist nicht Teil des UK, sondern eine von der Britischen Krone abh\u00e4ngige Selbstverwaltung mit eigener Regierung und eigenen Gesetzen.<\/p><\/span> <span class=\"featured-link-holder\"> <span class=\"featured-extra-info\"> \n<p>F\u00fcr Paare, Familien &#038; Gruppen<\/p>\n<\/span> \n<p class=\"featured-link\">DETAILS<\/p>\n<\/span> <\/a><\/div>\n","protected":false},"excerpt":{"rendered":"<p>Ferienh\u00e4user am Meer in St Peter Port &#8211; UrlaubCornwall verf\u00fcgt Ferienh\u00e4user und&nbsp;Ferienwohnungen in Guernsey f\u00fcr Ihren Urlaub auf den Kanalinseln. Ferienh\u00e4user auf den Kanalinseln zum Verlieben! Guernsey ist die zweitgr\u00f6\u00dfte der Kanalinseln und befindet sich vor der K\u00fcste der Normandie, n\u00f6rdlich von St Malo. Sie ist nicht Teil des UK, sondern eine von der Britischen [&hellip;]<\/p>\n","protected":false},"author":1,"featured_media":0,"parent":0,"menu_order":0,"comment_status":"closed","ping_status":"closed","template":"single-four.php","meta":[],"acf":[],"yoast_head":"<!-- This site is optimized with the Yoast SEO plugin v19.4 - https:\/\/yoast.com\/wordpress\/plugins\/seo\/ -->\n<title>Ferienh\u00e4user &amp; Ferienwohnungen in St Peter Port am Meer - Guernsey - Urlaub &amp; Reisen<\/title>\n<meta name=\"robots\" content=\"index, follow, max-snippet:-1, max-image-preview:large, max-video-preview:-1\" \/>\n<link rel=\"canonical\" href=\"https:\/\/www.urlaubcornwall.de\/blog\/ferienhaeuser-ferienwohnungen-in-st-peter-port-am-meer-guernsey\/\" \/>\n<meta property=\"og:locale\" content=\"en_US\" \/>\n<meta property=\"og:type\" content=\"article\" \/>\n<meta property=\"og:title\" content=\"Ferienh\u00e4user &amp; Ferienwohnungen in St Peter Port am Meer - Guernsey - Urlaub &amp; Reisen\" \/>\n<meta property=\"og:description\" content=\"Ferienh\u00e4user am Meer in St Peter Port &#8211; UrlaubCornwall verf\u00fcgt Ferienh\u00e4user und&nbsp;Ferienwohnungen in Guernsey f\u00fcr Ihren Urlaub auf den Kanalinseln. Ferienh\u00e4user auf den Kanalinseln zum Verlieben! Guernsey ist die zweitgr\u00f6\u00dfte der Kanalinseln und befindet sich vor der K\u00fcste der Normandie, n\u00f6rdlich von St Malo. Sie ist nicht Teil des UK, sondern eine von der Britischen [&hellip;]\" \/>\n<meta property=\"og:url\" content=\"https:\/\/www.urlaubcornwall.de\/blog\/ferienhaeuser-ferienwohnungen-in-st-peter-port-am-meer-guernsey\/\" \/>\n<meta property=\"og:site_name\" content=\"Urlaub &amp; Reisen\" \/>\n<meta property=\"article:modified_time\" content=\"2020-11-04T11:24:04+00:00\" \/>\n<meta property=\"og:image\" content=\"https:\/\/www.urlaubcornwall.de\/blog\/wp-content\/uploads\/2018\/09\/urlaub-guernsey-radreise.jpg\" \/>\n<meta name=\"twitter:card\" content=\"summary\" \/>\n<script type=\"application\/ld+json\" class=\"yoast-schema-graph\">{\"@context\":\"https:\/\/schema.org\",\"@graph\":[{\"@type\":\"WebSite\",\"@id\":\"https:\/\/www.urlaubcornwall.de\/blog\/#website\",\"url\":\"https:\/\/www.urlaubcornwall.de\/blog\/\",\"name\":\"Urlaub &amp; Reisen\",\"description\":\"Urlaub, Reisen, Cornwall und S\u00fcdengland: eine perfekte Kombination\",\"potentialAction\":[{\"@type\":\"SearchAction\",\"target\":{\"@type\":\"EntryPoint\",\"urlTemplate\":\"https:\/\/www.urlaubcornwall.de\/blog\/?s={search_term_string}\"},\"query-input\":\"required name=search_term_string\"}],\"inLanguage\":\"en-US\"},{\"@type\":\"WebPage\",\"@id\":\"https:\/\/www.urlaubcornwall.de\/blog\/ferienhaeuser-ferienwohnungen-in-st-peter-port-am-meer-guernsey\/\",\"url\":\"https:\/\/www.urlaubcornwall.de\/blog\/ferienhaeuser-ferienwohnungen-in-st-peter-port-am-meer-guernsey\/\",\"name\":\"Ferienh\u00e4user & Ferienwohnungen in St Peter Port am Meer - Guernsey - Urlaub &amp; Reisen\",\"isPartOf\":{\"@id\":\"https:\/\/www.urlaubcornwall.de\/blog\/#website\"},\"datePublished\":\"2019-07-23T08:35:59+00:00\",\"dateModified\":\"2020-11-04T11:24:04+00:00\",\"breadcrumb\":{\"@id\":\"https:\/\/www.urlaubcornwall.de\/blog\/ferienhaeuser-ferienwohnungen-in-st-peter-port-am-meer-guernsey\/#breadcrumb\"},\"inLanguage\":\"en-US\",\"potentialAction\":[{\"@type\":\"ReadAction\",\"target\":[\"https:\/\/www.urlaubcornwall.de\/blog\/ferienhaeuser-ferienwohnungen-in-st-peter-port-am-meer-guernsey\/\"]}]},{\"@type\":\"BreadcrumbList\",\"@id\":\"https:\/\/www.urlaubcornwall.de\/blog\/ferienhaeuser-ferienwohnungen-in-st-peter-port-am-meer-guernsey\/#breadcrumb\",\"itemListElement\":[{\"@type\":\"ListItem\",\"position\":1,\"name\":\"Home\",\"item\":\"https:\/\/www.urlaubcornwall.de\/blog\/\"},{\"@type\":\"ListItem\",\"position\":2,\"name\":\"Ferienh\u00e4user &#038; Ferienwohnungen in St Peter Port am Meer &#8211; Guernsey\"}]}]}<\/script>\n<!-- \/ Yoast SEO plugin. -->","yoast_head_json":{"title":"Ferienh\u00e4user & Ferienwohnungen in St Peter Port am Meer - Guernsey - Urlaub &amp; Reisen","robots":{"index":"index","follow":"follow","max-snippet":"max-snippet:-1","max-image-preview":"max-image-preview:large","max-video-preview":"max-video-preview:-1"},"canonical":"https:\/\/www.urlaubcornwall.de\/blog\/ferienhaeuser-ferienwohnungen-in-st-peter-port-am-meer-guernsey\/","og_locale":"en_US","og_type":"article","og_title":"Ferienh\u00e4user & Ferienwohnungen in St Peter Port am Meer - Guernsey - Urlaub &amp; Reisen","og_description":"Ferienh\u00e4user am Meer in St Peter Port &#8211; UrlaubCornwall verf\u00fcgt Ferienh\u00e4user und&nbsp;Ferienwohnungen in Guernsey f\u00fcr Ihren Urlaub auf den Kanalinseln. Ferienh\u00e4user auf den Kanalinseln zum Verlieben! Guernsey ist die zweitgr\u00f6\u00dfte der Kanalinseln und befindet sich vor der K\u00fcste der Normandie, n\u00f6rdlich von St Malo. Sie ist nicht Teil des UK, sondern eine von der Britischen [&hellip;]","og_url":"https:\/\/www.urlaubcornwall.de\/blog\/ferienhaeuser-ferienwohnungen-in-st-peter-port-am-meer-guernsey\/","og_site_name":"Urlaub &amp; Reisen","article_modified_time":"2020-11-04T11:24:04+00:00","og_image":[{"url":"https:\/\/www.urlaubcornwall.de\/blog\/wp-content\/uploads\/2018\/09\/urlaub-guernsey-radreise.jpg"}],"twitter_card":"summary","schema":{"@context":"https:\/\/schema.org","@graph":[{"@type":"WebSite","@id":"https:\/\/www.urlaubcornwall.de\/blog\/#website","url":"https:\/\/www.urlaubcornwall.de\/blog\/","name":"Urlaub &amp; Reisen","description":"Urlaub, Reisen, Cornwall und S\u00fcdengland: eine perfekte Kombination","potentialAction":[{"@type":"SearchAction","target":{"@type":"EntryPoint","urlTemplate":"https:\/\/www.urlaubcornwall.de\/blog\/?s={search_term_string}"},"query-input":"required name=search_term_string"}],"inLanguage":"en-US"},{"@type":"WebPage","@id":"https:\/\/www.urlaubcornwall.de\/blog\/ferienhaeuser-ferienwohnungen-in-st-peter-port-am-meer-guernsey\/","url":"https:\/\/www.urlaubcornwall.de\/blog\/ferienhaeuser-ferienwohnungen-in-st-peter-port-am-meer-guernsey\/","name":"Ferienh\u00e4user & Ferienwohnungen in St Peter Port am Meer - Guernsey - Urlaub &amp; Reisen","isPartOf":{"@id":"https:\/\/www.urlaubcornwall.de\/blog\/#website"},"datePublished":"2019-07-23T08:35:59+00:00","dateModified":"2020-11-04T11:24:04+00:00","breadcrumb":{"@id":"https:\/\/www.urlaubcornwall.de\/blog\/ferienhaeuser-ferienwohnungen-in-st-peter-port-am-meer-guernsey\/#breadcrumb"},"inLanguage":"en-US","potentialAction":[{"@type":"ReadAction","target":["https:\/\/www.urlaubcornwall.de\/blog\/ferienhaeuser-ferienwohnungen-in-st-peter-port-am-meer-guernsey\/"]}]},{"@type":"BreadcrumbList","@id":"https:\/\/www.urlaubcornwall.de\/blog\/ferienhaeuser-ferienwohnungen-in-st-peter-port-am-meer-guernsey\/#breadcrumb","itemListElement":[{"@type":"ListItem","position":1,"name":"Home","item":"https:\/\/www.urlaubcornwall.de\/blog\/"},{"@type":"ListItem","position":2,"name":"Ferienh\u00e4user &#038; Ferienwohnungen in St Peter Port am Meer &#8211; Guernsey"}]}]}},"_links":{"self":[{"href":"https:\/\/www.urlaubcornwall.de\/blog\/wp-json\/wp\/v2\/pages\/38563"}],"collection":[{"href":"https:\/\/www.urlaubcornwall.de\/blog\/wp-json\/wp\/v2\/pages"}],"about":[{"href":"https:\/\/www.urlaubcornwall.de\/blog\/wp-json\/wp\/v2\/types\/page"}],"author":[{"embeddable":true,"href":"https:\/\/www.urlaubcornwall.de\/blog\/wp-json\/wp\/v2\/users\/1"}],"replies":[{"embeddable":true,"href":"https:\/\/www.urlaubcornwall.de\/blog\/wp-json\/wp\/v2\/comments?post=38563"}],"version-history":[{"count":3,"href":"https:\/\/www.urlaubcornwall.de\/blog\/wp-json\/wp\/v2\/pages\/38563\/revisions"}],"predecessor-version":[{"id":41067,"href":"https:\/\/www.urlaubcornwall.de\/blog\/wp-json\/wp\/v2\/pages\/38563\/revisions\/41067"}],"wp:attachment":[{"href":"https:\/\/www.urlaubcornwall.de\/blog\/wp-json\/wp\/v2\/media?parent=38563"}],"curies":[{"name":"wp","href":"https:\/\/api.w.org\/{rel}","templated":true}]}}