{"id":38558,"date":"2019-07-22T15:41:37","date_gmt":"2019-07-22T15:41:37","guid":{"rendered":"https:\/\/www.urlaubcornwall.de\/blog\/?page_id=38558"},"modified":"2020-11-04T11:25:38","modified_gmt":"2020-11-04T11:25:38","slug":"ferienhaeuser-ferienwohnungen-in-st-helier-mit-hund-jersey","status":"publish","type":"page","link":"https:\/\/www.urlaubcornwall.de\/blog\/ferienhaeuser-ferienwohnungen-in-st-helier-mit-hund-jersey\/","title":{"rendered":"Ferienh\u00e4user &#038; Ferienwohnungen in St Helier mit Hund &#8211; Jersey"},"content":{"rendered":"<p><a href=\"https:\/\/www.urlaubcornwall.de\/blog\/wp-content\/uploads\/2019\/02\/gruppenreisen-jersey-kanalinseln.jpg\"><img loading=\"lazy\" src=\"https:\/\/www.urlaubcornwall.de\/blog\/wp-content\/uploads\/2019\/02\/gruppenreisen-jersey-kanalinseln.jpg\" alt=\"ferienhaus st helier jersey kanalinseln\" width=\"748\" height=\"441\" class=\"alignnone size-full wp-image-36714\" \/><\/a><\/p>\n<p><strong>Hundefreundliche Ferienh\u00e4user &#038; Cottages in St Helier<\/strong> &#8211; Bei uns finden Sie Ferienh\u00e4user auf den Kanalinseln zum Verlieben &#8211; so einfach ist das! UrlaubCornwall verf\u00fcgt Ferienh\u00e4user und&nbsp;Ferienwohnungen in Jersey f\u00fcr Ihren <a href=\"https:\/\/www.urlaubcornwall.de\/reiseziel\/kanalinseln\/\">Urlaub mit Hund auf den Kanalinseln<\/a>. <\/p>\n<div class=\"snippet\"> <a class=\"featured-item\" href=\"https:\/\/www.booking.com\/searchresults.en.html?region=1424&#038;nflt=ht_id%253D206%253Bht_id%253D201%253Bht_id%253D220%253Bht_id%253D221&#038;aid=1320750&#038;no_rooms=1&#038;group_adults=2 \"rel=\"nofollow\"> <span class=\"image-holder\" style=\"background-image: url(' https:\/\/www.urlaubcornwall.de\/blog\/wp-content\/uploads\/2018\/11\/rundreise-cornwall.jpg ');\"><\/span> <span class=\"featured-content\"> \n<h2 class=\"featured-title\">Ferienh\u00e4user auf den Kanalinseln zum Verlieben!<\/h2>\n<p class=\"featured-body\">Das Beste an einem Ferienhaus ist, dass Sie Ihren Hund mitbringen k\u00f6nnen. Zwar sind Hunde nicht in jedem unserer Ferienh\u00e4user erlaubt, aber wir versuchen, diejenigen Hauseigent\u00fcmer, deren Ferienhaus in guten Wandergegenden liegt, zu ermuntern, Hunde zu akzeptieren. <\/p><\/span> <span class=\"featured-link-holder\"> <span class=\"featured-extra-info\"> \n<p>F\u00fcr Paare, Familien &#038; Gruppen<\/p>\n<\/span> \n<p class=\"featured-link\">DETAILS<\/p>\n<\/span> <\/a><\/div>\n","protected":false},"excerpt":{"rendered":"<p>Hundefreundliche Ferienh\u00e4user &#038; Cottages in St Helier &#8211; Bei uns finden Sie Ferienh\u00e4user auf den Kanalinseln zum Verlieben &#8211; so einfach ist das! UrlaubCornwall verf\u00fcgt Ferienh\u00e4user und&nbsp;Ferienwohnungen in Jersey f\u00fcr Ihren Urlaub mit Hund auf den Kanalinseln. Ferienh\u00e4user auf den Kanalinseln zum Verlieben! Das Beste an einem Ferienhaus ist, dass Sie Ihren Hund mitbringen k\u00f6nnen. [&hellip;]<\/p>\n","protected":false},"author":1,"featured_media":0,"parent":0,"menu_order":0,"comment_status":"closed","ping_status":"closed","template":"single-four.php","meta":[],"acf":[],"yoast_head":"<!-- This site is optimized with the Yoast SEO plugin v19.4 - https:\/\/yoast.com\/wordpress\/plugins\/seo\/ -->\n<title>Ferienh\u00e4user &amp; Ferienwohnungen in St Helier mit Hund - Jersey - Urlaub &amp; Reisen<\/title>\n<meta name=\"robots\" content=\"index, follow, max-snippet:-1, max-image-preview:large, max-video-preview:-1\" \/>\n<link rel=\"canonical\" href=\"https:\/\/www.urlaubcornwall.de\/blog\/ferienhaeuser-ferienwohnungen-in-st-helier-mit-hund-jersey\/\" \/>\n<meta property=\"og:locale\" content=\"en_US\" \/>\n<meta property=\"og:type\" content=\"article\" \/>\n<meta property=\"og:title\" content=\"Ferienh\u00e4user &amp; Ferienwohnungen in St Helier mit Hund - Jersey - Urlaub &amp; Reisen\" \/>\n<meta property=\"og:description\" content=\"Hundefreundliche Ferienh\u00e4user &#038; Cottages in St Helier &#8211; Bei uns finden Sie Ferienh\u00e4user auf den Kanalinseln zum Verlieben &#8211; so einfach ist das! UrlaubCornwall verf\u00fcgt Ferienh\u00e4user und&nbsp;Ferienwohnungen in Jersey f\u00fcr Ihren Urlaub mit Hund auf den Kanalinseln. Ferienh\u00e4user auf den Kanalinseln zum Verlieben! Das Beste an einem Ferienhaus ist, dass Sie Ihren Hund mitbringen k\u00f6nnen. [&hellip;]\" \/>\n<meta property=\"og:url\" content=\"https:\/\/www.urlaubcornwall.de\/blog\/ferienhaeuser-ferienwohnungen-in-st-helier-mit-hund-jersey\/\" \/>\n<meta property=\"og:site_name\" content=\"Urlaub &amp; Reisen\" \/>\n<meta property=\"article:modified_time\" content=\"2020-11-04T11:25:38+00:00\" \/>\n<meta property=\"og:image\" content=\"https:\/\/www.urlaubcornwall.de\/blog\/wp-content\/uploads\/2019\/02\/gruppenreisen-jersey-kanalinseln.jpg\" \/>\n<meta name=\"twitter:card\" content=\"summary\" \/>\n<script type=\"application\/ld+json\" class=\"yoast-schema-graph\">{\"@context\":\"https:\/\/schema.org\",\"@graph\":[{\"@type\":\"WebSite\",\"@id\":\"https:\/\/www.urlaubcornwall.de\/blog\/#website\",\"url\":\"https:\/\/www.urlaubcornwall.de\/blog\/\",\"name\":\"Urlaub &amp; Reisen\",\"description\":\"Urlaub, Reisen, Cornwall und S\u00fcdengland: eine perfekte Kombination\",\"potentialAction\":[{\"@type\":\"SearchAction\",\"target\":{\"@type\":\"EntryPoint\",\"urlTemplate\":\"https:\/\/www.urlaubcornwall.de\/blog\/?s={search_term_string}\"},\"query-input\":\"required name=search_term_string\"}],\"inLanguage\":\"en-US\"},{\"@type\":\"WebPage\",\"@id\":\"https:\/\/www.urlaubcornwall.de\/blog\/ferienhaeuser-ferienwohnungen-in-st-helier-mit-hund-jersey\/\",\"url\":\"https:\/\/www.urlaubcornwall.de\/blog\/ferienhaeuser-ferienwohnungen-in-st-helier-mit-hund-jersey\/\",\"name\":\"Ferienh\u00e4user & Ferienwohnungen in St Helier mit Hund - Jersey - Urlaub &amp; Reisen\",\"isPartOf\":{\"@id\":\"https:\/\/www.urlaubcornwall.de\/blog\/#website\"},\"datePublished\":\"2019-07-22T15:41:37+00:00\",\"dateModified\":\"2020-11-04T11:25:38+00:00\",\"breadcrumb\":{\"@id\":\"https:\/\/www.urlaubcornwall.de\/blog\/ferienhaeuser-ferienwohnungen-in-st-helier-mit-hund-jersey\/#breadcrumb\"},\"inLanguage\":\"en-US\",\"potentialAction\":[{\"@type\":\"ReadAction\",\"target\":[\"https:\/\/www.urlaubcornwall.de\/blog\/ferienhaeuser-ferienwohnungen-in-st-helier-mit-hund-jersey\/\"]}]},{\"@type\":\"BreadcrumbList\",\"@id\":\"https:\/\/www.urlaubcornwall.de\/blog\/ferienhaeuser-ferienwohnungen-in-st-helier-mit-hund-jersey\/#breadcrumb\",\"itemListElement\":[{\"@type\":\"ListItem\",\"position\":1,\"name\":\"Home\",\"item\":\"https:\/\/www.urlaubcornwall.de\/blog\/\"},{\"@type\":\"ListItem\",\"position\":2,\"name\":\"Ferienh\u00e4user &#038; Ferienwohnungen in St Helier mit Hund &#8211; Jersey\"}]}]}<\/script>\n<!-- \/ Yoast SEO plugin. -->","yoast_head_json":{"title":"Ferienh\u00e4user & Ferienwohnungen in St Helier mit Hund - Jersey - Urlaub &amp; Reisen","robots":{"index":"index","follow":"follow","max-snippet":"max-snippet:-1","max-image-preview":"max-image-preview:large","max-video-preview":"max-video-preview:-1"},"canonical":"https:\/\/www.urlaubcornwall.de\/blog\/ferienhaeuser-ferienwohnungen-in-st-helier-mit-hund-jersey\/","og_locale":"en_US","og_type":"article","og_title":"Ferienh\u00e4user & Ferienwohnungen in St Helier mit Hund - Jersey - Urlaub &amp; Reisen","og_description":"Hundefreundliche Ferienh\u00e4user &#038; Cottages in St Helier &#8211; Bei uns finden Sie Ferienh\u00e4user auf den Kanalinseln zum Verlieben &#8211; so einfach ist das! UrlaubCornwall verf\u00fcgt Ferienh\u00e4user und&nbsp;Ferienwohnungen in Jersey f\u00fcr Ihren Urlaub mit Hund auf den Kanalinseln. Ferienh\u00e4user auf den Kanalinseln zum Verlieben! Das Beste an einem Ferienhaus ist, dass Sie Ihren Hund mitbringen k\u00f6nnen. [&hellip;]","og_url":"https:\/\/www.urlaubcornwall.de\/blog\/ferienhaeuser-ferienwohnungen-in-st-helier-mit-hund-jersey\/","og_site_name":"Urlaub &amp; Reisen","article_modified_time":"2020-11-04T11:25:38+00:00","og_image":[{"url":"https:\/\/www.urlaubcornwall.de\/blog\/wp-content\/uploads\/2019\/02\/gruppenreisen-jersey-kanalinseln.jpg"}],"twitter_card":"summary","schema":{"@context":"https:\/\/schema.org","@graph":[{"@type":"WebSite","@id":"https:\/\/www.urlaubcornwall.de\/blog\/#website","url":"https:\/\/www.urlaubcornwall.de\/blog\/","name":"Urlaub &amp; Reisen","description":"Urlaub, Reisen, Cornwall und S\u00fcdengland: eine perfekte Kombination","potentialAction":[{"@type":"SearchAction","target":{"@type":"EntryPoint","urlTemplate":"https:\/\/www.urlaubcornwall.de\/blog\/?s={search_term_string}"},"query-input":"required name=search_term_string"}],"inLanguage":"en-US"},{"@type":"WebPage","@id":"https:\/\/www.urlaubcornwall.de\/blog\/ferienhaeuser-ferienwohnungen-in-st-helier-mit-hund-jersey\/","url":"https:\/\/www.urlaubcornwall.de\/blog\/ferienhaeuser-ferienwohnungen-in-st-helier-mit-hund-jersey\/","name":"Ferienh\u00e4user & Ferienwohnungen in St Helier mit Hund - Jersey - Urlaub &amp; Reisen","isPartOf":{"@id":"https:\/\/www.urlaubcornwall.de\/blog\/#website"},"datePublished":"2019-07-22T15:41:37+00:00","dateModified":"2020-11-04T11:25:38+00:00","breadcrumb":{"@id":"https:\/\/www.urlaubcornwall.de\/blog\/ferienhaeuser-ferienwohnungen-in-st-helier-mit-hund-jersey\/#breadcrumb"},"inLanguage":"en-US","potentialAction":[{"@type":"ReadAction","target":["https:\/\/www.urlaubcornwall.de\/blog\/ferienhaeuser-ferienwohnungen-in-st-helier-mit-hund-jersey\/"]}]},{"@type":"BreadcrumbList","@id":"https:\/\/www.urlaubcornwall.de\/blog\/ferienhaeuser-ferienwohnungen-in-st-helier-mit-hund-jersey\/#breadcrumb","itemListElement":[{"@type":"ListItem","position":1,"name":"Home","item":"https:\/\/www.urlaubcornwall.de\/blog\/"},{"@type":"ListItem","position":2,"name":"Ferienh\u00e4user &#038; Ferienwohnungen in St Helier mit Hund &#8211; Jersey"}]}]}},"_links":{"self":[{"href":"https:\/\/www.urlaubcornwall.de\/blog\/wp-json\/wp\/v2\/pages\/38558"}],"collection":[{"href":"https:\/\/www.urlaubcornwall.de\/blog\/wp-json\/wp\/v2\/pages"}],"about":[{"href":"https:\/\/www.urlaubcornwall.de\/blog\/wp-json\/wp\/v2\/types\/page"}],"author":[{"embeddable":true,"href":"https:\/\/www.urlaubcornwall.de\/blog\/wp-json\/wp\/v2\/users\/1"}],"replies":[{"embeddable":true,"href":"https:\/\/www.urlaubcornwall.de\/blog\/wp-json\/wp\/v2\/comments?post=38558"}],"version-history":[{"count":4,"href":"https:\/\/www.urlaubcornwall.de\/blog\/wp-json\/wp\/v2\/pages\/38558\/revisions"}],"predecessor-version":[{"id":41071,"href":"https:\/\/www.urlaubcornwall.de\/blog\/wp-json\/wp\/v2\/pages\/38558\/revisions\/41071"}],"wp:attachment":[{"href":"https:\/\/www.urlaubcornwall.de\/blog\/wp-json\/wp\/v2\/media?parent=38558"}],"curies":[{"name":"wp","href":"https:\/\/api.w.org\/{rel}","templated":true}]}}