{"id":38549,"date":"2019-07-22T12:38:41","date_gmt":"2019-07-22T12:38:41","guid":{"rendered":"https:\/\/www.urlaubcornwall.de\/blog\/?page_id=38549"},"modified":"2024-04-05T14:05:13","modified_gmt":"2024-04-05T14:05:13","slug":"ferienhaeuser-ferienwohnungen-cottages-in-irland-am-meer","status":"publish","type":"page","link":"https:\/\/www.urlaubcornwall.de\/blog\/ferienhaeuser-ferienwohnungen-cottages-in-irland-am-meer\/","title":{"rendered":"Ferienh\u00e4user, Ferienwohnungen &#038; Cottages in Irland am Meer"},"content":{"rendered":"<p><a href=\"https:\/\/www.urlaubcornwall.de\/blog\/wp-content\/uploads\/2024\/03\/cliffs-of-moher-irland.jpg\"><img loading=\"lazy\" class=\"alignnone size-full wp-image-47810\" src=\"https:\/\/www.urlaubcornwall.de\/blog\/wp-content\/uploads\/2024\/03\/cliffs-of-moher-irland.jpg\" alt=\"cliffs of moher irland\" width=\"750\" height=\"500\" srcset=\"https:\/\/www.urlaubcornwall.de\/blog\/wp-content\/uploads\/2024\/03\/cliffs-of-moher-irland.jpg 750w, https:\/\/www.urlaubcornwall.de\/blog\/wp-content\/uploads\/2024\/03\/cliffs-of-moher-irland-300x200.jpg 300w\" sizes=\"(max-width: 750px) 100vw, 750px\" \/><\/a><\/p>\n<p>Mit \u00fcber 550km atemberaubender K\u00fcstenausblicke k\u00f6nnen Sie gut und gerne Irland als die Grafschaft betrachten, die Sie dem Meer am n\u00e4chsten bringt. S\u00fcdwestirland hat einige der spektakul\u00e4rsten K\u00fcstenlandschaften und Str\u00e4nde.<\/p>\n<p>Was auch immer Ihre Leidenschaft an der K\u00fcste sein mag, ein <a href=\"https:\/\/www.booking.com\/holiday-homes\/country\/ie.en-gb.html?aid=1320750 \"rel=\"nofollow\">Selbstversorgerurlaub am Meer in Irland<\/a> bedeutet Sonnenunterg\u00e4nge \u00fcber dem Wasser, die Chance, die Elemente in voller Kraft zu erleben und die M\u00f6glichkeit, in die Sch\u00f6nheit des Meeres einzutauchen: Wellengang, Sand, Sonne und Vergn\u00fcgen!<\/p>\n<div class=\"snippet\"> <a class=\"featured-item\" href=\"https:\/\/www.booking.com\/holiday-homes\/country\/ie.en-gb.html?aid=1320750 \"rel=\"nofollow\"> <span class=\"image-holder\" style=\"background-image: url(' https:\/\/www.urlaubcornwall.de\/blog\/wp-content\/uploads\/2018\/11\/rundreise-cornwall.jpg ');\"><\/span> <span class=\"featured-content\"> \n<h2 class=\"featured-title\">Ferienh\u00e4user in Irland zum Verlieben!<\/h2>\n<p class=\"featured-body\">Irland besitzt mehr K\u00fcstenlinien als jede andere Grafschaft und bietet einige der besten Str\u00e4nde, K\u00fcstenwanderwege und Klippenlandschaften, die man \u00fcberhaupt finden kann&#8230;.<\/p><\/span> <span class=\"featured-link-holder\"> <span class=\"featured-extra-info\"> \n<p>F\u00fcr Paare, Familien &#038; Gruppen<\/p>\n<\/span> \n<p class=\"featured-link\">DETAILS<\/p>\n<\/span> <\/a><\/div>\n","protected":false},"excerpt":{"rendered":"<p>Mit \u00fcber 550km atemberaubender K\u00fcstenausblicke k\u00f6nnen Sie gut und gerne Irland als die Grafschaft betrachten, die Sie dem Meer am n\u00e4chsten bringt. S\u00fcdwestirland hat einige der spektakul\u00e4rsten K\u00fcstenlandschaften und Str\u00e4nde. Was auch immer Ihre Leidenschaft an der K\u00fcste sein mag, ein Selbstversorgerurlaub am Meer in Irland bedeutet Sonnenunterg\u00e4nge \u00fcber dem Wasser, die Chance, die Elemente [&hellip;]<\/p>\n","protected":false},"author":1,"featured_media":0,"parent":0,"menu_order":0,"comment_status":"closed","ping_status":"closed","template":"single-four.php","meta":[],"acf":[],"yoast_head":"<!-- This site is optimized with the Yoast SEO plugin v19.4 - https:\/\/yoast.com\/wordpress\/plugins\/seo\/ -->\n<title>Ferienh\u00e4user, Ferienwohnungen &amp; Cottages in Irland am Meer - Urlaub &amp; Reisen<\/title>\n<meta name=\"robots\" content=\"index, follow, max-snippet:-1, max-image-preview:large, max-video-preview:-1\" \/>\n<link rel=\"canonical\" href=\"https:\/\/www.urlaubcornwall.de\/blog\/ferienhaeuser-ferienwohnungen-cottages-in-irland-am-meer\/\" \/>\n<meta property=\"og:locale\" content=\"en_US\" \/>\n<meta property=\"og:type\" content=\"article\" \/>\n<meta property=\"og:title\" content=\"Ferienh\u00e4user, Ferienwohnungen &amp; Cottages in Irland am Meer - Urlaub &amp; Reisen\" \/>\n<meta property=\"og:description\" content=\"Mit \u00fcber 550km atemberaubender K\u00fcstenausblicke k\u00f6nnen Sie gut und gerne Irland als die Grafschaft betrachten, die Sie dem Meer am n\u00e4chsten bringt. S\u00fcdwestirland hat einige der spektakul\u00e4rsten K\u00fcstenlandschaften und Str\u00e4nde. Was auch immer Ihre Leidenschaft an der K\u00fcste sein mag, ein Selbstversorgerurlaub am Meer in Irland bedeutet Sonnenunterg\u00e4nge \u00fcber dem Wasser, die Chance, die Elemente [&hellip;]\" \/>\n<meta property=\"og:url\" content=\"https:\/\/www.urlaubcornwall.de\/blog\/ferienhaeuser-ferienwohnungen-cottages-in-irland-am-meer\/\" \/>\n<meta property=\"og:site_name\" content=\"Urlaub &amp; Reisen\" \/>\n<meta property=\"article:modified_time\" content=\"2024-04-05T14:05:13+00:00\" \/>\n<meta property=\"og:image\" content=\"https:\/\/www.urlaubcornwall.de\/blog\/wp-content\/uploads\/2024\/03\/cliffs-of-moher-irland.jpg\" \/>\n<meta name=\"twitter:card\" content=\"summary\" \/>\n<meta name=\"twitter:label1\" content=\"Est. reading time\" \/>\n\t<meta name=\"twitter:data1\" content=\"1 minute\" \/>\n<script type=\"application\/ld+json\" class=\"yoast-schema-graph\">{\"@context\":\"https:\/\/schema.org\",\"@graph\":[{\"@type\":\"WebSite\",\"@id\":\"https:\/\/www.urlaubcornwall.de\/blog\/#website\",\"url\":\"https:\/\/www.urlaubcornwall.de\/blog\/\",\"name\":\"Urlaub &amp; Reisen\",\"description\":\"Urlaub, Reisen, Cornwall und S\u00fcdengland: eine perfekte Kombination\",\"potentialAction\":[{\"@type\":\"SearchAction\",\"target\":{\"@type\":\"EntryPoint\",\"urlTemplate\":\"https:\/\/www.urlaubcornwall.de\/blog\/?s={search_term_string}\"},\"query-input\":\"required name=search_term_string\"}],\"inLanguage\":\"en-US\"},{\"@type\":\"WebPage\",\"@id\":\"https:\/\/www.urlaubcornwall.de\/blog\/ferienhaeuser-ferienwohnungen-cottages-in-irland-am-meer\/\",\"url\":\"https:\/\/www.urlaubcornwall.de\/blog\/ferienhaeuser-ferienwohnungen-cottages-in-irland-am-meer\/\",\"name\":\"Ferienh\u00e4user, Ferienwohnungen & Cottages in Irland am Meer - Urlaub &amp; Reisen\",\"isPartOf\":{\"@id\":\"https:\/\/www.urlaubcornwall.de\/blog\/#website\"},\"datePublished\":\"2019-07-22T12:38:41+00:00\",\"dateModified\":\"2024-04-05T14:05:13+00:00\",\"breadcrumb\":{\"@id\":\"https:\/\/www.urlaubcornwall.de\/blog\/ferienhaeuser-ferienwohnungen-cottages-in-irland-am-meer\/#breadcrumb\"},\"inLanguage\":\"en-US\",\"potentialAction\":[{\"@type\":\"ReadAction\",\"target\":[\"https:\/\/www.urlaubcornwall.de\/blog\/ferienhaeuser-ferienwohnungen-cottages-in-irland-am-meer\/\"]}]},{\"@type\":\"BreadcrumbList\",\"@id\":\"https:\/\/www.urlaubcornwall.de\/blog\/ferienhaeuser-ferienwohnungen-cottages-in-irland-am-meer\/#breadcrumb\",\"itemListElement\":[{\"@type\":\"ListItem\",\"position\":1,\"name\":\"Home\",\"item\":\"https:\/\/www.urlaubcornwall.de\/blog\/\"},{\"@type\":\"ListItem\",\"position\":2,\"name\":\"Ferienh\u00e4user, Ferienwohnungen &#038; Cottages in Irland am Meer\"}]}]}<\/script>\n<!-- \/ Yoast SEO plugin. -->","yoast_head_json":{"title":"Ferienh\u00e4user, Ferienwohnungen & Cottages in Irland am Meer - Urlaub &amp; Reisen","robots":{"index":"index","follow":"follow","max-snippet":"max-snippet:-1","max-image-preview":"max-image-preview:large","max-video-preview":"max-video-preview:-1"},"canonical":"https:\/\/www.urlaubcornwall.de\/blog\/ferienhaeuser-ferienwohnungen-cottages-in-irland-am-meer\/","og_locale":"en_US","og_type":"article","og_title":"Ferienh\u00e4user, Ferienwohnungen & Cottages in Irland am Meer - Urlaub &amp; Reisen","og_description":"Mit \u00fcber 550km atemberaubender K\u00fcstenausblicke k\u00f6nnen Sie gut und gerne Irland als die Grafschaft betrachten, die Sie dem Meer am n\u00e4chsten bringt. S\u00fcdwestirland hat einige der spektakul\u00e4rsten K\u00fcstenlandschaften und Str\u00e4nde. Was auch immer Ihre Leidenschaft an der K\u00fcste sein mag, ein Selbstversorgerurlaub am Meer in Irland bedeutet Sonnenunterg\u00e4nge \u00fcber dem Wasser, die Chance, die Elemente [&hellip;]","og_url":"https:\/\/www.urlaubcornwall.de\/blog\/ferienhaeuser-ferienwohnungen-cottages-in-irland-am-meer\/","og_site_name":"Urlaub &amp; Reisen","article_modified_time":"2024-04-05T14:05:13+00:00","og_image":[{"url":"https:\/\/www.urlaubcornwall.de\/blog\/wp-content\/uploads\/2024\/03\/cliffs-of-moher-irland.jpg"}],"twitter_card":"summary","twitter_misc":{"Est. reading time":"1 minute"},"schema":{"@context":"https:\/\/schema.org","@graph":[{"@type":"WebSite","@id":"https:\/\/www.urlaubcornwall.de\/blog\/#website","url":"https:\/\/www.urlaubcornwall.de\/blog\/","name":"Urlaub &amp; Reisen","description":"Urlaub, Reisen, Cornwall und S\u00fcdengland: eine perfekte Kombination","potentialAction":[{"@type":"SearchAction","target":{"@type":"EntryPoint","urlTemplate":"https:\/\/www.urlaubcornwall.de\/blog\/?s={search_term_string}"},"query-input":"required name=search_term_string"}],"inLanguage":"en-US"},{"@type":"WebPage","@id":"https:\/\/www.urlaubcornwall.de\/blog\/ferienhaeuser-ferienwohnungen-cottages-in-irland-am-meer\/","url":"https:\/\/www.urlaubcornwall.de\/blog\/ferienhaeuser-ferienwohnungen-cottages-in-irland-am-meer\/","name":"Ferienh\u00e4user, Ferienwohnungen & Cottages in Irland am Meer - Urlaub &amp; Reisen","isPartOf":{"@id":"https:\/\/www.urlaubcornwall.de\/blog\/#website"},"datePublished":"2019-07-22T12:38:41+00:00","dateModified":"2024-04-05T14:05:13+00:00","breadcrumb":{"@id":"https:\/\/www.urlaubcornwall.de\/blog\/ferienhaeuser-ferienwohnungen-cottages-in-irland-am-meer\/#breadcrumb"},"inLanguage":"en-US","potentialAction":[{"@type":"ReadAction","target":["https:\/\/www.urlaubcornwall.de\/blog\/ferienhaeuser-ferienwohnungen-cottages-in-irland-am-meer\/"]}]},{"@type":"BreadcrumbList","@id":"https:\/\/www.urlaubcornwall.de\/blog\/ferienhaeuser-ferienwohnungen-cottages-in-irland-am-meer\/#breadcrumb","itemListElement":[{"@type":"ListItem","position":1,"name":"Home","item":"https:\/\/www.urlaubcornwall.de\/blog\/"},{"@type":"ListItem","position":2,"name":"Ferienh\u00e4user, Ferienwohnungen &#038; Cottages in Irland am Meer"}]}]}},"_links":{"self":[{"href":"https:\/\/www.urlaubcornwall.de\/blog\/wp-json\/wp\/v2\/pages\/38549"}],"collection":[{"href":"https:\/\/www.urlaubcornwall.de\/blog\/wp-json\/wp\/v2\/pages"}],"about":[{"href":"https:\/\/www.urlaubcornwall.de\/blog\/wp-json\/wp\/v2\/types\/page"}],"author":[{"embeddable":true,"href":"https:\/\/www.urlaubcornwall.de\/blog\/wp-json\/wp\/v2\/users\/1"}],"replies":[{"embeddable":true,"href":"https:\/\/www.urlaubcornwall.de\/blog\/wp-json\/wp\/v2\/comments?post=38549"}],"version-history":[{"count":5,"href":"https:\/\/www.urlaubcornwall.de\/blog\/wp-json\/wp\/v2\/pages\/38549\/revisions"}],"predecessor-version":[{"id":49000,"href":"https:\/\/www.urlaubcornwall.de\/blog\/wp-json\/wp\/v2\/pages\/38549\/revisions\/49000"}],"wp:attachment":[{"href":"https:\/\/www.urlaubcornwall.de\/blog\/wp-json\/wp\/v2\/media?parent=38549"}],"curies":[{"name":"wp","href":"https:\/\/api.w.org\/{rel}","templated":true}]}}