{"id":38547,"date":"2019-07-22T12:27:48","date_gmt":"2019-07-22T12:27:48","guid":{"rendered":"https:\/\/www.urlaubcornwall.de\/blog\/?page_id=38547"},"modified":"2024-04-09T09:30:04","modified_gmt":"2024-04-09T09:30:04","slug":"kinderfreundliche-ferienhaeuser-cottages-in-suedwestirland-urlaub-in-irland","status":"publish","type":"page","link":"https:\/\/www.urlaubcornwall.de\/blog\/kinderfreundliche-ferienhaeuser-cottages-in-suedwestirland-urlaub-in-irland\/","title":{"rendered":"Kinderfreundliche Ferienh\u00e4user &#038; Ferienwohnungen in S\u00fcdwest-Irland &#8211; Urlaub in Irland"},"content":{"rendered":"<p><a href=\"https:\/\/www.urlaubcornwall.de\/blog\/wp-content\/uploads\/2024\/03\/dingle-bay-irland.jpg\"><img loading=\"lazy\" class=\"aligncenter size-full wp-image-47813\" src=\"https:\/\/www.urlaubcornwall.de\/blog\/wp-content\/uploads\/2024\/03\/dingle-bay-irland.jpg\" alt=\"dingle bay irland\" width=\"750\" height=\"500\" srcset=\"https:\/\/www.urlaubcornwall.de\/blog\/wp-content\/uploads\/2024\/03\/dingle-bay-irland.jpg 750w, https:\/\/www.urlaubcornwall.de\/blog\/wp-content\/uploads\/2024\/03\/dingle-bay-irland-300x200.jpg 300w\" sizes=\"(max-width: 750px) 100vw, 750px\" \/><\/a><\/p>\n<p>Wir bieten <a href=\"https:\/\/www.booking.com\/holiday-homes\/country\/ie.en-gb.html?aid=1320750 \" rel=\"nofollow\">Ferienh\u00e4user in S\u00fcdwest-Irland<\/a> an, die Kinder willkommen hei\u00dfen. Ob Sie zum ersten Mal mit Ihrem Neugeborenen in den Urlaub fahren oder mit Ihrer ganzen Familie verreisen, es ist einfach gro\u00dfartig, seinen eigenen Wohnbereich zu haben und machen zu k\u00f6nnen, was und wann Sie wollen.<\/p>\n<div class=\"snippet\"> <a class=\"featured-item\" href=\"https:\/\/www.booking.com\/holiday-homes\/country\/ie.en-gb.html?aid=1320750 \"rel=\"nofollow\"> <span class=\"image-holder\" style=\"background-image: url(' https:\/\/www.urlaubcornwall.de\/blog\/wp-content\/uploads\/2018\/11\/rundreise-cornwall.jpg ');\"><\/span> <span class=\"featured-content\"> \n<h2 class=\"featured-title\">Ferienh\u00e4user in Irland zum Verlieben!<\/h2>\n<p class=\"featured-body\">Irland besitzt mehr K\u00fcstenlinien als jede andere Grafschaft und bietet einige der besten Str\u00e4nde, K\u00fcstenwanderwege und Klippenlandschaften, die man \u00fcberhaupt finden kann&#8230;..<\/p><\/span> <span class=\"featured-link-holder\"> <span class=\"featured-extra-info\"> \n<p>Familienfreundlich Ferienh\u00e4user &#038; Ferienwohnungen<\/p>\n<\/span> \n<p class=\"featured-link\">DETAILS<\/p>\n<\/span> <\/a><\/div>\n","protected":false},"excerpt":{"rendered":"<p>Wir bieten Ferienh\u00e4user in S\u00fcdwest-Irland an, die Kinder willkommen hei\u00dfen. Ob Sie zum ersten Mal mit Ihrem Neugeborenen in den Urlaub fahren oder mit Ihrer ganzen Familie verreisen, es ist einfach gro\u00dfartig, seinen eigenen Wohnbereich zu haben und machen zu k\u00f6nnen, was und wann Sie wollen. Ferienh\u00e4user in Irland zum Verlieben! Irland besitzt mehr K\u00fcstenlinien [&hellip;]<\/p>\n","protected":false},"author":1,"featured_media":0,"parent":0,"menu_order":0,"comment_status":"closed","ping_status":"closed","template":"single-four.php","meta":[],"acf":[],"yoast_head":"<!-- This site is optimized with the Yoast SEO plugin v19.4 - https:\/\/yoast.com\/wordpress\/plugins\/seo\/ -->\n<title>Kinderfreundliche Ferienh\u00e4user &amp; Ferienwohnungen in S\u00fcdwest-Irland - Urlaub in Irland - Urlaub &amp; Reisen<\/title>\n<meta name=\"robots\" content=\"index, follow, max-snippet:-1, max-image-preview:large, max-video-preview:-1\" \/>\n<link rel=\"canonical\" href=\"https:\/\/www.urlaubcornwall.de\/blog\/kinderfreundliche-ferienhaeuser-cottages-in-suedwestirland-urlaub-in-irland\/\" \/>\n<meta property=\"og:locale\" content=\"en_US\" \/>\n<meta property=\"og:type\" content=\"article\" \/>\n<meta property=\"og:title\" content=\"Kinderfreundliche Ferienh\u00e4user &amp; Ferienwohnungen in S\u00fcdwest-Irland - Urlaub in Irland - Urlaub &amp; Reisen\" \/>\n<meta property=\"og:description\" content=\"Wir bieten Ferienh\u00e4user in S\u00fcdwest-Irland an, die Kinder willkommen hei\u00dfen. Ob Sie zum ersten Mal mit Ihrem Neugeborenen in den Urlaub fahren oder mit Ihrer ganzen Familie verreisen, es ist einfach gro\u00dfartig, seinen eigenen Wohnbereich zu haben und machen zu k\u00f6nnen, was und wann Sie wollen. Ferienh\u00e4user in Irland zum Verlieben! Irland besitzt mehr K\u00fcstenlinien [&hellip;]\" \/>\n<meta property=\"og:url\" content=\"https:\/\/www.urlaubcornwall.de\/blog\/kinderfreundliche-ferienhaeuser-cottages-in-suedwestirland-urlaub-in-irland\/\" \/>\n<meta property=\"og:site_name\" content=\"Urlaub &amp; Reisen\" \/>\n<meta property=\"article:modified_time\" content=\"2024-04-09T09:30:04+00:00\" \/>\n<meta property=\"og:image\" content=\"https:\/\/www.urlaubcornwall.de\/blog\/wp-content\/uploads\/2024\/03\/dingle-bay-irland.jpg\" \/>\n<meta name=\"twitter:card\" content=\"summary\" \/>\n<meta name=\"twitter:label1\" content=\"Est. reading time\" \/>\n\t<meta name=\"twitter:data1\" content=\"1 minute\" \/>\n<script type=\"application\/ld+json\" class=\"yoast-schema-graph\">{\"@context\":\"https:\/\/schema.org\",\"@graph\":[{\"@type\":\"WebSite\",\"@id\":\"https:\/\/www.urlaubcornwall.de\/blog\/#website\",\"url\":\"https:\/\/www.urlaubcornwall.de\/blog\/\",\"name\":\"Urlaub &amp; Reisen\",\"description\":\"Urlaub, Reisen, Cornwall und S\u00fcdengland: eine perfekte Kombination\",\"potentialAction\":[{\"@type\":\"SearchAction\",\"target\":{\"@type\":\"EntryPoint\",\"urlTemplate\":\"https:\/\/www.urlaubcornwall.de\/blog\/?s={search_term_string}\"},\"query-input\":\"required name=search_term_string\"}],\"inLanguage\":\"en-US\"},{\"@type\":\"WebPage\",\"@id\":\"https:\/\/www.urlaubcornwall.de\/blog\/kinderfreundliche-ferienhaeuser-cottages-in-suedwestirland-urlaub-in-irland\/\",\"url\":\"https:\/\/www.urlaubcornwall.de\/blog\/kinderfreundliche-ferienhaeuser-cottages-in-suedwestirland-urlaub-in-irland\/\",\"name\":\"Kinderfreundliche Ferienh\u00e4user & Ferienwohnungen in S\u00fcdwest-Irland - Urlaub in Irland - Urlaub &amp; Reisen\",\"isPartOf\":{\"@id\":\"https:\/\/www.urlaubcornwall.de\/blog\/#website\"},\"datePublished\":\"2019-07-22T12:27:48+00:00\",\"dateModified\":\"2024-04-09T09:30:04+00:00\",\"breadcrumb\":{\"@id\":\"https:\/\/www.urlaubcornwall.de\/blog\/kinderfreundliche-ferienhaeuser-cottages-in-suedwestirland-urlaub-in-irland\/#breadcrumb\"},\"inLanguage\":\"en-US\",\"potentialAction\":[{\"@type\":\"ReadAction\",\"target\":[\"https:\/\/www.urlaubcornwall.de\/blog\/kinderfreundliche-ferienhaeuser-cottages-in-suedwestirland-urlaub-in-irland\/\"]}]},{\"@type\":\"BreadcrumbList\",\"@id\":\"https:\/\/www.urlaubcornwall.de\/blog\/kinderfreundliche-ferienhaeuser-cottages-in-suedwestirland-urlaub-in-irland\/#breadcrumb\",\"itemListElement\":[{\"@type\":\"ListItem\",\"position\":1,\"name\":\"Home\",\"item\":\"https:\/\/www.urlaubcornwall.de\/blog\/\"},{\"@type\":\"ListItem\",\"position\":2,\"name\":\"Kinderfreundliche Ferienh\u00e4user &#038; Ferienwohnungen in S\u00fcdwest-Irland &#8211; Urlaub in Irland\"}]}]}<\/script>\n<!-- \/ Yoast SEO plugin. -->","yoast_head_json":{"title":"Kinderfreundliche Ferienh\u00e4user & Ferienwohnungen in S\u00fcdwest-Irland - Urlaub in Irland - Urlaub &amp; Reisen","robots":{"index":"index","follow":"follow","max-snippet":"max-snippet:-1","max-image-preview":"max-image-preview:large","max-video-preview":"max-video-preview:-1"},"canonical":"https:\/\/www.urlaubcornwall.de\/blog\/kinderfreundliche-ferienhaeuser-cottages-in-suedwestirland-urlaub-in-irland\/","og_locale":"en_US","og_type":"article","og_title":"Kinderfreundliche Ferienh\u00e4user & Ferienwohnungen in S\u00fcdwest-Irland - Urlaub in Irland - Urlaub &amp; Reisen","og_description":"Wir bieten Ferienh\u00e4user in S\u00fcdwest-Irland an, die Kinder willkommen hei\u00dfen. Ob Sie zum ersten Mal mit Ihrem Neugeborenen in den Urlaub fahren oder mit Ihrer ganzen Familie verreisen, es ist einfach gro\u00dfartig, seinen eigenen Wohnbereich zu haben und machen zu k\u00f6nnen, was und wann Sie wollen. Ferienh\u00e4user in Irland zum Verlieben! Irland besitzt mehr K\u00fcstenlinien [&hellip;]","og_url":"https:\/\/www.urlaubcornwall.de\/blog\/kinderfreundliche-ferienhaeuser-cottages-in-suedwestirland-urlaub-in-irland\/","og_site_name":"Urlaub &amp; Reisen","article_modified_time":"2024-04-09T09:30:04+00:00","og_image":[{"url":"https:\/\/www.urlaubcornwall.de\/blog\/wp-content\/uploads\/2024\/03\/dingle-bay-irland.jpg"}],"twitter_card":"summary","twitter_misc":{"Est. reading time":"1 minute"},"schema":{"@context":"https:\/\/schema.org","@graph":[{"@type":"WebSite","@id":"https:\/\/www.urlaubcornwall.de\/blog\/#website","url":"https:\/\/www.urlaubcornwall.de\/blog\/","name":"Urlaub &amp; Reisen","description":"Urlaub, Reisen, Cornwall und S\u00fcdengland: eine perfekte Kombination","potentialAction":[{"@type":"SearchAction","target":{"@type":"EntryPoint","urlTemplate":"https:\/\/www.urlaubcornwall.de\/blog\/?s={search_term_string}"},"query-input":"required name=search_term_string"}],"inLanguage":"en-US"},{"@type":"WebPage","@id":"https:\/\/www.urlaubcornwall.de\/blog\/kinderfreundliche-ferienhaeuser-cottages-in-suedwestirland-urlaub-in-irland\/","url":"https:\/\/www.urlaubcornwall.de\/blog\/kinderfreundliche-ferienhaeuser-cottages-in-suedwestirland-urlaub-in-irland\/","name":"Kinderfreundliche Ferienh\u00e4user & Ferienwohnungen in S\u00fcdwest-Irland - Urlaub in Irland - Urlaub &amp; Reisen","isPartOf":{"@id":"https:\/\/www.urlaubcornwall.de\/blog\/#website"},"datePublished":"2019-07-22T12:27:48+00:00","dateModified":"2024-04-09T09:30:04+00:00","breadcrumb":{"@id":"https:\/\/www.urlaubcornwall.de\/blog\/kinderfreundliche-ferienhaeuser-cottages-in-suedwestirland-urlaub-in-irland\/#breadcrumb"},"inLanguage":"en-US","potentialAction":[{"@type":"ReadAction","target":["https:\/\/www.urlaubcornwall.de\/blog\/kinderfreundliche-ferienhaeuser-cottages-in-suedwestirland-urlaub-in-irland\/"]}]},{"@type":"BreadcrumbList","@id":"https:\/\/www.urlaubcornwall.de\/blog\/kinderfreundliche-ferienhaeuser-cottages-in-suedwestirland-urlaub-in-irland\/#breadcrumb","itemListElement":[{"@type":"ListItem","position":1,"name":"Home","item":"https:\/\/www.urlaubcornwall.de\/blog\/"},{"@type":"ListItem","position":2,"name":"Kinderfreundliche Ferienh\u00e4user &#038; Ferienwohnungen in S\u00fcdwest-Irland &#8211; Urlaub in Irland"}]}]}},"_links":{"self":[{"href":"https:\/\/www.urlaubcornwall.de\/blog\/wp-json\/wp\/v2\/pages\/38547"}],"collection":[{"href":"https:\/\/www.urlaubcornwall.de\/blog\/wp-json\/wp\/v2\/pages"}],"about":[{"href":"https:\/\/www.urlaubcornwall.de\/blog\/wp-json\/wp\/v2\/types\/page"}],"author":[{"embeddable":true,"href":"https:\/\/www.urlaubcornwall.de\/blog\/wp-json\/wp\/v2\/users\/1"}],"replies":[{"embeddable":true,"href":"https:\/\/www.urlaubcornwall.de\/blog\/wp-json\/wp\/v2\/comments?post=38547"}],"version-history":[{"count":6,"href":"https:\/\/www.urlaubcornwall.de\/blog\/wp-json\/wp\/v2\/pages\/38547\/revisions"}],"predecessor-version":[{"id":49102,"href":"https:\/\/www.urlaubcornwall.de\/blog\/wp-json\/wp\/v2\/pages\/38547\/revisions\/49102"}],"wp:attachment":[{"href":"https:\/\/www.urlaubcornwall.de\/blog\/wp-json\/wp\/v2\/media?parent=38547"}],"curies":[{"name":"wp","href":"https:\/\/api.w.org\/{rel}","templated":true}]}}