{"id":38541,"date":"2019-07-22T11:12:11","date_gmt":"2019-07-22T11:12:11","guid":{"rendered":"https:\/\/www.urlaubcornwall.de\/blog\/?page_id=38541"},"modified":"2022-11-23T13:35:09","modified_gmt":"2022-11-23T13:35:09","slug":"ferienhaeuser-in-irland-mit-hund","status":"publish","type":"page","link":"https:\/\/www.urlaubcornwall.de\/blog\/ferienhaeuser-in-irland-mit-hund\/","title":{"rendered":"Ferienh\u00e4user in Irland mit Hund"},"content":{"rendered":"<p><a href=\"https:\/\/www.urlaubcornwall.de\/blog\/wp-content\/uploads\/2016\/05\/rundreise-irland.jpg\"><img loading=\"lazy\" src=\"https:\/\/www.urlaubcornwall.de\/blog\/wp-content\/uploads\/2016\/05\/rundreise-irland.jpg\" alt=\"Hundefreundliche Ferienh\u00e4user irland\" width=\"749\" height=\"399\" class=\"alignnone size-full wp-image-24301\" \/><\/a><\/p>\n<p>Bei uns finden Sie Ferienh\u00e4user zum Verlieben \u2013 so einfach ist das! W\u00e4hlen Sie aus \u00fcber 100 Hundefreundliche Ferienh\u00e4usern, Cottages &#038; Ferienwohnungen in Irland.<\/p>\n<p>Hundefreundliche Ferienh\u00e4user &#038; Cottages in Irland f\u00fcr Ihren Urlaub. Das Beste an einem Ferienhaus ist, dass Sie Ihren Hund mitbringen k\u00f6nnen. Zwar sind Hunde nicht in jedem unserer Ferienh\u00e4user erlaubt, aber wir versuchen, diejenigen Hauseigent\u00fcmer, deren Ferienhaus in guten Wandergegenden liegt, zu ermuntern, Hunde zu akzeptieren. Durchsuchen Sie unsere ganze <a href=\"https:\/\/www.booking.com\/holiday-homes\/country\/ie.en-gb.html?aid=1320750 \"rel=\"nofollow\"\">Auswahl an hundefreundlichen Ferienh\u00e4usern in Irland<\/a>.<\/p>\n<div class=\"snippet\"> <a class=\"featured-item\" href=\"https:\/\/www.booking.com\/holiday-homes\/country\/ie.en-gb.html?aid=1320750 \"rel=\"nofollow\"> <span class=\"image-holder\" style=\"background-image: url(' https:\/\/www.urlaubcornwall.de\/blog\/wp-content\/uploads\/2018\/11\/rundreise-cornwall.jpg ');\"><\/span> <span class=\"featured-content\"> \n<h2 class=\"featured-title\">Ferienh\u00e4user in Irland zum Verlieben!<\/h2>\n<p class=\"featured-body\">Irland besitzt mehr K\u00fcstenlinien als jede andere Grafschaft und bietet einige der besten Str\u00e4nde, K\u00fcstenwanderwege und Klippenlandschaften, die man \u00fcberhaupt finden kann&#8230;.<\/p><\/span> <span class=\"featured-link-holder\"> <span class=\"featured-extra-info\"> \n<p>F\u00fcr Paare, Familien &#038; Gruppen<\/p>\n<\/span> \n<p class=\"featured-link\">DETAILS<\/p>\n<\/span> <\/a><\/div>\n","protected":false},"excerpt":{"rendered":"<p>Bei uns finden Sie Ferienh\u00e4user zum Verlieben \u2013 so einfach ist das! W\u00e4hlen Sie aus \u00fcber 100 Hundefreundliche Ferienh\u00e4usern, Cottages &#038; Ferienwohnungen in Irland. Hundefreundliche Ferienh\u00e4user &#038; Cottages in Irland f\u00fcr Ihren Urlaub. Das Beste an einem Ferienhaus ist, dass Sie Ihren Hund mitbringen k\u00f6nnen. Zwar sind Hunde nicht in jedem unserer Ferienh\u00e4user erlaubt, aber [&hellip;]<\/p>\n","protected":false},"author":1,"featured_media":0,"parent":0,"menu_order":0,"comment_status":"closed","ping_status":"closed","template":"single-four.php","meta":[],"acf":[],"yoast_head":"<!-- This site is optimized with the Yoast SEO plugin v19.4 - https:\/\/yoast.com\/wordpress\/plugins\/seo\/ -->\n<title>Ferienh\u00e4user in Irland mit Hund - Urlaub &amp; Reisen<\/title>\n<meta name=\"robots\" content=\"index, follow, max-snippet:-1, max-image-preview:large, max-video-preview:-1\" \/>\n<link rel=\"canonical\" href=\"https:\/\/www.urlaubcornwall.de\/blog\/ferienhaeuser-in-irland-mit-hund\/\" \/>\n<meta property=\"og:locale\" content=\"en_US\" \/>\n<meta property=\"og:type\" content=\"article\" \/>\n<meta property=\"og:title\" content=\"Ferienh\u00e4user in Irland mit Hund - Urlaub &amp; Reisen\" \/>\n<meta property=\"og:description\" content=\"Bei uns finden Sie Ferienh\u00e4user zum Verlieben \u2013 so einfach ist das! W\u00e4hlen Sie aus \u00fcber 100 Hundefreundliche Ferienh\u00e4usern, Cottages &#038; Ferienwohnungen in Irland. Hundefreundliche Ferienh\u00e4user &#038; Cottages in Irland f\u00fcr Ihren Urlaub. Das Beste an einem Ferienhaus ist, dass Sie Ihren Hund mitbringen k\u00f6nnen. Zwar sind Hunde nicht in jedem unserer Ferienh\u00e4user erlaubt, aber [&hellip;]\" \/>\n<meta property=\"og:url\" content=\"https:\/\/www.urlaubcornwall.de\/blog\/ferienhaeuser-in-irland-mit-hund\/\" \/>\n<meta property=\"og:site_name\" content=\"Urlaub &amp; Reisen\" \/>\n<meta property=\"article:modified_time\" content=\"2022-11-23T13:35:09+00:00\" \/>\n<meta property=\"og:image\" content=\"https:\/\/www.urlaubcornwall.de\/blog\/wp-content\/uploads\/2016\/05\/rundreise-irland.jpg\" \/>\n<meta name=\"twitter:card\" content=\"summary\" \/>\n<meta name=\"twitter:label1\" content=\"Est. reading time\" \/>\n\t<meta name=\"twitter:data1\" content=\"1 minute\" \/>\n<script type=\"application\/ld+json\" class=\"yoast-schema-graph\">{\"@context\":\"https:\/\/schema.org\",\"@graph\":[{\"@type\":\"WebSite\",\"@id\":\"https:\/\/www.urlaubcornwall.de\/blog\/#website\",\"url\":\"https:\/\/www.urlaubcornwall.de\/blog\/\",\"name\":\"Urlaub &amp; Reisen\",\"description\":\"Urlaub, Reisen, Cornwall und S\u00fcdengland: eine perfekte Kombination\",\"potentialAction\":[{\"@type\":\"SearchAction\",\"target\":{\"@type\":\"EntryPoint\",\"urlTemplate\":\"https:\/\/www.urlaubcornwall.de\/blog\/?s={search_term_string}\"},\"query-input\":\"required name=search_term_string\"}],\"inLanguage\":\"en-US\"},{\"@type\":\"WebPage\",\"@id\":\"https:\/\/www.urlaubcornwall.de\/blog\/ferienhaeuser-in-irland-mit-hund\/\",\"url\":\"https:\/\/www.urlaubcornwall.de\/blog\/ferienhaeuser-in-irland-mit-hund\/\",\"name\":\"Ferienh\u00e4user in Irland mit Hund - Urlaub &amp; Reisen\",\"isPartOf\":{\"@id\":\"https:\/\/www.urlaubcornwall.de\/blog\/#website\"},\"datePublished\":\"2019-07-22T11:12:11+00:00\",\"dateModified\":\"2022-11-23T13:35:09+00:00\",\"breadcrumb\":{\"@id\":\"https:\/\/www.urlaubcornwall.de\/blog\/ferienhaeuser-in-irland-mit-hund\/#breadcrumb\"},\"inLanguage\":\"en-US\",\"potentialAction\":[{\"@type\":\"ReadAction\",\"target\":[\"https:\/\/www.urlaubcornwall.de\/blog\/ferienhaeuser-in-irland-mit-hund\/\"]}]},{\"@type\":\"BreadcrumbList\",\"@id\":\"https:\/\/www.urlaubcornwall.de\/blog\/ferienhaeuser-in-irland-mit-hund\/#breadcrumb\",\"itemListElement\":[{\"@type\":\"ListItem\",\"position\":1,\"name\":\"Home\",\"item\":\"https:\/\/www.urlaubcornwall.de\/blog\/\"},{\"@type\":\"ListItem\",\"position\":2,\"name\":\"Ferienh\u00e4user in Irland mit Hund\"}]}]}<\/script>\n<!-- \/ Yoast SEO plugin. -->","yoast_head_json":{"title":"Ferienh\u00e4user in Irland mit Hund - Urlaub &amp; Reisen","robots":{"index":"index","follow":"follow","max-snippet":"max-snippet:-1","max-image-preview":"max-image-preview:large","max-video-preview":"max-video-preview:-1"},"canonical":"https:\/\/www.urlaubcornwall.de\/blog\/ferienhaeuser-in-irland-mit-hund\/","og_locale":"en_US","og_type":"article","og_title":"Ferienh\u00e4user in Irland mit Hund - Urlaub &amp; Reisen","og_description":"Bei uns finden Sie Ferienh\u00e4user zum Verlieben \u2013 so einfach ist das! W\u00e4hlen Sie aus \u00fcber 100 Hundefreundliche Ferienh\u00e4usern, Cottages &#038; Ferienwohnungen in Irland. Hundefreundliche Ferienh\u00e4user &#038; Cottages in Irland f\u00fcr Ihren Urlaub. Das Beste an einem Ferienhaus ist, dass Sie Ihren Hund mitbringen k\u00f6nnen. Zwar sind Hunde nicht in jedem unserer Ferienh\u00e4user erlaubt, aber [&hellip;]","og_url":"https:\/\/www.urlaubcornwall.de\/blog\/ferienhaeuser-in-irland-mit-hund\/","og_site_name":"Urlaub &amp; Reisen","article_modified_time":"2022-11-23T13:35:09+00:00","og_image":[{"url":"https:\/\/www.urlaubcornwall.de\/blog\/wp-content\/uploads\/2016\/05\/rundreise-irland.jpg"}],"twitter_card":"summary","twitter_misc":{"Est. reading time":"1 minute"},"schema":{"@context":"https:\/\/schema.org","@graph":[{"@type":"WebSite","@id":"https:\/\/www.urlaubcornwall.de\/blog\/#website","url":"https:\/\/www.urlaubcornwall.de\/blog\/","name":"Urlaub &amp; Reisen","description":"Urlaub, Reisen, Cornwall und S\u00fcdengland: eine perfekte Kombination","potentialAction":[{"@type":"SearchAction","target":{"@type":"EntryPoint","urlTemplate":"https:\/\/www.urlaubcornwall.de\/blog\/?s={search_term_string}"},"query-input":"required name=search_term_string"}],"inLanguage":"en-US"},{"@type":"WebPage","@id":"https:\/\/www.urlaubcornwall.de\/blog\/ferienhaeuser-in-irland-mit-hund\/","url":"https:\/\/www.urlaubcornwall.de\/blog\/ferienhaeuser-in-irland-mit-hund\/","name":"Ferienh\u00e4user in Irland mit Hund - Urlaub &amp; Reisen","isPartOf":{"@id":"https:\/\/www.urlaubcornwall.de\/blog\/#website"},"datePublished":"2019-07-22T11:12:11+00:00","dateModified":"2022-11-23T13:35:09+00:00","breadcrumb":{"@id":"https:\/\/www.urlaubcornwall.de\/blog\/ferienhaeuser-in-irland-mit-hund\/#breadcrumb"},"inLanguage":"en-US","potentialAction":[{"@type":"ReadAction","target":["https:\/\/www.urlaubcornwall.de\/blog\/ferienhaeuser-in-irland-mit-hund\/"]}]},{"@type":"BreadcrumbList","@id":"https:\/\/www.urlaubcornwall.de\/blog\/ferienhaeuser-in-irland-mit-hund\/#breadcrumb","itemListElement":[{"@type":"ListItem","position":1,"name":"Home","item":"https:\/\/www.urlaubcornwall.de\/blog\/"},{"@type":"ListItem","position":2,"name":"Ferienh\u00e4user in Irland mit Hund"}]}]}},"_links":{"self":[{"href":"https:\/\/www.urlaubcornwall.de\/blog\/wp-json\/wp\/v2\/pages\/38541"}],"collection":[{"href":"https:\/\/www.urlaubcornwall.de\/blog\/wp-json\/wp\/v2\/pages"}],"about":[{"href":"https:\/\/www.urlaubcornwall.de\/blog\/wp-json\/wp\/v2\/types\/page"}],"author":[{"embeddable":true,"href":"https:\/\/www.urlaubcornwall.de\/blog\/wp-json\/wp\/v2\/users\/1"}],"replies":[{"embeddable":true,"href":"https:\/\/www.urlaubcornwall.de\/blog\/wp-json\/wp\/v2\/comments?post=38541"}],"version-history":[{"count":5,"href":"https:\/\/www.urlaubcornwall.de\/blog\/wp-json\/wp\/v2\/pages\/38541\/revisions"}],"predecessor-version":[{"id":45401,"href":"https:\/\/www.urlaubcornwall.de\/blog\/wp-json\/wp\/v2\/pages\/38541\/revisions\/45401"}],"wp:attachment":[{"href":"https:\/\/www.urlaubcornwall.de\/blog\/wp-json\/wp\/v2\/media?parent=38541"}],"curies":[{"name":"wp","href":"https:\/\/api.w.org\/{rel}","templated":true}]}}